{"id":6502,"date":"2018-11-18T08:54:25","date_gmt":"2018-11-18T08:54:25","guid":{"rendered":"https:\/\/redfoxlotto.com\/?page_id=6502"},"modified":"2019-11-28T14:08:46","modified_gmt":"2019-11-28T14:08:46","slug":"el-gordo-primitiva","status":"publish","type":"page","link":"https:\/\/redfoxlotto.com\/pl\/wyniki\/el-gordo-primitiva\/","title":{"rendered":"Wyniki El Gordo"},"content":{"rendered":"<p>Sprawd\u017a najnowsze wyniki losowania El Gordo tutaj na naszej stronie internetowej. Je\u015bli masz ju\u017c bilet, przejd\u017a do sekcji &#8222;Moje bilety&#8221; na swoim koncie i sprawd\u017a, czy Tw\u00f3j bilet wygra\u0142 od razu.<\/p><p><img decoding=\"async\" class=\"size-full wp-image alignright\" src=\"https:\/\/content.redfoxlotto.com\/uploads\/sites\/9\/1_results_draw_numbers.jpg\" alt=\"wyniki lotto\"><\/p><h2 class=\"wp-block-heading\">Wyniki dla El Gordo Navidad<\/h2><p>Kiedy grasz w hiszpa\u0144skie El Gordo, \u015bwi\u0105teczn\u0105 loteri\u0119, przygotuj si\u0119 na bardzo szczeg\u00f3lny rodzaj losowania. W trzygodzinnej ceremonii, kt\u00f3ra odbywa si\u0119 22 grudnia ka\u017cdego roku, losowane s\u0105 zwyci\u0119skie liczby. Ca\u0142a procedura jest transmitowana na \u017cywo w telewizji. B\u0119ben b\u0119dzie mia\u0142 dwa ogromne z\u0142ote b\u0119bny, z kt\u00f3rych jeden zawiera wszystkie liczby od 00000 do 99999, a drugi zawiera kulki z typem wygranej na nich.<\/p><p>Wynik nie jest kombinacj\u0105 liczb, ale ka\u017cdy bilet ma jeden pi\u0119ciocyfrowy numer. Za cen\u0119 200\u20ac za bilet, wi\u0119kszo\u015b\u0107 uczestnik\u00f3w kupuje &#8222;decimo&#8221;, kt\u00f3re jest dziesi\u0105t\u0105 cz\u0119\u015bci\u0105 biletu. W ten spos\u00f3b wi\u0119kszo\u015b\u0107 nagr\u00f3d jest dzielona. I bardzo cz\u0119sto rodziny wtr\u0105caj\u0105 si\u0119, aby kupi\u0107 pe\u0142ny bilet, a kiedy ich liczba wygrywa, ca\u0142a rodzina co\u015b wygrywa. To sprawia, \u017ce ta loteria jest jeszcze bardziej popularna.<\/p><p><img loading=\"lazy\" decoding=\"async\" class=\" wp-image alignright\" src=\"https:\/\/content.redfoxlotto.com\/uploads\/sites\/9\/1_lottery_winning_numbers_3.jpg\" alt=\"Zwyci\u0119skie liczby El Gordo\" width=\"264\" height=\"176\" \/><\/p><p>Wyniki El Gordo nie tylko zostan\u0105 zaprezentowane, ale tak\u017ce za\u015bpiewane przez ch\u00f3r dzieci ze szko\u0142y San Ildefenso w Madrycie. Niezale\u017cnie od tego, jaki jest tw\u00f3j zwyci\u0119ski numer, napi\u0119cie trwa do ostatniej chwili. Nie tra\u0107 nadziei, dop\u00f3ki nie zostanie wylosowana ostatnia zwyci\u0119ska liczba.<\/p>","protected":false},"excerpt":{"rendered":"<p>Sprawd\u017a najnowsze wyniki losowania El Gordo tutaj na naszej stronie internetowej. Je\u015bli masz ju\u017c bilet, przejd\u017a do sekcji &#8222;Moje bilety&#8221; na swoim koncie i sprawd\u017a, czy Tw\u00f3j bilet wygra\u0142 od razu. Wyniki dla El Gordo Navidad Kiedy grasz w hiszpa\u0144skie El Gordo, \u015bwi\u0105teczn\u0105 loteri\u0119, przygotuj si\u0119 na bardzo szczeg\u00f3lny rodzaj losowania. W trzygodzinnej ceremonii, kt\u00f3ra [&hellip;]<\/p>\n","protected":false},"author":1,"featured_media":0,"parent":5695,"menu_order":6,"comment_status":"closed","ping_status":"closed","template":"el-gordo-results.php","meta":{"_et_pb_use_builder":"","_et_pb_old_content":"","_et_gb_content_width":"","exclude_from_search":false,"footnotes":""},"class_list":["post-6502","page","type-page","status-publish","hentry"],"yoast_head":"<!-- This site is optimized with the Yoast SEO plugin v23.8 - https:\/\/yoast.com\/wordpress\/plugins\/seo\/ -->\n<title>Wyniki, zwyci\u0119skie numery hiszpa\u0144skiej loterii El Gordo<\/title>\n<meta name=\"description\" content=\"El Gordo, bo\u017conarodzeniowa wersja La Primitiva - jej wyniki s\u0105 ujawniane w specjalnym wydarzeniu\" \/>\n<meta name=\"robots\" content=\"index, follow, max-snippet:-1, max-image-preview:large, max-video-preview:-1\" \/>\n<link rel=\"canonical\" href=\"https:\/\/redfoxlotto.com\/pl\/wyniki\/el-gordo-primitiva\/\" \/>\n<meta property=\"og:locale\" content=\"pl_PL\" \/>\n<meta property=\"og:type\" content=\"article\" \/>\n<meta property=\"og:title\" content=\"Wyniki, zwyci\u0119skie numery hiszpa\u0144skiej loterii El Gordo\" \/>\n<meta property=\"og:description\" content=\"El Gordo, bo\u017conarodzeniowa wersja La Primitiva - jej wyniki s\u0105 ujawniane w specjalnym wydarzeniu\" \/>\n<meta property=\"og:url\" content=\"https:\/\/redfoxlotto.com\/pl\/wyniki\/el-gordo-primitiva\/\" \/>\n<meta property=\"og:site_name\" content=\"Get Tickets for the World\u2019s largest jackpots\" \/>\n<meta property=\"article:modified_time\" content=\"2019-11-28T14:08:46+00:00\" \/>\n<meta property=\"og:image\" content=\"https:\/\/content.redfoxlotto.com\/uploads\/sites\/9\/1_results_draw_numbers.jpg\" \/>\n<meta name=\"twitter:card\" content=\"summary_large_image\" \/>\n<meta name=\"twitter:label1\" content=\"Szacowany czas czytania\" \/>\n\t<meta name=\"twitter:data1\" content=\"2 minuty\" \/>\n<script type=\"application\/ld+json\" class=\"yoast-schema-graph\">{\"@context\":\"https:\/\/schema.org\",\"@graph\":[{\"@type\":\"WebPage\",\"@id\":\"https:\/\/redfoxlotto.com\/pl\/wyniki\/el-gordo-primitiva\/\",\"url\":\"https:\/\/redfoxlotto.com\/pl\/wyniki\/el-gordo-primitiva\/\",\"name\":\"Wyniki, zwyci\u0119skie numery hiszpa\u0144skiej loterii El Gordo\",\"isPartOf\":{\"@id\":\"https:\/\/redfoxlotto.com\/pl\/#website\"},\"primaryImageOfPage\":{\"@id\":\"https:\/\/redfoxlotto.com\/pl\/wyniki\/el-gordo-primitiva\/#primaryimage\"},\"image\":{\"@id\":\"https:\/\/redfoxlotto.com\/pl\/wyniki\/el-gordo-primitiva\/#primaryimage\"},\"thumbnailUrl\":\"https:\/\/content.redfoxlotto.com\/uploads\/sites\/9\/1_results_draw_numbers.jpg\",\"datePublished\":\"2018-11-18T08:54:25+00:00\",\"dateModified\":\"2019-11-28T14:08:46+00:00\",\"description\":\"El Gordo, bo\u017conarodzeniowa wersja La Primitiva - jej wyniki s\u0105 ujawniane w specjalnym wydarzeniu\",\"breadcrumb\":{\"@id\":\"https:\/\/redfoxlotto.com\/pl\/wyniki\/el-gordo-primitiva\/#breadcrumb\"},\"inLanguage\":\"pl-PL\",\"potentialAction\":[{\"@type\":\"ReadAction\",\"target\":[\"https:\/\/redfoxlotto.com\/pl\/wyniki\/el-gordo-primitiva\/\"]}]},{\"@type\":\"ImageObject\",\"inLanguage\":\"pl-PL\",\"@id\":\"https:\/\/redfoxlotto.com\/pl\/wyniki\/el-gordo-primitiva\/#primaryimage\",\"url\":\"https:\/\/content.redfoxlotto.com\/uploads\/sites\/9\/1_results_draw_numbers.jpg\",\"contentUrl\":\"https:\/\/content.redfoxlotto.com\/uploads\/sites\/9\/1_results_draw_numbers.jpg\"},{\"@type\":\"BreadcrumbList\",\"@id\":\"https:\/\/redfoxlotto.com\/pl\/wyniki\/el-gordo-primitiva\/#breadcrumb\",\"itemListElement\":[{\"@type\":\"ListItem\",\"position\":1,\"name\":\"Home\",\"item\":\"https:\/\/redfoxlotto.com\/pl\/\"},{\"@type\":\"ListItem\",\"position\":2,\"name\":\"Wyniki mi\u0119dzynarodowej loterii\",\"item\":\"https:\/\/redfoxlotto.com\/pl\/wyniki\/\"},{\"@type\":\"ListItem\",\"position\":3,\"name\":\"Wyniki El Gordo\"}]},{\"@type\":\"WebSite\",\"@id\":\"https:\/\/redfoxlotto.com\/pl\/#website\",\"url\":\"https:\/\/redfoxlotto.com\/pl\/\",\"name\":\"Get Tickets for the World\u2019s largest jackpots\",\"description\":\"Participate in worldwide lottery jackpots from any country\",\"publisher\":{\"@id\":\"https:\/\/redfoxlotto.com\/pl\/#organization\"},\"potentialAction\":[{\"@type\":\"SearchAction\",\"target\":{\"@type\":\"EntryPoint\",\"urlTemplate\":\"https:\/\/redfoxlotto.com\/pl\/?s={search_term_string}\"},\"query-input\":{\"@type\":\"PropertyValueSpecification\",\"valueRequired\":true,\"valueName\":\"search_term_string\"}}],\"inLanguage\":\"pl-PL\"},{\"@type\":\"Organization\",\"@id\":\"https:\/\/redfoxlotto.com\/pl\/#organization\",\"name\":\"Get Tickets for the World\u2019s largest jackpots\",\"url\":\"https:\/\/redfoxlotto.com\/pl\/\",\"logo\":{\"@type\":\"ImageObject\",\"inLanguage\":\"pl-PL\",\"@id\":\"https:\/\/redfoxlotto.com\/pl\/#\/schema\/logo\/image\/\",\"url\":\"https:\/\/redfoxlotto.com\/wp-content\/uploads\/2023\/04\/logo.png\",\"contentUrl\":\"https:\/\/redfoxlotto.com\/wp-content\/uploads\/2023\/04\/logo.png\",\"width\":269,\"height\":53,\"caption\":\"Get Tickets for the World\u2019s largest jackpots\"},\"image\":{\"@id\":\"https:\/\/redfoxlotto.com\/pl\/#\/schema\/logo\/image\/\"}}]}<\/script>\n<!-- \/ Yoast SEO plugin. -->","yoast_head_json":{"title":"Wyniki, zwyci\u0119skie numery hiszpa\u0144skiej loterii El Gordo","description":"El Gordo, bo\u017conarodzeniowa wersja La Primitiva - jej wyniki s\u0105 ujawniane w specjalnym wydarzeniu","robots":{"index":"index","follow":"follow","max-snippet":"max-snippet:-1","max-image-preview":"max-image-preview:large","max-video-preview":"max-video-preview:-1"},"canonical":"https:\/\/redfoxlotto.com\/pl\/wyniki\/el-gordo-primitiva\/","og_locale":"pl_PL","og_type":"article","og_title":"Wyniki, zwyci\u0119skie numery hiszpa\u0144skiej loterii El Gordo","og_description":"El Gordo, bo\u017conarodzeniowa wersja La Primitiva - jej wyniki s\u0105 ujawniane w specjalnym wydarzeniu","og_url":"https:\/\/redfoxlotto.com\/pl\/wyniki\/el-gordo-primitiva\/","og_site_name":"Get Tickets for the World\u2019s largest jackpots","article_modified_time":"2019-11-28T14:08:46+00:00","og_image":[{"url":"https:\/\/content.redfoxlotto.com\/uploads\/sites\/9\/1_results_draw_numbers.jpg"}],"twitter_card":"summary_large_image","twitter_misc":{"Szacowany czas czytania":"2 minuty"},"schema":{"@context":"https:\/\/schema.org","@graph":[{"@type":"WebPage","@id":"https:\/\/redfoxlotto.com\/pl\/wyniki\/el-gordo-primitiva\/","url":"https:\/\/redfoxlotto.com\/pl\/wyniki\/el-gordo-primitiva\/","name":"Wyniki, zwyci\u0119skie numery hiszpa\u0144skiej loterii El Gordo","isPartOf":{"@id":"https:\/\/redfoxlotto.com\/pl\/#website"},"primaryImageOfPage":{"@id":"https:\/\/redfoxlotto.com\/pl\/wyniki\/el-gordo-primitiva\/#primaryimage"},"image":{"@id":"https:\/\/redfoxlotto.com\/pl\/wyniki\/el-gordo-primitiva\/#primaryimage"},"thumbnailUrl":"https:\/\/content.redfoxlotto.com\/uploads\/sites\/9\/1_results_draw_numbers.jpg","datePublished":"2018-11-18T08:54:25+00:00","dateModified":"2019-11-28T14:08:46+00:00","description":"El Gordo, bo\u017conarodzeniowa wersja La Primitiva - jej wyniki s\u0105 ujawniane w specjalnym wydarzeniu","breadcrumb":{"@id":"https:\/\/redfoxlotto.com\/pl\/wyniki\/el-gordo-primitiva\/#breadcrumb"},"inLanguage":"pl-PL","potentialAction":[{"@type":"ReadAction","target":["https:\/\/redfoxlotto.com\/pl\/wyniki\/el-gordo-primitiva\/"]}]},{"@type":"ImageObject","inLanguage":"pl-PL","@id":"https:\/\/redfoxlotto.com\/pl\/wyniki\/el-gordo-primitiva\/#primaryimage","url":"https:\/\/content.redfoxlotto.com\/uploads\/sites\/9\/1_results_draw_numbers.jpg","contentUrl":"https:\/\/content.redfoxlotto.com\/uploads\/sites\/9\/1_results_draw_numbers.jpg"},{"@type":"BreadcrumbList","@id":"https:\/\/redfoxlotto.com\/pl\/wyniki\/el-gordo-primitiva\/#breadcrumb","itemListElement":[{"@type":"ListItem","position":1,"name":"Home","item":"https:\/\/redfoxlotto.com\/pl\/"},{"@type":"ListItem","position":2,"name":"Wyniki mi\u0119dzynarodowej loterii","item":"https:\/\/redfoxlotto.com\/pl\/wyniki\/"},{"@type":"ListItem","position":3,"name":"Wyniki El Gordo"}]},{"@type":"WebSite","@id":"https:\/\/redfoxlotto.com\/pl\/#website","url":"https:\/\/redfoxlotto.com\/pl\/","name":"Get Tickets for the World\u2019s largest jackpots","description":"Participate in worldwide lottery jackpots from any country","publisher":{"@id":"https:\/\/redfoxlotto.com\/pl\/#organization"},"potentialAction":[{"@type":"SearchAction","target":{"@type":"EntryPoint","urlTemplate":"https:\/\/redfoxlotto.com\/pl\/?s={search_term_string}"},"query-input":{"@type":"PropertyValueSpecification","valueRequired":true,"valueName":"search_term_string"}}],"inLanguage":"pl-PL"},{"@type":"Organization","@id":"https:\/\/redfoxlotto.com\/pl\/#organization","name":"Get Tickets for the World\u2019s largest jackpots","url":"https:\/\/redfoxlotto.com\/pl\/","logo":{"@type":"ImageObject","inLanguage":"pl-PL","@id":"https:\/\/redfoxlotto.com\/pl\/#\/schema\/logo\/image\/","url":"https:\/\/redfoxlotto.com\/wp-content\/uploads\/2023\/04\/logo.png","contentUrl":"https:\/\/redfoxlotto.com\/wp-content\/uploads\/2023\/04\/logo.png","width":269,"height":53,"caption":"Get Tickets for the World\u2019s largest jackpots"},"image":{"@id":"https:\/\/redfoxlotto.com\/pl\/#\/schema\/logo\/image\/"}}]}},"_links":{"self":[{"href":"https:\/\/redfoxlotto.com\/pl\/wp-json\/wp\/v2\/pages\/6502","targetHints":{"allow":["GET"]}}],"collection":[{"href":"https:\/\/redfoxlotto.com\/pl\/wp-json\/wp\/v2\/pages"}],"about":[{"href":"https:\/\/redfoxlotto.com\/pl\/wp-json\/wp\/v2\/types\/page"}],"author":[{"embeddable":true,"href":"https:\/\/redfoxlotto.com\/pl\/wp-json\/wp\/v2\/users\/1"}],"replies":[{"embeddable":true,"href":"https:\/\/redfoxlotto.com\/pl\/wp-json\/wp\/v2\/comments?post=6502"}],"version-history":[{"count":0,"href":"https:\/\/redfoxlotto.com\/pl\/wp-json\/wp\/v2\/pages\/6502\/revisions"}],"up":[{"embeddable":true,"href":"https:\/\/redfoxlotto.com\/pl\/wp-json\/wp\/v2\/pages\/5695"}],"wp:attachment":[{"href":"https:\/\/redfoxlotto.com\/pl\/wp-json\/wp\/v2\/media?parent=6502"}],"curies":[{"name":"wp","href":"https:\/\/api.w.org\/{rel}","templated":true}]}}