{"id":6501,"date":"2018-11-18T08:54:25","date_gmt":"2018-11-18T08:54:25","guid":{"rendered":"https:\/\/redfoxlotto.com\/?page_id=6501"},"modified":"2019-11-28T14:07:33","modified_gmt":"2019-11-28T14:07:33","slug":"el-gordo-primitiva","status":"publish","type":"page","link":"https:\/\/redfoxlotto.com\/pl\/loterie\/el-gordo-primitiva\/","title":{"rendered":"Informacje o El Gordo"},"content":{"rendered":"<p>Hiszpa\u0144ska loteria bo\u017conarodzeniowa, czyli Loteria de Navidad, jak si\u0119 j\u0105 z upodobaniem nazywa, jest jedn\u0105 z najstarszych loterii na \u015bwiecie, poniewa\u017c istnieje od 1812 roku i jest organizowana co roku do dnia dzisiejszego. Loteria de Navidad jest drug\u0105 najd\u0142u\u017cej dzia\u0142aj\u0105c\u0105 loteri\u0105 na \u015bwiecie, kt\u00f3ra przetrwa\u0142a nawet w czasie wojny domowej w Hiszpanii. <\/p><p><img loading=\"lazy\" decoding=\"async\" class=\" wp-image alignright\" src=\"https:\/\/content.redfoxlotto.com\/uploads\/sites\/9\/1_buy_ticket_lotto_online.jpg\" alt=\"kup online El Gordo\" width=\"247\" height=\"163\" \/><\/p><!--more--><p>Kraje nie m\u00f3wi\u0105ce po hiszpa\u0144sku cz\u0119sto zak\u0142adaj\u0105, \u017ce El Gordo to nazwa loterii, faktem jest, \u017ce El Gordo odnosi si\u0119 tylko do nagrody jackpota lub dos\u0142ownie do du\u017cej wygranej.<\/p><h2 class=\"wp-block-heading\">Tygodniowe losowanie El Gordo<\/h2><p>Tygodniowe losowanie r\u00f3wnie\u017c dla El Gordo, a bilety na nie mo\u017cna kupi\u0107 tutaj, w RedFoxLotto. <\/p><h2 class=\"wp-block-heading\">\u015awi\u0105teczna edycja El Gordo<\/h2><p>Hiszpa\u0144ska loteria bo\u017conarodzeniowa oferuje jedn\u0105 z najwi\u0119kszych nagr\u00f3d w s\u0142owie jako gracze <a href=\"https:\/\/redfoxlotto.com\/pl\/loteria-najwieksze-szanse-wygrana\/\">maj\u0105 szans\u0119 wygra\u0107 <\/a>do 2,5 mld euro w nagrodach, podczas gdy nagroda jackpot lub El Gordo wynosi 4 mln euro. Losowanie odbywa si\u0119 raz w roku, w pobli\u017cu dnia Bo\u017cego Narodzenia, poniewa\u017c odbywa si\u0119 ono co 22 grudnia.<\/p><p><img decoding=\"async\" class=\"size-full wp-image alignright\" src=\"https:\/\/content.redfoxlotto.com\/uploads\/sites\/9\/2_ticket_el_gordo.jpg\" alt=\"Bilety El Gordo\"><\/p><p>Aby zagra\u0107 w hiszpa\u0144skiej loterii bo\u017conarodzeniowej, musisz mie\u0107 uko\u0144czone 18 lat i wi\u0119cej, a losy maj\u0105 ju\u017c seri\u0119 5 numer\u00f3w nadrukowanych na nich tak, \u017ce kiedy losowanie jest zako\u0144czone, te losy zawieraj\u0105ce zwyci\u0119skie liczby losowane kwalifikuj\u0105 si\u0119 do nagrody w loterii. &#8222;El mayor premio es compartilo&#8221; to slogan zwi\u0105zany z hiszpa\u0144sk\u0105 loteri\u0105 bo\u017conarodzeniow\u0105, a angielskie t\u0142umaczenie jest &#8222;Najwi\u0119ksz\u0105 nagrod\u0105 jest dzielenie si\u0119&#8221; i to w\u0142a\u015bnie sprawia, \u017ce loteria jest wyj\u0105tkowa. Seria bilet\u00f3w cz\u0119sto zawiera te same numery, wi\u0119c je\u015bli ta liczba wygra, to nagroda pieni\u0119\u017cna jest dzielona pomi\u0119dzy wszystkie osoby, kt\u00f3re maj\u0105 ten numer. Podczas losowania, pi\u0142ka zawieraj\u0105ca 5-cyfrow\u0105 liczb\u0119 jest losowana z puli innych, a ka\u017cdy zwyci\u0119ski numer ma przypisan\u0105 nagrod\u0119.<\/p><p>Hiszpa\u0144ska loteria bo\u017conarodzeniowa jest teraz bardziej tradycj\u0105 dla Hiszpan\u00f3w, poniewa\u017c ka\u017cdy okres \u015bwi\u0105t Bo\u017cego Narodzenia, loteria ma tendencj\u0119 do przynoszenia szcz\u0119\u015bcia mieszka\u0144com Hiszpanii, poniewa\u017c wszyscy oni oczekuj\u0105 zwyci\u0119zc\u00f3w w s\u0142ynnej Loterii de Navidad. Szanse na wygran\u0105 El Gordo s\u0105 wysokie w por\u00f3wnaniu z innymi loteriami, poniewa\u017c wynosi ona 1 na 100 000.<\/p>","protected":false},"excerpt":{"rendered":"<p>Hiszpa\u0144ska loteria bo\u017conarodzeniowa, czyli Loteria de Navidad, jak si\u0119 j\u0105 z upodobaniem nazywa, jest jedn\u0105 z najstarszych loterii na \u015bwiecie, poniewa\u017c istnieje od 1812 roku i jest organizowana co roku do dnia dzisiejszego. Loteria de Navidad jest drug\u0105 najd\u0142u\u017cej dzia\u0142aj\u0105c\u0105 loteri\u0105 na \u015bwiecie, kt\u00f3ra przetrwa\u0142a nawet w czasie wojny domowej w Hiszpanii.<\/p>\n","protected":false},"author":1,"featured_media":0,"parent":5686,"menu_order":6,"comment_status":"closed","ping_status":"closed","template":"el-gordo-info.php","meta":{"_et_pb_use_builder":"","_et_pb_old_content":"","_et_gb_content_width":"","exclude_from_search":false,"footnotes":""},"class_list":["post-6501","page","type-page","status-publish","hentry"],"yoast_head":"<!-- This site is optimized with the Yoast SEO plugin v23.8 - https:\/\/yoast.com\/wordpress\/plugins\/seo\/ -->\n<title>Jak kupi\u0107 bilety na Hiszpa\u0144skie Lotto El Gordo online?<\/title>\n<meta name=\"description\" content=\"Sprawd\u017a informacje o El Gordo i Loterii de Navidad, hiszpa\u0144skiej loterii bo\u017conarodzeniowej\" \/>\n<meta name=\"robots\" content=\"index, follow, max-snippet:-1, max-image-preview:large, max-video-preview:-1\" \/>\n<link rel=\"canonical\" href=\"https:\/\/redfoxlotto.com\/pl\/loterie\/el-gordo-primitiva\/\" \/>\n<meta property=\"og:locale\" content=\"pl_PL\" \/>\n<meta property=\"og:type\" content=\"article\" \/>\n<meta property=\"og:title\" content=\"Jak kupi\u0107 bilety na Hiszpa\u0144skie Lotto El Gordo online?\" \/>\n<meta property=\"og:description\" content=\"Sprawd\u017a informacje o El Gordo i Loterii de Navidad, hiszpa\u0144skiej loterii bo\u017conarodzeniowej\" \/>\n<meta property=\"og:url\" content=\"https:\/\/redfoxlotto.com\/pl\/loterie\/el-gordo-primitiva\/\" \/>\n<meta property=\"og:site_name\" content=\"Get Tickets for the World\u2019s largest jackpots\" \/>\n<meta property=\"article:modified_time\" content=\"2019-11-28T14:07:33+00:00\" \/>\n<meta property=\"og:image\" content=\"https:\/\/content.redfoxlotto.com\/uploads\/sites\/9\/1_buy_ticket_lotto_online.jpg\" \/>\n<meta name=\"twitter:card\" content=\"summary_large_image\" \/>\n<meta name=\"twitter:label1\" content=\"Szacowany czas czytania\" \/>\n\t<meta name=\"twitter:data1\" content=\"3 minuty\" \/>\n<script type=\"application\/ld+json\" class=\"yoast-schema-graph\">{\"@context\":\"https:\/\/schema.org\",\"@graph\":[{\"@type\":\"WebPage\",\"@id\":\"https:\/\/redfoxlotto.com\/pl\/loterie\/el-gordo-primitiva\/\",\"url\":\"https:\/\/redfoxlotto.com\/pl\/loterie\/el-gordo-primitiva\/\",\"name\":\"Jak kupi\u0107 bilety na Hiszpa\u0144skie Lotto El Gordo online?\",\"isPartOf\":{\"@id\":\"https:\/\/redfoxlotto.com\/pl\/#website\"},\"primaryImageOfPage\":{\"@id\":\"https:\/\/redfoxlotto.com\/pl\/loterie\/el-gordo-primitiva\/#primaryimage\"},\"image\":{\"@id\":\"https:\/\/redfoxlotto.com\/pl\/loterie\/el-gordo-primitiva\/#primaryimage\"},\"thumbnailUrl\":\"https:\/\/content.redfoxlotto.com\/uploads\/sites\/9\/1_buy_ticket_lotto_online.jpg\",\"datePublished\":\"2018-11-18T08:54:25+00:00\",\"dateModified\":\"2019-11-28T14:07:33+00:00\",\"description\":\"Sprawd\u017a informacje o El Gordo i Loterii de Navidad, hiszpa\u0144skiej loterii bo\u017conarodzeniowej\",\"breadcrumb\":{\"@id\":\"https:\/\/redfoxlotto.com\/pl\/loterie\/el-gordo-primitiva\/#breadcrumb\"},\"inLanguage\":\"pl-PL\",\"potentialAction\":[{\"@type\":\"ReadAction\",\"target\":[\"https:\/\/redfoxlotto.com\/pl\/loterie\/el-gordo-primitiva\/\"]}]},{\"@type\":\"ImageObject\",\"inLanguage\":\"pl-PL\",\"@id\":\"https:\/\/redfoxlotto.com\/pl\/loterie\/el-gordo-primitiva\/#primaryimage\",\"url\":\"https:\/\/content.redfoxlotto.com\/uploads\/sites\/9\/1_buy_ticket_lotto_online.jpg\",\"contentUrl\":\"https:\/\/content.redfoxlotto.com\/uploads\/sites\/9\/1_buy_ticket_lotto_online.jpg\"},{\"@type\":\"BreadcrumbList\",\"@id\":\"https:\/\/redfoxlotto.com\/pl\/loterie\/el-gordo-primitiva\/#breadcrumb\",\"itemListElement\":[{\"@type\":\"ListItem\",\"position\":1,\"name\":\"Home\",\"item\":\"https:\/\/redfoxlotto.com\/pl\/\"},{\"@type\":\"ListItem\",\"position\":2,\"name\":\"Jak kupi\u0107 bilety na loteri\u0119 online &#8211; proces zakupu\",\"item\":\"https:\/\/redfoxlotto.com\/pl\/loterie\/\"},{\"@type\":\"ListItem\",\"position\":3,\"name\":\"Informacje o El Gordo\"}]},{\"@type\":\"WebSite\",\"@id\":\"https:\/\/redfoxlotto.com\/pl\/#website\",\"url\":\"https:\/\/redfoxlotto.com\/pl\/\",\"name\":\"Get Tickets for the World\u2019s largest jackpots\",\"description\":\"Participate in worldwide lottery jackpots from any country\",\"publisher\":{\"@id\":\"https:\/\/redfoxlotto.com\/pl\/#organization\"},\"potentialAction\":[{\"@type\":\"SearchAction\",\"target\":{\"@type\":\"EntryPoint\",\"urlTemplate\":\"https:\/\/redfoxlotto.com\/pl\/?s={search_term_string}\"},\"query-input\":{\"@type\":\"PropertyValueSpecification\",\"valueRequired\":true,\"valueName\":\"search_term_string\"}}],\"inLanguage\":\"pl-PL\"},{\"@type\":\"Organization\",\"@id\":\"https:\/\/redfoxlotto.com\/pl\/#organization\",\"name\":\"Get Tickets for the World\u2019s largest jackpots\",\"url\":\"https:\/\/redfoxlotto.com\/pl\/\",\"logo\":{\"@type\":\"ImageObject\",\"inLanguage\":\"pl-PL\",\"@id\":\"https:\/\/redfoxlotto.com\/pl\/#\/schema\/logo\/image\/\",\"url\":\"https:\/\/redfoxlotto.com\/wp-content\/uploads\/2023\/04\/logo.png\",\"contentUrl\":\"https:\/\/redfoxlotto.com\/wp-content\/uploads\/2023\/04\/logo.png\",\"width\":269,\"height\":53,\"caption\":\"Get Tickets for the World\u2019s largest jackpots\"},\"image\":{\"@id\":\"https:\/\/redfoxlotto.com\/pl\/#\/schema\/logo\/image\/\"}}]}<\/script>\n<!-- \/ Yoast SEO plugin. -->","yoast_head_json":{"title":"Jak kupi\u0107 bilety na Hiszpa\u0144skie Lotto El Gordo online?","description":"Sprawd\u017a informacje o El Gordo i Loterii de Navidad, hiszpa\u0144skiej loterii bo\u017conarodzeniowej","robots":{"index":"index","follow":"follow","max-snippet":"max-snippet:-1","max-image-preview":"max-image-preview:large","max-video-preview":"max-video-preview:-1"},"canonical":"https:\/\/redfoxlotto.com\/pl\/loterie\/el-gordo-primitiva\/","og_locale":"pl_PL","og_type":"article","og_title":"Jak kupi\u0107 bilety na Hiszpa\u0144skie Lotto El Gordo online?","og_description":"Sprawd\u017a informacje o El Gordo i Loterii de Navidad, hiszpa\u0144skiej loterii bo\u017conarodzeniowej","og_url":"https:\/\/redfoxlotto.com\/pl\/loterie\/el-gordo-primitiva\/","og_site_name":"Get Tickets for the World\u2019s largest jackpots","article_modified_time":"2019-11-28T14:07:33+00:00","og_image":[{"url":"https:\/\/content.redfoxlotto.com\/uploads\/sites\/9\/1_buy_ticket_lotto_online.jpg"}],"twitter_card":"summary_large_image","twitter_misc":{"Szacowany czas czytania":"3 minuty"},"schema":{"@context":"https:\/\/schema.org","@graph":[{"@type":"WebPage","@id":"https:\/\/redfoxlotto.com\/pl\/loterie\/el-gordo-primitiva\/","url":"https:\/\/redfoxlotto.com\/pl\/loterie\/el-gordo-primitiva\/","name":"Jak kupi\u0107 bilety na Hiszpa\u0144skie Lotto El Gordo online?","isPartOf":{"@id":"https:\/\/redfoxlotto.com\/pl\/#website"},"primaryImageOfPage":{"@id":"https:\/\/redfoxlotto.com\/pl\/loterie\/el-gordo-primitiva\/#primaryimage"},"image":{"@id":"https:\/\/redfoxlotto.com\/pl\/loterie\/el-gordo-primitiva\/#primaryimage"},"thumbnailUrl":"https:\/\/content.redfoxlotto.com\/uploads\/sites\/9\/1_buy_ticket_lotto_online.jpg","datePublished":"2018-11-18T08:54:25+00:00","dateModified":"2019-11-28T14:07:33+00:00","description":"Sprawd\u017a informacje o El Gordo i Loterii de Navidad, hiszpa\u0144skiej loterii bo\u017conarodzeniowej","breadcrumb":{"@id":"https:\/\/redfoxlotto.com\/pl\/loterie\/el-gordo-primitiva\/#breadcrumb"},"inLanguage":"pl-PL","potentialAction":[{"@type":"ReadAction","target":["https:\/\/redfoxlotto.com\/pl\/loterie\/el-gordo-primitiva\/"]}]},{"@type":"ImageObject","inLanguage":"pl-PL","@id":"https:\/\/redfoxlotto.com\/pl\/loterie\/el-gordo-primitiva\/#primaryimage","url":"https:\/\/content.redfoxlotto.com\/uploads\/sites\/9\/1_buy_ticket_lotto_online.jpg","contentUrl":"https:\/\/content.redfoxlotto.com\/uploads\/sites\/9\/1_buy_ticket_lotto_online.jpg"},{"@type":"BreadcrumbList","@id":"https:\/\/redfoxlotto.com\/pl\/loterie\/el-gordo-primitiva\/#breadcrumb","itemListElement":[{"@type":"ListItem","position":1,"name":"Home","item":"https:\/\/redfoxlotto.com\/pl\/"},{"@type":"ListItem","position":2,"name":"Jak kupi\u0107 bilety na loteri\u0119 online &#8211; proces zakupu","item":"https:\/\/redfoxlotto.com\/pl\/loterie\/"},{"@type":"ListItem","position":3,"name":"Informacje o El Gordo"}]},{"@type":"WebSite","@id":"https:\/\/redfoxlotto.com\/pl\/#website","url":"https:\/\/redfoxlotto.com\/pl\/","name":"Get Tickets for the World\u2019s largest jackpots","description":"Participate in worldwide lottery jackpots from any country","publisher":{"@id":"https:\/\/redfoxlotto.com\/pl\/#organization"},"potentialAction":[{"@type":"SearchAction","target":{"@type":"EntryPoint","urlTemplate":"https:\/\/redfoxlotto.com\/pl\/?s={search_term_string}"},"query-input":{"@type":"PropertyValueSpecification","valueRequired":true,"valueName":"search_term_string"}}],"inLanguage":"pl-PL"},{"@type":"Organization","@id":"https:\/\/redfoxlotto.com\/pl\/#organization","name":"Get Tickets for the World\u2019s largest jackpots","url":"https:\/\/redfoxlotto.com\/pl\/","logo":{"@type":"ImageObject","inLanguage":"pl-PL","@id":"https:\/\/redfoxlotto.com\/pl\/#\/schema\/logo\/image\/","url":"https:\/\/redfoxlotto.com\/wp-content\/uploads\/2023\/04\/logo.png","contentUrl":"https:\/\/redfoxlotto.com\/wp-content\/uploads\/2023\/04\/logo.png","width":269,"height":53,"caption":"Get Tickets for the World\u2019s largest jackpots"},"image":{"@id":"https:\/\/redfoxlotto.com\/pl\/#\/schema\/logo\/image\/"}}]}},"_links":{"self":[{"href":"https:\/\/redfoxlotto.com\/pl\/wp-json\/wp\/v2\/pages\/6501","targetHints":{"allow":["GET"]}}],"collection":[{"href":"https:\/\/redfoxlotto.com\/pl\/wp-json\/wp\/v2\/pages"}],"about":[{"href":"https:\/\/redfoxlotto.com\/pl\/wp-json\/wp\/v2\/types\/page"}],"author":[{"embeddable":true,"href":"https:\/\/redfoxlotto.com\/pl\/wp-json\/wp\/v2\/users\/1"}],"replies":[{"embeddable":true,"href":"https:\/\/redfoxlotto.com\/pl\/wp-json\/wp\/v2\/comments?post=6501"}],"version-history":[{"count":0,"href":"https:\/\/redfoxlotto.com\/pl\/wp-json\/wp\/v2\/pages\/6501\/revisions"}],"up":[{"embeddable":true,"href":"https:\/\/redfoxlotto.com\/pl\/wp-json\/wp\/v2\/pages\/5686"}],"wp:attachment":[{"href":"https:\/\/redfoxlotto.com\/pl\/wp-json\/wp\/v2\/media?parent=6501"}],"curies":[{"name":"wp","href":"https:\/\/api.w.org\/{rel}","templated":true}]}}