{"id":5710,"date":"2023-04-24T17:47:11","date_gmt":"2023-04-24T17:47:11","guid":{"rendered":"https:\/\/redfoxlotto.com\/?page_id=285\/"},"modified":"2025-12-11T06:37:48","modified_gmt":"2025-12-11T06:37:48","slug":"superenalotto","status":"publish","type":"page","link":"https:\/\/redfoxlotto.com\/pl\/graj\/superenalotto\/","title":{"rendered":"W\u0142oskie SuperEnalotto"},"content":{"rendered":"<p><script type=\"application\/ld+json\">\n{\n  \"@context\": \"https:\/\/schema.org\",\n  \"@type\": \"Service\",\n  \"name\": \"SuperEnalotto online\",\n  \"url\": \"https:\/\/redfoxlotto.com\/pl\/graj\/superenalotto\/\",\n  \"description\": \"Kup oficjalne losy SuperEnalotto online przez RedFoxLotto. Wybierz swoje liczby i we\u017a udzia\u0142 w nast\u0119pnym losowaniu.\",\n  \"serviceType\": \"Online lottery ticket purchase\",<\/p>\n<p>  \"provider\": {\n    \"@type\": \"Organization\",\n    \"name\": \"RedFoxLotto\",\n    \"url\": \"https:\/\/redfoxlotto.com\",\n    \"logo\": \"https:\/\/redfoxlotto.com\/wp-content\/uploads\/logo.png\"\n  },<\/p>\n<p>  \"areaServed\": \"Worldwide\",\n  \"termsOfService\": \"https:\/\/redfoxlotto.com\/terms-and-conditions\",<\/p>\n<p>  \"hasOfferCatalog\": {\n    \"@type\": \"OfferCatalog\",\n    \"name\": \"SuperEnalotto Offers\",\n    \"itemListElement\": [\n      {\n        \"@type\": \"Offer\",\n        \"name\": \"Lotto SuperEnalotto Ticket\",\n        \"url\": \"https:\/\/redfoxlotto.com\/pl\/graj\/superenalotto\/\",\n        \"description\": \"Jedno uczestnictwo w nast\u0119pnym losowaniu SuperEnalotto.\",\n        \"price\": \"3.40\",\n        \"priceCurrency\": \"EUR\",\n        \"availability\": \"https:\/\/schema.org\/InStock\",<\/p>\n<p>        \"itemOffered\": {\n          \"@type\": \"Service\",\n          \"name\": \"SuperEnalotto Lottery Entry\",\n          \"description\": \"Uczestnictwo w nast\u0119pnym losowaniu SuperEnalotto za po\u015brednictwem RedFoxLotto.\"\n        }\n      }\n    ]\n  },<\/p>\n<p>  \"mainEntityOfPage\": {\n    \"@type\": \"WebPage\",\n    \"@id\": \"https:\/\/redfoxlotto.com\/pl\/graj\/superenalotto\/\"\n  }\n}\n<\/script><\/p>\n<p><!--more--><\/p>\n<h2>Jak gra\u0107 w SuperEnalotto?<\/h2>\n<p>Podstawowe zasady tej w\u0142oskiej loterii s\u0105 do\u015b\u0107 proste. Wystarczy, \u017ce wybierzesz 6 numer\u00f3w od 1 do 90, dostaniesz bilet, a nast\u0119pnie wystarczy poczeka\u0107 i sprawdzi\u0107 wylosowane numery. Fakt, \u017ce masz w sumie 90 numer\u00f3w do wyboru oznacza, \u017ce szanse na to, \u017ce wszystkie s\u0105 do\u015b\u0107 niskie. Prawdopodobie\u0144stwo wynosi 1 do 622 milion\u00f3w.<br \/>\n<img loading=\"lazy\" decoding=\"async\" class=\"pe\u0142ny rozmiar wp-image alignright\" src=\"https:\/\/content.redfoxlotto.com\/uploads\/sites\/9\/1_play_superenalotto.jpg\" alt=\"Superenalotto graj online\" width=\"239\" height=\"206\" \/><\/p>\n<p>Jest to r\u00f3wnie\u017c pow\u00f3d, dla kt\u00f3rego jackpot cz\u0119sto trwa tygodniami, je\u015bli nie miesi\u0105cami, zanim zostanie z\u0142amany. Ale to nie powinno ci\u0119 powstrzyma\u0107 przed graniem w <a href=\"https:\/\/redfoxlotto.com\/pl\/loterie\/superenalotto\/\">Superenalotto<\/a>. Ceny bilet\u00f3w s\u0105 stosunkowo niskie i zgadnij co? Kto\u015b zawsze ma szcz\u0119\u015bcie, wi\u0119c dlaczego nie ty? <strong>Pami\u0119taj, \u017ce graj\u0105c w Superenalotto na RedFoxLotto, nie musisz by\u0107 we W\u0142oszech ani by\u0107 obywatelem W\u0142och<\/strong>. Twoje <a href=\"https:\/\/redfoxlotto.com\/pl\/\">bilety online<\/a> bior\u0105 udzia\u0142 w losowaniu niezale\u017cnie od kraju zamieszkania lub narodowo\u015bci. To jest pi\u0119kno gry w mi\u0119dzynarodowe loterie online, poprzez nasz serwis.<\/p>\n<h2>Zwi\u0119ksz swoje szanse na wygran\u0105<\/h2>\n<p><img decoding=\"async\" class=\"pe\u0142ny rozmiar wp-image alignright\" src=\"https:\/\/content.redfoxlotto.com\/uploads\/sites\/9\/2_ticket_superenalotto.jpg\" alt=\"win Superenalotto\" \/><br \/>\nStatystycznie, ponad 70% kwot ceny loterii zosta\u0142o wygranych przez wy\u017csze liczby. Ka\u017cdy korzysta z dat urodzin, wi\u0119c kiedy wynik losowania jest mniejszy, jest wi\u0119cej zwyci\u0119zc\u00f3w i ni\u017csze wyp\u0142aty na zwyci\u0119zc\u0119. Wi\u0119c je\u015bli chcesz si\u0119 upewni\u0107, \u017ce nie musisz dzieli\u0107 si\u0119 swoim jackpotem SuperEnaLotto, wybierz liczby powy\u017cej 31 dla swojego biletu!<\/p>\n<p>Poza tym, nie kr\u0119puj si\u0119 u\u017cywa\u0107 dowolnego systemu liczb loteryjnych. Mo\u017cesz te\u017c zagra\u0107 swoje osobiste szcz\u0119\u015bliwe liczby. Je\u015bli s\u0105 to liczby mniejsze, dlaczego nie pomno\u017cy\u0107 je przez 2, 3, 4 lub 5 ? W ten spos\u00f3b unikniesz posiadania numer\u00f3w, kt\u00f3re maj\u0105 wszyscy inni.<\/p>\n","protected":false},"excerpt":{"rendered":"","protected":false},"author":1,"featured_media":0,"parent":5704,"menu_order":5,"comment_status":"closed","ping_status":"closed","template":"superenalotto.php","meta":{"_et_pb_use_builder":"","_et_pb_old_content":"","_et_gb_content_width":"","exclude_from_search":false,"footnotes":""},"class_list":["post-5710","page","type-page","status-publish","hentry"],"yoast_head":"<!-- This site is optimized with the Yoast SEO plugin v23.8 - https:\/\/yoast.com\/wordpress\/plugins\/seo\/ -->\n<title>Graj w SuperEnalotto online.<\/title>\n<meta name=\"description\" content=\"Teraz mo\u017cesz gra\u0107 w Superenalotto, nawet spoza W\u0142och\" \/>\n<meta name=\"robots\" content=\"index, follow, max-snippet:-1, max-image-preview:large, max-video-preview:-1\" \/>\n<link rel=\"canonical\" href=\"https:\/\/redfoxlotto.com\/pl\/graj\/superenalotto\/\" \/>\n<meta property=\"og:locale\" content=\"pl_PL\" \/>\n<meta property=\"og:type\" content=\"article\" \/>\n<meta property=\"og:title\" content=\"Graj w SuperEnalotto online.\" \/>\n<meta property=\"og:description\" content=\"Teraz mo\u017cesz gra\u0107 w Superenalotto, nawet spoza W\u0142och\" \/>\n<meta property=\"og:url\" content=\"https:\/\/redfoxlotto.com\/pl\/graj\/superenalotto\/\" \/>\n<meta property=\"og:site_name\" content=\"Get Tickets for the World\u2019s largest jackpots\" \/>\n<meta property=\"article:modified_time\" content=\"2025-12-11T06:37:48+00:00\" \/>\n<meta property=\"og:image\" content=\"https:\/\/content.redfoxlotto.com\/uploads\/sites\/9\/1_play_superenalotto.jpg\" \/>\n<meta name=\"twitter:card\" content=\"summary_large_image\" \/>\n<meta name=\"twitter:label1\" content=\"Szacowany czas czytania\" \/>\n\t<meta name=\"twitter:data1\" content=\"2 minuty\" \/>\n<script type=\"application\/ld+json\" class=\"yoast-schema-graph\">{\"@context\":\"https:\/\/schema.org\",\"@graph\":[{\"@type\":\"WebPage\",\"@id\":\"https:\/\/redfoxlotto.com\/pl\/graj\/superenalotto\/\",\"url\":\"https:\/\/redfoxlotto.com\/pl\/graj\/superenalotto\/\",\"name\":\"Graj w SuperEnalotto online.\",\"isPartOf\":{\"@id\":\"https:\/\/redfoxlotto.com\/pl\/#website\"},\"primaryImageOfPage\":{\"@id\":\"https:\/\/redfoxlotto.com\/pl\/graj\/superenalotto\/#primaryimage\"},\"image\":{\"@id\":\"https:\/\/redfoxlotto.com\/pl\/graj\/superenalotto\/#primaryimage\"},\"thumbnailUrl\":\"https:\/\/content.redfoxlotto.com\/uploads\/sites\/9\/1_play_superenalotto.jpg\",\"datePublished\":\"2023-04-24T17:47:11+00:00\",\"dateModified\":\"2025-12-11T06:37:48+00:00\",\"description\":\"Teraz mo\u017cesz gra\u0107 w Superenalotto, nawet spoza W\u0142och\",\"breadcrumb\":{\"@id\":\"https:\/\/redfoxlotto.com\/pl\/graj\/superenalotto\/#breadcrumb\"},\"inLanguage\":\"pl-PL\",\"potentialAction\":[{\"@type\":\"ReadAction\",\"target\":[\"https:\/\/redfoxlotto.com\/pl\/graj\/superenalotto\/\"]}]},{\"@type\":\"ImageObject\",\"inLanguage\":\"pl-PL\",\"@id\":\"https:\/\/redfoxlotto.com\/pl\/graj\/superenalotto\/#primaryimage\",\"url\":\"https:\/\/content.redfoxlotto.com\/uploads\/sites\/9\/1_play_superenalotto.jpg\",\"contentUrl\":\"https:\/\/content.redfoxlotto.com\/uploads\/sites\/9\/1_play_superenalotto.jpg\"},{\"@type\":\"BreadcrumbList\",\"@id\":\"https:\/\/redfoxlotto.com\/pl\/graj\/superenalotto\/#breadcrumb\",\"itemListElement\":[{\"@type\":\"ListItem\",\"position\":1,\"name\":\"Home\",\"item\":\"https:\/\/redfoxlotto.com\/pl\/\"},{\"@type\":\"ListItem\",\"position\":2,\"name\":\"Jak gra\u0107 na loteriach innych kraj\u00f3w?\",\"item\":\"https:\/\/redfoxlotto.com\/pl\/graj\/\"},{\"@type\":\"ListItem\",\"position\":3,\"name\":\"W\u0142oskie SuperEnalotto\"}]},{\"@type\":\"WebSite\",\"@id\":\"https:\/\/redfoxlotto.com\/pl\/#website\",\"url\":\"https:\/\/redfoxlotto.com\/pl\/\",\"name\":\"Get Tickets for the World\u2019s largest jackpots\",\"description\":\"Participate in worldwide lottery jackpots from any country\",\"publisher\":{\"@id\":\"https:\/\/redfoxlotto.com\/pl\/#organization\"},\"potentialAction\":[{\"@type\":\"SearchAction\",\"target\":{\"@type\":\"EntryPoint\",\"urlTemplate\":\"https:\/\/redfoxlotto.com\/pl\/?s={search_term_string}\"},\"query-input\":{\"@type\":\"PropertyValueSpecification\",\"valueRequired\":true,\"valueName\":\"search_term_string\"}}],\"inLanguage\":\"pl-PL\"},{\"@type\":\"Organization\",\"@id\":\"https:\/\/redfoxlotto.com\/pl\/#organization\",\"name\":\"Get Tickets for the World\u2019s largest jackpots\",\"url\":\"https:\/\/redfoxlotto.com\/pl\/\",\"logo\":{\"@type\":\"ImageObject\",\"inLanguage\":\"pl-PL\",\"@id\":\"https:\/\/redfoxlotto.com\/pl\/#\/schema\/logo\/image\/\",\"url\":\"https:\/\/redfoxlotto.com\/wp-content\/uploads\/2023\/04\/logo.png\",\"contentUrl\":\"https:\/\/redfoxlotto.com\/wp-content\/uploads\/2023\/04\/logo.png\",\"width\":269,\"height\":53,\"caption\":\"Get Tickets for the World\u2019s largest jackpots\"},\"image\":{\"@id\":\"https:\/\/redfoxlotto.com\/pl\/#\/schema\/logo\/image\/\"}}]}<\/script>\n<!-- \/ Yoast SEO plugin. -->","yoast_head_json":{"title":"Graj w SuperEnalotto online.","description":"Teraz mo\u017cesz gra\u0107 w Superenalotto, nawet spoza W\u0142och","robots":{"index":"index","follow":"follow","max-snippet":"max-snippet:-1","max-image-preview":"max-image-preview:large","max-video-preview":"max-video-preview:-1"},"canonical":"https:\/\/redfoxlotto.com\/pl\/graj\/superenalotto\/","og_locale":"pl_PL","og_type":"article","og_title":"Graj w SuperEnalotto online.","og_description":"Teraz mo\u017cesz gra\u0107 w Superenalotto, nawet spoza W\u0142och","og_url":"https:\/\/redfoxlotto.com\/pl\/graj\/superenalotto\/","og_site_name":"Get Tickets for the World\u2019s largest jackpots","article_modified_time":"2025-12-11T06:37:48+00:00","og_image":[{"url":"https:\/\/content.redfoxlotto.com\/uploads\/sites\/9\/1_play_superenalotto.jpg"}],"twitter_card":"summary_large_image","twitter_misc":{"Szacowany czas czytania":"2 minuty"},"schema":{"@context":"https:\/\/schema.org","@graph":[{"@type":"WebPage","@id":"https:\/\/redfoxlotto.com\/pl\/graj\/superenalotto\/","url":"https:\/\/redfoxlotto.com\/pl\/graj\/superenalotto\/","name":"Graj w SuperEnalotto online.","isPartOf":{"@id":"https:\/\/redfoxlotto.com\/pl\/#website"},"primaryImageOfPage":{"@id":"https:\/\/redfoxlotto.com\/pl\/graj\/superenalotto\/#primaryimage"},"image":{"@id":"https:\/\/redfoxlotto.com\/pl\/graj\/superenalotto\/#primaryimage"},"thumbnailUrl":"https:\/\/content.redfoxlotto.com\/uploads\/sites\/9\/1_play_superenalotto.jpg","datePublished":"2023-04-24T17:47:11+00:00","dateModified":"2025-12-11T06:37:48+00:00","description":"Teraz mo\u017cesz gra\u0107 w Superenalotto, nawet spoza W\u0142och","breadcrumb":{"@id":"https:\/\/redfoxlotto.com\/pl\/graj\/superenalotto\/#breadcrumb"},"inLanguage":"pl-PL","potentialAction":[{"@type":"ReadAction","target":["https:\/\/redfoxlotto.com\/pl\/graj\/superenalotto\/"]}]},{"@type":"ImageObject","inLanguage":"pl-PL","@id":"https:\/\/redfoxlotto.com\/pl\/graj\/superenalotto\/#primaryimage","url":"https:\/\/content.redfoxlotto.com\/uploads\/sites\/9\/1_play_superenalotto.jpg","contentUrl":"https:\/\/content.redfoxlotto.com\/uploads\/sites\/9\/1_play_superenalotto.jpg"},{"@type":"BreadcrumbList","@id":"https:\/\/redfoxlotto.com\/pl\/graj\/superenalotto\/#breadcrumb","itemListElement":[{"@type":"ListItem","position":1,"name":"Home","item":"https:\/\/redfoxlotto.com\/pl\/"},{"@type":"ListItem","position":2,"name":"Jak gra\u0107 na loteriach innych kraj\u00f3w?","item":"https:\/\/redfoxlotto.com\/pl\/graj\/"},{"@type":"ListItem","position":3,"name":"W\u0142oskie SuperEnalotto"}]},{"@type":"WebSite","@id":"https:\/\/redfoxlotto.com\/pl\/#website","url":"https:\/\/redfoxlotto.com\/pl\/","name":"Get Tickets for the World\u2019s largest jackpots","description":"Participate in worldwide lottery jackpots from any country","publisher":{"@id":"https:\/\/redfoxlotto.com\/pl\/#organization"},"potentialAction":[{"@type":"SearchAction","target":{"@type":"EntryPoint","urlTemplate":"https:\/\/redfoxlotto.com\/pl\/?s={search_term_string}"},"query-input":{"@type":"PropertyValueSpecification","valueRequired":true,"valueName":"search_term_string"}}],"inLanguage":"pl-PL"},{"@type":"Organization","@id":"https:\/\/redfoxlotto.com\/pl\/#organization","name":"Get Tickets for the World\u2019s largest jackpots","url":"https:\/\/redfoxlotto.com\/pl\/","logo":{"@type":"ImageObject","inLanguage":"pl-PL","@id":"https:\/\/redfoxlotto.com\/pl\/#\/schema\/logo\/image\/","url":"https:\/\/redfoxlotto.com\/wp-content\/uploads\/2023\/04\/logo.png","contentUrl":"https:\/\/redfoxlotto.com\/wp-content\/uploads\/2023\/04\/logo.png","width":269,"height":53,"caption":"Get Tickets for the World\u2019s largest jackpots"},"image":{"@id":"https:\/\/redfoxlotto.com\/pl\/#\/schema\/logo\/image\/"}}]}},"_links":{"self":[{"href":"https:\/\/redfoxlotto.com\/pl\/wp-json\/wp\/v2\/pages\/5710","targetHints":{"allow":["GET"]}}],"collection":[{"href":"https:\/\/redfoxlotto.com\/pl\/wp-json\/wp\/v2\/pages"}],"about":[{"href":"https:\/\/redfoxlotto.com\/pl\/wp-json\/wp\/v2\/types\/page"}],"author":[{"embeddable":true,"href":"https:\/\/redfoxlotto.com\/pl\/wp-json\/wp\/v2\/users\/1"}],"replies":[{"embeddable":true,"href":"https:\/\/redfoxlotto.com\/pl\/wp-json\/wp\/v2\/comments?post=5710"}],"version-history":[{"count":0,"href":"https:\/\/redfoxlotto.com\/pl\/wp-json\/wp\/v2\/pages\/5710\/revisions"}],"up":[{"embeddable":true,"href":"https:\/\/redfoxlotto.com\/pl\/wp-json\/wp\/v2\/pages\/5704"}],"wp:attachment":[{"href":"https:\/\/redfoxlotto.com\/pl\/wp-json\/wp\/v2\/media?parent=5710"}],"curies":[{"name":"wp","href":"https:\/\/api.w.org\/{rel}","templated":true}]}}