{"id":5709,"date":"2023-04-24T17:35:03","date_gmt":"2023-04-24T17:35:03","guid":{"rendered":"https:\/\/redfoxlotto.com\/?page_id=283\/"},"modified":"2025-12-15T21:38:26","modified_gmt":"2025-12-15T21:38:26","slug":"powerball","status":"publish","type":"page","link":"https:\/\/redfoxlotto.com\/pl\/graj\/powerball\/","title":{"rendered":"Zagraj w Powerball USA"},"content":{"rendered":"<p><script type=\"application\/ld+json\">\n{\n  \"@context\": \"https:\/\/schema.org\",\n  \"@type\": \"Service\",\n  \"name\": \"Graj w Powerball online\",\n  \"url\": \"https:\/\/redfoxlotto.com\/pl\/graj\/powerball\/\",\n  \"description\": \"Graj w loteri\u0119 Powerball online z dowolnego kraju. Odwied\u017a RedFoxLotto, wybierz swoje liczby i zdob\u0105d\u017a bilety.\",\n  \"serviceType\": \"Us\u0142uga przesy\u0142ania bilet\u00f3w loteryjnych online\",\n  \"provider\": {\n    \"@type\": \"Organization\",\n    \"name\": \"RedFoxLotto\",\n    \"url\": \"https:\/\/redfoxlotto.com\/pl\/graj\/powerball\/\",\n    \"image\": \"https:\/\/redfoxlotto.com\/wp-content\/uploads\/2025\/12\/ticket_scans.jpg\",\n    \"sameAs\": []\n  },\n  \"areaServed\": \"Worldwide\",\n  \"termsOfService\": \"https:\/\/redfoxlotto.com\/terms-and-conditions\",\n  \"additionalProperty\": {\n    \"@type\": \"PropertyValue\",\n    \"name\": \"FAQ\",\n    \"value\": \"https:\/\/redfoxlotto.com\/pl\/faq\/\"\n  },\n  \"hasOfferCatalog\": {\n    \"@type\": \"OfferCatalog\",\n    \"name\": \"Bilety loterii Powerball\",\n    \"itemListElement\": [\n      {\n        \"@type\": \"Offer\",\n        \"name\": \"Bilety Powerball\",\n        \"url\": \"https:\/\/redfoxlotto.com\/pl\/graj\/powerball\/\",\n        \"description\": \"Kliknij tutaj, aby wybra\u0107 swoje liczby do nast\u0119pnego losowania Powerball \u2013 zam\u00f3w bilety online.\",\n        \"price\": \"5.90\",\n        \"priceCurrency\": \"EUR\",\n        \"availability\": \"https:\/\/schema.org\/InStock\",\n        \"itemOffered\": {\n          \"@type\": \"Service\",\n          \"name\": \"Bilety loterii Powerball\",\n          \"description\": \"Graj w nast\u0119pne losowanie Powerball przez RedFoxLotto.\"\n        }\n      }\n    ]\n  },\n  \"mainEntityOfPage\": {\n    \"@type\": \"WebPage\",\n    \"@id\": \"https:\/\/redfoxlotto.com\/pl\/graj\/powerball\/\"\n  }\n}\n<\/script><\/p>\n<p>Jest to loteria, kt\u00f3ra regularnie pojawia si\u0119 na pierwszych stronach gazet z powodu ogromnych jackpot\u00f3w. <strong>A teraz mo\u017cesz zagra\u0107 w <a href=\"https:\/\/redfoxlotto.com\/pl\/loterie\/powerball\/\">Powerball US <\/a>r\u00f3wnie\u017c z Polski, lub z dowolnego innego kraju<\/strong>. Wybierz swoje numery, zap\u0142a\u0107 online, a nasi agenci kupi\u0105 dla Ciebie bilet. To jest nasz serwis. Nie musisz si\u0119 martwi\u0107, \u017ce dostaniesz wyp\u0142at\u0119, je\u015bli wygrasz. Zadbamy r\u00f3wnie\u017c o Twoj\u0105 wyp\u0142at\u0119.<!--more--><\/p>\n<h2>Czy to te\u017c wychodzi z Polski?<\/h2>\n<p>Tak &#8211; Lotto Powerball USA jest teraz dost\u0119pne r\u00f3wnie\u017c w Polsce, a dok\u0142adniej w ka\u017cdym innym kraju &#8211; czyli w Internecie. Co wi\u0119cej, bardzo \u0142atwo jest rozpocz\u0105\u0107 gr\u0119 i dowiedzie\u0107 si\u0119, jak gra\u0107 w Powerball online.<\/p>\n<h2>Gra w Powerball online jest \u0142atwa<\/h2>\n<p><img loading=\"lazy\" decoding=\"async\" class=\" wp-image alignright\" src=\"https:\/\/content.redfoxlotto.com\/uploads\/sites\/9\/2_ticket_powerball2.jpg\" alt=\"Zagraj Loteri\u0119 Powerball online\" width=\"137\" height=\"160\" \/>Wybierz swoje numery, zap\u0142a\u0107 online, a nasi agenci kupi\u0105 Ci bilet na Powerball. Je\u015bli chcesz wybra\u0107 liczby, kt\u00f3re najbardziej ci si\u0119 podobaj\u0105, mo\u017cesz to zrobi\u0107. Je\u015bli chcesz, \u017ceby\u015bmy wybrali dla ciebie numery, to mo\u017cesz to zrobi\u0107. To jest nasz serwis. Co wa\u017cniejsze, nie musisz si\u0119 martwi\u0107 o wyp\u0142at\u0119, kiedy wygrasz. Zajmujemy si\u0119 r\u00f3wnie\u017c wyp\u0142at\u0105 za ciebie. To znacznie u\u0142atwia ca\u0142y proces.<\/p>\n<h2>Dlaczego jackpot Powerball jest tak cz\u0119sto wysoki?<\/h2>\n<p><img loading=\"lazy\" decoding=\"async\" class=\" wp-image alignright\" src=\"https:\/\/content.redfoxlotto.com\/uploads\/sites\/9\/1_play_powerball_usa.jpg\" alt=\"powerball\" width=\"245\" height=\"125\" \/>Po pierwsze dlatego, \u017ce nigdy nie mo\u017ce by\u0107 ni\u017cszy ni\u017c 40 milion\u00f3w dolar\u00f3w. Ilekro\u0107 jackpot zosta\u0142 wygrany, g\u0142\u00f3wna nagroda zaczyna si\u0119 od 40 milion\u00f3w dolar\u00f3w. Kiedy tak si\u0119 stanie, jackpot Powerball zaczyna wzrasta\u0107 o 10-20 milion\u00f3w dolar\u00f3w na losowanie. S\u0105 dwa losowania tygodniowo. Wi\u0119c to trwa tylko dwa tygodnie, a\u017c jackpot prze\u0142amie barier\u0119 100 milion\u00f3w dolar\u00f3w (chyba \u017ce kto\u015b wygra g\u0142\u00f3wn\u0105 nagrod\u0119, oczywi\u015bcie). Po tym, co si\u0119 sta\u0142o, zwykle wzrasta o 10-15% po ka\u017cdym losowaniu.<\/p>\n<p>Ale zdarza si\u0119 regularnie, \u017ce jackpot nie jest wygrywany przez okres od o\u015bmiu do dziewi\u0119ciu tygodni. Wtedy osi\u0105gnie 500 milion\u00f3w dolar\u00f3w lub wi\u0119cej. W tym momencie dos\u0142ownie ka\u017cdy w USA zaczyna kupowa\u0107 bilety. Pi\u0142ka naprawd\u0119 si\u0119 toczy w tym momencie. Wystarczy jedno losowanie, aby przej\u015b\u0107 z 500 milion\u00f3w dolar\u00f3w do 1 miliarda dolar\u00f3w lub wi\u0119cej.<\/p>\n<p>Oczywi\u015bcie, wy\u017csze jackpoty przyci\u0105gaj\u0105 uwag\u0119 medi\u00f3w na ca\u0142ym \u015bwiecie. Dotyczy to r\u00f3wnie\u017c Polski, a fani lotto z ca\u0142ego \u015bwiata chc\u0105 gra\u0107 online. To jest us\u0142uga, kt\u00f3r\u0105 \u015bwiadczymy. Nie tylko dla klient\u00f3w z Polski, ale dla ka\u017cdej osoby w legalnym wieku, kt\u00f3ra chce zagra\u0107 w Powerball USA Jackpot.<\/p>\n<h2>Jak dzia\u0142a ameryka\u0144ski Powerball?<\/h2>\n<p>Gracze musz\u0105 wybra\u0107 pi\u0119\u0107 liczb od 1 do 69 (bia\u0142e kulki), plus 1 liczba od 1 do 26 (czerwone kulki). Aby wygra\u0107 jackpota, musisz mie\u0107<a href=\"https:\/\/redfoxlotto.com\/pl\/wyniki\/powerball\/\"> wszystkie 6 numer\u00f3w<\/a> na swoim bilecie.<\/p>\n<h2>Czy gra w Powerball z Polski jest legalna?<\/h2>\n<p>Tak, jest! Wyobra\u017a sobie, \u017ce jeste\u015b w Stanach Zjednoczonych &#8211; mo\u017cesz tam \u0142atwo kupi\u0107 bilet. Je\u015bli wygrasz, masz prawo do otrzymania nagrody. Loteria nie jest ograniczona do legalnych rezydent\u00f3w USA. Je\u015bli wi\u0119c mieszkasz w Polsce, a kto\u015b inny kupuje dla Ciebie bilet na miejscu, Twoje roszczenie jest bezpieczne. To jest tw\u00f3j bilet i tylko to si\u0119 liczy.<\/p>\n<p>Je\u015bli wi\u0119c jeste\u015b mieszka\u0144cem Polski i kto\u015b inny kupuje dla Ciebie dzia\u0142k\u0119 na miejscu, Twoje roszczenie jest bezpieczne. To tw\u00f3j los, i tylko to si\u0119 liczy.<\/p>\n<p>Masz wi\u0119c szans\u0119 na zdobycie nagrody, kt\u00f3ra jest prawdopodobnie jedn\u0105 z najwi\u0119kszych na \u015bwiecie. A je\u015bli masz okazj\u0119 zagra\u0107 w jak\u0105kolwiek gr\u0119 loteryjn\u0105 na \u015bwiecie, na pewno b\u0119dziesz chcia\u0142 sprawdzi\u0107 Powerball.<\/p>\n<p>Jest to jedna z najlepszych opcji i b\u0119dziesz chcia\u0142 przyjrze\u0107 si\u0119 jej bli\u017cej na naszej stronie internetowej. Mo\u017cemy postawi\u0107 Ci\u0119 w pozycji do gry w Powerball online w mgnieniu oka.<\/p>\n<p>Wi\u0119c, teraz nie ma powodu, <strong>aby nie pr\u00f3bowa\u0107 wygra\u0107 jackpota Powerball &#8211; zdob\u0105d\u017a sw\u00f3j bilet online teraz!<\/strong><\/p>\n<h2>Plusy i minusy gry w Powerball<\/h2>\n<p>Aby gra\u0107 w Powerball, powiniene\u015b wiedzie\u0107, jakie s\u0105 jego wady i zalety. Zw\u0142aszcza, \u017ce graj\u0105c online, masz do wyboru wiele loterii, a znajomo\u015b\u0107 charakterystyki Powerball i innych loterii staje si\u0119 wa\u017cna.<\/p>\n<h3>Zalety Powerball<\/h3>\n<ul>\n<li>Bardzo wysoki minimalny jackpot Powerball w wysoko\u015bci 40 milion\u00f3w dolar\u00f3w, co jest wi\u0119cej ni\u017c wi\u0119kszo\u015b\u0107 loterii mo\u017ce zaoferowa\u0107 nawet po tygodniach, w kt\u00f3rych nikt nie wygra\u0142 g\u0142\u00f3wnej nagrody<\/li>\n<li>Silne wzrosty z tygodnia na tydzie\u0144, gdy jackpot Powerball przekroczy granic\u0119 200 milion\u00f3w dolar\u00f3w<\/li>\n<li>Bardzo wysoka nagroda drugiego stopnia w wysoko\u015bci 1 miliona dolar\u00f3w oraz nagroda trzeciego stopnia w wysoko\u015bci 50 000 dolar\u00f3w, wraz z akceptowalnymi kursami dla ni\u017cszych stopni Powerball, sprawia, \u017ce Powerball jest atrakcyjny do gry<\/li>\n<li>Du\u017ce jackpoty w Powerball zazwyczaj trafiaj\u0105 na pierwsze strony gazet na ca\u0142ym \u015bwiecie, wi\u0119c b\u0119dziesz wiedzia\u0142, kiedy kupi\u0107 losy i zagra\u0107<\/li>\n<li>Mo\u017cesz zagra\u0107 w trzech cotygodniowych losowaniach Powerball<\/li>\n<li>Losowania mo\u017cna ogl\u0105da\u0107 online na stronie internetowej Powerball lub na Youtube<\/li>\n<li>Darmowy bonusowy los na Powerball dla wszystkich naszych nowych klient\u00f3w<\/li>\n<li>Kolejny darmowy bonusowy los na Powerball, je\u015bli polecisz znajomemu nasz\u0105 stron\u0119 internetow\u0105, po tym jak Tw\u00f3j znajomy wyda minimum 10,00 \u20ac na losy na kt\u00f3r\u0105kolwiek z naszych loterii.<\/li>\n<\/ul>\n<h3>Wady Powerball<\/h3>\n<ul>\n<li>Niskie prawdopodobie\u0144stwo wygrania jackpota Powerball (chocia\u017c, jackpot zawsze w ko\u0144cu zostanie rozbity)<\/li>\n<li>Dla graczy z Europy lub Azji, godziny losowania Powerball s\u0105 niedogodne, je\u015bli chc\u0105 ogl\u0105da\u0107 losowania online<\/li>\n<\/ul>\n<h2>Kiedy odbywaj\u0105 si\u0119 losowania Powerball?<\/h2>\n<p>Losowania Powerball odbywaj\u0105 si\u0119 o 10:59 czasu wschodniego (lub 22:59 h), co oznacza 3:59 (rano) nast\u0119pnego dnia czasu Greenwich Mean Time lub 4:59 nast\u0119pnego dnia w Europie \u015arodkowej.<\/p>\n<h2>Historia loterii Powerball i jackpota<\/h2>\n<p>Kiedy Powerball wystartowa\u0142 w 1992 roku, minimalny jackpot wynosi\u0142 tylko 2 miliony dolar\u00f3w. W tym czasie, aby zagra\u0107 w Powerball, nale\u017ca\u0142o wytypowa\u0107 5 liczb z 45 g\u0142\u00f3wnych numer\u00f3w oraz jedn\u0105 liczb\u0119 Powerball z drugiego zestawu 45 liczb.<\/p>\n<p>W 1997 r. zasady gry w Powerball zosta\u0142y zmienione. Aby zagra\u0107 w Powerball, nale\u017ca\u0142o wytypowa\u0107 5 z 49 liczb, a liczb\u0119 Powerball mo\u017cna by\u0142o wytypowa\u0107 jako 1 z 42. Minimalna wygrana w Powerball zosta\u0142a ustalona na 10 milion\u00f3w dolar\u00f3w.<\/p>\n<p>Kolejna zmiana w ustawieniu Powerball nast\u0105pi\u0142a w 2002 roku, kiedy to liczba kul w g\u0142\u00f3wnym losowaniu zosta\u0142a zwi\u0119kszona do 53 &#8211; gracze nadal musieli zagra\u0107 5 liczb oraz jedn\u0105 liczb\u0119 Powerball z 42.<\/p>\n<p>Nast\u0119pnie w 2005 r. minimalna wygrana w Powerball zosta\u0142a ustalona na 15 milion\u00f3w dolar\u00f3w, co oznacza\u0142o, \u017ce po wygraniu g\u0142\u00f3wnej wygranej, w nast\u0119pnym losowaniu Powerball mo\u017cna by\u0142o gra\u0107 o 15 milion\u00f3w dolar\u00f3w jako g\u0142\u00f3wn\u0105 wygran\u0105 w Powerball.<\/p>\n<p>Takie ustawienie Powerball obowi\u0105zywa\u0142o do stycznia 2009 roku, kiedy to nast\u0105pi\u0142a kolejna zmiana w sposobie gry w Powerball. Po pierwsze, minimalna wysoko\u015b\u0107 jackpota zosta\u0142a podniesiona do 20 milion\u00f3w dolar\u00f3w, a gracze musieli wybra\u0107 5 liczb z 59 kul, a tak\u017ce zagra\u0107 jedn\u0105 liczb\u0119 Powerball z zakresu 39 liczb.<\/p>\n<p>W 2012 r. podwojono pul\u0119 gwarantowan\u0105 Powerball, co oznacza\u0142o, \u017ce minimalna wygrana wynosi\u0142a 40 milion\u00f3w dolar\u00f3w.<\/p>\n<p>W 2015 r. ponownie zwi\u0119kszono zakres g\u0142\u00f3wnych liczb w losowaniu Powerball, z 59 do 69. W tym samym czasie zakres dodatkowych liczb dla losowania Powerball zosta\u0142 obni\u017cony do 26. Ta nowa zasada zwi\u0119kszy\u0142a prawdopodobie\u0144stwo gry i wygrania ni\u017cszych nagr\u00f3d, podczas gdy szanse na wygran\u0105 w Powerball zmniejszy\u0142y si\u0119. Oczywi\u015bcie, jackpot pozostawa\u0142 nieodebrany przez d\u0142u\u017cszy czas, co skutkowa\u0142o wi\u0119kszymi wygranymi.<\/p>\n<p>Kolejna znacz\u0105ca zmiana w sposobie gry w Powerball nast\u0105pi\u0142a w 2021 roku, kiedy to wprowadzono trzeci dzie\u0144 losowania. Od tego czasu losowania odbywa\u0142y si\u0119 w poniedzia\u0142ki, \u015brody i soboty.<\/p>\n<p>Z biegiem lat wiele stan\u00f3w USA zdecydowa\u0142o si\u0119 przy\u0142\u0105czy\u0107 do gry w Powerball. Pocz\u0105tkowo w Powerball mogli gra\u0107 tylko mieszka\u0144cy 15 stan\u00f3w, a obecnie losy mo\u017cna zdoby\u0107 w 44 stanach. Jednocze\u015bnie istnieje mo\u017cliwo\u015b\u0107 zdobycia los\u00f3w na Powerball za po\u015brednictwem naszego legalnego serwisu online. Za naszym po\u015brednictwem zagrasz prawdziwym losem na Powerball, a ca\u0142a procedura, od wytypowania liczb, przez zap\u0142at\u0119 za los, a\u017c po otrzymanie zap\u0142aty, mo\u017ce zosta\u0107 przeprowadzona online.<\/p>\n<h2>Jak szybko ro\u015bnie jackpot po ka\u017cdym losowaniu?<\/h2>\n<p>Oczywi\u015bcie, je\u015bli chcesz zagra\u0107 w Powerball, powiniene\u015b zawsze sprawdzi\u0107 wielko\u015b\u0107 jackpota. Og\u00f3lnie rzecz bior\u0105c, zalecamy graczom, aby najcz\u0119\u015bciej wybierali loteri\u0119 z jackpotem, kt\u00f3ry jest aktualnie najwy\u017cszy. Z drugiej strony, niekt\u00f3re loterie maj\u0105 bardzo niskie prawdopodobie\u0144stwo zdobycia g\u0142\u00f3wnej nagrody. Superenalotto, Powerball i Mega Millions s\u0105 w\u015br\u00f3d tych loterii.<\/p>\n<p>W zwi\u0105zku z tym nale\u017cy obserwowa\u0107 rozw\u00f3j jackpot\u00f3w i cz\u0119sto warto od razu kupi\u0107 losy na kilka kolejnych losowa\u0144. W ten spos\u00f3b masz pewno\u015b\u0107, \u017ce nie przegapisz gry o jackpota, kt\u00f3ry mo\u017ce szybko wzrosn\u0105\u0107. Oto kilka liczb dotycz\u0105cych stopniowego wzrostu jackpota w Powerball. Oczywi\u015bcie, tak si\u0119 dzieje tylko wtedy, gdy nikt nie wygrywa jackpota Powerball.<\/p>\n<p>Gdy jackpot Powerball jest najni\u017cszy (minimum 40 milion\u00f3w dolar\u00f3w), zwykle ro\u015bnie w tempie oko\u0142o 8-10 milion\u00f3w dolar\u00f3w na ka\u017cde losowanie. Przy trzech cotygodniowych losowaniach, tygodniowy wzrost wynosi\u0142by oko\u0142o 25-30 milion\u00f3w dolar\u00f3w.<\/p>\n<p>Gdy jackpot Powerball przekroczy 100 milion\u00f3w dolar\u00f3w, tygodniowy wzrost b\u0119dzie bliski 35 milion\u00f3w dolar\u00f3w. Wynika to oczywi\u015bcie z faktu, \u017ce wi\u0119cej os\u00f3b gra w Powerball i kupuje losy, gdy jackpot Powerball jest wy\u017cszy.<\/p>\n<p>Gdy jackpot Powerball przekroczy pr\u00f3g 200 milion\u00f3w dolar\u00f3w, a coraz wi\u0119cej graczy kupuje wi\u0119cej los\u00f3w, nast\u0119puje przyspieszenie wzrostu puli. W tym momencie, mi\u0119dzy innymi, gracze loterii z ca\u0142ego \u015bwiata zaczynaj\u0105 zwraca\u0107 uwag\u0119 i chc\u0105 gra\u0107 z bilet\u00f3w kupionych online. Tygodniowy wzrost zbli\u017ca si\u0119 do 50 milion\u00f3w dolar\u00f3w.<\/p>\n<p>W takim momencie, gdy jackpot w Powerball osi\u0105gn\u0105\u0142 400 milion\u00f3w dolar\u00f3w, mo\u017cna si\u0119 spodziewa\u0107, \u017ce po ka\u017cdym losowaniu b\u0119dzie on r\u00f3s\u0142 w tempie 25 milion\u00f3w dolar\u00f3w. Oznacza to wzrost o 75 milion\u00f3w dolar\u00f3w tygodniowo.<\/p>\n<p>Je\u015bli nikt nie wygra jackpota Powerball, nawet gdy wynosi on ponad 500 milion\u00f3w dolar\u00f3w, zwi\u0119kszona \u015bwiatowa obecno\u015b\u0107 w mediach zwykle powoduje znaczne zakupy los\u00f3w Powerball na rynku lokalnym i internetowym. W konsekwencji, w ci\u0105gu dw\u00f3ch tygodni jackpot Powerball mo\u017ce \u0142atwo wzrosn\u0105\u0107 z 500 milion\u00f3w dolar\u00f3w do blisko 1 miliarda dolar\u00f3w. Wszystko to, oczywi\u015bcie, o ile kto\u015b nie wygra g\u0142\u00f3wnej wygranej, a wtedy w nast\u0119pnym losowaniu Powerball zaczyna si\u0119 od puli 40 milion\u00f3w dolar\u00f3w.<\/p>\n<p>Podsumowuj\u0105c, potrzeba oko\u0142o trzech tygodni, aby jackpot Powerball wzr\u00f3s\u0142 ponad kwot\u0119 200 milion\u00f3w dolar\u00f3w, a w sumie oko\u0142o 9 tygodni, aby przej\u015b\u0107 od minimum do 400 milion\u00f3w dolar\u00f3w.<\/p>\n<h2>Najwy\u017cszy jackpot Powerball wszech czas\u00f3w<\/h2>\n<p>Powerball posiada \u015bwiatowy rekord jackpota w wysoko\u015bci 2 miliard\u00f3w 40 milion\u00f3w dolar\u00f3w. Zosta\u0142a ona wygrana 22 listopada 2022 roku przez jednego zwyci\u0119zc\u0119. W styczniu 2016 r. trzech szcz\u0119\u015bliwych zwyci\u0119zc\u00f3w ze stan\u00f3w Tennessee, Floryda i Kalifornia podzieli\u0142o si\u0119 rekordow\u0105 nagrod\u0105 w Powerball, wynosz\u0105c\u0105 \u0142\u0105cznie 1,5 miliarda dolar\u00f3w.<\/p>\n","protected":false},"excerpt":{"rendered":"<p>Jest to loteria, kt\u00f3ra regularnie pojawia si\u0119 na pierwszych stronach gazet z powodu ogromnych jackpot\u00f3w. A teraz mo\u017cesz zagra\u0107 w Powerball US r\u00f3wnie\u017c z Polski, lub z dowolnego innego kraju. Wybierz swoje numery, zap\u0142a\u0107 online, a nasi agenci kupi\u0105 dla Ciebie bilet. To jest nasz serwis. Nie musisz si\u0119 martwi\u0107, \u017ce dostaniesz wyp\u0142at\u0119, je\u015bli wygrasz. [&hellip;]<\/p>\n","protected":false},"author":1,"featured_media":0,"parent":5704,"menu_order":1,"comment_status":"closed","ping_status":"closed","template":"powerball-usa.php","meta":{"_et_pb_use_builder":"","_et_pb_old_content":"","_et_gb_content_width":"","exclude_from_search":false,"footnotes":""},"class_list":["post-5709","page","type-page","status-publish","hentry"],"yoast_head":"<!-- This site is optimized with the Yoast SEO plugin v27.3 - https:\/\/yoast.com\/product\/yoast-seo-wordpress\/ -->\n<title>Zagraj Powerball online z Polski<\/title>\n<meta name=\"description\" content=\"Nasz serwis internetowy pozwala Ci gra\u0107 w Powerball z ka\u017cdego innego kraju, w tym z Polski - ju\u017c teraz zdob\u0105d\u017a sw\u00f3j bilet!\" \/>\n<meta name=\"robots\" content=\"index, follow, max-snippet:-1, max-image-preview:large, max-video-preview:-1\" \/>\n<link rel=\"canonical\" href=\"https:\/\/redfoxlotto.com\/pl\/graj\/powerball\/\" \/>\n<meta property=\"og:locale\" content=\"pl_PL\" \/>\n<meta property=\"og:type\" content=\"article\" \/>\n<meta property=\"og:title\" content=\"Zagraj Powerball online z Polski\" \/>\n<meta property=\"og:description\" content=\"Nasz serwis internetowy pozwala Ci gra\u0107 w Powerball z ka\u017cdego innego kraju, w tym z Polski - ju\u017c teraz zdob\u0105d\u017a sw\u00f3j bilet!\" \/>\n<meta property=\"og:url\" content=\"https:\/\/redfoxlotto.com\/pl\/graj\/powerball\/\" \/>\n<meta property=\"og:site_name\" content=\"Get Tickets for the World\u2019s largest jackpots\" \/>\n<meta property=\"article:modified_time\" content=\"2025-12-15T21:38:26+00:00\" \/>\n<meta property=\"og:image\" content=\"https:\/\/content.redfoxlotto.com\/uploads\/sites\/9\/2_ticket_powerball2.jpg\" \/>\n<meta name=\"twitter:card\" content=\"summary_large_image\" \/>\n<meta name=\"twitter:label1\" content=\"Szacowany czas czytania\" \/>\n\t<meta name=\"twitter:data1\" content=\"8 minut\" \/>\n<script type=\"application\/ld+json\" class=\"yoast-schema-graph\">{\"@context\":\"https:\\\/\\\/schema.org\",\"@graph\":[{\"@type\":\"WebPage\",\"@id\":\"https:\\\/\\\/redfoxlotto.com\\\/pl\\\/graj\\\/powerball\\\/\",\"url\":\"https:\\\/\\\/redfoxlotto.com\\\/pl\\\/graj\\\/powerball\\\/\",\"name\":\"Zagraj Powerball online z Polski\",\"isPartOf\":{\"@id\":\"https:\\\/\\\/redfoxlotto.com\\\/pl\\\/#website\"},\"primaryImageOfPage\":{\"@id\":\"https:\\\/\\\/redfoxlotto.com\\\/pl\\\/graj\\\/powerball\\\/#primaryimage\"},\"image\":{\"@id\":\"https:\\\/\\\/redfoxlotto.com\\\/pl\\\/graj\\\/powerball\\\/#primaryimage\"},\"thumbnailUrl\":\"https:\\\/\\\/content.redfoxlotto.com\\\/uploads\\\/sites\\\/9\\\/2_ticket_powerball2.jpg\",\"datePublished\":\"2023-04-24T17:35:03+00:00\",\"dateModified\":\"2025-12-15T21:38:26+00:00\",\"description\":\"Nasz serwis internetowy pozwala Ci gra\u0107 w Powerball z ka\u017cdego innego kraju, w tym z Polski - ju\u017c teraz zdob\u0105d\u017a sw\u00f3j bilet!\",\"breadcrumb\":{\"@id\":\"https:\\\/\\\/redfoxlotto.com\\\/pl\\\/graj\\\/powerball\\\/#breadcrumb\"},\"inLanguage\":\"pl-PL\",\"potentialAction\":[{\"@type\":\"ReadAction\",\"target\":[\"https:\\\/\\\/redfoxlotto.com\\\/pl\\\/graj\\\/powerball\\\/\"]}]},{\"@type\":\"ImageObject\",\"inLanguage\":\"pl-PL\",\"@id\":\"https:\\\/\\\/redfoxlotto.com\\\/pl\\\/graj\\\/powerball\\\/#primaryimage\",\"url\":\"https:\\\/\\\/content.redfoxlotto.com\\\/uploads\\\/sites\\\/9\\\/2_ticket_powerball2.jpg\",\"contentUrl\":\"https:\\\/\\\/content.redfoxlotto.com\\\/uploads\\\/sites\\\/9\\\/2_ticket_powerball2.jpg\"},{\"@type\":\"BreadcrumbList\",\"@id\":\"https:\\\/\\\/redfoxlotto.com\\\/pl\\\/graj\\\/powerball\\\/#breadcrumb\",\"itemListElement\":[{\"@type\":\"ListItem\",\"position\":1,\"name\":\"Home\",\"item\":\"https:\\\/\\\/redfoxlotto.com\\\/pl\\\/\"},{\"@type\":\"ListItem\",\"position\":2,\"name\":\"Jak gra\u0107 na loteriach innych kraj\u00f3w?\",\"item\":\"https:\\\/\\\/redfoxlotto.com\\\/pl\\\/graj\\\/\"},{\"@type\":\"ListItem\",\"position\":3,\"name\":\"Zagraj w Powerball USA\"}]},{\"@type\":\"WebSite\",\"@id\":\"https:\\\/\\\/redfoxlotto.com\\\/pl\\\/#website\",\"url\":\"https:\\\/\\\/redfoxlotto.com\\\/pl\\\/\",\"name\":\"Get Tickets for the World\u2019s largest jackpots\",\"description\":\"Participate in worldwide lottery jackpots from any country\",\"publisher\":{\"@id\":\"https:\\\/\\\/redfoxlotto.com\\\/pl\\\/#organization\"},\"potentialAction\":[{\"@type\":\"SearchAction\",\"target\":{\"@type\":\"EntryPoint\",\"urlTemplate\":\"https:\\\/\\\/redfoxlotto.com\\\/pl\\\/?s={search_term_string}\"},\"query-input\":{\"@type\":\"PropertyValueSpecification\",\"valueRequired\":true,\"valueName\":\"search_term_string\"}}],\"inLanguage\":\"pl-PL\"},{\"@type\":\"Organization\",\"@id\":\"https:\\\/\\\/redfoxlotto.com\\\/pl\\\/#organization\",\"name\":\"Get Tickets for the World\u2019s largest jackpots\",\"url\":\"https:\\\/\\\/redfoxlotto.com\\\/pl\\\/\",\"logo\":{\"@type\":\"ImageObject\",\"inLanguage\":\"pl-PL\",\"@id\":\"https:\\\/\\\/redfoxlotto.com\\\/pl\\\/#\\\/schema\\\/logo\\\/image\\\/\",\"url\":\"https:\\\/\\\/redfoxlotto.com\\\/wp-content\\\/uploads\\\/2023\\\/04\\\/logo.png\",\"contentUrl\":\"https:\\\/\\\/redfoxlotto.com\\\/wp-content\\\/uploads\\\/2023\\\/04\\\/logo.png\",\"width\":269,\"height\":53,\"caption\":\"Get Tickets for the World\u2019s largest jackpots\"},\"image\":{\"@id\":\"https:\\\/\\\/redfoxlotto.com\\\/pl\\\/#\\\/schema\\\/logo\\\/image\\\/\"}}]}<\/script>\n<!-- \/ Yoast SEO plugin. -->","yoast_head_json":{"title":"Zagraj Powerball online z Polski","description":"Nasz serwis internetowy pozwala Ci gra\u0107 w Powerball z ka\u017cdego innego kraju, w tym z Polski - ju\u017c teraz zdob\u0105d\u017a sw\u00f3j bilet!","robots":{"index":"index","follow":"follow","max-snippet":"max-snippet:-1","max-image-preview":"max-image-preview:large","max-video-preview":"max-video-preview:-1"},"canonical":"https:\/\/redfoxlotto.com\/pl\/graj\/powerball\/","og_locale":"pl_PL","og_type":"article","og_title":"Zagraj Powerball online z Polski","og_description":"Nasz serwis internetowy pozwala Ci gra\u0107 w Powerball z ka\u017cdego innego kraju, w tym z Polski - ju\u017c teraz zdob\u0105d\u017a sw\u00f3j bilet!","og_url":"https:\/\/redfoxlotto.com\/pl\/graj\/powerball\/","og_site_name":"Get Tickets for the World\u2019s largest jackpots","article_modified_time":"2025-12-15T21:38:26+00:00","og_image":[{"url":"https:\/\/content.redfoxlotto.com\/uploads\/sites\/9\/2_ticket_powerball2.jpg","type":"","width":"","height":""}],"twitter_card":"summary_large_image","twitter_misc":{"Szacowany czas czytania":"8 minut"},"schema":{"@context":"https:\/\/schema.org","@graph":[{"@type":"WebPage","@id":"https:\/\/redfoxlotto.com\/pl\/graj\/powerball\/","url":"https:\/\/redfoxlotto.com\/pl\/graj\/powerball\/","name":"Zagraj Powerball online z Polski","isPartOf":{"@id":"https:\/\/redfoxlotto.com\/pl\/#website"},"primaryImageOfPage":{"@id":"https:\/\/redfoxlotto.com\/pl\/graj\/powerball\/#primaryimage"},"image":{"@id":"https:\/\/redfoxlotto.com\/pl\/graj\/powerball\/#primaryimage"},"thumbnailUrl":"https:\/\/content.redfoxlotto.com\/uploads\/sites\/9\/2_ticket_powerball2.jpg","datePublished":"2023-04-24T17:35:03+00:00","dateModified":"2025-12-15T21:38:26+00:00","description":"Nasz serwis internetowy pozwala Ci gra\u0107 w Powerball z ka\u017cdego innego kraju, w tym z Polski - ju\u017c teraz zdob\u0105d\u017a sw\u00f3j bilet!","breadcrumb":{"@id":"https:\/\/redfoxlotto.com\/pl\/graj\/powerball\/#breadcrumb"},"inLanguage":"pl-PL","potentialAction":[{"@type":"ReadAction","target":["https:\/\/redfoxlotto.com\/pl\/graj\/powerball\/"]}]},{"@type":"ImageObject","inLanguage":"pl-PL","@id":"https:\/\/redfoxlotto.com\/pl\/graj\/powerball\/#primaryimage","url":"https:\/\/content.redfoxlotto.com\/uploads\/sites\/9\/2_ticket_powerball2.jpg","contentUrl":"https:\/\/content.redfoxlotto.com\/uploads\/sites\/9\/2_ticket_powerball2.jpg"},{"@type":"BreadcrumbList","@id":"https:\/\/redfoxlotto.com\/pl\/graj\/powerball\/#breadcrumb","itemListElement":[{"@type":"ListItem","position":1,"name":"Home","item":"https:\/\/redfoxlotto.com\/pl\/"},{"@type":"ListItem","position":2,"name":"Jak gra\u0107 na loteriach innych kraj\u00f3w?","item":"https:\/\/redfoxlotto.com\/pl\/graj\/"},{"@type":"ListItem","position":3,"name":"Zagraj w Powerball USA"}]},{"@type":"WebSite","@id":"https:\/\/redfoxlotto.com\/pl\/#website","url":"https:\/\/redfoxlotto.com\/pl\/","name":"Get Tickets for the World\u2019s largest jackpots","description":"Participate in worldwide lottery jackpots from any country","publisher":{"@id":"https:\/\/redfoxlotto.com\/pl\/#organization"},"potentialAction":[{"@type":"SearchAction","target":{"@type":"EntryPoint","urlTemplate":"https:\/\/redfoxlotto.com\/pl\/?s={search_term_string}"},"query-input":{"@type":"PropertyValueSpecification","valueRequired":true,"valueName":"search_term_string"}}],"inLanguage":"pl-PL"},{"@type":"Organization","@id":"https:\/\/redfoxlotto.com\/pl\/#organization","name":"Get Tickets for the World\u2019s largest jackpots","url":"https:\/\/redfoxlotto.com\/pl\/","logo":{"@type":"ImageObject","inLanguage":"pl-PL","@id":"https:\/\/redfoxlotto.com\/pl\/#\/schema\/logo\/image\/","url":"https:\/\/redfoxlotto.com\/wp-content\/uploads\/2023\/04\/logo.png","contentUrl":"https:\/\/redfoxlotto.com\/wp-content\/uploads\/2023\/04\/logo.png","width":269,"height":53,"caption":"Get Tickets for the World\u2019s largest jackpots"},"image":{"@id":"https:\/\/redfoxlotto.com\/pl\/#\/schema\/logo\/image\/"}}]}},"_links":{"self":[{"href":"https:\/\/redfoxlotto.com\/pl\/wp-json\/wp\/v2\/pages\/5709","targetHints":{"allow":["GET"]}}],"collection":[{"href":"https:\/\/redfoxlotto.com\/pl\/wp-json\/wp\/v2\/pages"}],"about":[{"href":"https:\/\/redfoxlotto.com\/pl\/wp-json\/wp\/v2\/types\/page"}],"author":[{"embeddable":true,"href":"https:\/\/redfoxlotto.com\/pl\/wp-json\/wp\/v2\/users\/1"}],"replies":[{"embeddable":true,"href":"https:\/\/redfoxlotto.com\/pl\/wp-json\/wp\/v2\/comments?post=5709"}],"version-history":[{"count":0,"href":"https:\/\/redfoxlotto.com\/pl\/wp-json\/wp\/v2\/pages\/5709\/revisions"}],"up":[{"embeddable":true,"href":"https:\/\/redfoxlotto.com\/pl\/wp-json\/wp\/v2\/pages\/5704"}],"wp:attachment":[{"href":"https:\/\/redfoxlotto.com\/pl\/wp-json\/wp\/v2\/media?parent=5709"}],"curies":[{"name":"wp","href":"https:\/\/api.w.org\/{rel}","templated":true}]}}