{"id":5707,"date":"2023-04-24T17:37:44","date_gmt":"2023-04-24T17:37:44","guid":{"rendered":"https:\/\/redfoxlotto.com\/?page_id=279\/"},"modified":"2025-12-17T09:17:30","modified_gmt":"2025-12-17T09:17:30","slug":"mega-millions","status":"publish","type":"page","link":"https:\/\/redfoxlotto.com\/pl\/graj\/mega-millions\/","title":{"rendered":"Zagraj w Mega Millions z Polski"},"content":{"rendered":"<p><script type=\"application\/ld+json\">\n{\n  \"@context\": \"https:\/\/schema.org\",\n  \"@type\": \"Service\",\n  \"name\": \"Graj w Mega Millions online\",\n  \"url\": \"https:\/\/redfoxlotto.com\/pl\/graj\/mega-millions\/\",\n  \"description\": \"Graj w loteri\u0119 Mega Millions online z dowolnego kraju. Odwied\u017a RedFoxLotto, wybierz swoje liczby i odbierz losy.\",\n  \"serviceType\": \"Internetowa us\u0142uga po\u015brednictwa los\u00f3w loteryjnych\",<\/p>\n<p>  \"provider\": {\n    \"@type\": \"Organization\",\n    \"name\": \"RedFoxLotto\",\n    \"url\": \"https:\/\/redfoxlotto.com\/pl\/graj\/mega-millions\/\",\n    \"image\": \"https:\/\/redfoxlotto.com\/wp-content\/uploads\/2025\/12\/ticket_scans.jpg\"\n  },<\/p>\n<p>  \"areaServed\": \"Worldwide\",\n  \"termsOfService\": \"https:\/\/redfoxlotto.com\/terms-and-conditions\",<\/p>\n<p>  \"additionalProperty\": {\n    \"@type\": \"PropertyValue\",\n    \"name\": \"FAQ\",\n    \"value\": \"https:\/\/redfoxlotto.com\/pl\/faq\/\"\n  },<\/p>\n<p>  \"hasOfferCatalog\": {\n    \"@type\": \"OfferCatalog\",\n    \"name\": \"Losy Mega Millions\",\n    \"itemListElement\": [{\n      \"@type\": \"Offer\",\n      \"name\": \"Losy Mega Millions\",\n      \"url\": \"https:\/\/redfoxlotto.com\/pl\/graj\/mega-millions\/\",\n      \"description\": \"Wybierz swoje liczby do nast\u0119pnego losowania Mega Millions i zam\u00f3w losy online.\",\n      \"price\": \"13.00\",\n      \"priceCurrency\": \"EUR\",\n      \"availability\": \"https:\/\/schema.org\/InStock\"\n    }]\n  },<\/p>\n<p>  \"mainEntityOfPage\": {\n    \"@type\": \"WebPage\",\n    \"@id\": \"https:\/\/redfoxlotto.com\/pl\/graj\/mega-millions\/\"\n  }\n}\n<\/script><\/p>\n<p><!--more-->Nie musisz podr\u00f3\u017cowa\u0107 do USA, aby zagra\u0107 na<a href=\"https:\/\/redfoxlotto.com\/pl\/loterie\/mega-millions\/\"> loterii US Mega Millions<\/a>. <strong>Mo\u017cesz r\u00f3wnie\u017c zagra\u0107 w Mega Millions z Polski.<\/strong> Zapewnimy Pa\u0144stwu bilety za po\u015brednictwem naszego serwisu internetowego. Mo\u017cesz zam\u00f3wi\u0107 je na naszej stronie internetowej. Jeden z naszych agent\u00f3w w USA kupi bilety (z wybranymi numerami). Nast\u0119pnie otrzymasz od nas wiadomo\u015b\u0107 e-mail z potwierdzeniem zakupu. Zajmujemy si\u0119 r\u00f3wnie\u017c wyp\u0142at\u0105 Twoich wygranych. Wi\u0119cej informacji na temat naszych us\u0142ug mo\u017cna znale\u017a\u0107 w sekcji FAQ.<\/p>\n<h2>Zasady loterii Mega Millions<\/h2>\n<p><img loading=\"lazy\" decoding=\"async\" class=\" wp-image alignright\" src=\"https:\/\/content.redfoxlotto.com\/uploads\/sites\/9\/1_play_mega_millions_jackpot.jpg\" alt=\"mega millions online\" width=\"192\" height=\"192\" \/>Gracz wybiera pi\u0119\u0107 liczb od 1 do 70, a tak\u017ce dodatkow\u0105 liczb\u0119 od 1 do 25. Aby wygra\u0107 jackpota, wszystkie sze\u015b\u0107 liczb musi by\u0107 poprawnie dobranych. Za pi\u0119\u0107 poprawnych g\u0142\u00f3wnych liczb nagroda wynosi 1 milion dolar\u00f3w.<\/p>\n<h2>Mega Millions Jackpot<\/h2>\n<p><a href=\"https:\/\/redfoxlotto.com\/pl\/aktualna-kwota-powerball-i-mega-millions-jackpot-dzisiaj\/\">Mega Millions<\/a> Lotto jest znany z szybko rosn\u0105cych jackpot\u00f3w. Dzieje si\u0119 tak dlatego, \u017ce z jednej strony setki milion\u00f3w bilet\u00f3w s\u0105 sprzedawane tydzie\u0144 po tygodniu w USA. Ale jackpot cz\u0119sto nie jest \u0142amany przez kilka tygodni. Jackpot zawsze zaczyna si\u0119 od co najmniej 40 milion\u00f3w dolar\u00f3w. Zwykle zaczyna si\u0119 wolniej, jak 10-15 milion\u00f3w dolar\u00f3w na losowanie (s\u0105 dwa losowania w tygodniu).<\/p>\n<p>Kiedy nikt nie wygra najwy\u017cszej klasy nagrody, kwota 100 milion\u00f3w zostaje szybko osi\u0105gni\u0119ta. Po przekroczeniu tego progu, sprzedaje si\u0119 wi\u0119cej bilet\u00f3w ni\u017c zwykle, poniewa\u017c teraz ka\u017cdy chce zagra\u0107 na loterii. <a href=\"https:\/\/redfoxlotto.com\/pl\/tabele-wyplat-powerball-mega-millions\/\">Jackpot<\/a> zaczyna &#8222;eksplodowa\u0107&#8221;. Wzrost z 200 milion\u00f3w do 500 milion\u00f3w w ci\u0105gu tygodnia jest ca\u0142kiem normalny. A je\u015bli jackpot nie zosta\u0142 wygrany w ci\u0105gu 10 tygodni, to nawet przekroczy kwot\u0119 1 miliarda dolar\u00f3w, co ostatnio mia\u0142o miejsce 10\/19\/2018 roku. Jackpot zosta\u0142 ostatecznie wygrany przez jednego zwyci\u0119zc\u0119 10\/23\/2018 roku, w kt\u00f3rym to momencie jego wielko\u015b\u0107 wynosi\u0142a 1,6 miliarda.<\/p>\n<p>Gdy wielko\u015b\u0107 jackpota jest znaczna, warto pomy\u015ble\u0107 o zam\u00f3wieniu biletu online w taki spos\u00f3b, aby uczestniczy\u0142 on w wielu kolejnych losowaniach. W ten spos\u00f3b upewniasz si\u0119, \u017ce jeste\u015b w grze na kolejne, jeszcze wy\u017csze jackpoty.<\/p>\n<p>Nale\u017cy wspomnie\u0107, \u017ce zwyci\u0119zca jackpota mo\u017ce wybra\u0107 jedn\u0105 z dw\u00f3ch opcji. Albo decyduje si\u0119 na otrzymanie pe\u0142nej kwoty w 30 rocznych wyp\u0142atach (z roczn\u0105 podwy\u017ck\u0105 o 5% w celu skorygowania inflacji), albo decyduje si\u0119 na otrzymanie natychmiastowej jednorazowej wyp\u0142aty. Wyp\u0142ata ta by\u0142aby ni\u017csza ni\u017c pe\u0142na kwota jackpota.<\/p>\n<h2>Czy ten serwis internetowy jest legalny dla graczy z Polski?<\/h2>\n<p><img loading=\"lazy\" decoding=\"async\" class=\" wp-image alignright\" src=\"https:\/\/content.redfoxlotto.com\/uploads\/sites\/9\/2_ticket_mega_millions.jpg\" alt=\"Zagraj z Polski\" width=\"181\" height=\"121\" \/>Jest to w 100% legalne dla graczy ze wszystkich kraj\u00f3w, w tym z Polski. To tak jakby\u015b kupowa\u0142 bilet dla Mega Millions podczas pobytu w USA. Poniewa\u017c w USA bilety na loteri\u0119 mog\u0105 by\u0107 sprzedawane ka\u017cdemu powy\u017cej 18 roku \u017cycia, <strong>obcokrajowcy mog\u0105 legalnie wygra\u0107<\/strong>. Ostatecznie liczy si\u0119 tylko to, \u017ce masz sw\u00f3j bilet. Ponadto zadbamy r\u00f3wnie\u017c o to, aby\u015b dostawa\u0142 wynagrodzenie za to, co wygra\u0142e\u015b. W przypadku wi\u0119kszych wygranych (powy\u017cej 2500 euro) zazwyczaj otrzymasz czek lub przelew bankowy.<\/p>\n<p>Chocia\u017c, w przypadku wygrania jackpota, by\u0107 mo\u017ce b\u0119dziesz musia\u0142 uda\u0107 si\u0119 do Stan\u00f3w Zjednoczonych, gdzie czek zostanie Ci osobi\u015bcie przekazany. Na pewno by\u0142by\u015b szcz\u0119\u015bliwy i podekscytowany t\u0105 podr\u00f3\u017c\u0105!<\/p>\n<p>Czy nast\u0119pny <a href=\"https:\/\/redfoxlotto.com\/pl\/kup-bilet-na-loterie-usa-online\/\">jackpot Mega Millions<\/a> jest zarezerwowany dla Ciebie? Spr\u00f3buj szcz\u0119\u015bcia teraz &#8211;<strong> nie mo\u017cesz wygra\u0107, je\u015bli nie kupisz biletu!<\/strong><\/p>\n","protected":false},"excerpt":{"rendered":"","protected":false},"author":1,"featured_media":0,"parent":5704,"menu_order":2,"comment_status":"closed","ping_status":"closed","template":"megamillion.php","meta":{"_et_pb_use_builder":"","_et_pb_old_content":"","_et_gb_content_width":"","exclude_from_search":false,"footnotes":""},"class_list":["post-5707","page","type-page","status-publish","hentry"],"yoast_head":"<!-- This site is optimized with the Yoast SEO plugin v23.8 - https:\/\/yoast.com\/wordpress\/plugins\/seo\/ -->\n<title>Zagraj Mega Millions Online z Polski<\/title>\n<meta name=\"description\" content=\"Zam\u00f3w bilet Mega Millions tutaj - z Polski lub innego kraju!\" \/>\n<meta name=\"robots\" content=\"index, follow, max-snippet:-1, max-image-preview:large, max-video-preview:-1\" \/>\n<link rel=\"canonical\" href=\"https:\/\/redfoxlotto.com\/pl\/graj\/mega-millions\/\" \/>\n<meta property=\"og:locale\" content=\"pl_PL\" \/>\n<meta property=\"og:type\" content=\"article\" \/>\n<meta property=\"og:title\" content=\"Zagraj Mega Millions Online z Polski\" \/>\n<meta property=\"og:description\" content=\"Zam\u00f3w bilet Mega Millions tutaj - z Polski lub innego kraju!\" \/>\n<meta property=\"og:url\" content=\"https:\/\/redfoxlotto.com\/pl\/graj\/mega-millions\/\" \/>\n<meta property=\"og:site_name\" content=\"Get Tickets for the World\u2019s largest jackpots\" \/>\n<meta property=\"article:modified_time\" content=\"2025-12-17T09:17:30+00:00\" \/>\n<meta property=\"og:image\" content=\"https:\/\/content.redfoxlotto.com\/uploads\/sites\/9\/1_play_mega_millions_jackpot.jpg\" \/>\n<meta name=\"twitter:card\" content=\"summary_large_image\" \/>\n<meta name=\"twitter:label1\" content=\"Szacowany czas czytania\" \/>\n\t<meta name=\"twitter:data1\" content=\"3 minuty\" \/>\n<script type=\"application\/ld+json\" class=\"yoast-schema-graph\">{\"@context\":\"https:\/\/schema.org\",\"@graph\":[{\"@type\":\"WebPage\",\"@id\":\"https:\/\/redfoxlotto.com\/pl\/graj\/mega-millions\/\",\"url\":\"https:\/\/redfoxlotto.com\/pl\/graj\/mega-millions\/\",\"name\":\"Zagraj Mega Millions Online z Polski\",\"isPartOf\":{\"@id\":\"https:\/\/redfoxlotto.com\/pl\/#website\"},\"primaryImageOfPage\":{\"@id\":\"https:\/\/redfoxlotto.com\/pl\/graj\/mega-millions\/#primaryimage\"},\"image\":{\"@id\":\"https:\/\/redfoxlotto.com\/pl\/graj\/mega-millions\/#primaryimage\"},\"thumbnailUrl\":\"https:\/\/content.redfoxlotto.com\/uploads\/sites\/9\/1_play_mega_millions_jackpot.jpg\",\"datePublished\":\"2023-04-24T17:37:44+00:00\",\"dateModified\":\"2025-12-17T09:17:30+00:00\",\"description\":\"Zam\u00f3w bilet Mega Millions tutaj - z Polski lub innego kraju!\",\"breadcrumb\":{\"@id\":\"https:\/\/redfoxlotto.com\/pl\/graj\/mega-millions\/#breadcrumb\"},\"inLanguage\":\"pl-PL\",\"potentialAction\":[{\"@type\":\"ReadAction\",\"target\":[\"https:\/\/redfoxlotto.com\/pl\/graj\/mega-millions\/\"]}]},{\"@type\":\"ImageObject\",\"inLanguage\":\"pl-PL\",\"@id\":\"https:\/\/redfoxlotto.com\/pl\/graj\/mega-millions\/#primaryimage\",\"url\":\"https:\/\/content.redfoxlotto.com\/uploads\/sites\/9\/1_play_mega_millions_jackpot.jpg\",\"contentUrl\":\"https:\/\/content.redfoxlotto.com\/uploads\/sites\/9\/1_play_mega_millions_jackpot.jpg\"},{\"@type\":\"BreadcrumbList\",\"@id\":\"https:\/\/redfoxlotto.com\/pl\/graj\/mega-millions\/#breadcrumb\",\"itemListElement\":[{\"@type\":\"ListItem\",\"position\":1,\"name\":\"Home\",\"item\":\"https:\/\/redfoxlotto.com\/pl\/\"},{\"@type\":\"ListItem\",\"position\":2,\"name\":\"Jak gra\u0107 na loteriach innych kraj\u00f3w?\",\"item\":\"https:\/\/redfoxlotto.com\/pl\/graj\/\"},{\"@type\":\"ListItem\",\"position\":3,\"name\":\"Zagraj w Mega Millions z Polski\"}]},{\"@type\":\"WebSite\",\"@id\":\"https:\/\/redfoxlotto.com\/pl\/#website\",\"url\":\"https:\/\/redfoxlotto.com\/pl\/\",\"name\":\"Get Tickets for the World\u2019s largest jackpots\",\"description\":\"Participate in worldwide lottery jackpots from any country\",\"publisher\":{\"@id\":\"https:\/\/redfoxlotto.com\/pl\/#organization\"},\"potentialAction\":[{\"@type\":\"SearchAction\",\"target\":{\"@type\":\"EntryPoint\",\"urlTemplate\":\"https:\/\/redfoxlotto.com\/pl\/?s={search_term_string}\"},\"query-input\":{\"@type\":\"PropertyValueSpecification\",\"valueRequired\":true,\"valueName\":\"search_term_string\"}}],\"inLanguage\":\"pl-PL\"},{\"@type\":\"Organization\",\"@id\":\"https:\/\/redfoxlotto.com\/pl\/#organization\",\"name\":\"Get Tickets for the World\u2019s largest jackpots\",\"url\":\"https:\/\/redfoxlotto.com\/pl\/\",\"logo\":{\"@type\":\"ImageObject\",\"inLanguage\":\"pl-PL\",\"@id\":\"https:\/\/redfoxlotto.com\/pl\/#\/schema\/logo\/image\/\",\"url\":\"https:\/\/redfoxlotto.com\/wp-content\/uploads\/2023\/04\/logo.png\",\"contentUrl\":\"https:\/\/redfoxlotto.com\/wp-content\/uploads\/2023\/04\/logo.png\",\"width\":269,\"height\":53,\"caption\":\"Get Tickets for the World\u2019s largest jackpots\"},\"image\":{\"@id\":\"https:\/\/redfoxlotto.com\/pl\/#\/schema\/logo\/image\/\"}}]}<\/script>\n<!-- \/ Yoast SEO plugin. -->","yoast_head_json":{"title":"Zagraj Mega Millions Online z Polski","description":"Zam\u00f3w bilet Mega Millions tutaj - z Polski lub innego kraju!","robots":{"index":"index","follow":"follow","max-snippet":"max-snippet:-1","max-image-preview":"max-image-preview:large","max-video-preview":"max-video-preview:-1"},"canonical":"https:\/\/redfoxlotto.com\/pl\/graj\/mega-millions\/","og_locale":"pl_PL","og_type":"article","og_title":"Zagraj Mega Millions Online z Polski","og_description":"Zam\u00f3w bilet Mega Millions tutaj - z Polski lub innego kraju!","og_url":"https:\/\/redfoxlotto.com\/pl\/graj\/mega-millions\/","og_site_name":"Get Tickets for the World\u2019s largest jackpots","article_modified_time":"2025-12-17T09:17:30+00:00","og_image":[{"url":"https:\/\/content.redfoxlotto.com\/uploads\/sites\/9\/1_play_mega_millions_jackpot.jpg"}],"twitter_card":"summary_large_image","twitter_misc":{"Szacowany czas czytania":"3 minuty"},"schema":{"@context":"https:\/\/schema.org","@graph":[{"@type":"WebPage","@id":"https:\/\/redfoxlotto.com\/pl\/graj\/mega-millions\/","url":"https:\/\/redfoxlotto.com\/pl\/graj\/mega-millions\/","name":"Zagraj Mega Millions Online z Polski","isPartOf":{"@id":"https:\/\/redfoxlotto.com\/pl\/#website"},"primaryImageOfPage":{"@id":"https:\/\/redfoxlotto.com\/pl\/graj\/mega-millions\/#primaryimage"},"image":{"@id":"https:\/\/redfoxlotto.com\/pl\/graj\/mega-millions\/#primaryimage"},"thumbnailUrl":"https:\/\/content.redfoxlotto.com\/uploads\/sites\/9\/1_play_mega_millions_jackpot.jpg","datePublished":"2023-04-24T17:37:44+00:00","dateModified":"2025-12-17T09:17:30+00:00","description":"Zam\u00f3w bilet Mega Millions tutaj - z Polski lub innego kraju!","breadcrumb":{"@id":"https:\/\/redfoxlotto.com\/pl\/graj\/mega-millions\/#breadcrumb"},"inLanguage":"pl-PL","potentialAction":[{"@type":"ReadAction","target":["https:\/\/redfoxlotto.com\/pl\/graj\/mega-millions\/"]}]},{"@type":"ImageObject","inLanguage":"pl-PL","@id":"https:\/\/redfoxlotto.com\/pl\/graj\/mega-millions\/#primaryimage","url":"https:\/\/content.redfoxlotto.com\/uploads\/sites\/9\/1_play_mega_millions_jackpot.jpg","contentUrl":"https:\/\/content.redfoxlotto.com\/uploads\/sites\/9\/1_play_mega_millions_jackpot.jpg"},{"@type":"BreadcrumbList","@id":"https:\/\/redfoxlotto.com\/pl\/graj\/mega-millions\/#breadcrumb","itemListElement":[{"@type":"ListItem","position":1,"name":"Home","item":"https:\/\/redfoxlotto.com\/pl\/"},{"@type":"ListItem","position":2,"name":"Jak gra\u0107 na loteriach innych kraj\u00f3w?","item":"https:\/\/redfoxlotto.com\/pl\/graj\/"},{"@type":"ListItem","position":3,"name":"Zagraj w Mega Millions z Polski"}]},{"@type":"WebSite","@id":"https:\/\/redfoxlotto.com\/pl\/#website","url":"https:\/\/redfoxlotto.com\/pl\/","name":"Get Tickets for the World\u2019s largest jackpots","description":"Participate in worldwide lottery jackpots from any country","publisher":{"@id":"https:\/\/redfoxlotto.com\/pl\/#organization"},"potentialAction":[{"@type":"SearchAction","target":{"@type":"EntryPoint","urlTemplate":"https:\/\/redfoxlotto.com\/pl\/?s={search_term_string}"},"query-input":{"@type":"PropertyValueSpecification","valueRequired":true,"valueName":"search_term_string"}}],"inLanguage":"pl-PL"},{"@type":"Organization","@id":"https:\/\/redfoxlotto.com\/pl\/#organization","name":"Get Tickets for the World\u2019s largest jackpots","url":"https:\/\/redfoxlotto.com\/pl\/","logo":{"@type":"ImageObject","inLanguage":"pl-PL","@id":"https:\/\/redfoxlotto.com\/pl\/#\/schema\/logo\/image\/","url":"https:\/\/redfoxlotto.com\/wp-content\/uploads\/2023\/04\/logo.png","contentUrl":"https:\/\/redfoxlotto.com\/wp-content\/uploads\/2023\/04\/logo.png","width":269,"height":53,"caption":"Get Tickets for the World\u2019s largest jackpots"},"image":{"@id":"https:\/\/redfoxlotto.com\/pl\/#\/schema\/logo\/image\/"}}]}},"_links":{"self":[{"href":"https:\/\/redfoxlotto.com\/pl\/wp-json\/wp\/v2\/pages\/5707","targetHints":{"allow":["GET"]}}],"collection":[{"href":"https:\/\/redfoxlotto.com\/pl\/wp-json\/wp\/v2\/pages"}],"about":[{"href":"https:\/\/redfoxlotto.com\/pl\/wp-json\/wp\/v2\/types\/page"}],"author":[{"embeddable":true,"href":"https:\/\/redfoxlotto.com\/pl\/wp-json\/wp\/v2\/users\/1"}],"replies":[{"embeddable":true,"href":"https:\/\/redfoxlotto.com\/pl\/wp-json\/wp\/v2\/comments?post=5707"}],"version-history":[{"count":0,"href":"https:\/\/redfoxlotto.com\/pl\/wp-json\/wp\/v2\/pages\/5707\/revisions"}],"up":[{"embeddable":true,"href":"https:\/\/redfoxlotto.com\/pl\/wp-json\/wp\/v2\/pages\/5704"}],"wp:attachment":[{"href":"https:\/\/redfoxlotto.com\/pl\/wp-json\/wp\/v2\/media?parent=5707"}],"curies":[{"name":"wp","href":"https:\/\/api.w.org\/{rel}","templated":true}]}}