{"id":5706,"date":"2022-10-26T09:30:02","date_gmt":"2022-10-26T09:30:02","guid":{"rendered":"https:\/\/redfoxlotto.com\/?page_id=277\/"},"modified":"2025-12-17T08:08:05","modified_gmt":"2025-12-17T08:08:05","slug":"euromillions","status":"publish","type":"page","link":"https:\/\/redfoxlotto.com\/pl\/graj\/euromillions\/","title":{"rendered":"Jak gra\u0107 w Euromillions z Polski"},"content":{"rendered":"<p><script type=\"application\/ld+json\">\n{\n  \"@context\": \"https:\/\/schema.org\",\n  \"@type\": \"Service\",\n  \"name\": \"Graj w Euromillions Online\",\n  \"url\": \"https:\/\/redfoxlotto.com\/pl\/graj\/euromillions\/\",\n  \"description\": \"Graj w loteri\u0119 Euromillions online z dowolnego kraju. Odwied\u017a RedFoxLotto, wybierz swoje liczby i zdob\u0105d\u017a swoje bilety.\",\n  \"serviceType\": \"Online lottery ticket messenger service\",\n  \"provider\": {\n    \"@type\": \"Organization\",\n    \"name\": \"RedFoxLotto\",\n    \"url\": \"https:\/\/redfoxlotto.com\/pl\/\",\n    \"image\": \"https:\/\/redfoxlotto.com\/wp-content\/uploads\/2025\/12\/ticket_scans.jpg\",\n    \"sameAs\": []\n  },\n  \"areaServed\": \"Worldwide\",\n  \"termsOfService\": \"https:\/\/redfoxlotto.com\/terms-and-conditions\",\n  \"additionalProperty\": {\n    \"@type\": \"PropertyValue\",\n    \"name\": \"FAQ\",\n    \"value\": \"https:\/\/redfoxlotto.com\/pl\/faq\/\"\n  },\n  \"hasOfferCatalog\": {\n    \"@type\": \"OfferCatalog\",\n    \"name\": \"Bilety Euromillions\",\n    \"itemListElement\": [\n      {\n        \"@type\": \"Offer\",\n        \"name\": \"Bilety Euromillions\",\n        \"url\": \"https:\/\/redfoxlotto.com\/pl\/graj\/euromillions\/\",\n        \"description\": \"Kliknij tutaj, aby wybra\u0107 swoje liczby do nast\u0119pnego losowania Euromillions \u2013 zam\u00f3w bilety online.\",\n        \"price\": \"7.00\",\n        \"priceCurrency\": \"EUR\",\n        \"availability\": \"https:\/\/schema.org\/InStock\",\n        \"itemOffered\": {\n          \"@type\": \"Service\",\n          \"name\": \"Bilety Euromillions\",\n          \"description\": \"Graj w nast\u0119pne losowanie Euromillions za po\u015brednictwem RedFoxLotto.\"\n        }\n      }\n    ]\n  },\n  \"mainEntityOfPage\": {\n    \"@type\": \"WebPage\",\n    \"@id\": \"https:\/\/redfoxlotto.com\/pl\/graj\/euromillions\/\"\n  }\n}\n<\/script><\/p>\n<p>Czy kiedykolwiek s\u0142ysza\u0142e\u015b o loterii EuroMillions? Je\u015bli mieszkasz w kraju europejskim, to na pewno tak. Ale je\u015bli mieszkasz w Polsce, by\u0107 mo\u017ce nie. Przyjrzyjmy si\u0119 wi\u0119c nieco bli\u017cej, jak gra\u0107 w EuroMillions online, dobrze?<\/p>\n<p>EuroMillions to mi\u0119dzynarodowa loteria, w kt\u00f3r\u0105 mo\u017cna gra\u0107 w dziewi\u0119ciu krajach europejskich. Oznacza to, \u017ce mo\u017cesz ju\u017c mieszka\u0107 w kraju, w kt\u00f3rym mo\u017cesz kupi\u0107 los. Los\u00f3w na loteri\u0119 EuroMillions nie mo\u017cna jednak kupi\u0107 w sklepach w innych krajach, w tym w Polsce.<\/p>\n<p>Teraz zdecydowanie b\u0119dziesz chcia\u0142 co\u015b z tym zrobi\u0107, poniewa\u017c opr\u00f3cz Eurojackpot, EuroMillions jest najwi\u0119ksz\u0105 loteri\u0105 w Europie. Loteria zosta\u0142a za\u0142o\u017cona w 2004 roku i do tej pory rekordowa kumulacja wynios\u0142a 190 milion\u00f3w euro. Zosta\u0142a ona wygrana przez jednego, nieznanego gracza w pa\u017adzierniku 2014 roku. To zdecydowanie co\u015b, na co b\u0119dziesz chcia\u0142 przynajmniej mie\u0107 szans\u0119, prawda?<\/p>\n<p>Chcesz m\u00f3c powiedzie\u0107, \u017ce prawie wygra\u0142e\u015b EuroMillions? C\u00f3\u017c, dlatego b\u0119dziesz musia\u0142 dowiedzie\u0107 si\u0119 wi\u0119cej o ich biletach.<img loading=\"lazy\" decoding=\"async\" class=\"wp-image-4203 alignright\" src=\"https:\/\/content.redfoxlotto.com\/uploads\/sites\/9\/2_ticket_euromillions.jpg\" alt=\"euromillions online\" width=\"156\" height=\"416\" \/><\/p>\n<p>Losowania lotto EuroMillions odbywaj\u0105 si\u0119 w Pary\u017cu we wtorki i pi\u0105tki. Aby wygra\u0107 g\u0142\u00f3wn\u0105 wygran\u0105, kupon musi poprawnie wskazywa\u0107 5 liczb od 1 do 50, a tak\u017ce &#8222;szcz\u0119\u015bliw\u0105 gwiazd\u0119&#8221;, liczb\u0119 od 1 do 12. Oczywi\u015bcie istniej\u0105 r\u00f3wnie\u017c inne poziomy wygranych. Aby uzyska\u0107 najmniejsz\u0105 wygran\u0105, nale\u017cy poprawnie zaznaczy\u0107 2 z 5 g\u0142\u00f3wnych liczb.<\/p>\n<p>Wszystko to oznacza, \u017ce masz naprawd\u0119 du\u017ce szanse na wygran\u0105, poniewa\u017c wystarczy trafi\u0107 tylko 2 liczby, aby zdoby\u0107 nagrod\u0119. A kiedy wygrasz nawet mniejsz\u0105 nagrod\u0119, b\u0119dziesz mia\u0142 pieni\u0105dze, kt\u00f3rych potrzebujesz, aby kupi\u0107 nowy los i spr\u00f3bowa\u0107 ponownie w nast\u0119pnym losowaniu.<\/p>\n<h2>Jak dzia\u0142a zakup los\u00f3w online z Polski?<\/h2>\n<p>Aby kupi\u0107 losy i zagra\u0107 w EuroMillions online z Polski, wystarczy klikn\u0105\u0107 na EuroMillions na naszej stronie internetowej. Stamt\u0105d zostaniesz przeprowadzony przez kolejne kroki, kt\u00f3re musisz wykona\u0107, aby zdoby\u0107 bilet. Wybierasz swoje liczby, dowolne liczby, kt\u00f3re chcesz (o ile s\u0105 zgodne z zasadami). Dost\u0119pna jest r\u00f3wnie\u017c funkcja &#8222;Quick Pick&#8221;.<\/p>\n<p>Wystarczy jedno klikni\u0119cie myszk\u0105, aby generator liczb losowych wybra\u0142 numery. Nadal mo\u017cesz r\u0119cznie zmieni\u0107 wybrane liczby, je\u015bli chcesz, aby uzyska\u0107 kombinacj\u0119 w\u0142asnych wybranych liczb i liczb, kt\u00f3re zosta\u0142y losowo wybrane dla Ciebie. Nast\u0119pnie dodaj dowoln\u0105 liczb\u0119 los\u00f3w do koszyka, aby by\u0107 gotowym do zakupu.<\/p>\n<p>Je\u015bli chcesz, mo\u017cesz doda\u0107 wi\u0119cej los\u00f3w do swojego zam\u00f3wienia. Twoje zam\u00f3wienie mo\u017ce nawet zawiera\u0107 kupony na inne loterie. Wielu naszych klient\u00f3w gra w kilka mi\u0119dzynarodowych loterii jednocze\u015bnie. Wi\u0119kszo\u015b\u0107 ludzi wybiera swoje loterie w oparciu o aktualn\u0105 wielko\u015b\u0107 jackpota i to w\u0142a\u015bnie tam prawdopodobnie znajdziesz r\u00f3wnie\u017c EuroMillions. Jackpot ten zazwyczaj osi\u0105ga naprawd\u0119 dobre wyniki i jest to jeden z tych, kt\u00f3re warto zobaczy\u0107 na w\u0142asne oczy (i wzi\u0105\u0107 w nim udzia\u0142).<\/p>\n<p>Nast\u0119pnie post\u0119puj zgodnie z instrukcjami na naszej stronie internetowej, aby doko\u0144czy\u0107 zakup i zap\u0142aci\u0107 online. Mo\u017cesz otrzyma\u0107 sw\u00f3j bilet w ci\u0105gu zaledwie kilku minut, nawet je\u015bli nie masz jeszcze u nas konta. Naprawd\u0119 u\u0142atwiamy rozpocz\u0119cie gry.<\/p>\n<h2>Zalety gry w mi\u0119dzynarodowe loterie, takie jak Euromillions online<\/h2>\n<p>Pomijaj\u0105c wygod\u0119, jest to jedna z g\u0142\u00f3wnych zalet gry w mi\u0119dzynarodowe loterie. Mo\u017cesz wykorzysta\u0107 swoje pieni\u0105dze na loteri\u0119 z wi\u0119kszym zyskiem, kupuj\u0105c tylko losy na te loterie, kt\u00f3rych jackpoty s\u0105 obecnie wystarczaj\u0105co wysokie. Nie trzeba czeka\u0107 tygodniami, a\u017c jackpot krajowej loterii b\u0119dzie wystarczaj\u0105co wysoki w danym kraju. Mo\u017cesz wybra\u0107 znacznie wi\u0119kszy jackpot online w zasadzie w dowolnym momencie. W rzeczywisto\u015bci wi\u0119kszo\u015b\u0107 kraj\u00f3w na \u015bwiecie ma loterie, kt\u00f3re nigdy nie osi\u0105gaj\u0105 jackpot\u00f3w, kt\u00f3re maj\u0105 nawet u\u0142amek tego, co maj\u0105 najwi\u0119ksze \u015bwiatowe loterie.<\/p>\n<p>Dla tych, kt\u00f3rzy naprawd\u0119 chc\u0105 mie\u0107 szans\u0119 na jedne z najwi\u0119kszych nagr\u00f3d, kt\u00f3re s\u0105 zdecydowanie najlepsze ze wszystkich. Chcesz mie\u0107 szans\u0119 na miliony, a nie tylko na niewielkie kwoty, od kt\u00f3rych zaczyna si\u0119 wiele loterii w Polsce. Oczywi\u015bcie, mi\u0142o jest wygra\u0107. Ale jeszcze przyjemniej b\u0119dzie wygra\u0107, je\u015bli zdob\u0119dziesz co\u015b, co naprawd\u0119 zmieni twoje \u017cycie, zamiast wygrywa\u0107 co\u015b, co po prostu kupi ci nast\u0119pny bilet, kt\u00f3ry chcesz.<\/p>\n<p>Ze wzgl\u0119du na fakt, \u017ce istniej\u0105 dwa cotygodniowe losowania, jackpot EuroMillions ro\u015bnie do\u015b\u0107 szybko. Z tego powodu warto rozwa\u017cy\u0107 aktywacj\u0119 opcji udzia\u0142u kupon\u00f3w w kilku kolejnych losowaniach. Mo\u017cna to zrobi\u0107 podczas procesu zakupu online.<\/p>\n<p>Opcja jest dost\u0119pna przed zako\u0144czeniem zam\u00f3wienia. Dzi\u0119ki temu zawsze pozostaniesz w grze o kolejny najwy\u017cszy jackpot w nast\u0119pnym losowaniu. Nast\u0119pne losowanie mo\u017ce nie wy\u0142oni\u0107 zwyci\u0119zcy g\u0142\u00f3wnej nagrody, ale by\u0107 mo\u017ce kolejne b\u0119dzie Twoim szcz\u0119\u015bliwym strza\u0142em.<br \/>\n<img loading=\"lazy\" decoding=\"async\" class=\"alignright size-full wp-image-4215\" src=\"https:\/\/content.redfoxlotto.com\/uploads\/sites\/9\/1_play_onlinelottery4.jpg\" alt=\"gra online\" width=\"231\" height=\"130\" \/><br \/>\nJe\u015bli kupisz dodatkowe losowania dla pojedynczego kuponu, oznacza to r\u00f3wnie\u017c, \u017ce nie musisz martwi\u0107 si\u0119 o zdobycie wi\u0119kszej liczby kupon\u00f3w przez nieco d\u0142u\u017cszy czas. Mo\u017cesz po prostu poczeka\u0107 i zobaczy\u0107, co zrobi Tw\u00f3j obecny kupon i zobaczy\u0107, jak przyniesie Ci du\u017c\u0105 wygran\u0105. To bardzo proste i sprawi, \u017ce b\u0119dziesz bardziej ni\u017c szcz\u0119\u015bliwy, gdy zobaczysz mo\u017cliw\u0105 wyp\u0142at\u0119.<\/p>\n<p>Gracze p\u0142ac\u0105 nieco wi\u0119cej, poniewa\u017c kupony EuroMillions s\u0105 kupowane w Wielkiej Brytanii. Wynika to z faktu, \u017ce kupony z Wielkiej Brytanii s\u0105 dostarczane z automatycznym wej\u015bciem do losowania Millionaire Maker, kt\u00f3re zapewnia dodatkow\u0105 szans\u0119 na wygranie nagrody w wysoko\u015bci 1 miliona funt\u00f3w.<\/p>\n<p>Millionaire Maker dzia\u0142a poprzez generowanie unikalnego kodu dla ka\u017cdego zakupionego kuponu. Kod ten sk\u0142ada si\u0119 z czterech liter, po kt\u00f3rych nast\u0119puje pi\u0119\u0107 cyfr (np. ABCD12345). W ka\u017cdym losowaniu jeden lub wi\u0119cej z tych kod\u00f3w jest wybieranych losowo, a posiadacz kuponu z pasuj\u0105cym kodem natychmiast wygrywa 1 milion funt\u00f3w, niezale\u017cnie od wylosowanych g\u0142\u00f3wnych liczb EuroMillions.<\/p>\n<p>Ta funkcja sprawia, \u017ce gra w EuroMillions w Wielkiej Brytanii jest szczeg\u00f3lnie atrakcyjna, poniewa\u017c zapewnia dodatkow\u0105 szans\u0119 na wygranie znacz\u0105cej nagrody poza standardowym jackpotem i nagrodami ni\u017cszego poziomu.<\/p>\n<p>Wi\u0119c je\u015bli jackpot w lokalnej loterii w Polsce nie jest teraz tak atrakcyjny, dlaczego nie spr\u00f3bowa\u0107 szcz\u0119\u015bcia i zagra\u0107 w EuroMillions online? Nigdy nie wiesz, o co mo\u017cesz rywalizowa\u0107 lub co mo\u017cesz wygra\u0107. A ca\u0142y proces jest bardzo \u0142atwy do rozpocz\u0119cia. Co masz do stracenia, sprawdzaj\u0105c zupe\u0142nie now\u0105 gr\u0119 z jackpotami przekraczaj\u0105cymi 100 milion\u00f3w? Absolutnie nic! A mo\u017cesz wygra\u0107 co\u015b wielkiego w nast\u0119pnym losowaniu.<\/p>\n<section class=\"layout\" style=\"border: solid 1px; width: 100%;\">\n<div class=\"img-div\" style=\"margin-top: 5px;\"><img decoding=\"async\" class=\"wp-image-17212 alignleft\" style=\"height: 45px; margin: 8px 8px 0px;\" src=\"https:\/\/redfoxlotto.com\/wp-content\/uploads\/sites\/9\/read1.jpg\" alt=\"kup loteri\u0119 online\" width=\"\" height=\"\" \/><\/div>\n<div style=\"padding-left: 5px;\">\n<div style=\"font-size: 1.1em;\">\n<p><strong>Najwi\u0119ksze loteryjne jackpoty, kt\u00f3re przesz\u0142y do historii<\/strong><\/p>\n<p style=\"font-size: 0.8em; margin-top: -1.5em;\">Poznaj niekt\u00f3re z najwi\u0119kszych wygranych jackpot\u00f3w lotto w historii, kt\u00f3re zmieni\u0142y \u017cycie zwyci\u0119zc\u00f3w z dnia na dzie\u0144. <a href=\"https:\/\/redfoxlotto.com\/pl\/najwieksze-jackpoty-w-historii-loterii\/\">Czytaj wi\u0119cej<\/a><\/p>\n<\/div>\n<\/div>\n<\/section>\n","protected":false},"excerpt":{"rendered":"<p>Czy kiedykolwiek s\u0142ysza\u0142e\u015b o loterii EuroMillions? Je\u015bli mieszkasz w kraju europejskim, to na pewno tak. Ale je\u015bli mieszkasz w Polsce, by\u0107 mo\u017ce nie. Przyjrzyjmy si\u0119 wi\u0119c nieco bli\u017cej, jak gra\u0107 w EuroMillions online, dobrze? EuroMillions to mi\u0119dzynarodowa loteria, w kt\u00f3r\u0105 mo\u017cna gra\u0107 w dziewi\u0119ciu krajach europejskich. Oznacza to, \u017ce mo\u017cesz ju\u017c mieszka\u0107 w kraju, w [&hellip;]<\/p>\n","protected":false},"author":1,"featured_media":0,"parent":5704,"menu_order":3,"comment_status":"closed","ping_status":"closed","template":"euromillions.php","meta":{"_et_pb_use_builder":"","_et_pb_old_content":"","_et_gb_content_width":"","exclude_from_search":false,"footnotes":""},"class_list":["post-5706","page","type-page","status-publish","hentry"],"yoast_head":"<!-- This site is optimized with the Yoast SEO plugin v23.8 - https:\/\/yoast.com\/wordpress\/plugins\/seo\/ -->\n<title>Zagraj w Euromillions online z Polski | Najwi\u0119ksza loteria w Europie<\/title>\n<meta name=\"description\" content=\"Fani Lotto z Polski mog\u0105 gra\u0107 w Euromillions online ju\u017c teraz - sprawd\u017a nasz serwis po kupon Euromillions\" \/>\n<meta name=\"robots\" content=\"index, follow, max-snippet:-1, max-image-preview:large, max-video-preview:-1\" \/>\n<link rel=\"canonical\" href=\"https:\/\/redfoxlotto.com\/pl\/graj\/euromillions\/\" \/>\n<meta property=\"og:locale\" content=\"pl_PL\" \/>\n<meta property=\"og:type\" content=\"article\" \/>\n<meta property=\"og:title\" content=\"Zagraj w Euromillions online z Polski | Najwi\u0119ksza loteria w Europie\" \/>\n<meta property=\"og:description\" content=\"Fani Lotto z Polski mog\u0105 gra\u0107 w Euromillions online ju\u017c teraz - sprawd\u017a nasz serwis po kupon Euromillions\" \/>\n<meta property=\"og:url\" content=\"https:\/\/redfoxlotto.com\/pl\/graj\/euromillions\/\" \/>\n<meta property=\"og:site_name\" content=\"Get Tickets for the World\u2019s largest jackpots\" \/>\n<meta property=\"article:modified_time\" content=\"2025-12-17T08:08:05+00:00\" \/>\n<meta property=\"og:image\" content=\"https:\/\/content.redfoxlotto.com\/uploads\/sites\/9\/2_ticket_euromillions.jpg\" \/>\n<meta name=\"twitter:card\" content=\"summary_large_image\" \/>\n<meta name=\"twitter:label1\" content=\"Szacowany czas czytania\" \/>\n\t<meta name=\"twitter:data1\" content=\"5 minut\" \/>\n<script type=\"application\/ld+json\" class=\"yoast-schema-graph\">{\"@context\":\"https:\/\/schema.org\",\"@graph\":[{\"@type\":\"WebPage\",\"@id\":\"https:\/\/redfoxlotto.com\/pl\/graj\/euromillions\/\",\"url\":\"https:\/\/redfoxlotto.com\/pl\/graj\/euromillions\/\",\"name\":\"Zagraj w Euromillions online z Polski | Najwi\u0119ksza loteria w Europie\",\"isPartOf\":{\"@id\":\"https:\/\/redfoxlotto.com\/pl\/#website\"},\"primaryImageOfPage\":{\"@id\":\"https:\/\/redfoxlotto.com\/pl\/graj\/euromillions\/#primaryimage\"},\"image\":{\"@id\":\"https:\/\/redfoxlotto.com\/pl\/graj\/euromillions\/#primaryimage\"},\"thumbnailUrl\":\"https:\/\/content.redfoxlotto.com\/uploads\/sites\/9\/2_ticket_euromillions.jpg\",\"datePublished\":\"2022-10-26T09:30:02+00:00\",\"dateModified\":\"2025-12-17T08:08:05+00:00\",\"description\":\"Fani Lotto z Polski mog\u0105 gra\u0107 w Euromillions online ju\u017c teraz - sprawd\u017a nasz serwis po kupon Euromillions\",\"breadcrumb\":{\"@id\":\"https:\/\/redfoxlotto.com\/pl\/graj\/euromillions\/#breadcrumb\"},\"inLanguage\":\"pl-PL\",\"potentialAction\":[{\"@type\":\"ReadAction\",\"target\":[\"https:\/\/redfoxlotto.com\/pl\/graj\/euromillions\/\"]}]},{\"@type\":\"ImageObject\",\"inLanguage\":\"pl-PL\",\"@id\":\"https:\/\/redfoxlotto.com\/pl\/graj\/euromillions\/#primaryimage\",\"url\":\"https:\/\/content.redfoxlotto.com\/uploads\/sites\/9\/2_ticket_euromillions.jpg\",\"contentUrl\":\"https:\/\/content.redfoxlotto.com\/uploads\/sites\/9\/2_ticket_euromillions.jpg\"},{\"@type\":\"BreadcrumbList\",\"@id\":\"https:\/\/redfoxlotto.com\/pl\/graj\/euromillions\/#breadcrumb\",\"itemListElement\":[{\"@type\":\"ListItem\",\"position\":1,\"name\":\"Home\",\"item\":\"https:\/\/redfoxlotto.com\/pl\/\"},{\"@type\":\"ListItem\",\"position\":2,\"name\":\"Jak gra\u0107 na loteriach innych kraj\u00f3w?\",\"item\":\"https:\/\/redfoxlotto.com\/pl\/graj\/\"},{\"@type\":\"ListItem\",\"position\":3,\"name\":\"Jak gra\u0107 w Euromillions z Polski\"}]},{\"@type\":\"WebSite\",\"@id\":\"https:\/\/redfoxlotto.com\/pl\/#website\",\"url\":\"https:\/\/redfoxlotto.com\/pl\/\",\"name\":\"Get Tickets for the World\u2019s largest jackpots\",\"description\":\"Participate in worldwide lottery jackpots from any country\",\"publisher\":{\"@id\":\"https:\/\/redfoxlotto.com\/pl\/#organization\"},\"potentialAction\":[{\"@type\":\"SearchAction\",\"target\":{\"@type\":\"EntryPoint\",\"urlTemplate\":\"https:\/\/redfoxlotto.com\/pl\/?s={search_term_string}\"},\"query-input\":{\"@type\":\"PropertyValueSpecification\",\"valueRequired\":true,\"valueName\":\"search_term_string\"}}],\"inLanguage\":\"pl-PL\"},{\"@type\":\"Organization\",\"@id\":\"https:\/\/redfoxlotto.com\/pl\/#organization\",\"name\":\"Get Tickets for the World\u2019s largest jackpots\",\"url\":\"https:\/\/redfoxlotto.com\/pl\/\",\"logo\":{\"@type\":\"ImageObject\",\"inLanguage\":\"pl-PL\",\"@id\":\"https:\/\/redfoxlotto.com\/pl\/#\/schema\/logo\/image\/\",\"url\":\"https:\/\/redfoxlotto.com\/wp-content\/uploads\/2023\/04\/logo.png\",\"contentUrl\":\"https:\/\/redfoxlotto.com\/wp-content\/uploads\/2023\/04\/logo.png\",\"width\":269,\"height\":53,\"caption\":\"Get Tickets for the World\u2019s largest jackpots\"},\"image\":{\"@id\":\"https:\/\/redfoxlotto.com\/pl\/#\/schema\/logo\/image\/\"}}]}<\/script>\n<!-- \/ Yoast SEO plugin. -->","yoast_head_json":{"title":"Zagraj w Euromillions online z Polski | Najwi\u0119ksza loteria w Europie","description":"Fani Lotto z Polski mog\u0105 gra\u0107 w Euromillions online ju\u017c teraz - sprawd\u017a nasz serwis po kupon Euromillions","robots":{"index":"index","follow":"follow","max-snippet":"max-snippet:-1","max-image-preview":"max-image-preview:large","max-video-preview":"max-video-preview:-1"},"canonical":"https:\/\/redfoxlotto.com\/pl\/graj\/euromillions\/","og_locale":"pl_PL","og_type":"article","og_title":"Zagraj w Euromillions online z Polski | Najwi\u0119ksza loteria w Europie","og_description":"Fani Lotto z Polski mog\u0105 gra\u0107 w Euromillions online ju\u017c teraz - sprawd\u017a nasz serwis po kupon Euromillions","og_url":"https:\/\/redfoxlotto.com\/pl\/graj\/euromillions\/","og_site_name":"Get Tickets for the World\u2019s largest jackpots","article_modified_time":"2025-12-17T08:08:05+00:00","og_image":[{"url":"https:\/\/content.redfoxlotto.com\/uploads\/sites\/9\/2_ticket_euromillions.jpg"}],"twitter_card":"summary_large_image","twitter_misc":{"Szacowany czas czytania":"5 minut"},"schema":{"@context":"https:\/\/schema.org","@graph":[{"@type":"WebPage","@id":"https:\/\/redfoxlotto.com\/pl\/graj\/euromillions\/","url":"https:\/\/redfoxlotto.com\/pl\/graj\/euromillions\/","name":"Zagraj w Euromillions online z Polski | Najwi\u0119ksza loteria w Europie","isPartOf":{"@id":"https:\/\/redfoxlotto.com\/pl\/#website"},"primaryImageOfPage":{"@id":"https:\/\/redfoxlotto.com\/pl\/graj\/euromillions\/#primaryimage"},"image":{"@id":"https:\/\/redfoxlotto.com\/pl\/graj\/euromillions\/#primaryimage"},"thumbnailUrl":"https:\/\/content.redfoxlotto.com\/uploads\/sites\/9\/2_ticket_euromillions.jpg","datePublished":"2022-10-26T09:30:02+00:00","dateModified":"2025-12-17T08:08:05+00:00","description":"Fani Lotto z Polski mog\u0105 gra\u0107 w Euromillions online ju\u017c teraz - sprawd\u017a nasz serwis po kupon Euromillions","breadcrumb":{"@id":"https:\/\/redfoxlotto.com\/pl\/graj\/euromillions\/#breadcrumb"},"inLanguage":"pl-PL","potentialAction":[{"@type":"ReadAction","target":["https:\/\/redfoxlotto.com\/pl\/graj\/euromillions\/"]}]},{"@type":"ImageObject","inLanguage":"pl-PL","@id":"https:\/\/redfoxlotto.com\/pl\/graj\/euromillions\/#primaryimage","url":"https:\/\/content.redfoxlotto.com\/uploads\/sites\/9\/2_ticket_euromillions.jpg","contentUrl":"https:\/\/content.redfoxlotto.com\/uploads\/sites\/9\/2_ticket_euromillions.jpg"},{"@type":"BreadcrumbList","@id":"https:\/\/redfoxlotto.com\/pl\/graj\/euromillions\/#breadcrumb","itemListElement":[{"@type":"ListItem","position":1,"name":"Home","item":"https:\/\/redfoxlotto.com\/pl\/"},{"@type":"ListItem","position":2,"name":"Jak gra\u0107 na loteriach innych kraj\u00f3w?","item":"https:\/\/redfoxlotto.com\/pl\/graj\/"},{"@type":"ListItem","position":3,"name":"Jak gra\u0107 w Euromillions z Polski"}]},{"@type":"WebSite","@id":"https:\/\/redfoxlotto.com\/pl\/#website","url":"https:\/\/redfoxlotto.com\/pl\/","name":"Get Tickets for the World\u2019s largest jackpots","description":"Participate in worldwide lottery jackpots from any country","publisher":{"@id":"https:\/\/redfoxlotto.com\/pl\/#organization"},"potentialAction":[{"@type":"SearchAction","target":{"@type":"EntryPoint","urlTemplate":"https:\/\/redfoxlotto.com\/pl\/?s={search_term_string}"},"query-input":{"@type":"PropertyValueSpecification","valueRequired":true,"valueName":"search_term_string"}}],"inLanguage":"pl-PL"},{"@type":"Organization","@id":"https:\/\/redfoxlotto.com\/pl\/#organization","name":"Get Tickets for the World\u2019s largest jackpots","url":"https:\/\/redfoxlotto.com\/pl\/","logo":{"@type":"ImageObject","inLanguage":"pl-PL","@id":"https:\/\/redfoxlotto.com\/pl\/#\/schema\/logo\/image\/","url":"https:\/\/redfoxlotto.com\/wp-content\/uploads\/2023\/04\/logo.png","contentUrl":"https:\/\/redfoxlotto.com\/wp-content\/uploads\/2023\/04\/logo.png","width":269,"height":53,"caption":"Get Tickets for the World\u2019s largest jackpots"},"image":{"@id":"https:\/\/redfoxlotto.com\/pl\/#\/schema\/logo\/image\/"}}]}},"_links":{"self":[{"href":"https:\/\/redfoxlotto.com\/pl\/wp-json\/wp\/v2\/pages\/5706","targetHints":{"allow":["GET"]}}],"collection":[{"href":"https:\/\/redfoxlotto.com\/pl\/wp-json\/wp\/v2\/pages"}],"about":[{"href":"https:\/\/redfoxlotto.com\/pl\/wp-json\/wp\/v2\/types\/page"}],"author":[{"embeddable":true,"href":"https:\/\/redfoxlotto.com\/pl\/wp-json\/wp\/v2\/users\/1"}],"replies":[{"embeddable":true,"href":"https:\/\/redfoxlotto.com\/pl\/wp-json\/wp\/v2\/comments?post=5706"}],"version-history":[{"count":0,"href":"https:\/\/redfoxlotto.com\/pl\/wp-json\/wp\/v2\/pages\/5706\/revisions"}],"up":[{"embeddable":true,"href":"https:\/\/redfoxlotto.com\/pl\/wp-json\/wp\/v2\/pages\/5704"}],"wp:attachment":[{"href":"https:\/\/redfoxlotto.com\/pl\/wp-json\/wp\/v2\/media?parent=5706"}],"curies":[{"name":"wp","href":"https:\/\/api.w.org\/{rel}","templated":true}]}}