{"id":5705,"date":"2023-04-24T17:44:36","date_gmt":"2023-04-24T17:44:36","guid":{"rendered":"https:\/\/redfoxlotto.com\/?page_id=275\/"},"modified":"2025-12-16T14:31:00","modified_gmt":"2025-12-16T14:31:00","slug":"eurojackpot","status":"publish","type":"page","link":"https:\/\/redfoxlotto.com\/pl\/graj\/eurojackpot\/","title":{"rendered":"Zagraj w Eurojackpota"},"content":{"rendered":"<p><script type=\"application\/ld+json\">\n{\n  \"@context\": \"https:\/\/schema.org\",\n  \"@type\": \"Service\",\n  \"name\": \"Graj w Eurojackpot online\",\n  \"url\": \"https:\/\/redfoxlotto.com\/pl\/graj\/eurojackpot\/\",\n  \"description\": \"Graj w loteri\u0119 Eurojackpot online z dowolnego kraju. Odwied\u017a RedFoxLotto, wybierz swoje liczby i odbierz kupony.\",\n  \"serviceType\": \"Internetowa us\u0142uga po\u015brednictwa kupon\u00f3w loteryjnych\",\n  \"provider\": {\n    \"@type\": \"Organization\",\n    \"name\": \"RedFoxLotto\",\n    \"url\": \"https:\/\/redfoxlotto.com\/pl\/\",\n    \"image\": \"https:\/\/redfoxlotto.com\/wp-content\/uploads\/2025\/12\/ticket_scans.jpg\",\n    \"sameAs\": []\n  },\n  \"areaServed\": \"Worldwide\",\n  \"termsOfService\": \"https:\/\/redfoxlotto.com\/terms-and-conditions\",\n  \"additionalProperty\": {\n    \"@type\": \"PropertyValue\",\n    \"name\": \"FAQ\",\n    \"value\": \"https:\/\/redfoxlotto.com\/pl\/faq\/\"\n  },\n  \"hasOfferCatalog\": {\n    \"@type\": \"OfferCatalog\",\n    \"name\": \"Losy Eurojackpot\",\n    \"itemListElement\": [\n      {\n        \"@type\": \"Offer\",\n        \"name\": \"Losy Eurojackpot\",\n        \"url\": \"https:\/\/redfoxlotto.com\/pl\/graj\/eurojackpot\/\",\n        \"description\": \"Kliknij tutaj, aby wybra\u0107 swoje liczby na nast\u0119pne losowanie Eurojackpot i zam\u00f3wi\u0107 losy online.\",\n        \"price\": 6.00,\n        \"priceCurrency\": \"EUR\",\n        \"availability\": \"https:\/\/schema.org\/InStock\",\n        \"itemOffered\": {\n          \"@type\": \"Service\",\n          \"name\": \"Losy Eurojackpot\",\n          \"description\": \"We\u017a udzia\u0142 w nast\u0119pnym losowaniu Eurojackpot za po\u015brednictwem RedFoxLotto.\"\n        }\n      }\n    ]\n  },\n  \"mainEntityOfPage\": {\n    \"@type\": \"WebPage\",\n    \"@id\": \"https:\/\/redfoxlotto.com\/pl\/graj\/eurojackpot\/\"\n  }\n}\n<\/script><\/p>\n<p>By\u0107 mo\u017ce s\u0142ysza\u0142e\u015b o Eurojackpot Lotto, bez wzgl\u0119du na to, czy obecnie mieszkasz w jednym z kraj\u00f3w europejskich, w kt\u00f3rym jest on grany, czy nie. Jest to loteria, kt\u00f3ra rozpocz\u0119\u0142a si\u0119 w 2012 roku z udzia\u0142em 19 kraj\u00f3w europejskich. Je\u015bli jednak mieszkasz w Polsce lub w jakimkolwiek innym kraju, kt\u00f3ry nie znajduje si\u0119 na li\u015bcie uczestnik\u00f3w, nie ma sposobu, aby\u015b otrzyma\u0142 bilet do Eurojackpota w tradycyjny spos\u00f3b.<\/p>\n<p><!--more--><\/p>\n<p>Oznacza to, \u017ce od niedawna nie by\u0142by\u015b w stanie zagra\u0107, a to na pewno nie zapewni Ci dost\u0119pu do tego nowego jackpota, prawda? <a href=\"https:\/\/redfoxlotto.com\/pl\/graj\/eurojackpot\/\"><strong>Teraz mo\u017cesz zagra\u0107 w Eurojackpota online.<\/strong><\/a><\/p>\n<h2>Internet na ratunek<\/h2>\n<p><img decoding=\"async\" class=\"pe\u0142ny rozmiar wp-image alignright\" src=\"https:\/\/content.redfoxlotto.com\/uploads\/sites\/9\/2_ticket_eurojackpot1.jpg\" alt=\"eurojackpot graj online\" \/><\/p>\n<p>Rozwi\u0105zanie dla fan\u00f3w lotto z Polski i innych kraj\u00f3w jest zapewnione przez nasz\u0105 stron\u0119 internetow\u0105. Wraz z Eurojackpotem dajemy Ci dost\u0119p do wielu mi\u0119dzynarodowych loterii. Oferujemy us\u0142ug\u0119 kuriersk\u0105 dla los\u00f3w na loterie z najwi\u0119kszymi jackpotami z ca\u0142ego \u015bwiata. Wi\u0119kszo\u015b\u0107, je\u015bli nie wszystkie te <a href=\"https:\/\/redfoxlotto.com\/pl\/graj\/\">loterie<\/a> nie by\u0142yby dost\u0119pne dla Ciebie, ale mamy Ci\u0119 obj\u0119te!<\/p>\n<h2>Dlaczego warto gra\u0107 w Eurojackpota?<\/h2>\n<p>Przecie\u017c wiemy, \u017ce ludzie na ca\u0142ym \u015bwiecie naprawd\u0119 chc\u0105 mie\u0107 szans\u0119 na gr\u0119 i <a href=\"https:\/\/redfoxlotto.com\/pl\/najlepsza-strategia-wygrania-na-loterii\/\">wygranie tych wielkich jackpot\u00f3w<\/a>, a nie tylko na wygran\u0105 w krajowych grach loteryjnych.<\/p>\n<p>Wystarczy, \u017ce dokonasz wyboru z naszej listy loterii. Mamy jedne z najpopularniejszych na \u015bwiecie. W ten spos\u00f3b mo\u017cesz spojrze\u0107, zobaczy\u0107, co ka\u017cdy z nich ma do zaoferowania i zdecydowa\u0107, kt\u00f3re z nich najbardziej Ci\u0119 interesuj\u0105.<\/p>\n<p>Nast\u0119pnie wybierz swoje liczby r\u0119cznie lub pozw\u00f3l, aby nasz generator liczb losowych zrobi\u0142 to za Ciebie (funkcja &#8222;szybkiego wyboru&#8221;). Mo\u017cesz nawet po\u0142\u0105czy\u0107 te dwie liczby, wybieraj\u0105c kilka liczb, a nast\u0119pnie losowo dodaj\u0105c dowolne inne liczby, kt\u00f3rych potrzebujesz, aby wype\u0142ni\u0107 swoje bilety. W ten spos\u00f3b mo\u017cesz uzyska\u0107 niekt\u00f3re z numer\u00f3w, kt\u00f3re znasz i nadal mo\u017cesz wype\u0142ni\u0107 kart\u0119, je\u015bli nie znasz wszystkich numer\u00f3w, kt\u00f3re chcesz.<\/p>\n<p>Dodaj wi\u0119cej los\u00f3w, je\u015bli chcesz, zmieszaj r\u00f3\u017cne loterie. To pomo\u017ce Ci zwi\u0119kszy\u0107 szanse, poniewa\u017c grasz w wiele r\u00f3\u017cnych gier w tym samym czasie. Mo\u017cesz nawet robi\u0107 to, co jest bardzo popularne w\u015br\u00f3d naszych klient\u00f3w, czyli gra\u0107 w te same zestawy liczbowe w wielu loteriach.<\/p>\n<p>Dla niekt\u00f3rych jest to \u015bwietny spos\u00f3b na zwi\u0119kszenie ich szans, poniewa\u017c te liczby musz\u0105 po prostu w pewnym momencie ci\u0105gn\u0105\u0107, prawda? Musi by\u0107 spos\u00f3b, \u017ceby te liczby wygra\u0107?<\/p>\n<p>Po otrzymaniu wszystkich bilet\u00f3w, kt\u00f3re chcesz, mo\u017cesz u\u017cy\u0107 dowolnej z naszych wielu bezpiecznych opcji p\u0142atno\u015bci, aby kupi\u0107 bilety. Istnieje wiele r\u00f3\u017cnych sposob\u00f3w, z kt\u00f3rych mo\u017cesz wybiera\u0107, wi\u0119c mo\u017cesz znale\u017a\u0107 co\u015b, co sprawi, \u017ce poczujesz si\u0119 komfortowo, wk\u0142adaj\u0105c i wyjmuj\u0105c pieni\u0105dze. U\u017cywamy prawie wszystkich najpopularniejszych platform.<\/p>\n<p>Nie zapomnij okre\u015bli\u0107, w ilu losowaniach chcesz wzi\u0105\u0107 udzia\u0142. Jest to szczeg\u00f3lnie wa\u017cne, poniewa\u017c aktualny jackpot nie mo\u017ce by\u0107 wygrany w nast\u0119pnym losowaniu. Nie chcia\u0142by\u015b przegapi\u0107 szansy na wygranie jeszcze wi\u0119kszego remisu, prawda?<\/p>\n<h2>I co si\u0119 wtedy stanie?<\/h2>\n<p><strong>C\u00f3\u017c, jest to ca\u0142kiem proste, gdy grasz w Eurojackpota online.<\/strong> Mamy sie\u0107 agent\u00f3w, kt\u00f3rzy kupi\u0105 bilety na loteri\u0119 ze specyfikacjami, kt\u00f3re wybra\u0142e\u015b. W swoim koncie klienta na <a href=\"https:\/\/redfoxlotto.com\/pl\/\">RedFoxLotto.com<\/a>, zobaczysz potwierdzenie zakupu. Oczywi\u015bcie otrzymasz r\u00f3wnie\u017c potwierdzenie za po\u015brednictwem poczty elektronicznej. Oznacza to, \u017ce mo\u017cesz czu\u0107 si\u0119 pewnie, \u017ce wszystko idzie zgodnie z planem i \u017ce Twoje bilety s\u0105 gotowe i czekaj\u0105 na losowanie gry.<\/p>\n<p>Nie b\u0119dziecie musieli si\u0119 o nic martwi\u0107, poniewa\u017c b\u0119dziemy Was informowa\u0107 r\u00f3wnie\u017c na rysunkach, na wszelki wypadek, gdyby\u015bcie zapomnieli, kt\u00f3re to s\u0105 dni.<\/p>\n<p>Otrzymasz kolejne powiadomienie e-mail, je\u015bli jeden z Twoich bilet\u00f3w wygra\u0142. Tak d\u0142ugo, jak Twoje wygrane nie s\u0105 wy\u017csze ni\u017c 2500 euro, zostan\u0105 one natychmiast zaksi\u0119gowane na koncie Twojego klienta. Mo\u017cesz je wyp\u0142aci\u0107 poprzez dowolnie wybrane konto lub mo\u017cesz wykorzysta\u0107 \u015brodki na zakup wi\u0119kszej ilo\u015bci bilet\u00f3w. To bardzo u\u0142atwi ci dokonanie w\u0142asnego wyboru, prawda? W przypadku wy\u017cszej wygranej, nasze wsparcie skontaktuje si\u0119 z Tob\u0105 i zarz\u0105dzi bezpo\u015bredni\u0105 wyp\u0142at\u0105 dla Ciebie.<\/p>\n<h2>Specyfika gry w Eurojackpota<\/h2>\n<p><img decoding=\"async\" class=\"pe\u0142ny rozmiar wp-image alignright\" src=\"https:\/\/content.redfoxlotto.com\/uploads\/sites\/9\/1_play_eurojackpot.jpg\" alt=\"wygraj Eurojackpot\" \/><\/p>\n<p>Teraz, je\u015bli zamierzasz gra\u0107 w Eurojackpota, musisz wiedzie\u0107, jak to zrobi\u0107. To naprawd\u0119 proste. Na bilecie nale\u017cy wybra\u0107 pi\u0119\u0107 numer\u00f3w od 1 do 50 oraz 2 numery od 1 do 12. Jackpoty zaczynaj\u0105 si\u0119 od minimum 10 milion\u00f3w euro. Jest jeden aspekt, w kt\u00f3rym ta loteria r\u00f3\u017cni si\u0119 od wi\u0119kszo\u015bci innych. <strong>Gdy jackpot osi\u0105gnie 120 milion\u00f3w euro, jest on ograniczony.<\/strong><\/p>\n<p>Oznacza to, \u017ce wszystkie pieni\u0105dze, kt\u00f3re normalnie zosta\u0142yby dodane do jackpota, zostan\u0105 dodane do drugiego poziomu nagrody. Aby wygra\u0107 t\u0119 nagrod\u0119, wystarczy tylko 5 plus 1 liczba, aby by\u0107 na swoim bilecie. Twoje szanse na wygranie tej nagrody s\u0105 oczywi\u015bcie lepsze o wsp\u00f3\u0142czynnik 12, w por\u00f3wnaniu z Twoimi szansami na wygranie jackpota z 5 plus 2 liczbami!<\/p>\n<p>Oznacza to, \u017ce je\u015bli jackpot osi\u0105gnie maksymaln\u0105 kwot\u0119, masz drug\u0105 szans\u0119 na wygranie du\u017cego <a href=\"https:\/\/redfoxlotto.com\/pl\/poziomy-i-kursy-dla-euromillions-i-eurojackpot\/\">jackpota<\/a>. Drugi poziom jest \u0142atwiejszy do wygrania i liczby zaczn\u0105 rosn\u0105\u0107. To zdecydowanie zwi\u0119kszy twoje szanse na t\u0119 wielk\u0105 nagrod\u0119, prawda?<\/p>\n<p>A to oznacza, \u017ce nawet je\u015bli jackpot b\u0119dzie nieco mniejszy, nawet je\u015bli b\u0119dzie si\u0119 zmniejsza\u0142, nadal b\u0119dziesz chcia\u0142 odebra\u0107 jeden z tych bilet\u00f3w, poniewa\u017c w d\u0142u\u017cszej perspektywie czasowej, kiedy kupujesz Eurojackpot online, b\u0119dziesz mia\u0142 wielk\u0105 szans\u0119 na zdobycie czego\u015b z nim zwi\u0105zanego.<\/p>\n<p>Zacznij ju\u017c teraz od gry na mi\u0119dzynarodowej loterii &#8211; kup bilety Eurojackpot ju\u017c dzi\u015b!<\/p>\n","protected":false},"excerpt":{"rendered":"<p>By\u0107 mo\u017ce s\u0142ysza\u0142e\u015b o Eurojackpot Lotto, bez wzgl\u0119du na to, czy obecnie mieszkasz w jednym z kraj\u00f3w europejskich, w kt\u00f3rym jest on grany, czy nie. Jest to loteria, kt\u00f3ra rozpocz\u0119\u0142a si\u0119 w 2012 roku z udzia\u0142em 19 kraj\u00f3w europejskich. Je\u015bli jednak mieszkasz w Polsce lub w jakimkolwiek innym kraju, kt\u00f3ry nie znajduje si\u0119 na li\u015bcie [&hellip;]<\/p>\n","protected":false},"author":1,"featured_media":0,"parent":5704,"menu_order":4,"comment_status":"closed","ping_status":"closed","template":"eurojackpot.php","meta":{"_et_pb_use_builder":"","_et_pb_old_content":"","_et_gb_content_width":"","exclude_from_search":false,"footnotes":""},"class_list":["post-5705","page","type-page","status-publish","hentry"],"yoast_head":"<!-- This site is optimized with the Yoast SEO plugin v27.4 - https:\/\/yoast.com\/product\/yoast-seo-wordpress\/ -->\n<title>Loteria Eurojackpot - graj online<\/title>\n<meta name=\"description\" content=\"Uzyskaj dost\u0119p do Eurojackpot teraz - bez wzgl\u0119du na kraj, z kt\u00f3rego pochodzisz, zagraj w mi\u0119dzynarodow\u0105 loteri\u0119 online.\" \/>\n<meta name=\"robots\" content=\"index, follow, max-snippet:-1, max-image-preview:large, max-video-preview:-1\" \/>\n<link rel=\"canonical\" href=\"https:\/\/redfoxlotto.com\/pl\/graj\/eurojackpot\/\" \/>\n<meta property=\"og:locale\" content=\"pl_PL\" \/>\n<meta property=\"og:type\" content=\"article\" \/>\n<meta property=\"og:title\" content=\"Loteria Eurojackpot - graj online\" \/>\n<meta property=\"og:description\" content=\"Uzyskaj dost\u0119p do Eurojackpot teraz - bez wzgl\u0119du na kraj, z kt\u00f3rego pochodzisz, zagraj w mi\u0119dzynarodow\u0105 loteri\u0119 online.\" \/>\n<meta property=\"og:url\" content=\"https:\/\/redfoxlotto.com\/pl\/graj\/eurojackpot\/\" \/>\n<meta property=\"og:site_name\" content=\"Get Tickets for the World\u2019s largest jackpots\" \/>\n<meta property=\"article:modified_time\" content=\"2025-12-16T14:31:00+00:00\" \/>\n<meta property=\"og:image\" content=\"https:\/\/content.redfoxlotto.com\/uploads\/sites\/9\/2_ticket_eurojackpot1.jpg\" \/>\n<meta name=\"twitter:card\" content=\"summary_large_image\" \/>\n<meta name=\"twitter:label1\" content=\"Szacowany czas czytania\" \/>\n\t<meta name=\"twitter:data1\" content=\"4 minuty\" \/>\n<script type=\"application\/ld+json\" class=\"yoast-schema-graph\">{\"@context\":\"https:\\\/\\\/schema.org\",\"@graph\":[{\"@type\":\"WebPage\",\"@id\":\"https:\\\/\\\/redfoxlotto.com\\\/pl\\\/graj\\\/eurojackpot\\\/\",\"url\":\"https:\\\/\\\/redfoxlotto.com\\\/pl\\\/graj\\\/eurojackpot\\\/\",\"name\":\"Loteria Eurojackpot - graj online\",\"isPartOf\":{\"@id\":\"https:\\\/\\\/redfoxlotto.com\\\/pl\\\/#website\"},\"primaryImageOfPage\":{\"@id\":\"https:\\\/\\\/redfoxlotto.com\\\/pl\\\/graj\\\/eurojackpot\\\/#primaryimage\"},\"image\":{\"@id\":\"https:\\\/\\\/redfoxlotto.com\\\/pl\\\/graj\\\/eurojackpot\\\/#primaryimage\"},\"thumbnailUrl\":\"https:\\\/\\\/content.redfoxlotto.com\\\/uploads\\\/sites\\\/9\\\/2_ticket_eurojackpot1.jpg\",\"datePublished\":\"2023-04-24T17:44:36+00:00\",\"dateModified\":\"2025-12-16T14:31:00+00:00\",\"description\":\"Uzyskaj dost\u0119p do Eurojackpot teraz - bez wzgl\u0119du na kraj, z kt\u00f3rego pochodzisz, zagraj w mi\u0119dzynarodow\u0105 loteri\u0119 online.\",\"breadcrumb\":{\"@id\":\"https:\\\/\\\/redfoxlotto.com\\\/pl\\\/graj\\\/eurojackpot\\\/#breadcrumb\"},\"inLanguage\":\"pl-PL\",\"potentialAction\":[{\"@type\":\"ReadAction\",\"target\":[\"https:\\\/\\\/redfoxlotto.com\\\/pl\\\/graj\\\/eurojackpot\\\/\"]}]},{\"@type\":\"ImageObject\",\"inLanguage\":\"pl-PL\",\"@id\":\"https:\\\/\\\/redfoxlotto.com\\\/pl\\\/graj\\\/eurojackpot\\\/#primaryimage\",\"url\":\"https:\\\/\\\/content.redfoxlotto.com\\\/uploads\\\/sites\\\/9\\\/2_ticket_eurojackpot1.jpg\",\"contentUrl\":\"https:\\\/\\\/content.redfoxlotto.com\\\/uploads\\\/sites\\\/9\\\/2_ticket_eurojackpot1.jpg\"},{\"@type\":\"BreadcrumbList\",\"@id\":\"https:\\\/\\\/redfoxlotto.com\\\/pl\\\/graj\\\/eurojackpot\\\/#breadcrumb\",\"itemListElement\":[{\"@type\":\"ListItem\",\"position\":1,\"name\":\"Home\",\"item\":\"https:\\\/\\\/redfoxlotto.com\\\/pl\\\/\"},{\"@type\":\"ListItem\",\"position\":2,\"name\":\"Jak gra\u0107 na loteriach innych kraj\u00f3w?\",\"item\":\"https:\\\/\\\/redfoxlotto.com\\\/pl\\\/graj\\\/\"},{\"@type\":\"ListItem\",\"position\":3,\"name\":\"Zagraj w Eurojackpota\"}]},{\"@type\":\"WebSite\",\"@id\":\"https:\\\/\\\/redfoxlotto.com\\\/pl\\\/#website\",\"url\":\"https:\\\/\\\/redfoxlotto.com\\\/pl\\\/\",\"name\":\"Get Tickets for the World\u2019s largest jackpots\",\"description\":\"Participate in worldwide lottery jackpots from any country\",\"publisher\":{\"@id\":\"https:\\\/\\\/redfoxlotto.com\\\/pl\\\/#organization\"},\"potentialAction\":[{\"@type\":\"SearchAction\",\"target\":{\"@type\":\"EntryPoint\",\"urlTemplate\":\"https:\\\/\\\/redfoxlotto.com\\\/pl\\\/?s={search_term_string}\"},\"query-input\":{\"@type\":\"PropertyValueSpecification\",\"valueRequired\":true,\"valueName\":\"search_term_string\"}}],\"inLanguage\":\"pl-PL\"},{\"@type\":\"Organization\",\"@id\":\"https:\\\/\\\/redfoxlotto.com\\\/pl\\\/#organization\",\"name\":\"Get Tickets for the World\u2019s largest jackpots\",\"url\":\"https:\\\/\\\/redfoxlotto.com\\\/pl\\\/\",\"logo\":{\"@type\":\"ImageObject\",\"inLanguage\":\"pl-PL\",\"@id\":\"https:\\\/\\\/redfoxlotto.com\\\/pl\\\/#\\\/schema\\\/logo\\\/image\\\/\",\"url\":\"https:\\\/\\\/redfoxlotto.com\\\/wp-content\\\/uploads\\\/2023\\\/04\\\/logo.png\",\"contentUrl\":\"https:\\\/\\\/redfoxlotto.com\\\/wp-content\\\/uploads\\\/2023\\\/04\\\/logo.png\",\"width\":269,\"height\":53,\"caption\":\"Get Tickets for the World\u2019s largest jackpots\"},\"image\":{\"@id\":\"https:\\\/\\\/redfoxlotto.com\\\/pl\\\/#\\\/schema\\\/logo\\\/image\\\/\"}}]}<\/script>\n<!-- \/ Yoast SEO plugin. -->","yoast_head_json":{"title":"Loteria Eurojackpot - graj online","description":"Uzyskaj dost\u0119p do Eurojackpot teraz - bez wzgl\u0119du na kraj, z kt\u00f3rego pochodzisz, zagraj w mi\u0119dzynarodow\u0105 loteri\u0119 online.","robots":{"index":"index","follow":"follow","max-snippet":"max-snippet:-1","max-image-preview":"max-image-preview:large","max-video-preview":"max-video-preview:-1"},"canonical":"https:\/\/redfoxlotto.com\/pl\/graj\/eurojackpot\/","og_locale":"pl_PL","og_type":"article","og_title":"Loteria Eurojackpot - graj online","og_description":"Uzyskaj dost\u0119p do Eurojackpot teraz - bez wzgl\u0119du na kraj, z kt\u00f3rego pochodzisz, zagraj w mi\u0119dzynarodow\u0105 loteri\u0119 online.","og_url":"https:\/\/redfoxlotto.com\/pl\/graj\/eurojackpot\/","og_site_name":"Get Tickets for the World\u2019s largest jackpots","article_modified_time":"2025-12-16T14:31:00+00:00","og_image":[{"url":"https:\/\/content.redfoxlotto.com\/uploads\/sites\/9\/2_ticket_eurojackpot1.jpg","type":"","width":"","height":""}],"twitter_card":"summary_large_image","twitter_misc":{"Szacowany czas czytania":"4 minuty"},"schema":{"@context":"https:\/\/schema.org","@graph":[{"@type":"WebPage","@id":"https:\/\/redfoxlotto.com\/pl\/graj\/eurojackpot\/","url":"https:\/\/redfoxlotto.com\/pl\/graj\/eurojackpot\/","name":"Loteria Eurojackpot - graj online","isPartOf":{"@id":"https:\/\/redfoxlotto.com\/pl\/#website"},"primaryImageOfPage":{"@id":"https:\/\/redfoxlotto.com\/pl\/graj\/eurojackpot\/#primaryimage"},"image":{"@id":"https:\/\/redfoxlotto.com\/pl\/graj\/eurojackpot\/#primaryimage"},"thumbnailUrl":"https:\/\/content.redfoxlotto.com\/uploads\/sites\/9\/2_ticket_eurojackpot1.jpg","datePublished":"2023-04-24T17:44:36+00:00","dateModified":"2025-12-16T14:31:00+00:00","description":"Uzyskaj dost\u0119p do Eurojackpot teraz - bez wzgl\u0119du na kraj, z kt\u00f3rego pochodzisz, zagraj w mi\u0119dzynarodow\u0105 loteri\u0119 online.","breadcrumb":{"@id":"https:\/\/redfoxlotto.com\/pl\/graj\/eurojackpot\/#breadcrumb"},"inLanguage":"pl-PL","potentialAction":[{"@type":"ReadAction","target":["https:\/\/redfoxlotto.com\/pl\/graj\/eurojackpot\/"]}]},{"@type":"ImageObject","inLanguage":"pl-PL","@id":"https:\/\/redfoxlotto.com\/pl\/graj\/eurojackpot\/#primaryimage","url":"https:\/\/content.redfoxlotto.com\/uploads\/sites\/9\/2_ticket_eurojackpot1.jpg","contentUrl":"https:\/\/content.redfoxlotto.com\/uploads\/sites\/9\/2_ticket_eurojackpot1.jpg"},{"@type":"BreadcrumbList","@id":"https:\/\/redfoxlotto.com\/pl\/graj\/eurojackpot\/#breadcrumb","itemListElement":[{"@type":"ListItem","position":1,"name":"Home","item":"https:\/\/redfoxlotto.com\/pl\/"},{"@type":"ListItem","position":2,"name":"Jak gra\u0107 na loteriach innych kraj\u00f3w?","item":"https:\/\/redfoxlotto.com\/pl\/graj\/"},{"@type":"ListItem","position":3,"name":"Zagraj w Eurojackpota"}]},{"@type":"WebSite","@id":"https:\/\/redfoxlotto.com\/pl\/#website","url":"https:\/\/redfoxlotto.com\/pl\/","name":"Get Tickets for the World\u2019s largest jackpots","description":"Participate in worldwide lottery jackpots from any country","publisher":{"@id":"https:\/\/redfoxlotto.com\/pl\/#organization"},"potentialAction":[{"@type":"SearchAction","target":{"@type":"EntryPoint","urlTemplate":"https:\/\/redfoxlotto.com\/pl\/?s={search_term_string}"},"query-input":{"@type":"PropertyValueSpecification","valueRequired":true,"valueName":"search_term_string"}}],"inLanguage":"pl-PL"},{"@type":"Organization","@id":"https:\/\/redfoxlotto.com\/pl\/#organization","name":"Get Tickets for the World\u2019s largest jackpots","url":"https:\/\/redfoxlotto.com\/pl\/","logo":{"@type":"ImageObject","inLanguage":"pl-PL","@id":"https:\/\/redfoxlotto.com\/pl\/#\/schema\/logo\/image\/","url":"https:\/\/redfoxlotto.com\/wp-content\/uploads\/2023\/04\/logo.png","contentUrl":"https:\/\/redfoxlotto.com\/wp-content\/uploads\/2023\/04\/logo.png","width":269,"height":53,"caption":"Get Tickets for the World\u2019s largest jackpots"},"image":{"@id":"https:\/\/redfoxlotto.com\/pl\/#\/schema\/logo\/image\/"}}]}},"_links":{"self":[{"href":"https:\/\/redfoxlotto.com\/pl\/wp-json\/wp\/v2\/pages\/5705","targetHints":{"allow":["GET"]}}],"collection":[{"href":"https:\/\/redfoxlotto.com\/pl\/wp-json\/wp\/v2\/pages"}],"about":[{"href":"https:\/\/redfoxlotto.com\/pl\/wp-json\/wp\/v2\/types\/page"}],"author":[{"embeddable":true,"href":"https:\/\/redfoxlotto.com\/pl\/wp-json\/wp\/v2\/users\/1"}],"replies":[{"embeddable":true,"href":"https:\/\/redfoxlotto.com\/pl\/wp-json\/wp\/v2\/comments?post=5705"}],"version-history":[{"count":0,"href":"https:\/\/redfoxlotto.com\/pl\/wp-json\/wp\/v2\/pages\/5705\/revisions"}],"up":[{"embeddable":true,"href":"https:\/\/redfoxlotto.com\/pl\/wp-json\/wp\/v2\/pages\/5704"}],"wp:attachment":[{"href":"https:\/\/redfoxlotto.com\/pl\/wp-json\/wp\/v2\/media?parent=5705"}],"curies":[{"name":"wp","href":"https:\/\/api.w.org\/{rel}","templated":true}]}}