{"id":5704,"date":"2023-04-24T14:10:57","date_gmt":"2023-04-24T14:10:57","guid":{"rendered":"https:\/\/redfoxlotto.com\/?page_id=255\/"},"modified":"2025-12-15T19:32:07","modified_gmt":"2025-12-15T19:32:07","slug":"graj","status":"publish","type":"page","link":"https:\/\/redfoxlotto.com\/pl\/graj\/","title":{"rendered":"Jak gra\u0107 na loteriach innych kraj\u00f3w?"},"content":{"rendered":"<script type=\"application\/ld+json\">\r\n{\r\n  \"@context\": \"https:\/\/schema.org\",\r\n  \"@type\": \"Service\",\r\n  \"name\": \"Graj w mi\u0119dzynarodowe loterie online\",\r\n  \"url\": \"https:\/\/redfoxlotto.com\/pl\/graj\/\",\r\n  \"description\": \"Graj w loteri\u0119 online i wygrywaj mi\u0119dzynarodowe jackpoty lotto.\",\r\n  \"serviceType\": \"Internetowa us\u0142uga po\u015brednictwa kupon\u00f3w loteryjnych\",\r\n  \"provider\": {\r\n    \"@type\": \"Organization\",\r\n    \"name\": \"RedFoxLotto\",\r\n    \"url\": \"https:\/\/redfoxlotto.com\/pl\/graj\/\",\r\n    \"image\": \"https:\/\/redfoxlotto.com\/wp-content\/uploads\/2025\/12\/ticket_scans.jpg\"\r\n  },\r\n  \"areaServed\": \"Na ca\u0142ym \u015bwiecie\",\r\n  \"termsOfService\": \"https:\/\/redfoxlotto.com\/terms-and-conditions\",\r\n  \"additionalProperty\": {\r\n    \"@type\": \"PropertyValue\",\r\n    \"name\": \"FAQ\",\r\n    \"value\": \"https:\/\/redfoxlotto.com\/pl\/faq\/\"\r\n  },\r\n  \"hasOfferCatalog\": {\r\n    \"@type\": \"OfferCatalog\",\r\n    \"name\": \"Mi\u0119dzynarodowe kupony loteryjne\",\r\n    \"itemListElement\": [\r\n      {\r\n        \"@type\": \"Offer\",\r\n        \"name\": \"Mi\u0119dzynarodowe kupony loteryjne\",\r\n        \"url\": \"https:\/\/redfoxlotto.com\/pl\/graj\/\",\r\n        \"description\": \"Graj w mi\u0119dzynarodowe loterie online. Jackpoty takie jak Powerball, Mega Millions i Euromillions \u2014 wygrywaj z dowolnego miejsca.\",\r\n        \"availability\": \"https:\/\/schema.org\/InStock\",\r\n        \"itemOffered\": {\r\n          \"@type\": \"Service\",\r\n          \"name\": \"Mi\u0119dzynarodowe kupony loteryjne\",\r\n          \"description\": \"Granie w mi\u0119dzynarodowe loterie online daje wi\u0119cej mo\u017cliwo\u015bci i lepsze szanse na wygran\u0105.\"\r\n        }\r\n      }\r\n    ]\r\n  },\r\n  \"mainEntityOfPage\": {\r\n    \"@type\": \"WebPage\",\r\n    \"@id\": \"https:\/\/redfoxlotto.com\/pl\/graj\/\"\r\n  }\r\n}\r\n<\/script><h2 class=\"wp-block-heading\" id=\"h-wi-cej-loterii-i-jackpot-w-dla-wszystkich-do-gry\">Wi\u0119cej loterii i jackpot\u00f3w dla wszystkich do gry!<\/h2><p><img loading=\"lazy\" decoding=\"async\" class=\"size-full alignright\" src=\"https:\/\/content.redfoxlotto.com\/uploads\/sites\/9\/1_playing_lottery_online.jpg\" alt=\"gra\u0107 i wygrywa\u0107 online\" width=\"200\" height=\"140\"><\/p><p>\u015awietna wiadomo\u015b\u0107 dla wszystkich fan\u00f3w Lotto na ca\u0142ym \u015bwiecie! Nie jeste\u015b ju\u017c ograniczony do swojej krajowej loterii! Pami\u0119tasz, kiedy loteria po raz pierwszy zacz\u0119\u0142a zyskiwa\u0107 na popularno\u015bci? Naprawd\u0119 nie min\u0119\u0142o tak wiele czasu, odk\u0105d wszyscy zacz\u0119li gra\u0107 na swoich lokalnych i krajowych loteriach. Ale to wszystko, co ci pozwolono zrobi\u0107. Wszystko, na co mog\u0142e\u015b nawet spojrze\u0107, to twoje narodowe opcje.<\/p><p>Wcze\u015bniej odm\u00f3wiono ci dost\u0119pu do mi\u0119dzynarodowych loterii. Nie mo\u017cna by\u0142o kupi\u0107 bilety na te jackpoty loterii w swoim kraju. Ale internet rozwi\u0105za\u0142 ten problem. <strong>Tutaj na RedFoxLotto.com, mo\u017cesz teraz zagra\u0107 w wiele <a href=\"https:\/\/redfoxlotto.com\/pl\/\">mi\u0119dzynarodowych loterii online.<\/a><\/strong> Ale jak gra\u0107 na loterii online?<\/p><h2 class=\"wp-block-heading\" id=\"h-zakup-bilet-w-na-loteri\">Zakup bilet\u00f3w na loteri\u0119<\/h2><p>RedFoxLotto.com to us\u0142uga kurierska dla <a href=\"https:\/\/redfoxlotto.com\/pl\/loterie\/\">kupon\u00f3w na loteri\u0119<\/a> bez wzgl\u0119du na to, gdzie chcesz je zdoby\u0107. W rzeczywisto\u015bci, mamy agent\u00f3w w wielu r\u00f3\u017cnych krajach, gdzie odbywaj\u0105 si\u0119 du\u017ce loterie i dbaj\u0105 o kupno kt\u00f3regokolwiek z bilet\u00f3w, kt\u00f3re mo\u017cesz chcie\u0107, ca\u0142kowicie lokalnie.<\/p><p>Stamt\u0105d ty, klient, mo\u017cesz zam\u00f3wi\u0107 u nas bilety online. Po prostu przejd\u017a do strony internetowej, a my damy Ci wszystkie opcje, tak jak gdyby\u015b sam gra\u0142 w te mi\u0119dzynarodowe loterie.<\/p><p>Oczywi\u015bcie, mo\u017cesz wybra\u0107 swoje w\u0142asne numery. Mo\u017cesz r\u00f3wnie\u017c okre\u015bli\u0107, ile kombinacji liczb chcesz zagra\u0107 i na ile losowa\u0144 powinien by\u0107 wa\u017cny Tw\u00f3j bilet. P\u0142atno\u015b\u0107 dokonywana jest online, na przyk\u0142ad kart\u0105 kredytow\u0105. Je\u015bli wi\u0119c jeste\u015b gotowy do wybrania w\u0142asnych numer\u00f3w, wystarczy klikn\u0105\u0107 pola, aby je wybra\u0107. Je\u015bli chcesz, by\u015bmy wybrali liczby, wybierz opcj\u0119 &#8222;Szybki wyb\u00f3r&#8221;, a my damy ci losowe.<img loading=\"lazy\" decoding=\"async\" class=\"size-full alignright\" src=\"https:\/\/content.redfoxlotto.com\/uploads\/sites\/9\/1_mega_lotto_jackpot.jpg\" alt=\"wyp\u0142ata loterii online  \" width=\"170\" height=\"200\"><\/p>\r\n<h2>Kt\u00f3re gry do zagrania<\/h2>\r\n<p>Oczywi\u015bcie mo\u017cesz r\u00f3wnie\u017c wzi\u0105\u0107 udzia\u0142 w wi\u0119cej ni\u017c jednej mi\u0119dzynarodowej loterii w tym samym czasie, je\u015bli grasz na loterii online. Tak wi\u0119c, je\u015bli przewijasz opcje, kt\u00f3re mamy dost\u0119pne i znajdziesz kilka, kt\u00f3re Ci\u0119 interesuj\u0105, to wspaniale. Polecamy wyb\u00f3r najwi\u0119kszego jackpota w danym momencie lub dw\u00f3ch najwi\u0119kszych, a nawet wi\u0119cej.<\/p>\r\n<p>Na przyk\u0142ad, do\u015b\u0107 cz\u0119sto, zar\u00f3wno <a href=\"https:\/\/redfoxlotto.com\/pl\/tabele-wyplat-powerball-mega-millions\/\">Powerball US jak i Mega Millions US<\/a> maj\u0105 gigantyczne jackpoty w tym samym czasie. Jackpoty regularnie si\u0119gaj\u0105 500 milion\u00f3w dolar\u00f3w w USA. W przesz\u0142o\u015bci jackpoty wynosi\u0142y nawet ponad 1,5 miliarda.<\/p>\r\n<p>W rzeczywisto\u015bci te dwie loterie nale\u017c\u0105 do najwi\u0119kszych na \u015bwiecie. Wi\u0119c, dlaczego nie chcesz da\u0107 im spr\u00f3bowa\u0107 i sprawdzi\u0107, czy mo\u017cesz mie\u0107 szcz\u0119\u015bcie i wygra\u0107 na du\u017c\u0105 skal\u0119? Co\u015b jeszcze do rozwa\u017cenia: bardzo popularn\u0105 opcj\u0105 jest granie w te same liczby w wielu loteriach w tym samym tygodniu.<\/p>\r\n<p>Je\u015bli nie wygrasz na jednej loterii, to mo\u017ce twoje liczby maj\u0105 szcz\u0119\u015bcie w drugiej? Jest to inteligentny spos\u00f3b na zwi\u0119kszenie szans na wygran\u0105 Twoich ulubionych liczb. Ta metoda sprawia, \u017ce gra w lotto staje si\u0119 jeszcze bardziej ekscytuj\u0105ca!<\/p>\r\n<h2>Dlaczego warto gra\u0107 w Lotto International?<\/h2>\r\n<p>Ka\u017cdy, kto gra w mi\u0119dzynarodowe lotto, wykorzystuje swoje fundusze w m\u0105drzejszy spos\u00f3b. Niekt\u00f3rzy gracze kupuj\u0105 losy na krajow\u0105 loteri\u0119 tydzie\u0144 po tygodniu, bez wzgl\u0119du na to, jak niska jest wygrana. Matematyka i logika m\u00f3wi\u0105, \u017ce lepiej jest kupi\u0107 bilet na loteri\u0119 z jackpotem 200 milion\u00f3w ni\u017c na loteri\u0119 z 2 milionami nagr\u00f3d. Jest to prawd\u0105, nawet je\u015bli cena biletu online jest wy\u017csza ni\u017c cena biletu na Twoj\u0105 lokaln\u0105 loteri\u0119.<\/p>\r\n<p>B\u0119dziesz mia\u0142 podobne <a href=\"https:\/\/redfoxlotto.com\/pl\/loteria-najwieksze-szanse-wygrana\/\">szanse na wygran\u0105<\/a>, ale je\u015bli j\u0105 wygrasz, b\u0119dziesz mia\u0142 szans\u0119 na co\u015b, co jest o wiele wi\u0119ksze. I pami\u0119taj o kursach wymiany walut, kt\u00f3re b\u0119dziesz mia\u0142 podczas gry na mi\u0119dzynarodowej loterii. Chcesz, aby co\u015b, co faktycznie prze\u0142o\u017cy si\u0119 na du\u017c\u0105 kwot\u0119 w twojej w\u0142asnej walucie, poniewa\u017c kiedy wyp\u0142acasz swoje wygrane, b\u0119dziesz je wyp\u0142aca\u0142 w swojej walucie.<\/p>\r\n<p>Teraz musimy jasno okre\u015bli\u0107, jakie b\u0119d\u0105 nasze standardy i w jaki spos\u00f3b zostanie obliczony koszt bilet\u00f3w. Oczywi\u015bcie za nasze us\u0142ugi musimy naliczy\u0107 wy\u017csz\u0105 cen\u0119, poniewa\u017c mamy wydatki. Chcemy te\u017c zarobi\u0107 troch\u0119 pieni\u0119dzy. Ale za\u0142\u00f3\u017cmy, \u017ce los na loteri\u0119 online jest w cenie 4,50 &#8211; 5,00 \u20ac i jackpot 200 milion\u00f3w. Za lotto krajowe p\u0142acisz \u20ac2.00 i masz jackpota w wysoko\u015bci 10 milion\u00f3w. Co jest lepsze i ma wi\u0119kszy sens? Odpowied\u017a na to pytanie jest prawdopodobnie oczywista. Gra w lotto na arenie mi\u0119dzynarodowej, a tym samym mo\u017cliwo\u015b\u0107 gry online o wi\u0119ksze jackpoty ma sens!<\/p>\r\n<h2>Jak zarabiasz na \u017cycie?<\/h2>\r\n<p>RedFoxLotto.com zapewnia r\u00f3wnie\u017c, \u017ce <a href=\"https:\/\/redfoxlotto.com\/pl\/wyniki\/\">otrzymasz swoje wygrane<\/a>. Nie b\u0119dziemy pobiera\u0107 prowizji przy okazji, z wyj\u0105tkiem niewielkiej op\u0142aty pobieranej w przypadku przelewu bankowego. To znaczy, \u017ce nie musisz si\u0119 martwi\u0107 o to, \u017ce wyci\u0119cie z pieni\u0119dzy, kt\u00f3re wygra\u0142e\u015b.<\/p>\r\n<p>Kiedy ju\u017c zap\u0142acisz za bilet, wszystko, co wygra\u0142e\u015b, jest twoje w\u0142asne. Jedynym sposobem na wyci\u0105gni\u0119cie czegokolwiek z tego jest to, \u017ce zdecydujesz si\u0119 przela\u0107 pieni\u0105dze do swojego banku. W tym momencie pobieramy niewielk\u0105 op\u0142at\u0119 rycza\u0142tow\u0105 za koszt przelewu bankowego. Dostaniesz reszt\u0119 swoich pieni\u0119dzy bezpo\u015brednio do ciebie.<\/p>\r\n<p>Wielu naszych klient\u00f3w wygra\u0142o ju\u017c za naszym po\u015brednictwem nagrody. Niekt\u00f3rzy z nich zmienili swoje \u017cycie o kwot\u0119, kt\u00f3r\u0105 wygrali! Wiemy, \u017ce b\u0119dziesz mia\u0142 du\u017ce szanse na wygranie du\u017cej nagrody lub przynajmniej na wygran\u0105, kt\u00f3rej nie otrzyma\u0142by\u015b, gdyby\u015b trzyma\u0142 si\u0119 tylko gier loteryjnych, w kt\u00f3re mo\u017cesz gra\u0107 w swoim kraju.<\/p>\r\n<p><strong>S\u0105 to powody, dla kt\u00f3rych coraz bardziej popularna staje si\u0119 gra w loteri\u0119 online.<\/strong> A teraz twoja kolej na z\u0142amanie jednego z <a href=\"https:\/\/redfoxlotto.com\/pl\/najwieksze-jackpoty-w-historii-loterii\/\">mega-jackpot\u00f3w<\/a> &#8211; na co czekasz? Mo\u017cesz by\u0107 wielkim zwyci\u0119zc\u0105 w mgnieniu oka, a to dopiero pocz\u0105tek.<\/p>","protected":false},"excerpt":{"rendered":"<p>Wi\u0119cej loterii i jackpot\u00f3w dla wszystkich do gry! \u015awietna wiadomo\u015b\u0107 dla wszystkich fan\u00f3w Lotto na ca\u0142ym \u015bwiecie! Nie jeste\u015b ju\u017c ograniczony do swojej krajowej loterii! Pami\u0119tasz, kiedy loteria po raz pierwszy zacz\u0119\u0142a zyskiwa\u0107 na popularno\u015bci? Naprawd\u0119 nie min\u0119\u0142o tak wiele czasu, odk\u0105d wszyscy zacz\u0119li gra\u0107 na swoich lokalnych i krajowych loteriach. Ale to wszystko, co [&hellip;]<\/p>\n","protected":false},"author":1,"featured_media":0,"parent":0,"menu_order":2,"comment_status":"closed","ping_status":"closed","template":"Play-all.php","meta":{"_et_pb_use_builder":"","_et_pb_old_content":"","_et_gb_content_width":"","exclude_from_search":false,"footnotes":""},"class_list":["post-5704","page","type-page","status-publish","hentry"],"yoast_head":"<!-- This site is optimized with the Yoast SEO plugin v27.3 - https:\/\/yoast.com\/product\/yoast-seo-wordpress\/ -->\n<title>Zagraj w lotto online<\/title>\n<meta name=\"robots\" content=\"index, follow, max-snippet:-1, max-image-preview:large, max-video-preview:-1\" \/>\n<link rel=\"canonical\" href=\"https:\/\/redfoxlotto.com\/pl\/graj\/\" \/>\n<meta property=\"og:locale\" content=\"pl_PL\" \/>\n<meta property=\"og:type\" content=\"article\" \/>\n<meta property=\"og:title\" content=\"Zagraj w lotto online\" \/>\n<meta property=\"og:description\" content=\"Wi\u0119cej loterii i jackpot\u00f3w dla wszystkich do gry! \u015awietna wiadomo\u015b\u0107 dla wszystkich fan\u00f3w Lotto na ca\u0142ym \u015bwiecie! Nie jeste\u015b ju\u017c ograniczony do swojej krajowej loterii! Pami\u0119tasz, kiedy loteria po raz pierwszy zacz\u0119\u0142a zyskiwa\u0107 na popularno\u015bci? Naprawd\u0119 nie min\u0119\u0142o tak wiele czasu, odk\u0105d wszyscy zacz\u0119li gra\u0107 na swoich lokalnych i krajowych loteriach. Ale to wszystko, co [&hellip;]\" \/>\n<meta property=\"og:url\" content=\"https:\/\/redfoxlotto.com\/pl\/graj\/\" \/>\n<meta property=\"og:site_name\" content=\"Get Tickets for the World\u2019s largest jackpots\" \/>\n<meta property=\"article:modified_time\" content=\"2025-12-15T19:32:07+00:00\" \/>\n<meta property=\"og:image\" content=\"https:\/\/content.redfoxlotto.com\/uploads\/sites\/9\/1_playing_lottery_online.jpg\" \/>\n<meta name=\"twitter:card\" content=\"summary_large_image\" \/>\n<meta name=\"twitter:label1\" content=\"Szacowany czas czytania\" \/>\n\t<meta name=\"twitter:data1\" content=\"4 minuty\" \/>\n<script type=\"application\/ld+json\" class=\"yoast-schema-graph\">{\"@context\":\"https:\\\/\\\/schema.org\",\"@graph\":[{\"@type\":\"WebPage\",\"@id\":\"https:\\\/\\\/redfoxlotto.com\\\/pl\\\/graj\\\/\",\"url\":\"https:\\\/\\\/redfoxlotto.com\\\/pl\\\/graj\\\/\",\"name\":\"Zagraj w lotto online\",\"isPartOf\":{\"@id\":\"https:\\\/\\\/redfoxlotto.com\\\/pl\\\/#website\"},\"primaryImageOfPage\":{\"@id\":\"https:\\\/\\\/redfoxlotto.com\\\/pl\\\/graj\\\/#primaryimage\"},\"image\":{\"@id\":\"https:\\\/\\\/redfoxlotto.com\\\/pl\\\/graj\\\/#primaryimage\"},\"thumbnailUrl\":\"https:\\\/\\\/content.redfoxlotto.com\\\/uploads\\\/sites\\\/9\\\/1_playing_lottery_online.jpg\",\"datePublished\":\"2023-04-24T14:10:57+00:00\",\"dateModified\":\"2025-12-15T19:32:07+00:00\",\"breadcrumb\":{\"@id\":\"https:\\\/\\\/redfoxlotto.com\\\/pl\\\/graj\\\/#breadcrumb\"},\"inLanguage\":\"pl-PL\",\"potentialAction\":[{\"@type\":\"ReadAction\",\"target\":[\"https:\\\/\\\/redfoxlotto.com\\\/pl\\\/graj\\\/\"]}]},{\"@type\":\"ImageObject\",\"inLanguage\":\"pl-PL\",\"@id\":\"https:\\\/\\\/redfoxlotto.com\\\/pl\\\/graj\\\/#primaryimage\",\"url\":\"https:\\\/\\\/content.redfoxlotto.com\\\/uploads\\\/sites\\\/9\\\/1_playing_lottery_online.jpg\",\"contentUrl\":\"https:\\\/\\\/content.redfoxlotto.com\\\/uploads\\\/sites\\\/9\\\/1_playing_lottery_online.jpg\"},{\"@type\":\"BreadcrumbList\",\"@id\":\"https:\\\/\\\/redfoxlotto.com\\\/pl\\\/graj\\\/#breadcrumb\",\"itemListElement\":[{\"@type\":\"ListItem\",\"position\":1,\"name\":\"Home\",\"item\":\"https:\\\/\\\/redfoxlotto.com\\\/pl\\\/\"},{\"@type\":\"ListItem\",\"position\":2,\"name\":\"Jak gra\u0107 na loteriach innych kraj\u00f3w?\"}]},{\"@type\":\"WebSite\",\"@id\":\"https:\\\/\\\/redfoxlotto.com\\\/pl\\\/#website\",\"url\":\"https:\\\/\\\/redfoxlotto.com\\\/pl\\\/\",\"name\":\"Get Tickets for the World\u2019s largest jackpots\",\"description\":\"Participate in worldwide lottery jackpots from any country\",\"publisher\":{\"@id\":\"https:\\\/\\\/redfoxlotto.com\\\/pl\\\/#organization\"},\"potentialAction\":[{\"@type\":\"SearchAction\",\"target\":{\"@type\":\"EntryPoint\",\"urlTemplate\":\"https:\\\/\\\/redfoxlotto.com\\\/pl\\\/?s={search_term_string}\"},\"query-input\":{\"@type\":\"PropertyValueSpecification\",\"valueRequired\":true,\"valueName\":\"search_term_string\"}}],\"inLanguage\":\"pl-PL\"},{\"@type\":\"Organization\",\"@id\":\"https:\\\/\\\/redfoxlotto.com\\\/pl\\\/#organization\",\"name\":\"Get Tickets for the World\u2019s largest jackpots\",\"url\":\"https:\\\/\\\/redfoxlotto.com\\\/pl\\\/\",\"logo\":{\"@type\":\"ImageObject\",\"inLanguage\":\"pl-PL\",\"@id\":\"https:\\\/\\\/redfoxlotto.com\\\/pl\\\/#\\\/schema\\\/logo\\\/image\\\/\",\"url\":\"https:\\\/\\\/redfoxlotto.com\\\/wp-content\\\/uploads\\\/2023\\\/04\\\/logo.png\",\"contentUrl\":\"https:\\\/\\\/redfoxlotto.com\\\/wp-content\\\/uploads\\\/2023\\\/04\\\/logo.png\",\"width\":269,\"height\":53,\"caption\":\"Get Tickets for the World\u2019s largest jackpots\"},\"image\":{\"@id\":\"https:\\\/\\\/redfoxlotto.com\\\/pl\\\/#\\\/schema\\\/logo\\\/image\\\/\"}}]}<\/script>\n<!-- \/ Yoast SEO plugin. -->","yoast_head_json":{"title":"Zagraj w lotto online","robots":{"index":"index","follow":"follow","max-snippet":"max-snippet:-1","max-image-preview":"max-image-preview:large","max-video-preview":"max-video-preview:-1"},"canonical":"https:\/\/redfoxlotto.com\/pl\/graj\/","og_locale":"pl_PL","og_type":"article","og_title":"Zagraj w lotto online","og_description":"Wi\u0119cej loterii i jackpot\u00f3w dla wszystkich do gry! \u015awietna wiadomo\u015b\u0107 dla wszystkich fan\u00f3w Lotto na ca\u0142ym \u015bwiecie! Nie jeste\u015b ju\u017c ograniczony do swojej krajowej loterii! Pami\u0119tasz, kiedy loteria po raz pierwszy zacz\u0119\u0142a zyskiwa\u0107 na popularno\u015bci? Naprawd\u0119 nie min\u0119\u0142o tak wiele czasu, odk\u0105d wszyscy zacz\u0119li gra\u0107 na swoich lokalnych i krajowych loteriach. Ale to wszystko, co [&hellip;]","og_url":"https:\/\/redfoxlotto.com\/pl\/graj\/","og_site_name":"Get Tickets for the World\u2019s largest jackpots","article_modified_time":"2025-12-15T19:32:07+00:00","og_image":[{"url":"https:\/\/content.redfoxlotto.com\/uploads\/sites\/9\/1_playing_lottery_online.jpg","type":"","width":"","height":""}],"twitter_card":"summary_large_image","twitter_misc":{"Szacowany czas czytania":"4 minuty"},"schema":{"@context":"https:\/\/schema.org","@graph":[{"@type":"WebPage","@id":"https:\/\/redfoxlotto.com\/pl\/graj\/","url":"https:\/\/redfoxlotto.com\/pl\/graj\/","name":"Zagraj w lotto online","isPartOf":{"@id":"https:\/\/redfoxlotto.com\/pl\/#website"},"primaryImageOfPage":{"@id":"https:\/\/redfoxlotto.com\/pl\/graj\/#primaryimage"},"image":{"@id":"https:\/\/redfoxlotto.com\/pl\/graj\/#primaryimage"},"thumbnailUrl":"https:\/\/content.redfoxlotto.com\/uploads\/sites\/9\/1_playing_lottery_online.jpg","datePublished":"2023-04-24T14:10:57+00:00","dateModified":"2025-12-15T19:32:07+00:00","breadcrumb":{"@id":"https:\/\/redfoxlotto.com\/pl\/graj\/#breadcrumb"},"inLanguage":"pl-PL","potentialAction":[{"@type":"ReadAction","target":["https:\/\/redfoxlotto.com\/pl\/graj\/"]}]},{"@type":"ImageObject","inLanguage":"pl-PL","@id":"https:\/\/redfoxlotto.com\/pl\/graj\/#primaryimage","url":"https:\/\/content.redfoxlotto.com\/uploads\/sites\/9\/1_playing_lottery_online.jpg","contentUrl":"https:\/\/content.redfoxlotto.com\/uploads\/sites\/9\/1_playing_lottery_online.jpg"},{"@type":"BreadcrumbList","@id":"https:\/\/redfoxlotto.com\/pl\/graj\/#breadcrumb","itemListElement":[{"@type":"ListItem","position":1,"name":"Home","item":"https:\/\/redfoxlotto.com\/pl\/"},{"@type":"ListItem","position":2,"name":"Jak gra\u0107 na loteriach innych kraj\u00f3w?"}]},{"@type":"WebSite","@id":"https:\/\/redfoxlotto.com\/pl\/#website","url":"https:\/\/redfoxlotto.com\/pl\/","name":"Get Tickets for the World\u2019s largest jackpots","description":"Participate in worldwide lottery jackpots from any country","publisher":{"@id":"https:\/\/redfoxlotto.com\/pl\/#organization"},"potentialAction":[{"@type":"SearchAction","target":{"@type":"EntryPoint","urlTemplate":"https:\/\/redfoxlotto.com\/pl\/?s={search_term_string}"},"query-input":{"@type":"PropertyValueSpecification","valueRequired":true,"valueName":"search_term_string"}}],"inLanguage":"pl-PL"},{"@type":"Organization","@id":"https:\/\/redfoxlotto.com\/pl\/#organization","name":"Get Tickets for the World\u2019s largest jackpots","url":"https:\/\/redfoxlotto.com\/pl\/","logo":{"@type":"ImageObject","inLanguage":"pl-PL","@id":"https:\/\/redfoxlotto.com\/pl\/#\/schema\/logo\/image\/","url":"https:\/\/redfoxlotto.com\/wp-content\/uploads\/2023\/04\/logo.png","contentUrl":"https:\/\/redfoxlotto.com\/wp-content\/uploads\/2023\/04\/logo.png","width":269,"height":53,"caption":"Get Tickets for the World\u2019s largest jackpots"},"image":{"@id":"https:\/\/redfoxlotto.com\/pl\/#\/schema\/logo\/image\/"}}]}},"_links":{"self":[{"href":"https:\/\/redfoxlotto.com\/pl\/wp-json\/wp\/v2\/pages\/5704","targetHints":{"allow":["GET"]}}],"collection":[{"href":"https:\/\/redfoxlotto.com\/pl\/wp-json\/wp\/v2\/pages"}],"about":[{"href":"https:\/\/redfoxlotto.com\/pl\/wp-json\/wp\/v2\/types\/page"}],"author":[{"embeddable":true,"href":"https:\/\/redfoxlotto.com\/pl\/wp-json\/wp\/v2\/users\/1"}],"replies":[{"embeddable":true,"href":"https:\/\/redfoxlotto.com\/pl\/wp-json\/wp\/v2\/comments?post=5704"}],"version-history":[{"count":0,"href":"https:\/\/redfoxlotto.com\/pl\/wp-json\/wp\/v2\/pages\/5704\/revisions"}],"wp:attachment":[{"href":"https:\/\/redfoxlotto.com\/pl\/wp-json\/wp\/v2\/media?parent=5704"}],"curies":[{"name":"wp","href":"https:\/\/api.w.org\/{rel}","templated":true}]}}