{"id":5701,"date":"2018-11-18T08:54:25","date_gmt":"2018-11-18T08:54:25","guid":{"rendered":"https:\/\/redfoxlotto.com\/?page_id=249\/"},"modified":"2026-01-11T10:26:25","modified_gmt":"2026-01-11T10:26:25","slug":"superenalotto","status":"publish","type":"page","link":"https:\/\/redfoxlotto.com\/pl\/wyniki\/superenalotto\/","title":{"rendered":"Wyniki SuperEnaLotto"},"content":{"rendered":"<p>SuperEnalotto znane jest z tego, \u017ce <a href=\"https:\/\/redfoxlotto.com\/pl\/\">jackpot<\/a> cz\u0119sto nie trafia si\u0119 przez d\u0142ugi czas. Dlatego g\u0142\u00f3wna wygrana, kt\u00f3rej minimalna kwota wynosi 1 300 000, ro\u015bnie szybko. I nie ma ogranicze\u0144 co do jej wysoko\u015bci. Najwy\u017csza wygrana w Superenalotto wynios\u0142a jak dot\u0105d 177 800 000 euro!<\/p>\n<p><img loading=\"lazy\" decoding=\"async\" class=\" wp-image alignright\" src=\"https:\/\/content.redfoxlotto.com\/uploads\/sites\/9\/1_results_check_lottery.jpg\" alt=\"results lotto\" width=\"254\" height=\"254\" \/><\/p>\n<p>Czy rozwa\u017ca\u0142e\u015b inne gry, w kt\u00f3re m\u00f3g\u0142by\u015b zagra\u0107? Mo\u017ce zawsze my\u015bla\u0142e\u015b, \u017ce musisz gra\u0107 w lotto w swojej okolicy, a przynajmniej w swoim kraju. C\u00f3\u017c, w przypadku loterii online zdecydowanie tak nie jest. Czeka na Ciebie mn\u00f3stwo nowych mo\u017cliwo\u015bci, wystarczy, \u017ce zajrzysz na niekt\u00f3re z dost\u0119pnych stron internetowych. Zobaczysz mn\u00f3stwo gier, kt\u00f3rych by\u0107 mo\u017ce nigdy wcze\u015bniej nie widzia\u0142e\u015b.<\/p>\n<p><a href=\"https:\/\/redfoxlotto.com\/pl\/graj\/superenalotto\/\">SuperEnalotto<\/a> to jedna z najpopularniejszych gier we W\u0142oszech i z pewno\u015bci\u0105 mo\u017cesz wzi\u0105\u0107 w niej udzia\u0142. Mo\u017cesz kupi\u0107 losy bezpo\u015brednio online, niezale\u017cnie od miejsca zamieszkania. To sprawi, \u017ce b\u0119dzie to dla Ciebie jeszcze przyjemniejsze, poniewa\u017c grasz w gr\u0119, kt\u00f3rej prawdopodobnie nigdy wcze\u015bniej nie widzia\u0142e\u015b, a nawet o kt\u00f3rej nie s\u0142ysza\u0142e\u015b. Czy jest co\u015b bardziej ekscytuj\u0105cego ni\u017c zupe\u0142nie nowa okazja i zupe\u0142nie inna szansa na wygran\u0105 ni\u017c w grach, do kt\u00f3rych jeste\u015b tak przyzwyczajony?<\/p>\n<p>Kiedy zdecydujesz si\u0119 zagra\u0107 w t\u0119 gr\u0119, musisz tylko wiedzie\u0107, gdzie <a href=\"https:\/\/redfoxlotto.com\/pl\/loterie\/\">kupujesz sw\u00f3j los<\/a>. RedFoxLotto.com pomo\u017ce Ci wybra\u0107 liczby i zam\u00f3wi\u0107 los, aby by\u0142 gotowy na nast\u0119pne losowanie. Gra odbywa si\u0119 ca\u0142kowicie online, a Ty nadal b\u0119dziesz mie\u0107 takie same mo\u017cliwo\u015bci jak osoba, kt\u00f3ra kupi\u0142a los w sklepie. To wygodne nawet dla os\u00f3b mieszkaj\u0105cych w okolicy, w kt\u00f3rej odbywa si\u0119 loteria. Mo\u017cesz po prostu kupi\u0107 los online, nie ruszaj\u0105c si\u0119 z domu.<\/p>\n<h2>Dlaczego SuperEnalotto?<\/h2>\n<p><img loading=\"lazy\" decoding=\"async\" class=\"wp-image alignright\" src=\"https:\/\/content.redfoxlotto.com\/uploads\/sites\/9\/1_lottery_winning_numbers.jpg\" alt=\"Superenalotto\" width=\"289\" height=\"137\" \/><\/p>\n<p>Dlaczego warto zagra\u0107 w t\u0119 gr\u0119? Jednym z powod\u00f3w jest mo\u017cliwo\u015b\u0107 wygrania milion\u00f3w euro. To mo\u017ce by\u0107 \u015bwietna zabawa. W rzeczywisto\u015bci ta gra znana jest z jednych z najwy\u017cszych jackpot\u00f3w na \u015bwiecie i to zdecydowanie pow\u00f3d, dla kt\u00f3rego warto przyjrze\u0107 si\u0119 jej bli\u017cej i ewentualnie zagra\u0107 w ni\u0105 przynajmniej kilka razy. Kto nie chcia\u0142by mie\u0107 szansy na wygranie milion\u00f3w euro? A wszystko to za nisk\u0105 cen\u0119 jednego losu (lub kilku los\u00f3w, je\u015bli chcesz odrobin\u0119 zwi\u0119kszy\u0107 swoje szanse na wygran\u0105).<\/p>\n<p>Ta gra oferuje r\u00f3wnie\u017c losowania w trzy r\u00f3\u017cne noce w tygodniu, wi\u0119c b\u0119dziesz mie\u0107 okazj\u0119 gra\u0107 jeszcze cz\u0119\u015bciej. Mi\u0142o\u015bnicy gier z cz\u0119stszymi losowaniami pokochaj\u0105 fakt, \u017ce ta gra jest dost\u0119pna we wtorki, czwartki i soboty, zawsze o 20:00. Patrz\u0105c na to z szerszej perspektywy, ta gra nie istnieje zbyt d\u0142ugo, poniewa\u017c wystartowa\u0142a dopiero w 1997 roku, ale to nie znaczy, \u017ce nie b\u0119dzie si\u0119 dobrze bawi\u0107 ani \u017ce ludzie nie b\u0119d\u0105 ustawia\u0107 si\u0119 w kolejce po los (czego nie b\u0119dziesz musia\u0142 robi\u0107, poniewa\u017c grasz ca\u0142kowicie online).<\/p>\n<p>Wad\u0105 tej gry jest to, \u017ce szanse na wygran\u0105 mog\u0105 by\u0107 niskie. W rzeczywisto\u015bci szanse na wygranie jackpota nale\u017c\u0105 do najni\u017cszych na \u015bwiecie. Oznacza to, \u017ce masz wi\u0119ksze szanse na wygran\u0105 w praktycznie ka\u017cdej innej loterii, w kt\u00f3r\u0105 grasz, ni\u017c w tej. Ale nie musisz si\u0119 zbytnio zniech\u0119ca\u0107. Nadal mo\u017cesz \u015bwietnie si\u0119 bawi\u0107, a do tego masz szans\u0119 na wygranie mniejszych nagr\u00f3d. Poza tym, kto wie, kto\u015b musi wygra\u0107 t\u0119 g\u0142\u00f3wn\u0105 wygran\u0105, prawda? Czemu nie m\u00f3g\u0142by\u015b to by\u0107 Ty?<\/p>\n<h2>Wyniki SuperEnaLotto<\/h2>\n<p>Jak wi\u0119c sprawdzisz wyniki <a href=\"https:\/\/redfoxlotto.com\/pl\/loterie\/superenalotto\/\">SuperEnaLotto<\/a>, je\u015bli zdecydujesz si\u0119 zagra\u0107 w t\u0119 gr\u0119? Masz do wyboru kilka opcji. Jedn\u0105 z najpopularniejszych jest po prostu sprawdzenie lokalnych gazet dzie\u0144 po losowaniu lub obejrzenie losowania na \u017cywo, je\u015bli jest ono transmitowane w telewizji. Mo\u017cesz r\u00f3wnie\u017c sprawdzi\u0107 jedn\u0105 z kilku r\u00f3\u017cnych stron internetowych (takich jak RedFoxLotto.com), kt\u00f3re poka\u017c\u0105 Ci wyniki natychmiast po losowaniu lub w ci\u0105gu kilku godzin. W ten spos\u00f3b nie musisz traci\u0107 czasu na sprawdzanie, czy wygra\u0142e\u015b.<\/p>\n<p>Dobra zabawa w lotto to pierwszy krok w ca\u0142ym procesie, ale od tego momentu musisz mie\u0107 pewno\u015b\u0107, \u017ce co\u015b wygrywasz. Z SuperEnalotto szanse mog\u0105 by\u0107 ni\u017csze, ale b\u0119dziesz si\u0119 dobrze bawi\u0107 i b\u0119dziesz mie\u0107 okazj\u0119 do\u015bwiadczy\u0107 zupe\u0142nie innego rodzaju gry. Je\u015bli <a href=\"https:\/\/redfoxlotto.com\/pl\/graj\/\">grasz w lotto online<\/a> od jakiego\u015b czasu, to zdecydowanie kolejny<\/p>\n","protected":false},"excerpt":{"rendered":"<p>SuperEnalotto znane jest z tego, \u017ce jackpot cz\u0119sto nie trafia si\u0119 przez d\u0142ugi czas. Dlatego g\u0142\u00f3wna wygrana, kt\u00f3rej minimalna kwota wynosi 1 300 000, ro\u015bnie szybko. I nie ma ogranicze\u0144 co do jej wysoko\u015bci. Najwy\u017csza wygrana w Superenalotto wynios\u0142a jak dot\u0105d 177 800 000 euro! Czy rozwa\u017ca\u0142e\u015b inne gry, w kt\u00f3re m\u00f3g\u0142by\u015b zagra\u0107? Mo\u017ce zawsze [&hellip;]<\/p>\n","protected":false},"author":1,"featured_media":0,"parent":5695,"menu_order":5,"comment_status":"closed","ping_status":"closed","template":"superenalotto-results.php","meta":{"_et_pb_use_builder":"","_et_pb_old_content":"","_et_gb_content_width":"","exclude_from_search":false,"footnotes":""},"class_list":["post-5701","page","type-page","status-publish","hentry"],"yoast_head":"<!-- This site is optimized with the Yoast SEO plugin v23.8 - https:\/\/yoast.com\/wordpress\/plugins\/seo\/ -->\n<title>SuperEnalotto najnowsze zwyci\u0119skie numery wyniki<\/title>\n<meta name=\"description\" content=\"Najnowsze wyniki i zwyci\u0119skie numery Superenalotto znajdziesz tutaj, na RedFoxLotto, gdzie mo\u017cesz r\u00f3wnie\u017c kupi\u0107 swoje losy\" \/>\n<meta name=\"robots\" content=\"index, follow, max-snippet:-1, max-image-preview:large, max-video-preview:-1\" \/>\n<link rel=\"canonical\" href=\"https:\/\/redfoxlotto.com\/pl\/wyniki\/superenalotto\/\" \/>\n<meta property=\"og:locale\" content=\"pl_PL\" \/>\n<meta property=\"og:type\" content=\"article\" \/>\n<meta property=\"og:title\" content=\"SuperEnalotto najnowsze zwyci\u0119skie numery wyniki\" \/>\n<meta property=\"og:description\" content=\"Najnowsze wyniki i zwyci\u0119skie numery Superenalotto znajdziesz tutaj, na RedFoxLotto, gdzie mo\u017cesz r\u00f3wnie\u017c kupi\u0107 swoje losy\" \/>\n<meta property=\"og:url\" content=\"https:\/\/redfoxlotto.com\/pl\/wyniki\/superenalotto\/\" \/>\n<meta property=\"og:site_name\" content=\"Get Tickets for the World\u2019s largest jackpots\" \/>\n<meta property=\"article:modified_time\" content=\"2026-01-11T10:26:25+00:00\" \/>\n<meta property=\"og:image\" content=\"https:\/\/content.redfoxlotto.com\/uploads\/sites\/9\/1_results_check_lottery.jpg\" \/>\n<meta name=\"twitter:card\" content=\"summary_large_image\" \/>\n<meta name=\"twitter:label1\" content=\"Szacowany czas czytania\" \/>\n\t<meta name=\"twitter:data1\" content=\"2 minuty\" \/>\n<script type=\"application\/ld+json\" class=\"yoast-schema-graph\">{\"@context\":\"https:\/\/schema.org\",\"@graph\":[{\"@type\":\"WebPage\",\"@id\":\"https:\/\/redfoxlotto.com\/pl\/wyniki\/superenalotto\/\",\"url\":\"https:\/\/redfoxlotto.com\/pl\/wyniki\/superenalotto\/\",\"name\":\"SuperEnalotto najnowsze zwyci\u0119skie numery wyniki\",\"isPartOf\":{\"@id\":\"https:\/\/redfoxlotto.com\/pl\/#website\"},\"primaryImageOfPage\":{\"@id\":\"https:\/\/redfoxlotto.com\/pl\/wyniki\/superenalotto\/#primaryimage\"},\"image\":{\"@id\":\"https:\/\/redfoxlotto.com\/pl\/wyniki\/superenalotto\/#primaryimage\"},\"thumbnailUrl\":\"https:\/\/content.redfoxlotto.com\/uploads\/sites\/9\/1_results_check_lottery.jpg\",\"datePublished\":\"2018-11-18T08:54:25+00:00\",\"dateModified\":\"2026-01-11T10:26:25+00:00\",\"description\":\"Najnowsze wyniki i zwyci\u0119skie numery Superenalotto znajdziesz tutaj, na RedFoxLotto, gdzie mo\u017cesz r\u00f3wnie\u017c kupi\u0107 swoje losy\",\"breadcrumb\":{\"@id\":\"https:\/\/redfoxlotto.com\/pl\/wyniki\/superenalotto\/#breadcrumb\"},\"inLanguage\":\"pl-PL\",\"potentialAction\":[{\"@type\":\"ReadAction\",\"target\":[\"https:\/\/redfoxlotto.com\/pl\/wyniki\/superenalotto\/\"]}]},{\"@type\":\"ImageObject\",\"inLanguage\":\"pl-PL\",\"@id\":\"https:\/\/redfoxlotto.com\/pl\/wyniki\/superenalotto\/#primaryimage\",\"url\":\"https:\/\/content.redfoxlotto.com\/uploads\/sites\/9\/1_results_check_lottery.jpg\",\"contentUrl\":\"https:\/\/content.redfoxlotto.com\/uploads\/sites\/9\/1_results_check_lottery.jpg\"},{\"@type\":\"BreadcrumbList\",\"@id\":\"https:\/\/redfoxlotto.com\/pl\/wyniki\/superenalotto\/#breadcrumb\",\"itemListElement\":[{\"@type\":\"ListItem\",\"position\":1,\"name\":\"Home\",\"item\":\"https:\/\/redfoxlotto.com\/pl\/\"},{\"@type\":\"ListItem\",\"position\":2,\"name\":\"Wyniki mi\u0119dzynarodowej loterii\",\"item\":\"https:\/\/redfoxlotto.com\/pl\/wyniki\/\"},{\"@type\":\"ListItem\",\"position\":3,\"name\":\"Wyniki SuperEnaLotto\"}]},{\"@type\":\"WebSite\",\"@id\":\"https:\/\/redfoxlotto.com\/pl\/#website\",\"url\":\"https:\/\/redfoxlotto.com\/pl\/\",\"name\":\"Get Tickets for the World\u2019s largest jackpots\",\"description\":\"Participate in worldwide lottery jackpots from any country\",\"publisher\":{\"@id\":\"https:\/\/redfoxlotto.com\/pl\/#organization\"},\"potentialAction\":[{\"@type\":\"SearchAction\",\"target\":{\"@type\":\"EntryPoint\",\"urlTemplate\":\"https:\/\/redfoxlotto.com\/pl\/?s={search_term_string}\"},\"query-input\":{\"@type\":\"PropertyValueSpecification\",\"valueRequired\":true,\"valueName\":\"search_term_string\"}}],\"inLanguage\":\"pl-PL\"},{\"@type\":\"Organization\",\"@id\":\"https:\/\/redfoxlotto.com\/pl\/#organization\",\"name\":\"Get Tickets for the World\u2019s largest jackpots\",\"url\":\"https:\/\/redfoxlotto.com\/pl\/\",\"logo\":{\"@type\":\"ImageObject\",\"inLanguage\":\"pl-PL\",\"@id\":\"https:\/\/redfoxlotto.com\/pl\/#\/schema\/logo\/image\/\",\"url\":\"https:\/\/redfoxlotto.com\/wp-content\/uploads\/2023\/04\/logo.png\",\"contentUrl\":\"https:\/\/redfoxlotto.com\/wp-content\/uploads\/2023\/04\/logo.png\",\"width\":269,\"height\":53,\"caption\":\"Get Tickets for the World\u2019s largest jackpots\"},\"image\":{\"@id\":\"https:\/\/redfoxlotto.com\/pl\/#\/schema\/logo\/image\/\"}}]}<\/script>\n<!-- \/ Yoast SEO plugin. -->","yoast_head_json":{"title":"SuperEnalotto najnowsze zwyci\u0119skie numery wyniki","description":"Najnowsze wyniki i zwyci\u0119skie numery Superenalotto znajdziesz tutaj, na RedFoxLotto, gdzie mo\u017cesz r\u00f3wnie\u017c kupi\u0107 swoje losy","robots":{"index":"index","follow":"follow","max-snippet":"max-snippet:-1","max-image-preview":"max-image-preview:large","max-video-preview":"max-video-preview:-1"},"canonical":"https:\/\/redfoxlotto.com\/pl\/wyniki\/superenalotto\/","og_locale":"pl_PL","og_type":"article","og_title":"SuperEnalotto najnowsze zwyci\u0119skie numery wyniki","og_description":"Najnowsze wyniki i zwyci\u0119skie numery Superenalotto znajdziesz tutaj, na RedFoxLotto, gdzie mo\u017cesz r\u00f3wnie\u017c kupi\u0107 swoje losy","og_url":"https:\/\/redfoxlotto.com\/pl\/wyniki\/superenalotto\/","og_site_name":"Get Tickets for the World\u2019s largest jackpots","article_modified_time":"2026-01-11T10:26:25+00:00","og_image":[{"url":"https:\/\/content.redfoxlotto.com\/uploads\/sites\/9\/1_results_check_lottery.jpg"}],"twitter_card":"summary_large_image","twitter_misc":{"Szacowany czas czytania":"2 minuty"},"schema":{"@context":"https:\/\/schema.org","@graph":[{"@type":"WebPage","@id":"https:\/\/redfoxlotto.com\/pl\/wyniki\/superenalotto\/","url":"https:\/\/redfoxlotto.com\/pl\/wyniki\/superenalotto\/","name":"SuperEnalotto najnowsze zwyci\u0119skie numery wyniki","isPartOf":{"@id":"https:\/\/redfoxlotto.com\/pl\/#website"},"primaryImageOfPage":{"@id":"https:\/\/redfoxlotto.com\/pl\/wyniki\/superenalotto\/#primaryimage"},"image":{"@id":"https:\/\/redfoxlotto.com\/pl\/wyniki\/superenalotto\/#primaryimage"},"thumbnailUrl":"https:\/\/content.redfoxlotto.com\/uploads\/sites\/9\/1_results_check_lottery.jpg","datePublished":"2018-11-18T08:54:25+00:00","dateModified":"2026-01-11T10:26:25+00:00","description":"Najnowsze wyniki i zwyci\u0119skie numery Superenalotto znajdziesz tutaj, na RedFoxLotto, gdzie mo\u017cesz r\u00f3wnie\u017c kupi\u0107 swoje losy","breadcrumb":{"@id":"https:\/\/redfoxlotto.com\/pl\/wyniki\/superenalotto\/#breadcrumb"},"inLanguage":"pl-PL","potentialAction":[{"@type":"ReadAction","target":["https:\/\/redfoxlotto.com\/pl\/wyniki\/superenalotto\/"]}]},{"@type":"ImageObject","inLanguage":"pl-PL","@id":"https:\/\/redfoxlotto.com\/pl\/wyniki\/superenalotto\/#primaryimage","url":"https:\/\/content.redfoxlotto.com\/uploads\/sites\/9\/1_results_check_lottery.jpg","contentUrl":"https:\/\/content.redfoxlotto.com\/uploads\/sites\/9\/1_results_check_lottery.jpg"},{"@type":"BreadcrumbList","@id":"https:\/\/redfoxlotto.com\/pl\/wyniki\/superenalotto\/#breadcrumb","itemListElement":[{"@type":"ListItem","position":1,"name":"Home","item":"https:\/\/redfoxlotto.com\/pl\/"},{"@type":"ListItem","position":2,"name":"Wyniki mi\u0119dzynarodowej loterii","item":"https:\/\/redfoxlotto.com\/pl\/wyniki\/"},{"@type":"ListItem","position":3,"name":"Wyniki SuperEnaLotto"}]},{"@type":"WebSite","@id":"https:\/\/redfoxlotto.com\/pl\/#website","url":"https:\/\/redfoxlotto.com\/pl\/","name":"Get Tickets for the World\u2019s largest jackpots","description":"Participate in worldwide lottery jackpots from any country","publisher":{"@id":"https:\/\/redfoxlotto.com\/pl\/#organization"},"potentialAction":[{"@type":"SearchAction","target":{"@type":"EntryPoint","urlTemplate":"https:\/\/redfoxlotto.com\/pl\/?s={search_term_string}"},"query-input":{"@type":"PropertyValueSpecification","valueRequired":true,"valueName":"search_term_string"}}],"inLanguage":"pl-PL"},{"@type":"Organization","@id":"https:\/\/redfoxlotto.com\/pl\/#organization","name":"Get Tickets for the World\u2019s largest jackpots","url":"https:\/\/redfoxlotto.com\/pl\/","logo":{"@type":"ImageObject","inLanguage":"pl-PL","@id":"https:\/\/redfoxlotto.com\/pl\/#\/schema\/logo\/image\/","url":"https:\/\/redfoxlotto.com\/wp-content\/uploads\/2023\/04\/logo.png","contentUrl":"https:\/\/redfoxlotto.com\/wp-content\/uploads\/2023\/04\/logo.png","width":269,"height":53,"caption":"Get Tickets for the World\u2019s largest jackpots"},"image":{"@id":"https:\/\/redfoxlotto.com\/pl\/#\/schema\/logo\/image\/"}}]}},"_links":{"self":[{"href":"https:\/\/redfoxlotto.com\/pl\/wp-json\/wp\/v2\/pages\/5701","targetHints":{"allow":["GET"]}}],"collection":[{"href":"https:\/\/redfoxlotto.com\/pl\/wp-json\/wp\/v2\/pages"}],"about":[{"href":"https:\/\/redfoxlotto.com\/pl\/wp-json\/wp\/v2\/types\/page"}],"author":[{"embeddable":true,"href":"https:\/\/redfoxlotto.com\/pl\/wp-json\/wp\/v2\/users\/1"}],"replies":[{"embeddable":true,"href":"https:\/\/redfoxlotto.com\/pl\/wp-json\/wp\/v2\/comments?post=5701"}],"version-history":[{"count":0,"href":"https:\/\/redfoxlotto.com\/pl\/wp-json\/wp\/v2\/pages\/5701\/revisions"}],"up":[{"embeddable":true,"href":"https:\/\/redfoxlotto.com\/pl\/wp-json\/wp\/v2\/pages\/5695"}],"wp:attachment":[{"href":"https:\/\/redfoxlotto.com\/pl\/wp-json\/wp\/v2\/media?parent=5701"}],"curies":[{"name":"wp","href":"https:\/\/api.w.org\/{rel}","templated":true}]}}