{"id":5700,"date":"2018-11-18T08:54:25","date_gmt":"2018-11-18T08:54:25","guid":{"rendered":"https:\/\/redfoxlotto.com\/?page_id=247\/"},"modified":"2025-12-17T12:28:56","modified_gmt":"2025-12-17T12:28:56","slug":"powerball","status":"publish","type":"page","link":"https:\/\/redfoxlotto.com\/pl\/wyniki\/powerball\/","title":{"rendered":"Wyniki Powerball"},"content":{"rendered":"<p><script type=\"application\/ld+json\">\n{\n  \"@context\": \"https:\/\/schema.org\",\n  \"@type\": \"Service\",\n  \"name\": \"Sprawd\u017a wyniki losowania Powerball online\",\n  \"url\": \"https:\/\/redfoxlotto.com\/pl\/wyniki\/powerball\/\",\n  \"description\": \"Odwied\u017a RedFoxLotto, aby sprawdzi\u0107 najnowsze wyniki Powerball oraz nasze archiwum wynik\u00f3w loterii.\",\n  \"serviceType\": \"\u015awiatowe archiwum wynik\u00f3w loterii\",\n  \"provider\": {\n    \"@type\": \"Organization\",\n    \"name\": \"RedFoxLotto\",\n    \"url\": \"https:\/\/redfoxlotto.com\/pl\/wyniki\/powerball\/\",\n    \"image\": \"https:\/\/redfoxlotto.com\/wp-content\/uploads\/2025\/12\/ticket_scans.jpg\",\n    \"sameAs\": []\n  },\n  \"areaServed\": \"Worldwide\",\n  \"termsOfService\": \"https:\/\/redfoxlotto.com\/terms-and-conditions\",\n  \"additionalProperty\": {\n    \"@type\": \"PropertyValue\",\n    \"name\": \"FAQ\",\n    \"value\": \"https:\/\/redfoxlotto.com\/pl\/faq\/\"\n  },\n  \"hasOfferCatalog\": {\n    \"@type\": \"OfferCatalog\",\n    \"name\": \"Wyniki Powerball\",\n    \"itemListElement\": [\n      {\n        \"@type\": \"Offer\",\n        \"name\": \"Wyniki Powerball\",\n        \"url\": \"https:\/\/redfoxlotto.com\/pl\/wyniki\/powerball\/\",\n        \"description\": \"Znajd\u017a najnowsze i historyczne wyniki Powerball oraz innych du\u017cych loterii tutaj\",\n        \"itemOffered\": {\n          \"@type\": \"Service\",\n          \"name\": \"Wyniki Powerball\",\n          \"description\": \"Numery losowa\u0144 Powerball online, wyniki bie\u017c\u0105ce i starsze.\"\n        }\n      }\n    ]\n  },\n  \"mainEntityOfPage\": {\n    \"@type\": \"WebPage\",\n    \"@id\": \"https:\/\/redfoxlotto.com\/pl\/wyniki\/powerball\/\"\n  }\n}\n<\/script><\/p>\n<h2>Gdzie znale\u017a\u0107 zwyci\u0119skie numery dla Powerball?<\/h2>\n<p>Czy kiedykolwiek chcia\u0142e\u015b sprawdzi\u0107 numery, <strong>kt\u00f3re wygrywaj\u0105 na najwi\u0119kszych grach lotto?<\/strong> Mo\u017ce pr\u00f3bowa\u0142e\u015b szuka\u0107 zwyci\u0119skich liczb z poprzednich gier, ale nie mo\u017cesz ich znale\u017a\u0107.<!--more--><\/p>\n<p>By\u0107 mo\u017ce szukasz, aby otrzyma\u0107 bilety z najbardziej popularnymi numerami na nich lub jeste\u015b tylko ciekawym typem, kt\u00f3ry chce wiedzie\u0107. C\u00f3\u017c, na naszej stronie, wymieniamy wszystkie wyniki <a href=\"https:\/\/redfoxlotto.com\/pl\/graj\/powerball\/\">Powerball<\/a> i zwyci\u0119skie liczby, za ten tydzie\u0144 i ostatnie losowania.<\/p>\n<p><img decoding=\"async\" class=\"pe\u0142ny rozmiar wp-image alignright\" src=\"https:\/\/content.redfoxlotto.com\/uploads\/sites\/9\/1_results_powerball.jpg\" alt=\"wyniki loterii\"><\/p>\n<p>Oczywi\u015bcie, nie tylko Powerball, o kt\u00f3rym ci opowiemy. Tutaj mo\u017cesz sprawdzi\u0107 wyniki najpopularniejszych gier loteryjnych na \u015bwiecie. Ale je\u015bli chodzi o Powerball, to na pewno wiemy, dlaczego jeste\u015b zainteresowany. Ka\u017cdy, kto ma wszystkie wymagane numery na swoim bilecie jest multimilionerem. W naszym archiwum mo\u017cna r\u00f3wnie\u017c zobaczy\u0107 zwyci\u0119skie liczby poprzednich losowa\u0144.<\/p>\n<h2>Powerball Jackpot<\/h2>\n<p><a href=\"https:\/\/redfoxlotto.com\/pl\/tabele-wyplat-powerball-mega-millions\/\">Jackpot Powerball<\/a> zaczyna si\u0119 od minimum 40 000 000 000 dolar\u00f3w. <strong>Ale rekord jak dot\u0105d wynosi niesamowite 1,500,000,000,000 dolar\u00f3w<\/strong>, czyli 1,5 miliarda dolar\u00f3w! Trudno sobie wyobrazi\u0107 tak\u0105 kwot\u0119, ale kto\u015b faktycznie j\u0105 wygra\u0142! Nawet ten ma\u0142y jackpot w wysoko\u015bci 40 000 000 000 dolar\u00f3w wydaje si\u0119 by\u0107 szalon\u0105 sum\u0105 pieni\u0119dzy, prawda? Ale ludzie na og\u00f3\u0142 nawet nie wygrywaj\u0105 takiej sumy.<\/p>\n<p>Rzadko zdarza si\u0119, aby kto\u015b wygra\u0142 minimaln\u0105 pul\u0119 jackpota za Powerball. W wi\u0119kszo\u015bci przypadk\u00f3w idzie w g\u00f3r\u0119 przynajmniej troch\u0119 i w wielu przypadkach idzie w g\u00f3r\u0119 du\u017co. Chocia\u017c nie podnosi si\u0119 o ponad 1 miliard dolar\u00f3w bardzo cz\u0119sto nie jest to rzadko\u015bci\u0105, aby zbli\u017cy\u0107 si\u0119 do siebie.<\/p>\n<h2>Nagrody Powerball i zwyci\u0119zcy Powerball<\/h2>\n<p><img decoding=\"async\" class=\"pe\u0142ny rozmiar wp-image alignright\" src=\"https:\/\/content.redfoxlotto.com\/uploads\/sites\/9\/1_winning_numbers_powerball.jpg\" alt=\"Zwyci\u0119zca loterii Powerball\">W Powerball jest dziewi\u0119\u0107 zwyci\u0119skich poziom\u00f3w. Setki tysi\u0119cy graczy wygrywa w ka\u017cdym losowaniu. Powy\u017csza tabela przedstawia r\u00f3wnie\u017c wygrane kwoty. W rzeczywisto\u015bci, mo\u017cesz wygra\u0107 Powerball z tylko jednym dopasowanym numerem, o ile ten dopasowany numer jest tym, co nazywa si\u0119 'Powerball&#8217;.<\/p>\n<p>Je\u015bli dopasujesz co najmniej 2 z pozosta\u0142ych liczb, b\u0119dziesz r\u00f3wnie\u017c mia\u0142 dost\u0119p do nagrody. B\u0119dziesz mia\u0142 wiele szans na wielk\u0105 wygran\u0105, a nawet ma\u0142\u0105 wygran\u0105. To zdecydowanie gra, kt\u00f3r\u0105 b\u0119dziesz chcia\u0142 sprawdzi\u0107, prawda?<\/p>\n<h2>Najcz\u0119\u015bciej losowane liczby w Powerball<\/h2>\n<p>Jaka jest Twoja strategia przy wyborze numer\u00f3w? Niekt\u00f3rzy gracze zawsze u\u017cywaj\u0105 tych samych liczb osobistych, inni u\u017cywaj\u0105 najmniej lub najcz\u0119\u015bciej losowanych liczb dla swojego biletu. By\u0107 mo\u017ce masz zupe\u0142nie inny system, ale nadal chcesz wiedzie\u0107 nieco wi\u0119cej o liczbach, zanim podejmiesz w\u0142asn\u0105 decyzj\u0119 o tym, co wybra\u0107.<\/p>\n<p>C\u00f3\u017c, proces jest bardzo prosty i mamy liczby, kt\u00f3rych szukasz. Opr\u00f3cz zwyci\u0119skich liczb i wynik\u00f3w z przesz\u0142o\u015bci, kt\u00f3re mo\u017cna znale\u017a\u0107 na naszej stronie, mamy r\u00f3wnie\u017c informacje o tym, jakie liczby s\u0105, a jakie nie s\u0105 losowane.<\/p>\n<p>Gor\u0105ce numery w Powerball s\u0105: 8, 26, 22, 23 i 36. Najrzadziej losowane liczby to 15, 51, 37, 47, 12, 4 i 24.<\/p>\n<h2>Dostaj\u0119 tw\u00f3j bilet<\/h2>\n<p>Je\u015bli szukasz wynik\u00f3w Powerball i wygrywaj\u0105cych liczb, prawdopodobnie szukasz r\u00f3wnie\u017c sposob\u00f3w, aby m\u00f3c zagra\u0107 w gr\u0119, prawda? Chcesz wiedzie\u0107, co trzeba b\u0119dzie zrobi\u0107, \u017ceby\u015b m\u00f3g\u0142 wzi\u0105\u0107 udzia\u0142 w akcji. C\u00f3\u017c, na szcz\u0119\u015bcie dla ciebie, to nie zajmie wiele czasu. Mo\u017cemy ci za\u0142atwi\u0107 bilety, kt\u00f3rych szukasz w mgnieniu oka. Musisz nam tylko powiedzie\u0107, czego chcesz, a my zajmiemy si\u0119 reszt\u0105.<\/p>\n<p>Nasz proces uzyskiwania bilet\u00f3w to tylko kilka prostych krok\u00f3w. Pierwszym z nich jest to, \u017ce musisz zdecydowa\u0107, w kt\u00f3r\u0105 gr\u0119 chcesz zagra\u0107. Je\u015bli zdecydowa\u0142e\u015b si\u0119 na <a href=\"https:\/\/redfoxlotto.com\/pl\/loterie\/powerball\/\">Powerball<\/a>, to b\u0119dzie to ju\u017c pierwszy krok. Je\u015bli nie jeste\u015b pewny, mo\u017cesz dowiedzie\u0107 si\u0119 wi\u0119cej o grze na naszej stronie internetowej, zobaczy\u0107 aktualny jackpot i sprawdzi\u0107 wszystkie inne dost\u0119pne gry. W ten spos\u00f3b mo\u017cesz si\u0119 upewni\u0107, \u017ce grasz absolutnie najlepsze opcje.<\/p>\n<p>Nast\u0119pnie wybierasz numery do swojego biletu. Nie musisz wybiera\u0107 numer\u00f3w, je\u015bli nie chcesz. Jak wspomnieli\u015bmy wcze\u015bniej, mo\u017cesz otrzyma\u0107 Quick Pick lub kombinacj\u0119 Quick Pick i konkretnych numer\u00f3w. Mo\u017cesz r\u00f3wnie\u017c wybra\u0107 konkretn\u0105 liczb\u0119 bilet\u00f3w, kt\u00f3re chcesz i wybra\u0107 numery dla dowolnych dodatkowych bilet\u00f3w.<\/p>\n<p>Nasz system poinformuje Ci\u0119 nawet, czy musisz wybra\u0107 wi\u0119cej lub mniej numer\u00f3w na swoim bilecie, aby\u015b m\u00f3g\u0142 si\u0119 upewni\u0107, \u017ce masz wa\u017cny numer.<\/p>\n<p>Stamt\u0105d zak\u0142adasz konto, je\u015bli jeszcze go nie masz i zak\u0142adasz konto p\u0142atnicze. I mo\u017cesz wybra\u0107, do ilu rysunk\u00f3w chcesz, aby Tw\u00f3j bilet by\u0142 dobry. Na koniec kliknij przycisk, aby kupi\u0107 bilety, a my zajmiemy si\u0119 reszt\u0105 procesu dla Ciebie.<\/p>\n<h2>Dostaniesz wyp\u0142at\u0119<\/h2>\n<p>Wi\u0119c, co si\u0119 dzieje po sprawdzeniu wynik\u00f3w i ustaleniu, \u017ce co\u015b wygra\u0142e\u015b? C\u00f3\u017c, je\u015bli wygrasz niewielk\u0105 sum\u0119, pieni\u0105dze zostan\u0105 natychmiast zdeponowane na Twoim koncie gracza. Je\u015bli wygrasz du\u017c\u0105 sum\u0119, nasz zesp\u00f3\u0142 pomocy technicznej skontaktuje si\u0119 z Tob\u0105, aby dowiedzie\u0107 si\u0119, w jaki spos\u00f3b chcia\u0142by\u015b otrzyma\u0107 p\u0142atno\u015b\u0107. A je\u015bli wygrasz jackpota &#8230; dobrze, b\u0119dziesz musia\u0142 uda\u0107 si\u0119 do Stan\u00f3w Zjednoczonych, aby odebra\u0107 jackpota, poniewa\u017c lubi\u0105 robi\u0107 du\u017ce show z tego wszystkiego.<\/p>\n<p>Je\u015bli jednak wygrasz miliony lub ponad miliard dolar\u00f3w, prawdopodobnie z przyjemno\u015bci\u0105 udasz si\u0119 do kraju, kt\u00f3ry ci go da, prawda? <strong>Dlatego w\u0142a\u015bnie dobrze jest zna\u0107 wyniki Powerball i wygrywaj\u0105ce numery<\/strong> oraz mie\u0107 oko na to, co si\u0119 dzieje. Mo\u017cesz si\u0119 upewni\u0107, \u017ce od razu dostajesz numery. Ale nie martw si\u0119, je\u015bli Twoje liczby wygraj\u0105, my jako pierwsi poinformujemy Ci\u0119 o tym i poinformujemy Ci\u0119 o tym, co musisz zrobi\u0107 dalej.<\/p>\n","protected":false},"excerpt":{"rendered":"<p>Gdzie znale\u017a\u0107 zwyci\u0119skie numery dla Powerball? Czy kiedykolwiek chcia\u0142e\u015b sprawdzi\u0107 numery, kt\u00f3re wygrywaj\u0105 na najwi\u0119kszych grach lotto? Mo\u017ce pr\u00f3bowa\u0142e\u015b szuka\u0107 zwyci\u0119skich liczb z poprzednich gier, ale nie mo\u017cesz ich znale\u017a\u0107.<\/p>\n","protected":false},"author":1,"featured_media":0,"parent":5695,"menu_order":1,"comment_status":"closed","ping_status":"closed","template":"powerball-usa-results.php","meta":{"_et_pb_use_builder":"","_et_pb_old_content":"","_et_gb_content_width":"","exclude_from_search":false,"footnotes":""},"class_list":["post-5700","page","type-page","status-publish","hentry"],"yoast_head":"<!-- This site is optimized with the Yoast SEO plugin v23.8 - https:\/\/yoast.com\/wordpress\/plugins\/seo\/ -->\n<title>Wyniki loterii Powerball i zwyci\u0119skie numery<\/title>\n<meta name=\"description\" content=\"Pobierz najnowsze wyniki Powerball Lotto tutaj, w tym archiwum minionych losowa\u0144.\" \/>\n<meta name=\"robots\" content=\"index, follow, max-snippet:-1, max-image-preview:large, max-video-preview:-1\" \/>\n<link rel=\"canonical\" href=\"https:\/\/redfoxlotto.com\/pl\/wyniki\/powerball\/\" \/>\n<meta property=\"og:locale\" content=\"pl_PL\" \/>\n<meta property=\"og:type\" content=\"article\" \/>\n<meta property=\"og:title\" content=\"Wyniki loterii Powerball i zwyci\u0119skie numery\" \/>\n<meta property=\"og:description\" content=\"Pobierz najnowsze wyniki Powerball Lotto tutaj, w tym archiwum minionych losowa\u0144.\" \/>\n<meta property=\"og:url\" content=\"https:\/\/redfoxlotto.com\/pl\/wyniki\/powerball\/\" \/>\n<meta property=\"og:site_name\" content=\"Get Tickets for the World\u2019s largest jackpots\" \/>\n<meta property=\"article:modified_time\" content=\"2025-12-17T12:28:56+00:00\" \/>\n<meta property=\"og:image\" content=\"https:\/\/content.redfoxlotto.com\/uploads\/sites\/9\/1_results_powerball.jpg\" \/>\n<meta name=\"twitter:card\" content=\"summary_large_image\" \/>\n<meta name=\"twitter:label1\" content=\"Szacowany czas czytania\" \/>\n\t<meta name=\"twitter:data1\" content=\"4 minuty\" \/>\n<script type=\"application\/ld+json\" class=\"yoast-schema-graph\">{\"@context\":\"https:\/\/schema.org\",\"@graph\":[{\"@type\":\"WebPage\",\"@id\":\"https:\/\/redfoxlotto.com\/pl\/wyniki\/powerball\/\",\"url\":\"https:\/\/redfoxlotto.com\/pl\/wyniki\/powerball\/\",\"name\":\"Wyniki loterii Powerball i zwyci\u0119skie numery\",\"isPartOf\":{\"@id\":\"https:\/\/redfoxlotto.com\/pl\/#website\"},\"primaryImageOfPage\":{\"@id\":\"https:\/\/redfoxlotto.com\/pl\/wyniki\/powerball\/#primaryimage\"},\"image\":{\"@id\":\"https:\/\/redfoxlotto.com\/pl\/wyniki\/powerball\/#primaryimage\"},\"thumbnailUrl\":\"https:\/\/content.redfoxlotto.com\/uploads\/sites\/9\/1_results_powerball.jpg\",\"datePublished\":\"2018-11-18T08:54:25+00:00\",\"dateModified\":\"2025-12-17T12:28:56+00:00\",\"description\":\"Pobierz najnowsze wyniki Powerball Lotto tutaj, w tym archiwum minionych losowa\u0144.\",\"breadcrumb\":{\"@id\":\"https:\/\/redfoxlotto.com\/pl\/wyniki\/powerball\/#breadcrumb\"},\"inLanguage\":\"pl-PL\",\"potentialAction\":[{\"@type\":\"ReadAction\",\"target\":[\"https:\/\/redfoxlotto.com\/pl\/wyniki\/powerball\/\"]}]},{\"@type\":\"ImageObject\",\"inLanguage\":\"pl-PL\",\"@id\":\"https:\/\/redfoxlotto.com\/pl\/wyniki\/powerball\/#primaryimage\",\"url\":\"https:\/\/content.redfoxlotto.com\/uploads\/sites\/9\/1_results_powerball.jpg\",\"contentUrl\":\"https:\/\/content.redfoxlotto.com\/uploads\/sites\/9\/1_results_powerball.jpg\"},{\"@type\":\"BreadcrumbList\",\"@id\":\"https:\/\/redfoxlotto.com\/pl\/wyniki\/powerball\/#breadcrumb\",\"itemListElement\":[{\"@type\":\"ListItem\",\"position\":1,\"name\":\"Home\",\"item\":\"https:\/\/redfoxlotto.com\/pl\/\"},{\"@type\":\"ListItem\",\"position\":2,\"name\":\"Wyniki mi\u0119dzynarodowej loterii\",\"item\":\"https:\/\/redfoxlotto.com\/pl\/wyniki\/\"},{\"@type\":\"ListItem\",\"position\":3,\"name\":\"Wyniki Powerball\"}]},{\"@type\":\"WebSite\",\"@id\":\"https:\/\/redfoxlotto.com\/pl\/#website\",\"url\":\"https:\/\/redfoxlotto.com\/pl\/\",\"name\":\"Get Tickets for the World\u2019s largest jackpots\",\"description\":\"Participate in worldwide lottery jackpots from any country\",\"publisher\":{\"@id\":\"https:\/\/redfoxlotto.com\/pl\/#organization\"},\"potentialAction\":[{\"@type\":\"SearchAction\",\"target\":{\"@type\":\"EntryPoint\",\"urlTemplate\":\"https:\/\/redfoxlotto.com\/pl\/?s={search_term_string}\"},\"query-input\":{\"@type\":\"PropertyValueSpecification\",\"valueRequired\":true,\"valueName\":\"search_term_string\"}}],\"inLanguage\":\"pl-PL\"},{\"@type\":\"Organization\",\"@id\":\"https:\/\/redfoxlotto.com\/pl\/#organization\",\"name\":\"Get Tickets for the World\u2019s largest jackpots\",\"url\":\"https:\/\/redfoxlotto.com\/pl\/\",\"logo\":{\"@type\":\"ImageObject\",\"inLanguage\":\"pl-PL\",\"@id\":\"https:\/\/redfoxlotto.com\/pl\/#\/schema\/logo\/image\/\",\"url\":\"https:\/\/redfoxlotto.com\/wp-content\/uploads\/2023\/04\/logo.png\",\"contentUrl\":\"https:\/\/redfoxlotto.com\/wp-content\/uploads\/2023\/04\/logo.png\",\"width\":269,\"height\":53,\"caption\":\"Get Tickets for the World\u2019s largest jackpots\"},\"image\":{\"@id\":\"https:\/\/redfoxlotto.com\/pl\/#\/schema\/logo\/image\/\"}}]}<\/script>\n<!-- \/ Yoast SEO plugin. -->","yoast_head_json":{"title":"Wyniki loterii Powerball i zwyci\u0119skie numery","description":"Pobierz najnowsze wyniki Powerball Lotto tutaj, w tym archiwum minionych losowa\u0144.","robots":{"index":"index","follow":"follow","max-snippet":"max-snippet:-1","max-image-preview":"max-image-preview:large","max-video-preview":"max-video-preview:-1"},"canonical":"https:\/\/redfoxlotto.com\/pl\/wyniki\/powerball\/","og_locale":"pl_PL","og_type":"article","og_title":"Wyniki loterii Powerball i zwyci\u0119skie numery","og_description":"Pobierz najnowsze wyniki Powerball Lotto tutaj, w tym archiwum minionych losowa\u0144.","og_url":"https:\/\/redfoxlotto.com\/pl\/wyniki\/powerball\/","og_site_name":"Get Tickets for the World\u2019s largest jackpots","article_modified_time":"2025-12-17T12:28:56+00:00","og_image":[{"url":"https:\/\/content.redfoxlotto.com\/uploads\/sites\/9\/1_results_powerball.jpg"}],"twitter_card":"summary_large_image","twitter_misc":{"Szacowany czas czytania":"4 minuty"},"schema":{"@context":"https:\/\/schema.org","@graph":[{"@type":"WebPage","@id":"https:\/\/redfoxlotto.com\/pl\/wyniki\/powerball\/","url":"https:\/\/redfoxlotto.com\/pl\/wyniki\/powerball\/","name":"Wyniki loterii Powerball i zwyci\u0119skie numery","isPartOf":{"@id":"https:\/\/redfoxlotto.com\/pl\/#website"},"primaryImageOfPage":{"@id":"https:\/\/redfoxlotto.com\/pl\/wyniki\/powerball\/#primaryimage"},"image":{"@id":"https:\/\/redfoxlotto.com\/pl\/wyniki\/powerball\/#primaryimage"},"thumbnailUrl":"https:\/\/content.redfoxlotto.com\/uploads\/sites\/9\/1_results_powerball.jpg","datePublished":"2018-11-18T08:54:25+00:00","dateModified":"2025-12-17T12:28:56+00:00","description":"Pobierz najnowsze wyniki Powerball Lotto tutaj, w tym archiwum minionych losowa\u0144.","breadcrumb":{"@id":"https:\/\/redfoxlotto.com\/pl\/wyniki\/powerball\/#breadcrumb"},"inLanguage":"pl-PL","potentialAction":[{"@type":"ReadAction","target":["https:\/\/redfoxlotto.com\/pl\/wyniki\/powerball\/"]}]},{"@type":"ImageObject","inLanguage":"pl-PL","@id":"https:\/\/redfoxlotto.com\/pl\/wyniki\/powerball\/#primaryimage","url":"https:\/\/content.redfoxlotto.com\/uploads\/sites\/9\/1_results_powerball.jpg","contentUrl":"https:\/\/content.redfoxlotto.com\/uploads\/sites\/9\/1_results_powerball.jpg"},{"@type":"BreadcrumbList","@id":"https:\/\/redfoxlotto.com\/pl\/wyniki\/powerball\/#breadcrumb","itemListElement":[{"@type":"ListItem","position":1,"name":"Home","item":"https:\/\/redfoxlotto.com\/pl\/"},{"@type":"ListItem","position":2,"name":"Wyniki mi\u0119dzynarodowej loterii","item":"https:\/\/redfoxlotto.com\/pl\/wyniki\/"},{"@type":"ListItem","position":3,"name":"Wyniki Powerball"}]},{"@type":"WebSite","@id":"https:\/\/redfoxlotto.com\/pl\/#website","url":"https:\/\/redfoxlotto.com\/pl\/","name":"Get Tickets for the World\u2019s largest jackpots","description":"Participate in worldwide lottery jackpots from any country","publisher":{"@id":"https:\/\/redfoxlotto.com\/pl\/#organization"},"potentialAction":[{"@type":"SearchAction","target":{"@type":"EntryPoint","urlTemplate":"https:\/\/redfoxlotto.com\/pl\/?s={search_term_string}"},"query-input":{"@type":"PropertyValueSpecification","valueRequired":true,"valueName":"search_term_string"}}],"inLanguage":"pl-PL"},{"@type":"Organization","@id":"https:\/\/redfoxlotto.com\/pl\/#organization","name":"Get Tickets for the World\u2019s largest jackpots","url":"https:\/\/redfoxlotto.com\/pl\/","logo":{"@type":"ImageObject","inLanguage":"pl-PL","@id":"https:\/\/redfoxlotto.com\/pl\/#\/schema\/logo\/image\/","url":"https:\/\/redfoxlotto.com\/wp-content\/uploads\/2023\/04\/logo.png","contentUrl":"https:\/\/redfoxlotto.com\/wp-content\/uploads\/2023\/04\/logo.png","width":269,"height":53,"caption":"Get Tickets for the World\u2019s largest jackpots"},"image":{"@id":"https:\/\/redfoxlotto.com\/pl\/#\/schema\/logo\/image\/"}}]}},"_links":{"self":[{"href":"https:\/\/redfoxlotto.com\/pl\/wp-json\/wp\/v2\/pages\/5700","targetHints":{"allow":["GET"]}}],"collection":[{"href":"https:\/\/redfoxlotto.com\/pl\/wp-json\/wp\/v2\/pages"}],"about":[{"href":"https:\/\/redfoxlotto.com\/pl\/wp-json\/wp\/v2\/types\/page"}],"author":[{"embeddable":true,"href":"https:\/\/redfoxlotto.com\/pl\/wp-json\/wp\/v2\/users\/1"}],"replies":[{"embeddable":true,"href":"https:\/\/redfoxlotto.com\/pl\/wp-json\/wp\/v2\/comments?post=5700"}],"version-history":[{"count":0,"href":"https:\/\/redfoxlotto.com\/pl\/wp-json\/wp\/v2\/pages\/5700\/revisions"}],"up":[{"embeddable":true,"href":"https:\/\/redfoxlotto.com\/pl\/wp-json\/wp\/v2\/pages\/5695"}],"wp:attachment":[{"href":"https:\/\/redfoxlotto.com\/pl\/wp-json\/wp\/v2\/media?parent=5700"}],"curies":[{"name":"wp","href":"https:\/\/api.w.org\/{rel}","templated":true}]}}