{"id":5698,"date":"2018-11-18T08:54:25","date_gmt":"2018-11-18T08:54:25","guid":{"rendered":"https:\/\/redfoxlotto.com\/?page_id=243\/"},"modified":"2025-12-18T06:56:16","modified_gmt":"2025-12-18T06:56:16","slug":"mega-millions","status":"publish","type":"page","link":"https:\/\/redfoxlotto.com\/pl\/wyniki\/mega-millions\/","title":{"rendered":"Mega Millions wynik\u00f3w"},"content":{"rendered":"<p><script type=\"application\/ld+json\">\n{\n  \"@context\": \"https:\/\/schema.org\",\n  \"@type\": \"Service\",\n  \"name\": \"Sprawd\u017a wyniki losowania Mega Millions online\",\n  \"url\": \"https:\/\/redfoxlotto.com\/pl\/wyniki\/mega-millions\/\",\n  \"description\": \"Odwied\u017a RedFoxLotto, aby sprawdzi\u0107 najnowsze wyniki Mega Millions i nasze archiwum wynik\u00f3w loterii.\",\n  \"serviceType\": \"\u015awiatowe archiwum wynik\u00f3w loterii\",<\/p>\n<p>  \"provider\": {\n    \"@type\": \"Organization\",\n    \"name\": \"RedFoxLotto\",\n    \"url\": \"https:\/\/redfoxlotto.com\/pl\/\",\n    \"image\": \"https:\/\/redfoxlotto.com\/wp-content\/uploads\/2025\/12\/ticket_scans.jpg\",\n    \"sameAs\": []\n  },<\/p>\n<p>  \"areaServed\": \"Worldwide\",\n  \"termsOfService\": \"https:\/\/redfoxlotto.com\/pl\/terms-and-conditions\/\",\n  \"additionalProperty\": {\n    \"@type\": \"PropertyValue\",\n    \"name\": \"FAQ\",\n    \"value\": \"https:\/\/redfoxlotto.com\/pl\/faq\/\"\n  },<\/p>\n<p>  \"hasOfferCatalog\": {\n    \"@type\": \"OfferCatalog\",\n    \"name\": \"Wyniki Mega Millions\",\n    \"itemListElement\": [\n      {\n        \"@type\": \"Offer\",\n        \"name\": \"Wyniki Mega Millions\",\n        \"url\": \"https:\/\/redfoxlotto.com\/pl\/wyniki\/mega-millions\/\",\n        \"description\": \"Znajd\u017a najnowsze i historyczne wyniki Mega Millions tutaj.\",\n        \"price\": \"13.00\",\n        \"priceCurrency\": \"EUR\",\n        \"availability\": \"https:\/\/schema.org\/InStock\",\n        \"itemOffered\": {\n          \"@type\": \"Service\",\n          \"name\": \"Wyniki Mega Millions\",\n          \"description\": \"Losowane numery Mega Millions online, najnowsze i starsze wyniki.\"\n        }\n      }\n    ]\n  },<\/p>\n<p>  \"mainEntityOfPage\": {\n    \"@type\": \"WebPage\",\n    \"@id\": \"https:\/\/redfoxlotto.com\/pl\/wyniki\/mega-millions\/\"\n  }\n}\n<\/script><br \/>\nhtml<br \/>\nCopy code<\/p>\n<p>Szukasz wynik\u00f3w ostatniego <a href=\"https:\/\/redfoxlotto.com\/pl\/loterie\/mega-millions\/\">losowania Mega Millions USA<\/a>? Tutaj mo\u017cna je znale\u017a\u0107, jak r\u00f3wnie\u017c archiwum z numerami wcze\u015bniejszych losowa\u0144.<!--more--><\/p>\n<p>Zdobycie Mega Millions Jackpot jest marzeniem ka\u017cdego gracza lotto, a nagroda mo\u017ce cz\u0119sto wynosi\u0107 setki milion\u00f3w dolar\u00f3w! Jest to zdecydowanie pow\u00f3d, dla kt\u00f3rego warto przyjrze\u0107 si\u0119 <strong>wynikom Mega Millions i wygrywaj\u0105cym liczbom<\/strong>. Chcesz wiedzie\u0107, kt\u00f3re liczby s\u0105 rzeczywi\u015bcie hitting wi\u0119c mo\u017cna wybra\u0107 numery, kt\u00f3re b\u0119d\u0105 ci\u0119 ustawi\u0107 na ca\u0142e \u017cycie, prawda?<\/p>\n<h2>Mega Millions Jackpot<\/h2>\n<p><img decoding=\"async\" class=\"pe\u0142ny rozmiar wp-image alignright\" src=\"https:\/\/content.redfoxlotto.com\/uploads\/sites\/9\/1_results_mega_millions.jpg\" alt=\"wyniki loterii\"><\/p>\n<p><a href=\"https:\/\/redfoxlotto.com\/pl\/tabele-wyplat-powerball-mega-millions\/\">Minimalny jackpot w loterii Mega Millions<\/a> wynosi 40 milion\u00f3w dolar\u00f3w. Oznacza to, \u017ce je\u015bli kto\u015b wygra jackpota dzisiaj, to przy nast\u0119pnym losowaniu jackpot zacznie si\u0119 od 40 milion\u00f3w dolar\u00f3w. Tak wi\u0119c najmniejsza kwota (oczywi\u015bcie przed opodatkowaniem), kt\u00f3r\u0105 mo\u017cesz wygra\u0107 to 40 milion\u00f3w dolar\u00f3w. I to nie zdarza si\u0119 zbyt cz\u0119sto, poniewa\u017c wi\u0119kszo\u015b\u0107 ludzi nigdy nie wygrywa tego jackpota, gdy jest on najni\u017cszy. Raczej maj\u0105 tendencj\u0119 do wygrywania jackpota, kiedy jest on nieco wy\u017cszy.<\/p>\n<p>Prawda jest taka, \u017ce jackpot dostaje du\u017cy do\u015b\u0107 szybko dla US Mega Millions. A jackpot nie jest ograniczony pod wzgl\u0119dem wielko\u015bci. W kr\u00f3tkim czasie mo\u017cna tu zgromadzi\u0107 ogromne sumy. Najwy\u017cszy jackpot Mega Millions kiedykolwiek osi\u0105gn\u0105\u0142 poziom ponad 1,5 miliarda! Jest to zdecydowanie liczba, kt\u00f3rej ka\u017cdy w USA chcia\u0142 by\u0107 cz\u0119\u015bci\u0105, wi\u0119c sprzedano miliony bilet\u00f3w, ale nie s\u0105 to jedyne osoby, kt\u00f3re mog\u0105 wzi\u0105\u0107 udzia\u0142 w tym procesie. Jeste\u015b r\u00f3wnie\u017c zaproszony, by to sprawdzi\u0107.<\/p>\n<h2>Poziomy nagr\u00f3d Mega Millions<\/h2>\n<p>Z naszego sto\u0142u mo\u017cesz r\u00f3wnie\u017c zobaczy\u0107 dost\u0119pne poziomy nagr\u00f3d oraz wysoko\u015b\u0107 wygranych. Jest wiele r\u00f3\u017cnych sposob\u00f3w, na kt\u00f3re mo\u017cesz wygra\u0107 graj\u0105c w Mega Millions. Jasne, musisz dopasowa\u0107 ka\u017cd\u0105 z liczb, je\u015bli chcesz wygra\u0107 jackpota. To na pewno b\u0119dzie wyczyn i b\u0119dzie wymaga\u0142o od ciebie szcz\u0119\u015bcia w tych liczbach, ale na pewno s\u0105 sposoby, aby\u015b m\u00f3g\u0142 wygra\u0107 jeszcze wi\u0119cej.<\/p>\n<p>Przedstawili\u015bmy ka\u017cdy ze sposob\u00f3w, w jaki mo\u017cesz wygra\u0107 nagrod\u0119, dowoln\u0105 nagrod\u0119, poprzez Mega Millions. Kiedy patrzysz na wyniki Mega Millions i wygrywaj\u0105ce liczby, zobaczysz liczby, kt\u00f3rych ludzie u\u017cyli, aby wygra\u0107 jackpota, ale mo\u017cesz bezwzgl\u0119dnie u\u017cy\u0107 niekt\u00f3rych z tych liczb lub swoich w\u0142asnych numer\u00f3w lub czegokolwiek innego, aby spr\u00f3bowa\u0107 wygra\u0107 jedn\u0105 z mniejszych nagr\u00f3d, jak r\u00f3wnie\u017c.<\/p>\n<p>W ko\u0144cu, z Mega Millions mo\u017cesz wygra\u0107 co\u015b, je\u015bli tylko mecz Mega Ball lub je\u015bli tylko mecz 2 z regularnych numer\u00f3w. To znaczy, \u017ce masz spore szanse, \u017ce dostaniesz co\u015b za swoje pieni\u0105dze.<\/p>\n<h2>Najcz\u0119\u015bciej i najrzadziej losowane liczby<\/h2>\n<p><img decoding=\"async\" class=\"pe\u0142ny rozmiar wp-image alignright\" src=\"https:\/\/content.redfoxlotto.com\/uploads\/sites\/9\/1_lottery_winner_is2.jpg\" alt=\"Mega Millions jackpot\">Nasze archiwum mo\u017ce by\u0107 r\u00f3wnie\u017c pomocne, je\u015bli chcesz znale\u017a\u0107 numery z wi\u0119kszymi szansami. Oto &#8222;gor\u0105ce&#8221; numery dla Mega Millions Lotto:<\/p>\n<p>Liczby 29, 4, 48 i 36 s\u0105 liczbami najcz\u0119\u015bciej losowanymi w Mega Millions. Od 2005 r. liczba 48 zosta\u0142a narysowana ponad 80 razy. Najpopularniejsze numery MegaBall to 35, 9, 36 i 7.<\/p>\n<p>Tak wi\u0119c, je\u015bli szukasz trafi\u0107 na najbardziej popularne numery, to s\u0105 to te, kt\u00f3re powiniene\u015b przyjrze\u0107 si\u0119 bli\u017cej. Chcesz si\u0119 upewni\u0107, \u017ce naprawd\u0119 nurkujesz i zastanawiasz si\u0119, jak mo\u017cesz wykorzysta\u0107 niekt\u00f3re z nich dla siebie.<\/p>\n<h2>Graj\u0105c w Mega Millions<\/h2>\n<p>Je\u015bli jeste\u015b gotowy, aby rozpocz\u0105\u0107 gr\u0119 w Mega Millions, ale nie jeste\u015b z USA, b\u0119dziesz potrzebowa\u0142 sposobu na <a href=\"https:\/\/redfoxlotto.com\/pl\/\">zakup biletu<\/a>, prawda? Musisz wiedzie\u0107, w jaki spos\u00f3b zamierzasz zaanga\u017cowa\u0107 si\u0119 w ca\u0142y ten proces i jest to o wiele \u0142atwiejsze ni\u017c si\u0119 spodziewa\u0142e\u015b, poniewa\u017c mo\u017cemy si\u0119 tym zaj\u0105\u0107 za Ciebie. Pomo\u017cemy ci zdoby\u0107 bilet, kt\u00f3ry te\u017c chcesz, nie tylko ka\u017cdy stary bilet.<\/p>\n<p>Kiedy wybierzesz swoje numery, b\u0119dziesz m\u00f3g\u0142 zobaczy\u0107 ile ich potrzebujesz, a my poinformujemy Ci\u0119, czy masz ich zbyt ma\u0142o lub zbyt wiele. Masz r\u00f3wnie\u017c mo\u017cliwo\u015b\u0107 otrzymania biletu Quick Pick, gdzie losowo przypisujemy Ci numery lub mo\u017cesz u\u017cy\u0107 kombinacji tych dw\u00f3ch i uzyska\u0107 losowo przypisane numery i niekt\u00f3re, kt\u00f3re wybierzesz. Nast\u0119pnie wype\u0142niasz kombinacje dla liczby bilet\u00f3w, kt\u00f3re chcesz. Nast\u0119pnie musisz za\u0142o\u017cy\u0107 u nas konto i zdecydowa\u0107, jak zamierzasz zap\u0142aci\u0107 za bilety. Kupujesz bilety, a Twoja cz\u0119\u015b\u0107 jest sko\u0144czona. Stamt\u0105d zajmiemy si\u0119 zdobyciem biletu dla ciebie.<\/p>\n<p>Bilet pojawia si\u0119 nawet na Twoim koncie i b\u0119dziesz m\u00f3g\u0142 zobaczy\u0107, czy te\u017c wygra\u0142e\u015b cokolwiek, poniewa\u017c bardzo u\u0142atwiamy Ci znalezienie wynik\u00f3w Mega Millions i zwyci\u0119skich liczb w naszym systemie. Kiedy sprawdzisz swoje bilety po losowaniu, wszystkie pasuj\u0105ce numery na bilecie zostan\u0105 pod\u015bwietlone. W ten spos\u00f3b mo\u017cesz od razu sprawdzi\u0107, ile masz zapa\u0142ek!<\/p>\n","protected":false},"excerpt":{"rendered":"<p>html Copy code Szukasz wynik\u00f3w ostatniego losowania Mega Millions USA? Tutaj mo\u017cna je znale\u017a\u0107, jak r\u00f3wnie\u017c archiwum z numerami wcze\u015bniejszych losowa\u0144.<\/p>\n","protected":false},"author":1,"featured_media":0,"parent":5695,"menu_order":2,"comment_status":"closed","ping_status":"closed","template":"megamillion-results.php","meta":{"_et_pb_use_builder":"","_et_pb_old_content":"","_et_gb_content_width":"","exclude_from_search":false,"footnotes":""},"class_list":["post-5698","page","type-page","status-publish","hentry"],"yoast_head":"<!-- This site is optimized with the Yoast SEO plugin v23.8 - https:\/\/yoast.com\/wordpress\/plugins\/seo\/ -->\n<title>MegaMillions Zwyci\u0119skie liczby i wyniki<\/title>\n<meta name=\"description\" content=\"Sprawd\u017a zwyci\u0119skie liczby na naszej stronie wynik\u00f3w Mega Millions, z naszym archiwum poprzednich losowa\u0144.\" \/>\n<meta name=\"robots\" content=\"index, follow, max-snippet:-1, max-image-preview:large, max-video-preview:-1\" \/>\n<link rel=\"canonical\" href=\"https:\/\/redfoxlotto.com\/pl\/results\/mega-millions\/\" \/>\n<meta property=\"og:locale\" content=\"pl_PL\" \/>\n<meta property=\"og:type\" content=\"article\" \/>\n<meta property=\"og:title\" content=\"MegaMillions Zwyci\u0119skie liczby i wyniki\" \/>\n<meta property=\"og:description\" content=\"Sprawd\u017a zwyci\u0119skie liczby na naszej stronie wynik\u00f3w Mega Millions, z naszym archiwum poprzednich losowa\u0144.\" \/>\n<meta property=\"og:url\" content=\"https:\/\/redfoxlotto.com\/results\/mega-millions\/\" \/>\n<meta property=\"og:site_name\" content=\"Get Tickets for the World\u2019s largest jackpots\" \/>\n<meta property=\"article:modified_time\" content=\"2025-12-18T06:56:16+00:00\" \/>\n<meta property=\"og:image\" content=\"https:\/\/content.redfoxlotto.com\/uploads\/sites\/9\/1_results_mega_millions.jpg\" \/>\n<meta name=\"twitter:card\" content=\"summary_large_image\" \/>\n<meta name=\"twitter:label1\" content=\"Szacowany czas czytania\" \/>\n\t<meta name=\"twitter:data1\" content=\"4 minuty\" \/>\n<script type=\"application\/ld+json\" class=\"yoast-schema-graph\">{\"@context\":\"https:\/\/schema.org\",\"@graph\":[{\"@type\":\"WebPage\",\"@id\":\"https:\/\/redfoxlotto.com\/pl\/wyniki\/mega-millions\/\",\"url\":\"https:\/\/redfoxlotto.com\/results\/mega-millions\/\",\"name\":\"MegaMillions Zwyci\u0119skie liczby i wyniki\",\"isPartOf\":{\"@id\":\"https:\/\/redfoxlotto.com\/pl\/#website\"},\"primaryImageOfPage\":{\"@id\":\"https:\/\/redfoxlotto.com\/results\/mega-millions\/#primaryimage\"},\"image\":{\"@id\":\"https:\/\/redfoxlotto.com\/results\/mega-millions\/#primaryimage\"},\"thumbnailUrl\":\"https:\/\/content.redfoxlotto.com\/uploads\/sites\/9\/1_results_mega_millions.jpg\",\"datePublished\":\"2018-11-18T08:54:25+00:00\",\"dateModified\":\"2025-12-18T06:56:16+00:00\",\"description\":\"Sprawd\u017a zwyci\u0119skie liczby na naszej stronie wynik\u00f3w Mega Millions, z naszym archiwum poprzednich losowa\u0144.\",\"breadcrumb\":{\"@id\":\"https:\/\/redfoxlotto.com\/results\/mega-millions\/#breadcrumb\"},\"inLanguage\":\"pl-PL\",\"potentialAction\":[{\"@type\":\"ReadAction\",\"target\":[\"https:\/\/redfoxlotto.com\/results\/mega-millions\/\"]}]},{\"@type\":\"ImageObject\",\"inLanguage\":\"pl-PL\",\"@id\":\"https:\/\/redfoxlotto.com\/results\/mega-millions\/#primaryimage\",\"url\":\"https:\/\/content.redfoxlotto.com\/uploads\/sites\/9\/1_results_mega_millions.jpg\",\"contentUrl\":\"https:\/\/content.redfoxlotto.com\/uploads\/sites\/9\/1_results_mega_millions.jpg\"},{\"@type\":\"BreadcrumbList\",\"@id\":\"https:\/\/redfoxlotto.com\/results\/mega-millions\/#breadcrumb\",\"itemListElement\":[{\"@type\":\"ListItem\",\"position\":1,\"name\":\"Home\",\"item\":\"https:\/\/redfoxlotto.com\/pl\/\"},{\"@type\":\"ListItem\",\"position\":2,\"name\":\"Wyniki mi\u0119dzynarodowej loterii\",\"item\":\"https:\/\/redfoxlotto.com\/pl\/wyniki\/\"},{\"@type\":\"ListItem\",\"position\":3,\"name\":\"Mega Millions wynik\u00f3w\"}]},{\"@type\":\"WebSite\",\"@id\":\"https:\/\/redfoxlotto.com\/pl\/#website\",\"url\":\"https:\/\/redfoxlotto.com\/pl\/\",\"name\":\"Get Tickets for the World\u2019s largest jackpots\",\"description\":\"Participate in worldwide lottery jackpots from any country\",\"publisher\":{\"@id\":\"https:\/\/redfoxlotto.com\/pl\/#organization\"},\"potentialAction\":[{\"@type\":\"SearchAction\",\"target\":{\"@type\":\"EntryPoint\",\"urlTemplate\":\"https:\/\/redfoxlotto.com\/pl\/?s={search_term_string}\"},\"query-input\":{\"@type\":\"PropertyValueSpecification\",\"valueRequired\":true,\"valueName\":\"search_term_string\"}}],\"inLanguage\":\"pl-PL\"},{\"@type\":\"Organization\",\"@id\":\"https:\/\/redfoxlotto.com\/pl\/#organization\",\"name\":\"Get Tickets for the World\u2019s largest jackpots\",\"url\":\"https:\/\/redfoxlotto.com\/pl\/\",\"logo\":{\"@type\":\"ImageObject\",\"inLanguage\":\"pl-PL\",\"@id\":\"https:\/\/redfoxlotto.com\/pl\/#\/schema\/logo\/image\/\",\"url\":\"https:\/\/redfoxlotto.com\/wp-content\/uploads\/2023\/04\/logo.png\",\"contentUrl\":\"https:\/\/redfoxlotto.com\/wp-content\/uploads\/2023\/04\/logo.png\",\"width\":269,\"height\":53,\"caption\":\"Get Tickets for the World\u2019s largest jackpots\"},\"image\":{\"@id\":\"https:\/\/redfoxlotto.com\/pl\/#\/schema\/logo\/image\/\"}}]}<\/script>\n<!-- \/ Yoast SEO plugin. -->","yoast_head_json":{"title":"MegaMillions Zwyci\u0119skie liczby i wyniki","description":"Sprawd\u017a zwyci\u0119skie liczby na naszej stronie wynik\u00f3w Mega Millions, z naszym archiwum poprzednich losowa\u0144.","robots":{"index":"index","follow":"follow","max-snippet":"max-snippet:-1","max-image-preview":"max-image-preview:large","max-video-preview":"max-video-preview:-1"},"canonical":"https:\/\/redfoxlotto.com\/pl\/results\/mega-millions\/","og_locale":"pl_PL","og_type":"article","og_title":"MegaMillions Zwyci\u0119skie liczby i wyniki","og_description":"Sprawd\u017a zwyci\u0119skie liczby na naszej stronie wynik\u00f3w Mega Millions, z naszym archiwum poprzednich losowa\u0144.","og_url":"https:\/\/redfoxlotto.com\/results\/mega-millions\/","og_site_name":"Get Tickets for the World\u2019s largest jackpots","article_modified_time":"2025-12-18T06:56:16+00:00","og_image":[{"url":"https:\/\/content.redfoxlotto.com\/uploads\/sites\/9\/1_results_mega_millions.jpg"}],"twitter_card":"summary_large_image","twitter_misc":{"Szacowany czas czytania":"4 minuty"},"schema":{"@context":"https:\/\/schema.org","@graph":[{"@type":"WebPage","@id":"https:\/\/redfoxlotto.com\/pl\/wyniki\/mega-millions\/","url":"https:\/\/redfoxlotto.com\/results\/mega-millions\/","name":"MegaMillions Zwyci\u0119skie liczby i wyniki","isPartOf":{"@id":"https:\/\/redfoxlotto.com\/pl\/#website"},"primaryImageOfPage":{"@id":"https:\/\/redfoxlotto.com\/results\/mega-millions\/#primaryimage"},"image":{"@id":"https:\/\/redfoxlotto.com\/results\/mega-millions\/#primaryimage"},"thumbnailUrl":"https:\/\/content.redfoxlotto.com\/uploads\/sites\/9\/1_results_mega_millions.jpg","datePublished":"2018-11-18T08:54:25+00:00","dateModified":"2025-12-18T06:56:16+00:00","description":"Sprawd\u017a zwyci\u0119skie liczby na naszej stronie wynik\u00f3w Mega Millions, z naszym archiwum poprzednich losowa\u0144.","breadcrumb":{"@id":"https:\/\/redfoxlotto.com\/results\/mega-millions\/#breadcrumb"},"inLanguage":"pl-PL","potentialAction":[{"@type":"ReadAction","target":["https:\/\/redfoxlotto.com\/results\/mega-millions\/"]}]},{"@type":"ImageObject","inLanguage":"pl-PL","@id":"https:\/\/redfoxlotto.com\/results\/mega-millions\/#primaryimage","url":"https:\/\/content.redfoxlotto.com\/uploads\/sites\/9\/1_results_mega_millions.jpg","contentUrl":"https:\/\/content.redfoxlotto.com\/uploads\/sites\/9\/1_results_mega_millions.jpg"},{"@type":"BreadcrumbList","@id":"https:\/\/redfoxlotto.com\/results\/mega-millions\/#breadcrumb","itemListElement":[{"@type":"ListItem","position":1,"name":"Home","item":"https:\/\/redfoxlotto.com\/pl\/"},{"@type":"ListItem","position":2,"name":"Wyniki mi\u0119dzynarodowej loterii","item":"https:\/\/redfoxlotto.com\/pl\/wyniki\/"},{"@type":"ListItem","position":3,"name":"Mega Millions wynik\u00f3w"}]},{"@type":"WebSite","@id":"https:\/\/redfoxlotto.com\/pl\/#website","url":"https:\/\/redfoxlotto.com\/pl\/","name":"Get Tickets for the World\u2019s largest jackpots","description":"Participate in worldwide lottery jackpots from any country","publisher":{"@id":"https:\/\/redfoxlotto.com\/pl\/#organization"},"potentialAction":[{"@type":"SearchAction","target":{"@type":"EntryPoint","urlTemplate":"https:\/\/redfoxlotto.com\/pl\/?s={search_term_string}"},"query-input":{"@type":"PropertyValueSpecification","valueRequired":true,"valueName":"search_term_string"}}],"inLanguage":"pl-PL"},{"@type":"Organization","@id":"https:\/\/redfoxlotto.com\/pl\/#organization","name":"Get Tickets for the World\u2019s largest jackpots","url":"https:\/\/redfoxlotto.com\/pl\/","logo":{"@type":"ImageObject","inLanguage":"pl-PL","@id":"https:\/\/redfoxlotto.com\/pl\/#\/schema\/logo\/image\/","url":"https:\/\/redfoxlotto.com\/wp-content\/uploads\/2023\/04\/logo.png","contentUrl":"https:\/\/redfoxlotto.com\/wp-content\/uploads\/2023\/04\/logo.png","width":269,"height":53,"caption":"Get Tickets for the World\u2019s largest jackpots"},"image":{"@id":"https:\/\/redfoxlotto.com\/pl\/#\/schema\/logo\/image\/"}}]}},"_links":{"self":[{"href":"https:\/\/redfoxlotto.com\/pl\/wp-json\/wp\/v2\/pages\/5698","targetHints":{"allow":["GET"]}}],"collection":[{"href":"https:\/\/redfoxlotto.com\/pl\/wp-json\/wp\/v2\/pages"}],"about":[{"href":"https:\/\/redfoxlotto.com\/pl\/wp-json\/wp\/v2\/types\/page"}],"author":[{"embeddable":true,"href":"https:\/\/redfoxlotto.com\/pl\/wp-json\/wp\/v2\/users\/1"}],"replies":[{"embeddable":true,"href":"https:\/\/redfoxlotto.com\/pl\/wp-json\/wp\/v2\/comments?post=5698"}],"version-history":[{"count":0,"href":"https:\/\/redfoxlotto.com\/pl\/wp-json\/wp\/v2\/pages\/5698\/revisions"}],"up":[{"embeddable":true,"href":"https:\/\/redfoxlotto.com\/pl\/wp-json\/wp\/v2\/pages\/5695"}],"wp:attachment":[{"href":"https:\/\/redfoxlotto.com\/pl\/wp-json\/wp\/v2\/media?parent=5698"}],"curies":[{"name":"wp","href":"https:\/\/api.w.org\/{rel}","templated":true}]}}