{"id":5697,"date":"2018-11-18T08:54:25","date_gmt":"2018-11-18T08:54:25","guid":{"rendered":"https:\/\/redfoxlotto.com\/?page_id=241\/"},"modified":"2025-12-17T15:11:46","modified_gmt":"2025-12-17T15:11:46","slug":"euromillions","status":"publish","type":"page","link":"https:\/\/redfoxlotto.com\/pl\/wyniki\/euromillions\/","title":{"rendered":"Wyniki EuroMillions i najnowsze zwyci\u0119skie liczby"},"content":{"rendered":"<p><script type=\"application\/ld+json\">\n{\n  \"@context\": \"https:\/\/schema.org\",\n  \"@type\": \"Service\",\n  \"name\": \"Sprawd\u017a wyniki Euromillions online\",\n  \"url\": \"https:\/\/redfoxlotto.com\/pl\/wyniki\/euromillions\/\",\n  \"description\": \"Odwied\u017a RedFoxLotto, aby sprawdzi\u0107 najnowsze i archiwalne wyniki Euromillions.\",\n  \"serviceType\": \"\u015awiatowe archiwum wynik\u00f3w loterii\",\n  \"provider\": {\n    \"@type\": \"Organization\",\n    \"name\": \"RedFoxLotto\",\n    \"url\": \"https:\/\/redfoxlotto.com\",\n    \"image\": \"https:\/\/redfoxlotto.com\/wp-content\/uploads\/2025\/12\/ticket_scans.jpg\",\n    \"sameAs\": []\n  },\n  \"areaServed\": \"Worldwide\",\n  \"termsOfService\": \"https:\/\/redfoxlotto.com\/terms-and-conditions\",\n  \"additionalProperty\": {\n    \"@type\": \"PropertyValue\",\n    \"name\": \"FAQ\",\n    \"value\": \"https:\/\/redfoxlotto.com\/pl\/wyniki\/euromillions\/\"\n  },\n  \"hasOfferCatalog\": {\n    \"@type\": \"OfferCatalog\",\n    \"name\": \"Wyniki Euromillions\",\n    \"itemListElement\": [{\n      \"@type\": \"Offer\",\n      \"name\": \"Wyniki Euromillions\",\n      \"url\": \"https:\/\/redfoxlotto.com\/pl\/wyniki\/euromillions\/\",\n      \"description\": \"Aktualne i wcze\u015bniejsze wyniki Euromillions.\",\n      \"itemOffered\": {\n        \"@type\": \"Service\",\n        \"name\": \"Wyniki Euromillions\",\n        \"description\": \"Wylosowane liczby Euromillions.\"\n      }\n    }]\n  },\n  \"mainEntityOfPage\": {\n    \"@type\": \"WebPage\",\n    \"@id\": \"https:\/\/redfoxlotto.com\/pl\/wyniki\/euromillions\/\"\n  }\n}\n<\/script><\/p>\n<p>Na tej stronie znajduje si\u0119 lista wynik\u00f3w losowania <a href=\"https:\/\/redfoxlotto.com\/pl\/graj\/euromillions\/\">EuroMillions<\/a>. Czy wygra\u0142e\u015b sw\u00f3j bilet? Gratulacje!<\/p>\n<p>Skorzystaj z naszego archiwum wynik\u00f3w, gdzie mo\u017cesz uzyska\u0107 informacje o tym, kt\u00f3re numery nie wygra\u0142y od d\u0142u\u017cszego czasu.<!--more--><br \/>\n<img loading=\"lazy\" decoding=\"async\" class=\"pe\u0142ny rozmiar wp-image alignright\" src=\"https:\/\/content.redfoxlotto.com\/uploads\/sites\/9\/1_results_mega_millions.jpg\" alt=\"wyniki loterii\" width=\"283\" height=\"283\" \/><\/p>\n<h2>EuroMillions i UK Millionaire Maker<\/h2>\n<p>Gracze p\u0142ac\u0105 nieco wi\u0119cej, poniewa\u017c kupony EuroMillions s\u0105 kupowane w Wielkiej Brytanii. Wynika to z faktu, \u017ce bilety z Wielkiej Brytanii s\u0105 automatycznie do\u0142\u0105czane do losowania Millionaire Maker, kt\u00f3re zapewnia dodatkow\u0105 szans\u0119 na wygranie nagrody w wysoko\u015bci 1 miliona funt\u00f3w.<\/p>\n<p>Millionaire Maker dzia\u0142a poprzez generowanie unikalnego kodu dla ka\u017cdego zakupionego kuponu. Kod ten sk\u0142ada si\u0119 z czterech liter, po kt\u00f3rych nast\u0119puje pi\u0119\u0107 cyfr (np. ABCD12345). W ka\u017cdym losowaniu jeden lub wi\u0119cej z tych kod\u00f3w jest wybieranych losowo, a posiadacz kuponu z pasuj\u0105cym kodem natychmiast wygrywa 1 milion funt\u00f3w, niezale\u017cnie od wylosowanych g\u0142\u00f3wnych liczb EuroMillions.<\/p>\n<p>Ta funkcja sprawia, \u017ce gra w EuroMillions w Wielkiej Brytanii jest szczeg\u00f3lnie atrakcyjna, poniewa\u017c zapewnia dodatkow\u0105 szans\u0119 na wygranie znacz\u0105cej nagrody poza standardowym jackpotem i nagrodami ni\u017cszego poziomu.<\/p>\n<p>Czy gra\u0142e\u015b w gr\u0119 EuroMillions? Mo\u017ce nigdy nie kupi\u0142e\u015b biletu przed tym ostatnim, a mo\u017ce grasz ca\u0142y czas. <strong>C\u00f3\u017c, bez wzgl\u0119du na to, jak cz\u0119sto grasz, zdecydowanie chcesz zna\u0107 wyniki EuroMillions, prawda?<\/strong> Na pewno b\u0119dziesz chcia\u0142 wiedzie\u0107, czy co\u015b wygra\u0142e\u015b i ile wygra\u0142e\u015b, kiedy ju\u017c to robisz. C\u00f3\u017c, jest to rzeczywi\u015bcie super \u0142atwe do znalezienia wynik\u00f3w i zobaczy\u0107, co mo\u017cna zrobi\u0107 z wygran\u0105, czy dostaniesz ma\u0142\u0105 nagrod\u0119, czy te\u017c wygrasz co\u015b wi\u0119kszego.<\/p>\n<h2>Czy wygra\u0142e\u015b?<\/h2>\n<p>Je\u015bli zastanawiasz si\u0119, czy wygra\u0142e\u015b, chcesz wiedzie\u0107, gdzie sprawdzi\u0107 wyniki. C\u00f3\u017c, to naprawd\u0119 proste, poniewa\u017c niekt\u00f3re z najcz\u0119stszych sposob\u00f3w, aby sprawdzi\u0107 bilet na loteri\u0119 s\u0105 w gazecie, ogl\u0105daj\u0105c rysunek na \u017cywo lub patrz\u0105c na strony internetowe. Strony internetowe, jednak\u017ce, mog\u0105 by\u0107 nawet lepsze ni\u017c niekt\u00f3re z innych opcji, zw\u0142aszcza je\u015bli sprawdzasz numery z tej samej strony internetowej, na kt\u00f3rej zakupiono bilet. Powodem tego jest to, \u017ce cz\u0119sto daj\u0105 Ci zna\u0107, czym s\u0105 zwyci\u0119skie liczby i jakie liczby zosta\u0142y dopasowane. To w\u0142a\u015bnie robi RedFoxLotto.com.<\/p>\n<p>Kiedy b\u0119dziesz m\u00f3g\u0142 spojrze\u0107 na zwyci\u0119skie liczby i \u0142atwo zobaczy\u0107 swoje liczby w tym samym czasie, b\u0119dziesz m\u00f3g\u0142 je lepiej por\u00f3wna\u0107, a to sprawi, \u017ce b\u0119dzie to pestka, aby dowiedzie\u0107 si\u0119, co wygra\u0142e\u015b. Ale nadal chcesz, aby proces ubiegania si\u0119 o te wygrane by\u0142y tak proste, jak to tylko mo\u017cliwe. Wystarczy chwila, aby przyjrze\u0107 si\u0119 us\u0142ugom internetowym, kt\u00f3re s\u0105 tam, a zobaczysz, \u017ce ubieganie si\u0119 o nagrod\u0119 mo\u017ce by\u0107 bardzo \u0142atwe. Nie musisz si\u0119 te\u017c martwi\u0107 o to, \u017ce pochodzisz z zupe\u0142nie innego kraju i nie mo\u017cesz po prostu wej\u015b\u0107 do sklepu lub centrum loteryjnego, aby go odebra\u0107.<\/p>\n<h2>Odzyskiwanie wygranych<\/h2>\n<p>Je\u015bli wygrasz na loterii, w kt\u00f3r\u0105 grasz online, odzyskanie wygranej jest tak samo \u0142atwe, jak w przypadku, gdyby\u015b mieszka\u0142 w tym samym kraju. Wystarczy, \u017ce sprawdzisz sw\u00f3j bilet w stosunku do wyniku losowania i otrzymasz wyp\u0142at\u0119 swoich wygranych. W ten spos\u00f3b mo\u017cesz po prostu wr\u00f3ci\u0107 do zabawy i mo\u017cesz robi\u0107 co tylko chcesz z pieni\u0119dzmi, kt\u00f3re wygra\u0142e\u015b. Co mo\u017ce by\u0107 lepsze od tego?<\/p>\n<p><img decoding=\"async\" class=\"pe\u0142ny rozmiar wp-image alignright\" src=\"https:\/\/content.redfoxlotto.com\/uploads\/sites\/9\/1_lottery_winner_is2.jpg\" alt=\"Mega Millions jackpot\" \/>Ma\u0142e wygrane mog\u0105 by\u0107 wystarczaj\u0105ce do zakupu kolejnego biletu. Wi\u0119ksze wygrane mog\u0142yby wystarczy\u0107, aby kupi\u0107 ten specjalny przedmiot, kt\u00f3rego naprawd\u0119 pragniesz. Bez wzgl\u0119du na to, co to jest, \u017ce naprawd\u0119 lubisz, na pewno b\u0119dziesz si\u0119 dobrze bawi\u0107 graj\u0105c w gry i b\u0119dziesz m\u00f3g\u0142 wypr\u00f3bowa\u0107 r\u00f3\u017cne rodzaje gier, jak r\u00f3wnie\u017c. W rzeczywisto\u015bci, istnieje ca\u0142y szereg r\u00f3\u017cnych gier dost\u0119pnych do gry online. Tak wi\u0119c, bez wzgl\u0119du na to, gdzie faktycznie mieszkasz, b\u0119dziesz mia\u0142 okazj\u0119 gra\u0107 w gry, kt\u00f3re pochodz\u0105 z zupe\u0142nie innych kraj\u00f3w.<\/p>\n<p>Je\u015bli szukasz najnowszych wynik\u00f3w EuroMillions, powiniene\u015b zajrze\u0107 na oficjaln\u0105 stron\u0119 internetow\u0105 lub sprawdzi\u0107 w lokalnych gazetach obszary, w kt\u00f3re grasz. Mo\u017cesz r\u00f3wnie\u017c zajrze\u0107 na stron\u0119 internetow\u0105, na kt\u00f3rej kupi\u0142e\u015b bilet (je\u015bli kupi\u0142e\u015b go online) lub zajrze\u0107 na stron\u0119 RedFoxLotto.com. B\u0119dziesz w stanie znale\u017a\u0107 wyniki i je\u015bli kupi\u0142e\u015b sw\u00f3j bilet poprzez ich serwis, b\u0119dziesz w stanie dopasowa\u0107 numery na swoim bilecie do zwyci\u0119skich numer\u00f3w i sprawdzi\u0107, czy co\u015b wygra\u0142e\u015b.<\/p>\n<p>Kiedy b\u0119dziesz gotowy do gry w nast\u0119pnej rundzie, jedyne, co musisz zrobi\u0107, to wymy\u015bli\u0107 liczby, w kt\u00f3re chcesz zagra\u0107 i nie b\u0119dziesz mia\u0142 problemu ze zdobyciem tego biletu i skakaniem prosto do swojej ulubionej gry. EuroMillions nie jest jedynym, ale na pewno da Ci szans\u0119 na wielki jackpot.<\/p>\n","protected":false},"excerpt":{"rendered":"<p>Na tej stronie znajduje si\u0119 lista wynik\u00f3w losowania EuroMillions. Czy wygra\u0142e\u015b sw\u00f3j bilet? Gratulacje! Skorzystaj z naszego archiwum wynik\u00f3w, gdzie mo\u017cesz uzyska\u0107 informacje o tym, kt\u00f3re numery nie wygra\u0142y od d\u0142u\u017cszego czasu.<\/p>\n","protected":false},"author":1,"featured_media":0,"parent":5695,"menu_order":3,"comment_status":"closed","ping_status":"closed","template":"euromillions-results.php","meta":{"_et_pb_use_builder":"","_et_pb_old_content":"","_et_gb_content_width":"","exclude_from_search":false,"footnotes":""},"class_list":["post-5697","page","type-page","status-publish","hentry"],"yoast_head":"<!-- This site is optimized with the Yoast SEO plugin v27.4 - https:\/\/yoast.com\/product\/yoast-seo-wordpress\/ -->\n<title>Wyniki Loterii EuroMillions<\/title>\n<meta name=\"description\" content=\"Wyniki z ostatnich i poprzednich losowa\u0144 Euromillions na jednej stronie\" \/>\n<meta name=\"robots\" content=\"index, follow, max-snippet:-1, max-image-preview:large, max-video-preview:-1\" \/>\n<link rel=\"canonical\" href=\"https:\/\/redfoxlotto.com\/pl\/wyniki\/euromillions\/\" \/>\n<meta property=\"og:locale\" content=\"pl_PL\" \/>\n<meta property=\"og:type\" content=\"article\" \/>\n<meta property=\"og:title\" content=\"Wyniki Loterii EuroMillions\" \/>\n<meta property=\"og:description\" content=\"Wyniki z ostatnich i poprzednich losowa\u0144 Euromillions na jednej stronie\" \/>\n<meta property=\"og:url\" content=\"https:\/\/redfoxlotto.com\/pl\/wyniki\/euromillions\/\" \/>\n<meta property=\"og:site_name\" content=\"Get Tickets for the World\u2019s largest jackpots\" \/>\n<meta property=\"article:modified_time\" content=\"2025-12-17T15:11:46+00:00\" \/>\n<meta property=\"og:image\" content=\"https:\/\/content.redfoxlotto.com\/uploads\/sites\/9\/1_results_mega_millions.jpg\" \/>\n<meta name=\"twitter:card\" content=\"summary_large_image\" \/>\n<meta name=\"twitter:label1\" content=\"Szacowany czas czytania\" \/>\n\t<meta name=\"twitter:data1\" content=\"4 minuty\" \/>\n<script type=\"application\/ld+json\" class=\"yoast-schema-graph\">{\"@context\":\"https:\\\/\\\/schema.org\",\"@graph\":[{\"@type\":\"WebPage\",\"@id\":\"https:\\\/\\\/redfoxlotto.com\\\/pl\\\/wyniki\\\/euromillions\\\/\",\"url\":\"https:\\\/\\\/redfoxlotto.com\\\/pl\\\/wyniki\\\/euromillions\\\/\",\"name\":\"Wyniki Loterii EuroMillions\",\"isPartOf\":{\"@id\":\"https:\\\/\\\/redfoxlotto.com\\\/pl\\\/#website\"},\"primaryImageOfPage\":{\"@id\":\"https:\\\/\\\/redfoxlotto.com\\\/pl\\\/wyniki\\\/euromillions\\\/#primaryimage\"},\"image\":{\"@id\":\"https:\\\/\\\/redfoxlotto.com\\\/pl\\\/wyniki\\\/euromillions\\\/#primaryimage\"},\"thumbnailUrl\":\"https:\\\/\\\/content.redfoxlotto.com\\\/uploads\\\/sites\\\/9\\\/1_results_mega_millions.jpg\",\"datePublished\":\"2018-11-18T08:54:25+00:00\",\"dateModified\":\"2025-12-17T15:11:46+00:00\",\"description\":\"Wyniki z ostatnich i poprzednich losowa\u0144 Euromillions na jednej stronie\",\"breadcrumb\":{\"@id\":\"https:\\\/\\\/redfoxlotto.com\\\/pl\\\/wyniki\\\/euromillions\\\/#breadcrumb\"},\"inLanguage\":\"pl-PL\",\"potentialAction\":[{\"@type\":\"ReadAction\",\"target\":[\"https:\\\/\\\/redfoxlotto.com\\\/pl\\\/wyniki\\\/euromillions\\\/\"]}]},{\"@type\":\"ImageObject\",\"inLanguage\":\"pl-PL\",\"@id\":\"https:\\\/\\\/redfoxlotto.com\\\/pl\\\/wyniki\\\/euromillions\\\/#primaryimage\",\"url\":\"https:\\\/\\\/content.redfoxlotto.com\\\/uploads\\\/sites\\\/9\\\/1_results_mega_millions.jpg\",\"contentUrl\":\"https:\\\/\\\/content.redfoxlotto.com\\\/uploads\\\/sites\\\/9\\\/1_results_mega_millions.jpg\"},{\"@type\":\"BreadcrumbList\",\"@id\":\"https:\\\/\\\/redfoxlotto.com\\\/pl\\\/wyniki\\\/euromillions\\\/#breadcrumb\",\"itemListElement\":[{\"@type\":\"ListItem\",\"position\":1,\"name\":\"Home\",\"item\":\"https:\\\/\\\/redfoxlotto.com\\\/pl\\\/\"},{\"@type\":\"ListItem\",\"position\":2,\"name\":\"Wyniki mi\u0119dzynarodowej loterii\",\"item\":\"https:\\\/\\\/redfoxlotto.com\\\/pl\\\/wyniki\\\/\"},{\"@type\":\"ListItem\",\"position\":3,\"name\":\"Wyniki EuroMillions i najnowsze zwyci\u0119skie liczby\"}]},{\"@type\":\"WebSite\",\"@id\":\"https:\\\/\\\/redfoxlotto.com\\\/pl\\\/#website\",\"url\":\"https:\\\/\\\/redfoxlotto.com\\\/pl\\\/\",\"name\":\"Get Tickets for the World\u2019s largest jackpots\",\"description\":\"Participate in worldwide lottery jackpots from any country\",\"publisher\":{\"@id\":\"https:\\\/\\\/redfoxlotto.com\\\/pl\\\/#organization\"},\"potentialAction\":[{\"@type\":\"SearchAction\",\"target\":{\"@type\":\"EntryPoint\",\"urlTemplate\":\"https:\\\/\\\/redfoxlotto.com\\\/pl\\\/?s={search_term_string}\"},\"query-input\":{\"@type\":\"PropertyValueSpecification\",\"valueRequired\":true,\"valueName\":\"search_term_string\"}}],\"inLanguage\":\"pl-PL\"},{\"@type\":\"Organization\",\"@id\":\"https:\\\/\\\/redfoxlotto.com\\\/pl\\\/#organization\",\"name\":\"Get Tickets for the World\u2019s largest jackpots\",\"url\":\"https:\\\/\\\/redfoxlotto.com\\\/pl\\\/\",\"logo\":{\"@type\":\"ImageObject\",\"inLanguage\":\"pl-PL\",\"@id\":\"https:\\\/\\\/redfoxlotto.com\\\/pl\\\/#\\\/schema\\\/logo\\\/image\\\/\",\"url\":\"https:\\\/\\\/redfoxlotto.com\\\/wp-content\\\/uploads\\\/2023\\\/04\\\/logo.png\",\"contentUrl\":\"https:\\\/\\\/redfoxlotto.com\\\/wp-content\\\/uploads\\\/2023\\\/04\\\/logo.png\",\"width\":269,\"height\":53,\"caption\":\"Get Tickets for the World\u2019s largest jackpots\"},\"image\":{\"@id\":\"https:\\\/\\\/redfoxlotto.com\\\/pl\\\/#\\\/schema\\\/logo\\\/image\\\/\"}}]}<\/script>\n<!-- \/ Yoast SEO plugin. -->","yoast_head_json":{"title":"Wyniki Loterii EuroMillions","description":"Wyniki z ostatnich i poprzednich losowa\u0144 Euromillions na jednej stronie","robots":{"index":"index","follow":"follow","max-snippet":"max-snippet:-1","max-image-preview":"max-image-preview:large","max-video-preview":"max-video-preview:-1"},"canonical":"https:\/\/redfoxlotto.com\/pl\/wyniki\/euromillions\/","og_locale":"pl_PL","og_type":"article","og_title":"Wyniki Loterii EuroMillions","og_description":"Wyniki z ostatnich i poprzednich losowa\u0144 Euromillions na jednej stronie","og_url":"https:\/\/redfoxlotto.com\/pl\/wyniki\/euromillions\/","og_site_name":"Get Tickets for the World\u2019s largest jackpots","article_modified_time":"2025-12-17T15:11:46+00:00","og_image":[{"url":"https:\/\/content.redfoxlotto.com\/uploads\/sites\/9\/1_results_mega_millions.jpg","type":"","width":"","height":""}],"twitter_card":"summary_large_image","twitter_misc":{"Szacowany czas czytania":"4 minuty"},"schema":{"@context":"https:\/\/schema.org","@graph":[{"@type":"WebPage","@id":"https:\/\/redfoxlotto.com\/pl\/wyniki\/euromillions\/","url":"https:\/\/redfoxlotto.com\/pl\/wyniki\/euromillions\/","name":"Wyniki Loterii EuroMillions","isPartOf":{"@id":"https:\/\/redfoxlotto.com\/pl\/#website"},"primaryImageOfPage":{"@id":"https:\/\/redfoxlotto.com\/pl\/wyniki\/euromillions\/#primaryimage"},"image":{"@id":"https:\/\/redfoxlotto.com\/pl\/wyniki\/euromillions\/#primaryimage"},"thumbnailUrl":"https:\/\/content.redfoxlotto.com\/uploads\/sites\/9\/1_results_mega_millions.jpg","datePublished":"2018-11-18T08:54:25+00:00","dateModified":"2025-12-17T15:11:46+00:00","description":"Wyniki z ostatnich i poprzednich losowa\u0144 Euromillions na jednej stronie","breadcrumb":{"@id":"https:\/\/redfoxlotto.com\/pl\/wyniki\/euromillions\/#breadcrumb"},"inLanguage":"pl-PL","potentialAction":[{"@type":"ReadAction","target":["https:\/\/redfoxlotto.com\/pl\/wyniki\/euromillions\/"]}]},{"@type":"ImageObject","inLanguage":"pl-PL","@id":"https:\/\/redfoxlotto.com\/pl\/wyniki\/euromillions\/#primaryimage","url":"https:\/\/content.redfoxlotto.com\/uploads\/sites\/9\/1_results_mega_millions.jpg","contentUrl":"https:\/\/content.redfoxlotto.com\/uploads\/sites\/9\/1_results_mega_millions.jpg"},{"@type":"BreadcrumbList","@id":"https:\/\/redfoxlotto.com\/pl\/wyniki\/euromillions\/#breadcrumb","itemListElement":[{"@type":"ListItem","position":1,"name":"Home","item":"https:\/\/redfoxlotto.com\/pl\/"},{"@type":"ListItem","position":2,"name":"Wyniki mi\u0119dzynarodowej loterii","item":"https:\/\/redfoxlotto.com\/pl\/wyniki\/"},{"@type":"ListItem","position":3,"name":"Wyniki EuroMillions i najnowsze zwyci\u0119skie liczby"}]},{"@type":"WebSite","@id":"https:\/\/redfoxlotto.com\/pl\/#website","url":"https:\/\/redfoxlotto.com\/pl\/","name":"Get Tickets for the World\u2019s largest jackpots","description":"Participate in worldwide lottery jackpots from any country","publisher":{"@id":"https:\/\/redfoxlotto.com\/pl\/#organization"},"potentialAction":[{"@type":"SearchAction","target":{"@type":"EntryPoint","urlTemplate":"https:\/\/redfoxlotto.com\/pl\/?s={search_term_string}"},"query-input":{"@type":"PropertyValueSpecification","valueRequired":true,"valueName":"search_term_string"}}],"inLanguage":"pl-PL"},{"@type":"Organization","@id":"https:\/\/redfoxlotto.com\/pl\/#organization","name":"Get Tickets for the World\u2019s largest jackpots","url":"https:\/\/redfoxlotto.com\/pl\/","logo":{"@type":"ImageObject","inLanguage":"pl-PL","@id":"https:\/\/redfoxlotto.com\/pl\/#\/schema\/logo\/image\/","url":"https:\/\/redfoxlotto.com\/wp-content\/uploads\/2023\/04\/logo.png","contentUrl":"https:\/\/redfoxlotto.com\/wp-content\/uploads\/2023\/04\/logo.png","width":269,"height":53,"caption":"Get Tickets for the World\u2019s largest jackpots"},"image":{"@id":"https:\/\/redfoxlotto.com\/pl\/#\/schema\/logo\/image\/"}}]}},"_links":{"self":[{"href":"https:\/\/redfoxlotto.com\/pl\/wp-json\/wp\/v2\/pages\/5697","targetHints":{"allow":["GET"]}}],"collection":[{"href":"https:\/\/redfoxlotto.com\/pl\/wp-json\/wp\/v2\/pages"}],"about":[{"href":"https:\/\/redfoxlotto.com\/pl\/wp-json\/wp\/v2\/types\/page"}],"author":[{"embeddable":true,"href":"https:\/\/redfoxlotto.com\/pl\/wp-json\/wp\/v2\/users\/1"}],"replies":[{"embeddable":true,"href":"https:\/\/redfoxlotto.com\/pl\/wp-json\/wp\/v2\/comments?post=5697"}],"version-history":[{"count":0,"href":"https:\/\/redfoxlotto.com\/pl\/wp-json\/wp\/v2\/pages\/5697\/revisions"}],"up":[{"embeddable":true,"href":"https:\/\/redfoxlotto.com\/pl\/wp-json\/wp\/v2\/pages\/5695"}],"wp:attachment":[{"href":"https:\/\/redfoxlotto.com\/pl\/wp-json\/wp\/v2\/media?parent=5697"}],"curies":[{"name":"wp","href":"https:\/\/api.w.org\/{rel}","templated":true}]}}