{"id":5696,"date":"2018-11-18T08:54:25","date_gmt":"2018-11-18T08:54:25","guid":{"rendered":"https:\/\/redfoxlotto.com\/?page_id=239\/"},"modified":"2025-12-17T13:28:57","modified_gmt":"2025-12-17T13:28:57","slug":"eurojackpot","status":"publish","type":"page","link":"https:\/\/redfoxlotto.com\/pl\/wyniki\/eurojackpot\/","title":{"rendered":"Wyniki Eurojackpota"},"content":{"rendered":"<p><script type=\"application\/ld+json\">\n{\n  \"@context\": \"https:\/\/schema.org\",\n  \"@type\": \"Service\",\n  \"name\": \"Sprawd\u017a wyniki Eurojackpot online\",\n  \"url\": \"https:\/\/redfoxlotto.com\/pl\/wyniki\/eurojackpot\/\",\n  \"description\": \"Odwied\u017a RedFoxLotto, aby sprawdzi\u0107 najnowsze wyniki Eurojackpot i archiwum wynik\u00f3w loterii.\",\n  \"serviceType\": \"\u015awiatowe archiwum wynik\u00f3w loterii\",\n  \"provider\": {\n    \"@type\": \"Organization\",\n    \"name\": \"RedFoxLotto\",\n    \"url\": \"https:\/\/redfoxlotto.com\/pl\/wyniki\/eurojackpot\/\",\n    \"image\": \"https:\/\/redfoxlotto.com\/wp-content\/uploads\/2025\/12\/ticket_scans.jpg\",\n    \"sameAs\": []\n  },\n  \"areaServed\": \"Worldwide\",\n  \"termsOfService\": \"https:\/\/redfoxlotto.com\/terms-and-conditions\",\n  \"additionalProperty\": {\n    \"@type\": \"PropertyValue\",\n    \"name\": \"FAQ\",\n    \"value\": \"https:\/\/redfoxlotto.com\/pl\/faq\/\"\n  },\n  \"hasOfferCatalog\": {\n    \"@type\": \"OfferCatalog\",\n    \"name\": \"Wyniki Eurojackpot\",\n    \"itemListElement\": [\n      {\n        \"@type\": \"Offer\",\n        \"name\": \"Wyniki Eurojackpot\",\n        \"url\": \"https:\/\/redfoxlotto.com\/pl\/wyniki\/eurojackpot\/\",\n        \"description\": \"Znajd\u017a tutaj najnowsze i historyczne wyniki Eurojackpot oraz innych g\u0142\u00f3wnych loterii.\",\n        \"itemOffered\": {\n          \"@type\": \"Service\",\n          \"name\": \"Wyniki Eurojackpot\",\n          \"description\": \"Wylosowane numery Eurojackpot online, najnowsze i starsze wyniki.\"\n        }\n      }\n    ]\n  },\n  \"mainEntityOfPage\": {\n    \"@type\": \"WebPage\",\n    \"@id\": \"https:\/\/redfoxlotto.com\/pl\/wyniki\/eurojackpot\/\"\n  }\n}\n<\/script><br \/>\nJe\u015bli gra\u0142e\u015b w EuroJackpota, to na pewno chcesz zobaczy\u0107 wyniki <a href=\"https:\/\/redfoxlotto.com\/pl\/graj\/eurojackpot\/\">EuroJackpota<\/a>, prawda? Chcesz si\u0119 upewni\u0107, \u017ce dostajesz w\u0142a\u015bciwe numery i \u017ce dostajesz je jak najszybciej. Na szcz\u0119\u015bcie znalezienie wynik\u00f3w jest dla Ciebie bardzo proste, a my opowiemy Ci wszystko o r\u00f3\u017cnych opcjach, kt\u00f3re masz do dyspozycji tutaj.<!--more--><br \/>\n<img decoding=\"async\" class=\"size-full wp-image alignright\" src=\"https:\/\/content.redfoxlotto.com\/uploads\/sites\/9\/results_eurojackpot.jpg\" alt=\"zwyci\u0119skie liczby\"><\/p>\n<p><strong>Gazeta<\/strong> &#8211; Je\u015bli mieszkasz w obszarze, w kt\u00f3rym faktycznie rozgrywany jest EuroJackpot, powiniene\u015b by\u0107 w stanie znale\u017a\u0107 wyniki w nast\u0119pnej gazecie, kt\u00f3ra jest drukowana po losowaniu. Liczby te znajduj\u0105 si\u0119 zazwyczaj w du\u017cych gazetach dla danego obszaru i mog\u0105 by\u0107 drukowane w niekt\u00f3rych mniejszych gazetach i b\u0119d\u0105 og\u00f3lnie dost\u0119pne r\u00f3wnie\u017c w wersji online. Jest to \u015bwietny spos\u00f3b na znalezienie zwyci\u0119skich liczb, je\u015bli nie obawiasz si\u0119, \u017ce dostaniesz je natychmiast po losowaniu.<\/p>\n<p><strong>Ogl\u0105daj na \u017cywo<\/strong> &#8211; Je\u015bli naprawd\u0119 <strong>chcesz zna\u0107 wyniki Eurojackpota natychmiast<\/strong>, najlepszym sposobem na to jest ogl\u0105danie na \u017cywo i zobaczenie, jakie s\u0105 liczby w trakcie losowania. Wyniki EuroJackpot mog\u0105 by\u0107 pokazane natychmiast, a Ty mo\u017cesz mie\u0107 gotowy bilet, aby\u015b m\u00f3g\u0142 obejrze\u0107 ka\u017cdy numer i sprawdzi\u0107, czy pasuje on do numer\u00f3w, kt\u00f3re masz na bilecie. Je\u015bli tak si\u0119 stanie, b\u0119dziesz jedn\u0105 z pierwszych os\u00f3b, kt\u00f3re si\u0119 o tym dowiedz\u0105 i b\u0119dziesz m\u00f3g\u0142 natychmiast tam dotrze\u0107 i zobaczy\u0107, co nale\u017cy zrobi\u0107, aby odebra\u0107 swoj\u0105 nagrod\u0119, niezale\u017cnie od tego, czy jest du\u017ca czy ma\u0142a.<\/p>\n<p><strong>Sprawd\u017a online<\/strong> &#8211; Istnieje wiele r\u00f3\u017cnych stron internetowych, gdzie mo\u017cna znale\u017a\u0107 zwyci\u0119skie numery, jak r\u00f3wnie\u017c. Niekt\u00f3re z nich maj\u0105 zamiar zamie\u015bci\u0107 numery bezpo\u015brednio po losowaniu. Niekt\u00f3re z nich mog\u0105 opublikowa\u0107 kilka godzin, a nawet dzie\u0144 lub wi\u0119cej po narysowaniu. Je\u015bli chcesz dowiedzie\u0107 si\u0119 szybko, wa\u017cne jest, aby zwr\u00f3ci\u0107 uwag\u0119 na to, kiedy wybrane posty na stronie internetowej, a nast\u0119pnie odwiedzi\u0107 te, kt\u00f3re b\u0119d\u0105 mia\u0142y wyniki, kiedy chcesz je. Je\u015bli szukasz sposob\u00f3w na jak najszybsze uzyskanie wynik\u00f3w, powiniene\u015b poszuka\u0107 stron internetowych, kt\u00f3re faktycznie sprzedaj\u0105 bilety.<br \/>\n<img decoding=\"async\" class=\"size-full wp-image alignright\" src=\"https:\/\/content.redfoxlotto.com\/uploads\/sites\/9\/5_Eurojackpot_tiers_prizes_odds.jpg\" alt=\"Wyniki Eurojackpot\"><br \/>\n<strong>Oficjalne strony internetowe<\/strong> &#8211; Jednym z miejsc, w kt\u00f3re mo\u017cesz sprawdzi\u0107 numery online, jest r\u00f3wnie\u017c oficjalna strona gry, w kt\u00f3r\u0105 grasz. Tak wi\u0119c wyniki EuroJackpot b\u0119d\u0105 dost\u0119pne bezpo\u015brednio na stronie internetowej. Wszystko, co musisz zrobi\u0107, to sprawdzi\u0107 to. I te liczby s\u0105 zazwyczaj umieszczane, jak tylko zwyci\u0119skie liczby zostan\u0105 wylosowane. Oznacza to, \u017ce nie b\u0119dziesz musia\u0142 czeka\u0107 na wyniki i sprawdzi\u0107, czy co\u015b wygra\u0142e\u015b, czy nie. B\u0119dziesz mia\u0142 r\u00f3wnie\u017c jeszcze \u0142atwiejszy proces reklamacji, gdy sprawdzisz zwyci\u0119skie numery tutaj w por\u00f3wnaniu do sprawdzania ich w gazecie lub po prostu ogl\u0105daj\u0105c je na \u017cywo.<\/p>\n<p>Jeste\u015b gotowy do gry w EuroJackpot online i chcesz mie\u0107 pewno\u015b\u0107, \u017ce dostajesz swoje bilety we w\u0142a\u015bciwy spos\u00f3b? C\u00f3\u017c, to nie b\u0119dzie trudne w og\u00f3le, poniewa\u017c mo\u017cna po prostu zarejestrowa\u0107 <strong>si\u0119 z RedFoxLotto.com i b\u0119dziesz m\u00f3g\u0142 kupi\u0107 bilety, kt\u00f3re chcesz i zobaczy\u0107, jak wybra\u0107 numery, kt\u00f3re chcesz<\/strong>. Ca\u0142y proces jest \u0142atwy i zanim si\u0119 obejrzysz, mo\u017cesz wygra\u0107 nagrod\u0119 w zupe\u0142nie innym kraju. Czy\u017c nie by\u0142oby to \u015bwietna zabawa i \u015bwietny spos\u00f3b na sp\u0119dzenie czasu graj\u0105c w lotto?<\/p>\n","protected":false},"excerpt":{"rendered":"<p>Je\u015bli gra\u0142e\u015b w EuroJackpota, to na pewno chcesz zobaczy\u0107 wyniki EuroJackpota, prawda? Chcesz si\u0119 upewni\u0107, \u017ce dostajesz w\u0142a\u015bciwe numery i \u017ce dostajesz je jak najszybciej. Na szcz\u0119\u015bcie znalezienie wynik\u00f3w jest dla Ciebie bardzo proste, a my opowiemy Ci wszystko o r\u00f3\u017cnych opcjach, kt\u00f3re masz do dyspozycji tutaj.<\/p>\n","protected":false},"author":1,"featured_media":0,"parent":5695,"menu_order":4,"comment_status":"closed","ping_status":"closed","template":"eurojackpot-results.php","meta":{"_et_pb_use_builder":"","_et_pb_old_content":"","_et_gb_content_width":"","exclude_from_search":false,"footnotes":""},"class_list":["post-5696","page","type-page","status-publish","hentry"],"yoast_head":"<!-- This site is optimized with the Yoast SEO plugin v23.8 - https:\/\/yoast.com\/wordpress\/plugins\/seo\/ -->\n<title>Wyniki loterii Eurojackpot<\/title>\n<meta name=\"description\" content=\"Pobierz najnowsze wyniki loterii Eurojackpot tutaj na naszej stronie.\" \/>\n<meta name=\"robots\" content=\"index, follow, max-snippet:-1, max-image-preview:large, max-video-preview:-1\" \/>\n<link rel=\"canonical\" href=\"https:\/\/redfoxlotto.com\/pl\/wyniki\/eurojackpot\/\" \/>\n<meta property=\"og:locale\" content=\"pl_PL\" \/>\n<meta property=\"og:type\" content=\"article\" \/>\n<meta property=\"og:title\" content=\"Wyniki loterii Eurojackpot\" \/>\n<meta property=\"og:description\" content=\"Pobierz najnowsze wyniki loterii Eurojackpot tutaj na naszej stronie.\" \/>\n<meta property=\"og:url\" content=\"https:\/\/redfoxlotto.com\/pl\/wyniki\/eurojackpot\/\" \/>\n<meta property=\"og:site_name\" content=\"Get Tickets for the World\u2019s largest jackpots\" \/>\n<meta property=\"article:modified_time\" content=\"2025-12-17T13:28:57+00:00\" \/>\n<meta property=\"og:image\" content=\"https:\/\/content.redfoxlotto.com\/uploads\/sites\/9\/results_eurojackpot.jpg\" \/>\n<meta name=\"twitter:card\" content=\"summary_large_image\" \/>\n<meta name=\"twitter:label1\" content=\"Szacowany czas czytania\" \/>\n\t<meta name=\"twitter:data1\" content=\"3 minuty\" \/>\n<script type=\"application\/ld+json\" class=\"yoast-schema-graph\">{\"@context\":\"https:\/\/schema.org\",\"@graph\":[{\"@type\":\"WebPage\",\"@id\":\"https:\/\/redfoxlotto.com\/pl\/wyniki\/eurojackpot\/\",\"url\":\"https:\/\/redfoxlotto.com\/pl\/wyniki\/eurojackpot\/\",\"name\":\"Wyniki loterii Eurojackpot\",\"isPartOf\":{\"@id\":\"https:\/\/redfoxlotto.com\/pl\/#website\"},\"primaryImageOfPage\":{\"@id\":\"https:\/\/redfoxlotto.com\/pl\/wyniki\/eurojackpot\/#primaryimage\"},\"image\":{\"@id\":\"https:\/\/redfoxlotto.com\/pl\/wyniki\/eurojackpot\/#primaryimage\"},\"thumbnailUrl\":\"https:\/\/content.redfoxlotto.com\/uploads\/sites\/9\/results_eurojackpot.jpg\",\"datePublished\":\"2018-11-18T08:54:25+00:00\",\"dateModified\":\"2025-12-17T13:28:57+00:00\",\"description\":\"Pobierz najnowsze wyniki loterii Eurojackpot tutaj na naszej stronie.\",\"breadcrumb\":{\"@id\":\"https:\/\/redfoxlotto.com\/pl\/wyniki\/eurojackpot\/#breadcrumb\"},\"inLanguage\":\"pl-PL\",\"potentialAction\":[{\"@type\":\"ReadAction\",\"target\":[\"https:\/\/redfoxlotto.com\/pl\/wyniki\/eurojackpot\/\"]}]},{\"@type\":\"ImageObject\",\"inLanguage\":\"pl-PL\",\"@id\":\"https:\/\/redfoxlotto.com\/pl\/wyniki\/eurojackpot\/#primaryimage\",\"url\":\"https:\/\/content.redfoxlotto.com\/uploads\/sites\/9\/results_eurojackpot.jpg\",\"contentUrl\":\"https:\/\/content.redfoxlotto.com\/uploads\/sites\/9\/results_eurojackpot.jpg\"},{\"@type\":\"BreadcrumbList\",\"@id\":\"https:\/\/redfoxlotto.com\/pl\/wyniki\/eurojackpot\/#breadcrumb\",\"itemListElement\":[{\"@type\":\"ListItem\",\"position\":1,\"name\":\"Home\",\"item\":\"https:\/\/redfoxlotto.com\/pl\/\"},{\"@type\":\"ListItem\",\"position\":2,\"name\":\"Wyniki mi\u0119dzynarodowej loterii\",\"item\":\"https:\/\/redfoxlotto.com\/pl\/wyniki\/\"},{\"@type\":\"ListItem\",\"position\":3,\"name\":\"Wyniki Eurojackpota\"}]},{\"@type\":\"WebSite\",\"@id\":\"https:\/\/redfoxlotto.com\/pl\/#website\",\"url\":\"https:\/\/redfoxlotto.com\/pl\/\",\"name\":\"Get Tickets for the World\u2019s largest jackpots\",\"description\":\"Participate in worldwide lottery jackpots from any country\",\"publisher\":{\"@id\":\"https:\/\/redfoxlotto.com\/pl\/#organization\"},\"potentialAction\":[{\"@type\":\"SearchAction\",\"target\":{\"@type\":\"EntryPoint\",\"urlTemplate\":\"https:\/\/redfoxlotto.com\/pl\/?s={search_term_string}\"},\"query-input\":{\"@type\":\"PropertyValueSpecification\",\"valueRequired\":true,\"valueName\":\"search_term_string\"}}],\"inLanguage\":\"pl-PL\"},{\"@type\":\"Organization\",\"@id\":\"https:\/\/redfoxlotto.com\/pl\/#organization\",\"name\":\"Get Tickets for the World\u2019s largest jackpots\",\"url\":\"https:\/\/redfoxlotto.com\/pl\/\",\"logo\":{\"@type\":\"ImageObject\",\"inLanguage\":\"pl-PL\",\"@id\":\"https:\/\/redfoxlotto.com\/pl\/#\/schema\/logo\/image\/\",\"url\":\"https:\/\/redfoxlotto.com\/wp-content\/uploads\/2023\/04\/logo.png\",\"contentUrl\":\"https:\/\/redfoxlotto.com\/wp-content\/uploads\/2023\/04\/logo.png\",\"width\":269,\"height\":53,\"caption\":\"Get Tickets for the World\u2019s largest jackpots\"},\"image\":{\"@id\":\"https:\/\/redfoxlotto.com\/pl\/#\/schema\/logo\/image\/\"}}]}<\/script>\n<!-- \/ Yoast SEO plugin. -->","yoast_head_json":{"title":"Wyniki loterii Eurojackpot","description":"Pobierz najnowsze wyniki loterii Eurojackpot tutaj na naszej stronie.","robots":{"index":"index","follow":"follow","max-snippet":"max-snippet:-1","max-image-preview":"max-image-preview:large","max-video-preview":"max-video-preview:-1"},"canonical":"https:\/\/redfoxlotto.com\/pl\/wyniki\/eurojackpot\/","og_locale":"pl_PL","og_type":"article","og_title":"Wyniki loterii Eurojackpot","og_description":"Pobierz najnowsze wyniki loterii Eurojackpot tutaj na naszej stronie.","og_url":"https:\/\/redfoxlotto.com\/pl\/wyniki\/eurojackpot\/","og_site_name":"Get Tickets for the World\u2019s largest jackpots","article_modified_time":"2025-12-17T13:28:57+00:00","og_image":[{"url":"https:\/\/content.redfoxlotto.com\/uploads\/sites\/9\/results_eurojackpot.jpg"}],"twitter_card":"summary_large_image","twitter_misc":{"Szacowany czas czytania":"3 minuty"},"schema":{"@context":"https:\/\/schema.org","@graph":[{"@type":"WebPage","@id":"https:\/\/redfoxlotto.com\/pl\/wyniki\/eurojackpot\/","url":"https:\/\/redfoxlotto.com\/pl\/wyniki\/eurojackpot\/","name":"Wyniki loterii Eurojackpot","isPartOf":{"@id":"https:\/\/redfoxlotto.com\/pl\/#website"},"primaryImageOfPage":{"@id":"https:\/\/redfoxlotto.com\/pl\/wyniki\/eurojackpot\/#primaryimage"},"image":{"@id":"https:\/\/redfoxlotto.com\/pl\/wyniki\/eurojackpot\/#primaryimage"},"thumbnailUrl":"https:\/\/content.redfoxlotto.com\/uploads\/sites\/9\/results_eurojackpot.jpg","datePublished":"2018-11-18T08:54:25+00:00","dateModified":"2025-12-17T13:28:57+00:00","description":"Pobierz najnowsze wyniki loterii Eurojackpot tutaj na naszej stronie.","breadcrumb":{"@id":"https:\/\/redfoxlotto.com\/pl\/wyniki\/eurojackpot\/#breadcrumb"},"inLanguage":"pl-PL","potentialAction":[{"@type":"ReadAction","target":["https:\/\/redfoxlotto.com\/pl\/wyniki\/eurojackpot\/"]}]},{"@type":"ImageObject","inLanguage":"pl-PL","@id":"https:\/\/redfoxlotto.com\/pl\/wyniki\/eurojackpot\/#primaryimage","url":"https:\/\/content.redfoxlotto.com\/uploads\/sites\/9\/results_eurojackpot.jpg","contentUrl":"https:\/\/content.redfoxlotto.com\/uploads\/sites\/9\/results_eurojackpot.jpg"},{"@type":"BreadcrumbList","@id":"https:\/\/redfoxlotto.com\/pl\/wyniki\/eurojackpot\/#breadcrumb","itemListElement":[{"@type":"ListItem","position":1,"name":"Home","item":"https:\/\/redfoxlotto.com\/pl\/"},{"@type":"ListItem","position":2,"name":"Wyniki mi\u0119dzynarodowej loterii","item":"https:\/\/redfoxlotto.com\/pl\/wyniki\/"},{"@type":"ListItem","position":3,"name":"Wyniki Eurojackpota"}]},{"@type":"WebSite","@id":"https:\/\/redfoxlotto.com\/pl\/#website","url":"https:\/\/redfoxlotto.com\/pl\/","name":"Get Tickets for the World\u2019s largest jackpots","description":"Participate in worldwide lottery jackpots from any country","publisher":{"@id":"https:\/\/redfoxlotto.com\/pl\/#organization"},"potentialAction":[{"@type":"SearchAction","target":{"@type":"EntryPoint","urlTemplate":"https:\/\/redfoxlotto.com\/pl\/?s={search_term_string}"},"query-input":{"@type":"PropertyValueSpecification","valueRequired":true,"valueName":"search_term_string"}}],"inLanguage":"pl-PL"},{"@type":"Organization","@id":"https:\/\/redfoxlotto.com\/pl\/#organization","name":"Get Tickets for the World\u2019s largest jackpots","url":"https:\/\/redfoxlotto.com\/pl\/","logo":{"@type":"ImageObject","inLanguage":"pl-PL","@id":"https:\/\/redfoxlotto.com\/pl\/#\/schema\/logo\/image\/","url":"https:\/\/redfoxlotto.com\/wp-content\/uploads\/2023\/04\/logo.png","contentUrl":"https:\/\/redfoxlotto.com\/wp-content\/uploads\/2023\/04\/logo.png","width":269,"height":53,"caption":"Get Tickets for the World\u2019s largest jackpots"},"image":{"@id":"https:\/\/redfoxlotto.com\/pl\/#\/schema\/logo\/image\/"}}]}},"_links":{"self":[{"href":"https:\/\/redfoxlotto.com\/pl\/wp-json\/wp\/v2\/pages\/5696","targetHints":{"allow":["GET"]}}],"collection":[{"href":"https:\/\/redfoxlotto.com\/pl\/wp-json\/wp\/v2\/pages"}],"about":[{"href":"https:\/\/redfoxlotto.com\/pl\/wp-json\/wp\/v2\/types\/page"}],"author":[{"embeddable":true,"href":"https:\/\/redfoxlotto.com\/pl\/wp-json\/wp\/v2\/users\/1"}],"replies":[{"embeddable":true,"href":"https:\/\/redfoxlotto.com\/pl\/wp-json\/wp\/v2\/comments?post=5696"}],"version-history":[{"count":0,"href":"https:\/\/redfoxlotto.com\/pl\/wp-json\/wp\/v2\/pages\/5696\/revisions"}],"up":[{"embeddable":true,"href":"https:\/\/redfoxlotto.com\/pl\/wp-json\/wp\/v2\/pages\/5695"}],"wp:attachment":[{"href":"https:\/\/redfoxlotto.com\/pl\/wp-json\/wp\/v2\/media?parent=5696"}],"curies":[{"name":"wp","href":"https:\/\/api.w.org\/{rel}","templated":true}]}}