{"id":5695,"date":"2023-04-24T14:13:24","date_gmt":"2023-04-24T14:13:24","guid":{"rendered":"https:\/\/redfoxlotto.com\/?page_id=230\/"},"modified":"2025-12-18T08:50:41","modified_gmt":"2025-12-18T08:50:41","slug":"wyniki","status":"publish","type":"page","link":"https:\/\/redfoxlotto.com\/pl\/wyniki\/","title":{"rendered":"Wyniki mi\u0119dzynarodowej loterii"},"content":{"rendered":"<p><script type=\"application\/ld+json\">\n{\n  \"@context\": \"https:\/\/schema.org\",\n  \"@type\": \"Service\",\n  \"name\": \"Sprawd\u017a wyniki mi\u0119dzynarodowych losowa\u0144 loterii online\",\n  \"url\": \"https:\/\/redfoxlotto.com\/pl\/wyniki\/powerball\",\n  \"description\": \"Odwied\u017a RedFoxLotto, aby sprawdzi\u0107 najnowsze wyniki najwi\u0119kszych loterii na \u015bwiecie.\",\n  \"serviceType\": \"\u015awiatowe archiwum wynik\u00f3w loterii\",<\/p>\n<p>  \"provider\": {\n    \"@type\": \"Organization\",\n    \"name\": \"RedFoxLotto\",\n    \"url\": \"https:\/\/redfoxlotto.com\/pl\/\",\n    \"image\": \"https:\/\/redfoxlotto.com\/wp-content\/uploads\/2025\/12\/ticket_scans.jpg\",\n    \"sameAs\": []\n  },<\/p>\n<p>  \"areaServed\": \"Worldwide\",\n  \"termsOfService\": \"https:\/\/redfoxlotto.com\/terms-and-conditions\",<\/p>\n<p>  \"additionalProperty\": {\n    \"@type\": \"PropertyValue\",\n    \"name\": \"FAQ\",\n    \"value\": \"https:\/\/redfoxlotto.com\/pl\/faq\/\"\n  },<\/p>\n<p>  \"hasOfferCatalog\": {\n    \"@type\": \"OfferCatalog\",\n    \"name\": \"\u015awiatowe wyniki loterii\",\n    \"itemListElement\": [\n      {\n        \"@type\": \"Offer\",\n        \"name\": \"Kupon Powerball\",\n        \"url\": \"https:\/\/redfoxlotto.com\/pl\/wyniki\/\",\n        \"description\": \"Znajd\u017a tutaj najnowsze i archiwalne wyniki najwi\u0119kszych loterii \u015bwiata\",\n        \"itemOffered\": {\n          \"@type\": \"Service\",\n          \"name\": \"Mi\u0119dzynarodowe wyniki loterii\",\n          \"description\": \"Wylosowane liczby online dla najwi\u0119kszych loterii, wyniki aktualne i starsze.\"\n        }\n      }\n    ]\n  },<\/p>\n<p>  \"mainEntityOfPage\": {\n    \"@type\": \"WebPage\",\n    \"@id\": \"https:\/\/redfoxlotto.com\/pl\/wyniki\/\"\n  }\n}\n<\/script><\/p>\n<p>Tutaj, tydzie\u0144 po tygodniu, publikujemy najnowsze <strong>zwyci\u0119skie liczby i wyniki wszystkich mi\u0119dzynarodowych loterii<\/strong>, na kt\u00f3re mo\u017cesz kupi\u0107 u nas bilety.<\/p>\n<p>Wyniki pochodz\u0105 od oficjalnych operator\u00f3w loterii. Zostan\u0105 one opublikowane tutaj natychmiast po losowaniu. W ten spos\u00f3b mo\u017cesz szybko por\u00f3wna\u0107 swoje bilety z wygrywaj\u0105cymi numerami i sprawdzi\u0107, czy wygra\u0142e\u015b. Mo\u017cesz r\u00f3wnie\u017c zobaczy\u0107 <a href=\"https:\/\/redfoxlotto.com\/pl\/tabele-wyplat-powerball-mega-millions\/\">kwoty wygranych<\/a>, kt\u00f3re odpowiadaj\u0105 poszczeg\u00f3lnym poziomom nagr\u00f3d, klikaj\u0105c na nazw\u0119 loterii. To r\u00f3wnie\u017c powie Ci, czy ostatni jackpot zosta\u0142 wygrany, czy te\u017c nie.<\/p>\n<h2>Wcze\u015bniejsze wyniki i zwyci\u0119skie liczby<\/h2>\n<p><img loading=\"lazy\" decoding=\"async\" class=\"pe\u0142ny rozmiar wp-image alignright\" src=\"https:\/\/content.redfoxlotto.com\/uploads\/sites\/9\/1_winning_lottery_numbers.jpg\" alt=\"wygrywaj\u0105ce numery mi\u0119dzynarodowe loterie\" width=\"226\" height=\"226\" \/><\/p>\n<p>Pokazujemy r\u00f3wnie\u017c liczby losowa\u0144 i wyniki z ostatnich tygodni. Oczywi\u015bcie, je\u015bli chcesz, mo\u017cesz skorzysta\u0107 z tej informacji o mi\u0119dzynarodowych loteriach, aby wybra\u0107 numery dla nast\u0119pnych los\u00f3w na loteri\u0119.<\/p>\n<p>Podobnie, mo\u017cesz u\u017cy\u0107 zwyci\u0119skich liczb z ostatniego tygodnia lub tygodni, aby stworzy\u0107 nowe kombinacje dla swojego nast\u0119pnego biletu. Przyk\u0142adem mo\u017ce by\u0107 u\u017cycie pierwszej liczby z ostatniego <a href=\"https:\/\/redfoxlotto.com\/pl\/loterie\/mega-millions\/\">losowania Mega Millions<\/a>, drugiej liczby z wynik\u00f3w <a href=\"https:\/\/redfoxlotto.com\/pl\/loterie\/euromillions\/\">Euromillions<\/a> i trzeciej liczby <a href=\"https:\/\/redfoxlotto.com\/pl\/loterie\/eurojackpot\/\">Eurojackpota<\/a> i tak dalej.<\/p>\n<h2>Numery gor\u0105ce i zimne<\/h2>\n<p><img loading=\"lazy\" decoding=\"async\" class=\"pe\u0142ny rozmiar wp-image alignright\" src=\"https:\/\/content.redfoxlotto.com\/uploads\/sites\/9\/1_lotto_draw_results.jpg\" alt=\"wyniki loterii\" width=\"255\" height=\"171\" \/><br \/>\nKiedy sprawdzasz wyniki poprzednich mi\u0119dzynarodowych loterii, mo\u017cesz r\u00f3wnie\u017c zobaczy\u0107, kt\u00f3re liczby zosta\u0142y wylosowane w r\u00f3\u017cnych loteriach. Jednocze\u015bnie mo\u017cna zwr\u00f3ci\u0107 uwag\u0119 na liczby, kt\u00f3re nie s\u0105 widoczne w wynikach. W ten spos\u00f3b mo\u017cna zdefiniowa\u0107 gor\u0105ce i zimne numery z poprzednich wynik\u00f3w loterii. Wielu graczy korzysta z tych informacji, aby wybra\u0107 swoje zwyci\u0119skie liczby. Jest to strategia, kt\u00f3ra obiecuje sukces.<\/p>\n<p>Podobnie, mo\u017cesz u\u017cy\u0107 zwyci\u0119skich liczb z ostatniego tygodnia lub tygodni, aby stworzy\u0107 nowe kombinacje dla swojego nast\u0119pnego biletu. Przyk\u0142adem mo\u017ce by\u0107 u\u017cycie, dla biletu Powerball, pierwszej liczby z ostatniego losowania Megamillions. Albo mo\u017cesz u\u017cy\u0107 <strong>drugiej liczby z <a href=\"https:\/\/redfoxlotto.com\/pl\/poziomy-i-kursy-dla-euromillions-i-eurojackpot\/\">wynik\u00f3w Euromillions i trzeciej liczby Eurojackpota<\/a><\/strong> i tak dalej.<\/p>\n","protected":false},"excerpt":{"rendered":"<p>Tutaj, tydzie\u0144 po tygodniu, publikujemy najnowsze zwyci\u0119skie liczby i wyniki wszystkich mi\u0119dzynarodowych loterii, na kt\u00f3re mo\u017cesz kupi\u0107 u nas bilety. Wyniki pochodz\u0105 od oficjalnych operator\u00f3w loterii. Zostan\u0105 one opublikowane tutaj natychmiast po losowaniu. W ten spos\u00f3b mo\u017cesz szybko por\u00f3wna\u0107 swoje bilety z wygrywaj\u0105cymi numerami i sprawdzi\u0107, czy wygra\u0142e\u015b. Mo\u017cesz r\u00f3wnie\u017c zobaczy\u0107 kwoty wygranych, kt\u00f3re odpowiadaj\u0105 [&hellip;]<\/p>\n","protected":false},"author":1,"featured_media":0,"parent":0,"menu_order":4,"comment_status":"closed","ping_status":"closed","template":"Results.php","meta":{"_et_pb_use_builder":"","_et_pb_old_content":"","_et_gb_content_width":"","exclude_from_search":false,"footnotes":""},"class_list":["post-5695","page","type-page","status-publish","hentry"],"yoast_head":"<!-- This site is optimized with the Yoast SEO plugin v23.8 - https:\/\/yoast.com\/wordpress\/plugins\/seo\/ -->\n<title>Zwyci\u0119skie numery i wyniki mi\u0119dzynarodowych loterii<\/title>\n<meta name=\"description\" content=\"Czy tw\u00f3j los na loteri\u0119 wygra\u0142? Znajd\u017a wyniki i zwyci\u0119skie liczby dla mi\u0119dzynarodowych loterii tutaj.\" \/>\n<meta name=\"robots\" content=\"index, follow, max-snippet:-1, max-image-preview:large, max-video-preview:-1\" \/>\n<link rel=\"canonical\" href=\"https:\/\/redfoxlotto.com\/pl\/wyniki\/\" \/>\n<meta property=\"og:locale\" content=\"pl_PL\" \/>\n<meta property=\"og:type\" content=\"article\" \/>\n<meta property=\"og:title\" content=\"Zwyci\u0119skie numery i wyniki mi\u0119dzynarodowych loterii\" \/>\n<meta property=\"og:description\" content=\"Czy tw\u00f3j los na loteri\u0119 wygra\u0142? Znajd\u017a wyniki i zwyci\u0119skie liczby dla mi\u0119dzynarodowych loterii tutaj.\" \/>\n<meta property=\"og:url\" content=\"https:\/\/redfoxlotto.com\/pl\/wyniki\/\" \/>\n<meta property=\"og:site_name\" content=\"Get Tickets for the World\u2019s largest jackpots\" \/>\n<meta property=\"article:modified_time\" content=\"2025-12-18T08:50:41+00:00\" \/>\n<meta property=\"og:image\" content=\"https:\/\/content.redfoxlotto.com\/uploads\/sites\/9\/1_winning_lottery_numbers.jpg\" \/>\n<meta name=\"twitter:card\" content=\"summary_large_image\" \/>\n<meta name=\"twitter:label1\" content=\"Szacowany czas czytania\" \/>\n\t<meta name=\"twitter:data1\" content=\"2 minuty\" \/>\n<script type=\"application\/ld+json\" class=\"yoast-schema-graph\">{\"@context\":\"https:\/\/schema.org\",\"@graph\":[{\"@type\":\"WebPage\",\"@id\":\"https:\/\/redfoxlotto.com\/pl\/wyniki\/\",\"url\":\"https:\/\/redfoxlotto.com\/pl\/wyniki\/\",\"name\":\"Zwyci\u0119skie numery i wyniki mi\u0119dzynarodowych loterii\",\"isPartOf\":{\"@id\":\"https:\/\/redfoxlotto.com\/pl\/#website\"},\"primaryImageOfPage\":{\"@id\":\"https:\/\/redfoxlotto.com\/pl\/wyniki\/#primaryimage\"},\"image\":{\"@id\":\"https:\/\/redfoxlotto.com\/pl\/wyniki\/#primaryimage\"},\"thumbnailUrl\":\"https:\/\/content.redfoxlotto.com\/uploads\/sites\/9\/1_winning_lottery_numbers.jpg\",\"datePublished\":\"2023-04-24T14:13:24+00:00\",\"dateModified\":\"2025-12-18T08:50:41+00:00\",\"description\":\"Czy tw\u00f3j los na loteri\u0119 wygra\u0142? Znajd\u017a wyniki i zwyci\u0119skie liczby dla mi\u0119dzynarodowych loterii tutaj.\",\"breadcrumb\":{\"@id\":\"https:\/\/redfoxlotto.com\/pl\/wyniki\/#breadcrumb\"},\"inLanguage\":\"pl-PL\",\"potentialAction\":[{\"@type\":\"ReadAction\",\"target\":[\"https:\/\/redfoxlotto.com\/pl\/wyniki\/\"]}]},{\"@type\":\"ImageObject\",\"inLanguage\":\"pl-PL\",\"@id\":\"https:\/\/redfoxlotto.com\/pl\/wyniki\/#primaryimage\",\"url\":\"https:\/\/content.redfoxlotto.com\/uploads\/sites\/9\/1_winning_lottery_numbers.jpg\",\"contentUrl\":\"https:\/\/content.redfoxlotto.com\/uploads\/sites\/9\/1_winning_lottery_numbers.jpg\"},{\"@type\":\"BreadcrumbList\",\"@id\":\"https:\/\/redfoxlotto.com\/pl\/wyniki\/#breadcrumb\",\"itemListElement\":[{\"@type\":\"ListItem\",\"position\":1,\"name\":\"Home\",\"item\":\"https:\/\/redfoxlotto.com\/pl\/\"},{\"@type\":\"ListItem\",\"position\":2,\"name\":\"Wyniki mi\u0119dzynarodowej loterii\"}]},{\"@type\":\"WebSite\",\"@id\":\"https:\/\/redfoxlotto.com\/pl\/#website\",\"url\":\"https:\/\/redfoxlotto.com\/pl\/\",\"name\":\"Get Tickets for the World\u2019s largest jackpots\",\"description\":\"Participate in worldwide lottery jackpots from any country\",\"publisher\":{\"@id\":\"https:\/\/redfoxlotto.com\/pl\/#organization\"},\"potentialAction\":[{\"@type\":\"SearchAction\",\"target\":{\"@type\":\"EntryPoint\",\"urlTemplate\":\"https:\/\/redfoxlotto.com\/pl\/?s={search_term_string}\"},\"query-input\":{\"@type\":\"PropertyValueSpecification\",\"valueRequired\":true,\"valueName\":\"search_term_string\"}}],\"inLanguage\":\"pl-PL\"},{\"@type\":\"Organization\",\"@id\":\"https:\/\/redfoxlotto.com\/pl\/#organization\",\"name\":\"Get Tickets for the World\u2019s largest jackpots\",\"url\":\"https:\/\/redfoxlotto.com\/pl\/\",\"logo\":{\"@type\":\"ImageObject\",\"inLanguage\":\"pl-PL\",\"@id\":\"https:\/\/redfoxlotto.com\/pl\/#\/schema\/logo\/image\/\",\"url\":\"https:\/\/redfoxlotto.com\/wp-content\/uploads\/2023\/04\/logo.png\",\"contentUrl\":\"https:\/\/redfoxlotto.com\/wp-content\/uploads\/2023\/04\/logo.png\",\"width\":269,\"height\":53,\"caption\":\"Get Tickets for the World\u2019s largest jackpots\"},\"image\":{\"@id\":\"https:\/\/redfoxlotto.com\/pl\/#\/schema\/logo\/image\/\"}}]}<\/script>\n<!-- \/ Yoast SEO plugin. -->","yoast_head_json":{"title":"Zwyci\u0119skie numery i wyniki mi\u0119dzynarodowych loterii","description":"Czy tw\u00f3j los na loteri\u0119 wygra\u0142? Znajd\u017a wyniki i zwyci\u0119skie liczby dla mi\u0119dzynarodowych loterii tutaj.","robots":{"index":"index","follow":"follow","max-snippet":"max-snippet:-1","max-image-preview":"max-image-preview:large","max-video-preview":"max-video-preview:-1"},"canonical":"https:\/\/redfoxlotto.com\/pl\/wyniki\/","og_locale":"pl_PL","og_type":"article","og_title":"Zwyci\u0119skie numery i wyniki mi\u0119dzynarodowych loterii","og_description":"Czy tw\u00f3j los na loteri\u0119 wygra\u0142? Znajd\u017a wyniki i zwyci\u0119skie liczby dla mi\u0119dzynarodowych loterii tutaj.","og_url":"https:\/\/redfoxlotto.com\/pl\/wyniki\/","og_site_name":"Get Tickets for the World\u2019s largest jackpots","article_modified_time":"2025-12-18T08:50:41+00:00","og_image":[{"url":"https:\/\/content.redfoxlotto.com\/uploads\/sites\/9\/1_winning_lottery_numbers.jpg"}],"twitter_card":"summary_large_image","twitter_misc":{"Szacowany czas czytania":"2 minuty"},"schema":{"@context":"https:\/\/schema.org","@graph":[{"@type":"WebPage","@id":"https:\/\/redfoxlotto.com\/pl\/wyniki\/","url":"https:\/\/redfoxlotto.com\/pl\/wyniki\/","name":"Zwyci\u0119skie numery i wyniki mi\u0119dzynarodowych loterii","isPartOf":{"@id":"https:\/\/redfoxlotto.com\/pl\/#website"},"primaryImageOfPage":{"@id":"https:\/\/redfoxlotto.com\/pl\/wyniki\/#primaryimage"},"image":{"@id":"https:\/\/redfoxlotto.com\/pl\/wyniki\/#primaryimage"},"thumbnailUrl":"https:\/\/content.redfoxlotto.com\/uploads\/sites\/9\/1_winning_lottery_numbers.jpg","datePublished":"2023-04-24T14:13:24+00:00","dateModified":"2025-12-18T08:50:41+00:00","description":"Czy tw\u00f3j los na loteri\u0119 wygra\u0142? Znajd\u017a wyniki i zwyci\u0119skie liczby dla mi\u0119dzynarodowych loterii tutaj.","breadcrumb":{"@id":"https:\/\/redfoxlotto.com\/pl\/wyniki\/#breadcrumb"},"inLanguage":"pl-PL","potentialAction":[{"@type":"ReadAction","target":["https:\/\/redfoxlotto.com\/pl\/wyniki\/"]}]},{"@type":"ImageObject","inLanguage":"pl-PL","@id":"https:\/\/redfoxlotto.com\/pl\/wyniki\/#primaryimage","url":"https:\/\/content.redfoxlotto.com\/uploads\/sites\/9\/1_winning_lottery_numbers.jpg","contentUrl":"https:\/\/content.redfoxlotto.com\/uploads\/sites\/9\/1_winning_lottery_numbers.jpg"},{"@type":"BreadcrumbList","@id":"https:\/\/redfoxlotto.com\/pl\/wyniki\/#breadcrumb","itemListElement":[{"@type":"ListItem","position":1,"name":"Home","item":"https:\/\/redfoxlotto.com\/pl\/"},{"@type":"ListItem","position":2,"name":"Wyniki mi\u0119dzynarodowej loterii"}]},{"@type":"WebSite","@id":"https:\/\/redfoxlotto.com\/pl\/#website","url":"https:\/\/redfoxlotto.com\/pl\/","name":"Get Tickets for the World\u2019s largest jackpots","description":"Participate in worldwide lottery jackpots from any country","publisher":{"@id":"https:\/\/redfoxlotto.com\/pl\/#organization"},"potentialAction":[{"@type":"SearchAction","target":{"@type":"EntryPoint","urlTemplate":"https:\/\/redfoxlotto.com\/pl\/?s={search_term_string}"},"query-input":{"@type":"PropertyValueSpecification","valueRequired":true,"valueName":"search_term_string"}}],"inLanguage":"pl-PL"},{"@type":"Organization","@id":"https:\/\/redfoxlotto.com\/pl\/#organization","name":"Get Tickets for the World\u2019s largest jackpots","url":"https:\/\/redfoxlotto.com\/pl\/","logo":{"@type":"ImageObject","inLanguage":"pl-PL","@id":"https:\/\/redfoxlotto.com\/pl\/#\/schema\/logo\/image\/","url":"https:\/\/redfoxlotto.com\/wp-content\/uploads\/2023\/04\/logo.png","contentUrl":"https:\/\/redfoxlotto.com\/wp-content\/uploads\/2023\/04\/logo.png","width":269,"height":53,"caption":"Get Tickets for the World\u2019s largest jackpots"},"image":{"@id":"https:\/\/redfoxlotto.com\/pl\/#\/schema\/logo\/image\/"}}]}},"_links":{"self":[{"href":"https:\/\/redfoxlotto.com\/pl\/wp-json\/wp\/v2\/pages\/5695","targetHints":{"allow":["GET"]}}],"collection":[{"href":"https:\/\/redfoxlotto.com\/pl\/wp-json\/wp\/v2\/pages"}],"about":[{"href":"https:\/\/redfoxlotto.com\/pl\/wp-json\/wp\/v2\/types\/page"}],"author":[{"embeddable":true,"href":"https:\/\/redfoxlotto.com\/pl\/wp-json\/wp\/v2\/users\/1"}],"replies":[{"embeddable":true,"href":"https:\/\/redfoxlotto.com\/pl\/wp-json\/wp\/v2\/comments?post=5695"}],"version-history":[{"count":0,"href":"https:\/\/redfoxlotto.com\/pl\/wp-json\/wp\/v2\/pages\/5695\/revisions"}],"wp:attachment":[{"href":"https:\/\/redfoxlotto.com\/pl\/wp-json\/wp\/v2\/media?parent=5695"}],"curies":[{"name":"wp","href":"https:\/\/api.w.org\/{rel}","templated":true}]}}