{"id":5694,"date":"2018-11-18T08:54:25","date_gmt":"2018-11-18T08:54:25","guid":{"rendered":"https:\/\/redfoxlotto.com\/?page_id=228\/"},"modified":"2019-11-21T09:56:20","modified_gmt":"2019-11-21T09:56:20","slug":"lotto-uk","status":"publish","type":"page","link":"https:\/\/redfoxlotto.com\/pl\/loterie\/lotto-uk\/","title":{"rendered":"O brytyjskiej loterii"},"content":{"rendered":"<p>UK Lottery jest najwi\u0119ksz\u0105 krajow\u0105 loteri\u0105 w Wielkiej Brytanii, bez liczenia og\u00f3lnoeuropejskich loterii, takich jak <a href=\"https:\/\/redfoxlotto.com\/pl\/loterie\/euromillions\/\">Euromillions<\/a> i <a href=\"https:\/\/redfoxlotto.com\/pl\/loterie\/eurojackpot\/\">Eurojackpot<\/a>.<!--more--><br \/>\n<img loading=\"lazy\" decoding=\"async\" class=\" wp-image alignright\" src=\"https:\/\/content.redfoxlotto.com\/uploads\/sites\/9\/2_ticket_uk_lottery2.jpg\" alt=\"losy na loteri\u0119 w Wielkiej Brytanii\" width=\"180\" height=\"284\" \/><\/p>\n<p>Obecnie, gracze lotto spoza Wielkiej Brytanii mog\u0105 spr\u00f3bowa\u0107 swoich si\u0142 w tej popularnej loterii. Szanse s\u0105 lepsze ni\u017c w wi\u0119kszo\u015bci innych europejskich loterii.<\/p>\n<p>UK loteria tak jak sama nazwa wskazuje jest oficjaln\u0105 loteri\u0105 Wielkiej Brytanii. W 1994 roku, kiedy gra si\u0119 rozpocz\u0119\u0142a, znana by\u0142a jako loteria krajowa, ale w 2002 roku zosta\u0142a zmieniona na lotto. UK loteria jest franczyzowana przez rz\u0105d Wielkiej Brytanii, a licencja na prowadzenie loterii zosta\u0142a przyznana grupie znanej jako grupa Camelot, podczas gdy operacje regulacyjne loterii s\u0105 wykonywane przez komisj\u0119 ds. hazardu.<\/p>\n<h2>Jak uczestniczy\u0107 poza Wielk\u0105 Brytani\u0105?<\/h2>\n<p>Aby wzi\u0105\u0107 udzia\u0142 w UK lotto, gracze musz\u0105 kupi\u0107 bilet na loteri\u0119 i mog\u0105 wybra\u0107 6 numer\u00f3w z wyboru 59 i maj\u0105 r\u00f3wnie\u017c mo\u017cliwo\u015b\u0107 wyboru szcz\u0119\u015bliwego dipu, w kt\u00f3rym liczby s\u0105 losowo wybierane dla Ciebie. Losowanie odbywa si\u0119 dwa razy w tygodniu, gdzie 6 liczb jest wybieranych losowo, a z pozosta\u0142ych 53 wybierany jest r\u00f3wnie\u017c numer bonusowy. Je\u015bli liczby na Twoim bilecie s\u0105 dok\u0142adnie takie same jak w przypadku 6 g\u0142\u00f3wnych liczb, to wygra\u0142e\u015b jackpota. Nawet je\u015bli Tw\u00f3j bilet nie pasuje do ca\u0142ych 6 losowanych liczb, nadal masz szans\u0119 na wygran\u0105, poniewa\u017c istniej\u0105 nagrody za dopasowanie 2, 3, 4 lub 5 losowanych liczb, nie wykluczaj\u0105c numeru bonusowego.<\/p>\n<p>Najwi\u0119kszy jackpot wygra\u0142 do tej pory w UK lotto jest \u00a3161,6 mln wygrana z lipca 12 2011 przez Collinsa Weira i jego \u017con\u0119. Prawdopodobie\u0144stwo trafienia jackpota w brytyjskiej loterii wynosi 1:45 mln.<\/p>\n<p><strong>Pobierz bilet online teraz dla UK Lottery!<\/strong><\/p>\n","protected":false},"excerpt":{"rendered":"<p>UK Lottery jest najwi\u0119ksz\u0105 krajow\u0105 loteri\u0105 w Wielkiej Brytanii, bez liczenia og\u00f3lnoeuropejskich loterii, takich jak Euromillions i Eurojackpot.<\/p>\n","protected":false},"author":1,"featured_media":0,"parent":5686,"menu_order":9,"comment_status":"closed","ping_status":"closed","template":"lotto-uk-info.php","meta":{"_et_pb_use_builder":"","_et_pb_old_content":"","_et_gb_content_width":"","exclude_from_search":false,"footnotes":""},"class_list":["post-5694","page","type-page","status-publish","hentry"],"yoast_head":"<!-- This site is optimized with the Yoast SEO plugin v23.8 - https:\/\/yoast.com\/wordpress\/plugins\/seo\/ -->\n<title>Informacje, kt\u00f3rych potrzebujesz na temat brytyjskiej loterii<\/title>\n<meta name=\"description\" content=\"Masz wi\u0119ksze szanse na loteri\u0119 w Wielkiej Brytanii, znaj\u0105c t\u0119 informacj\u0119 na ich temat.\" \/>\n<meta name=\"robots\" content=\"index, follow, max-snippet:-1, max-image-preview:large, max-video-preview:-1\" \/>\n<link rel=\"canonical\" href=\"https:\/\/redfoxlotto.com\/pl\/loterie\/lotto-uk\/\" \/>\n<meta property=\"og:locale\" content=\"pl_PL\" \/>\n<meta property=\"og:type\" content=\"article\" \/>\n<meta property=\"og:title\" content=\"Informacje, kt\u00f3rych potrzebujesz na temat brytyjskiej loterii\" \/>\n<meta property=\"og:description\" content=\"Masz wi\u0119ksze szanse na loteri\u0119 w Wielkiej Brytanii, znaj\u0105c t\u0119 informacj\u0119 na ich temat.\" \/>\n<meta property=\"og:url\" content=\"https:\/\/redfoxlotto.com\/pl\/loterie\/lotto-uk\/\" \/>\n<meta property=\"og:site_name\" content=\"Get Tickets for the World\u2019s largest jackpots\" \/>\n<meta property=\"article:modified_time\" content=\"2019-11-21T09:56:20+00:00\" \/>\n<meta property=\"og:image\" content=\"https:\/\/content.redfoxlotto.com\/uploads\/sites\/9\/2_ticket_uk_lottery2.jpg\" \/>\n<meta name=\"twitter:card\" content=\"summary_large_image\" \/>\n<meta name=\"twitter:label1\" content=\"Szacowany czas czytania\" \/>\n\t<meta name=\"twitter:data1\" content=\"2 minuty\" \/>\n<script type=\"application\/ld+json\" class=\"yoast-schema-graph\">{\"@context\":\"https:\/\/schema.org\",\"@graph\":[{\"@type\":\"WebPage\",\"@id\":\"https:\/\/redfoxlotto.com\/pl\/loterie\/lotto-uk\/\",\"url\":\"https:\/\/redfoxlotto.com\/pl\/loterie\/lotto-uk\/\",\"name\":\"Informacje, kt\u00f3rych potrzebujesz na temat brytyjskiej loterii\",\"isPartOf\":{\"@id\":\"https:\/\/redfoxlotto.com\/pl\/#website\"},\"primaryImageOfPage\":{\"@id\":\"https:\/\/redfoxlotto.com\/pl\/loterie\/lotto-uk\/#primaryimage\"},\"image\":{\"@id\":\"https:\/\/redfoxlotto.com\/pl\/loterie\/lotto-uk\/#primaryimage\"},\"thumbnailUrl\":\"https:\/\/content.redfoxlotto.com\/uploads\/sites\/9\/2_ticket_uk_lottery2.jpg\",\"datePublished\":\"2018-11-18T08:54:25+00:00\",\"dateModified\":\"2019-11-21T09:56:20+00:00\",\"description\":\"Masz wi\u0119ksze szanse na loteri\u0119 w Wielkiej Brytanii, znaj\u0105c t\u0119 informacj\u0119 na ich temat.\",\"breadcrumb\":{\"@id\":\"https:\/\/redfoxlotto.com\/pl\/loterie\/lotto-uk\/#breadcrumb\"},\"inLanguage\":\"pl-PL\",\"potentialAction\":[{\"@type\":\"ReadAction\",\"target\":[\"https:\/\/redfoxlotto.com\/pl\/loterie\/lotto-uk\/\"]}]},{\"@type\":\"ImageObject\",\"inLanguage\":\"pl-PL\",\"@id\":\"https:\/\/redfoxlotto.com\/pl\/loterie\/lotto-uk\/#primaryimage\",\"url\":\"https:\/\/content.redfoxlotto.com\/uploads\/sites\/9\/2_ticket_uk_lottery2.jpg\",\"contentUrl\":\"https:\/\/content.redfoxlotto.com\/uploads\/sites\/9\/2_ticket_uk_lottery2.jpg\"},{\"@type\":\"BreadcrumbList\",\"@id\":\"https:\/\/redfoxlotto.com\/pl\/loterie\/lotto-uk\/#breadcrumb\",\"itemListElement\":[{\"@type\":\"ListItem\",\"position\":1,\"name\":\"Home\",\"item\":\"https:\/\/redfoxlotto.com\/pl\/\"},{\"@type\":\"ListItem\",\"position\":2,\"name\":\"Jak kupi\u0107 bilety na loteri\u0119 online &#8211; proces zakupu\",\"item\":\"https:\/\/redfoxlotto.com\/pl\/loterie\/\"},{\"@type\":\"ListItem\",\"position\":3,\"name\":\"O brytyjskiej loterii\"}]},{\"@type\":\"WebSite\",\"@id\":\"https:\/\/redfoxlotto.com\/pl\/#website\",\"url\":\"https:\/\/redfoxlotto.com\/pl\/\",\"name\":\"Get Tickets for the World\u2019s largest jackpots\",\"description\":\"Participate in worldwide lottery jackpots from any country\",\"publisher\":{\"@id\":\"https:\/\/redfoxlotto.com\/pl\/#organization\"},\"potentialAction\":[{\"@type\":\"SearchAction\",\"target\":{\"@type\":\"EntryPoint\",\"urlTemplate\":\"https:\/\/redfoxlotto.com\/pl\/?s={search_term_string}\"},\"query-input\":{\"@type\":\"PropertyValueSpecification\",\"valueRequired\":true,\"valueName\":\"search_term_string\"}}],\"inLanguage\":\"pl-PL\"},{\"@type\":\"Organization\",\"@id\":\"https:\/\/redfoxlotto.com\/pl\/#organization\",\"name\":\"Get Tickets for the World\u2019s largest jackpots\",\"url\":\"https:\/\/redfoxlotto.com\/pl\/\",\"logo\":{\"@type\":\"ImageObject\",\"inLanguage\":\"pl-PL\",\"@id\":\"https:\/\/redfoxlotto.com\/pl\/#\/schema\/logo\/image\/\",\"url\":\"https:\/\/redfoxlotto.com\/wp-content\/uploads\/2023\/04\/logo.png\",\"contentUrl\":\"https:\/\/redfoxlotto.com\/wp-content\/uploads\/2023\/04\/logo.png\",\"width\":269,\"height\":53,\"caption\":\"Get Tickets for the World\u2019s largest jackpots\"},\"image\":{\"@id\":\"https:\/\/redfoxlotto.com\/pl\/#\/schema\/logo\/image\/\"}}]}<\/script>\n<!-- \/ Yoast SEO plugin. -->","yoast_head_json":{"title":"Informacje, kt\u00f3rych potrzebujesz na temat brytyjskiej loterii","description":"Masz wi\u0119ksze szanse na loteri\u0119 w Wielkiej Brytanii, znaj\u0105c t\u0119 informacj\u0119 na ich temat.","robots":{"index":"index","follow":"follow","max-snippet":"max-snippet:-1","max-image-preview":"max-image-preview:large","max-video-preview":"max-video-preview:-1"},"canonical":"https:\/\/redfoxlotto.com\/pl\/loterie\/lotto-uk\/","og_locale":"pl_PL","og_type":"article","og_title":"Informacje, kt\u00f3rych potrzebujesz na temat brytyjskiej loterii","og_description":"Masz wi\u0119ksze szanse na loteri\u0119 w Wielkiej Brytanii, znaj\u0105c t\u0119 informacj\u0119 na ich temat.","og_url":"https:\/\/redfoxlotto.com\/pl\/loterie\/lotto-uk\/","og_site_name":"Get Tickets for the World\u2019s largest jackpots","article_modified_time":"2019-11-21T09:56:20+00:00","og_image":[{"url":"https:\/\/content.redfoxlotto.com\/uploads\/sites\/9\/2_ticket_uk_lottery2.jpg"}],"twitter_card":"summary_large_image","twitter_misc":{"Szacowany czas czytania":"2 minuty"},"schema":{"@context":"https:\/\/schema.org","@graph":[{"@type":"WebPage","@id":"https:\/\/redfoxlotto.com\/pl\/loterie\/lotto-uk\/","url":"https:\/\/redfoxlotto.com\/pl\/loterie\/lotto-uk\/","name":"Informacje, kt\u00f3rych potrzebujesz na temat brytyjskiej loterii","isPartOf":{"@id":"https:\/\/redfoxlotto.com\/pl\/#website"},"primaryImageOfPage":{"@id":"https:\/\/redfoxlotto.com\/pl\/loterie\/lotto-uk\/#primaryimage"},"image":{"@id":"https:\/\/redfoxlotto.com\/pl\/loterie\/lotto-uk\/#primaryimage"},"thumbnailUrl":"https:\/\/content.redfoxlotto.com\/uploads\/sites\/9\/2_ticket_uk_lottery2.jpg","datePublished":"2018-11-18T08:54:25+00:00","dateModified":"2019-11-21T09:56:20+00:00","description":"Masz wi\u0119ksze szanse na loteri\u0119 w Wielkiej Brytanii, znaj\u0105c t\u0119 informacj\u0119 na ich temat.","breadcrumb":{"@id":"https:\/\/redfoxlotto.com\/pl\/loterie\/lotto-uk\/#breadcrumb"},"inLanguage":"pl-PL","potentialAction":[{"@type":"ReadAction","target":["https:\/\/redfoxlotto.com\/pl\/loterie\/lotto-uk\/"]}]},{"@type":"ImageObject","inLanguage":"pl-PL","@id":"https:\/\/redfoxlotto.com\/pl\/loterie\/lotto-uk\/#primaryimage","url":"https:\/\/content.redfoxlotto.com\/uploads\/sites\/9\/2_ticket_uk_lottery2.jpg","contentUrl":"https:\/\/content.redfoxlotto.com\/uploads\/sites\/9\/2_ticket_uk_lottery2.jpg"},{"@type":"BreadcrumbList","@id":"https:\/\/redfoxlotto.com\/pl\/loterie\/lotto-uk\/#breadcrumb","itemListElement":[{"@type":"ListItem","position":1,"name":"Home","item":"https:\/\/redfoxlotto.com\/pl\/"},{"@type":"ListItem","position":2,"name":"Jak kupi\u0107 bilety na loteri\u0119 online &#8211; proces zakupu","item":"https:\/\/redfoxlotto.com\/pl\/loterie\/"},{"@type":"ListItem","position":3,"name":"O brytyjskiej loterii"}]},{"@type":"WebSite","@id":"https:\/\/redfoxlotto.com\/pl\/#website","url":"https:\/\/redfoxlotto.com\/pl\/","name":"Get Tickets for the World\u2019s largest jackpots","description":"Participate in worldwide lottery jackpots from any country","publisher":{"@id":"https:\/\/redfoxlotto.com\/pl\/#organization"},"potentialAction":[{"@type":"SearchAction","target":{"@type":"EntryPoint","urlTemplate":"https:\/\/redfoxlotto.com\/pl\/?s={search_term_string}"},"query-input":{"@type":"PropertyValueSpecification","valueRequired":true,"valueName":"search_term_string"}}],"inLanguage":"pl-PL"},{"@type":"Organization","@id":"https:\/\/redfoxlotto.com\/pl\/#organization","name":"Get Tickets for the World\u2019s largest jackpots","url":"https:\/\/redfoxlotto.com\/pl\/","logo":{"@type":"ImageObject","inLanguage":"pl-PL","@id":"https:\/\/redfoxlotto.com\/pl\/#\/schema\/logo\/image\/","url":"https:\/\/redfoxlotto.com\/wp-content\/uploads\/2023\/04\/logo.png","contentUrl":"https:\/\/redfoxlotto.com\/wp-content\/uploads\/2023\/04\/logo.png","width":269,"height":53,"caption":"Get Tickets for the World\u2019s largest jackpots"},"image":{"@id":"https:\/\/redfoxlotto.com\/pl\/#\/schema\/logo\/image\/"}}]}},"_links":{"self":[{"href":"https:\/\/redfoxlotto.com\/pl\/wp-json\/wp\/v2\/pages\/5694","targetHints":{"allow":["GET"]}}],"collection":[{"href":"https:\/\/redfoxlotto.com\/pl\/wp-json\/wp\/v2\/pages"}],"about":[{"href":"https:\/\/redfoxlotto.com\/pl\/wp-json\/wp\/v2\/types\/page"}],"author":[{"embeddable":true,"href":"https:\/\/redfoxlotto.com\/pl\/wp-json\/wp\/v2\/users\/1"}],"replies":[{"embeddable":true,"href":"https:\/\/redfoxlotto.com\/pl\/wp-json\/wp\/v2\/comments?post=5694"}],"version-history":[{"count":0,"href":"https:\/\/redfoxlotto.com\/pl\/wp-json\/wp\/v2\/pages\/5694\/revisions"}],"up":[{"embeddable":true,"href":"https:\/\/redfoxlotto.com\/pl\/wp-json\/wp\/v2\/pages\/5686"}],"wp:attachment":[{"href":"https:\/\/redfoxlotto.com\/pl\/wp-json\/wp\/v2\/media?parent=5694"}],"curies":[{"name":"wp","href":"https:\/\/api.w.org\/{rel}","templated":true}]}}