{"id":5693,"date":"2018-11-18T08:54:25","date_gmt":"2018-11-18T08:54:25","guid":{"rendered":"https:\/\/redfoxlotto.com\/?page_id=226\/"},"modified":"2019-11-21T09:56:20","modified_gmt":"2019-11-21T09:56:20","slug":"superenalotto","status":"publish","type":"page","link":"https:\/\/redfoxlotto.com\/pl\/loterie\/superenalotto\/","title":{"rendered":"O SuperEnalotto"},"content":{"rendered":"<p>Lotto z W\u0142och zosta\u0142o wprowadzone jako &#8222;EnaLotto&#8221; w latach 50-tych, a nast\u0119pnie przemianowane na SuperEnaLotto. Najwy\u017csze notowane zwyci\u0119stwo w Superenalotto wynios\u0142o 177 729 043,16 EUR.<!--more--><br \/>\n<img loading=\"lazy\" decoding=\"async\" class=\" wp-image alignright\" src=\"https:\/\/content.redfoxlotto.com\/uploads\/sites\/9\/2_ticket_superenalotto4.jpg\" alt=\"Superenalotto graj online\" width=\"181\" height=\"258\" \/><\/p>\n<p>Ta loteria ma trzy losowania w tygodniu &#8211; w ka\u017cdy wtorek, czwartek i sobot\u0119.<\/p>\n<h2>Jak kupi\u0107 bilet na Superenalotto online<\/h2>\n<p>Proces zakupu biletu Superenalotto online jest bardzo prosty. Nasza strona poprowadzi Ci\u0119 przez proces zakupu biletu i p\u0142atno\u015bci.<\/p>\n<p>Kiedy jeste\u015b gotowy do zakupu biletu online, mo\u017cesz to zrobi\u0107 na dwa r\u00f3\u017cne sposoby:<\/p>\n<ul>\n<li>Zacznij od zarejestrowania konta w RedFoxLotto (nie zapomnij klikn\u0105\u0107 na link w e-mailu weryfikacyjnym, kt\u00f3ry wy\u015blemy do Ciebie!), a nast\u0119pnie wp\u0142a\u0107 najpierw troch\u0119 pieni\u0119dzy na swoje konto. Teraz, gdy masz ju\u017c pieni\u0105dze na koncie, mo\u017cesz wybra\u0107 loteri\u0119, wybra\u0107 swoje numery i zap\u0142aci\u0107 z salda konta. Ta metoda jest idealna, je\u015bli chcesz kupi\u0107 troch\u0119 los\u00f3w online ju\u017c dzi\u015b i wr\u00f3ci\u0107, aby kupi\u0107 wi\u0119cej los\u00f3w p\u00f3\u017aniej.<\/li>\n<\/ul>\n<p>Albo:<\/p>\n<ul>\n<li>Wybierz najpierw loteri\u0119, a nast\u0119pnie wybierz swoje numery. Dodaj wi\u0119cej loterii i wi\u0119cej los\u00f3w, je\u015bli chcesz. Nast\u0119pnie kliknij przycisk &#8222;zap\u0142a\u0107 teraz&#8221;. Nast\u0119pnie, zobaczysz ekran logowania. Poniewa\u017c nie masz jeszcze konta, b\u0119dziesz musia\u0142 je utworzy\u0107 klikaj\u0105c przycisk &#8222;Zarejestruj si\u0119&#8221;. Po zarejestrowaniu i zweryfikowaniu nowego konta, poszukaj symbolu koszyka zakup\u00f3w i kliknij na niego. Nast\u0119pnie zap\u0142acisz online, u\u017cywaj\u0105c dowolnej, wygodnej dla Ciebie metody.<\/li>\n<\/ul>\n<p>Upewnij si\u0119, \u017ce wykona\u0142e\u015b wszystkie niezb\u0119dne kroki do dokonania p\u0142atno\u015bci. Po pomy\u015blnym zakupie bilet\u00f3w otrzymasz e-mail z potwierdzeniem. Nast\u0119pnie wystarczy poczeka\u0107 na losowanie, aby zobaczy\u0107, czy wygra\u0142e\u015b!<\/p>\n<h2>SuperEnalotto na ca\u0142ym \u015bwiecie<\/h2>\n<p><img loading=\"lazy\" decoding=\"async\" class=\" wp-image alignright\" src=\"https:\/\/content.redfoxlotto.com\/uploads\/sites\/9\/1_buy_ticket_jackpot.jpg\" alt=\"win Superenalotto\" width=\"277\" height=\"184\" \/><br \/>\nDo czasu wprowadzenia <a href=\"https:\/\/redfoxlotto.com\/pl\/graj\/eurojackpot\/\">Eurojackpota<\/a>, loteria Superenalotto by\u0142a kr\u00f3low\u0105 europejskich loterii. Obecnie nie jest on rozgrywany tylko we W\u0142oszech, ale r\u00f3wnie\u017c online przez graczy z innych kraj\u00f3w. Bez wzgl\u0119du na to, gdzie mieszkasz, bilety na Superenalotto mo\u017cesz kupi\u0107 online tutaj, na naszej stronie internetowej.<\/p>\n<h2>Zasady SuperEnalotto<\/h2>\n<p>SuperEnaLotto to gra 6 z 90, bez dodatkowych numer\u00f3w. Poprzez trafienie 6 <a href=\"https:\/\/redfoxlotto.com\/pl\/wyniki\/eurojackpot\/\">liczb wygrywasz jackpota<\/a>. Je\u015bli Tw\u00f3j bilet Superenalotto ma co najmniej 3 numery poprawnie, kwalifikujesz si\u0119 do jednej z ni\u017cszych nagr\u00f3d.<\/p>\n","protected":false},"excerpt":{"rendered":"<p>Lotto z W\u0142och zosta\u0142o wprowadzone jako &#8222;EnaLotto&#8221; w latach 50-tych, a nast\u0119pnie przemianowane na SuperEnaLotto. Najwy\u017csze notowane zwyci\u0119stwo w Superenalotto wynios\u0142o 177 729 043,16 EUR.<\/p>\n","protected":false},"author":1,"featured_media":0,"parent":5686,"menu_order":5,"comment_status":"closed","ping_status":"closed","template":"superenalotto-info.php","meta":{"_et_pb_use_builder":"","_et_pb_old_content":"","_et_gb_content_width":"","exclude_from_search":false,"footnotes":""},"class_list":["post-5693","page","type-page","status-publish","hentry"],"yoast_head":"<!-- This site is optimized with the Yoast SEO plugin v27.3 - https:\/\/yoast.com\/product\/yoast-seo-wordpress\/ -->\n<title>Kup bilety na Superenalotto online<\/title>\n<meta name=\"description\" content=\"Nawet je\u015bli nie mieszkasz we W\u0142oszech, bilety na Superenalotto mo\u017cna teraz kupi\u0107 online!\" \/>\n<meta name=\"robots\" content=\"index, follow, max-snippet:-1, max-image-preview:large, max-video-preview:-1\" \/>\n<link rel=\"canonical\" href=\"https:\/\/redfoxlotto.com\/pl\/loterie\/superenalotto\/\" \/>\n<meta property=\"og:locale\" content=\"pl_PL\" \/>\n<meta property=\"og:type\" content=\"article\" \/>\n<meta property=\"og:title\" content=\"Kup bilety na Superenalotto online\" \/>\n<meta property=\"og:description\" content=\"Nawet je\u015bli nie mieszkasz we W\u0142oszech, bilety na Superenalotto mo\u017cna teraz kupi\u0107 online!\" \/>\n<meta property=\"og:url\" content=\"https:\/\/redfoxlotto.com\/pl\/loterie\/superenalotto\/\" \/>\n<meta property=\"og:site_name\" content=\"Get Tickets for the World\u2019s largest jackpots\" \/>\n<meta property=\"article:modified_time\" content=\"2019-11-21T09:56:20+00:00\" \/>\n<meta property=\"og:image\" content=\"https:\/\/content.redfoxlotto.com\/uploads\/sites\/9\/2_ticket_superenalotto4.jpg\" \/>\n<meta name=\"twitter:card\" content=\"summary_large_image\" \/>\n<meta name=\"twitter:label1\" content=\"Szacowany czas czytania\" \/>\n\t<meta name=\"twitter:data1\" content=\"2 minuty\" \/>\n<script type=\"application\/ld+json\" class=\"yoast-schema-graph\">{\"@context\":\"https:\\\/\\\/schema.org\",\"@graph\":[{\"@type\":\"WebPage\",\"@id\":\"https:\\\/\\\/redfoxlotto.com\\\/pl\\\/loterie\\\/superenalotto\\\/\",\"url\":\"https:\\\/\\\/redfoxlotto.com\\\/pl\\\/loterie\\\/superenalotto\\\/\",\"name\":\"Kup bilety na Superenalotto online\",\"isPartOf\":{\"@id\":\"https:\\\/\\\/redfoxlotto.com\\\/pl\\\/#website\"},\"primaryImageOfPage\":{\"@id\":\"https:\\\/\\\/redfoxlotto.com\\\/pl\\\/loterie\\\/superenalotto\\\/#primaryimage\"},\"image\":{\"@id\":\"https:\\\/\\\/redfoxlotto.com\\\/pl\\\/loterie\\\/superenalotto\\\/#primaryimage\"},\"thumbnailUrl\":\"https:\\\/\\\/content.redfoxlotto.com\\\/uploads\\\/sites\\\/9\\\/2_ticket_superenalotto4.jpg\",\"datePublished\":\"2018-11-18T08:54:25+00:00\",\"dateModified\":\"2019-11-21T09:56:20+00:00\",\"description\":\"Nawet je\u015bli nie mieszkasz we W\u0142oszech, bilety na Superenalotto mo\u017cna teraz kupi\u0107 online!\",\"breadcrumb\":{\"@id\":\"https:\\\/\\\/redfoxlotto.com\\\/pl\\\/loterie\\\/superenalotto\\\/#breadcrumb\"},\"inLanguage\":\"pl-PL\",\"potentialAction\":[{\"@type\":\"ReadAction\",\"target\":[\"https:\\\/\\\/redfoxlotto.com\\\/pl\\\/loterie\\\/superenalotto\\\/\"]}]},{\"@type\":\"ImageObject\",\"inLanguage\":\"pl-PL\",\"@id\":\"https:\\\/\\\/redfoxlotto.com\\\/pl\\\/loterie\\\/superenalotto\\\/#primaryimage\",\"url\":\"https:\\\/\\\/content.redfoxlotto.com\\\/uploads\\\/sites\\\/9\\\/2_ticket_superenalotto4.jpg\",\"contentUrl\":\"https:\\\/\\\/content.redfoxlotto.com\\\/uploads\\\/sites\\\/9\\\/2_ticket_superenalotto4.jpg\"},{\"@type\":\"BreadcrumbList\",\"@id\":\"https:\\\/\\\/redfoxlotto.com\\\/pl\\\/loterie\\\/superenalotto\\\/#breadcrumb\",\"itemListElement\":[{\"@type\":\"ListItem\",\"position\":1,\"name\":\"Home\",\"item\":\"https:\\\/\\\/redfoxlotto.com\\\/pl\\\/\"},{\"@type\":\"ListItem\",\"position\":2,\"name\":\"Jak kupi\u0107 bilety na loteri\u0119 online &#8211; proces zakupu\",\"item\":\"https:\\\/\\\/redfoxlotto.com\\\/pl\\\/loterie\\\/\"},{\"@type\":\"ListItem\",\"position\":3,\"name\":\"O SuperEnalotto\"}]},{\"@type\":\"WebSite\",\"@id\":\"https:\\\/\\\/redfoxlotto.com\\\/pl\\\/#website\",\"url\":\"https:\\\/\\\/redfoxlotto.com\\\/pl\\\/\",\"name\":\"Get Tickets for the World\u2019s largest jackpots\",\"description\":\"Participate in worldwide lottery jackpots from any country\",\"publisher\":{\"@id\":\"https:\\\/\\\/redfoxlotto.com\\\/pl\\\/#organization\"},\"potentialAction\":[{\"@type\":\"SearchAction\",\"target\":{\"@type\":\"EntryPoint\",\"urlTemplate\":\"https:\\\/\\\/redfoxlotto.com\\\/pl\\\/?s={search_term_string}\"},\"query-input\":{\"@type\":\"PropertyValueSpecification\",\"valueRequired\":true,\"valueName\":\"search_term_string\"}}],\"inLanguage\":\"pl-PL\"},{\"@type\":\"Organization\",\"@id\":\"https:\\\/\\\/redfoxlotto.com\\\/pl\\\/#organization\",\"name\":\"Get Tickets for the World\u2019s largest jackpots\",\"url\":\"https:\\\/\\\/redfoxlotto.com\\\/pl\\\/\",\"logo\":{\"@type\":\"ImageObject\",\"inLanguage\":\"pl-PL\",\"@id\":\"https:\\\/\\\/redfoxlotto.com\\\/pl\\\/#\\\/schema\\\/logo\\\/image\\\/\",\"url\":\"https:\\\/\\\/redfoxlotto.com\\\/wp-content\\\/uploads\\\/2023\\\/04\\\/logo.png\",\"contentUrl\":\"https:\\\/\\\/redfoxlotto.com\\\/wp-content\\\/uploads\\\/2023\\\/04\\\/logo.png\",\"width\":269,\"height\":53,\"caption\":\"Get Tickets for the World\u2019s largest jackpots\"},\"image\":{\"@id\":\"https:\\\/\\\/redfoxlotto.com\\\/pl\\\/#\\\/schema\\\/logo\\\/image\\\/\"}}]}<\/script>\n<!-- \/ Yoast SEO plugin. -->","yoast_head_json":{"title":"Kup bilety na Superenalotto online","description":"Nawet je\u015bli nie mieszkasz we W\u0142oszech, bilety na Superenalotto mo\u017cna teraz kupi\u0107 online!","robots":{"index":"index","follow":"follow","max-snippet":"max-snippet:-1","max-image-preview":"max-image-preview:large","max-video-preview":"max-video-preview:-1"},"canonical":"https:\/\/redfoxlotto.com\/pl\/loterie\/superenalotto\/","og_locale":"pl_PL","og_type":"article","og_title":"Kup bilety na Superenalotto online","og_description":"Nawet je\u015bli nie mieszkasz we W\u0142oszech, bilety na Superenalotto mo\u017cna teraz kupi\u0107 online!","og_url":"https:\/\/redfoxlotto.com\/pl\/loterie\/superenalotto\/","og_site_name":"Get Tickets for the World\u2019s largest jackpots","article_modified_time":"2019-11-21T09:56:20+00:00","og_image":[{"url":"https:\/\/content.redfoxlotto.com\/uploads\/sites\/9\/2_ticket_superenalotto4.jpg","type":"","width":"","height":""}],"twitter_card":"summary_large_image","twitter_misc":{"Szacowany czas czytania":"2 minuty"},"schema":{"@context":"https:\/\/schema.org","@graph":[{"@type":"WebPage","@id":"https:\/\/redfoxlotto.com\/pl\/loterie\/superenalotto\/","url":"https:\/\/redfoxlotto.com\/pl\/loterie\/superenalotto\/","name":"Kup bilety na Superenalotto online","isPartOf":{"@id":"https:\/\/redfoxlotto.com\/pl\/#website"},"primaryImageOfPage":{"@id":"https:\/\/redfoxlotto.com\/pl\/loterie\/superenalotto\/#primaryimage"},"image":{"@id":"https:\/\/redfoxlotto.com\/pl\/loterie\/superenalotto\/#primaryimage"},"thumbnailUrl":"https:\/\/content.redfoxlotto.com\/uploads\/sites\/9\/2_ticket_superenalotto4.jpg","datePublished":"2018-11-18T08:54:25+00:00","dateModified":"2019-11-21T09:56:20+00:00","description":"Nawet je\u015bli nie mieszkasz we W\u0142oszech, bilety na Superenalotto mo\u017cna teraz kupi\u0107 online!","breadcrumb":{"@id":"https:\/\/redfoxlotto.com\/pl\/loterie\/superenalotto\/#breadcrumb"},"inLanguage":"pl-PL","potentialAction":[{"@type":"ReadAction","target":["https:\/\/redfoxlotto.com\/pl\/loterie\/superenalotto\/"]}]},{"@type":"ImageObject","inLanguage":"pl-PL","@id":"https:\/\/redfoxlotto.com\/pl\/loterie\/superenalotto\/#primaryimage","url":"https:\/\/content.redfoxlotto.com\/uploads\/sites\/9\/2_ticket_superenalotto4.jpg","contentUrl":"https:\/\/content.redfoxlotto.com\/uploads\/sites\/9\/2_ticket_superenalotto4.jpg"},{"@type":"BreadcrumbList","@id":"https:\/\/redfoxlotto.com\/pl\/loterie\/superenalotto\/#breadcrumb","itemListElement":[{"@type":"ListItem","position":1,"name":"Home","item":"https:\/\/redfoxlotto.com\/pl\/"},{"@type":"ListItem","position":2,"name":"Jak kupi\u0107 bilety na loteri\u0119 online &#8211; proces zakupu","item":"https:\/\/redfoxlotto.com\/pl\/loterie\/"},{"@type":"ListItem","position":3,"name":"O SuperEnalotto"}]},{"@type":"WebSite","@id":"https:\/\/redfoxlotto.com\/pl\/#website","url":"https:\/\/redfoxlotto.com\/pl\/","name":"Get Tickets for the World\u2019s largest jackpots","description":"Participate in worldwide lottery jackpots from any country","publisher":{"@id":"https:\/\/redfoxlotto.com\/pl\/#organization"},"potentialAction":[{"@type":"SearchAction","target":{"@type":"EntryPoint","urlTemplate":"https:\/\/redfoxlotto.com\/pl\/?s={search_term_string}"},"query-input":{"@type":"PropertyValueSpecification","valueRequired":true,"valueName":"search_term_string"}}],"inLanguage":"pl-PL"},{"@type":"Organization","@id":"https:\/\/redfoxlotto.com\/pl\/#organization","name":"Get Tickets for the World\u2019s largest jackpots","url":"https:\/\/redfoxlotto.com\/pl\/","logo":{"@type":"ImageObject","inLanguage":"pl-PL","@id":"https:\/\/redfoxlotto.com\/pl\/#\/schema\/logo\/image\/","url":"https:\/\/redfoxlotto.com\/wp-content\/uploads\/2023\/04\/logo.png","contentUrl":"https:\/\/redfoxlotto.com\/wp-content\/uploads\/2023\/04\/logo.png","width":269,"height":53,"caption":"Get Tickets for the World\u2019s largest jackpots"},"image":{"@id":"https:\/\/redfoxlotto.com\/pl\/#\/schema\/logo\/image\/"}}]}},"_links":{"self":[{"href":"https:\/\/redfoxlotto.com\/pl\/wp-json\/wp\/v2\/pages\/5693","targetHints":{"allow":["GET"]}}],"collection":[{"href":"https:\/\/redfoxlotto.com\/pl\/wp-json\/wp\/v2\/pages"}],"about":[{"href":"https:\/\/redfoxlotto.com\/pl\/wp-json\/wp\/v2\/types\/page"}],"author":[{"embeddable":true,"href":"https:\/\/redfoxlotto.com\/pl\/wp-json\/wp\/v2\/users\/1"}],"replies":[{"embeddable":true,"href":"https:\/\/redfoxlotto.com\/pl\/wp-json\/wp\/v2\/comments?post=5693"}],"version-history":[{"count":0,"href":"https:\/\/redfoxlotto.com\/pl\/wp-json\/wp\/v2\/pages\/5693\/revisions"}],"up":[{"embeddable":true,"href":"https:\/\/redfoxlotto.com\/pl\/wp-json\/wp\/v2\/pages\/5686"}],"wp:attachment":[{"href":"https:\/\/redfoxlotto.com\/pl\/wp-json\/wp\/v2\/media?parent=5693"}],"curies":[{"name":"wp","href":"https:\/\/api.w.org\/{rel}","templated":true}]}}