{"id":5692,"date":"2018-11-18T08:54:25","date_gmt":"2018-11-18T08:54:25","guid":{"rendered":"https:\/\/redfoxlotto.com\/?page_id=214\/"},"modified":"2025-12-18T11:20:12","modified_gmt":"2025-12-18T11:20:12","slug":"powerball","status":"publish","type":"page","link":"https:\/\/redfoxlotto.com\/pl\/loterie\/powerball\/","title":{"rendered":"O Powerball"},"content":{"rendered":"<p><script type=\"application\/ld+json\">\n{\n  \"@context\": \"https:\/\/schema.org\",\n  \"@type\": \"Service\",\n  \"name\": \"Graj w Powerball online\",\n  \"url\": \"https:\/\/redfoxlotto.com\/pl\/lotteries\/powerball\",\n  \"description\": \"Kup oficjalne losy Powerball online z dowolnego kraju. Odwied\u017a RedFoxLotto, wybierz swoje numery i we\u017a udzia\u0142 w nast\u0119pnym losowaniu.\",\n  \"serviceType\": \"Us\u0142uga bilet\u00f3w loteryjnych online\",<\/p>\n<p>  \"provider\": {\n    \"@type\": \"Organization\",\n    \"name\": \"RedFoxLotto\",\n    \"url\": \"https:\/\/redfoxlotto.com\/pl\/\",\n    \"image\": \"https:\/\/redfoxlotto.com\/wp-content\/uploads\/2025\/12\/ticket_scans.jpg\",\n    \"sameAs\": []\n  },<\/p>\n<p>  \"areaServed\": \"Worldwide\",\n  \"termsOfService\": \"https:\/\/redfoxlotto.com\/terms-and-conditions\",<\/p>\n<p>  \"additionalProperty\": {\n    \"@type\": \"PropertyValue\",\n    \"name\": \"FAQ\",\n    \"value\": \"https:\/\/redfoxlotto.com\/pl\/faq\/\"\n  },<\/p>\n<p>  \"hasOfferCatalog\": {\n    \"@type\": \"OfferCatalog\",\n    \"name\": \"Losy Powerball\",\n    \"itemListElement\": [\n      {\n        \"@type\": \"Offer\",\n        \"name\": \"Losy Powerball\",\n        \"url\": \"https:\/\/redfoxlotto.com\/pl\/lotteries\/powerball\",\n        \"description\": \"Kup prawdziwe losy online na kolejne losowanie Powerball w RedFoxLotto.\",\n        \"price\": \"5.90\",\n        \"priceCurrency\": \"\u20ac\",\n        \"availability\": \"https:\/\/schema.org\/InStock\",<\/p>\n<p>        \"itemOffered\": {\n          \"@type\": \"Service\",\n          \"name\": \"Losy Powerball\",\n          \"description\": \"We\u017a udzia\u0142 w kolejnym losowaniu Powerball \u2013 kup losy online przez RedFoxLotto.\"\n        }\n      }\n    ]\n  },<\/p>\n<p>  \"mainEntityOfPage\": {\n    \"@type\": \"WebPage\",\n    \"@id\": \"https:\/\/redfoxlotto.com\/pl\/lotteries\/powerball\"\n  }\n}\n<\/script><\/p>\n<p>Powerball jest prawdopodobnie najbardziej znan\u0105 loteri\u0105 na \u015bwiecie i jest ku temu kilka naprawd\u0119 dobrych powod\u00f3w.<\/p>\n<p>Miliony graczy z ca\u0142ego \u015bwiata graj\u0105 w t\u0119 gr\u0119. Co wi\u0119cej, nie tylko w USA, ale tak\u017ce online z innych kraj\u00f3w, takich jak Polska, mo\u017cna zdecydowa\u0107 si\u0119 na zakup bilet\u00f3w Powerball online.<br \/>\n<img decoding=\"async\" class=\"wp-image alignright\" src=\"https:\/\/redfoxlotto.com\/wp-content\/uploads\/sites\/9\/ticket_powerball3.jpg\" alt=\"loteria powerball\" \/><\/p>\n<p>Losowania odbywaj\u0105 si\u0119 w ka\u017cd\u0105 sobot\u0119 i \u015brod\u0119, co oznacza, \u017ce b\u0119dziesz mia\u0142 dwa razy wi\u0119cej okazji do wzi\u0119cia udzia\u0142u i zakupu losu. Co naprawd\u0119 ekscytuj\u0105ce, najwi\u0119ksza kumulacja, jak\u0105 kiedykolwiek osi\u0105gni\u0119to w Powerball, wynios\u0142a 1 586 400 000 $!<\/p>\n<h2>Powerball Lotto na ca\u0142ym \u015bwiecie<\/h2>\n<p>Z pomoc\u0105 naszej strony internetowej mo\u017cesz teraz zosta\u0107 multimilionerem Powerball. Zapewniamy mo\u017cliwo\u015b\u0107 zakupu los\u00f3w Powerball online. Wszystko, co musisz zrobi\u0107, to zapozna\u0107 si\u0119 z naszym systemem. Zobaczysz, \u017ce mo\u017cesz przej\u015b\u0107 od sprawdzenia naszej strony internetowej do posiadania pierwszego kuponu czekaj\u0105cego na Ciebie na koncie w zaledwie kilku prostych krokach. Przyjrzyjmy si\u0119 wi\u0119c bli\u017cej temu, co nale\u017cy zrobi\u0107.<\/p>\n<h2>Jak kupi\u0107 kupon Powerball online z Polski<\/h2>\n<p>Pierwszym krokiem jest po prostu sprawdzenie r\u00f3\u017cnych gier loteryjnych, kt\u00f3re mamy dost\u0119pne. Na szcz\u0119\u015bcie dla Ciebie, dost\u0119pnych jest wiele \u015bwietnych los\u00f3w i gier, poniewa\u017c chcemy mie\u0107 pewno\u015b\u0107, \u017ce jeste\u015b w stanie zdoby\u0107 wszystkie najwy\u017csze jackpoty. Tak wi\u0119c wszystkie najwi\u0119ksze gry na ca\u0142ym \u015bwiecie s\u0105 dost\u0119pne w Polsce, za po\u015brednictwem naszej strony internetowej. Wystarczy spojrze\u0107 na dost\u0119pne gry, a nast\u0119pnie zdecydowa\u0107, w kt\u00f3r\u0105 z nich chcesz zagra\u0107.<\/p>\n<p>Po wybraniu gry (w tym przypadku Powerball) wystarczy klikn\u0105\u0107 na link i przej\u015b\u0107 do strony. Zobaczysz wi\u0119cej informacji na temat gry i dowiesz si\u0119, jak zdoby\u0107 w\u0142asny kupon. Wszystko, czego potrzebujesz, to wybranie liczb, kt\u00f3re chcesz. Oczywi\u015bcie mo\u017cesz r\u00f3wnie\u017c wybra\u0107 szybki wyb\u00f3r, je\u015bli nie wiesz, jakie numery chcesz wybra\u0107.<\/p>\n<p>Dzi\u0119ki naszej stronie internetowej, gdy zaczniesz wybiera\u0107 swoje numery, poinformujemy Ci\u0119 dok\u0142adnie, ile ich potrzebujesz i upewnimy si\u0119, \u017ce nie masz ich zbyt wiele lub zbyt ma\u0142o, aby uzyska\u0107 wa\u017cny bilet. B\u0119dziesz mie\u0107 r\u00f3wnie\u017c mo\u017cliwo\u015b\u0107 wyboru kombinacji losowo wybranych i osobi\u015bcie wybranych liczb. Mo\u017cesz tak\u017ce wybra\u0107 kilka los\u00f3w do gry.<\/p>\n<p>Stamt\u0105d b\u0119dziesz m\u00f3g\u0142 doda\u0107 bilety do koszyka, a nast\u0119pnie wybra\u0107 dodatkowe bilety z Powerball lub z innych gier, w kt\u00f3re chcesz zagra\u0107. Nast\u0119pnie wystarczy za\u0142o\u017cy\u0107 w\u0142asne konto. Kiedy to zrobisz, zapytamy Ci\u0119 o kilka danych osobowych, kt\u00f3re sprawi\u0105, \u017ce b\u0119dziesz bezpieczniejszy, gdy b\u0119dziesz chcia\u0142 kupi\u0107 bilety i kiedy b\u0119dziesz chcia\u0142 wyp\u0142aci\u0107 pieni\u0105dze ze swojego konta. B\u0119dziesz tak\u017ce m\u00f3g\u0142 skonfigurowa\u0107 wszystkie konta, kt\u00f3re chcesz.<\/p>\n<h2>Zasady dotycz\u0105ce kupon\u00f3w Powerball online<\/h2>\n<p>Je\u015bli chodzi o ustawienie biletu Powerball, chcesz wiedzie\u0107 wszystko o zasadach, kt\u00f3rych musisz przestrzega\u0107 i o tym, jak zamierzasz wybra\u0107 bilet. Wi\u0119c, co musisz zrobi\u0107?<\/p>\n<p>Nale\u017cy wybra\u0107 5 liczb z przedzia\u0142u od 1 do 69 oraz jedn\u0105 liczb\u0119 Powerball z przedzia\u0142u od 1 do 26. Wszystkie sze\u015b\u0107 liczb musi by\u0107 trafionych na kuponie. Wtedy wygra\u0142e\u015b g\u0142\u00f3wn\u0105 wygran\u0105. Je\u015bli trafisz tylko 5 pierwszych liczb, Tw\u00f3j kupon wygra nagrod\u0119 drugiego stopnia. To nadal czyni Ci\u0119 bogatszym o 1 milion dolar\u00f3w. Wygrane w Powerball mog\u0105 zosta\u0107 wyp\u0142acone jednorazowo lub w 30 rocznych ratach.<\/p>\n<h2>Kup kupon Powerball online i wygraj!<\/h2>\n<p>Co si\u0119 stanie, je\u015bli faktycznie wygrasz kumulacj\u0119 Powerball? To b\u0119dzie \u015bwietna zabawa i na pewno b\u0119dziesz bardzo podekscytowany. C\u00f3\u017c, b\u0119dziesz tak\u017ce musia\u0142 zaplanowa\u0107 podr\u00f3\u017c do Stan\u00f3w Zjednoczonych, poniewa\u017c uwielbiaj\u0105 robi\u0107 wielkie rzeczy z ludzi, kt\u00f3rzy wygrywaj\u0105.<\/p>\n<p>Oznacza to, \u017ce b\u0119d\u0105 robi\u0107 zdj\u0119cia, wr\u0119cz\u0105 ci du\u017cy czek i wiele wi\u0119cej, a my upewnimy si\u0119, \u017ce jeste\u015b na to przygotowany dzi\u0119ki biletowi i informacjom potrzebnym do odebrania nagrody.<\/p>\n<p>Je\u015bli wygrasz nagrod\u0119 ni\u017cszego poziomu, mo\u017cemy przela\u0107 pieni\u0105dze bezpo\u015brednio na Twoje konto, aby\u015b m\u00f3g\u0142 je wyp\u0142aci\u0107 lub wykorzysta\u0107 je do zakupu dodatkowych los\u00f3w. Osoby, kt\u00f3re wygra\u0142y wi\u0119ksze nagrody, ale nie jackpota, b\u0119d\u0105 mog\u0142y otrzyma\u0107 bezpo\u015bredni przelew na swoje konto, a my skontaktujemy si\u0119 z Tob\u0105, aby poinformowa\u0107 Ci\u0119, co musisz zrobi\u0107 i jak mo\u017cesz to wszystko skonfigurowa\u0107. Ale sk\u0105d b\u0119dziesz wiedzie\u0107?<br \/>\n<img decoding=\"async\" class=\"size-full wp-image alignright\" src=\"https:\/\/content.redfoxlotto.com\/uploads\/sites\/9\/1_buy_lottery_online.jpg\" alt=\"kup losy online\" \/><br \/>\nJe\u015bli b\u0119dziesz sprawdza\u0107 swoje konto, b\u0119dziesz m\u00f3g\u0142 zobaczy\u0107 aktualizacje swojego biletu i zobaczysz wszystkie pasuj\u0105ce liczby. Pieni\u0105dze za mniejsze kwoty zostan\u0105 r\u00f3wnie\u017c natychmiast przelane na Twoje konto. Ka\u017cda wygrana kwota pojawi si\u0119 jednak w wiadomo\u015bci e-mail. Oznacza to, \u017ce b\u0119dziesz m\u00f3g\u0142 po prostu sprawdzi\u0107 poczt\u0119 e-mail i zobaczy\u0107, \u017ce masz wygran\u0105, dzi\u0119ki czemu mo\u017cesz natychmiast przej\u015b\u0107 do swojego konta.<\/p>\n<h2>Granie w nowe gry<\/h2>\n<p>Je\u015bli jeste\u015b gotowy, aby zacz\u0105\u0107 gra\u0107 i chcesz kupi\u0107 bilety Powerball online, na pewno b\u0119dziesz chcia\u0142 sprawdzi\u0107 niekt\u00f3re z innych opcji, kt\u00f3re mamy. W rzeczywisto\u015bci mamy najgor\u0119tsze gry loteryjne na ca\u0142ym \u015bwiecie i wszystko, co musisz zrobi\u0107, to zdecydowa\u0107, kt\u00f3ra z nich b\u0119dzie twoj\u0105 ulubion\u0105 i kt\u00f3r\u0105 chcesz wypr\u00f3bowa\u0107 jako nast\u0119pn\u0105.<\/p>\n<p>Rzu\u0107 wi\u0119c okiem na to, co jest dost\u0119pne i jak mo\u017cesz odebra\u0107 wszystkie bilety, kt\u00f3re chcesz. Upewnij si\u0119 r\u00f3wnie\u017c, \u017ce sprawdzasz wszystkie informacje, kt\u00f3re mo\u017cesz znale\u017a\u0107 na temat ka\u017cdej z gier, kiedy b\u0119d\u0105 losowane, ile mo\u017cesz wygra\u0107 i wiele wi\u0119cej.<\/p>\n<p>Chcesz zagra\u0107 i zdoby\u0107 kupony Powerball online? Zacznij ju\u017c teraz, tutaj.<\/p>\n","protected":false},"excerpt":{"rendered":"<p>Powerball jest prawdopodobnie najbardziej znan\u0105 loteri\u0105 na \u015bwiecie i jest ku temu kilka naprawd\u0119 dobrych powod\u00f3w. Miliony graczy z ca\u0142ego \u015bwiata graj\u0105 w t\u0119 gr\u0119. Co wi\u0119cej, nie tylko w USA, ale tak\u017ce online z innych kraj\u00f3w, takich jak Polska, mo\u017cna zdecydowa\u0107 si\u0119 na zakup bilet\u00f3w Powerball online. Losowania odbywaj\u0105 si\u0119 w ka\u017cd\u0105 sobot\u0119 i [&hellip;]<\/p>\n","protected":false},"author":1,"featured_media":0,"parent":5686,"menu_order":1,"comment_status":"closed","ping_status":"closed","template":"powerball-usa-info.php","meta":{"_et_pb_use_builder":"","_et_pb_old_content":"","_et_gb_content_width":"","exclude_from_search":false,"footnotes":""},"class_list":["post-5692","page","type-page","status-publish","hentry"],"yoast_head":"<!-- This site is optimized with the Yoast SEO plugin v27.3 - https:\/\/yoast.com\/product\/yoast-seo-wordpress\/ -->\n<title>Kup losy Powerball online z Polski | Wygraj Powerball tutaj<\/title>\n<meta name=\"description\" content=\"Jak kupi\u0107 kupon online na Powerball Lotto USA? Nasz serwis umo\u017cliwia udzia\u0142 w Powerball USA z Polski.\" \/>\n<meta name=\"robots\" content=\"index, follow, max-snippet:-1, max-image-preview:large, max-video-preview:-1\" \/>\n<link rel=\"canonical\" href=\"https:\/\/redfoxlotto.com\/pl\/loterie\/powerball\/\" \/>\n<meta property=\"og:locale\" content=\"pl_PL\" \/>\n<meta property=\"og:type\" content=\"article\" \/>\n<meta property=\"og:title\" content=\"Kup losy Powerball online z Polski | Wygraj Powerball tutaj\" \/>\n<meta property=\"og:description\" content=\"Jak kupi\u0107 kupon online na Powerball Lotto USA? Nasz serwis umo\u017cliwia udzia\u0142 w Powerball USA z Polski.\" \/>\n<meta property=\"og:url\" content=\"https:\/\/redfoxlotto.com\/pl\/loterie\/powerball\/\" \/>\n<meta property=\"og:site_name\" content=\"Get Tickets for the World\u2019s largest jackpots\" \/>\n<meta property=\"article:modified_time\" content=\"2025-12-18T11:20:12+00:00\" \/>\n<meta property=\"og:image\" content=\"https:\/\/redfoxlotto.com\/wp-content\/uploads\/sites\/9\/ticket_powerball3.jpg\" \/>\n<meta name=\"twitter:card\" content=\"summary_large_image\" \/>\n<meta name=\"twitter:label1\" content=\"Szacowany czas czytania\" \/>\n\t<meta name=\"twitter:data1\" content=\"4 minuty\" \/>\n<script type=\"application\/ld+json\" class=\"yoast-schema-graph\">{\"@context\":\"https:\\\/\\\/schema.org\",\"@graph\":[{\"@type\":\"WebPage\",\"@id\":\"https:\\\/\\\/redfoxlotto.com\\\/pl\\\/loterie\\\/powerball\\\/\",\"url\":\"https:\\\/\\\/redfoxlotto.com\\\/pl\\\/loterie\\\/powerball\\\/\",\"name\":\"Kup losy Powerball online z Polski | Wygraj Powerball tutaj\",\"isPartOf\":{\"@id\":\"https:\\\/\\\/redfoxlotto.com\\\/pl\\\/#website\"},\"primaryImageOfPage\":{\"@id\":\"https:\\\/\\\/redfoxlotto.com\\\/pl\\\/loterie\\\/powerball\\\/#primaryimage\"},\"image\":{\"@id\":\"https:\\\/\\\/redfoxlotto.com\\\/pl\\\/loterie\\\/powerball\\\/#primaryimage\"},\"thumbnailUrl\":\"https:\\\/\\\/redfoxlotto.com\\\/wp-content\\\/uploads\\\/sites\\\/9\\\/ticket_powerball3.jpg\",\"datePublished\":\"2018-11-18T08:54:25+00:00\",\"dateModified\":\"2025-12-18T11:20:12+00:00\",\"description\":\"Jak kupi\u0107 kupon online na Powerball Lotto USA? Nasz serwis umo\u017cliwia udzia\u0142 w Powerball USA z Polski.\",\"breadcrumb\":{\"@id\":\"https:\\\/\\\/redfoxlotto.com\\\/pl\\\/loterie\\\/powerball\\\/#breadcrumb\"},\"inLanguage\":\"pl-PL\",\"potentialAction\":[{\"@type\":\"ReadAction\",\"target\":[\"https:\\\/\\\/redfoxlotto.com\\\/pl\\\/loterie\\\/powerball\\\/\"]}]},{\"@type\":\"ImageObject\",\"inLanguage\":\"pl-PL\",\"@id\":\"https:\\\/\\\/redfoxlotto.com\\\/pl\\\/loterie\\\/powerball\\\/#primaryimage\",\"url\":\"https:\\\/\\\/redfoxlotto.com\\\/wp-content\\\/uploads\\\/sites\\\/9\\\/ticket_powerball3.jpg\",\"contentUrl\":\"https:\\\/\\\/redfoxlotto.com\\\/wp-content\\\/uploads\\\/sites\\\/9\\\/ticket_powerball3.jpg\"},{\"@type\":\"BreadcrumbList\",\"@id\":\"https:\\\/\\\/redfoxlotto.com\\\/pl\\\/loterie\\\/powerball\\\/#breadcrumb\",\"itemListElement\":[{\"@type\":\"ListItem\",\"position\":1,\"name\":\"Home\",\"item\":\"https:\\\/\\\/redfoxlotto.com\\\/pl\\\/\"},{\"@type\":\"ListItem\",\"position\":2,\"name\":\"Jak kupi\u0107 bilety na loteri\u0119 online &#8211; proces zakupu\",\"item\":\"https:\\\/\\\/redfoxlotto.com\\\/pl\\\/loterie\\\/\"},{\"@type\":\"ListItem\",\"position\":3,\"name\":\"O Powerball\"}]},{\"@type\":\"WebSite\",\"@id\":\"https:\\\/\\\/redfoxlotto.com\\\/pl\\\/#website\",\"url\":\"https:\\\/\\\/redfoxlotto.com\\\/pl\\\/\",\"name\":\"Get Tickets for the World\u2019s largest jackpots\",\"description\":\"Participate in worldwide lottery jackpots from any country\",\"publisher\":{\"@id\":\"https:\\\/\\\/redfoxlotto.com\\\/pl\\\/#organization\"},\"potentialAction\":[{\"@type\":\"SearchAction\",\"target\":{\"@type\":\"EntryPoint\",\"urlTemplate\":\"https:\\\/\\\/redfoxlotto.com\\\/pl\\\/?s={search_term_string}\"},\"query-input\":{\"@type\":\"PropertyValueSpecification\",\"valueRequired\":true,\"valueName\":\"search_term_string\"}}],\"inLanguage\":\"pl-PL\"},{\"@type\":\"Organization\",\"@id\":\"https:\\\/\\\/redfoxlotto.com\\\/pl\\\/#organization\",\"name\":\"Get Tickets for the World\u2019s largest jackpots\",\"url\":\"https:\\\/\\\/redfoxlotto.com\\\/pl\\\/\",\"logo\":{\"@type\":\"ImageObject\",\"inLanguage\":\"pl-PL\",\"@id\":\"https:\\\/\\\/redfoxlotto.com\\\/pl\\\/#\\\/schema\\\/logo\\\/image\\\/\",\"url\":\"https:\\\/\\\/redfoxlotto.com\\\/wp-content\\\/uploads\\\/2023\\\/04\\\/logo.png\",\"contentUrl\":\"https:\\\/\\\/redfoxlotto.com\\\/wp-content\\\/uploads\\\/2023\\\/04\\\/logo.png\",\"width\":269,\"height\":53,\"caption\":\"Get Tickets for the World\u2019s largest jackpots\"},\"image\":{\"@id\":\"https:\\\/\\\/redfoxlotto.com\\\/pl\\\/#\\\/schema\\\/logo\\\/image\\\/\"}}]}<\/script>\n<!-- \/ Yoast SEO plugin. -->","yoast_head_json":{"title":"Kup losy Powerball online z Polski | Wygraj Powerball tutaj","description":"Jak kupi\u0107 kupon online na Powerball Lotto USA? Nasz serwis umo\u017cliwia udzia\u0142 w Powerball USA z Polski.","robots":{"index":"index","follow":"follow","max-snippet":"max-snippet:-1","max-image-preview":"max-image-preview:large","max-video-preview":"max-video-preview:-1"},"canonical":"https:\/\/redfoxlotto.com\/pl\/loterie\/powerball\/","og_locale":"pl_PL","og_type":"article","og_title":"Kup losy Powerball online z Polski | Wygraj Powerball tutaj","og_description":"Jak kupi\u0107 kupon online na Powerball Lotto USA? Nasz serwis umo\u017cliwia udzia\u0142 w Powerball USA z Polski.","og_url":"https:\/\/redfoxlotto.com\/pl\/loterie\/powerball\/","og_site_name":"Get Tickets for the World\u2019s largest jackpots","article_modified_time":"2025-12-18T11:20:12+00:00","og_image":[{"url":"https:\/\/redfoxlotto.com\/wp-content\/uploads\/sites\/9\/ticket_powerball3.jpg","type":"","width":"","height":""}],"twitter_card":"summary_large_image","twitter_misc":{"Szacowany czas czytania":"4 minuty"},"schema":{"@context":"https:\/\/schema.org","@graph":[{"@type":"WebPage","@id":"https:\/\/redfoxlotto.com\/pl\/loterie\/powerball\/","url":"https:\/\/redfoxlotto.com\/pl\/loterie\/powerball\/","name":"Kup losy Powerball online z Polski | Wygraj Powerball tutaj","isPartOf":{"@id":"https:\/\/redfoxlotto.com\/pl\/#website"},"primaryImageOfPage":{"@id":"https:\/\/redfoxlotto.com\/pl\/loterie\/powerball\/#primaryimage"},"image":{"@id":"https:\/\/redfoxlotto.com\/pl\/loterie\/powerball\/#primaryimage"},"thumbnailUrl":"https:\/\/redfoxlotto.com\/wp-content\/uploads\/sites\/9\/ticket_powerball3.jpg","datePublished":"2018-11-18T08:54:25+00:00","dateModified":"2025-12-18T11:20:12+00:00","description":"Jak kupi\u0107 kupon online na Powerball Lotto USA? Nasz serwis umo\u017cliwia udzia\u0142 w Powerball USA z Polski.","breadcrumb":{"@id":"https:\/\/redfoxlotto.com\/pl\/loterie\/powerball\/#breadcrumb"},"inLanguage":"pl-PL","potentialAction":[{"@type":"ReadAction","target":["https:\/\/redfoxlotto.com\/pl\/loterie\/powerball\/"]}]},{"@type":"ImageObject","inLanguage":"pl-PL","@id":"https:\/\/redfoxlotto.com\/pl\/loterie\/powerball\/#primaryimage","url":"https:\/\/redfoxlotto.com\/wp-content\/uploads\/sites\/9\/ticket_powerball3.jpg","contentUrl":"https:\/\/redfoxlotto.com\/wp-content\/uploads\/sites\/9\/ticket_powerball3.jpg"},{"@type":"BreadcrumbList","@id":"https:\/\/redfoxlotto.com\/pl\/loterie\/powerball\/#breadcrumb","itemListElement":[{"@type":"ListItem","position":1,"name":"Home","item":"https:\/\/redfoxlotto.com\/pl\/"},{"@type":"ListItem","position":2,"name":"Jak kupi\u0107 bilety na loteri\u0119 online &#8211; proces zakupu","item":"https:\/\/redfoxlotto.com\/pl\/loterie\/"},{"@type":"ListItem","position":3,"name":"O Powerball"}]},{"@type":"WebSite","@id":"https:\/\/redfoxlotto.com\/pl\/#website","url":"https:\/\/redfoxlotto.com\/pl\/","name":"Get Tickets for the World\u2019s largest jackpots","description":"Participate in worldwide lottery jackpots from any country","publisher":{"@id":"https:\/\/redfoxlotto.com\/pl\/#organization"},"potentialAction":[{"@type":"SearchAction","target":{"@type":"EntryPoint","urlTemplate":"https:\/\/redfoxlotto.com\/pl\/?s={search_term_string}"},"query-input":{"@type":"PropertyValueSpecification","valueRequired":true,"valueName":"search_term_string"}}],"inLanguage":"pl-PL"},{"@type":"Organization","@id":"https:\/\/redfoxlotto.com\/pl\/#organization","name":"Get Tickets for the World\u2019s largest jackpots","url":"https:\/\/redfoxlotto.com\/pl\/","logo":{"@type":"ImageObject","inLanguage":"pl-PL","@id":"https:\/\/redfoxlotto.com\/pl\/#\/schema\/logo\/image\/","url":"https:\/\/redfoxlotto.com\/wp-content\/uploads\/2023\/04\/logo.png","contentUrl":"https:\/\/redfoxlotto.com\/wp-content\/uploads\/2023\/04\/logo.png","width":269,"height":53,"caption":"Get Tickets for the World\u2019s largest jackpots"},"image":{"@id":"https:\/\/redfoxlotto.com\/pl\/#\/schema\/logo\/image\/"}}]}},"_links":{"self":[{"href":"https:\/\/redfoxlotto.com\/pl\/wp-json\/wp\/v2\/pages\/5692","targetHints":{"allow":["GET"]}}],"collection":[{"href":"https:\/\/redfoxlotto.com\/pl\/wp-json\/wp\/v2\/pages"}],"about":[{"href":"https:\/\/redfoxlotto.com\/pl\/wp-json\/wp\/v2\/types\/page"}],"author":[{"embeddable":true,"href":"https:\/\/redfoxlotto.com\/pl\/wp-json\/wp\/v2\/users\/1"}],"replies":[{"embeddable":true,"href":"https:\/\/redfoxlotto.com\/pl\/wp-json\/wp\/v2\/comments?post=5692"}],"version-history":[{"count":0,"href":"https:\/\/redfoxlotto.com\/pl\/wp-json\/wp\/v2\/pages\/5692\/revisions"}],"up":[{"embeddable":true,"href":"https:\/\/redfoxlotto.com\/pl\/wp-json\/wp\/v2\/pages\/5686"}],"wp:attachment":[{"href":"https:\/\/redfoxlotto.com\/pl\/wp-json\/wp\/v2\/media?parent=5692"}],"curies":[{"name":"wp","href":"https:\/\/api.w.org\/{rel}","templated":true}]}}