{"id":5690,"date":"2018-11-18T08:54:25","date_gmt":"2018-11-18T08:54:25","guid":{"rendered":"https:\/\/redfoxlotto.com\/?page_id=210\/"},"modified":"2025-12-18T13:18:58","modified_gmt":"2025-12-18T13:18:58","slug":"mega-millions","status":"publish","type":"page","link":"https:\/\/redfoxlotto.com\/pl\/loterie\/mega-millions\/","title":{"rendered":"O Mega Millions"},"content":{"rendered":"<p><script type=\"application\/ld+json\">\n{\n  \"@context\": \"https:\/\/schema.org\",\n  \"@type\": \"Service\",\n  \"name\": \"Graj w Mega Millions online\",\n  \"url\": \"https:\/\/redfoxlotto.com\/pl\/lotteries\/mega-millions\",\n  \"description\": \"Kup oficjalne losy Mega Millions online z dowolnego kraju. Odwied\u017a RedFoxLotto, wybierz swoje liczby i we\u017a udzia\u0142 w nast\u0119pnym losowaniu.\",\n  \"serviceType\": \"Internetowa us\u0142uga po\u015brednictwa los\u00f3w loteryjnych\",<\/p>\n<p>  \"provider\": {\n    \"@type\": \"Organization\",\n    \"name\": \"RedFoxLotto\",\n    \"url\": \"https:\/\/redfoxlotto.com\/pl\",\n    \"image\": \"https:\/\/redfoxlotto.com\/pl\/wp-content\/uploads\/2025\/12\/ticket_scans.jpg\",\n    \"sameAs\": []\n  },<\/p>\n<p>  \"areaServed\": \"Worldwide\",\n  \"termsOfService\": \"https:\/\/redfoxlotto.com\/terms-and-conditions\",<\/p>\n<p>  \"additionalProperty\": {\n    \"@type\": \"PropertyValue\",\n    \"name\": \"FAQ\",\n    \"value\": \"https:\/\/redfoxlotto.com\/pl\/faq\/\"\n  },<\/p>\n<p>  \"hasOfferCatalog\": {\n    \"@type\": \"OfferCatalog\",\n    \"name\": \"Losy Mega Millions\",\n    \"itemListElement\": [\n      {\n        \"@type\": \"Offer\",\n        \"name\": \"Losy Mega Millions\",\n        \"url\": \"https:\/\/redfoxlotto.com\/pl\/lotteries\/powerball\",\n        \"description\": \"Kup prawdziwe losy online na kolejne losowanie Mega Millions w RedFoxLotto.\",\n        \"price\": \"13.00\",\n        \"priceCurrency\": \"\u20ac\",\n        \"availability\": \"https:\/\/schema.org\/InStock\",<\/p>\n<p>        \"itemOffered\": {\n          \"@type\": \"Service\",\n          \"name\": \"Loteria Mega Millions\",\n          \"description\": \"We\u017a udzia\u0142 w kolejnym losowaniu Mega Millions \u2013 kup losy online przez RedFoxLotto.\"\n        }\n      }\n    ]\n  },<\/p>\n<p>  \"mainEntityOfPage\": {\n    \"@type\": \"WebPage\",\n    \"@id\": \"https:\/\/redfoxlotto.com\/pl\/lotteries\/mega-millions\"\n  }\n}\n<\/script><\/p>\n<p>Znana jako &#8222;The Big Game&#8221; do 2002 roku, ta loteria 44 stan\u00f3w USA jest obecnie znana na ca\u0142ym \u015bwiecie jako Mega Millions. W tym celu odbywaj\u0105 si\u0119 dwa losowania tygodniowo (w ka\u017cdy wtorek i pi\u0105tek). Je\u015bli nie s\u0142ysza\u0142e\u015b o tej grze lub do tej pory nie zwraca\u0142e\u015b na ni\u0105 uwagi, z pewno\u015bci\u0105 b\u0119dziesz chcia\u0142 przyjrze\u0107 si\u0119 jej bli\u017cej i zobaczy\u0107, co mo\u017cesz z niej zrobi\u0107.<\/p>\n<p>Zdecydowanie b\u0119dzie to nagroda, kt\u00f3r\u0105 chcesz wygra\u0107, a tak\u017ce bardzo \u0142atwa gra. To sprawia, \u017ce kupowanie bilet\u00f3w Mega Millions online z Polski jest korzystne dla wszystkich.<\/p>\n<h2>Jackpot Mega Millions<\/h2>\n<p>Mega Millions s\u0142ynie z du\u017cych jackpot\u00f3w. W 2018 roku jeden szcz\u0119\u015bliwiec wygra\u0142 rekordow\u0105 kumulacj\u0119 w wysoko\u015bci ponad 1,5 miliarda dolar\u00f3w. To zdecydowanie rodzaj jackpota, kt\u00f3ry chcesz wygra\u0107, prawda? A szanse zdecydowanie nie s\u0105 tak z\u0142e, jak w przypadku niekt\u00f3rych jackpot\u00f3w.<\/p>\n<p>Jeszcze lepsze w Mega Millions jest to, \u017ce jackpoty zawsze b\u0119d\u0105 wysokie. W rzeczywisto\u015bci jackpot zaczyna si\u0119 od 40 milion\u00f3w dolar\u00f3w. Tak wi\u0119c, nawet je\u015bli wygrasz podstawowy jackpot, zanim zacznie on rosn\u0105\u0107 (co rzadko si\u0119 zdarza), nadal otrzymasz \u015bwietn\u0105 wyp\u0142at\u0119.<img loading=\"lazy\" decoding=\"async\" class=\"alignright wp-image\" src=\"https:\/\/content.redfoxlotto.com\/uploads\/sites\/9\/2_ticket_mega_millions2.jpg\" alt=\"Mega Millions online\" width=\"200\" height=\"207\" \/><\/p>\n<p>Je\u015bli wygrasz jackpota p\u00f3\u017aniej, gdy zacznie on rosn\u0105\u0107, mo\u017cesz wygra\u0107 o wiele wi\u0119cej. Co wi\u0119cej, te jackpoty rosn\u0105 do\u015b\u0107 szybko. Tak wi\u0119c to, co dzi\u015b zaczyna si\u0119 od 40 milion\u00f3w dolar\u00f3w, mo\u017ce z \u0142atwo\u015bci\u0105 przekroczy\u0107 100 milion\u00f3w dolar\u00f3w w ci\u0105gu zaledwie tygodnia lub mniej. Stamt\u0105d mo\u017ce wzrosn\u0105\u0107 do kilkuset milion\u00f3w, a ty mo\u017cesz po prostu wzi\u0105\u0107 udzia\u0142 w kolejnym losowaniu wartym miliard dolar\u00f3w. To zdecydowanie by\u0142oby warte zainwestowania kilku dolar\u00f3w w bilety, prawda?<\/p>\n<p>Na naszej stronie masz mo\u017cliwo\u015b\u0107 zakupu los\u00f3w Mega Millions online, nawet je\u015bli mieszkasz w Polsce. Wystarczy wybra\u0107 swoje liczby, kupi\u0107 kupon i czeka\u0107 na wyniki losowania! Za chwil\u0119 przejdziemy przez niekt\u00f3re z og\u00f3lnych krok\u00f3w i tego, co trzeba zrobi\u0107, aby zacz\u0105\u0107, ale najpierw skupmy si\u0119 na samym Mega Millions, dobrze?<\/p>\n<h2>Zasady Mega Millions<\/h2>\n<p>Zasady Mega Millions s\u0105 proste. Nale\u017cy wytypowa\u0107 5 liczb z przedzia\u0142u od 1 do 70 oraz dodatkowy numer MegaBall. Wszystkie liczby musz\u0105 zosta\u0107 dopasowane, aby wygra\u0107 jackpota. Nie oznacza to, \u017ce nie mo\u017cesz nic wygra\u0107, je\u015bli nie zdob\u0119dziesz jackpota. Istnieje wiele r\u00f3\u017cnych nagr\u00f3d, kt\u00f3re mo\u017cna wygra\u0107. W Mega Millions mo\u017cna wygra\u0107 w dziewi\u0119ciu przedzia\u0142ach nagr\u00f3d.<\/p>\n<p>Wspania\u0142e jest to, \u017ce mo\u017cna wygra\u0107 w oparciu o dopasowanie tylko jednej liczby, o ile jest to MegaBall. Je\u015bli dopasujesz ten numer, wygrasz automatyczn\u0105 nagrod\u0119, a to dopiero pocz\u0105tek wszystkiego. Mo\u017cesz wygra\u0107 naprawd\u0119 ma\u0142e nagrody, kt\u00f3re po prostu zwr\u00f3c\u0105 ci pieni\u0105dze wydane na zakup biletu lub mo\u017cesz wygra\u0107 du\u017ce nagrody, kt\u00f3re wci\u0105\u017c s\u0105 mniejsze ni\u017c rzeczywisty jackpot.<br \/>\nDodatkowo, ka\u017cda nagroda w ramach jackpota jest wygrywana indywidualnie. Oznacza to, \u017ce nie musisz dzieli\u0107 si\u0119 pieni\u0119dzmi, je\u015bli kto\u015b inny r\u00f3wnie\u017c wygra t\u0119 nagrod\u0119.<\/p>\n<h2>Zakup losu Mega Millions online w Polsce<\/h2>\n<p>Czy jeste\u015b gotowy na zakup swojego pierwszego kuponu Mega Millions online? Je\u015bli tak, to z pewno\u015bci\u0105 b\u0119dziesz chcia\u0142 przyjrze\u0107 si\u0119 krokom, kt\u00f3re sk\u0142adaj\u0105 si\u0119 na ten proces. Sprawiamy, \u017ce jest to tak proste, jak to tylko mo\u017cliwe, poniewa\u017c wiemy, \u017ce naprawd\u0119 chcesz kupi\u0107 bilet, wzi\u0105\u0107 udzia\u0142 w losowaniu, a nast\u0119pnie zaj\u0105\u0107 si\u0119 innymi rzeczami, kt\u00f3re dziej\u0105 si\u0119 w Twoim \u017cyciu. Dlatego te\u017c proces ten sk\u0142ada si\u0119 tylko z kilku krok\u00f3w.<\/p>\n<p>Pierwszym krokiem jest podj\u0119cie decyzji, co chcesz kupi\u0107. Je\u015bli chcesz kupi\u0107 bilety Mega Millions online, b\u0119dzie to \u0142atwe. Wystarczy znale\u017a\u0107 gr\u0119 i wej\u015b\u0107 na stron\u0119 przeznaczon\u0105 specjalnie dla niej.<\/p>\n<p>Je\u015bli chcesz kupi\u0107 bilety na inne gry, b\u0119dziesz m\u00f3g\u0142 zobaczy\u0107 ka\u017cd\u0105 z nich, a tak\u017ce ich aktualne jackpoty dost\u0119pne bezpo\u015brednio na tym samym ekranie i mo\u017cesz przej\u015b\u0107 do ka\u017cdej z nich indywidualnie. To sprawia, \u017ce naprawd\u0119 \u0142atwo jest zdecydowa\u0107, co zamierzasz zrobi\u0107 i wybra\u0107 bilety, kt\u00f3re chcesz.<\/p>\n<p><img loading=\"lazy\" decoding=\"async\" class=\"alignright wp-image\" src=\"https:\/\/content.redfoxlotto.com\/uploads\/sites\/9\/1_buy_mega_millions_lottery_tickets.jpg\" alt=\"kup losy online\" width=\"287\" height=\"202\" \/><br \/>\nPo wej\u015bciu na stron\u0119 mo\u017cesz dowiedzie\u0107 si\u0119 wi\u0119cej o Mega Millions, a nast\u0119pnie mo\u017cesz wybra\u0107 liczby, w kt\u00f3re chcesz zagra\u0107. Je\u015bli masz okre\u015blone liczby, kt\u00f3re chcesz, mo\u017cesz je wybra\u0107 bezpo\u015brednio na tym ekranie. Je\u015bli masz tylko kilka liczb i chcesz, aby reszta zosta\u0142a przydzielona losowo, jest to r\u00f3wnie\u017c opcja. Mo\u017cesz te\u017c wybra\u0107 w pe\u0142ni losowy kupon. To zale\u017cy wy\u0142\u0105cznie od ciebie. Tak czy inaczej, b\u0119dziesz wiedzie\u0107, czy masz wystarczaj\u0105c\u0105 liczb\u0119 numer\u00f3w, za ma\u0142o lub za du\u017co, poniewa\u017c upewnimy si\u0119, \u017ce Tw\u00f3j kupon jest wa\u017cny, zanim jeszcze przejdziesz do nast\u0119pnej strony.<\/p>\n<h2>Proces p\u0142atno\u015bci<\/h2>\n<p>Po wybraniu bilet\u00f3w Mega Millions mo\u017cesz doda\u0107 je do koszyka i wybra\u0107 dodatkowe bilety, je\u015bli chcesz, lub mo\u017cesz przej\u015b\u0107 do procesu p\u0142atno\u015bci. Przy kasie b\u0119dziesz potrzebowa\u0107 konta, ale jego za\u0142o\u017cenie jest bardzo proste.<\/p>\n<p>Wystarczy poda\u0107 kilka podstawowych informacji o sobie, aby w razie potrzeby m\u00f3c odebra\u0107 nagrody.<\/p>\n<p>To wszystko. Potwierdzasz zakup, a my odbieramy dla ciebie bilety, kt\u00f3re pojawi\u0105 si\u0119 bezpo\u015brednio na twoim koncie, aby\u015b m\u00f3g\u0142 sprawdzi\u0107, czy wygra\u0142e\u015b. Wy\u015blemy Ci nawet wiadomo\u015b\u0107 e-mail, je\u015bli Tw\u00f3j kupon wygra i poka\u017cemy Ci bezpo\u015brednio na Twoim koncie, kt\u00f3re liczby zosta\u0142y dopasowane podczas losowania. Nie b\u0119dziesz mia\u0142 problemu z uzyskaniem wspania\u0142ego do\u015bwiadczenia z Mega Millions i b\u0119dziesz chcia\u0142 po prostu gra\u0107 w ka\u017cd\u0105 gr\u0119.<\/p>\n","protected":false},"excerpt":{"rendered":"<p>Znana jako &#8222;The Big Game&#8221; do 2002 roku, ta loteria 44 stan\u00f3w USA jest obecnie znana na ca\u0142ym \u015bwiecie jako Mega Millions. W tym celu odbywaj\u0105 si\u0119 dwa losowania tygodniowo (w ka\u017cdy wtorek i pi\u0105tek). Je\u015bli nie s\u0142ysza\u0142e\u015b o tej grze lub do tej pory nie zwraca\u0142e\u015b na ni\u0105 uwagi, z pewno\u015bci\u0105 b\u0119dziesz chcia\u0142 przyjrze\u0107 [&hellip;]<\/p>\n","protected":false},"author":1,"featured_media":0,"parent":5686,"menu_order":2,"comment_status":"closed","ping_status":"closed","template":"megamillion-info.php","meta":{"_et_pb_use_builder":"","_et_pb_old_content":"","_et_gb_content_width":"","exclude_from_search":false,"footnotes":""},"class_list":["post-5690","page","type-page","status-publish","hentry"],"yoast_head":"<!-- This site is optimized with the Yoast SEO plugin v27.4 - https:\/\/yoast.com\/product\/yoast-seo-wordpress\/ -->\n<title>Kup losy Mega Millions online | Mega Millions jest teraz dost\u0119pne w Polsce<\/title>\n<meta name=\"description\" content=\"Dowiedz si\u0119 o Mega Millions Lotto USA i jak mo\u017cesz kupi\u0107 losy Mega Millions online, z Polski lub z dowolnego kraju na \u015bwiecie.\" \/>\n<meta name=\"robots\" content=\"index, follow, max-snippet:-1, max-image-preview:large, max-video-preview:-1\" \/>\n<link rel=\"canonical\" href=\"https:\/\/redfoxlotto.com\/pl\/loterie\/mega-millions\/\" \/>\n<meta property=\"og:locale\" content=\"pl_PL\" \/>\n<meta property=\"og:type\" content=\"article\" \/>\n<meta property=\"og:title\" content=\"Kup losy Mega Millions online | Mega Millions jest teraz dost\u0119pne w Polsce\" \/>\n<meta property=\"og:description\" content=\"Dowiedz si\u0119 o Mega Millions Lotto USA i jak mo\u017cesz kupi\u0107 losy Mega Millions online, z Polski lub z dowolnego kraju na \u015bwiecie.\" \/>\n<meta property=\"og:url\" content=\"https:\/\/redfoxlotto.com\/pl\/loterie\/mega-millions\/\" \/>\n<meta property=\"og:site_name\" content=\"Get Tickets for the World\u2019s largest jackpots\" \/>\n<meta property=\"article:modified_time\" content=\"2025-12-18T13:18:58+00:00\" \/>\n<meta property=\"og:image\" content=\"https:\/\/content.redfoxlotto.com\/uploads\/sites\/9\/2_ticket_mega_millions2.jpg\" \/>\n<meta name=\"twitter:card\" content=\"summary_large_image\" \/>\n<meta name=\"twitter:label1\" content=\"Szacowany czas czytania\" \/>\n\t<meta name=\"twitter:data1\" content=\"4 minuty\" \/>\n<script type=\"application\/ld+json\" class=\"yoast-schema-graph\">{\"@context\":\"https:\\\/\\\/schema.org\",\"@graph\":[{\"@type\":\"WebPage\",\"@id\":\"https:\\\/\\\/redfoxlotto.com\\\/pl\\\/loterie\\\/mega-millions\\\/\",\"url\":\"https:\\\/\\\/redfoxlotto.com\\\/pl\\\/loterie\\\/mega-millions\\\/\",\"name\":\"Kup losy Mega Millions online | Mega Millions jest teraz dost\u0119pne w Polsce\",\"isPartOf\":{\"@id\":\"https:\\\/\\\/redfoxlotto.com\\\/pl\\\/#website\"},\"primaryImageOfPage\":{\"@id\":\"https:\\\/\\\/redfoxlotto.com\\\/pl\\\/loterie\\\/mega-millions\\\/#primaryimage\"},\"image\":{\"@id\":\"https:\\\/\\\/redfoxlotto.com\\\/pl\\\/loterie\\\/mega-millions\\\/#primaryimage\"},\"thumbnailUrl\":\"https:\\\/\\\/content.redfoxlotto.com\\\/uploads\\\/sites\\\/9\\\/2_ticket_mega_millions2.jpg\",\"datePublished\":\"2018-11-18T08:54:25+00:00\",\"dateModified\":\"2025-12-18T13:18:58+00:00\",\"description\":\"Dowiedz si\u0119 o Mega Millions Lotto USA i jak mo\u017cesz kupi\u0107 losy Mega Millions online, z Polski lub z dowolnego kraju na \u015bwiecie.\",\"breadcrumb\":{\"@id\":\"https:\\\/\\\/redfoxlotto.com\\\/pl\\\/loterie\\\/mega-millions\\\/#breadcrumb\"},\"inLanguage\":\"pl-PL\",\"potentialAction\":[{\"@type\":\"ReadAction\",\"target\":[\"https:\\\/\\\/redfoxlotto.com\\\/pl\\\/loterie\\\/mega-millions\\\/\"]}]},{\"@type\":\"ImageObject\",\"inLanguage\":\"pl-PL\",\"@id\":\"https:\\\/\\\/redfoxlotto.com\\\/pl\\\/loterie\\\/mega-millions\\\/#primaryimage\",\"url\":\"https:\\\/\\\/content.redfoxlotto.com\\\/uploads\\\/sites\\\/9\\\/2_ticket_mega_millions2.jpg\",\"contentUrl\":\"https:\\\/\\\/content.redfoxlotto.com\\\/uploads\\\/sites\\\/9\\\/2_ticket_mega_millions2.jpg\"},{\"@type\":\"BreadcrumbList\",\"@id\":\"https:\\\/\\\/redfoxlotto.com\\\/pl\\\/loterie\\\/mega-millions\\\/#breadcrumb\",\"itemListElement\":[{\"@type\":\"ListItem\",\"position\":1,\"name\":\"Home\",\"item\":\"https:\\\/\\\/redfoxlotto.com\\\/pl\\\/\"},{\"@type\":\"ListItem\",\"position\":2,\"name\":\"Jak kupi\u0107 bilety na loteri\u0119 online &#8211; proces zakupu\",\"item\":\"https:\\\/\\\/redfoxlotto.com\\\/pl\\\/loterie\\\/\"},{\"@type\":\"ListItem\",\"position\":3,\"name\":\"O Mega Millions\"}]},{\"@type\":\"WebSite\",\"@id\":\"https:\\\/\\\/redfoxlotto.com\\\/pl\\\/#website\",\"url\":\"https:\\\/\\\/redfoxlotto.com\\\/pl\\\/\",\"name\":\"Get Tickets for the World\u2019s largest jackpots\",\"description\":\"Participate in worldwide lottery jackpots from any country\",\"publisher\":{\"@id\":\"https:\\\/\\\/redfoxlotto.com\\\/pl\\\/#organization\"},\"potentialAction\":[{\"@type\":\"SearchAction\",\"target\":{\"@type\":\"EntryPoint\",\"urlTemplate\":\"https:\\\/\\\/redfoxlotto.com\\\/pl\\\/?s={search_term_string}\"},\"query-input\":{\"@type\":\"PropertyValueSpecification\",\"valueRequired\":true,\"valueName\":\"search_term_string\"}}],\"inLanguage\":\"pl-PL\"},{\"@type\":\"Organization\",\"@id\":\"https:\\\/\\\/redfoxlotto.com\\\/pl\\\/#organization\",\"name\":\"Get Tickets for the World\u2019s largest jackpots\",\"url\":\"https:\\\/\\\/redfoxlotto.com\\\/pl\\\/\",\"logo\":{\"@type\":\"ImageObject\",\"inLanguage\":\"pl-PL\",\"@id\":\"https:\\\/\\\/redfoxlotto.com\\\/pl\\\/#\\\/schema\\\/logo\\\/image\\\/\",\"url\":\"https:\\\/\\\/redfoxlotto.com\\\/wp-content\\\/uploads\\\/2023\\\/04\\\/logo.png\",\"contentUrl\":\"https:\\\/\\\/redfoxlotto.com\\\/wp-content\\\/uploads\\\/2023\\\/04\\\/logo.png\",\"width\":269,\"height\":53,\"caption\":\"Get Tickets for the World\u2019s largest jackpots\"},\"image\":{\"@id\":\"https:\\\/\\\/redfoxlotto.com\\\/pl\\\/#\\\/schema\\\/logo\\\/image\\\/\"}}]}<\/script>\n<!-- \/ Yoast SEO plugin. -->","yoast_head_json":{"title":"Kup losy Mega Millions online | Mega Millions jest teraz dost\u0119pne w Polsce","description":"Dowiedz si\u0119 o Mega Millions Lotto USA i jak mo\u017cesz kupi\u0107 losy Mega Millions online, z Polski lub z dowolnego kraju na \u015bwiecie.","robots":{"index":"index","follow":"follow","max-snippet":"max-snippet:-1","max-image-preview":"max-image-preview:large","max-video-preview":"max-video-preview:-1"},"canonical":"https:\/\/redfoxlotto.com\/pl\/loterie\/mega-millions\/","og_locale":"pl_PL","og_type":"article","og_title":"Kup losy Mega Millions online | Mega Millions jest teraz dost\u0119pne w Polsce","og_description":"Dowiedz si\u0119 o Mega Millions Lotto USA i jak mo\u017cesz kupi\u0107 losy Mega Millions online, z Polski lub z dowolnego kraju na \u015bwiecie.","og_url":"https:\/\/redfoxlotto.com\/pl\/loterie\/mega-millions\/","og_site_name":"Get Tickets for the World\u2019s largest jackpots","article_modified_time":"2025-12-18T13:18:58+00:00","og_image":[{"url":"https:\/\/content.redfoxlotto.com\/uploads\/sites\/9\/2_ticket_mega_millions2.jpg","type":"","width":"","height":""}],"twitter_card":"summary_large_image","twitter_misc":{"Szacowany czas czytania":"4 minuty"},"schema":{"@context":"https:\/\/schema.org","@graph":[{"@type":"WebPage","@id":"https:\/\/redfoxlotto.com\/pl\/loterie\/mega-millions\/","url":"https:\/\/redfoxlotto.com\/pl\/loterie\/mega-millions\/","name":"Kup losy Mega Millions online | Mega Millions jest teraz dost\u0119pne w Polsce","isPartOf":{"@id":"https:\/\/redfoxlotto.com\/pl\/#website"},"primaryImageOfPage":{"@id":"https:\/\/redfoxlotto.com\/pl\/loterie\/mega-millions\/#primaryimage"},"image":{"@id":"https:\/\/redfoxlotto.com\/pl\/loterie\/mega-millions\/#primaryimage"},"thumbnailUrl":"https:\/\/content.redfoxlotto.com\/uploads\/sites\/9\/2_ticket_mega_millions2.jpg","datePublished":"2018-11-18T08:54:25+00:00","dateModified":"2025-12-18T13:18:58+00:00","description":"Dowiedz si\u0119 o Mega Millions Lotto USA i jak mo\u017cesz kupi\u0107 losy Mega Millions online, z Polski lub z dowolnego kraju na \u015bwiecie.","breadcrumb":{"@id":"https:\/\/redfoxlotto.com\/pl\/loterie\/mega-millions\/#breadcrumb"},"inLanguage":"pl-PL","potentialAction":[{"@type":"ReadAction","target":["https:\/\/redfoxlotto.com\/pl\/loterie\/mega-millions\/"]}]},{"@type":"ImageObject","inLanguage":"pl-PL","@id":"https:\/\/redfoxlotto.com\/pl\/loterie\/mega-millions\/#primaryimage","url":"https:\/\/content.redfoxlotto.com\/uploads\/sites\/9\/2_ticket_mega_millions2.jpg","contentUrl":"https:\/\/content.redfoxlotto.com\/uploads\/sites\/9\/2_ticket_mega_millions2.jpg"},{"@type":"BreadcrumbList","@id":"https:\/\/redfoxlotto.com\/pl\/loterie\/mega-millions\/#breadcrumb","itemListElement":[{"@type":"ListItem","position":1,"name":"Home","item":"https:\/\/redfoxlotto.com\/pl\/"},{"@type":"ListItem","position":2,"name":"Jak kupi\u0107 bilety na loteri\u0119 online &#8211; proces zakupu","item":"https:\/\/redfoxlotto.com\/pl\/loterie\/"},{"@type":"ListItem","position":3,"name":"O Mega Millions"}]},{"@type":"WebSite","@id":"https:\/\/redfoxlotto.com\/pl\/#website","url":"https:\/\/redfoxlotto.com\/pl\/","name":"Get Tickets for the World\u2019s largest jackpots","description":"Participate in worldwide lottery jackpots from any country","publisher":{"@id":"https:\/\/redfoxlotto.com\/pl\/#organization"},"potentialAction":[{"@type":"SearchAction","target":{"@type":"EntryPoint","urlTemplate":"https:\/\/redfoxlotto.com\/pl\/?s={search_term_string}"},"query-input":{"@type":"PropertyValueSpecification","valueRequired":true,"valueName":"search_term_string"}}],"inLanguage":"pl-PL"},{"@type":"Organization","@id":"https:\/\/redfoxlotto.com\/pl\/#organization","name":"Get Tickets for the World\u2019s largest jackpots","url":"https:\/\/redfoxlotto.com\/pl\/","logo":{"@type":"ImageObject","inLanguage":"pl-PL","@id":"https:\/\/redfoxlotto.com\/pl\/#\/schema\/logo\/image\/","url":"https:\/\/redfoxlotto.com\/wp-content\/uploads\/2023\/04\/logo.png","contentUrl":"https:\/\/redfoxlotto.com\/wp-content\/uploads\/2023\/04\/logo.png","width":269,"height":53,"caption":"Get Tickets for the World\u2019s largest jackpots"},"image":{"@id":"https:\/\/redfoxlotto.com\/pl\/#\/schema\/logo\/image\/"}}]}},"_links":{"self":[{"href":"https:\/\/redfoxlotto.com\/pl\/wp-json\/wp\/v2\/pages\/5690","targetHints":{"allow":["GET"]}}],"collection":[{"href":"https:\/\/redfoxlotto.com\/pl\/wp-json\/wp\/v2\/pages"}],"about":[{"href":"https:\/\/redfoxlotto.com\/pl\/wp-json\/wp\/v2\/types\/page"}],"author":[{"embeddable":true,"href":"https:\/\/redfoxlotto.com\/pl\/wp-json\/wp\/v2\/users\/1"}],"replies":[{"embeddable":true,"href":"https:\/\/redfoxlotto.com\/pl\/wp-json\/wp\/v2\/comments?post=5690"}],"version-history":[{"count":0,"href":"https:\/\/redfoxlotto.com\/pl\/wp-json\/wp\/v2\/pages\/5690\/revisions"}],"up":[{"embeddable":true,"href":"https:\/\/redfoxlotto.com\/pl\/wp-json\/wp\/v2\/pages\/5686"}],"wp:attachment":[{"href":"https:\/\/redfoxlotto.com\/pl\/wp-json\/wp\/v2\/media?parent=5690"}],"curies":[{"name":"wp","href":"https:\/\/api.w.org\/{rel}","templated":true}]}}