{"id":5689,"date":"2018-11-18T08:54:25","date_gmt":"2018-11-18T08:54:25","guid":{"rendered":"https:\/\/redfoxlotto.com\/?page_id=208\/"},"modified":"2025-12-18T14:47:52","modified_gmt":"2025-12-18T14:47:52","slug":"euromillions","status":"publish","type":"page","link":"https:\/\/redfoxlotto.com\/pl\/loterie\/euromillions\/","title":{"rendered":"Informacje o loterii EuroMillions"},"content":{"rendered":"<p><script type=\"application\/ld+json\">\n{\n  \"@context\": \"https:\/\/schema.org\",\n  \"@type\": \"Service\",\n  \"name\": \"Graj w Euromillions online\",\n  \"url\": \"https:\/\/redfoxlotto.com\/pl\/lotteries\/euromillions\/\",\n  \"description\": \"Kup oficjalne losy Euromillions online z dowolnego kraju. Odwied\u017a RedFoxLotto, wybierz swoje liczby i we\u017a udzia\u0142 w nast\u0119pnym losowaniu.\",\n  \"serviceType\": \"Internetowa us\u0142uga po\u015brednictwa w sprzeda\u017cy los\u00f3w loteryjnych\",\n  \"provider\": {\n    \"@type\": \"Organization\",\n    \"name\": \"RedFoxLotto\",\n    \"url\": \"https:\/\/redfoxlotto.com\/pl\",\n    \"image\": \"https:\/\/redfoxlotto.com\/pl\/wp-content\/uploads\/2025\/12\/ticket_scans.jpg\",\n    \"sameAs\": []\n  },\n  \"areaServed\": \"Worldwide\",\n  \"termsOfService\": \"https:\/\/redfoxlotto.com\/terms-and-conditions\",\n  \"additionalProperty\": {\n    \"@type\": \"PropertyValue\",\n    \"name\": \"FAQ\",\n    \"value\": \"https:\/\/redfoxlotto.com\/pl\/faq\/\"\n  },\n  \"hasOfferCatalog\": {\n    \"@type\": \"OfferCatalog\",\n    \"name\": \"Losy Euromillions\",\n    \"itemListElement\": [\n      {\n        \"@type\": \"Offer\",\n        \"name\": \"Losy Euromillions\",\n        \"url\": \"https:\/\/redfoxlotto.com\/pl\/lotteries\/euromillions\",\n        \"description\": \"Kup prawdziwe losy online na nast\u0119pne losowanie Euromillions przez RedFoxLotto.\",\n        \"price\": \"7.00\",\n        \"priceCurrency\": \"\u20ac\",\n        \"availability\": \"https:\/\/schema.org\/InStock\",\n        \"itemOffered\": {\n          \"@type\": \"Service\",\n          \"name\": \"Losy Euromillions\",\n          \"description\": \"We\u017a udzia\u0142 w nast\u0119pnym losowaniu Euromillions \u2013 kup losy online przez RedFoxLotto.\"\n        }\n      }\n    ]\n  },\n  \"mainEntityOfPage\": {\n    \"@type\": \"WebPage\",\n    \"@id\": \"https:\/\/redfoxlotto.com\/pl\/lotteries\/euromillions\"\n  }\n}\n<\/script><\/p>\n<p>Euro Millions to najwi\u0119ksza loteria w Europie. Uruchomiona w 2004 roku, bilety mo\u017cna kupi\u0107 w dziewi\u0119ciu krajach europejskich &#8211; lub, je\u015bli jeste\u015b z Polski, mo\u017cesz kupi\u0107 bilety online tutaj.<\/p>\n<h2>Kup los na EuroMillions z Polski<\/h2>\n<p>Czy jeste\u015b gotowy, aby rozpocz\u0105\u0107 gr\u0119 i kupi\u0107 losy EuroMillions online? Je\u015bli tak, to b\u0119dziesz chcia\u0142 dowiedzie\u0107 si\u0119 kilku rzeczy o grze, zanim do niej przyst\u0105pisz, prawda? Chcesz mie\u0107 pewno\u015b\u0107, \u017ce jeste\u015b przygotowany i wiesz wszystko, co mo\u017cesz o grze. C\u00f3\u017c, pierwsz\u0105 rzecz\u0105, kt\u00f3r\u0105 powiniene\u015b wiedzie\u0107, jest to, kiedy odb\u0119d\u0105 si\u0119 losowania, poniewa\u017c chcesz mie\u0107 pewno\u015b\u0107, \u017ce otrzymasz sw\u00f3j los na loteri\u0119 przed nast\u0119pnym losowaniem. Losowania EuroMillions odbywaj\u0105 si\u0119 w ka\u017cdy wtorek i pi\u0105tek w Pary\u017cu.<br \/>\n<img loading=\"lazy\" decoding=\"async\" class=\"alignright wp-image\" src=\"https:\/\/content.redfoxlotto.com\/uploads\/sites\/9\/1_buy_euromillions_online.jpg\" alt=\"jackpot euromillions\" width=\"284\" height=\"190\" \/><br \/>\nPorozmawiamy wi\u0119cej o liczbach, z kt\u00f3rych mo\u017cesz wybiera\u0107 i o tym, jak zdob\u0119dziesz bilet, kt\u00f3ry chcesz za minut\u0119, ale na razie przyjrzyjmy si\u0119 bli\u017cej jackpotowi, kt\u00f3ry mo\u017cesz wygra\u0107. W ko\u0144cu jest to jeden z powod\u00f3w, dla kt\u00f3rych warto zagra\u0107 w EuroMillions.<\/p>\n<h2>Jackpot EuroMillions<\/h2>\n<p>Jako najwi\u0119ksza loteria w Europie, EuroMillions ma r\u00f3wnie\u017c ogromne jackpoty. W rzeczywisto\u015bci jackpoty cz\u0119sto si\u0119gaj\u0105 milion\u00f3w dolar\u00f3w, a najwi\u0119ksze z nich z pewno\u015bci\u0105 b\u0119d\u0105 r\u00f3wnie\u017c na wysokim poziomie. Najwy\u017cszy dotychczasowy jackpot w tej loterii wyni\u00f3s\u0142 190 000 000 \u20ac. Zosta\u0142a ona wygrana przez anonimowego gracza 24 pa\u017adziernika 2014 roku.<\/p>\n<p>To wystarczaj\u0105cy pow\u00f3d, aby przyjrze\u0107 si\u0119 bli\u017cej tej grze i pomy\u015ble\u0107 o zakupie losu dla siebie, prawda? C\u00f3\u017c, spodoba ci si\u0119 pomys\u0142 wygrania tych pieni\u0119dzy i nadal mo\u017cesz wygra\u0107 spor\u0105 sum\u0119 pieni\u0119dzy, nawet je\u015bli nie uda ci si\u0119 zdoby\u0107 jackpota. Dzieje si\u0119 tak, poniewa\u017c kwota pocz\u0105tkowa jest nawet \u015bwietn\u0105 nagrod\u0105, a te, kt\u00f3re znajduj\u0105 si\u0119 po\u015brodku mi\u0119dzy najni\u017cszymi i najwy\u017cszymi poziomami, r\u00f3wnie\u017c b\u0119d\u0105 \u015bwietne.<\/p>\n<h2>Zasady EuroMillions<\/h2>\n<p>Czy jeste\u015b gotowy, aby kupi\u0107 kupony EuroMillions online, ale nie jeste\u015b pewien, gdzie i jak to zrobi\u0107 &#8211; mo\u017ce dlatego, \u017ce mieszkasz w Polsce? C\u00f3\u017c, om\u00f3wimy dok\u0142adnie, co musisz zrobi\u0107 i jak wybra\u0107 liczby, kt\u00f3re chcesz upewni\u0107 si\u0119, \u017ce masz najwi\u0119ksz\u0105 mo\u017cliw\u0105 szans\u0119 na wygran\u0105 w grze.<\/p>\n<h2>Wi\u0119c, co musisz zrobi\u0107?<\/h2>\n<p>Tutaj wybierasz 5 g\u0142\u00f3wnych liczb z przedzia\u0142u od 1 do 50 i dwie dodatkowe liczby, zwane Lucky Star, z przedzia\u0142u od 1 do 12. Aby wygra\u0107 w najni\u017cszym przedziale cenowym, tylko dwie g\u0142\u00f3wne liczby musz\u0105 do siebie pasowa\u0107. Oznacza to, \u017ce b\u0119dziesz mia\u0142 wiele szans na wygran\u0105, cho\u0107 nie wygrasz du\u017cych pieni\u0119dzy, je\u015bli trafisz tylko kilka liczb.<\/p>\n<p>Je\u015bli dopasujesz wiele liczb, a zw\u0142aszcza je\u015bli dopasujesz liczby szcz\u0119\u015bliwej gwiazdy, b\u0119dziesz mie\u0107 dost\u0119pn\u0105 lepsz\u0105 nagrod\u0119. To zdecydowanie b\u0119dzie dobra korzy\u015b\u0107, prawda? Mo\u017cesz faktycznie zwi\u0119kszy\u0107 swoje szanse na zdobycie czego\u015b i zdecydowanie mo\u017cesz cieszy\u0107 si\u0119 gr\u0105.<\/p>\n<h2>Wybieranie biletu<\/h2>\n<p>Czy jeste\u015b gotowy, aby wybra\u0107 bilet? Zdecydowanie powiniene\u015b zapozna\u0107 si\u0119 z naszym procesem, poniewa\u017c sprawimy, \u017ce b\u0119dzie to dla ciebie naprawd\u0119 \u0142atwe. Wiemy, \u017ce nie masz zbyt wiele czasu i chcesz mie\u0107 pewno\u015b\u0107, \u017ce wykorzystasz go jak najlepiej. Ale nadal chcesz si\u0119 dobrze bawi\u0107 graj\u0105c w EuroMillions, a to oznacza, \u017ce musisz kupi\u0107 kupony EuroMillions online.<\/p>\n<p>Pierwszym krokiem w naszym procesie jest podj\u0119cie decyzji, kt\u00f3ry kupon chcesz otrzyma\u0107. Je\u015bli ju\u017c zdecydowa\u0142e\u015b si\u0119 na EuroMillions, to wszystko jest gotowe. Ale je\u015bli nie jeste\u015b jeszcze do ko\u0144ca pewien, na pewno b\u0119dziesz chcia\u0142 sprawdzi\u0107 stron\u0119 g\u0142\u00f3wn\u0105, na kt\u00f3rej poka\u017cemy Ci wszystkie najlepsze jackpoty i gry, na kt\u00f3re warto zwr\u00f3ci\u0107 uwag\u0119. S\u0105 to gry, na kt\u00f3re oferujemy bilety.<\/p>\n<p>Gdy ju\u017c zdecydujesz si\u0119 na bilet, kt\u00f3ry chcesz, wejd\u017a na stron\u0119 i zacznij wybiera\u0107 numery dla swojego biletu. Mo\u017cesz wybra\u0107 absolutnie wszystkie numery, je\u015bli chcesz, dzi\u0119ki czemu otrzymasz spersonalizowany bilet, kt\u00f3ry najbardziej Ci odpowiada.<\/p>\n<p>Mo\u017cesz tak\u017ce zdecydowa\u0107 si\u0119 na zakup los\u00f3w, kt\u00f3re zostan\u0105 wybrane losowo. U\u0142atwia to zdobycie losu bez konieczno\u015bci po\u015bwi\u0119cania na to du\u017cej ilo\u015bci czasu. Mo\u017cesz tak\u017ce zdecydowa\u0107, ile los\u00f3w chcesz kupi\u0107, dzi\u0119ki czemu b\u0119dziesz mie\u0107 wszystko, czego potrzebujesz, aby potencjalnie wygra\u0107 wielk\u0105 wygran\u0105.<\/p>\n<h2>Proces zakupu w loterii EuroMillions<\/h2>\n<p>Kiedy przejdziesz i wybierzesz swoje bilety, ostatni\u0105 rzecz\u0105, kt\u00f3r\u0105 musisz zrobi\u0107, jest upewnienie si\u0119, \u017ce wype\u0142ni\u0142e\u015b informacje o swoim koncie. Przeprowadzimy Ci\u0119 przez proces tworzenia tego konta od razu, aby\u015b m\u00f3g\u0142 upewni\u0107 si\u0119, \u017ce otrzymasz bilety, kt\u00f3re chcesz, dok\u0142adnie wtedy, kiedy chcesz. Tutaj mo\u017cesz nawet skonfigurowa\u0107 konta p\u0142atnicze, z kt\u00f3rych chcesz korzysta\u0107.<img loading=\"lazy\" decoding=\"async\" class=\"alignright wp-image\" src=\"https:\/\/content.redfoxlotto.com\/uploads\/sites\/9\/1_buy_lottery_ticket.jpg\" alt=\"kup bilety online\" width=\"312\" height=\"107\" \/><\/p>\n<p>Kiedy ju\u017c wszystko skonfigurujesz, b\u0119dziesz musia\u0142 po prostu umie\u015bci\u0107 bilety, kt\u00f3re chcesz w koszyku, a nast\u0119pnie b\u0119dziesz m\u00f3g\u0142 kupi\u0107 je wszystkie w tym samym czasie. Mo\u017cesz nawet doda\u0107 bilety z r\u00f3\u017cnych gier do koszyka razem i b\u0119dziesz m\u00f3g\u0142 kupi\u0107 wszystko, czego potrzebujesz.<\/p>\n<p>Gdy ju\u017c zdecydujesz si\u0119 na bilety, wszystko b\u0119dzie gotowe i b\u0119dziesz m\u00f3g\u0142 poczeka\u0107 i zobaczy\u0107, co stanie si\u0119 z twoimi biletami. Kupione bilety pojawi\u0105 si\u0119 od razu na Twoim koncie, a p\u00f3\u017aniej b\u0119dziesz m\u00f3g\u0142 sprawdzi\u0107, czy wygra\u0142e\u015b.<\/p>\n<p>Je\u015bli wygrasz, wy\u015blemy ci wiadomo\u015b\u0107 e-mail, a ty b\u0119dziesz m\u00f3g\u0142 sprawdzi\u0107 na swoim koncie, jakie liczby pasuj\u0105 do wylosowanych liczb. U\u0142atwi ci to zorientowanie si\u0119, kiedy musisz zrealizowa\u0107 kupon.<\/p>\n<h2>EuroMillions i UK Millionaire Maker<\/h2>\n<p>Gracze p\u0142ac\u0105 nieco wi\u0119cej, poniewa\u017c kupony EuroMillions s\u0105 kupowane w Wielkiej Brytanii. Wynika to z faktu, \u017ce bilety z Wielkiej Brytanii s\u0105 automatycznie do\u0142\u0105czane do losowania Millionaire Maker, kt\u00f3re zapewnia dodatkow\u0105 szans\u0119 na wygranie nagrody w wysoko\u015bci 1 miliona funt\u00f3w.<\/p>\n<p>Millionaire Maker dzia\u0142a poprzez generowanie unikalnego kodu dla ka\u017cdego zakupionego kuponu. Kod ten sk\u0142ada si\u0119 z czterech liter, po kt\u00f3rych nast\u0119puje pi\u0119\u0107 cyfr (np. ABCD12345). W ka\u017cdym losowaniu jeden lub wi\u0119cej z tych kod\u00f3w jest wybieranych losowo, a posiadacz kuponu z pasuj\u0105cym kodem natychmiast wygrywa 1 milion funt\u00f3w, niezale\u017cnie od wylosowanych g\u0142\u00f3wnych liczb EuroMillions.<\/p>\n<p>Ta funkcja sprawia, \u017ce gra w EuroMillions w Wielkiej Brytanii jest szczeg\u00f3lnie atrakcyjna, poniewa\u017c zapewnia dodatkow\u0105 szans\u0119 na wygranie znacz\u0105cej nagrody poza standardowym jackpotem i nagrodami ni\u017cszego poziomu.<\/p>\n","protected":false},"excerpt":{"rendered":"<p>Euro Millions to najwi\u0119ksza loteria w Europie. Uruchomiona w 2004 roku, bilety mo\u017cna kupi\u0107 w dziewi\u0119ciu krajach europejskich &#8211; lub, je\u015bli jeste\u015b z Polski, mo\u017cesz kupi\u0107 bilety online tutaj. Kup los na EuroMillions z Polski Czy jeste\u015b gotowy, aby rozpocz\u0105\u0107 gr\u0119 i kupi\u0107 losy EuroMillions online? Je\u015bli tak, to b\u0119dziesz chcia\u0142 dowiedzie\u0107 si\u0119 kilku rzeczy [&hellip;]<\/p>\n","protected":false},"author":1,"featured_media":0,"parent":5686,"menu_order":3,"comment_status":"closed","ping_status":"closed","template":"euromillions-info.php","meta":{"_et_pb_use_builder":"","_et_pb_old_content":"","_et_gb_content_width":"","exclude_from_search":false,"footnotes":""},"class_list":["post-5689","page","type-page","status-publish","hentry"],"yoast_head":"<!-- This site is optimized with the Yoast SEO plugin v27.3 - https:\/\/yoast.com\/product\/yoast-seo-wordpress\/ -->\n<title>Kup losy EuroMillions online z Polski<\/title>\n<meta name=\"description\" content=\"Informacje o tym, jak mieszka\u0144cy Polski mog\u0105 kupi\u0107 kupony Euromillions online. Loteria Euromillions ma najwi\u0119kszy jackpot w Europie\" \/>\n<meta name=\"robots\" content=\"index, follow, max-snippet:-1, max-image-preview:large, max-video-preview:-1\" \/>\n<link rel=\"canonical\" href=\"https:\/\/redfoxlotto.com\/pl\/loterie\/euromillions\/\" \/>\n<meta property=\"og:locale\" content=\"pl_PL\" \/>\n<meta property=\"og:type\" content=\"article\" \/>\n<meta property=\"og:title\" content=\"Kup losy EuroMillions online z Polski\" \/>\n<meta property=\"og:description\" content=\"Informacje o tym, jak mieszka\u0144cy Polski mog\u0105 kupi\u0107 kupony Euromillions online. Loteria Euromillions ma najwi\u0119kszy jackpot w Europie\" \/>\n<meta property=\"og:url\" content=\"https:\/\/redfoxlotto.com\/pl\/loterie\/euromillions\/\" \/>\n<meta property=\"og:site_name\" content=\"Get Tickets for the World\u2019s largest jackpots\" \/>\n<meta property=\"article:modified_time\" content=\"2025-12-18T14:47:52+00:00\" \/>\n<meta property=\"og:image\" content=\"https:\/\/content.redfoxlotto.com\/uploads\/sites\/9\/1_buy_euromillions_online.jpg\" \/>\n<meta name=\"twitter:card\" content=\"summary_large_image\" \/>\n<meta name=\"twitter:label1\" content=\"Szacowany czas czytania\" \/>\n\t<meta name=\"twitter:data1\" content=\"5 minut\" \/>\n<script type=\"application\/ld+json\" class=\"yoast-schema-graph\">{\"@context\":\"https:\\\/\\\/schema.org\",\"@graph\":[{\"@type\":\"WebPage\",\"@id\":\"https:\\\/\\\/redfoxlotto.com\\\/pl\\\/loterie\\\/euromillions\\\/\",\"url\":\"https:\\\/\\\/redfoxlotto.com\\\/pl\\\/loterie\\\/euromillions\\\/\",\"name\":\"Kup losy EuroMillions online z Polski\",\"isPartOf\":{\"@id\":\"https:\\\/\\\/redfoxlotto.com\\\/pl\\\/#website\"},\"primaryImageOfPage\":{\"@id\":\"https:\\\/\\\/redfoxlotto.com\\\/pl\\\/loterie\\\/euromillions\\\/#primaryimage\"},\"image\":{\"@id\":\"https:\\\/\\\/redfoxlotto.com\\\/pl\\\/loterie\\\/euromillions\\\/#primaryimage\"},\"thumbnailUrl\":\"https:\\\/\\\/content.redfoxlotto.com\\\/uploads\\\/sites\\\/9\\\/1_buy_euromillions_online.jpg\",\"datePublished\":\"2018-11-18T08:54:25+00:00\",\"dateModified\":\"2025-12-18T14:47:52+00:00\",\"description\":\"Informacje o tym, jak mieszka\u0144cy Polski mog\u0105 kupi\u0107 kupony Euromillions online. Loteria Euromillions ma najwi\u0119kszy jackpot w Europie\",\"breadcrumb\":{\"@id\":\"https:\\\/\\\/redfoxlotto.com\\\/pl\\\/loterie\\\/euromillions\\\/#breadcrumb\"},\"inLanguage\":\"pl-PL\",\"potentialAction\":[{\"@type\":\"ReadAction\",\"target\":[\"https:\\\/\\\/redfoxlotto.com\\\/pl\\\/loterie\\\/euromillions\\\/\"]}]},{\"@type\":\"ImageObject\",\"inLanguage\":\"pl-PL\",\"@id\":\"https:\\\/\\\/redfoxlotto.com\\\/pl\\\/loterie\\\/euromillions\\\/#primaryimage\",\"url\":\"https:\\\/\\\/content.redfoxlotto.com\\\/uploads\\\/sites\\\/9\\\/1_buy_euromillions_online.jpg\",\"contentUrl\":\"https:\\\/\\\/content.redfoxlotto.com\\\/uploads\\\/sites\\\/9\\\/1_buy_euromillions_online.jpg\"},{\"@type\":\"BreadcrumbList\",\"@id\":\"https:\\\/\\\/redfoxlotto.com\\\/pl\\\/loterie\\\/euromillions\\\/#breadcrumb\",\"itemListElement\":[{\"@type\":\"ListItem\",\"position\":1,\"name\":\"Home\",\"item\":\"https:\\\/\\\/redfoxlotto.com\\\/pl\\\/\"},{\"@type\":\"ListItem\",\"position\":2,\"name\":\"Jak kupi\u0107 bilety na loteri\u0119 online &#8211; proces zakupu\",\"item\":\"https:\\\/\\\/redfoxlotto.com\\\/pl\\\/loterie\\\/\"},{\"@type\":\"ListItem\",\"position\":3,\"name\":\"Informacje o loterii EuroMillions\"}]},{\"@type\":\"WebSite\",\"@id\":\"https:\\\/\\\/redfoxlotto.com\\\/pl\\\/#website\",\"url\":\"https:\\\/\\\/redfoxlotto.com\\\/pl\\\/\",\"name\":\"Get Tickets for the World\u2019s largest jackpots\",\"description\":\"Participate in worldwide lottery jackpots from any country\",\"publisher\":{\"@id\":\"https:\\\/\\\/redfoxlotto.com\\\/pl\\\/#organization\"},\"potentialAction\":[{\"@type\":\"SearchAction\",\"target\":{\"@type\":\"EntryPoint\",\"urlTemplate\":\"https:\\\/\\\/redfoxlotto.com\\\/pl\\\/?s={search_term_string}\"},\"query-input\":{\"@type\":\"PropertyValueSpecification\",\"valueRequired\":true,\"valueName\":\"search_term_string\"}}],\"inLanguage\":\"pl-PL\"},{\"@type\":\"Organization\",\"@id\":\"https:\\\/\\\/redfoxlotto.com\\\/pl\\\/#organization\",\"name\":\"Get Tickets for the World\u2019s largest jackpots\",\"url\":\"https:\\\/\\\/redfoxlotto.com\\\/pl\\\/\",\"logo\":{\"@type\":\"ImageObject\",\"inLanguage\":\"pl-PL\",\"@id\":\"https:\\\/\\\/redfoxlotto.com\\\/pl\\\/#\\\/schema\\\/logo\\\/image\\\/\",\"url\":\"https:\\\/\\\/redfoxlotto.com\\\/wp-content\\\/uploads\\\/2023\\\/04\\\/logo.png\",\"contentUrl\":\"https:\\\/\\\/redfoxlotto.com\\\/wp-content\\\/uploads\\\/2023\\\/04\\\/logo.png\",\"width\":269,\"height\":53,\"caption\":\"Get Tickets for the World\u2019s largest jackpots\"},\"image\":{\"@id\":\"https:\\\/\\\/redfoxlotto.com\\\/pl\\\/#\\\/schema\\\/logo\\\/image\\\/\"}}]}<\/script>\n<!-- \/ Yoast SEO plugin. -->","yoast_head_json":{"title":"Kup losy EuroMillions online z Polski","description":"Informacje o tym, jak mieszka\u0144cy Polski mog\u0105 kupi\u0107 kupony Euromillions online. Loteria Euromillions ma najwi\u0119kszy jackpot w Europie","robots":{"index":"index","follow":"follow","max-snippet":"max-snippet:-1","max-image-preview":"max-image-preview:large","max-video-preview":"max-video-preview:-1"},"canonical":"https:\/\/redfoxlotto.com\/pl\/loterie\/euromillions\/","og_locale":"pl_PL","og_type":"article","og_title":"Kup losy EuroMillions online z Polski","og_description":"Informacje o tym, jak mieszka\u0144cy Polski mog\u0105 kupi\u0107 kupony Euromillions online. Loteria Euromillions ma najwi\u0119kszy jackpot w Europie","og_url":"https:\/\/redfoxlotto.com\/pl\/loterie\/euromillions\/","og_site_name":"Get Tickets for the World\u2019s largest jackpots","article_modified_time":"2025-12-18T14:47:52+00:00","og_image":[{"url":"https:\/\/content.redfoxlotto.com\/uploads\/sites\/9\/1_buy_euromillions_online.jpg","type":"","width":"","height":""}],"twitter_card":"summary_large_image","twitter_misc":{"Szacowany czas czytania":"5 minut"},"schema":{"@context":"https:\/\/schema.org","@graph":[{"@type":"WebPage","@id":"https:\/\/redfoxlotto.com\/pl\/loterie\/euromillions\/","url":"https:\/\/redfoxlotto.com\/pl\/loterie\/euromillions\/","name":"Kup losy EuroMillions online z Polski","isPartOf":{"@id":"https:\/\/redfoxlotto.com\/pl\/#website"},"primaryImageOfPage":{"@id":"https:\/\/redfoxlotto.com\/pl\/loterie\/euromillions\/#primaryimage"},"image":{"@id":"https:\/\/redfoxlotto.com\/pl\/loterie\/euromillions\/#primaryimage"},"thumbnailUrl":"https:\/\/content.redfoxlotto.com\/uploads\/sites\/9\/1_buy_euromillions_online.jpg","datePublished":"2018-11-18T08:54:25+00:00","dateModified":"2025-12-18T14:47:52+00:00","description":"Informacje o tym, jak mieszka\u0144cy Polski mog\u0105 kupi\u0107 kupony Euromillions online. Loteria Euromillions ma najwi\u0119kszy jackpot w Europie","breadcrumb":{"@id":"https:\/\/redfoxlotto.com\/pl\/loterie\/euromillions\/#breadcrumb"},"inLanguage":"pl-PL","potentialAction":[{"@type":"ReadAction","target":["https:\/\/redfoxlotto.com\/pl\/loterie\/euromillions\/"]}]},{"@type":"ImageObject","inLanguage":"pl-PL","@id":"https:\/\/redfoxlotto.com\/pl\/loterie\/euromillions\/#primaryimage","url":"https:\/\/content.redfoxlotto.com\/uploads\/sites\/9\/1_buy_euromillions_online.jpg","contentUrl":"https:\/\/content.redfoxlotto.com\/uploads\/sites\/9\/1_buy_euromillions_online.jpg"},{"@type":"BreadcrumbList","@id":"https:\/\/redfoxlotto.com\/pl\/loterie\/euromillions\/#breadcrumb","itemListElement":[{"@type":"ListItem","position":1,"name":"Home","item":"https:\/\/redfoxlotto.com\/pl\/"},{"@type":"ListItem","position":2,"name":"Jak kupi\u0107 bilety na loteri\u0119 online &#8211; proces zakupu","item":"https:\/\/redfoxlotto.com\/pl\/loterie\/"},{"@type":"ListItem","position":3,"name":"Informacje o loterii EuroMillions"}]},{"@type":"WebSite","@id":"https:\/\/redfoxlotto.com\/pl\/#website","url":"https:\/\/redfoxlotto.com\/pl\/","name":"Get Tickets for the World\u2019s largest jackpots","description":"Participate in worldwide lottery jackpots from any country","publisher":{"@id":"https:\/\/redfoxlotto.com\/pl\/#organization"},"potentialAction":[{"@type":"SearchAction","target":{"@type":"EntryPoint","urlTemplate":"https:\/\/redfoxlotto.com\/pl\/?s={search_term_string}"},"query-input":{"@type":"PropertyValueSpecification","valueRequired":true,"valueName":"search_term_string"}}],"inLanguage":"pl-PL"},{"@type":"Organization","@id":"https:\/\/redfoxlotto.com\/pl\/#organization","name":"Get Tickets for the World\u2019s largest jackpots","url":"https:\/\/redfoxlotto.com\/pl\/","logo":{"@type":"ImageObject","inLanguage":"pl-PL","@id":"https:\/\/redfoxlotto.com\/pl\/#\/schema\/logo\/image\/","url":"https:\/\/redfoxlotto.com\/wp-content\/uploads\/2023\/04\/logo.png","contentUrl":"https:\/\/redfoxlotto.com\/wp-content\/uploads\/2023\/04\/logo.png","width":269,"height":53,"caption":"Get Tickets for the World\u2019s largest jackpots"},"image":{"@id":"https:\/\/redfoxlotto.com\/pl\/#\/schema\/logo\/image\/"}}]}},"_links":{"self":[{"href":"https:\/\/redfoxlotto.com\/pl\/wp-json\/wp\/v2\/pages\/5689","targetHints":{"allow":["GET"]}}],"collection":[{"href":"https:\/\/redfoxlotto.com\/pl\/wp-json\/wp\/v2\/pages"}],"about":[{"href":"https:\/\/redfoxlotto.com\/pl\/wp-json\/wp\/v2\/types\/page"}],"author":[{"embeddable":true,"href":"https:\/\/redfoxlotto.com\/pl\/wp-json\/wp\/v2\/users\/1"}],"replies":[{"embeddable":true,"href":"https:\/\/redfoxlotto.com\/pl\/wp-json\/wp\/v2\/comments?post=5689"}],"version-history":[{"count":0,"href":"https:\/\/redfoxlotto.com\/pl\/wp-json\/wp\/v2\/pages\/5689\/revisions"}],"up":[{"embeddable":true,"href":"https:\/\/redfoxlotto.com\/pl\/wp-json\/wp\/v2\/pages\/5686"}],"wp:attachment":[{"href":"https:\/\/redfoxlotto.com\/pl\/wp-json\/wp\/v2\/media?parent=5689"}],"curies":[{"name":"wp","href":"https:\/\/api.w.org\/{rel}","templated":true}]}}