{"id":5688,"date":"2018-11-18T08:54:25","date_gmt":"2018-11-18T08:54:25","guid":{"rendered":"https:\/\/redfoxlotto.com\/?page_id=206\/"},"modified":"2025-12-18T14:02:04","modified_gmt":"2025-12-18T14:02:04","slug":"eurojackpot","status":"publish","type":"page","link":"https:\/\/redfoxlotto.com\/pl\/loterie\/eurojackpot\/","title":{"rendered":"O Eurojackpot"},"content":{"rendered":"<p><script type=\"application\/ld+json\">\n{\n  \"@context\": \"https:\/\/schema.org\",\n  \"@type\": \"Service\",\n  \"name\": \"Graj w Eurojackpot online\",\n  \"url\": \"https:\/\/redfoxlotto.com\/pl\/lotteries\/eurojackpot\/\",\n  \"description\": \"Kup oficjalne losy Eurojackpot online z dowolnego kraju. Odwied\u017a RedFoxLotto, wybierz swoje liczby i we\u017a udzia\u0142 w nast\u0119pnym losowaniu.\",\n  \"serviceType\": \"Us\u0142uga po\u015brednictwa w sprzeda\u017cy los\u00f3w online\",<\/p>\n<p>  \"provider\": {\n    \"@type\": \"Organization\",\n    \"name\": \"RedFoxLotto\",\n    \"url\": \"https:\/\/redfoxlotto.com\/pl\",\n    \"image\": \"https:\/\/redfoxlotto.com\/pl\/wp-content\/uploads\/2025\/12\/ticket_scans.jpg\",\n    \"sameAs\": []\n  },<\/p>\n<p>  \"areaServed\": \"Worldwide\",\n  \"termsOfService\": \"https:\/\/redfoxlotto.com\/terms-and-conditions\",<\/p>\n<p>  \"additionalProperty\": {\n    \"@type\": \"PropertyValue\",\n    \"name\": \"FAQ\",\n    \"value\": \"https:\/\/redfoxlotto.com\/pl\/faq\/\"\n  },<\/p>\n<p>  \"hasOfferCatalog\": {\n    \"@type\": \"OfferCatalog\",\n    \"name\": \"Losy Eurojackpot\",\n    \"itemListElement\": [\n      {\n        \"@type\": \"Offer\",\n        \"name\": \"Losy Eurojackpot\",\n        \"url\": \"https:\/\/redfoxlotto.com\/pl\/lotteries\/eurojackpot\",\n        \"description\": \"Kup prawdziwe losy online na nast\u0119pne losowanie Eurojackpot za po\u015brednictwem RedFoxLotto.\",\n        \"price\": \"6.00\",\n        \"priceCurrency\": \"\u20ac\",\n        \"availability\": \"https:\/\/schema.org\/InStock\",<\/p>\n<p>        \"itemOffered\": {\n          \"@type\": \"Service\",\n          \"name\": \"Losy Eurojackpot\",\n          \"description\": \"We\u017a udzia\u0142 w nast\u0119pnym losowaniu Eurojackpot \u2013 kup losy online przez RedFoxLotto.\"\n        }\n      }\n    ]\n  },<\/p>\n<p>  \"mainEntityOfPage\": {\n    \"@type\": \"WebPage\",\n    \"@id\": \"https:\/\/redfoxlotto.com\/pl\/lotteries\/eurojackpot\/\"\n  }\n}\n<\/script><\/p>\n<p>Eurojackpot istnieje od 2012 roku i od tego czasu cieszy si\u0119 coraz wi\u0119ksz\u0105 popularno\u015bci\u0105. Jednym z powod\u00f3w takiego stanu rzeczy jest to, \u017ce na pewno zaczyna on zyskiwa\u0107, je\u015bli chodzi o jackpoty i mo\u017cna wygra\u0107 przyzwoit\u0105 sum\u0119 pieni\u0119dzy (wi\u0119cej na ten temat om\u00f3wimy p\u00f3\u017aniej).<!--more--><\/p>\n<p>Bilety mo\u017cna kupi\u0107 w 17 uczestnicz\u0105cych krajach europejskich, co czyni je naprawd\u0119 \u015bwietnym rozwi\u0105zaniem dla tych kraj\u00f3w, kt\u00f3re ju\u017c znajduj\u0105 si\u0119 w tym regionie.<\/p>\n<p><strong>Ale co z innymi lud\u017ami, kt\u00f3rzy nie mog\u0105 po prostu p\u00f3j\u015b\u0107 do sklepu po bilety Eurojackpot?<\/strong> Zakupy online to droga do celu. Mo\u017cesz r\u00f3wnie\u017c kupi\u0107 bilety Eurojackpot online od nas, je\u015bli nie mieszkasz w jednym z tych kraj\u00f3w europejskich.<\/p>\n<h2>Jackpot<\/h2>\n<p><img decoding=\"async\" class=\"size-full wp-image alignright\" src=\"https:\/\/content.redfoxlotto.com\/uploads\/sites\/9\/1_ticket_eurojackpot2.jpg\" alt=\"eurojackpot\" \/><\/p>\n<p>Loteria Eurojackpot ma minimaln\u0105 kwot\u0119 jackpota 10.000.000 \u20ac. To na pewno b\u0119dzie wielka korzy\u015b\u0107 dla ciebie i du\u017ca r\u00f3\u017cnica w twoim \u017cyciu, prawda? C\u00f3\u017c, na pewno nie b\u0119dziesz mia\u0142 \u017cadnych problem\u00f3w ze zdobyciem naprawd\u0119 fajnych rzeczy z tymi pieni\u0119dzmi, sp\u0142aceniem d\u0142ug\u00f3w czy czegokolwiek innego. Ale to tylko minimum. Kwota mo\u017ce by\u0107 o wiele wi\u0119ksza. W rzeczywisto\u015bci maksymalna wyp\u0142ata mo\u017ce wynie\u015b\u0107 120 000 000 000 EUR. To naprawd\u0119 b\u0119dzie ogromna kwota i du\u017ca r\u00f3\u017cnica w twoim \u017cyciu, ale co je\u015bli nikt nie wygra? Wszystkie kwoty powy\u017cej tej kwoty zostan\u0105 przeniesione do drugiej klasy nagr\u00f3d.<\/p>\n<p>Oznacza to, \u017ce b\u0119dziesz mia\u0142 mo\u017cliwo\u015b\u0107 wygrania tego gigantycznego jackpota a\u017c do osi\u0105gni\u0119cia tego limitu. Stamt\u0105d zobaczysz drug\u0105 najwy\u017csz\u0105 kwot\u0119, kt\u00f3ra zacznie i\u015b\u0107 w g\u00f3r\u0119 i w g\u00f3r\u0119. Oznacza to, \u017ce mo\u017cesz wyl\u0105dowa\u0107 z ogromnym jackpotem z dopasowania mniejszej liczby liczb, poniewa\u017c ta druga nagroda b\u0119dzie naprawd\u0119 wspania\u0142ym bonusem i drug\u0105 szans\u0105 na du\u017c\u0105 wygran\u0105.<\/p>\n<h2>Zasady Eurojackpot<\/h2>\n<p>Je\u015bli chcesz zagra\u0107 w Eurojackpota, chcesz si\u0119 upewni\u0107, \u017ce masz odpowiedni proces, aby to zrobi\u0107. Chcesz si\u0119 upewni\u0107, \u017ce dobrze grasz w gr\u0119 i \u017ce Tw\u00f3j bilet zosta\u0142 wybrany we w\u0142a\u015bciwy spos\u00f3b. C\u00f3\u017c, masz szcz\u0119\u015bcie, poniewa\u017c te bilety s\u0105 bardzo proste do wyboru i nie b\u0119dziesz mia\u0142 problemu z wyborem dok\u0142adnie tego, czego chcesz.<br \/>\n<img loading=\"lazy\" decoding=\"async\" class=\" wp-image alignright\" src=\"https:\/\/content.redfoxlotto.com\/uploads\/sites\/9\/1_eurojackpot_buy_ticket.jpg\" alt=\"kup bilet eurojackpot\" width=\"226\" height=\"150\" \/><br \/>\nWybierasz 5 g\u0142\u00f3wnych liczb od 1 do 50, a nast\u0119pnie dwie dodatkowe liczby od 1 do 12. Tak wi\u0119c, 5 g\u0142\u00f3wnych numer\u00f3w nadal otrzyma nagrod\u0119, nawet je\u015bli nie pasuje do dodatkowych numer\u00f3w lub numer\u00f3w gwiazd. Jest 12 poziom\u00f3w nagr\u00f3d.<\/p>\n<p>Oznacza to, \u017ce istnieje wiele r\u00f3\u017cnych kombinacji pasuj\u0105cych liczb, kt\u00f3re mo\u017cesz mie\u0107 i te dostan\u0105 dla Ciebie jaki\u015b rodzaj nagrody. Mo\u017cesz wygra\u0107 tylko tyle, aby pokry\u0107 koszt swojego biletu lub nadal mo\u017cesz wygra\u0107 miliony bez konieczno\u015bci dopasowywania wszystkiego.<\/p>\n<p>Oczywi\u015bcie, aby wygra\u0107 g\u0142\u00f3wn\u0105 nagrod\u0119, musisz mie\u0107 wszystkie 5 g\u0142\u00f3wnych i 2 dodatkowe liczby w prawo. To b\u0119dzie skomplikowane i b\u0119dzie to naprawd\u0119 rzadka rzecz, ale na pewno jest to mo\u017cliwe. W ko\u0144cu kto\u015b to wygra, prawda? Dlaczego kto\u015b nie mo\u017ce by\u0107 tob\u0105? Uwa\u017camy, \u017ce mo\u017ce to by\u0107 absolutnie mo\u017cliwe i wszystko, co musisz zrobi\u0107, to przyjrze\u0107 si\u0119 procesowi wybierania biletu i przygotowa\u0107 si\u0119 do zakupu.<\/p>\n<h2>Zakup biletu Eurojackpot<\/h2>\n<p><img decoding=\"async\" class=\"size-full wp-image alignright\" src=\"https:\/\/content.redfoxlotto.com\/uploads\/sites\/9\/1_eurojackpot_buy_ticket.jpg\" alt=\"kup bilet eurojackpot\" \/><\/p>\n<p>Je\u015bli jeste\u015b got\u00f3w kupi\u0107 bilety Eurojackpot online, mo\u017cesz zajrze\u0107 do naszego systemu i naszej strony internetowej. Wszystko, co musisz zrobi\u0107, to po\u0142\u0105czy\u0107 si\u0119 z Internetem i rzuci\u0107 okiem, ale ju\u017c tam jeste\u015b. Wi\u0119c, co teraz zrobisz? Chcesz zobaczy\u0107 r\u00f3\u017cne bilety, kt\u00f3re mamy do dyspozycji.<\/p>\n<p>Oferujemy najlepsze bilety i gry, kt\u00f3re s\u0105 najbardziej popularne, zapewniaj\u0105c Ci najwi\u0119ksze jackpoty. <strong>Kiedy spojrzysz, mo\u017cesz zdecydowa\u0107, \u017ce chcesz kupi\u0107 bilety Eurojackpot i przejdziesz na osobn\u0105 stron\u0119.<\/strong><\/p>\n<p>Na tej stronie uzyskasz wi\u0119cej informacji na temat Eurojackpota i b\u0119dziesz m\u00f3g\u0142 kupi\u0107 bilety, kt\u00f3re chcesz. Mo\u017cesz wybiera\u0107 spo\u015br\u00f3d dowolnej liczby bilet\u00f3w, kt\u00f3re chcesz i masz mo\u017cliwo\u015b\u0107 wyboru numer\u00f3w, kt\u00f3re chcesz na swoim bilecie. Tak d\u0142ugo, jak Twoje liczby odpowiadaj\u0105 zasadom, o kt\u00f3rych m\u00f3wili\u015bmy powy\u017cej, mo\u017cesz wybra\u0107 dowoln\u0105 kombinacj\u0119 liczb na ka\u017cdym z Twoich bilet\u00f3w.<\/p>\n<p>Oczywi\u015bcie, je\u015bli nie wiesz, z jakimi numerami chcesz jecha\u0107, mo\u017cesz bezwzgl\u0119dnie wybra\u0107 bilet szybkiego wyboru.<\/p>\n<p>Dzi\u0119ki szybkiemu wyborowi dostaniesz losowy przydzia\u0142 numer\u00f3w, kt\u00f3ry b\u0119dzie odpowiada\u0142 wymaganiom. Pozwala to na zdobycie biletu, ale nie musisz si\u0119 martwi\u0107 o nic innego. Je\u015bli chcesz wybra\u0107 kilka opcji, ale nie chcesz wybiera\u0107 wszystkich numer\u00f3w, mo\u017cesz faktycznie zrobi\u0107 kombinacj\u0119 tych dw\u00f3ch, co zdecydowanie u\u0142atwi Ci doj\u015bcie do zakupu biletu.<\/p>\n<h2>Utw\u00f3rz swoje konto<\/h2>\n<p>Po tym, jak ju\u017c wszystkie liczby si\u0119 zorientujesz, przechodzisz przez proces tworzenia konta. Kiedy zaczynasz tworzy\u0107 swoje konto, jest to naprawd\u0119 super proste i wszystko, co musisz zrobi\u0107, to wype\u0142ni\u0107 pewne dane osobowe. Informacje te u\u0142atwi\u0105 Ci wp\u0142at\u0119 pieni\u0119dzy na konto, kt\u00f3re mo\u017cesz wykorzysta\u0107 do zap\u0142acenia za bilety, a tak\u017ce u\u0142atwi\u0105 Ci wyj\u0119cie pieni\u0119dzy z konta po wygranej. To bardzo proste i proste.<\/p>\n<p>Kiedy b\u0119dziesz gotowy, aby odebra\u0107 swoje bilety, po prostu zaloguj si\u0119 z powrotem na swoje konto i b\u0119dziesz m\u00f3g\u0142 kupi\u0107 ka\u017cdy z bilet\u00f3w, kt\u00f3ry zechcesz. Je\u015bli chcesz szybko odbiera\u0107 bilety, jest to jeszcze \u0142atwiejsze, a nawet mo\u017cesz przygotowa\u0107 bilety na wiele rysunk\u00f3w. Oznacza to, \u017ce nie musisz si\u0119 martwi\u0107 o zakup dodatkowych bilet\u00f3w na nast\u0119pne losowanie. Zatrzymaj ten sam bilet i jeste\u015b gotowy do drogi.<\/p>\n","protected":false},"excerpt":{"rendered":"<p>Eurojackpot istnieje od 2012 roku i od tego czasu cieszy si\u0119 coraz wi\u0119ksz\u0105 popularno\u015bci\u0105. Jednym z powod\u00f3w takiego stanu rzeczy jest to, \u017ce na pewno zaczyna on zyskiwa\u0107, je\u015bli chodzi o jackpoty i mo\u017cna wygra\u0107 przyzwoit\u0105 sum\u0119 pieni\u0119dzy (wi\u0119cej na ten temat om\u00f3wimy p\u00f3\u017aniej).<\/p>\n","protected":false},"author":1,"featured_media":0,"parent":5686,"menu_order":4,"comment_status":"closed","ping_status":"closed","template":"eurojackpot-info.php","meta":{"_et_pb_use_builder":"","_et_pb_old_content":"","_et_gb_content_width":"","exclude_from_search":false,"footnotes":""},"class_list":["post-5688","page","type-page","status-publish","hentry"],"yoast_head":"<!-- This site is optimized with the Yoast SEO plugin v27.3 - https:\/\/yoast.com\/product\/yoast-seo-wordpress\/ -->\n<title>Jak kupi\u0107 bilety na Eurojackpot online?<\/title>\n<meta name=\"description\" content=\"Bilety Eurojackpot teraz do sprzeda\u017cy online\" \/>\n<meta name=\"robots\" content=\"index, follow, max-snippet:-1, max-image-preview:large, max-video-preview:-1\" \/>\n<link rel=\"canonical\" href=\"https:\/\/redfoxlotto.com\/pl\/loterie\/eurojackpot\/\" \/>\n<meta property=\"og:locale\" content=\"pl_PL\" \/>\n<meta property=\"og:type\" content=\"article\" \/>\n<meta property=\"og:title\" content=\"Jak kupi\u0107 bilety na Eurojackpot online?\" \/>\n<meta property=\"og:description\" content=\"Bilety Eurojackpot teraz do sprzeda\u017cy online\" \/>\n<meta property=\"og:url\" content=\"https:\/\/redfoxlotto.com\/pl\/loterie\/eurojackpot\/\" \/>\n<meta property=\"og:site_name\" content=\"Get Tickets for the World\u2019s largest jackpots\" \/>\n<meta property=\"article:modified_time\" content=\"2025-12-18T14:02:04+00:00\" \/>\n<meta property=\"og:image\" content=\"https:\/\/content.redfoxlotto.com\/uploads\/sites\/9\/1_ticket_eurojackpot2.jpg\" \/>\n<meta name=\"twitter:card\" content=\"summary_large_image\" \/>\n<meta name=\"twitter:label1\" content=\"Szacowany czas czytania\" \/>\n\t<meta name=\"twitter:data1\" content=\"5 minut\" \/>\n<script type=\"application\/ld+json\" class=\"yoast-schema-graph\">{\"@context\":\"https:\\\/\\\/schema.org\",\"@graph\":[{\"@type\":\"WebPage\",\"@id\":\"https:\\\/\\\/redfoxlotto.com\\\/pl\\\/loterie\\\/eurojackpot\\\/\",\"url\":\"https:\\\/\\\/redfoxlotto.com\\\/pl\\\/loterie\\\/eurojackpot\\\/\",\"name\":\"Jak kupi\u0107 bilety na Eurojackpot online?\",\"isPartOf\":{\"@id\":\"https:\\\/\\\/redfoxlotto.com\\\/pl\\\/#website\"},\"primaryImageOfPage\":{\"@id\":\"https:\\\/\\\/redfoxlotto.com\\\/pl\\\/loterie\\\/eurojackpot\\\/#primaryimage\"},\"image\":{\"@id\":\"https:\\\/\\\/redfoxlotto.com\\\/pl\\\/loterie\\\/eurojackpot\\\/#primaryimage\"},\"thumbnailUrl\":\"https:\\\/\\\/content.redfoxlotto.com\\\/uploads\\\/sites\\\/9\\\/1_ticket_eurojackpot2.jpg\",\"datePublished\":\"2018-11-18T08:54:25+00:00\",\"dateModified\":\"2025-12-18T14:02:04+00:00\",\"description\":\"Bilety Eurojackpot teraz do sprzeda\u017cy online\",\"breadcrumb\":{\"@id\":\"https:\\\/\\\/redfoxlotto.com\\\/pl\\\/loterie\\\/eurojackpot\\\/#breadcrumb\"},\"inLanguage\":\"pl-PL\",\"potentialAction\":[{\"@type\":\"ReadAction\",\"target\":[\"https:\\\/\\\/redfoxlotto.com\\\/pl\\\/loterie\\\/eurojackpot\\\/\"]}]},{\"@type\":\"ImageObject\",\"inLanguage\":\"pl-PL\",\"@id\":\"https:\\\/\\\/redfoxlotto.com\\\/pl\\\/loterie\\\/eurojackpot\\\/#primaryimage\",\"url\":\"https:\\\/\\\/content.redfoxlotto.com\\\/uploads\\\/sites\\\/9\\\/1_ticket_eurojackpot2.jpg\",\"contentUrl\":\"https:\\\/\\\/content.redfoxlotto.com\\\/uploads\\\/sites\\\/9\\\/1_ticket_eurojackpot2.jpg\"},{\"@type\":\"BreadcrumbList\",\"@id\":\"https:\\\/\\\/redfoxlotto.com\\\/pl\\\/loterie\\\/eurojackpot\\\/#breadcrumb\",\"itemListElement\":[{\"@type\":\"ListItem\",\"position\":1,\"name\":\"Home\",\"item\":\"https:\\\/\\\/redfoxlotto.com\\\/pl\\\/\"},{\"@type\":\"ListItem\",\"position\":2,\"name\":\"Jak kupi\u0107 bilety na loteri\u0119 online &#8211; proces zakupu\",\"item\":\"https:\\\/\\\/redfoxlotto.com\\\/pl\\\/loterie\\\/\"},{\"@type\":\"ListItem\",\"position\":3,\"name\":\"O Eurojackpot\"}]},{\"@type\":\"WebSite\",\"@id\":\"https:\\\/\\\/redfoxlotto.com\\\/pl\\\/#website\",\"url\":\"https:\\\/\\\/redfoxlotto.com\\\/pl\\\/\",\"name\":\"Get Tickets for the World\u2019s largest jackpots\",\"description\":\"Participate in worldwide lottery jackpots from any country\",\"publisher\":{\"@id\":\"https:\\\/\\\/redfoxlotto.com\\\/pl\\\/#organization\"},\"potentialAction\":[{\"@type\":\"SearchAction\",\"target\":{\"@type\":\"EntryPoint\",\"urlTemplate\":\"https:\\\/\\\/redfoxlotto.com\\\/pl\\\/?s={search_term_string}\"},\"query-input\":{\"@type\":\"PropertyValueSpecification\",\"valueRequired\":true,\"valueName\":\"search_term_string\"}}],\"inLanguage\":\"pl-PL\"},{\"@type\":\"Organization\",\"@id\":\"https:\\\/\\\/redfoxlotto.com\\\/pl\\\/#organization\",\"name\":\"Get Tickets for the World\u2019s largest jackpots\",\"url\":\"https:\\\/\\\/redfoxlotto.com\\\/pl\\\/\",\"logo\":{\"@type\":\"ImageObject\",\"inLanguage\":\"pl-PL\",\"@id\":\"https:\\\/\\\/redfoxlotto.com\\\/pl\\\/#\\\/schema\\\/logo\\\/image\\\/\",\"url\":\"https:\\\/\\\/redfoxlotto.com\\\/wp-content\\\/uploads\\\/2023\\\/04\\\/logo.png\",\"contentUrl\":\"https:\\\/\\\/redfoxlotto.com\\\/wp-content\\\/uploads\\\/2023\\\/04\\\/logo.png\",\"width\":269,\"height\":53,\"caption\":\"Get Tickets for the World\u2019s largest jackpots\"},\"image\":{\"@id\":\"https:\\\/\\\/redfoxlotto.com\\\/pl\\\/#\\\/schema\\\/logo\\\/image\\\/\"}}]}<\/script>\n<!-- \/ Yoast SEO plugin. -->","yoast_head_json":{"title":"Jak kupi\u0107 bilety na Eurojackpot online?","description":"Bilety Eurojackpot teraz do sprzeda\u017cy online","robots":{"index":"index","follow":"follow","max-snippet":"max-snippet:-1","max-image-preview":"max-image-preview:large","max-video-preview":"max-video-preview:-1"},"canonical":"https:\/\/redfoxlotto.com\/pl\/loterie\/eurojackpot\/","og_locale":"pl_PL","og_type":"article","og_title":"Jak kupi\u0107 bilety na Eurojackpot online?","og_description":"Bilety Eurojackpot teraz do sprzeda\u017cy online","og_url":"https:\/\/redfoxlotto.com\/pl\/loterie\/eurojackpot\/","og_site_name":"Get Tickets for the World\u2019s largest jackpots","article_modified_time":"2025-12-18T14:02:04+00:00","og_image":[{"url":"https:\/\/content.redfoxlotto.com\/uploads\/sites\/9\/1_ticket_eurojackpot2.jpg","type":"","width":"","height":""}],"twitter_card":"summary_large_image","twitter_misc":{"Szacowany czas czytania":"5 minut"},"schema":{"@context":"https:\/\/schema.org","@graph":[{"@type":"WebPage","@id":"https:\/\/redfoxlotto.com\/pl\/loterie\/eurojackpot\/","url":"https:\/\/redfoxlotto.com\/pl\/loterie\/eurojackpot\/","name":"Jak kupi\u0107 bilety na Eurojackpot online?","isPartOf":{"@id":"https:\/\/redfoxlotto.com\/pl\/#website"},"primaryImageOfPage":{"@id":"https:\/\/redfoxlotto.com\/pl\/loterie\/eurojackpot\/#primaryimage"},"image":{"@id":"https:\/\/redfoxlotto.com\/pl\/loterie\/eurojackpot\/#primaryimage"},"thumbnailUrl":"https:\/\/content.redfoxlotto.com\/uploads\/sites\/9\/1_ticket_eurojackpot2.jpg","datePublished":"2018-11-18T08:54:25+00:00","dateModified":"2025-12-18T14:02:04+00:00","description":"Bilety Eurojackpot teraz do sprzeda\u017cy online","breadcrumb":{"@id":"https:\/\/redfoxlotto.com\/pl\/loterie\/eurojackpot\/#breadcrumb"},"inLanguage":"pl-PL","potentialAction":[{"@type":"ReadAction","target":["https:\/\/redfoxlotto.com\/pl\/loterie\/eurojackpot\/"]}]},{"@type":"ImageObject","inLanguage":"pl-PL","@id":"https:\/\/redfoxlotto.com\/pl\/loterie\/eurojackpot\/#primaryimage","url":"https:\/\/content.redfoxlotto.com\/uploads\/sites\/9\/1_ticket_eurojackpot2.jpg","contentUrl":"https:\/\/content.redfoxlotto.com\/uploads\/sites\/9\/1_ticket_eurojackpot2.jpg"},{"@type":"BreadcrumbList","@id":"https:\/\/redfoxlotto.com\/pl\/loterie\/eurojackpot\/#breadcrumb","itemListElement":[{"@type":"ListItem","position":1,"name":"Home","item":"https:\/\/redfoxlotto.com\/pl\/"},{"@type":"ListItem","position":2,"name":"Jak kupi\u0107 bilety na loteri\u0119 online &#8211; proces zakupu","item":"https:\/\/redfoxlotto.com\/pl\/loterie\/"},{"@type":"ListItem","position":3,"name":"O Eurojackpot"}]},{"@type":"WebSite","@id":"https:\/\/redfoxlotto.com\/pl\/#website","url":"https:\/\/redfoxlotto.com\/pl\/","name":"Get Tickets for the World\u2019s largest jackpots","description":"Participate in worldwide lottery jackpots from any country","publisher":{"@id":"https:\/\/redfoxlotto.com\/pl\/#organization"},"potentialAction":[{"@type":"SearchAction","target":{"@type":"EntryPoint","urlTemplate":"https:\/\/redfoxlotto.com\/pl\/?s={search_term_string}"},"query-input":{"@type":"PropertyValueSpecification","valueRequired":true,"valueName":"search_term_string"}}],"inLanguage":"pl-PL"},{"@type":"Organization","@id":"https:\/\/redfoxlotto.com\/pl\/#organization","name":"Get Tickets for the World\u2019s largest jackpots","url":"https:\/\/redfoxlotto.com\/pl\/","logo":{"@type":"ImageObject","inLanguage":"pl-PL","@id":"https:\/\/redfoxlotto.com\/pl\/#\/schema\/logo\/image\/","url":"https:\/\/redfoxlotto.com\/wp-content\/uploads\/2023\/04\/logo.png","contentUrl":"https:\/\/redfoxlotto.com\/wp-content\/uploads\/2023\/04\/logo.png","width":269,"height":53,"caption":"Get Tickets for the World\u2019s largest jackpots"},"image":{"@id":"https:\/\/redfoxlotto.com\/pl\/#\/schema\/logo\/image\/"}}]}},"_links":{"self":[{"href":"https:\/\/redfoxlotto.com\/pl\/wp-json\/wp\/v2\/pages\/5688","targetHints":{"allow":["GET"]}}],"collection":[{"href":"https:\/\/redfoxlotto.com\/pl\/wp-json\/wp\/v2\/pages"}],"about":[{"href":"https:\/\/redfoxlotto.com\/pl\/wp-json\/wp\/v2\/types\/page"}],"author":[{"embeddable":true,"href":"https:\/\/redfoxlotto.com\/pl\/wp-json\/wp\/v2\/users\/1"}],"replies":[{"embeddable":true,"href":"https:\/\/redfoxlotto.com\/pl\/wp-json\/wp\/v2\/comments?post=5688"}],"version-history":[{"count":0,"href":"https:\/\/redfoxlotto.com\/pl\/wp-json\/wp\/v2\/pages\/5688\/revisions"}],"up":[{"embeddable":true,"href":"https:\/\/redfoxlotto.com\/pl\/wp-json\/wp\/v2\/pages\/5686"}],"wp:attachment":[{"href":"https:\/\/redfoxlotto.com\/pl\/wp-json\/wp\/v2\/media?parent=5688"}],"curies":[{"name":"wp","href":"https:\/\/api.w.org\/{rel}","templated":true}]}}