{"id":5686,"date":"2023-04-24T14:12:24","date_gmt":"2023-04-24T14:12:24","guid":{"rendered":"https:\/\/redfoxlotto.com\/?page_id=187\/"},"modified":"2025-12-18T09:56:39","modified_gmt":"2025-12-18T09:56:39","slug":"loterie","status":"publish","type":"page","link":"https:\/\/redfoxlotto.com\/pl\/loterie\/","title":{"rendered":"Jak kupi\u0107 bilety na loteri\u0119 online &#8211; proces zakupu"},"content":{"rendered":"<p><script type=\"application\/ld+json\">\n{\n  \"@context\": \"https:\/\/schema.org\",\n  \"@type\": \"Service\",\n  \"name\": \"Kupuj bilety loteryjne online\",\n  \"url\": \"https:\/\/redfoxlotto.com\/pl\/lotteries\/\",\n  \"description\": \"Kupuj bilety loteryjne online \u2013 najlepsze loterie na \u015bwiecie dost\u0119pne tutaj.\",\n  \"serviceType\": \"Us\u0142uga dostarczania bilet\u00f3w loteryjnych online\",<\/p>\n<p>  \"provider\": {\n    \"@type\": \"Organization\",\n    \"name\": \"RedFoxLotto\",\n    \"url\": \"https:\/\/redfoxlotto.com\/pl\/\",\n    \"image\": \"https:\/\/redfoxlotto.com\/wp-content\/uploads\/2025\/12\/ticket_scans.jpg\"\n  },<\/p>\n<p>  \"areaServed\": \"Worldwide\",\n  \"termsOfService\": \"https:\/\/redfoxlotto.com\/terms-and-conditions\",<\/p>\n<p>  \"additionalProperty\": {\n    \"@type\": \"PropertyValue\",\n    \"name\": \"FAQ\",\n    \"value\": \"https:\/\/redfoxlotto.com\/pl\/faq\/\"\n  },<\/p>\n<p>  \"hasOfferCatalog\": {\n    \"@type\": \"OfferCatalog\",\n    \"name\": \"Bilety loteryjne na ca\u0142ym \u015bwiecie\",\n    \"itemListElement\": [\n      {\n        \"@type\": \"Offer\",\n        \"name\": \"Bilety loteryjne\",\n        \"url\": \"https:\/\/redfoxlotto.com\/pl\/lotteries\/\",\n        \"description\": \"Kupowanie bilet\u00f3w loteryjnych online jest bezpieczne i proste \u2013 oto jak to dzia\u0142a.\",\n        \"availability\": \"https:\/\/schema.org\/InStock\",<\/p>\n<p>        \"itemOffered\": {\n          \"@type\": \"Service\",\n          \"name\": \"Bilety loteryjne online\",\n          \"description\": \"We\u017a udzia\u0142 w najwi\u0119kszych jackpotach na \u015bwiecie \u2013 kup swoje bilety online za po\u015brednictwem RedFoxLotto.\"\n        }\n      }\n    ]\n  },<\/p>\n<p>  \"mainEntityOfPage\": {\n    \"@type\": \"WebPage\",\n    \"@id\": \"https:\/\/redfoxlotto.com\/pl\/lotteries\/\"\n  }\n}\n<\/script><\/p>\n<p>Gotowy do zakupu los\u00f3w na loteri\u0119 z dowolnego miejsca na \u015bwiecie? A mo\u017ce jeszcze nie jeste\u015b pewien, czy jeste\u015b gotowy. Mo\u017ce nie jeste\u015b pewien, czy to b\u0119dzie dla ciebie naprawd\u0119 zabawne. A mo\u017ce nie wiesz, jak b\u0119dzie wygl\u0105da\u0142 ten proces.<br \/>\n<img decoding=\"async\" class=\"pe\u0142ny rozmiar wp-image alignright\" src=\"https:\/\/content.redfoxlotto.com\/uploads\/sites\/9\/1_lottery_ticket.jpg\" alt=\"jak kupowa\u0107 losy loterii online\" \/><\/p>\n<p>Na naszej stronie internetowej mo\u017cesz kupi\u0107 <a href=\"https:\/\/redfoxlotto.com\/pl\/\">bilety lotto online<\/a> na najwi\u0119ksze loterie na \u015bwiecie. A kiedy m\u00f3wimy &#8222;\u015bwiat&#8221;, m\u00f3wimy o rzeczywistym \u015bwiecie, a nie tylko o biletach, kt\u00f3re kupujesz w swoim rodzinnym mie\u015bcie. Dla nas, kt\u00f3ry obejmuje Mega Millions i Powerball z USA, EuroMillions, Eurojackpot, El Gordo i La Primitiva z Hiszpanii, SuperEna z W\u0142och i wiele innych.<\/p>\n<p>Co jest jeszcze lepsze w <strong>kupnie tych bilet\u00f3w z naszego systemu online<\/strong>, to fakt, \u017ce mo\u017cesz mie\u0107 swoje bilety w zaledwie czterech prostych krokach. Nie musisz si\u0119 martwi\u0107, \u017ce przejdziesz przez ca\u0142\u0105 ci\u0119\u017ck\u0105 prac\u0119 tylko po to, \u017ceby dosta\u0107 bilet z zupe\u0142nie innego kraju. Uzyskanie dost\u0119pu do Internetu sprawi, \u017ce wszystko to stanie si\u0119 dla ciebie pestk\u0105.<\/p>\n<h2>W ten spos\u00f3b zakup bilet\u00f3w online dzia\u0142a w czterech prostych krokach:<\/h2>\n<h3>Etap 1 &#8211; Wyb\u00f3r loterii<\/h3>\n<p>Na RedFoxLotto.com, wybierz loteri\u0119, kt\u00f3r\u0105 chcesz kupi\u0107 bilety. Na naszej stronie g\u0142\u00f3wnej mo\u017cesz zobaczy\u0107 loterie posortowane wed\u0142ug wysoko\u015bci aktualnego jackpota. W ten spos\u00f3b mo\u017cesz zdecydowa\u0107, kt\u00f3ry z nich jest rzeczywi\u015bcie wart zakupu dla Ciebie i mo\u017cesz nawet sprawdzi\u0107 r\u00f3\u017cne loterie, aby dowiedzie\u0107 si\u0119 wi\u0119cej informacji na ich temat.<\/p>\n<p>Je\u015bli wejdziesz na ka\u017cd\u0105 ze stron, b\u0119dziesz m\u00f3g\u0142 zobaczy\u0107 kiedy rysuj\u0105, ile s\u0105 i jaki jest proces wybierania liczb. Wi\u0119c nigdy nie b\u0119dziesz niewidomy.<\/p>\n<h3>Etap 2 &#8211; Wybierz swoje numery<\/h3>\n<p>U\u017cyj myszki, aby wybra\u0107 liczby, kt\u00f3re chcesz. Pola poinformuj\u0105 Ci\u0119, ile numer\u00f3w potrzebujesz oraz czy potrzebujesz specjalnych numer\u00f3w (takich jak <a href=\"https:\/\/redfoxlotto.com\/pl\/graj\/powerball\/\">Powerball<\/a> lub Mega numer dla loterii, do kt\u00f3rych jeste\u015b przyzwyczajony). Je\u015bli nie chcesz wybiera\u0107 w\u0142asnych liczb, mo\u017cesz r\u00f3wnie\u017c skorzysta\u0107 z funkcji &#8222;Szybkiego Wyboru&#8221;, aby wybra\u0107 liczby losowe.<\/p>\n<p>Kiedy ju\u017c wybierzesz te losowe liczby, nadal otrzymasz ostateczn\u0105 decyzj\u0119. Tak wi\u0119c, je\u015bli sko\u0144czysz z 2 numerami, kt\u00f3re ci si\u0119 nie podobaj\u0105, mo\u017cesz je zamieni\u0107 na co\u015b innego. Mo\u017cna r\u00f3wnie\u017c wprowadzi\u0107 niekt\u00f3re z w\u0142asnych liczb, a nast\u0119pnie wybra\u0107 losowo inne.<\/p>\n<p>Nie musisz si\u0119 martwi\u0107, \u017ce nie wybra\u0142e\u015b wystarczaj\u0105co du\u017co lub zbyt wiele numer\u00f3w. W takim przypadku system ostrze\u017ce Ci\u0119 i poprosi o dodanie lub usuni\u0119cie numer\u00f3w przed zakupem bilet\u00f3w. To naprawd\u0119 takie proste.<\/p>\n<p>Nast\u0119pnie mo\u017cesz kupi\u0107 wi\u0119cej los\u00f3w na inne loterie i doda\u0107 je do swojego zam\u00f3wienia. Kiedy sko\u0144czysz wszystkie bilety, kliknij na &#8222;Zap\u0142a\u0107 teraz&#8221;. Mo\u017cesz kupi\u0107 wiele los\u00f3w z jednej loterii lub los\u00f3w z dowolnej kombinacji loterii w koszyku na koniec tego procesu i zap\u0142aci\u0107 za wszystkie z nich w tym samym czasie i w jednym zam\u00f3wieniu.<\/p>\n<h3>Etap 3 &#8211; Rejestr lub zaloguj si\u0119<\/h3>\n<p>Teraz musisz zarejestrowa\u0107 konto klienta u nas, aby kupi\u0107 bilety lotto online. W tym celu potrzebujemy informacji od ciebie. Jest to dla twojego w\u0142asnego bezpiecze\u0144stwa, poniewa\u017c chcesz by\u0107 powiadamiany w przypadku wygranej. Je\u015bli jeste\u015b ju\u017c u nas zarejestrowany, musisz si\u0119 tylko zalogowa\u0107 za pomoc\u0105 swoich danych logowania. Je\u015bli zapomnia\u0142e\u015b has\u0142a, u\u017cyj funkcji &#8222;Zapomnia\u0142em has\u0142a&#8221;.<\/p>\n<h3>Etap 4 &#8211; Wynagrodzenie<\/h3>\n<p>Na koncie klienta wybierz preferowan\u0105 metod\u0119 p\u0142atno\u015bci. Dost\u0119pne opcje mog\u0105 si\u0119 r\u00f3\u017cni\u0107 w zale\u017cno\u015bci od kraju zamieszkania. Mastercard, Visa, natychmiastowy przelew bankowy, Bitcoin, Neteller, Skrill i Paysafecard to tylko niekt\u00f3re z opcji p\u0142atno\u015bci. Wystarczy wybra\u0107 ten, kt\u00f3ry chcesz, a nast\u0119pnie klikn\u0105\u0107 przycisk zakupu.<\/p>\n<p>Po dokonaniu p\u0142atno\u015bci otrzymasz e-mail z potwierdzeniem zakupu na zarejestrowany adres e-mail. Dzi\u0119ki temu mo\u017cesz si\u0119 upewni\u0107, \u017ce Twoje zam\u00f3wienie zosta\u0142o z\u0142o\u017cone i jeste\u015b gotowy do losowania.<\/p>\n<p><img decoding=\"async\" class=\"pe\u0142ny rozmiar wp-image alignright\" src=\"https:\/\/content.redfoxlotto.com\/uploads\/sites\/9\/1_buy_lottery_online.jpg\" alt=\"zap\u0142a\u0107 bilet online\" \/>Po zarejestrowaniu si\u0119 mo\u017cesz r\u00f3wnie\u017c wp\u0142aci\u0107 troch\u0119 pieni\u0119dzy na swoje konto, aby kupi\u0107 bilety, kt\u00f3re chcesz p\u00f3\u017aniej. Jest to bardzo prosty proces, poniewa\u017c chcemy si\u0119 upewni\u0107, \u017ce mo\u017cesz otrzyma\u0107 bilety, kt\u00f3re chcesz w mgnieniu oka. Oczywi\u015bcie, mo\u017cna r\u00f3wnie\u017c po prostu doda\u0107 kilka los\u00f3w na loteri\u0119 do koszyka, a nast\u0119pnie zap\u0142aci\u0107 za te losy, aby zrealizowa\u0107 zam\u00f3wienie.<\/p>\n<p>Cztery kroki i tylko kilka minut, a ty b\u0119dziesz gotowy i czeka\u0142 na losowanie. Nie musisz si\u0119 te\u017c martwi\u0107, \u017ce niczego nie przegapisz, poniewa\u017c natychmiast poinformujemy Ci\u0119, je\u015bli wygrasz cokolwiek z losowania.<\/p>\n<p>Oczywi\u015bcie, je\u015bli chcesz si\u0119 zameldowa\u0107, zawsze mo\u017cesz wej\u015b\u0107 na swoje konto kiedy tylko zechcesz i <strong>b\u0119dziesz m\u00f3g\u0142 zobaczy\u0107 zakupione bilety i na jakie gry.<\/strong><\/p>\n<h2>Po zakupie bilet\u00f3w online<\/h2>\n<p>Je\u015bli wygra\u0142e\u015b cokolwiek lub dopasowa\u0142e\u015b jakie\u015b liczby po losowaniu, poka\u017cemy Ci pasuj\u0105ce liczby i poinformujemy Ci\u0119 na stronie Twojego konta, je\u015bli wygra\u0142e\u015b. Damy Ci r\u00f3wnie\u017c zna\u0107, co musisz zrobi\u0107, aby m\u00f3c odebra\u0107 wygran\u0105, aby\u015b nie musia\u0142 si\u0119 martwi\u0107 o nic przegapi\u0107.<\/p>\n<p>Granie z nami w lotto jest po prostu takie proste i b\u0119dzie to o wiele bardziej zabawne ni\u017c cokolwiek, w co kiedykolwiek gra\u0142e\u015b, poniewa\u017c b\u0119dziesz mia\u0142 o wiele wi\u0119cej opcji. <strong>To na pewno da ci szans\u0119 na kupno bilet\u00f3w na lotto online.<\/strong><\/p>\n","protected":false},"excerpt":{"rendered":"<p>Gotowy do zakupu los\u00f3w na loteri\u0119 z dowolnego miejsca na \u015bwiecie? A mo\u017ce jeszcze nie jeste\u015b pewien, czy jeste\u015b gotowy. Mo\u017ce nie jeste\u015b pewien, czy to b\u0119dzie dla ciebie naprawd\u0119 zabawne. A mo\u017ce nie wiesz, jak b\u0119dzie wygl\u0105da\u0142 ten proces. Na naszej stronie internetowej mo\u017cesz kupi\u0107 bilety lotto online na najwi\u0119ksze loterie na \u015bwiecie. A [&hellip;]<\/p>\n","protected":false},"author":1,"featured_media":0,"parent":0,"menu_order":3,"comment_status":"closed","ping_status":"closed","template":"Information.php","meta":{"_et_pb_use_builder":"","_et_pb_old_content":"","_et_gb_content_width":"","exclude_from_search":false,"footnotes":""},"class_list":["post-5686","page","type-page","status-publish","hentry"],"yoast_head":"<!-- This site is optimized with the Yoast SEO plugin v27.3 - https:\/\/yoast.com\/product\/yoast-seo-wordpress\/ -->\n<title>Kupi\u0107 bilety lotto online<\/title>\n<meta name=\"description\" content=\"Kupno los\u00f3w na ca\u0142ym \u015bwiecie jest bezpieczne i \u0142atwe - oto jak to dzia\u0142a!\" \/>\n<meta name=\"robots\" content=\"index, follow, max-snippet:-1, max-image-preview:large, max-video-preview:-1\" \/>\n<link rel=\"canonical\" href=\"https:\/\/redfoxlotto.com\/pl\/loterie\/\" \/>\n<meta property=\"og:locale\" content=\"pl_PL\" \/>\n<meta property=\"og:type\" content=\"article\" \/>\n<meta property=\"og:title\" content=\"Kupi\u0107 bilety lotto online\" \/>\n<meta property=\"og:description\" content=\"Kupno los\u00f3w na ca\u0142ym \u015bwiecie jest bezpieczne i \u0142atwe - oto jak to dzia\u0142a!\" \/>\n<meta property=\"og:url\" content=\"https:\/\/redfoxlotto.com\/pl\/loterie\/\" \/>\n<meta property=\"og:site_name\" content=\"Get Tickets for the World\u2019s largest jackpots\" \/>\n<meta property=\"article:modified_time\" content=\"2025-12-18T09:56:39+00:00\" \/>\n<meta property=\"og:image\" content=\"https:\/\/content.redfoxlotto.com\/uploads\/sites\/9\/1_lottery_ticket.jpg\" \/>\n<meta name=\"twitter:card\" content=\"summary_large_image\" \/>\n<meta name=\"twitter:label1\" content=\"Szacowany czas czytania\" \/>\n\t<meta name=\"twitter:data1\" content=\"4 minuty\" \/>\n<script type=\"application\/ld+json\" class=\"yoast-schema-graph\">{\"@context\":\"https:\\\/\\\/schema.org\",\"@graph\":[{\"@type\":\"WebPage\",\"@id\":\"https:\\\/\\\/redfoxlotto.com\\\/pl\\\/loterie\\\/\",\"url\":\"https:\\\/\\\/redfoxlotto.com\\\/pl\\\/loterie\\\/\",\"name\":\"Kupi\u0107 bilety lotto online\",\"isPartOf\":{\"@id\":\"https:\\\/\\\/redfoxlotto.com\\\/pl\\\/#website\"},\"primaryImageOfPage\":{\"@id\":\"https:\\\/\\\/redfoxlotto.com\\\/pl\\\/loterie\\\/#primaryimage\"},\"image\":{\"@id\":\"https:\\\/\\\/redfoxlotto.com\\\/pl\\\/loterie\\\/#primaryimage\"},\"thumbnailUrl\":\"https:\\\/\\\/content.redfoxlotto.com\\\/uploads\\\/sites\\\/9\\\/1_lottery_ticket.jpg\",\"datePublished\":\"2023-04-24T14:12:24+00:00\",\"dateModified\":\"2025-12-18T09:56:39+00:00\",\"description\":\"Kupno los\u00f3w na ca\u0142ym \u015bwiecie jest bezpieczne i \u0142atwe - oto jak to dzia\u0142a!\",\"breadcrumb\":{\"@id\":\"https:\\\/\\\/redfoxlotto.com\\\/pl\\\/loterie\\\/#breadcrumb\"},\"inLanguage\":\"pl-PL\",\"potentialAction\":[{\"@type\":\"ReadAction\",\"target\":[\"https:\\\/\\\/redfoxlotto.com\\\/pl\\\/loterie\\\/\"]}]},{\"@type\":\"ImageObject\",\"inLanguage\":\"pl-PL\",\"@id\":\"https:\\\/\\\/redfoxlotto.com\\\/pl\\\/loterie\\\/#primaryimage\",\"url\":\"https:\\\/\\\/content.redfoxlotto.com\\\/uploads\\\/sites\\\/9\\\/1_lottery_ticket.jpg\",\"contentUrl\":\"https:\\\/\\\/content.redfoxlotto.com\\\/uploads\\\/sites\\\/9\\\/1_lottery_ticket.jpg\"},{\"@type\":\"BreadcrumbList\",\"@id\":\"https:\\\/\\\/redfoxlotto.com\\\/pl\\\/loterie\\\/#breadcrumb\",\"itemListElement\":[{\"@type\":\"ListItem\",\"position\":1,\"name\":\"Home\",\"item\":\"https:\\\/\\\/redfoxlotto.com\\\/pl\\\/\"},{\"@type\":\"ListItem\",\"position\":2,\"name\":\"Jak kupi\u0107 bilety na loteri\u0119 online &#8211; proces zakupu\"}]},{\"@type\":\"WebSite\",\"@id\":\"https:\\\/\\\/redfoxlotto.com\\\/pl\\\/#website\",\"url\":\"https:\\\/\\\/redfoxlotto.com\\\/pl\\\/\",\"name\":\"Get Tickets for the World\u2019s largest jackpots\",\"description\":\"Participate in worldwide lottery jackpots from any country\",\"publisher\":{\"@id\":\"https:\\\/\\\/redfoxlotto.com\\\/pl\\\/#organization\"},\"potentialAction\":[{\"@type\":\"SearchAction\",\"target\":{\"@type\":\"EntryPoint\",\"urlTemplate\":\"https:\\\/\\\/redfoxlotto.com\\\/pl\\\/?s={search_term_string}\"},\"query-input\":{\"@type\":\"PropertyValueSpecification\",\"valueRequired\":true,\"valueName\":\"search_term_string\"}}],\"inLanguage\":\"pl-PL\"},{\"@type\":\"Organization\",\"@id\":\"https:\\\/\\\/redfoxlotto.com\\\/pl\\\/#organization\",\"name\":\"Get Tickets for the World\u2019s largest jackpots\",\"url\":\"https:\\\/\\\/redfoxlotto.com\\\/pl\\\/\",\"logo\":{\"@type\":\"ImageObject\",\"inLanguage\":\"pl-PL\",\"@id\":\"https:\\\/\\\/redfoxlotto.com\\\/pl\\\/#\\\/schema\\\/logo\\\/image\\\/\",\"url\":\"https:\\\/\\\/redfoxlotto.com\\\/wp-content\\\/uploads\\\/2023\\\/04\\\/logo.png\",\"contentUrl\":\"https:\\\/\\\/redfoxlotto.com\\\/wp-content\\\/uploads\\\/2023\\\/04\\\/logo.png\",\"width\":269,\"height\":53,\"caption\":\"Get Tickets for the World\u2019s largest jackpots\"},\"image\":{\"@id\":\"https:\\\/\\\/redfoxlotto.com\\\/pl\\\/#\\\/schema\\\/logo\\\/image\\\/\"}}]}<\/script>\n<!-- \/ Yoast SEO plugin. -->","yoast_head_json":{"title":"Kupi\u0107 bilety lotto online","description":"Kupno los\u00f3w na ca\u0142ym \u015bwiecie jest bezpieczne i \u0142atwe - oto jak to dzia\u0142a!","robots":{"index":"index","follow":"follow","max-snippet":"max-snippet:-1","max-image-preview":"max-image-preview:large","max-video-preview":"max-video-preview:-1"},"canonical":"https:\/\/redfoxlotto.com\/pl\/loterie\/","og_locale":"pl_PL","og_type":"article","og_title":"Kupi\u0107 bilety lotto online","og_description":"Kupno los\u00f3w na ca\u0142ym \u015bwiecie jest bezpieczne i \u0142atwe - oto jak to dzia\u0142a!","og_url":"https:\/\/redfoxlotto.com\/pl\/loterie\/","og_site_name":"Get Tickets for the World\u2019s largest jackpots","article_modified_time":"2025-12-18T09:56:39+00:00","og_image":[{"url":"https:\/\/content.redfoxlotto.com\/uploads\/sites\/9\/1_lottery_ticket.jpg","type":"","width":"","height":""}],"twitter_card":"summary_large_image","twitter_misc":{"Szacowany czas czytania":"4 minuty"},"schema":{"@context":"https:\/\/schema.org","@graph":[{"@type":"WebPage","@id":"https:\/\/redfoxlotto.com\/pl\/loterie\/","url":"https:\/\/redfoxlotto.com\/pl\/loterie\/","name":"Kupi\u0107 bilety lotto online","isPartOf":{"@id":"https:\/\/redfoxlotto.com\/pl\/#website"},"primaryImageOfPage":{"@id":"https:\/\/redfoxlotto.com\/pl\/loterie\/#primaryimage"},"image":{"@id":"https:\/\/redfoxlotto.com\/pl\/loterie\/#primaryimage"},"thumbnailUrl":"https:\/\/content.redfoxlotto.com\/uploads\/sites\/9\/1_lottery_ticket.jpg","datePublished":"2023-04-24T14:12:24+00:00","dateModified":"2025-12-18T09:56:39+00:00","description":"Kupno los\u00f3w na ca\u0142ym \u015bwiecie jest bezpieczne i \u0142atwe - oto jak to dzia\u0142a!","breadcrumb":{"@id":"https:\/\/redfoxlotto.com\/pl\/loterie\/#breadcrumb"},"inLanguage":"pl-PL","potentialAction":[{"@type":"ReadAction","target":["https:\/\/redfoxlotto.com\/pl\/loterie\/"]}]},{"@type":"ImageObject","inLanguage":"pl-PL","@id":"https:\/\/redfoxlotto.com\/pl\/loterie\/#primaryimage","url":"https:\/\/content.redfoxlotto.com\/uploads\/sites\/9\/1_lottery_ticket.jpg","contentUrl":"https:\/\/content.redfoxlotto.com\/uploads\/sites\/9\/1_lottery_ticket.jpg"},{"@type":"BreadcrumbList","@id":"https:\/\/redfoxlotto.com\/pl\/loterie\/#breadcrumb","itemListElement":[{"@type":"ListItem","position":1,"name":"Home","item":"https:\/\/redfoxlotto.com\/pl\/"},{"@type":"ListItem","position":2,"name":"Jak kupi\u0107 bilety na loteri\u0119 online &#8211; proces zakupu"}]},{"@type":"WebSite","@id":"https:\/\/redfoxlotto.com\/pl\/#website","url":"https:\/\/redfoxlotto.com\/pl\/","name":"Get Tickets for the World\u2019s largest jackpots","description":"Participate in worldwide lottery jackpots from any country","publisher":{"@id":"https:\/\/redfoxlotto.com\/pl\/#organization"},"potentialAction":[{"@type":"SearchAction","target":{"@type":"EntryPoint","urlTemplate":"https:\/\/redfoxlotto.com\/pl\/?s={search_term_string}"},"query-input":{"@type":"PropertyValueSpecification","valueRequired":true,"valueName":"search_term_string"}}],"inLanguage":"pl-PL"},{"@type":"Organization","@id":"https:\/\/redfoxlotto.com\/pl\/#organization","name":"Get Tickets for the World\u2019s largest jackpots","url":"https:\/\/redfoxlotto.com\/pl\/","logo":{"@type":"ImageObject","inLanguage":"pl-PL","@id":"https:\/\/redfoxlotto.com\/pl\/#\/schema\/logo\/image\/","url":"https:\/\/redfoxlotto.com\/wp-content\/uploads\/2023\/04\/logo.png","contentUrl":"https:\/\/redfoxlotto.com\/wp-content\/uploads\/2023\/04\/logo.png","width":269,"height":53,"caption":"Get Tickets for the World\u2019s largest jackpots"},"image":{"@id":"https:\/\/redfoxlotto.com\/pl\/#\/schema\/logo\/image\/"}}]}},"_links":{"self":[{"href":"https:\/\/redfoxlotto.com\/pl\/wp-json\/wp\/v2\/pages\/5686","targetHints":{"allow":["GET"]}}],"collection":[{"href":"https:\/\/redfoxlotto.com\/pl\/wp-json\/wp\/v2\/pages"}],"about":[{"href":"https:\/\/redfoxlotto.com\/pl\/wp-json\/wp\/v2\/types\/page"}],"author":[{"embeddable":true,"href":"https:\/\/redfoxlotto.com\/pl\/wp-json\/wp\/v2\/users\/1"}],"replies":[{"embeddable":true,"href":"https:\/\/redfoxlotto.com\/pl\/wp-json\/wp\/v2\/comments?post=5686"}],"version-history":[{"count":0,"href":"https:\/\/redfoxlotto.com\/pl\/wp-json\/wp\/v2\/pages\/5686\/revisions"}],"wp:attachment":[{"href":"https:\/\/redfoxlotto.com\/pl\/wp-json\/wp\/v2\/media?parent=5686"}],"curies":[{"name":"wp","href":"https:\/\/api.w.org\/{rel}","templated":true}]}}