{"id":50094,"date":"2023-04-13T18:01:41","date_gmt":"2023-04-13T18:01:41","guid":{"rendered":"https:\/\/redfoxlotto.eu\/?page_id=50094"},"modified":"2026-01-06T08:59:29","modified_gmt":"2026-01-06T08:59:29","slug":"home","status":"publish","type":"page","link":"https:\/\/redfoxlotto.com\/pl\/","title":{"rendered":"Tw\u00f3j kraj zamieszkania nie ma znaczenia, graj na najwi\u0119kszych loteriach na \u015bwiecie"},"content":{"rendered":"<p><script type=\"application\/ld+json\">\n{\n  \"@context\": \"https:\/\/schema.org\",\n  \"@type\": \"Service\",\n  \"name\": \"Graj w Powerball online\",\n  \"url\": \"https:\/\/redfoxlotto.com\/pl\/\",\n  \"description\": \"Najwi\u0119ksze jackpothy loteryjne na \u015bwiecie dost\u0119pne z ka\u017cdego miejsca \u2013 kup losy online ju\u017c teraz!\",\n  \"serviceType\": \"Internetowa us\u0142uga po\u015brednictwa w zakupie los\u00f3w loteryjnych\",\n  \"provider\": {\n    \"@type\": \"Organization\",\n    \"name\": \"RedFoxLotto\",\n    \"url\": \"https:\/\/redfoxlotto.com\/pl\/\",\n    \"image\": \"https:\/\/redfoxlotto.com\/wp-content\/uploads\/2025\/12\/ticket_scans.jpg\"\n  },\n  \"areaServed\": \"Na ca\u0142ym \u015bwiecie\",\n  \"termsOfService\": \"https:\/\/redfoxlotto.com\/terms-and-conditions\",\n  \"additionalProperty\": {\n    \"@type\": \"PropertyValue\",\n    \"name\": \"FAQ\",\n    \"value\": \"https:\/\/redfoxlotto.com\/pl\/faq\/\"\n  },\n  \"hasOfferCatalog\": {\n    \"@type\": \"OfferCatalog\",\n    \"name\": \"Losy loteryjne dla mi\u0119dzynarodowych loterii\",\n    \"itemListElement\": [\n      {\n        \"@type\": \"Offer\",\n        \"name\": \"Losy do Powerball, Mega Millions, Euromillions i innych\",\n        \"url\": \"https:\/\/redfoxlotto.com\/pl\/\",\n        \"description\": \"Kup losy na najwi\u0119ksze jackpothy loteryjne na \u015bwiecie.\",\n        \"availability\": \"https:\/\/schema.org\/InStock\",\n        \"itemOffered\": {\n          \"@type\": \"Service\",\n          \"name\": \"Mi\u0119dzynarodowe losy loteryjne\",\n          \"description\": \"Bierz udzia\u0142 w mi\u0119dzynarodowych loteriach przez RedFoxLotto.\"\n        }\n      }\n    ]\n  },\n  \"mainEntityOfPage\": {\n    \"@type\": \"WebPage\",\n    \"@id\": \"https:\/\/redfoxlotto.com\/pl\/\"\n  }\n}\n<\/script><\/p>\n<h2>Tw\u00f3j kraj zamieszkania nie ma znaczenia \u2013 graj w najwi\u0119ksze loterie na \u015bwiecie<\/h2>\n<p><img loading=\"lazy\" decoding=\"async\" class=\"size-full wp-image-4467 alignright\" src=\"https:\/\/redfoxlotto.com\/wp-content\/uploads\/2024\/03\/Balls_2.png\" alt=\"bilet loterii online\" width=\"212\" height=\"250\" \/>Ile razy s\u0142ysza\u0142e\u015b o zwyci\u0119zcach loterii na ca\u0142ym \u015bwiecie, kt\u00f3rzy wygrali ogromne sumy pieni\u0119dzy? Niestety, te ogromne wygrane by\u0142y osi\u0105gane g\u0142\u00f3wnie w innych krajach. Oczywi\u015bcie, tak\u017ce w Twoim kraju od czasu do czasu pojawiaj\u0105 si\u0119 du\u017ce jackpoty, ale cz\u0119sto potrzeba sporo czasu, aby jackpot sta\u0142 si\u0119 naprawd\u0119 du\u017cy. Je\u015bli wi\u0119c czekasz na du\u017cy jackpot, mo\u017ce by\u0107 potrzebne troch\u0119 cierpliwo\u015bci.<\/p>\n<p>Teraz mo\u017cesz kupowa\u0107 bilety loteryjne online na najwi\u0119ksze jackpoty na \u015bwiecie. Oznacza to, \u017ce mo\u017cesz uczestniczy\u0107 w loteriach poza swoim krajem. Jest to ca\u0142kowicie legalne i bardzo wygodne. Mo\u017cesz zam\u00f3wi\u0107 bilet online w kilku klikni\u0119ciach i zap\u0142aci\u0107 np. kart\u0105 kredytow\u0105 w pe\u0142ni bezpiecznym procesem. Alternatywnie mo\u017cesz skorzysta\u0107 z jednej z naszych innych metod p\u0142atno\u015bci. Wkr\u00f3tce otrzymasz e-mail potwierdzaj\u0105cy. \u017baden bilet nie mo\u017ce zagin\u0105\u0107, a my automatycznie powiadomimy Ci\u0119 o ka\u017cdej wygranej. Dzi\u0119ki temu nie przegapisz wygranej, nawet je\u015bli zapomnisz sprawdzi\u0107 wyniki losowania.<\/p>\n<h2>Najwi\u0119ksza zaleta zakupu biletu online<\/h2>\n<p>Najwi\u0119ksz\u0105 zalet\u0105 jest to, \u017ce zawsze mo\u017cesz kupi\u0107 bilety na loterie z obecnie najwy\u017cszymi jackpotami. Nie ma znaczenia, ile wydajesz na bilety. Zdecydowanie bardziej op\u0142aca si\u0119 zainwestowa\u0107 w jackpot 150 milion\u00f3w ni\u017c w wyp\u0142at\u0119 2 milion\u00f3w. Dzi\u0119ki wi\u0119kszej liczbie loterii online znajdziesz przynajmniej jeden ogromny jackpot w ka\u017cdym tygodniu, co daje lepszy stosunek koszt\u00f3w do potencjalnej wygranej ni\u017c w lokalnej loterii. Czasami jackpoty osi\u0105gaj\u0105 zdumiewaj\u0105ce poziomy.<\/p>\n<p>Rekordowy jackpot \u015bwiata wynosi 2 040 000 000 USD (lipiec 2023). Zosta\u0142 wygrany 22 listopada 2022 roku w ameryka\u0144skim Powerball. 13 stycznia 2016 roku by\u0142 kolejny jackpot o warto\u015bci 1,586 miliarda USD, r\u00f3wnie\u017c wygrany w ameryka\u0144skim Powerball. Trzeci co do wielko\u015bci jackpot w historii zosta\u0142 wygrany w loterii Mega Millions 23 pa\u017adziernika 2018 roku \u2013 szcz\u0119\u015bliwy zwyci\u0119zca otrzyma\u0142 1,537 miliarda USD.<\/p>\n<p>Wiele wcze\u015bniejszych du\u017cych wygranych w tych loteriach zosta\u0142o osi\u0105gni\u0119tych dzi\u0119ki zakupom bilet\u00f3w online.<\/p>\n<h2>Co si\u0119 dzieje po zam\u00f3wieniu biletu online?<\/h2>\n<p><img loading=\"lazy\" decoding=\"async\" class=\"size-medium wp-image-39298 alignright\" src=\"https:\/\/redfoxlotto.com\/wp-content\/uploads\/2023\/04\/1_play_online_lotto.jpg\" alt=\"graj w lotto online\" width=\"300\" height=\"300\" \/>Us\u0142uga RedFoxLotto.com polega na tym, \u017ce mamy pracownik\u00f3w w krajach r\u00f3\u017cnych loterii, kt\u00f3rzy kupuj\u0105 zam\u00f3wione przez Ciebie bilety. To prawdziwe, oficjalne bilety z wybranymi przez Ciebie numerami. Po zakupie otrzymasz e-mail z potwierdzeniem. W swoim panelu klienta mo\u017cesz zobaczy\u0107 zam\u00f3wienie i sprawdzi\u0107 swoje numery. Wkr\u00f3tce po z\u0142o\u017ceniu zam\u00f3wienia zeskanowany bilet zostanie przes\u0142any do Twojego konta.<\/p>\n<h2>A co je\u015bli wygram?<\/h2>\n<p>Wszystkie wygrane do 2 500 \u20ac zostan\u0105 natychmiast zaksi\u0119gowane na Twoim koncie RedFoxLotto. W przypadku wygranych powy\u017cej 2 500 \u20ac nasz dzia\u0142 obs\u0142ugi klienta skontaktuje si\u0119 z Tob\u0105, aby ustali\u0107 wyp\u0142at\u0119, kontaktuj\u0105c si\u0119 w Twoim imieniu z odpowiedni\u0105 komisj\u0105 loterii. Taka wyp\u0142ata zwykle odbywa si\u0119 bezpo\u015brednio na konto bankowe lub w formie czeku.<\/p>\n<p>Przetwarzamy wygrane bez op\u0142at, z wyj\u0105tkiem niewielkiej prowizji za przelewy bankowe do niekt\u00f3rych bank\u00f3w.<\/p>\n<p>Wi\u0119cej informacji znajdziesz w FAQ lub kontaktuj\u0105c si\u0119 z obs\u0142ug\u0105 klienta. Nie ma ju\u017c powodu, aby zadowala\u0107 si\u0119 mniejszymi jackpotami \u2013 wybierz wi\u0119kszy jackpot i zosta\u0144 kolejnym multimilionerem loterii!<\/p>\n","protected":false},"excerpt":{"rendered":"<p>Tw\u00f3j kraj zamieszkania nie ma znaczenia \u2013 graj w najwi\u0119ksze loterie na \u015bwiecie Ile razy s\u0142ysza\u0142e\u015b o zwyci\u0119zcach loterii na ca\u0142ym \u015bwiecie, kt\u00f3rzy wygrali ogromne sumy pieni\u0119dzy? Niestety, te ogromne wygrane by\u0142y osi\u0105gane g\u0142\u00f3wnie w innych krajach. Oczywi\u015bcie, tak\u017ce w Twoim kraju od czasu do czasu pojawiaj\u0105 si\u0119 du\u017ce jackpoty, ale cz\u0119sto potrzeba sporo czasu, [&hellip;]<\/p>\n","protected":false},"author":1,"featured_media":0,"parent":0,"menu_order":1,"comment_status":"closed","ping_status":"closed","template":"lotto.php","meta":{"_et_pb_use_builder":"","_et_pb_old_content":"","_et_gb_content_width":"","exclude_from_search":false,"footnotes":""},"class_list":["post-50094","page","type-page","status-publish","hentry"],"yoast_head":"<!-- This site is optimized with the Yoast SEO plugin v23.8 - https:\/\/yoast.com\/wordpress\/plugins\/seo\/ -->\n<title>Loteria online | Kup bilety na najwi\u0119ksze na \u015bwiecie lotto jackpoty<\/title>\n<meta name=\"description\" content=\"Najwi\u0119ksze na \u015bwiecie jackpoty lotto dost\u0119pne z dowolnego miejsca - kup teraz swoje losy na loteri\u0119 online!\" \/>\n<meta name=\"robots\" content=\"index, follow, max-snippet:-1, max-image-preview:large, max-video-preview:-1\" \/>\n<link rel=\"canonical\" href=\"https:\/\/redfoxlotto.com\/pl\/\" \/>\n<meta property=\"og:locale\" content=\"pl_PL\" \/>\n<meta property=\"og:type\" content=\"article\" \/>\n<meta property=\"og:title\" content=\"Loteria online | Kup bilety na najwi\u0119ksze na \u015bwiecie lotto jackpoty\" \/>\n<meta property=\"og:description\" content=\"Najwi\u0119ksze na \u015bwiecie jackpoty lotto dost\u0119pne z dowolnego miejsca - kup teraz swoje losy na loteri\u0119 online!\" \/>\n<meta property=\"og:url\" content=\"https:\/\/redfoxlotto.com\/pl\/\" \/>\n<meta property=\"og:site_name\" content=\"Get Tickets for the World\u2019s largest jackpots\" \/>\n<meta property=\"article:modified_time\" content=\"2026-01-06T08:59:29+00:00\" \/>\n<meta property=\"og:image\" content=\"https:\/\/redfoxlotto.com\/wp-content\/uploads\/2024\/03\/Balls_2.png\" \/>\n<meta name=\"twitter:card\" content=\"summary_large_image\" \/>\n<meta name=\"twitter:label1\" content=\"Szacowany czas czytania\" \/>\n\t<meta name=\"twitter:data1\" content=\"4 minuty\" \/>\n<script type=\"application\/ld+json\" class=\"yoast-schema-graph\">{\"@context\":\"https:\/\/schema.org\",\"@graph\":[{\"@type\":\"WebPage\",\"@id\":\"https:\/\/redfoxlotto.com\/pl\/\",\"url\":\"https:\/\/redfoxlotto.com\/pl\/\",\"name\":\"Loteria online | Kup bilety na najwi\u0119ksze na \u015bwiecie lotto jackpoty\",\"isPartOf\":{\"@id\":\"https:\/\/redfoxlotto.com\/pl\/#website\"},\"primaryImageOfPage\":{\"@id\":\"https:\/\/redfoxlotto.com\/pl\/#primaryimage\"},\"image\":{\"@id\":\"https:\/\/redfoxlotto.com\/pl\/#primaryimage\"},\"thumbnailUrl\":\"https:\/\/redfoxlotto.com\/wp-content\/uploads\/2024\/03\/Balls_2.png\",\"datePublished\":\"2023-04-13T18:01:41+00:00\",\"dateModified\":\"2026-01-06T08:59:29+00:00\",\"description\":\"Najwi\u0119ksze na \u015bwiecie jackpoty lotto dost\u0119pne z dowolnego miejsca - kup teraz swoje losy na loteri\u0119 online!\",\"breadcrumb\":{\"@id\":\"https:\/\/redfoxlotto.com\/pl\/#breadcrumb\"},\"inLanguage\":\"pl-PL\",\"potentialAction\":[{\"@type\":\"ReadAction\",\"target\":[\"https:\/\/redfoxlotto.com\/pl\/\"]}]},{\"@type\":\"ImageObject\",\"inLanguage\":\"pl-PL\",\"@id\":\"https:\/\/redfoxlotto.com\/pl\/#primaryimage\",\"url\":\"https:\/\/redfoxlotto.com\/wp-content\/uploads\/2024\/03\/Balls_2.png\",\"contentUrl\":\"https:\/\/redfoxlotto.com\/wp-content\/uploads\/2024\/03\/Balls_2.png\"},{\"@type\":\"BreadcrumbList\",\"@id\":\"https:\/\/redfoxlotto.com\/pl\/#breadcrumb\",\"itemListElement\":[{\"@type\":\"ListItem\",\"position\":1,\"name\":\"Home\",\"item\":\"https:\/\/redfoxlotto.com\/pl\/\"},{\"@type\":\"ListItem\",\"position\":2,\"name\":\"Tw\u00f3j kraj zamieszkania nie ma znaczenia, graj na najwi\u0119kszych loteriach na \u015bwiecie\"}]},{\"@type\":\"WebSite\",\"@id\":\"https:\/\/redfoxlotto.com\/pl\/#website\",\"url\":\"https:\/\/redfoxlotto.com\/pl\/\",\"name\":\"Get Tickets for the World\u2019s largest jackpots\",\"description\":\"Participate in worldwide lottery jackpots from any country\",\"publisher\":{\"@id\":\"https:\/\/redfoxlotto.com\/pl\/#organization\"},\"potentialAction\":[{\"@type\":\"SearchAction\",\"target\":{\"@type\":\"EntryPoint\",\"urlTemplate\":\"https:\/\/redfoxlotto.com\/pl\/?s={search_term_string}\"},\"query-input\":{\"@type\":\"PropertyValueSpecification\",\"valueRequired\":true,\"valueName\":\"search_term_string\"}}],\"inLanguage\":\"pl-PL\"},{\"@type\":\"Organization\",\"@id\":\"https:\/\/redfoxlotto.com\/pl\/#organization\",\"name\":\"Get Tickets for the World\u2019s largest jackpots\",\"url\":\"https:\/\/redfoxlotto.com\/pl\/\",\"logo\":{\"@type\":\"ImageObject\",\"inLanguage\":\"pl-PL\",\"@id\":\"https:\/\/redfoxlotto.com\/pl\/#\/schema\/logo\/image\/\",\"url\":\"https:\/\/redfoxlotto.com\/wp-content\/uploads\/2023\/04\/logo.png\",\"contentUrl\":\"https:\/\/redfoxlotto.com\/wp-content\/uploads\/2023\/04\/logo.png\",\"width\":269,\"height\":53,\"caption\":\"Get Tickets for the World\u2019s largest jackpots\"},\"image\":{\"@id\":\"https:\/\/redfoxlotto.com\/pl\/#\/schema\/logo\/image\/\"}}]}<\/script>\n<!-- \/ Yoast SEO plugin. -->","yoast_head_json":{"title":"Loteria online | Kup bilety na najwi\u0119ksze na \u015bwiecie lotto jackpoty","description":"Najwi\u0119ksze na \u015bwiecie jackpoty lotto dost\u0119pne z dowolnego miejsca - kup teraz swoje losy na loteri\u0119 online!","robots":{"index":"index","follow":"follow","max-snippet":"max-snippet:-1","max-image-preview":"max-image-preview:large","max-video-preview":"max-video-preview:-1"},"canonical":"https:\/\/redfoxlotto.com\/pl\/","og_locale":"pl_PL","og_type":"article","og_title":"Loteria online | Kup bilety na najwi\u0119ksze na \u015bwiecie lotto jackpoty","og_description":"Najwi\u0119ksze na \u015bwiecie jackpoty lotto dost\u0119pne z dowolnego miejsca - kup teraz swoje losy na loteri\u0119 online!","og_url":"https:\/\/redfoxlotto.com\/pl\/","og_site_name":"Get Tickets for the World\u2019s largest jackpots","article_modified_time":"2026-01-06T08:59:29+00:00","og_image":[{"url":"https:\/\/redfoxlotto.com\/wp-content\/uploads\/2024\/03\/Balls_2.png"}],"twitter_card":"summary_large_image","twitter_misc":{"Szacowany czas czytania":"4 minuty"},"schema":{"@context":"https:\/\/schema.org","@graph":[{"@type":"WebPage","@id":"https:\/\/redfoxlotto.com\/pl\/","url":"https:\/\/redfoxlotto.com\/pl\/","name":"Loteria online | Kup bilety na najwi\u0119ksze na \u015bwiecie lotto jackpoty","isPartOf":{"@id":"https:\/\/redfoxlotto.com\/pl\/#website"},"primaryImageOfPage":{"@id":"https:\/\/redfoxlotto.com\/pl\/#primaryimage"},"image":{"@id":"https:\/\/redfoxlotto.com\/pl\/#primaryimage"},"thumbnailUrl":"https:\/\/redfoxlotto.com\/wp-content\/uploads\/2024\/03\/Balls_2.png","datePublished":"2023-04-13T18:01:41+00:00","dateModified":"2026-01-06T08:59:29+00:00","description":"Najwi\u0119ksze na \u015bwiecie jackpoty lotto dost\u0119pne z dowolnego miejsca - kup teraz swoje losy na loteri\u0119 online!","breadcrumb":{"@id":"https:\/\/redfoxlotto.com\/pl\/#breadcrumb"},"inLanguage":"pl-PL","potentialAction":[{"@type":"ReadAction","target":["https:\/\/redfoxlotto.com\/pl\/"]}]},{"@type":"ImageObject","inLanguage":"pl-PL","@id":"https:\/\/redfoxlotto.com\/pl\/#primaryimage","url":"https:\/\/redfoxlotto.com\/wp-content\/uploads\/2024\/03\/Balls_2.png","contentUrl":"https:\/\/redfoxlotto.com\/wp-content\/uploads\/2024\/03\/Balls_2.png"},{"@type":"BreadcrumbList","@id":"https:\/\/redfoxlotto.com\/pl\/#breadcrumb","itemListElement":[{"@type":"ListItem","position":1,"name":"Home","item":"https:\/\/redfoxlotto.com\/pl\/"},{"@type":"ListItem","position":2,"name":"Tw\u00f3j kraj zamieszkania nie ma znaczenia, graj na najwi\u0119kszych loteriach na \u015bwiecie"}]},{"@type":"WebSite","@id":"https:\/\/redfoxlotto.com\/pl\/#website","url":"https:\/\/redfoxlotto.com\/pl\/","name":"Get Tickets for the World\u2019s largest jackpots","description":"Participate in worldwide lottery jackpots from any country","publisher":{"@id":"https:\/\/redfoxlotto.com\/pl\/#organization"},"potentialAction":[{"@type":"SearchAction","target":{"@type":"EntryPoint","urlTemplate":"https:\/\/redfoxlotto.com\/pl\/?s={search_term_string}"},"query-input":{"@type":"PropertyValueSpecification","valueRequired":true,"valueName":"search_term_string"}}],"inLanguage":"pl-PL"},{"@type":"Organization","@id":"https:\/\/redfoxlotto.com\/pl\/#organization","name":"Get Tickets for the World\u2019s largest jackpots","url":"https:\/\/redfoxlotto.com\/pl\/","logo":{"@type":"ImageObject","inLanguage":"pl-PL","@id":"https:\/\/redfoxlotto.com\/pl\/#\/schema\/logo\/image\/","url":"https:\/\/redfoxlotto.com\/wp-content\/uploads\/2023\/04\/logo.png","contentUrl":"https:\/\/redfoxlotto.com\/wp-content\/uploads\/2023\/04\/logo.png","width":269,"height":53,"caption":"Get Tickets for the World\u2019s largest jackpots"},"image":{"@id":"https:\/\/redfoxlotto.com\/pl\/#\/schema\/logo\/image\/"}}]}},"_links":{"self":[{"href":"https:\/\/redfoxlotto.com\/pl\/wp-json\/wp\/v2\/pages\/50094","targetHints":{"allow":["GET"]}}],"collection":[{"href":"https:\/\/redfoxlotto.com\/pl\/wp-json\/wp\/v2\/pages"}],"about":[{"href":"https:\/\/redfoxlotto.com\/pl\/wp-json\/wp\/v2\/types\/page"}],"author":[{"embeddable":true,"href":"https:\/\/redfoxlotto.com\/pl\/wp-json\/wp\/v2\/users\/1"}],"replies":[{"embeddable":true,"href":"https:\/\/redfoxlotto.com\/pl\/wp-json\/wp\/v2\/comments?post=50094"}],"version-history":[{"count":0,"href":"https:\/\/redfoxlotto.com\/pl\/wp-json\/wp\/v2\/pages\/50094\/revisions"}],"wp:attachment":[{"href":"https:\/\/redfoxlotto.com\/pl\/wp-json\/wp\/v2\/media?parent=50094"}],"curies":[{"name":"wp","href":"https:\/\/api.w.org\/{rel}","templated":true}]}}