{"id":14481,"date":"2020-08-18T09:19:26","date_gmt":"2020-08-18T09:19:26","guid":{"rendered":"https:\/\/redfoxlotto.com\/?page_id=14481"},"modified":"2023-05-24T17:25:22","modified_gmt":"2023-05-24T17:25:22","slug":"lotto-6aus49","status":"publish","type":"page","link":"https:\/\/redfoxlotto.com\/pl\/loterie\/lotto-6aus49\/","title":{"rendered":"O niemieckim Lotto 6 aus 49"},"content":{"rendered":"<h2 class=\"wp-block-heading\">Bilety kuponowe na niemieckie Lotto 6aus49 Online<\/h2><p><img decoding=\"async\" class=\"pe\u0142ny rozmiar wp-image alignright\" src=\"https:\/\/content.redfoxlotto.com\/uploads\/sites\/9\/1_buy_lottery_online.jpg\" alt=\"niemieckie kupony lotto\"><\/p><p>Kiedy ju\u017c zdecydujesz, \u017ce chcesz gra\u0107 w niemieckim lotto, nadszed\u0142 czas, aby rzeczywi\u015bcie kupi\u0107 bilety. Ale tylko jak kupi\u0107 bilety na niemiecki lotto 6aus49 online? To jest rzeczywi\u015bcie \u0142atwiejsze, ni\u017c mog\u0142oby si\u0119 wydawa\u0107. Wszystko, co musisz zrobi\u0107, to odwiedzi\u0107 RedFoxLotto.com, aby zacz\u0105\u0107.<\/p><!--more--><h2 class=\"wp-block-heading\">Wybieranie swoich numer\u00f3w<\/h2><p>Kiedy jeste\u015b gotowy do gry, po prostu wybierz 6 liczb pomi\u0119dzy 1 a 49 i 1 pomi\u0119dzy 0 a 9. To wszystko co trzeba. Nast\u0119pnie, je\u015bli wybierzesz przynajmniej 3 liczby, wygrasz co\u015b w grze. Dobierz jeszcze wi\u0119cej i wygrasz jeszcze wi\u0119cej.<\/p><h2 class=\"wp-block-heading\">Kupuj\u0105c swoje bilety<\/h2><p><img loading=\"lazy\" decoding=\"async\" class=\"pe\u0142ny rozmiar wp-image alignright\" src=\"https:\/\/content.redfoxlotto.com\/uploads\/sites\/9\/1_lottery_draw_balls.jpg\" alt=\"wygraj loteri\u0119 online\" width=\"242\" height=\"242\" \/><\/p><p>Teraz ju\u017c wiesz, jak wybra\u0107 swoje numery, ale jak zamierzasz kupi\u0107 bilety? To proste. Zaloguj si\u0119 na RedFoxLotto.com i wybierz numery, kt\u00f3re chcesz wybra\u0107 do gry, kt\u00f3r\u0105 chcesz. Mo\u017ce to by\u0107 ta lub jaka\u015b inna gra. Nast\u0119pnie wybierz ilo\u015b\u0107 rysunk\u00f3w, do kt\u00f3rych chcesz, aby Twoje bilety by\u0142y dobre i wpisz preferowan\u0105 metod\u0119 p\u0142atno\u015bci.<\/p><p>Po wprowadzeniu informacji o p\u0142atno\u015bci i sfinalizowaniu zakupu, wystarczy poczeka\u0107, aby dowiedzie\u0107 si\u0119, czy wygra\u0142e\u015b cokolwiek.<\/p><h2 class=\"wp-block-heading\">Czy wygra\u0142e\u015b<\/h2><p>Je\u015bli kupisz bilety na niemieckie Lotto 6aus49 online, chcesz r\u00f3wnie\u017c dowiedzie\u0107 si\u0119, czy wygra\u0142e\u015b online, a to jest \u0142atwiejsze ni\u017c mog\u0142oby si\u0119 wydawa\u0107. Wszystko, co musisz zrobi\u0107, to zalogowa\u0107 si\u0119 na swoje konto i sprawdzi\u0107 w sekcji bilety, aby zobaczy\u0107 zwyci\u0119skie numery i jak Twoje numery por\u00f3wna\u0107.<\/p>","protected":false},"excerpt":{"rendered":"<p>Bilety kuponowe na niemieckie Lotto 6aus49 Online Kiedy ju\u017c zdecydujesz, \u017ce chcesz gra\u0107 w niemieckim lotto, nadszed\u0142 czas, aby rzeczywi\u015bcie kupi\u0107 bilety. Ale tylko jak kupi\u0107 bilety na niemiecki lotto 6aus49 online? To jest rzeczywi\u015bcie \u0142atwiejsze, ni\u017c mog\u0142oby si\u0119 wydawa\u0107. Wszystko, co musisz zrobi\u0107, to odwiedzi\u0107 RedFoxLotto.com, aby zacz\u0105\u0107.<\/p>\n","protected":false},"author":1,"featured_media":0,"parent":5686,"menu_order":15,"comment_status":"closed","ping_status":"closed","template":"lotto-german-info.php","meta":{"_et_pb_use_builder":"","_et_pb_old_content":"","_et_gb_content_width":"","exclude_from_search":false,"footnotes":""},"class_list":["post-14481","page","type-page","status-publish","hentry"],"yoast_head":"<!-- This site is optimized with the Yoast SEO plugin v23.8 - https:\/\/yoast.com\/wordpress\/plugins\/seo\/ -->\n<title>Zdob\u0105d\u017a bilety na niemieckie Lotto online<\/title>\n<meta name=\"description\" content=\"Fani lotto z poza Niemiec mog\u0105 teraz dosta\u0107 bilety na &quot;6 aus 49&quot; online\" \/>\n<meta name=\"robots\" content=\"index, follow, max-snippet:-1, max-image-preview:large, max-video-preview:-1\" \/>\n<link rel=\"canonical\" href=\"https:\/\/redfoxlotto.com\/pl\/loterie\/lotto-6aus49\/\" \/>\n<meta property=\"og:locale\" content=\"pl_PL\" \/>\n<meta property=\"og:type\" content=\"article\" \/>\n<meta property=\"og:title\" content=\"Zdob\u0105d\u017a bilety na niemieckie Lotto online\" \/>\n<meta property=\"og:description\" content=\"Fani lotto z poza Niemiec mog\u0105 teraz dosta\u0107 bilety na &quot;6 aus 49&quot; online\" \/>\n<meta property=\"og:url\" content=\"https:\/\/redfoxlotto.com\/pl\/loterie\/lotto-6aus49\/\" \/>\n<meta property=\"og:site_name\" content=\"Get Tickets for the World\u2019s largest jackpots\" \/>\n<meta property=\"article:modified_time\" content=\"2023-05-24T17:25:22+00:00\" \/>\n<meta property=\"og:image\" content=\"https:\/\/content.redfoxlotto.com\/uploads\/sites\/9\/1_buy_lottery_online.jpg\" \/>\n<meta name=\"twitter:card\" content=\"summary_large_image\" \/>\n<meta name=\"twitter:label1\" content=\"Szacowany czas czytania\" \/>\n\t<meta name=\"twitter:data1\" content=\"2 minuty\" \/>\n<script type=\"application\/ld+json\" class=\"yoast-schema-graph\">{\"@context\":\"https:\/\/schema.org\",\"@graph\":[{\"@type\":\"WebPage\",\"@id\":\"https:\/\/redfoxlotto.com\/pl\/loterie\/lotto-6aus49\/\",\"url\":\"https:\/\/redfoxlotto.com\/pl\/loterie\/lotto-6aus49\/\",\"name\":\"Zdob\u0105d\u017a bilety na niemieckie Lotto online\",\"isPartOf\":{\"@id\":\"https:\/\/redfoxlotto.com\/pl\/#website\"},\"primaryImageOfPage\":{\"@id\":\"https:\/\/redfoxlotto.com\/pl\/loterie\/lotto-6aus49\/#primaryimage\"},\"image\":{\"@id\":\"https:\/\/redfoxlotto.com\/pl\/loterie\/lotto-6aus49\/#primaryimage\"},\"thumbnailUrl\":\"https:\/\/content.redfoxlotto.com\/uploads\/sites\/9\/1_buy_lottery_online.jpg\",\"datePublished\":\"2020-08-18T09:19:26+00:00\",\"dateModified\":\"2023-05-24T17:25:22+00:00\",\"description\":\"Fani lotto z poza Niemiec mog\u0105 teraz dosta\u0107 bilety na \\\"6 aus 49\\\" online\",\"breadcrumb\":{\"@id\":\"https:\/\/redfoxlotto.com\/pl\/loterie\/lotto-6aus49\/#breadcrumb\"},\"inLanguage\":\"pl-PL\",\"potentialAction\":[{\"@type\":\"ReadAction\",\"target\":[\"https:\/\/redfoxlotto.com\/pl\/loterie\/lotto-6aus49\/\"]}]},{\"@type\":\"ImageObject\",\"inLanguage\":\"pl-PL\",\"@id\":\"https:\/\/redfoxlotto.com\/pl\/loterie\/lotto-6aus49\/#primaryimage\",\"url\":\"https:\/\/content.redfoxlotto.com\/uploads\/sites\/9\/1_buy_lottery_online.jpg\",\"contentUrl\":\"https:\/\/content.redfoxlotto.com\/uploads\/sites\/9\/1_buy_lottery_online.jpg\"},{\"@type\":\"BreadcrumbList\",\"@id\":\"https:\/\/redfoxlotto.com\/pl\/loterie\/lotto-6aus49\/#breadcrumb\",\"itemListElement\":[{\"@type\":\"ListItem\",\"position\":1,\"name\":\"Home\",\"item\":\"https:\/\/redfoxlotto.com\/pl\/\"},{\"@type\":\"ListItem\",\"position\":2,\"name\":\"Jak kupi\u0107 bilety na loteri\u0119 online &#8211; proces zakupu\",\"item\":\"https:\/\/redfoxlotto.com\/pl\/loterie\/\"},{\"@type\":\"ListItem\",\"position\":3,\"name\":\"O niemieckim Lotto 6 aus 49\"}]},{\"@type\":\"WebSite\",\"@id\":\"https:\/\/redfoxlotto.com\/pl\/#website\",\"url\":\"https:\/\/redfoxlotto.com\/pl\/\",\"name\":\"Get Tickets for the World\u2019s largest jackpots\",\"description\":\"Participate in worldwide lottery jackpots from any country\",\"publisher\":{\"@id\":\"https:\/\/redfoxlotto.com\/pl\/#organization\"},\"potentialAction\":[{\"@type\":\"SearchAction\",\"target\":{\"@type\":\"EntryPoint\",\"urlTemplate\":\"https:\/\/redfoxlotto.com\/pl\/?s={search_term_string}\"},\"query-input\":{\"@type\":\"PropertyValueSpecification\",\"valueRequired\":true,\"valueName\":\"search_term_string\"}}],\"inLanguage\":\"pl-PL\"},{\"@type\":\"Organization\",\"@id\":\"https:\/\/redfoxlotto.com\/pl\/#organization\",\"name\":\"Get Tickets for the World\u2019s largest jackpots\",\"url\":\"https:\/\/redfoxlotto.com\/pl\/\",\"logo\":{\"@type\":\"ImageObject\",\"inLanguage\":\"pl-PL\",\"@id\":\"https:\/\/redfoxlotto.com\/pl\/#\/schema\/logo\/image\/\",\"url\":\"https:\/\/redfoxlotto.com\/wp-content\/uploads\/2023\/04\/logo.png\",\"contentUrl\":\"https:\/\/redfoxlotto.com\/wp-content\/uploads\/2023\/04\/logo.png\",\"width\":269,\"height\":53,\"caption\":\"Get Tickets for the World\u2019s largest jackpots\"},\"image\":{\"@id\":\"https:\/\/redfoxlotto.com\/pl\/#\/schema\/logo\/image\/\"}}]}<\/script>\n<!-- \/ Yoast SEO plugin. -->","yoast_head_json":{"title":"Zdob\u0105d\u017a bilety na niemieckie Lotto online","description":"Fani lotto z poza Niemiec mog\u0105 teraz dosta\u0107 bilety na \"6 aus 49\" online","robots":{"index":"index","follow":"follow","max-snippet":"max-snippet:-1","max-image-preview":"max-image-preview:large","max-video-preview":"max-video-preview:-1"},"canonical":"https:\/\/redfoxlotto.com\/pl\/loterie\/lotto-6aus49\/","og_locale":"pl_PL","og_type":"article","og_title":"Zdob\u0105d\u017a bilety na niemieckie Lotto online","og_description":"Fani lotto z poza Niemiec mog\u0105 teraz dosta\u0107 bilety na \"6 aus 49\" online","og_url":"https:\/\/redfoxlotto.com\/pl\/loterie\/lotto-6aus49\/","og_site_name":"Get Tickets for the World\u2019s largest jackpots","article_modified_time":"2023-05-24T17:25:22+00:00","og_image":[{"url":"https:\/\/content.redfoxlotto.com\/uploads\/sites\/9\/1_buy_lottery_online.jpg"}],"twitter_card":"summary_large_image","twitter_misc":{"Szacowany czas czytania":"2 minuty"},"schema":{"@context":"https:\/\/schema.org","@graph":[{"@type":"WebPage","@id":"https:\/\/redfoxlotto.com\/pl\/loterie\/lotto-6aus49\/","url":"https:\/\/redfoxlotto.com\/pl\/loterie\/lotto-6aus49\/","name":"Zdob\u0105d\u017a bilety na niemieckie Lotto online","isPartOf":{"@id":"https:\/\/redfoxlotto.com\/pl\/#website"},"primaryImageOfPage":{"@id":"https:\/\/redfoxlotto.com\/pl\/loterie\/lotto-6aus49\/#primaryimage"},"image":{"@id":"https:\/\/redfoxlotto.com\/pl\/loterie\/lotto-6aus49\/#primaryimage"},"thumbnailUrl":"https:\/\/content.redfoxlotto.com\/uploads\/sites\/9\/1_buy_lottery_online.jpg","datePublished":"2020-08-18T09:19:26+00:00","dateModified":"2023-05-24T17:25:22+00:00","description":"Fani lotto z poza Niemiec mog\u0105 teraz dosta\u0107 bilety na \"6 aus 49\" online","breadcrumb":{"@id":"https:\/\/redfoxlotto.com\/pl\/loterie\/lotto-6aus49\/#breadcrumb"},"inLanguage":"pl-PL","potentialAction":[{"@type":"ReadAction","target":["https:\/\/redfoxlotto.com\/pl\/loterie\/lotto-6aus49\/"]}]},{"@type":"ImageObject","inLanguage":"pl-PL","@id":"https:\/\/redfoxlotto.com\/pl\/loterie\/lotto-6aus49\/#primaryimage","url":"https:\/\/content.redfoxlotto.com\/uploads\/sites\/9\/1_buy_lottery_online.jpg","contentUrl":"https:\/\/content.redfoxlotto.com\/uploads\/sites\/9\/1_buy_lottery_online.jpg"},{"@type":"BreadcrumbList","@id":"https:\/\/redfoxlotto.com\/pl\/loterie\/lotto-6aus49\/#breadcrumb","itemListElement":[{"@type":"ListItem","position":1,"name":"Home","item":"https:\/\/redfoxlotto.com\/pl\/"},{"@type":"ListItem","position":2,"name":"Jak kupi\u0107 bilety na loteri\u0119 online &#8211; proces zakupu","item":"https:\/\/redfoxlotto.com\/pl\/loterie\/"},{"@type":"ListItem","position":3,"name":"O niemieckim Lotto 6 aus 49"}]},{"@type":"WebSite","@id":"https:\/\/redfoxlotto.com\/pl\/#website","url":"https:\/\/redfoxlotto.com\/pl\/","name":"Get Tickets for the World\u2019s largest jackpots","description":"Participate in worldwide lottery jackpots from any country","publisher":{"@id":"https:\/\/redfoxlotto.com\/pl\/#organization"},"potentialAction":[{"@type":"SearchAction","target":{"@type":"EntryPoint","urlTemplate":"https:\/\/redfoxlotto.com\/pl\/?s={search_term_string}"},"query-input":{"@type":"PropertyValueSpecification","valueRequired":true,"valueName":"search_term_string"}}],"inLanguage":"pl-PL"},{"@type":"Organization","@id":"https:\/\/redfoxlotto.com\/pl\/#organization","name":"Get Tickets for the World\u2019s largest jackpots","url":"https:\/\/redfoxlotto.com\/pl\/","logo":{"@type":"ImageObject","inLanguage":"pl-PL","@id":"https:\/\/redfoxlotto.com\/pl\/#\/schema\/logo\/image\/","url":"https:\/\/redfoxlotto.com\/wp-content\/uploads\/2023\/04\/logo.png","contentUrl":"https:\/\/redfoxlotto.com\/wp-content\/uploads\/2023\/04\/logo.png","width":269,"height":53,"caption":"Get Tickets for the World\u2019s largest jackpots"},"image":{"@id":"https:\/\/redfoxlotto.com\/pl\/#\/schema\/logo\/image\/"}}]}},"_links":{"self":[{"href":"https:\/\/redfoxlotto.com\/pl\/wp-json\/wp\/v2\/pages\/14481","targetHints":{"allow":["GET"]}}],"collection":[{"href":"https:\/\/redfoxlotto.com\/pl\/wp-json\/wp\/v2\/pages"}],"about":[{"href":"https:\/\/redfoxlotto.com\/pl\/wp-json\/wp\/v2\/types\/page"}],"author":[{"embeddable":true,"href":"https:\/\/redfoxlotto.com\/pl\/wp-json\/wp\/v2\/users\/1"}],"replies":[{"embeddable":true,"href":"https:\/\/redfoxlotto.com\/pl\/wp-json\/wp\/v2\/comments?post=14481"}],"version-history":[{"count":0,"href":"https:\/\/redfoxlotto.com\/pl\/wp-json\/wp\/v2\/pages\/14481\/revisions"}],"up":[{"embeddable":true,"href":"https:\/\/redfoxlotto.com\/pl\/wp-json\/wp\/v2\/pages\/5686"}],"wp:attachment":[{"href":"https:\/\/redfoxlotto.com\/pl\/wp-json\/wp\/v2\/media?parent=14481"}],"curies":[{"name":"wp","href":"https:\/\/api.w.org\/{rel}","templated":true}]}}