{"id":14435,"date":"2020-08-18T09:13:31","date_gmt":"2020-08-18T09:13:31","guid":{"rendered":"https:\/\/redfoxlotto.com\/?page_id=14435"},"modified":"2023-05-24T17:28:33","modified_gmt":"2023-05-24T17:28:33","slug":"lotto-at","status":"publish","type":"page","link":"https:\/\/redfoxlotto.com\/pl\/loterie\/lotto-at\/","title":{"rendered":"O austriackim Lotto"},"content":{"rendered":"<h2 class=\"wp-block-heading\">Bilety kuponowe na Austriak Lotto Online<\/h2><p><img loading=\"lazy\" decoding=\"async\" class=\" wp-image alignright\" src=\"https:\/\/content.redfoxlotto.com\/uploads\/sites\/9\/1_buy_lotto_to_win.jpg\" alt=\"losy lotto austria online\" width=\"241\" height=\"153\" \/><\/p><p>Je\u015bli chodzi o czas, aby kupi\u0107 bilety na Austrian Lotto online musisz wiedzie\u0107, jak to zrobi\u0107 dobrze? Ale najpierw chcesz wiedzie\u0107, po co masz zamiar si\u0119 przejmowa\u0107. To jest w\u0142a\u015bciwie proste pytanie, na kt\u00f3re nale\u017cy odpowiedzie\u0107, poniewa\u017c ta gra jest zdecydowanie zabawna.<\/p><!--more--><p>Mo\u017cesz wybra\u0107 6 liczb, kt\u00f3re musisz dopasowa\u0107, aby otrzyma\u0107 jackpota. Ale mo\u017cesz co\u015b wygra\u0107, je\u015bli dopasujesz co najmniej 2 liczby na losowaniu. Dopasowanie jeszcze wi\u0119kszej liczby liczb da Ci jeszcze wy\u017csz\u0105 wygran\u0105, a lepsze nagrody b\u0119d\u0105 dost\u0119pne w najwy\u017cszych meczach.<\/p><h2 class=\"wp-block-heading\">Jak kupi\u0107 bilety na Austriak Lotto Online<\/h2><p>Je\u015bli jeste\u015b gotowy do zakupu bilet\u00f3w, pierwsz\u0105 rzecz\u0105, kt\u00f3r\u0105 musisz zrobi\u0107, to znale\u017a\u0107 stron\u0119 internetow\u0105, na kt\u00f3rej s\u0105 one oferowane. Na szcz\u0119\u015bcie dla Ciebie, RedFoxLotto.com jest najlepszym miejscem do zakupu Twoich bilet\u00f3w i u\u0142atwi Ci szybkie wybranie tego, czego szukasz.<\/p><p>Mo\u017cesz wybra\u0107 swoje numery, lub mo\u017cesz wybra\u0107 \u0142atwy do wyboru bilet, gdzie numery zostan\u0105 wybrane dla Ciebie. Nast\u0119pnie dokonujesz p\u0142atno\u015bci swoj\u0105 ulubion\u0105 metod\u0105 p\u0142atno\u015bci. To b\u0119dzie pstrykni\u0119cie, aby dokona\u0107 p\u0142atno\u015bci i potwierdzi\u0107 swoje zam\u00f3wienie. Nast\u0119pnie po prostu czekaj na zwyci\u0119skie numery.<\/p><h2 class=\"wp-block-heading\">Co to s\u0105 zwyci\u0119skie numery<\/h2><p>Po zakupie bilet\u00f3w na Austrian Lotto online i zako\u0144czeniu losowania, mo\u017cna sprawdzi\u0107 swoj\u0105 sekcj\u0119 bilet\u00f3w mo\u017cna zobaczy\u0107 wszystkie numery, kt\u00f3re zosta\u0142y dopasowane do zwyci\u0119skich numer\u00f3w i co by\u0107 mo\u017ce wygra\u0142e\u015b.<\/p>","protected":false},"excerpt":{"rendered":"<p>Bilety kuponowe na Austriak Lotto Online Je\u015bli chodzi o czas, aby kupi\u0107 bilety na Austrian Lotto online musisz wiedzie\u0107, jak to zrobi\u0107 dobrze? Ale najpierw chcesz wiedzie\u0107, po co masz zamiar si\u0119 przejmowa\u0107. To jest w\u0142a\u015bciwie proste pytanie, na kt\u00f3re nale\u017cy odpowiedzie\u0107, poniewa\u017c ta gra jest zdecydowanie zabawna.<\/p>\n","protected":false},"author":1,"featured_media":0,"parent":5686,"menu_order":16,"comment_status":"closed","ping_status":"closed","template":"","meta":{"_et_pb_use_builder":"","_et_pb_old_content":"","_et_gb_content_width":"","exclude_from_search":false,"footnotes":""},"class_list":["post-14435","page","type-page","status-publish","hentry"],"yoast_head":"<!-- This site is optimized with the Yoast SEO plugin v27.4 - https:\/\/yoast.com\/product\/yoast-seo-wordpress\/ -->\n<title>Zdob\u0105d\u017a sw\u00f3j bilet na Austrian Lotto online<\/title>\n<meta name=\"description\" content=\"S\u0142ysza\u0142e\u015b kiedy\u015b o Lotto Austria? Mo\u017cesz dosta\u0107 bilety online tutaj!\" \/>\n<meta name=\"robots\" content=\"index, follow, max-snippet:-1, max-image-preview:large, max-video-preview:-1\" \/>\n<link rel=\"canonical\" href=\"https:\/\/redfoxlotto.com\/pl\/loterie\/lotto-at\/\" \/>\n<meta property=\"og:locale\" content=\"pl_PL\" \/>\n<meta property=\"og:type\" content=\"article\" \/>\n<meta property=\"og:title\" content=\"Zdob\u0105d\u017a sw\u00f3j bilet na Austrian Lotto online\" \/>\n<meta property=\"og:description\" content=\"S\u0142ysza\u0142e\u015b kiedy\u015b o Lotto Austria? Mo\u017cesz dosta\u0107 bilety online tutaj!\" \/>\n<meta property=\"og:url\" content=\"https:\/\/redfoxlotto.com\/pl\/loterie\/lotto-at\/\" \/>\n<meta property=\"og:site_name\" content=\"Get Tickets for the World\u2019s largest jackpots\" \/>\n<meta property=\"article:modified_time\" content=\"2023-05-24T17:28:33+00:00\" \/>\n<meta property=\"og:image\" content=\"https:\/\/content.redfoxlotto.com\/uploads\/sites\/9\/1_buy_lotto_to_win.jpg\" \/>\n<meta name=\"twitter:card\" content=\"summary_large_image\" \/>\n<meta name=\"twitter:label1\" content=\"Szacowany czas czytania\" \/>\n\t<meta name=\"twitter:data1\" content=\"2 minuty\" \/>\n<script type=\"application\/ld+json\" class=\"yoast-schema-graph\">{\"@context\":\"https:\\\/\\\/schema.org\",\"@graph\":[{\"@type\":\"WebPage\",\"@id\":\"https:\\\/\\\/redfoxlotto.com\\\/pl\\\/loterie\\\/lotto-at\\\/\",\"url\":\"https:\\\/\\\/redfoxlotto.com\\\/pl\\\/loterie\\\/lotto-at\\\/\",\"name\":\"Zdob\u0105d\u017a sw\u00f3j bilet na Austrian Lotto online\",\"isPartOf\":{\"@id\":\"https:\\\/\\\/redfoxlotto.com\\\/pl\\\/#website\"},\"primaryImageOfPage\":{\"@id\":\"https:\\\/\\\/redfoxlotto.com\\\/pl\\\/loterie\\\/lotto-at\\\/#primaryimage\"},\"image\":{\"@id\":\"https:\\\/\\\/redfoxlotto.com\\\/pl\\\/loterie\\\/lotto-at\\\/#primaryimage\"},\"thumbnailUrl\":\"https:\\\/\\\/content.redfoxlotto.com\\\/uploads\\\/sites\\\/9\\\/1_buy_lotto_to_win.jpg\",\"datePublished\":\"2020-08-18T09:13:31+00:00\",\"dateModified\":\"2023-05-24T17:28:33+00:00\",\"description\":\"S\u0142ysza\u0142e\u015b kiedy\u015b o Lotto Austria? Mo\u017cesz dosta\u0107 bilety online tutaj!\",\"breadcrumb\":{\"@id\":\"https:\\\/\\\/redfoxlotto.com\\\/pl\\\/loterie\\\/lotto-at\\\/#breadcrumb\"},\"inLanguage\":\"pl-PL\",\"potentialAction\":[{\"@type\":\"ReadAction\",\"target\":[\"https:\\\/\\\/redfoxlotto.com\\\/pl\\\/loterie\\\/lotto-at\\\/\"]}]},{\"@type\":\"ImageObject\",\"inLanguage\":\"pl-PL\",\"@id\":\"https:\\\/\\\/redfoxlotto.com\\\/pl\\\/loterie\\\/lotto-at\\\/#primaryimage\",\"url\":\"https:\\\/\\\/content.redfoxlotto.com\\\/uploads\\\/sites\\\/9\\\/1_buy_lotto_to_win.jpg\",\"contentUrl\":\"https:\\\/\\\/content.redfoxlotto.com\\\/uploads\\\/sites\\\/9\\\/1_buy_lotto_to_win.jpg\"},{\"@type\":\"BreadcrumbList\",\"@id\":\"https:\\\/\\\/redfoxlotto.com\\\/pl\\\/loterie\\\/lotto-at\\\/#breadcrumb\",\"itemListElement\":[{\"@type\":\"ListItem\",\"position\":1,\"name\":\"Home\",\"item\":\"https:\\\/\\\/redfoxlotto.com\\\/pl\\\/\"},{\"@type\":\"ListItem\",\"position\":2,\"name\":\"Jak kupi\u0107 bilety na loteri\u0119 online &#8211; proces zakupu\",\"item\":\"https:\\\/\\\/redfoxlotto.com\\\/pl\\\/loterie\\\/\"},{\"@type\":\"ListItem\",\"position\":3,\"name\":\"O austriackim Lotto\"}]},{\"@type\":\"WebSite\",\"@id\":\"https:\\\/\\\/redfoxlotto.com\\\/pl\\\/#website\",\"url\":\"https:\\\/\\\/redfoxlotto.com\\\/pl\\\/\",\"name\":\"Get Tickets for the World\u2019s largest jackpots\",\"description\":\"Participate in worldwide lottery jackpots from any country\",\"publisher\":{\"@id\":\"https:\\\/\\\/redfoxlotto.com\\\/pl\\\/#organization\"},\"potentialAction\":[{\"@type\":\"SearchAction\",\"target\":{\"@type\":\"EntryPoint\",\"urlTemplate\":\"https:\\\/\\\/redfoxlotto.com\\\/pl\\\/?s={search_term_string}\"},\"query-input\":{\"@type\":\"PropertyValueSpecification\",\"valueRequired\":true,\"valueName\":\"search_term_string\"}}],\"inLanguage\":\"pl-PL\"},{\"@type\":\"Organization\",\"@id\":\"https:\\\/\\\/redfoxlotto.com\\\/pl\\\/#organization\",\"name\":\"Get Tickets for the World\u2019s largest jackpots\",\"url\":\"https:\\\/\\\/redfoxlotto.com\\\/pl\\\/\",\"logo\":{\"@type\":\"ImageObject\",\"inLanguage\":\"pl-PL\",\"@id\":\"https:\\\/\\\/redfoxlotto.com\\\/pl\\\/#\\\/schema\\\/logo\\\/image\\\/\",\"url\":\"https:\\\/\\\/redfoxlotto.com\\\/wp-content\\\/uploads\\\/2023\\\/04\\\/logo.png\",\"contentUrl\":\"https:\\\/\\\/redfoxlotto.com\\\/wp-content\\\/uploads\\\/2023\\\/04\\\/logo.png\",\"width\":269,\"height\":53,\"caption\":\"Get Tickets for the World\u2019s largest jackpots\"},\"image\":{\"@id\":\"https:\\\/\\\/redfoxlotto.com\\\/pl\\\/#\\\/schema\\\/logo\\\/image\\\/\"}}]}<\/script>\n<!-- \/ Yoast SEO plugin. -->","yoast_head_json":{"title":"Zdob\u0105d\u017a sw\u00f3j bilet na Austrian Lotto online","description":"S\u0142ysza\u0142e\u015b kiedy\u015b o Lotto Austria? Mo\u017cesz dosta\u0107 bilety online tutaj!","robots":{"index":"index","follow":"follow","max-snippet":"max-snippet:-1","max-image-preview":"max-image-preview:large","max-video-preview":"max-video-preview:-1"},"canonical":"https:\/\/redfoxlotto.com\/pl\/loterie\/lotto-at\/","og_locale":"pl_PL","og_type":"article","og_title":"Zdob\u0105d\u017a sw\u00f3j bilet na Austrian Lotto online","og_description":"S\u0142ysza\u0142e\u015b kiedy\u015b o Lotto Austria? Mo\u017cesz dosta\u0107 bilety online tutaj!","og_url":"https:\/\/redfoxlotto.com\/pl\/loterie\/lotto-at\/","og_site_name":"Get Tickets for the World\u2019s largest jackpots","article_modified_time":"2023-05-24T17:28:33+00:00","og_image":[{"url":"https:\/\/content.redfoxlotto.com\/uploads\/sites\/9\/1_buy_lotto_to_win.jpg","type":"","width":"","height":""}],"twitter_card":"summary_large_image","twitter_misc":{"Szacowany czas czytania":"2 minuty"},"schema":{"@context":"https:\/\/schema.org","@graph":[{"@type":"WebPage","@id":"https:\/\/redfoxlotto.com\/pl\/loterie\/lotto-at\/","url":"https:\/\/redfoxlotto.com\/pl\/loterie\/lotto-at\/","name":"Zdob\u0105d\u017a sw\u00f3j bilet na Austrian Lotto online","isPartOf":{"@id":"https:\/\/redfoxlotto.com\/pl\/#website"},"primaryImageOfPage":{"@id":"https:\/\/redfoxlotto.com\/pl\/loterie\/lotto-at\/#primaryimage"},"image":{"@id":"https:\/\/redfoxlotto.com\/pl\/loterie\/lotto-at\/#primaryimage"},"thumbnailUrl":"https:\/\/content.redfoxlotto.com\/uploads\/sites\/9\/1_buy_lotto_to_win.jpg","datePublished":"2020-08-18T09:13:31+00:00","dateModified":"2023-05-24T17:28:33+00:00","description":"S\u0142ysza\u0142e\u015b kiedy\u015b o Lotto Austria? Mo\u017cesz dosta\u0107 bilety online tutaj!","breadcrumb":{"@id":"https:\/\/redfoxlotto.com\/pl\/loterie\/lotto-at\/#breadcrumb"},"inLanguage":"pl-PL","potentialAction":[{"@type":"ReadAction","target":["https:\/\/redfoxlotto.com\/pl\/loterie\/lotto-at\/"]}]},{"@type":"ImageObject","inLanguage":"pl-PL","@id":"https:\/\/redfoxlotto.com\/pl\/loterie\/lotto-at\/#primaryimage","url":"https:\/\/content.redfoxlotto.com\/uploads\/sites\/9\/1_buy_lotto_to_win.jpg","contentUrl":"https:\/\/content.redfoxlotto.com\/uploads\/sites\/9\/1_buy_lotto_to_win.jpg"},{"@type":"BreadcrumbList","@id":"https:\/\/redfoxlotto.com\/pl\/loterie\/lotto-at\/#breadcrumb","itemListElement":[{"@type":"ListItem","position":1,"name":"Home","item":"https:\/\/redfoxlotto.com\/pl\/"},{"@type":"ListItem","position":2,"name":"Jak kupi\u0107 bilety na loteri\u0119 online &#8211; proces zakupu","item":"https:\/\/redfoxlotto.com\/pl\/loterie\/"},{"@type":"ListItem","position":3,"name":"O austriackim Lotto"}]},{"@type":"WebSite","@id":"https:\/\/redfoxlotto.com\/pl\/#website","url":"https:\/\/redfoxlotto.com\/pl\/","name":"Get Tickets for the World\u2019s largest jackpots","description":"Participate in worldwide lottery jackpots from any country","publisher":{"@id":"https:\/\/redfoxlotto.com\/pl\/#organization"},"potentialAction":[{"@type":"SearchAction","target":{"@type":"EntryPoint","urlTemplate":"https:\/\/redfoxlotto.com\/pl\/?s={search_term_string}"},"query-input":{"@type":"PropertyValueSpecification","valueRequired":true,"valueName":"search_term_string"}}],"inLanguage":"pl-PL"},{"@type":"Organization","@id":"https:\/\/redfoxlotto.com\/pl\/#organization","name":"Get Tickets for the World\u2019s largest jackpots","url":"https:\/\/redfoxlotto.com\/pl\/","logo":{"@type":"ImageObject","inLanguage":"pl-PL","@id":"https:\/\/redfoxlotto.com\/pl\/#\/schema\/logo\/image\/","url":"https:\/\/redfoxlotto.com\/wp-content\/uploads\/2023\/04\/logo.png","contentUrl":"https:\/\/redfoxlotto.com\/wp-content\/uploads\/2023\/04\/logo.png","width":269,"height":53,"caption":"Get Tickets for the World\u2019s largest jackpots"},"image":{"@id":"https:\/\/redfoxlotto.com\/pl\/#\/schema\/logo\/image\/"}}]}},"_links":{"self":[{"href":"https:\/\/redfoxlotto.com\/pl\/wp-json\/wp\/v2\/pages\/14435","targetHints":{"allow":["GET"]}}],"collection":[{"href":"https:\/\/redfoxlotto.com\/pl\/wp-json\/wp\/v2\/pages"}],"about":[{"href":"https:\/\/redfoxlotto.com\/pl\/wp-json\/wp\/v2\/types\/page"}],"author":[{"embeddable":true,"href":"https:\/\/redfoxlotto.com\/pl\/wp-json\/wp\/v2\/users\/1"}],"replies":[{"embeddable":true,"href":"https:\/\/redfoxlotto.com\/pl\/wp-json\/wp\/v2\/comments?post=14435"}],"version-history":[{"count":0,"href":"https:\/\/redfoxlotto.com\/pl\/wp-json\/wp\/v2\/pages\/14435\/revisions"}],"up":[{"embeddable":true,"href":"https:\/\/redfoxlotto.com\/pl\/wp-json\/wp\/v2\/pages\/5686"}],"wp:attachment":[{"href":"https:\/\/redfoxlotto.com\/pl\/wp-json\/wp\/v2\/media?parent=14435"}],"curies":[{"name":"wp","href":"https:\/\/api.w.org\/{rel}","templated":true}]}}