{"id":14397,"date":"2020-08-18T09:10:34","date_gmt":"2020-08-18T09:10:34","guid":{"rendered":"https:\/\/redfoxlotto.com\/?page_id=14397"},"modified":"2023-05-24T17:25:06","modified_gmt":"2023-05-24T17:25:06","slug":"lotto-america","status":"publish","type":"page","link":"https:\/\/redfoxlotto.com\/pl\/loterie\/lotto-america\/","title":{"rendered":"O Lotto America"},"content":{"rendered":"<h2 class=\"wp-block-heading\">Bilety na Lotto America online<\/h2><p><img loading=\"lazy\" decoding=\"async\" class=\" wp-image alignright\" src=\"https:\/\/content.redfoxlotto.com\/uploads\/sites\/9\/1_ticket_online_buying.jpg\" alt=\"lotto ameryka bilet online\" width=\"254\" height=\"171\" \/><\/p><p>Kiedy przychodzi do zakupu bilet\u00f3w na loteri\u0119 online, chcesz mie\u0107 pewno\u015b\u0107, \u017ce dostajesz si\u0119 na najlepszych gier. Ale czy w og\u00f3le s\u0142ysza\u0142e\u015b o wszystkich r\u00f3\u017cnych grach, kt\u00f3re tam s\u0105? Prawdopodobnie nie. Zw\u0142aszcza, \u017ce istniej\u0105 gry w innych krajach, w kt\u00f3re mo\u017cesz gra\u0107 online. Gry takie jak Lotto America.<\/p><!--more--><h2 class=\"wp-block-heading\">Co to jest Lotto Ameryka?<\/h2><p>Lotto America to gra wielostanowiskowa, kt\u00f3ra jest rozgrywana w Stanach Zjednoczonych. M\u00f3wi\u0105c dok\u0142adniej, gra si\u0119 j\u0105 w 13 stanach w ca\u0142ym kraju. Ale nie musisz mieszka\u0107 w jednym z tych stan\u00f3w, aby gra\u0107. Mo\u017cna w ni\u0105 gra\u0107 z dowolnego miejsca na \u015bwiecie. I tu w\u0142a\u015bnie pojawia si\u0119 zabawa. Poniewa\u017c ta gra jest szans\u0105 dla Ciebie, aby sta\u0107 si\u0119 multi-milionerem, i jest to super prosta gra do gry.<\/p><h2 class=\"wp-block-heading\">Kupowanie bilet\u00f3w<\/h2><p><img loading=\"lazy\" decoding=\"async\" class=\" wp-image alignright\" src=\"https:\/\/content.redfoxlotto.com\/uploads\/sites\/9\/1_usa_lottery_win.jpg\" alt=\"lotto ameryka\" width=\"262\" height=\"173\" \/><\/p><p>Je\u017celi interesuje ci\u0119 gra w Lotto America, musisz tylko wiedzie\u0107, gdzie zdoby\u0107 bilety. Ale tylko jak kupi\u0107 bilety na Lotto America online? Potrzebujesz us\u0142ugi, kt\u00f3ra pomo\u017ce Ci i to jest, gdzie RedFoxLotto przychodzi. Mo\u017cemy pom\u00f3c Ci zdoby\u0107 bilety na t\u0119 gr\u0119 lub inne gry loteryjne, w kt\u00f3re mo\u017cesz gra\u0107 na ca\u0142ym \u015bwiecie. Wystarczy kilka krok\u00f3w, aby rozpocz\u0105\u0107 gr\u0119. Pierwszym z nich jest za\u0142o\u017cenie konta w RedFoxLotto. Jest to \u0142atwe do zrobienia i zajmuje tylko kilka minut, aby w pe\u0142ni si\u0119 skonfigurowa\u0107 i by\u0107 gotowym do pracy. Stamt\u0105d b\u0119dziesz m\u00f3g\u0142 rozpocz\u0105\u0107 przegl\u0105danie wszystkich r\u00f3\u017cnych gier loteryjnych, kt\u00f3re s\u0105 dost\u0119pne. Mo\u017cesz chcie\u0107 Lotto America lub co\u015b innego (lub kilka r\u00f3\u017cnych gier). Kiedy ju\u017c zdecydujesz si\u0119 na gr\u0119 i b\u0119dziesz gotowy do gry w Lotto America, nadszed\u0142 czas, aby zacz\u0105\u0107 wybiera\u0107 swoje numery. To jest, gdzie b\u0119dziesz mia\u0142 wiele r\u00f3\u017cnych opcji i to jest, gdzie cz\u0119\u015b\u0107 zabawy jest naprawd\u0119 b\u0119dzie zacz\u0105\u0107.<\/p><h2 class=\"wp-block-heading\">Wybranie swoich numer\u00f3w<\/h2><p>Jest pi\u0119\u0107 standardowych numer\u00f3w i jeden bonusowy numer z Lotto America. Mo\u017cesz wybra\u0107 te, kt\u00f3re chcesz, aby otrzyma\u0107 kombinacj\u0119, kt\u00f3ra Twoim zdaniem jest szcz\u0119\u015bliwa lub kt\u00f3ra co\u015b dla Ciebie znaczy. Ale co je\u015bli nie znasz tych liczb, kt\u00f3re chcesz? A co je\u015bli masz tylko kilka specjalnych numer\u00f3w, kt\u00f3re chcesz zagra\u0107? To te\u017c nie jest problem, poniewa\u017c mo\u017cesz wybra\u0107, kt\u00f3re liczby chcesz i wype\u0142ni\u0107 je losowo. Albo mo\u017cesz u\u017cy\u0107 generatora liczb, aby wybra\u0107 wszystkie swoje liczby dla Ciebie.<\/p><h2 class=\"wp-block-heading\">Poczekaj na wyniki<\/h2><p>Kiedy wybierzesz swoje numery, mo\u017cesz wybra\u0107, ile bilet\u00f3w chcesz i na jakie gry. Nast\u0119pnie mo\u017cesz zap\u0142aci\u0107 za bilety i po prostu czeka\u0107 na nast\u0119pne losowanie. Mo\u017cesz r\u00f3wnie\u017c wybra\u0107 dodatkowe bilety na niekt\u00f3re z innych gier, kt\u00f3re odbywaj\u0105 si\u0119 na ca\u0142ym \u015bwiecie, je\u015bli chcesz mie\u0107 jeszcze wi\u0119ksze szanse na wygranie nagrody gdzie\u015b. Kiedy pojawi\u0105 si\u0119 wyniki gry, b\u0119dziesz m\u00f3g\u0142 od razu zobaczy\u0107 zwyci\u0119skie liczby i jak uk\u0142adaj\u0105 si\u0119 Twoje w\u0142asne numery. Co wi\u0119cej, b\u0119dziesz m\u00f3g\u0142 zobaczy\u0107, co wygra\u0142e\u015b, a swoje wygrane otrzymasz tak szybko. To proste, zabawne i w mgnieniu oka b\u0119dziesz gotowy do wybrania kolejnych los\u00f3w. A skoro to takie proste, to w\u0142a\u015bnie to b\u0119dziesz chcia\u0142 zrobi\u0107. Jedyne co musisz zrobi\u0107, to zdecydowa\u0107, w kt\u00f3re gry gra\u0107.<\/p>","protected":false},"excerpt":{"rendered":"<p>Bilety na Lotto America online Kiedy przychodzi do zakupu bilet\u00f3w na loteri\u0119 online, chcesz mie\u0107 pewno\u015b\u0107, \u017ce dostajesz si\u0119 na najlepszych gier. Ale czy w og\u00f3le s\u0142ysza\u0142e\u015b o wszystkich r\u00f3\u017cnych grach, kt\u00f3re tam s\u0105? Prawdopodobnie nie. Zw\u0142aszcza, \u017ce istniej\u0105 gry w innych krajach, w kt\u00f3re mo\u017cesz gra\u0107 online. Gry takie jak Lotto America.<\/p>\n","protected":false},"author":1,"featured_media":0,"parent":5686,"menu_order":12,"comment_status":"closed","ping_status":"closed","template":"lotto-america-info.php","meta":{"_et_pb_use_builder":"","_et_pb_old_content":"","_et_gb_content_width":"","exclude_from_search":false,"footnotes":""},"class_list":["post-14397","page","type-page","status-publish","hentry"],"yoast_head":"<!-- This site is optimized with the Yoast SEO plugin v23.8 - https:\/\/yoast.com\/wordpress\/plugins\/seo\/ -->\n<title>Kup bilety na Lotto America online<\/title>\n<meta name=\"description\" content=\"Je\u015bli chcia\u0142by\u015b wygra\u0107 w Lotto America, kup bilet online teraz!\" \/>\n<meta name=\"robots\" content=\"index, follow, max-snippet:-1, max-image-preview:large, max-video-preview:-1\" \/>\n<link rel=\"canonical\" href=\"https:\/\/redfoxlotto.com\/pl\/loterie\/lotto-america\/\" \/>\n<meta property=\"og:locale\" content=\"pl_PL\" \/>\n<meta property=\"og:type\" content=\"article\" \/>\n<meta property=\"og:title\" content=\"Kup bilety na Lotto America online\" \/>\n<meta property=\"og:description\" content=\"Je\u015bli chcia\u0142by\u015b wygra\u0107 w Lotto America, kup bilet online teraz!\" \/>\n<meta property=\"og:url\" content=\"https:\/\/redfoxlotto.com\/pl\/loterie\/lotto-america\/\" \/>\n<meta property=\"og:site_name\" content=\"Get Tickets for the World\u2019s largest jackpots\" \/>\n<meta property=\"article:modified_time\" content=\"2023-05-24T17:25:06+00:00\" \/>\n<meta property=\"og:image\" content=\"https:\/\/content.redfoxlotto.com\/uploads\/sites\/9\/1_ticket_online_buying.jpg\" \/>\n<meta name=\"twitter:card\" content=\"summary_large_image\" \/>\n<meta name=\"twitter:label1\" content=\"Szacowany czas czytania\" \/>\n\t<meta name=\"twitter:data1\" content=\"3 minuty\" \/>\n<script type=\"application\/ld+json\" class=\"yoast-schema-graph\">{\"@context\":\"https:\/\/schema.org\",\"@graph\":[{\"@type\":\"WebPage\",\"@id\":\"https:\/\/redfoxlotto.com\/pl\/loterie\/lotto-america\/\",\"url\":\"https:\/\/redfoxlotto.com\/pl\/loterie\/lotto-america\/\",\"name\":\"Kup bilety na Lotto America online\",\"isPartOf\":{\"@id\":\"https:\/\/redfoxlotto.com\/pl\/#website\"},\"primaryImageOfPage\":{\"@id\":\"https:\/\/redfoxlotto.com\/pl\/loterie\/lotto-america\/#primaryimage\"},\"image\":{\"@id\":\"https:\/\/redfoxlotto.com\/pl\/loterie\/lotto-america\/#primaryimage\"},\"thumbnailUrl\":\"https:\/\/content.redfoxlotto.com\/uploads\/sites\/9\/1_ticket_online_buying.jpg\",\"datePublished\":\"2020-08-18T09:10:34+00:00\",\"dateModified\":\"2023-05-24T17:25:06+00:00\",\"description\":\"Je\u015bli chcia\u0142by\u015b wygra\u0107 w Lotto America, kup bilet online teraz!\",\"breadcrumb\":{\"@id\":\"https:\/\/redfoxlotto.com\/pl\/loterie\/lotto-america\/#breadcrumb\"},\"inLanguage\":\"pl-PL\",\"potentialAction\":[{\"@type\":\"ReadAction\",\"target\":[\"https:\/\/redfoxlotto.com\/pl\/loterie\/lotto-america\/\"]}]},{\"@type\":\"ImageObject\",\"inLanguage\":\"pl-PL\",\"@id\":\"https:\/\/redfoxlotto.com\/pl\/loterie\/lotto-america\/#primaryimage\",\"url\":\"https:\/\/content.redfoxlotto.com\/uploads\/sites\/9\/1_ticket_online_buying.jpg\",\"contentUrl\":\"https:\/\/content.redfoxlotto.com\/uploads\/sites\/9\/1_ticket_online_buying.jpg\"},{\"@type\":\"BreadcrumbList\",\"@id\":\"https:\/\/redfoxlotto.com\/pl\/loterie\/lotto-america\/#breadcrumb\",\"itemListElement\":[{\"@type\":\"ListItem\",\"position\":1,\"name\":\"Home\",\"item\":\"https:\/\/redfoxlotto.com\/pl\/\"},{\"@type\":\"ListItem\",\"position\":2,\"name\":\"Jak kupi\u0107 bilety na loteri\u0119 online &#8211; proces zakupu\",\"item\":\"https:\/\/redfoxlotto.com\/pl\/loterie\/\"},{\"@type\":\"ListItem\",\"position\":3,\"name\":\"O Lotto America\"}]},{\"@type\":\"WebSite\",\"@id\":\"https:\/\/redfoxlotto.com\/pl\/#website\",\"url\":\"https:\/\/redfoxlotto.com\/pl\/\",\"name\":\"Get Tickets for the World\u2019s largest jackpots\",\"description\":\"Participate in worldwide lottery jackpots from any country\",\"publisher\":{\"@id\":\"https:\/\/redfoxlotto.com\/pl\/#organization\"},\"potentialAction\":[{\"@type\":\"SearchAction\",\"target\":{\"@type\":\"EntryPoint\",\"urlTemplate\":\"https:\/\/redfoxlotto.com\/pl\/?s={search_term_string}\"},\"query-input\":{\"@type\":\"PropertyValueSpecification\",\"valueRequired\":true,\"valueName\":\"search_term_string\"}}],\"inLanguage\":\"pl-PL\"},{\"@type\":\"Organization\",\"@id\":\"https:\/\/redfoxlotto.com\/pl\/#organization\",\"name\":\"Get Tickets for the World\u2019s largest jackpots\",\"url\":\"https:\/\/redfoxlotto.com\/pl\/\",\"logo\":{\"@type\":\"ImageObject\",\"inLanguage\":\"pl-PL\",\"@id\":\"https:\/\/redfoxlotto.com\/pl\/#\/schema\/logo\/image\/\",\"url\":\"https:\/\/redfoxlotto.com\/wp-content\/uploads\/2023\/04\/logo.png\",\"contentUrl\":\"https:\/\/redfoxlotto.com\/wp-content\/uploads\/2023\/04\/logo.png\",\"width\":269,\"height\":53,\"caption\":\"Get Tickets for the World\u2019s largest jackpots\"},\"image\":{\"@id\":\"https:\/\/redfoxlotto.com\/pl\/#\/schema\/logo\/image\/\"}}]}<\/script>\n<!-- \/ Yoast SEO plugin. -->","yoast_head_json":{"title":"Kup bilety na Lotto America online","description":"Je\u015bli chcia\u0142by\u015b wygra\u0107 w Lotto America, kup bilet online teraz!","robots":{"index":"index","follow":"follow","max-snippet":"max-snippet:-1","max-image-preview":"max-image-preview:large","max-video-preview":"max-video-preview:-1"},"canonical":"https:\/\/redfoxlotto.com\/pl\/loterie\/lotto-america\/","og_locale":"pl_PL","og_type":"article","og_title":"Kup bilety na Lotto America online","og_description":"Je\u015bli chcia\u0142by\u015b wygra\u0107 w Lotto America, kup bilet online teraz!","og_url":"https:\/\/redfoxlotto.com\/pl\/loterie\/lotto-america\/","og_site_name":"Get Tickets for the World\u2019s largest jackpots","article_modified_time":"2023-05-24T17:25:06+00:00","og_image":[{"url":"https:\/\/content.redfoxlotto.com\/uploads\/sites\/9\/1_ticket_online_buying.jpg"}],"twitter_card":"summary_large_image","twitter_misc":{"Szacowany czas czytania":"3 minuty"},"schema":{"@context":"https:\/\/schema.org","@graph":[{"@type":"WebPage","@id":"https:\/\/redfoxlotto.com\/pl\/loterie\/lotto-america\/","url":"https:\/\/redfoxlotto.com\/pl\/loterie\/lotto-america\/","name":"Kup bilety na Lotto America online","isPartOf":{"@id":"https:\/\/redfoxlotto.com\/pl\/#website"},"primaryImageOfPage":{"@id":"https:\/\/redfoxlotto.com\/pl\/loterie\/lotto-america\/#primaryimage"},"image":{"@id":"https:\/\/redfoxlotto.com\/pl\/loterie\/lotto-america\/#primaryimage"},"thumbnailUrl":"https:\/\/content.redfoxlotto.com\/uploads\/sites\/9\/1_ticket_online_buying.jpg","datePublished":"2020-08-18T09:10:34+00:00","dateModified":"2023-05-24T17:25:06+00:00","description":"Je\u015bli chcia\u0142by\u015b wygra\u0107 w Lotto America, kup bilet online teraz!","breadcrumb":{"@id":"https:\/\/redfoxlotto.com\/pl\/loterie\/lotto-america\/#breadcrumb"},"inLanguage":"pl-PL","potentialAction":[{"@type":"ReadAction","target":["https:\/\/redfoxlotto.com\/pl\/loterie\/lotto-america\/"]}]},{"@type":"ImageObject","inLanguage":"pl-PL","@id":"https:\/\/redfoxlotto.com\/pl\/loterie\/lotto-america\/#primaryimage","url":"https:\/\/content.redfoxlotto.com\/uploads\/sites\/9\/1_ticket_online_buying.jpg","contentUrl":"https:\/\/content.redfoxlotto.com\/uploads\/sites\/9\/1_ticket_online_buying.jpg"},{"@type":"BreadcrumbList","@id":"https:\/\/redfoxlotto.com\/pl\/loterie\/lotto-america\/#breadcrumb","itemListElement":[{"@type":"ListItem","position":1,"name":"Home","item":"https:\/\/redfoxlotto.com\/pl\/"},{"@type":"ListItem","position":2,"name":"Jak kupi\u0107 bilety na loteri\u0119 online &#8211; proces zakupu","item":"https:\/\/redfoxlotto.com\/pl\/loterie\/"},{"@type":"ListItem","position":3,"name":"O Lotto America"}]},{"@type":"WebSite","@id":"https:\/\/redfoxlotto.com\/pl\/#website","url":"https:\/\/redfoxlotto.com\/pl\/","name":"Get Tickets for the World\u2019s largest jackpots","description":"Participate in worldwide lottery jackpots from any country","publisher":{"@id":"https:\/\/redfoxlotto.com\/pl\/#organization"},"potentialAction":[{"@type":"SearchAction","target":{"@type":"EntryPoint","urlTemplate":"https:\/\/redfoxlotto.com\/pl\/?s={search_term_string}"},"query-input":{"@type":"PropertyValueSpecification","valueRequired":true,"valueName":"search_term_string"}}],"inLanguage":"pl-PL"},{"@type":"Organization","@id":"https:\/\/redfoxlotto.com\/pl\/#organization","name":"Get Tickets for the World\u2019s largest jackpots","url":"https:\/\/redfoxlotto.com\/pl\/","logo":{"@type":"ImageObject","inLanguage":"pl-PL","@id":"https:\/\/redfoxlotto.com\/pl\/#\/schema\/logo\/image\/","url":"https:\/\/redfoxlotto.com\/wp-content\/uploads\/2023\/04\/logo.png","contentUrl":"https:\/\/redfoxlotto.com\/wp-content\/uploads\/2023\/04\/logo.png","width":269,"height":53,"caption":"Get Tickets for the World\u2019s largest jackpots"},"image":{"@id":"https:\/\/redfoxlotto.com\/pl\/#\/schema\/logo\/image\/"}}]}},"_links":{"self":[{"href":"https:\/\/redfoxlotto.com\/pl\/wp-json\/wp\/v2\/pages\/14397","targetHints":{"allow":["GET"]}}],"collection":[{"href":"https:\/\/redfoxlotto.com\/pl\/wp-json\/wp\/v2\/pages"}],"about":[{"href":"https:\/\/redfoxlotto.com\/pl\/wp-json\/wp\/v2\/types\/page"}],"author":[{"embeddable":true,"href":"https:\/\/redfoxlotto.com\/pl\/wp-json\/wp\/v2\/users\/1"}],"replies":[{"embeddable":true,"href":"https:\/\/redfoxlotto.com\/pl\/wp-json\/wp\/v2\/comments?post=14397"}],"version-history":[{"count":0,"href":"https:\/\/redfoxlotto.com\/pl\/wp-json\/wp\/v2\/pages\/14397\/revisions"}],"up":[{"embeddable":true,"href":"https:\/\/redfoxlotto.com\/pl\/wp-json\/wp\/v2\/pages\/5686"}],"wp:attachment":[{"href":"https:\/\/redfoxlotto.com\/pl\/wp-json\/wp\/v2\/media?parent=14397"}],"curies":[{"name":"wp","href":"https:\/\/api.w.org\/{rel}","templated":true}]}}