{"id":14361,"date":"2022-09-26T12:33:09","date_gmt":"2022-09-26T12:33:09","guid":{"rendered":"https:\/\/redfoxlotto.com\/?page_id=14361"},"modified":"2023-05-24T17:28:16","modified_gmt":"2023-05-24T17:28:16","slug":"thunderball","status":"publish","type":"page","link":"https:\/\/redfoxlotto.com\/pl\/loterie\/thunderball\/","title":{"rendered":"O Thunderball"},"content":{"rendered":"<h2 class=\"wp-block-heading\">Bilety na Thunderball UK Lotto Online<\/h2><p><img loading=\"lazy\" decoding=\"async\" class=\" wp-image alignright\" src=\"https:\/\/content.redfoxlotto.com\/uploads\/sites\/9\/1_online_lottery_jackpot_win.jpg\" alt=\"kup piorun online\" width=\"228\" height=\"207\" \/><\/p><p>Zawsze, gdy jeste\u015b gotowy do zakupu bilet\u00f3w na Thunderball UK Lotto online, mo\u017cesz przyjrze\u0107 si\u0119 bli\u017cej opcji na RedFoxLotto.com. Mo\u017cesz by\u0107 nawet zaskoczony, jak \u0142atwo jest gra\u0107. Wszystko co musisz zrobi\u0107, to wybra\u0107 5 regularnych numer\u00f3w i 1 Thunderball. Nast\u0119pnie wybierz dat\u0119 losowania. W ten spos\u00f3b mo\u017cesz wygra\u0107 tylko z jedn\u0105 pasuj\u0105c\u0105 liczb\u0105!<\/p><!--more--><h2 class=\"wp-block-heading\">Kupienie bilet\u00f3w na Thunderball UK Lotto<\/h2><p>Kiedy nadszed\u0142 czas, aby kupi\u0107 bilety na Thunderball UK Lotto online b\u0119dziesz potrzebowa\u0142 us\u0142ugi, kt\u00f3ra pozwala wybra\u0107 bilety, kt\u00f3re chcesz, z ka\u017cdej gry, kt\u00f3r\u0105 chcesz. Tam, gdzie RedFoxLotto.com wchodzi w gr\u0119. Mo\u017cesz wybra\u0107 dowoln\u0105 gr\u0119, w kt\u00f3r\u0105 chcesz gra\u0107 i wybra\u0107 bilety, kt\u00f3re chcesz.<\/p><p>Wybierasz numery, w kt\u00f3re chcesz zagra\u0107, lub za pomoc\u0105 Quick Pick&#8217;a wybierasz numery dla siebie. Nast\u0119pnie wybierasz daty i liczb\u0119 rysunk\u00f3w oraz ulubion\u0105 metod\u0119 p\u0142atno\u015bci. Po zakupie los\u00f3w po prostu czekaj na losowanie i miejmy nadziej\u0119 na dobre wie\u015bci, kt\u00f3re nast\u0105pi\u0105 po nim.<\/p><h2 class=\"wp-block-heading\">Sprawdzanie Twoich zwyci\u0119skich numer\u00f3w<\/h2><p>Po zako\u0144czeniu losowania mo\u017cesz zalogowa\u0107 si\u0119 ponownie na swoje konto na RedFoxLotto.com, aby zobaczy\u0107 jak wypadaj\u0105 Twoje numery bilet\u00f3w w por\u00f3wnaniu do numer\u00f3w zwyci\u0119skich. To b\u0119dzie w\u0142a\u015bnie tam na Twoim koncie i b\u0119dzie to dla Ciebie o wiele \u0142atwiejsze. Wszystko, co musisz zrobi\u0107, to zobaczy\u0107, kt\u00f3re numery s\u0105 pod\u015bwietlone, aby zobaczy\u0107, kt\u00f3re z nich pasuj\u0105.<\/p>","protected":false},"excerpt":{"rendered":"<p>Bilety na Thunderball UK Lotto Online Zawsze, gdy jeste\u015b gotowy do zakupu bilet\u00f3w na Thunderball UK Lotto online, mo\u017cesz przyjrze\u0107 si\u0119 bli\u017cej opcji na RedFoxLotto.com. Mo\u017cesz by\u0107 nawet zaskoczony, jak \u0142atwo jest gra\u0107. Wszystko co musisz zrobi\u0107, to wybra\u0107 5 regularnych numer\u00f3w i 1 Thunderball. Nast\u0119pnie wybierz dat\u0119 losowania. W ten spos\u00f3b mo\u017cesz wygra\u0107 tylko [&hellip;]<\/p>\n","protected":false},"author":1,"featured_media":0,"parent":5686,"menu_order":11,"comment_status":"closed","ping_status":"closed","template":"thunderball-info.php","meta":{"_et_pb_use_builder":"","_et_pb_old_content":"","_et_gb_content_width":"","exclude_from_search":false,"footnotes":""},"class_list":["post-14361","page","type-page","status-publish","hentry"],"yoast_head":"<!-- This site is optimized with the Yoast SEO plugin v23.8 - https:\/\/yoast.com\/wordpress\/plugins\/seo\/ -->\n<title>Zdob\u0105d\u017a sw\u00f3j bilet na Thunderball Lotto online<\/title>\n<meta name=\"description\" content=\"Kup bilety na Thunderball Lotto, nawet je\u015bli nie mieszkasz w Wielkiej Brytanii\" \/>\n<meta name=\"robots\" content=\"index, follow, max-snippet:-1, max-image-preview:large, max-video-preview:-1\" \/>\n<link rel=\"canonical\" href=\"https:\/\/redfoxlotto.com\/pl\/loterie\/thunderball\/\" \/>\n<meta property=\"og:locale\" content=\"pl_PL\" \/>\n<meta property=\"og:type\" content=\"article\" \/>\n<meta property=\"og:title\" content=\"Zdob\u0105d\u017a sw\u00f3j bilet na Thunderball Lotto online\" \/>\n<meta property=\"og:description\" content=\"Kup bilety na Thunderball Lotto, nawet je\u015bli nie mieszkasz w Wielkiej Brytanii\" \/>\n<meta property=\"og:url\" content=\"https:\/\/redfoxlotto.com\/pl\/loterie\/thunderball\/\" \/>\n<meta property=\"og:site_name\" content=\"Get Tickets for the World\u2019s largest jackpots\" \/>\n<meta property=\"article:modified_time\" content=\"2023-05-24T17:28:16+00:00\" \/>\n<meta property=\"og:image\" content=\"https:\/\/content.redfoxlotto.com\/uploads\/sites\/9\/1_online_lottery_jackpot_win.jpg\" \/>\n<meta name=\"twitter:card\" content=\"summary_large_image\" \/>\n<meta name=\"twitter:label1\" content=\"Szacowany czas czytania\" \/>\n\t<meta name=\"twitter:data1\" content=\"2 minuty\" \/>\n<script type=\"application\/ld+json\" class=\"yoast-schema-graph\">{\"@context\":\"https:\/\/schema.org\",\"@graph\":[{\"@type\":\"WebPage\",\"@id\":\"https:\/\/redfoxlotto.com\/pl\/loterie\/thunderball\/\",\"url\":\"https:\/\/redfoxlotto.com\/pl\/loterie\/thunderball\/\",\"name\":\"Zdob\u0105d\u017a sw\u00f3j bilet na Thunderball Lotto online\",\"isPartOf\":{\"@id\":\"https:\/\/redfoxlotto.com\/pl\/#website\"},\"primaryImageOfPage\":{\"@id\":\"https:\/\/redfoxlotto.com\/pl\/loterie\/thunderball\/#primaryimage\"},\"image\":{\"@id\":\"https:\/\/redfoxlotto.com\/pl\/loterie\/thunderball\/#primaryimage\"},\"thumbnailUrl\":\"https:\/\/content.redfoxlotto.com\/uploads\/sites\/9\/1_online_lottery_jackpot_win.jpg\",\"datePublished\":\"2022-09-26T12:33:09+00:00\",\"dateModified\":\"2023-05-24T17:28:16+00:00\",\"description\":\"Kup bilety na Thunderball Lotto, nawet je\u015bli nie mieszkasz w Wielkiej Brytanii\",\"breadcrumb\":{\"@id\":\"https:\/\/redfoxlotto.com\/pl\/loterie\/thunderball\/#breadcrumb\"},\"inLanguage\":\"pl-PL\",\"potentialAction\":[{\"@type\":\"ReadAction\",\"target\":[\"https:\/\/redfoxlotto.com\/pl\/loterie\/thunderball\/\"]}]},{\"@type\":\"ImageObject\",\"inLanguage\":\"pl-PL\",\"@id\":\"https:\/\/redfoxlotto.com\/pl\/loterie\/thunderball\/#primaryimage\",\"url\":\"https:\/\/content.redfoxlotto.com\/uploads\/sites\/9\/1_online_lottery_jackpot_win.jpg\",\"contentUrl\":\"https:\/\/content.redfoxlotto.com\/uploads\/sites\/9\/1_online_lottery_jackpot_win.jpg\"},{\"@type\":\"BreadcrumbList\",\"@id\":\"https:\/\/redfoxlotto.com\/pl\/loterie\/thunderball\/#breadcrumb\",\"itemListElement\":[{\"@type\":\"ListItem\",\"position\":1,\"name\":\"Home\",\"item\":\"https:\/\/redfoxlotto.com\/pl\/\"},{\"@type\":\"ListItem\",\"position\":2,\"name\":\"Jak kupi\u0107 bilety na loteri\u0119 online &#8211; proces zakupu\",\"item\":\"https:\/\/redfoxlotto.com\/pl\/loterie\/\"},{\"@type\":\"ListItem\",\"position\":3,\"name\":\"O Thunderball\"}]},{\"@type\":\"WebSite\",\"@id\":\"https:\/\/redfoxlotto.com\/pl\/#website\",\"url\":\"https:\/\/redfoxlotto.com\/pl\/\",\"name\":\"Get Tickets for the World\u2019s largest jackpots\",\"description\":\"Participate in worldwide lottery jackpots from any country\",\"publisher\":{\"@id\":\"https:\/\/redfoxlotto.com\/pl\/#organization\"},\"potentialAction\":[{\"@type\":\"SearchAction\",\"target\":{\"@type\":\"EntryPoint\",\"urlTemplate\":\"https:\/\/redfoxlotto.com\/pl\/?s={search_term_string}\"},\"query-input\":{\"@type\":\"PropertyValueSpecification\",\"valueRequired\":true,\"valueName\":\"search_term_string\"}}],\"inLanguage\":\"pl-PL\"},{\"@type\":\"Organization\",\"@id\":\"https:\/\/redfoxlotto.com\/pl\/#organization\",\"name\":\"Get Tickets for the World\u2019s largest jackpots\",\"url\":\"https:\/\/redfoxlotto.com\/pl\/\",\"logo\":{\"@type\":\"ImageObject\",\"inLanguage\":\"pl-PL\",\"@id\":\"https:\/\/redfoxlotto.com\/pl\/#\/schema\/logo\/image\/\",\"url\":\"https:\/\/redfoxlotto.com\/wp-content\/uploads\/2023\/04\/logo.png\",\"contentUrl\":\"https:\/\/redfoxlotto.com\/wp-content\/uploads\/2023\/04\/logo.png\",\"width\":269,\"height\":53,\"caption\":\"Get Tickets for the World\u2019s largest jackpots\"},\"image\":{\"@id\":\"https:\/\/redfoxlotto.com\/pl\/#\/schema\/logo\/image\/\"}}]}<\/script>\n<!-- \/ Yoast SEO plugin. -->","yoast_head_json":{"title":"Zdob\u0105d\u017a sw\u00f3j bilet na Thunderball Lotto online","description":"Kup bilety na Thunderball Lotto, nawet je\u015bli nie mieszkasz w Wielkiej Brytanii","robots":{"index":"index","follow":"follow","max-snippet":"max-snippet:-1","max-image-preview":"max-image-preview:large","max-video-preview":"max-video-preview:-1"},"canonical":"https:\/\/redfoxlotto.com\/pl\/loterie\/thunderball\/","og_locale":"pl_PL","og_type":"article","og_title":"Zdob\u0105d\u017a sw\u00f3j bilet na Thunderball Lotto online","og_description":"Kup bilety na Thunderball Lotto, nawet je\u015bli nie mieszkasz w Wielkiej Brytanii","og_url":"https:\/\/redfoxlotto.com\/pl\/loterie\/thunderball\/","og_site_name":"Get Tickets for the World\u2019s largest jackpots","article_modified_time":"2023-05-24T17:28:16+00:00","og_image":[{"url":"https:\/\/content.redfoxlotto.com\/uploads\/sites\/9\/1_online_lottery_jackpot_win.jpg"}],"twitter_card":"summary_large_image","twitter_misc":{"Szacowany czas czytania":"2 minuty"},"schema":{"@context":"https:\/\/schema.org","@graph":[{"@type":"WebPage","@id":"https:\/\/redfoxlotto.com\/pl\/loterie\/thunderball\/","url":"https:\/\/redfoxlotto.com\/pl\/loterie\/thunderball\/","name":"Zdob\u0105d\u017a sw\u00f3j bilet na Thunderball Lotto online","isPartOf":{"@id":"https:\/\/redfoxlotto.com\/pl\/#website"},"primaryImageOfPage":{"@id":"https:\/\/redfoxlotto.com\/pl\/loterie\/thunderball\/#primaryimage"},"image":{"@id":"https:\/\/redfoxlotto.com\/pl\/loterie\/thunderball\/#primaryimage"},"thumbnailUrl":"https:\/\/content.redfoxlotto.com\/uploads\/sites\/9\/1_online_lottery_jackpot_win.jpg","datePublished":"2022-09-26T12:33:09+00:00","dateModified":"2023-05-24T17:28:16+00:00","description":"Kup bilety na Thunderball Lotto, nawet je\u015bli nie mieszkasz w Wielkiej Brytanii","breadcrumb":{"@id":"https:\/\/redfoxlotto.com\/pl\/loterie\/thunderball\/#breadcrumb"},"inLanguage":"pl-PL","potentialAction":[{"@type":"ReadAction","target":["https:\/\/redfoxlotto.com\/pl\/loterie\/thunderball\/"]}]},{"@type":"ImageObject","inLanguage":"pl-PL","@id":"https:\/\/redfoxlotto.com\/pl\/loterie\/thunderball\/#primaryimage","url":"https:\/\/content.redfoxlotto.com\/uploads\/sites\/9\/1_online_lottery_jackpot_win.jpg","contentUrl":"https:\/\/content.redfoxlotto.com\/uploads\/sites\/9\/1_online_lottery_jackpot_win.jpg"},{"@type":"BreadcrumbList","@id":"https:\/\/redfoxlotto.com\/pl\/loterie\/thunderball\/#breadcrumb","itemListElement":[{"@type":"ListItem","position":1,"name":"Home","item":"https:\/\/redfoxlotto.com\/pl\/"},{"@type":"ListItem","position":2,"name":"Jak kupi\u0107 bilety na loteri\u0119 online &#8211; proces zakupu","item":"https:\/\/redfoxlotto.com\/pl\/loterie\/"},{"@type":"ListItem","position":3,"name":"O Thunderball"}]},{"@type":"WebSite","@id":"https:\/\/redfoxlotto.com\/pl\/#website","url":"https:\/\/redfoxlotto.com\/pl\/","name":"Get Tickets for the World\u2019s largest jackpots","description":"Participate in worldwide lottery jackpots from any country","publisher":{"@id":"https:\/\/redfoxlotto.com\/pl\/#organization"},"potentialAction":[{"@type":"SearchAction","target":{"@type":"EntryPoint","urlTemplate":"https:\/\/redfoxlotto.com\/pl\/?s={search_term_string}"},"query-input":{"@type":"PropertyValueSpecification","valueRequired":true,"valueName":"search_term_string"}}],"inLanguage":"pl-PL"},{"@type":"Organization","@id":"https:\/\/redfoxlotto.com\/pl\/#organization","name":"Get Tickets for the World\u2019s largest jackpots","url":"https:\/\/redfoxlotto.com\/pl\/","logo":{"@type":"ImageObject","inLanguage":"pl-PL","@id":"https:\/\/redfoxlotto.com\/pl\/#\/schema\/logo\/image\/","url":"https:\/\/redfoxlotto.com\/wp-content\/uploads\/2023\/04\/logo.png","contentUrl":"https:\/\/redfoxlotto.com\/wp-content\/uploads\/2023\/04\/logo.png","width":269,"height":53,"caption":"Get Tickets for the World\u2019s largest jackpots"},"image":{"@id":"https:\/\/redfoxlotto.com\/pl\/#\/schema\/logo\/image\/"}}]}},"_links":{"self":[{"href":"https:\/\/redfoxlotto.com\/pl\/wp-json\/wp\/v2\/pages\/14361","targetHints":{"allow":["GET"]}}],"collection":[{"href":"https:\/\/redfoxlotto.com\/pl\/wp-json\/wp\/v2\/pages"}],"about":[{"href":"https:\/\/redfoxlotto.com\/pl\/wp-json\/wp\/v2\/types\/page"}],"author":[{"embeddable":true,"href":"https:\/\/redfoxlotto.com\/pl\/wp-json\/wp\/v2\/users\/1"}],"replies":[{"embeddable":true,"href":"https:\/\/redfoxlotto.com\/pl\/wp-json\/wp\/v2\/comments?post=14361"}],"version-history":[{"count":0,"href":"https:\/\/redfoxlotto.com\/pl\/wp-json\/wp\/v2\/pages\/14361\/revisions"}],"up":[{"embeddable":true,"href":"https:\/\/redfoxlotto.com\/pl\/wp-json\/wp\/v2\/pages\/5686"}],"wp:attachment":[{"href":"https:\/\/redfoxlotto.com\/pl\/wp-json\/wp\/v2\/media?parent=14361"}],"curies":[{"name":"wp","href":"https:\/\/api.w.org\/{rel}","templated":true}]}}