{"id":14118,"date":"2020-07-20T08:54:27","date_gmt":"2020-07-20T08:54:27","guid":{"rendered":"https:\/\/redfoxlotto.com\/?page_id=14118"},"modified":"2023-05-24T17:24:59","modified_gmt":"2023-05-24T17:24:59","slug":"mega-sena","status":"publish","type":"page","link":"https:\/\/redfoxlotto.com\/pl\/loterie\/mega-sena\/","title":{"rendered":"O Mega Senie"},"content":{"rendered":"<h2 class=\"wp-block-heading\">Bilety na Mega Sena Brazil Online<\/h2><p><img loading=\"lazy\" decoding=\"async\" class=\" wp-image alignright\" src=\"https:\/\/content.redfoxlotto.com\/uploads\/sites\/9\/1_winning_numbers_lottery.jpg\" alt=\"Mega Sena\" width=\"173\" height=\"148\" \/><\/p><p>Czy jeste\u015b gotowy do zakupu bilet\u00f3w na Mega Sena Brazil online? C\u00f3\u017c, w takim razie, jeste\u015b we w\u0142a\u015bciwym miejscu. Jest to naprawd\u0119 \u0142atwe do zrobienia, poniewa\u017c wystarczy za\u0142o\u017cy\u0107 konto na RedFoxLotto.com.<\/p><!--more--><h2 class=\"wp-block-heading\">Picking Your Numbers<\/h2><p>Wszystkie twoje liczby musz\u0105 mie\u015bci\u0107 si\u0119 w przedziale od 1 do 60. Aby wygra\u0107 jackpota, musisz dopasowa\u0107 wszystkie 6 liczb, kt\u00f3re s\u0105 losowane, ale mo\u017cesz wygra\u0107 mniejsze nagrody za dopasowanie 4 lub 5 liczb.<\/p><h2 class=\"wp-block-heading\">Zakupienie bilet\u00f3w<\/h2><p><img decoding=\"async\" class=\"size-full wp-image alignright\" src=\"https:\/\/content.redfoxlotto.com\/uploads\/sites\/9\/1_buy_lottery_ticket_online1.jpg\" alt=\"kup bilety online\"><\/p><p>Kiedy ju\u017c b\u0119dziesz gotowy do zakupu bilet\u00f3w na Mega Sena Brazil online, wystarczy, \u017ce wybierzesz liczby, kt\u00f3re chcesz, jak r\u00f3wnie\u017c liczb\u0119 rysunk\u00f3w, na kt\u00f3re chcesz je zdoby\u0107. Nast\u0119pnie zap\u0142acisz za sw\u00f3j bilet.<\/p><p>P\u0142acenie za bilet jest proste, poniewa\u017c wystarczy wybra\u0107 preferowan\u0105 metod\u0119 i umie\u015bci\u0107 w informacji. Je\u015bli masz ju\u017c konto, mo\u017cesz u\u017cy\u0107 zapisanej metody, a nast\u0119pnie usi\u0105\u015b\u0107 i czeka\u0107 na wyniki.<\/p><h2 class=\"wp-block-heading\">Sprawdzanie wynik\u00f3w<\/h2><p>Po zako\u0144czeniu losowania pozostaje tylko sprawdzi\u0107 swoje numery, aby zobaczy\u0107, czy wygra\u0142e\u015b. Mo\u017cesz to zrobi\u0107 odwiedzaj\u0105c RedFoxLotto.com i sprawdzaj\u0105c swoje konto. Zwyci\u0119skie numery dla ka\u017cdej z gier, w kt\u00f3re grasz, b\u0119d\u0105 tam umieszczone i zostan\u0105 por\u00f3wnane z Twoimi numerami.<\/p>","protected":false},"excerpt":{"rendered":"<p>Bilety na Mega Sena Brazil Online Czy jeste\u015b gotowy do zakupu bilet\u00f3w na Mega Sena Brazil online? C\u00f3\u017c, w takim razie, jeste\u015b we w\u0142a\u015bciwym miejscu. Jest to naprawd\u0119 \u0142atwe do zrobienia, poniewa\u017c wystarczy za\u0142o\u017cy\u0107 konto na RedFoxLotto.com.<\/p>\n","protected":false},"author":1,"featured_media":0,"parent":5686,"menu_order":13,"comment_status":"closed","ping_status":"closed","template":"megasena-info.php","meta":{"_et_pb_use_builder":"","_et_pb_old_content":"","_et_gb_content_width":"","exclude_from_search":false,"footnotes":""},"class_list":["post-14118","page","type-page","status-publish","hentry"],"yoast_head":"<!-- This site is optimized with the Yoast SEO plugin v23.8 - https:\/\/yoast.com\/wordpress\/plugins\/seo\/ -->\n<title>Zdob\u0105d\u017a sw\u00f3j bilet na Mega Sena Lotto online<\/title>\n<meta name=\"description\" content=\"Zarezerwuj bilety online na Mega Sena Brazil\" \/>\n<meta name=\"robots\" content=\"index, follow, max-snippet:-1, max-image-preview:large, max-video-preview:-1\" \/>\n<link rel=\"canonical\" href=\"https:\/\/redfoxlotto.com\/pl\/loterie\/mega-sena\/\" \/>\n<meta property=\"og:locale\" content=\"pl_PL\" \/>\n<meta property=\"og:type\" content=\"article\" \/>\n<meta property=\"og:title\" content=\"Zdob\u0105d\u017a sw\u00f3j bilet na Mega Sena Lotto online\" \/>\n<meta property=\"og:description\" content=\"Zarezerwuj bilety online na Mega Sena Brazil\" \/>\n<meta property=\"og:url\" content=\"https:\/\/redfoxlotto.com\/pl\/loterie\/mega-sena\/\" \/>\n<meta property=\"og:site_name\" content=\"Get Tickets for the World\u2019s largest jackpots\" \/>\n<meta property=\"article:modified_time\" content=\"2023-05-24T17:24:59+00:00\" \/>\n<meta property=\"og:image\" content=\"https:\/\/content.redfoxlotto.com\/uploads\/sites\/9\/1_winning_numbers_lottery.jpg\" \/>\n<meta name=\"twitter:card\" content=\"summary_large_image\" \/>\n<meta name=\"twitter:label1\" content=\"Szacowany czas czytania\" \/>\n\t<meta name=\"twitter:data1\" content=\"2 minuty\" \/>\n<script type=\"application\/ld+json\" class=\"yoast-schema-graph\">{\"@context\":\"https:\/\/schema.org\",\"@graph\":[{\"@type\":\"WebPage\",\"@id\":\"https:\/\/redfoxlotto.com\/pl\/loterie\/mega-sena\/\",\"url\":\"https:\/\/redfoxlotto.com\/pl\/loterie\/mega-sena\/\",\"name\":\"Zdob\u0105d\u017a sw\u00f3j bilet na Mega Sena Lotto online\",\"isPartOf\":{\"@id\":\"https:\/\/redfoxlotto.com\/pl\/#website\"},\"primaryImageOfPage\":{\"@id\":\"https:\/\/redfoxlotto.com\/pl\/loterie\/mega-sena\/#primaryimage\"},\"image\":{\"@id\":\"https:\/\/redfoxlotto.com\/pl\/loterie\/mega-sena\/#primaryimage\"},\"thumbnailUrl\":\"https:\/\/content.redfoxlotto.com\/uploads\/sites\/9\/1_winning_numbers_lottery.jpg\",\"datePublished\":\"2020-07-20T08:54:27+00:00\",\"dateModified\":\"2023-05-24T17:24:59+00:00\",\"description\":\"Zarezerwuj bilety online na Mega Sena Brazil\",\"breadcrumb\":{\"@id\":\"https:\/\/redfoxlotto.com\/pl\/loterie\/mega-sena\/#breadcrumb\"},\"inLanguage\":\"pl-PL\",\"potentialAction\":[{\"@type\":\"ReadAction\",\"target\":[\"https:\/\/redfoxlotto.com\/pl\/loterie\/mega-sena\/\"]}]},{\"@type\":\"ImageObject\",\"inLanguage\":\"pl-PL\",\"@id\":\"https:\/\/redfoxlotto.com\/pl\/loterie\/mega-sena\/#primaryimage\",\"url\":\"https:\/\/content.redfoxlotto.com\/uploads\/sites\/9\/1_winning_numbers_lottery.jpg\",\"contentUrl\":\"https:\/\/content.redfoxlotto.com\/uploads\/sites\/9\/1_winning_numbers_lottery.jpg\"},{\"@type\":\"BreadcrumbList\",\"@id\":\"https:\/\/redfoxlotto.com\/pl\/loterie\/mega-sena\/#breadcrumb\",\"itemListElement\":[{\"@type\":\"ListItem\",\"position\":1,\"name\":\"Home\",\"item\":\"https:\/\/redfoxlotto.com\/pl\/\"},{\"@type\":\"ListItem\",\"position\":2,\"name\":\"Jak kupi\u0107 bilety na loteri\u0119 online &#8211; proces zakupu\",\"item\":\"https:\/\/redfoxlotto.com\/pl\/loterie\/\"},{\"@type\":\"ListItem\",\"position\":3,\"name\":\"O Mega Senie\"}]},{\"@type\":\"WebSite\",\"@id\":\"https:\/\/redfoxlotto.com\/pl\/#website\",\"url\":\"https:\/\/redfoxlotto.com\/pl\/\",\"name\":\"Get Tickets for the World\u2019s largest jackpots\",\"description\":\"Participate in worldwide lottery jackpots from any country\",\"publisher\":{\"@id\":\"https:\/\/redfoxlotto.com\/pl\/#organization\"},\"potentialAction\":[{\"@type\":\"SearchAction\",\"target\":{\"@type\":\"EntryPoint\",\"urlTemplate\":\"https:\/\/redfoxlotto.com\/pl\/?s={search_term_string}\"},\"query-input\":{\"@type\":\"PropertyValueSpecification\",\"valueRequired\":true,\"valueName\":\"search_term_string\"}}],\"inLanguage\":\"pl-PL\"},{\"@type\":\"Organization\",\"@id\":\"https:\/\/redfoxlotto.com\/pl\/#organization\",\"name\":\"Get Tickets for the World\u2019s largest jackpots\",\"url\":\"https:\/\/redfoxlotto.com\/pl\/\",\"logo\":{\"@type\":\"ImageObject\",\"inLanguage\":\"pl-PL\",\"@id\":\"https:\/\/redfoxlotto.com\/pl\/#\/schema\/logo\/image\/\",\"url\":\"https:\/\/redfoxlotto.com\/wp-content\/uploads\/2023\/04\/logo.png\",\"contentUrl\":\"https:\/\/redfoxlotto.com\/wp-content\/uploads\/2023\/04\/logo.png\",\"width\":269,\"height\":53,\"caption\":\"Get Tickets for the World\u2019s largest jackpots\"},\"image\":{\"@id\":\"https:\/\/redfoxlotto.com\/pl\/#\/schema\/logo\/image\/\"}}]}<\/script>\n<!-- \/ Yoast SEO plugin. -->","yoast_head_json":{"title":"Zdob\u0105d\u017a sw\u00f3j bilet na Mega Sena Lotto online","description":"Zarezerwuj bilety online na Mega Sena Brazil","robots":{"index":"index","follow":"follow","max-snippet":"max-snippet:-1","max-image-preview":"max-image-preview:large","max-video-preview":"max-video-preview:-1"},"canonical":"https:\/\/redfoxlotto.com\/pl\/loterie\/mega-sena\/","og_locale":"pl_PL","og_type":"article","og_title":"Zdob\u0105d\u017a sw\u00f3j bilet na Mega Sena Lotto online","og_description":"Zarezerwuj bilety online na Mega Sena Brazil","og_url":"https:\/\/redfoxlotto.com\/pl\/loterie\/mega-sena\/","og_site_name":"Get Tickets for the World\u2019s largest jackpots","article_modified_time":"2023-05-24T17:24:59+00:00","og_image":[{"url":"https:\/\/content.redfoxlotto.com\/uploads\/sites\/9\/1_winning_numbers_lottery.jpg"}],"twitter_card":"summary_large_image","twitter_misc":{"Szacowany czas czytania":"2 minuty"},"schema":{"@context":"https:\/\/schema.org","@graph":[{"@type":"WebPage","@id":"https:\/\/redfoxlotto.com\/pl\/loterie\/mega-sena\/","url":"https:\/\/redfoxlotto.com\/pl\/loterie\/mega-sena\/","name":"Zdob\u0105d\u017a sw\u00f3j bilet na Mega Sena Lotto online","isPartOf":{"@id":"https:\/\/redfoxlotto.com\/pl\/#website"},"primaryImageOfPage":{"@id":"https:\/\/redfoxlotto.com\/pl\/loterie\/mega-sena\/#primaryimage"},"image":{"@id":"https:\/\/redfoxlotto.com\/pl\/loterie\/mega-sena\/#primaryimage"},"thumbnailUrl":"https:\/\/content.redfoxlotto.com\/uploads\/sites\/9\/1_winning_numbers_lottery.jpg","datePublished":"2020-07-20T08:54:27+00:00","dateModified":"2023-05-24T17:24:59+00:00","description":"Zarezerwuj bilety online na Mega Sena Brazil","breadcrumb":{"@id":"https:\/\/redfoxlotto.com\/pl\/loterie\/mega-sena\/#breadcrumb"},"inLanguage":"pl-PL","potentialAction":[{"@type":"ReadAction","target":["https:\/\/redfoxlotto.com\/pl\/loterie\/mega-sena\/"]}]},{"@type":"ImageObject","inLanguage":"pl-PL","@id":"https:\/\/redfoxlotto.com\/pl\/loterie\/mega-sena\/#primaryimage","url":"https:\/\/content.redfoxlotto.com\/uploads\/sites\/9\/1_winning_numbers_lottery.jpg","contentUrl":"https:\/\/content.redfoxlotto.com\/uploads\/sites\/9\/1_winning_numbers_lottery.jpg"},{"@type":"BreadcrumbList","@id":"https:\/\/redfoxlotto.com\/pl\/loterie\/mega-sena\/#breadcrumb","itemListElement":[{"@type":"ListItem","position":1,"name":"Home","item":"https:\/\/redfoxlotto.com\/pl\/"},{"@type":"ListItem","position":2,"name":"Jak kupi\u0107 bilety na loteri\u0119 online &#8211; proces zakupu","item":"https:\/\/redfoxlotto.com\/pl\/loterie\/"},{"@type":"ListItem","position":3,"name":"O Mega Senie"}]},{"@type":"WebSite","@id":"https:\/\/redfoxlotto.com\/pl\/#website","url":"https:\/\/redfoxlotto.com\/pl\/","name":"Get Tickets for the World\u2019s largest jackpots","description":"Participate in worldwide lottery jackpots from any country","publisher":{"@id":"https:\/\/redfoxlotto.com\/pl\/#organization"},"potentialAction":[{"@type":"SearchAction","target":{"@type":"EntryPoint","urlTemplate":"https:\/\/redfoxlotto.com\/pl\/?s={search_term_string}"},"query-input":{"@type":"PropertyValueSpecification","valueRequired":true,"valueName":"search_term_string"}}],"inLanguage":"pl-PL"},{"@type":"Organization","@id":"https:\/\/redfoxlotto.com\/pl\/#organization","name":"Get Tickets for the World\u2019s largest jackpots","url":"https:\/\/redfoxlotto.com\/pl\/","logo":{"@type":"ImageObject","inLanguage":"pl-PL","@id":"https:\/\/redfoxlotto.com\/pl\/#\/schema\/logo\/image\/","url":"https:\/\/redfoxlotto.com\/wp-content\/uploads\/2023\/04\/logo.png","contentUrl":"https:\/\/redfoxlotto.com\/wp-content\/uploads\/2023\/04\/logo.png","width":269,"height":53,"caption":"Get Tickets for the World\u2019s largest jackpots"},"image":{"@id":"https:\/\/redfoxlotto.com\/pl\/#\/schema\/logo\/image\/"}}]}},"_links":{"self":[{"href":"https:\/\/redfoxlotto.com\/pl\/wp-json\/wp\/v2\/pages\/14118","targetHints":{"allow":["GET"]}}],"collection":[{"href":"https:\/\/redfoxlotto.com\/pl\/wp-json\/wp\/v2\/pages"}],"about":[{"href":"https:\/\/redfoxlotto.com\/pl\/wp-json\/wp\/v2\/types\/page"}],"author":[{"embeddable":true,"href":"https:\/\/redfoxlotto.com\/pl\/wp-json\/wp\/v2\/users\/1"}],"replies":[{"embeddable":true,"href":"https:\/\/redfoxlotto.com\/pl\/wp-json\/wp\/v2\/comments?post=14118"}],"version-history":[{"count":0,"href":"https:\/\/redfoxlotto.com\/pl\/wp-json\/wp\/v2\/pages\/14118\/revisions"}],"up":[{"embeddable":true,"href":"https:\/\/redfoxlotto.com\/pl\/wp-json\/wp\/v2\/pages\/5686"}],"wp:attachment":[{"href":"https:\/\/redfoxlotto.com\/pl\/wp-json\/wp\/v2\/media?parent=14118"}],"curies":[{"name":"wp","href":"https:\/\/api.w.org\/{rel}","templated":true}]}}