{"id":13635,"date":"2020-08-18T09:08:19","date_gmt":"2020-08-18T09:08:19","guid":{"rendered":"https:\/\/redfoxlotto.com\/?page_id=13635"},"modified":"2023-05-24T17:28:00","modified_gmt":"2023-05-24T17:28:00","slug":"thunderball","status":"publish","type":"page","link":"https:\/\/redfoxlotto.com\/pl\/wyniki\/thunderball\/","title":{"rendered":"Wyniki Thunderball"},"content":{"rendered":"<h2 class=\"wp-block-heading\">Thunderball UK Lotto Zwyci\u0119skie numery<\/h2><p><img loading=\"lazy\" decoding=\"async\" class=\" wp-image alignright\" src=\"https:\/\/content.redfoxlotto.com\/uploads\/sites\/9\/1_online_lotto_results.jpg\" alt=\"wyniki piorun\u00f3w\" width=\"239\" height=\"239\" \/><\/p><p>Co zrobi\u0107, je\u015bli samemu przegapi\u0142e\u015b losowanie i chcesz sprawdzi\u0107 ostatnie zwyci\u0119skie liczby? C\u00f3\u017c, masz szcz\u0119\u015bcie, bo sprawdzenie zwyci\u0119skich liczb w Thunderball UK Lotto jest \u0142atwe. Je\u015bli nie by\u0142o jeszcze innego losowania, mo\u017cesz sprawdzi\u0107 na stronie internetowej. Je\u015bli by\u0142o, by\u0107 mo\u017ce b\u0119dziesz musia\u0142 sprawdzi\u0107 archiwum wynik\u00f3w.<\/p><h2 class=\"wp-block-heading\">Sprawdzanie aktualnych numer\u00f3w<\/h2><p>Je\u015bli gra\u0142e\u015b w gr\u0119 i chcesz sprawdzi\u0107 najnowsze zwyci\u0119skie numery, mo\u017cesz wej\u015b\u0107 na swoje konto, a nast\u0119pnie klikn\u0105\u0107 na 'My Tickets&#8217;. Stamt\u0105d b\u0119dziesz m\u00f3g\u0142 zobaczy\u0107, jak Twoje numery uk\u0142adaj\u0105 si\u0119 w stos z wygrywaj\u0105cymi liczbami. A to oznacza, \u017ce mo\u017cesz zobaczy\u0107, jak wiele wygra\u0142e\u015b.<\/p><p>Wszystkie liczby, kt\u00f3re pasuj\u0105 do zwyci\u0119skich numer\u00f3w, zostan\u0105 pod\u015bwietlone, co znacznie u\u0142atwi Ci sprawdzenie wygranej. A na RedFoxLotto.com ju\u017c teraz zgarniemy Twoj\u0105 wygran\u0105 za mniejsze nagrody, wi\u0119c zostanie ona przelana bezpo\u015brednio na Twoje konto.<\/p><h2 class=\"wp-block-heading\">Stary Thunderball UK lotto zwyci\u0119skie numery<\/h2><p><img loading=\"lazy\" decoding=\"async\" class=\" wp-image alignright\" src=\"https:\/\/content.redfoxlotto.com\/uploads\/sites\/9\/1_winner_lottery_jackpot.jpg\" alt=\"zwyci\u0119skie numery loterii\" width=\"288\" height=\"173\" \/><\/p><p>Dla niekt\u00f3rych, obecne liczby nie s\u0105 wystarczaj\u0105ce, aby podj\u0105\u0107 decyzj\u0119. Mo\u017cesz chcie\u0107 starszych numer\u00f3w, aby\u015b m\u00f3g\u0142 decydowa\u0107, jak chcesz gra\u0107. Mo\u017cesz te\u017c mie\u0107 starsze bilety, kt\u00f3re chcesz sprawdzi\u0107 z meczami, na kt\u00f3re zosta\u0142y wylosowane.<\/p><p>Je\u015bli potrzebujesz starych numer\u00f3w z Thunderball UK Lotto, mo\u017cesz sprawdzi\u0107 w archiwum, aby dowiedzie\u0107 si\u0119 wi\u0119cej i dowiedzie\u0107 si\u0119, jakie informacje mog\u0105 by\u0107 potrzebne. Mo\u017cesz nawet cofn\u0105\u0107 si\u0119 do kilku gier, aby uzyska\u0107 wszystkie numery.<\/p>","protected":false},"excerpt":{"rendered":"<p>Thunderball UK Lotto Zwyci\u0119skie numery Co zrobi\u0107, je\u015bli samemu przegapi\u0142e\u015b losowanie i chcesz sprawdzi\u0107 ostatnie zwyci\u0119skie liczby? C\u00f3\u017c, masz szcz\u0119\u015bcie, bo sprawdzenie zwyci\u0119skich liczb w Thunderball UK Lotto jest \u0142atwe. Je\u015bli nie by\u0142o jeszcze innego losowania, mo\u017cesz sprawdzi\u0107 na stronie internetowej. Je\u015bli by\u0142o, by\u0107 mo\u017ce b\u0119dziesz musia\u0142 sprawdzi\u0107 archiwum wynik\u00f3w. Sprawdzanie aktualnych numer\u00f3w Je\u015bli gra\u0142e\u015b [&hellip;]<\/p>\n","protected":false},"author":1,"featured_media":0,"parent":5695,"menu_order":11,"comment_status":"closed","ping_status":"closed","template":"thunderball-results.php","meta":{"_et_pb_use_builder":"","_et_pb_old_content":"","_et_gb_content_width":"","exclude_from_search":false,"footnotes":""},"class_list":["post-13635","page","type-page","status-publish","hentry"],"yoast_head":"<!-- This site is optimized with the Yoast SEO plugin v23.8 - https:\/\/yoast.com\/wordpress\/plugins\/seo\/ -->\n<title>Aktualne i ostatnie liczby wygranych oraz wyniki Thunderball UK<\/title>\n<meta name=\"description\" content=\"Por\u00f3wnaj swoje numery los\u00f3w z wynikami losowania Thunderball tutaj\" \/>\n<meta name=\"robots\" content=\"index, follow, max-snippet:-1, max-image-preview:large, max-video-preview:-1\" \/>\n<link rel=\"canonical\" href=\"https:\/\/redfoxlotto.com\/pl\/wyniki\/thunderball\/\" \/>\n<meta property=\"og:locale\" content=\"pl_PL\" \/>\n<meta property=\"og:type\" content=\"article\" \/>\n<meta property=\"og:title\" content=\"Aktualne i ostatnie liczby wygranych oraz wyniki Thunderball UK\" \/>\n<meta property=\"og:description\" content=\"Por\u00f3wnaj swoje numery los\u00f3w z wynikami losowania Thunderball tutaj\" \/>\n<meta property=\"og:url\" content=\"https:\/\/redfoxlotto.com\/pl\/wyniki\/thunderball\/\" \/>\n<meta property=\"og:site_name\" content=\"Get Tickets for the World\u2019s largest jackpots\" \/>\n<meta property=\"article:modified_time\" content=\"2023-05-24T17:28:00+00:00\" \/>\n<meta property=\"og:image\" content=\"https:\/\/content.redfoxlotto.com\/uploads\/sites\/9\/1_online_lotto_results.jpg\" \/>\n<meta name=\"twitter:card\" content=\"summary_large_image\" \/>\n<meta name=\"twitter:label1\" content=\"Szacowany czas czytania\" \/>\n\t<meta name=\"twitter:data1\" content=\"2 minuty\" \/>\n<script type=\"application\/ld+json\" class=\"yoast-schema-graph\">{\"@context\":\"https:\/\/schema.org\",\"@graph\":[{\"@type\":\"WebPage\",\"@id\":\"https:\/\/redfoxlotto.com\/pl\/wyniki\/thunderball\/\",\"url\":\"https:\/\/redfoxlotto.com\/pl\/wyniki\/thunderball\/\",\"name\":\"Aktualne i ostatnie liczby wygranych oraz wyniki Thunderball UK\",\"isPartOf\":{\"@id\":\"https:\/\/redfoxlotto.com\/pl\/#website\"},\"primaryImageOfPage\":{\"@id\":\"https:\/\/redfoxlotto.com\/pl\/wyniki\/thunderball\/#primaryimage\"},\"image\":{\"@id\":\"https:\/\/redfoxlotto.com\/pl\/wyniki\/thunderball\/#primaryimage\"},\"thumbnailUrl\":\"https:\/\/content.redfoxlotto.com\/uploads\/sites\/9\/1_online_lotto_results.jpg\",\"datePublished\":\"2020-08-18T09:08:19+00:00\",\"dateModified\":\"2023-05-24T17:28:00+00:00\",\"description\":\"Por\u00f3wnaj swoje numery los\u00f3w z wynikami losowania Thunderball tutaj\",\"breadcrumb\":{\"@id\":\"https:\/\/redfoxlotto.com\/pl\/wyniki\/thunderball\/#breadcrumb\"},\"inLanguage\":\"pl-PL\",\"potentialAction\":[{\"@type\":\"ReadAction\",\"target\":[\"https:\/\/redfoxlotto.com\/pl\/wyniki\/thunderball\/\"]}]},{\"@type\":\"ImageObject\",\"inLanguage\":\"pl-PL\",\"@id\":\"https:\/\/redfoxlotto.com\/pl\/wyniki\/thunderball\/#primaryimage\",\"url\":\"https:\/\/content.redfoxlotto.com\/uploads\/sites\/9\/1_online_lotto_results.jpg\",\"contentUrl\":\"https:\/\/content.redfoxlotto.com\/uploads\/sites\/9\/1_online_lotto_results.jpg\"},{\"@type\":\"BreadcrumbList\",\"@id\":\"https:\/\/redfoxlotto.com\/pl\/wyniki\/thunderball\/#breadcrumb\",\"itemListElement\":[{\"@type\":\"ListItem\",\"position\":1,\"name\":\"Home\",\"item\":\"https:\/\/redfoxlotto.com\/pl\/\"},{\"@type\":\"ListItem\",\"position\":2,\"name\":\"Wyniki mi\u0119dzynarodowej loterii\",\"item\":\"https:\/\/redfoxlotto.com\/pl\/wyniki\/\"},{\"@type\":\"ListItem\",\"position\":3,\"name\":\"Wyniki Thunderball\"}]},{\"@type\":\"WebSite\",\"@id\":\"https:\/\/redfoxlotto.com\/pl\/#website\",\"url\":\"https:\/\/redfoxlotto.com\/pl\/\",\"name\":\"Get Tickets for the World\u2019s largest jackpots\",\"description\":\"Participate in worldwide lottery jackpots from any country\",\"publisher\":{\"@id\":\"https:\/\/redfoxlotto.com\/pl\/#organization\"},\"potentialAction\":[{\"@type\":\"SearchAction\",\"target\":{\"@type\":\"EntryPoint\",\"urlTemplate\":\"https:\/\/redfoxlotto.com\/pl\/?s={search_term_string}\"},\"query-input\":{\"@type\":\"PropertyValueSpecification\",\"valueRequired\":true,\"valueName\":\"search_term_string\"}}],\"inLanguage\":\"pl-PL\"},{\"@type\":\"Organization\",\"@id\":\"https:\/\/redfoxlotto.com\/pl\/#organization\",\"name\":\"Get Tickets for the World\u2019s largest jackpots\",\"url\":\"https:\/\/redfoxlotto.com\/pl\/\",\"logo\":{\"@type\":\"ImageObject\",\"inLanguage\":\"pl-PL\",\"@id\":\"https:\/\/redfoxlotto.com\/pl\/#\/schema\/logo\/image\/\",\"url\":\"https:\/\/redfoxlotto.com\/wp-content\/uploads\/2023\/04\/logo.png\",\"contentUrl\":\"https:\/\/redfoxlotto.com\/wp-content\/uploads\/2023\/04\/logo.png\",\"width\":269,\"height\":53,\"caption\":\"Get Tickets for the World\u2019s largest jackpots\"},\"image\":{\"@id\":\"https:\/\/redfoxlotto.com\/pl\/#\/schema\/logo\/image\/\"}}]}<\/script>\n<!-- \/ Yoast SEO plugin. -->","yoast_head_json":{"title":"Aktualne i ostatnie liczby wygranych oraz wyniki Thunderball UK","description":"Por\u00f3wnaj swoje numery los\u00f3w z wynikami losowania Thunderball tutaj","robots":{"index":"index","follow":"follow","max-snippet":"max-snippet:-1","max-image-preview":"max-image-preview:large","max-video-preview":"max-video-preview:-1"},"canonical":"https:\/\/redfoxlotto.com\/pl\/wyniki\/thunderball\/","og_locale":"pl_PL","og_type":"article","og_title":"Aktualne i ostatnie liczby wygranych oraz wyniki Thunderball UK","og_description":"Por\u00f3wnaj swoje numery los\u00f3w z wynikami losowania Thunderball tutaj","og_url":"https:\/\/redfoxlotto.com\/pl\/wyniki\/thunderball\/","og_site_name":"Get Tickets for the World\u2019s largest jackpots","article_modified_time":"2023-05-24T17:28:00+00:00","og_image":[{"url":"https:\/\/content.redfoxlotto.com\/uploads\/sites\/9\/1_online_lotto_results.jpg"}],"twitter_card":"summary_large_image","twitter_misc":{"Szacowany czas czytania":"2 minuty"},"schema":{"@context":"https:\/\/schema.org","@graph":[{"@type":"WebPage","@id":"https:\/\/redfoxlotto.com\/pl\/wyniki\/thunderball\/","url":"https:\/\/redfoxlotto.com\/pl\/wyniki\/thunderball\/","name":"Aktualne i ostatnie liczby wygranych oraz wyniki Thunderball UK","isPartOf":{"@id":"https:\/\/redfoxlotto.com\/pl\/#website"},"primaryImageOfPage":{"@id":"https:\/\/redfoxlotto.com\/pl\/wyniki\/thunderball\/#primaryimage"},"image":{"@id":"https:\/\/redfoxlotto.com\/pl\/wyniki\/thunderball\/#primaryimage"},"thumbnailUrl":"https:\/\/content.redfoxlotto.com\/uploads\/sites\/9\/1_online_lotto_results.jpg","datePublished":"2020-08-18T09:08:19+00:00","dateModified":"2023-05-24T17:28:00+00:00","description":"Por\u00f3wnaj swoje numery los\u00f3w z wynikami losowania Thunderball tutaj","breadcrumb":{"@id":"https:\/\/redfoxlotto.com\/pl\/wyniki\/thunderball\/#breadcrumb"},"inLanguage":"pl-PL","potentialAction":[{"@type":"ReadAction","target":["https:\/\/redfoxlotto.com\/pl\/wyniki\/thunderball\/"]}]},{"@type":"ImageObject","inLanguage":"pl-PL","@id":"https:\/\/redfoxlotto.com\/pl\/wyniki\/thunderball\/#primaryimage","url":"https:\/\/content.redfoxlotto.com\/uploads\/sites\/9\/1_online_lotto_results.jpg","contentUrl":"https:\/\/content.redfoxlotto.com\/uploads\/sites\/9\/1_online_lotto_results.jpg"},{"@type":"BreadcrumbList","@id":"https:\/\/redfoxlotto.com\/pl\/wyniki\/thunderball\/#breadcrumb","itemListElement":[{"@type":"ListItem","position":1,"name":"Home","item":"https:\/\/redfoxlotto.com\/pl\/"},{"@type":"ListItem","position":2,"name":"Wyniki mi\u0119dzynarodowej loterii","item":"https:\/\/redfoxlotto.com\/pl\/wyniki\/"},{"@type":"ListItem","position":3,"name":"Wyniki Thunderball"}]},{"@type":"WebSite","@id":"https:\/\/redfoxlotto.com\/pl\/#website","url":"https:\/\/redfoxlotto.com\/pl\/","name":"Get Tickets for the World\u2019s largest jackpots","description":"Participate in worldwide lottery jackpots from any country","publisher":{"@id":"https:\/\/redfoxlotto.com\/pl\/#organization"},"potentialAction":[{"@type":"SearchAction","target":{"@type":"EntryPoint","urlTemplate":"https:\/\/redfoxlotto.com\/pl\/?s={search_term_string}"},"query-input":{"@type":"PropertyValueSpecification","valueRequired":true,"valueName":"search_term_string"}}],"inLanguage":"pl-PL"},{"@type":"Organization","@id":"https:\/\/redfoxlotto.com\/pl\/#organization","name":"Get Tickets for the World\u2019s largest jackpots","url":"https:\/\/redfoxlotto.com\/pl\/","logo":{"@type":"ImageObject","inLanguage":"pl-PL","@id":"https:\/\/redfoxlotto.com\/pl\/#\/schema\/logo\/image\/","url":"https:\/\/redfoxlotto.com\/wp-content\/uploads\/2023\/04\/logo.png","contentUrl":"https:\/\/redfoxlotto.com\/wp-content\/uploads\/2023\/04\/logo.png","width":269,"height":53,"caption":"Get Tickets for the World\u2019s largest jackpots"},"image":{"@id":"https:\/\/redfoxlotto.com\/pl\/#\/schema\/logo\/image\/"}}]}},"_links":{"self":[{"href":"https:\/\/redfoxlotto.com\/pl\/wp-json\/wp\/v2\/pages\/13635","targetHints":{"allow":["GET"]}}],"collection":[{"href":"https:\/\/redfoxlotto.com\/pl\/wp-json\/wp\/v2\/pages"}],"about":[{"href":"https:\/\/redfoxlotto.com\/pl\/wp-json\/wp\/v2\/types\/page"}],"author":[{"embeddable":true,"href":"https:\/\/redfoxlotto.com\/pl\/wp-json\/wp\/v2\/users\/1"}],"replies":[{"embeddable":true,"href":"https:\/\/redfoxlotto.com\/pl\/wp-json\/wp\/v2\/comments?post=13635"}],"version-history":[{"count":0,"href":"https:\/\/redfoxlotto.com\/pl\/wp-json\/wp\/v2\/pages\/13635\/revisions"}],"up":[{"embeddable":true,"href":"https:\/\/redfoxlotto.com\/pl\/wp-json\/wp\/v2\/pages\/5695"}],"wp:attachment":[{"href":"https:\/\/redfoxlotto.com\/pl\/wp-json\/wp\/v2\/media?parent=13635"}],"curies":[{"name":"wp","href":"https:\/\/api.w.org\/{rel}","templated":true}]}}