{"id":13510,"date":"2020-07-20T08:57:09","date_gmt":"2020-07-20T08:57:09","guid":{"rendered":"https:\/\/redfoxlotto.com\/?page_id=13510"},"modified":"2023-05-24T17:24:47","modified_gmt":"2023-05-24T17:24:47","slug":"mega-sena","status":"publish","type":"page","link":"https:\/\/redfoxlotto.com\/pl\/wyniki\/mega-sena\/","title":{"rendered":"Mega Sena Wyniki"},"content":{"rendered":"<h2 class=\"wp-block-heading\">Mega Sena Brazylia zwyci\u0119skie numery<\/h2><p><img loading=\"lazy\" decoding=\"async\" class=\" wp-image alignright\" src=\"https:\/\/content.redfoxlotto.com\/uploads\/sites\/9\/1_you_win_jackpot.jpg\" alt=\"wygraj jackpot na loterii\" width=\"258\" height=\"258\" \/><\/p><p>Je\u015bli ju\u017c gra\u0142e\u015b w Mega Senie, to musisz wiedzie\u0107, czy wygra\u0142e\u015b, prawda? Wi\u0119c, jak sprawdzisz zwyci\u0119skie numery Mega Seny w Brazylii? Wystarczy, \u017ce odwiedzisz swoje konto na RedFoxLotto.com. B\u0119dziesz m\u00f3g\u0142 znale\u017a\u0107 najnowsze wyniki gry, a je\u015bli ju\u017c gra\u0142e\u015b, b\u0119dziesz m\u00f3g\u0142 je znale\u017a\u0107 jeszcze \u0142atwiej.<\/p><h2 class=\"wp-block-heading\">Sprawdzanie swoich numer\u00f3w<\/h2><p>Je\u015bli chcesz wiedzie\u0107, czy wygra\u0142e\u015b na Mega Sena Brazil, po prostu wejd\u017a na stron\u0119 z biletami na swoim koncie. Stamt\u0105d mo\u017cesz zobaczy\u0107 swoje numery w por\u00f3wnaniu do zwyci\u0119skich numer\u00f3w. Dzi\u0119ki temu jeszcze \u0142atwiej b\u0119dzie Ci dowiedzie\u0107 si\u0119, co wygra\u0142e\u015b i jakie liczby by\u0142y dobre, a jakie nie.<\/p><p>Nie musisz si\u0119 jednak o nic martwi\u0107, poniewa\u017c wszystko, co wygrasz, zostanie automatycznie odebrane, a nast\u0119pnie wp\u0142acone na Twoje konto. W ten spos\u00f3b mo\u017cesz po prostu usi\u0105\u015b\u0107 i zrelaksowa\u0107 si\u0119 po zakupie biletu. Przynajmniej do czasu, gdy nadejdzie czas na kupno kolejnego.<\/p><h2 class=\"wp-block-heading\">Sprawdzanie starych wygrywaj\u0105cych numer\u00f3w<\/h2><p>Je\u015bli masz starszy bilet, kt\u00f3ry chcesz sprawdzi\u0107, mo\u017cesz to zrobi\u0107, zagl\u0105daj\u0105c do archiwum. Sprawdzanie starych zwyci\u0119skich numer\u00f3w Mega Sena Brazil jest r\u00f3wnie\u017c dobre, je\u015bli planujesz obstawi\u0107 niekt\u00f3re z tych numer\u00f3w. Wystarczy spojrze\u0107, a b\u0119dziesz m\u00f3g\u0142 zobaczy\u0107, jakie numery pojawia\u0142y si\u0119 cz\u0119\u015bciej (lub rzadziej).<\/p>","protected":false},"excerpt":{"rendered":"<p>Mega Sena Brazylia zwyci\u0119skie numery Je\u015bli ju\u017c gra\u0142e\u015b w Mega Senie, to musisz wiedzie\u0107, czy wygra\u0142e\u015b, prawda? Wi\u0119c, jak sprawdzisz zwyci\u0119skie numery Mega Seny w Brazylii? Wystarczy, \u017ce odwiedzisz swoje konto na RedFoxLotto.com. B\u0119dziesz m\u00f3g\u0142 znale\u017a\u0107 najnowsze wyniki gry, a je\u015bli ju\u017c gra\u0142e\u015b, b\u0119dziesz m\u00f3g\u0142 je znale\u017a\u0107 jeszcze \u0142atwiej. Sprawdzanie swoich numer\u00f3w Je\u015bli chcesz wiedzie\u0107, [&hellip;]<\/p>\n","protected":false},"author":1,"featured_media":0,"parent":5695,"menu_order":13,"comment_status":"closed","ping_status":"closed","template":"megasena-results.php","meta":{"_et_pb_use_builder":"","_et_pb_old_content":"","_et_gb_content_width":"","exclude_from_search":false,"footnotes":""},"class_list":["post-13510","page","type-page","status-publish","hentry"],"yoast_head":"<!-- This site is optimized with the Yoast SEO plugin v27.3 - https:\/\/yoast.com\/product\/yoast-seo-wordpress\/ -->\n<title>Zwyci\u0119skie numery Mega Sena | Wyniki losowania dla brazylijskiej Mega Seny<\/title>\n<meta name=\"description\" content=\"Sprawd\u017a najnowsze i poprzednie zwyci\u0119skie numery dla Mega Seny\" \/>\n<meta name=\"robots\" content=\"index, follow, max-snippet:-1, max-image-preview:large, max-video-preview:-1\" \/>\n<link rel=\"canonical\" href=\"https:\/\/redfoxlotto.com\/pl\/wyniki\/mega-sena\/\" \/>\n<meta property=\"og:locale\" content=\"pl_PL\" \/>\n<meta property=\"og:type\" content=\"article\" \/>\n<meta property=\"og:title\" content=\"Zwyci\u0119skie numery Mega Sena | Wyniki losowania dla brazylijskiej Mega Seny\" \/>\n<meta property=\"og:description\" content=\"Sprawd\u017a najnowsze i poprzednie zwyci\u0119skie numery dla Mega Seny\" \/>\n<meta property=\"og:url\" content=\"https:\/\/redfoxlotto.com\/pl\/wyniki\/mega-sena\/\" \/>\n<meta property=\"og:site_name\" content=\"Get Tickets for the World\u2019s largest jackpots\" \/>\n<meta property=\"article:modified_time\" content=\"2023-05-24T17:24:47+00:00\" \/>\n<meta property=\"og:image\" content=\"https:\/\/content.redfoxlotto.com\/uploads\/sites\/9\/1_you_win_jackpot.jpg\" \/>\n<meta name=\"twitter:card\" content=\"summary_large_image\" \/>\n<meta name=\"twitter:label1\" content=\"Szacowany czas czytania\" \/>\n\t<meta name=\"twitter:data1\" content=\"2 minuty\" \/>\n<script type=\"application\/ld+json\" class=\"yoast-schema-graph\">{\"@context\":\"https:\\\/\\\/schema.org\",\"@graph\":[{\"@type\":\"WebPage\",\"@id\":\"https:\\\/\\\/redfoxlotto.com\\\/pl\\\/wyniki\\\/mega-sena\\\/\",\"url\":\"https:\\\/\\\/redfoxlotto.com\\\/pl\\\/wyniki\\\/mega-sena\\\/\",\"name\":\"Zwyci\u0119skie numery Mega Sena | Wyniki losowania dla brazylijskiej Mega Seny\",\"isPartOf\":{\"@id\":\"https:\\\/\\\/redfoxlotto.com\\\/pl\\\/#website\"},\"primaryImageOfPage\":{\"@id\":\"https:\\\/\\\/redfoxlotto.com\\\/pl\\\/wyniki\\\/mega-sena\\\/#primaryimage\"},\"image\":{\"@id\":\"https:\\\/\\\/redfoxlotto.com\\\/pl\\\/wyniki\\\/mega-sena\\\/#primaryimage\"},\"thumbnailUrl\":\"https:\\\/\\\/content.redfoxlotto.com\\\/uploads\\\/sites\\\/9\\\/1_you_win_jackpot.jpg\",\"datePublished\":\"2020-07-20T08:57:09+00:00\",\"dateModified\":\"2023-05-24T17:24:47+00:00\",\"description\":\"Sprawd\u017a najnowsze i poprzednie zwyci\u0119skie numery dla Mega Seny\",\"breadcrumb\":{\"@id\":\"https:\\\/\\\/redfoxlotto.com\\\/pl\\\/wyniki\\\/mega-sena\\\/#breadcrumb\"},\"inLanguage\":\"pl-PL\",\"potentialAction\":[{\"@type\":\"ReadAction\",\"target\":[\"https:\\\/\\\/redfoxlotto.com\\\/pl\\\/wyniki\\\/mega-sena\\\/\"]}]},{\"@type\":\"ImageObject\",\"inLanguage\":\"pl-PL\",\"@id\":\"https:\\\/\\\/redfoxlotto.com\\\/pl\\\/wyniki\\\/mega-sena\\\/#primaryimage\",\"url\":\"https:\\\/\\\/content.redfoxlotto.com\\\/uploads\\\/sites\\\/9\\\/1_you_win_jackpot.jpg\",\"contentUrl\":\"https:\\\/\\\/content.redfoxlotto.com\\\/uploads\\\/sites\\\/9\\\/1_you_win_jackpot.jpg\"},{\"@type\":\"BreadcrumbList\",\"@id\":\"https:\\\/\\\/redfoxlotto.com\\\/pl\\\/wyniki\\\/mega-sena\\\/#breadcrumb\",\"itemListElement\":[{\"@type\":\"ListItem\",\"position\":1,\"name\":\"Home\",\"item\":\"https:\\\/\\\/redfoxlotto.com\\\/pl\\\/\"},{\"@type\":\"ListItem\",\"position\":2,\"name\":\"Wyniki mi\u0119dzynarodowej loterii\",\"item\":\"https:\\\/\\\/redfoxlotto.com\\\/pl\\\/wyniki\\\/\"},{\"@type\":\"ListItem\",\"position\":3,\"name\":\"Mega Sena Wyniki\"}]},{\"@type\":\"WebSite\",\"@id\":\"https:\\\/\\\/redfoxlotto.com\\\/pl\\\/#website\",\"url\":\"https:\\\/\\\/redfoxlotto.com\\\/pl\\\/\",\"name\":\"Get Tickets for the World\u2019s largest jackpots\",\"description\":\"Participate in worldwide lottery jackpots from any country\",\"publisher\":{\"@id\":\"https:\\\/\\\/redfoxlotto.com\\\/pl\\\/#organization\"},\"potentialAction\":[{\"@type\":\"SearchAction\",\"target\":{\"@type\":\"EntryPoint\",\"urlTemplate\":\"https:\\\/\\\/redfoxlotto.com\\\/pl\\\/?s={search_term_string}\"},\"query-input\":{\"@type\":\"PropertyValueSpecification\",\"valueRequired\":true,\"valueName\":\"search_term_string\"}}],\"inLanguage\":\"pl-PL\"},{\"@type\":\"Organization\",\"@id\":\"https:\\\/\\\/redfoxlotto.com\\\/pl\\\/#organization\",\"name\":\"Get Tickets for the World\u2019s largest jackpots\",\"url\":\"https:\\\/\\\/redfoxlotto.com\\\/pl\\\/\",\"logo\":{\"@type\":\"ImageObject\",\"inLanguage\":\"pl-PL\",\"@id\":\"https:\\\/\\\/redfoxlotto.com\\\/pl\\\/#\\\/schema\\\/logo\\\/image\\\/\",\"url\":\"https:\\\/\\\/redfoxlotto.com\\\/wp-content\\\/uploads\\\/2023\\\/04\\\/logo.png\",\"contentUrl\":\"https:\\\/\\\/redfoxlotto.com\\\/wp-content\\\/uploads\\\/2023\\\/04\\\/logo.png\",\"width\":269,\"height\":53,\"caption\":\"Get Tickets for the World\u2019s largest jackpots\"},\"image\":{\"@id\":\"https:\\\/\\\/redfoxlotto.com\\\/pl\\\/#\\\/schema\\\/logo\\\/image\\\/\"}}]}<\/script>\n<!-- \/ Yoast SEO plugin. -->","yoast_head_json":{"title":"Zwyci\u0119skie numery Mega Sena | Wyniki losowania dla brazylijskiej Mega Seny","description":"Sprawd\u017a najnowsze i poprzednie zwyci\u0119skie numery dla Mega Seny","robots":{"index":"index","follow":"follow","max-snippet":"max-snippet:-1","max-image-preview":"max-image-preview:large","max-video-preview":"max-video-preview:-1"},"canonical":"https:\/\/redfoxlotto.com\/pl\/wyniki\/mega-sena\/","og_locale":"pl_PL","og_type":"article","og_title":"Zwyci\u0119skie numery Mega Sena | Wyniki losowania dla brazylijskiej Mega Seny","og_description":"Sprawd\u017a najnowsze i poprzednie zwyci\u0119skie numery dla Mega Seny","og_url":"https:\/\/redfoxlotto.com\/pl\/wyniki\/mega-sena\/","og_site_name":"Get Tickets for the World\u2019s largest jackpots","article_modified_time":"2023-05-24T17:24:47+00:00","og_image":[{"url":"https:\/\/content.redfoxlotto.com\/uploads\/sites\/9\/1_you_win_jackpot.jpg","type":"","width":"","height":""}],"twitter_card":"summary_large_image","twitter_misc":{"Szacowany czas czytania":"2 minuty"},"schema":{"@context":"https:\/\/schema.org","@graph":[{"@type":"WebPage","@id":"https:\/\/redfoxlotto.com\/pl\/wyniki\/mega-sena\/","url":"https:\/\/redfoxlotto.com\/pl\/wyniki\/mega-sena\/","name":"Zwyci\u0119skie numery Mega Sena | Wyniki losowania dla brazylijskiej Mega Seny","isPartOf":{"@id":"https:\/\/redfoxlotto.com\/pl\/#website"},"primaryImageOfPage":{"@id":"https:\/\/redfoxlotto.com\/pl\/wyniki\/mega-sena\/#primaryimage"},"image":{"@id":"https:\/\/redfoxlotto.com\/pl\/wyniki\/mega-sena\/#primaryimage"},"thumbnailUrl":"https:\/\/content.redfoxlotto.com\/uploads\/sites\/9\/1_you_win_jackpot.jpg","datePublished":"2020-07-20T08:57:09+00:00","dateModified":"2023-05-24T17:24:47+00:00","description":"Sprawd\u017a najnowsze i poprzednie zwyci\u0119skie numery dla Mega Seny","breadcrumb":{"@id":"https:\/\/redfoxlotto.com\/pl\/wyniki\/mega-sena\/#breadcrumb"},"inLanguage":"pl-PL","potentialAction":[{"@type":"ReadAction","target":["https:\/\/redfoxlotto.com\/pl\/wyniki\/mega-sena\/"]}]},{"@type":"ImageObject","inLanguage":"pl-PL","@id":"https:\/\/redfoxlotto.com\/pl\/wyniki\/mega-sena\/#primaryimage","url":"https:\/\/content.redfoxlotto.com\/uploads\/sites\/9\/1_you_win_jackpot.jpg","contentUrl":"https:\/\/content.redfoxlotto.com\/uploads\/sites\/9\/1_you_win_jackpot.jpg"},{"@type":"BreadcrumbList","@id":"https:\/\/redfoxlotto.com\/pl\/wyniki\/mega-sena\/#breadcrumb","itemListElement":[{"@type":"ListItem","position":1,"name":"Home","item":"https:\/\/redfoxlotto.com\/pl\/"},{"@type":"ListItem","position":2,"name":"Wyniki mi\u0119dzynarodowej loterii","item":"https:\/\/redfoxlotto.com\/pl\/wyniki\/"},{"@type":"ListItem","position":3,"name":"Mega Sena Wyniki"}]},{"@type":"WebSite","@id":"https:\/\/redfoxlotto.com\/pl\/#website","url":"https:\/\/redfoxlotto.com\/pl\/","name":"Get Tickets for the World\u2019s largest jackpots","description":"Participate in worldwide lottery jackpots from any country","publisher":{"@id":"https:\/\/redfoxlotto.com\/pl\/#organization"},"potentialAction":[{"@type":"SearchAction","target":{"@type":"EntryPoint","urlTemplate":"https:\/\/redfoxlotto.com\/pl\/?s={search_term_string}"},"query-input":{"@type":"PropertyValueSpecification","valueRequired":true,"valueName":"search_term_string"}}],"inLanguage":"pl-PL"},{"@type":"Organization","@id":"https:\/\/redfoxlotto.com\/pl\/#organization","name":"Get Tickets for the World\u2019s largest jackpots","url":"https:\/\/redfoxlotto.com\/pl\/","logo":{"@type":"ImageObject","inLanguage":"pl-PL","@id":"https:\/\/redfoxlotto.com\/pl\/#\/schema\/logo\/image\/","url":"https:\/\/redfoxlotto.com\/wp-content\/uploads\/2023\/04\/logo.png","contentUrl":"https:\/\/redfoxlotto.com\/wp-content\/uploads\/2023\/04\/logo.png","width":269,"height":53,"caption":"Get Tickets for the World\u2019s largest jackpots"},"image":{"@id":"https:\/\/redfoxlotto.com\/pl\/#\/schema\/logo\/image\/"}}]}},"_links":{"self":[{"href":"https:\/\/redfoxlotto.com\/pl\/wp-json\/wp\/v2\/pages\/13510","targetHints":{"allow":["GET"]}}],"collection":[{"href":"https:\/\/redfoxlotto.com\/pl\/wp-json\/wp\/v2\/pages"}],"about":[{"href":"https:\/\/redfoxlotto.com\/pl\/wp-json\/wp\/v2\/types\/page"}],"author":[{"embeddable":true,"href":"https:\/\/redfoxlotto.com\/pl\/wp-json\/wp\/v2\/users\/1"}],"replies":[{"embeddable":true,"href":"https:\/\/redfoxlotto.com\/pl\/wp-json\/wp\/v2\/comments?post=13510"}],"version-history":[{"count":0,"href":"https:\/\/redfoxlotto.com\/pl\/wp-json\/wp\/v2\/pages\/13510\/revisions"}],"up":[{"embeddable":true,"href":"https:\/\/redfoxlotto.com\/pl\/wp-json\/wp\/v2\/pages\/5695"}],"wp:attachment":[{"href":"https:\/\/redfoxlotto.com\/pl\/wp-json\/wp\/v2\/media?parent=13510"}],"curies":[{"name":"wp","href":"https:\/\/api.w.org\/{rel}","templated":true}]}}