{"id":13471,"date":"2020-08-18T09:14:14","date_gmt":"2020-08-18T09:14:14","guid":{"rendered":"https:\/\/redfoxlotto.com\/?page_id=13471"},"modified":"2023-05-24T17:27:31","modified_gmt":"2023-05-24T17:27:31","slug":"lotto-at","status":"publish","type":"page","link":"https:\/\/redfoxlotto.com\/pl\/wyniki\/lotto-at\/","title":{"rendered":"Lotto Austria Wyniki"},"content":{"rendered":"<h2 class=\"wp-block-heading\">Zwyci\u0119skie numery Lotto Austriak\u00f3w<\/h2><p>Gdzie znajdziesz zwyci\u0119skie numery Austriackiego Lotto po zako\u0144czeniu losowania? Wszystko, co musisz zrobi\u0107, to zalogowa\u0107 si\u0119 na naszej stronie internetowej, na kt\u00f3rej zakupi\u0142e\u015b swoje losy, a numery b\u0119d\u0105 tam dla Ciebie.<\/p><h2 class=\"wp-block-heading\">Sprawdzanie najnowszych wynik\u00f3w<\/h2><p>Z RedFoxLotto.com mo\u017cesz znale\u017a\u0107 najnowsze wyniki dla wszystkich swoich ulubionych gier dost\u0119pnych bezpo\u015brednio na naszej stronie. Nie musisz si\u0119 o nic martwi\u0107, bo wszystko b\u0119dzie dobrze. Ale je\u015bli kupi\u0142e\u015b swoje w\u0142asne bilety, znalezienie w\u0142a\u015bciwych wynik\u00f3w b\u0119dzie jeszcze \u0142atwiejsze.<\/p><h2 class=\"wp-block-heading\">Sprawdzanie wynik\u00f3w<\/h2><p>Je\u015bli Twoje bilety maj\u0105 numery zwyci\u0119zc\u00f3w Austrian Lotto, od razu si\u0119 o tym dowiesz. Wystarczy, \u017ce zalogujesz si\u0119 na swoje osobiste konto, sprawdzisz &#8222;moje bilety&#8221; i zobaczysz, kt\u00f3re numery odpowiadaj\u0105 wygrywaj\u0105cym liczbom z ostatnich losowa\u0144.<\/p><p>Wszystkie bilety, kt\u00f3re kupisz na dowoln\u0105 gr\u0119 b\u0119d\u0105 dost\u0119pne tutaj i b\u0119dziesz m\u00f3g\u0142 zobaczy\u0107, kt\u00f3re numery masz wsp\u00f3lne z wygrywaj\u0105cym biletem, jak r\u00f3wnie\u017c to, co mo\u017cesz wygra\u0107. Je\u015bli jest to kwota do 2500,00 \u20ac, zostanie ona nawet od razu wp\u0142acona na Twoje konto.<\/p><h2 class=\"wp-block-heading\">Austryjskie archiwum wynik\u00f3w lotto<\/h2><p>Po zapoznaniu si\u0119 z aktualnymi austriackimi zwyci\u0119skimi numerami w Lotto, mo\u017cesz chcie\u0107 pozna\u0107 niekt\u00f3re z tych starych. Jedyne co musisz zrobi\u0107, to sprawdzi\u0107 w archiwum wynik\u00f3w i zobaczy\u0107, kt\u00f3re liczby wygra\u0142y w przesz\u0142o\u015bci, a kt\u00f3re najcz\u0119\u015bciej wygrywaj\u0105.<\/p>","protected":false},"excerpt":{"rendered":"<p>Zwyci\u0119skie numery Lotto Austriak\u00f3w Gdzie znajdziesz zwyci\u0119skie numery Austriackiego Lotto po zako\u0144czeniu losowania? Wszystko, co musisz zrobi\u0107, to zalogowa\u0107 si\u0119 na naszej stronie internetowej, na kt\u00f3rej zakupi\u0142e\u015b swoje losy, a numery b\u0119d\u0105 tam dla Ciebie. Sprawdzanie najnowszych wynik\u00f3w Z RedFoxLotto.com mo\u017cesz znale\u017a\u0107 najnowsze wyniki dla wszystkich swoich ulubionych gier dost\u0119pnych bezpo\u015brednio na naszej stronie. Nie [&hellip;]<\/p>\n","protected":false},"author":1,"featured_media":0,"parent":5695,"menu_order":16,"comment_status":"closed","ping_status":"closed","template":"","meta":{"_et_pb_use_builder":"","_et_pb_old_content":"","_et_gb_content_width":"","exclude_from_search":false,"footnotes":""},"class_list":["post-13471","page","type-page","status-publish","hentry"],"yoast_head":"<!-- This site is optimized with the Yoast SEO plugin v23.8 - https:\/\/yoast.com\/wordpress\/plugins\/seo\/ -->\n<title>Zwyci\u0119skie numery i wyniki austriackiej loterii<\/title>\n<meta name=\"description\" content=\"Cotygodniowe wyniki nowego i przesz\u0142ego losowania dla austriackiej loterii\" \/>\n<meta name=\"robots\" content=\"index, follow, max-snippet:-1, max-image-preview:large, max-video-preview:-1\" \/>\n<link rel=\"canonical\" href=\"https:\/\/redfoxlotto.com\/pl\/wyniki\/lotto-at\/\" \/>\n<meta property=\"og:locale\" content=\"pl_PL\" \/>\n<meta property=\"og:type\" content=\"article\" \/>\n<meta property=\"og:title\" content=\"Zwyci\u0119skie numery i wyniki austriackiej loterii\" \/>\n<meta property=\"og:description\" content=\"Cotygodniowe wyniki nowego i przesz\u0142ego losowania dla austriackiej loterii\" \/>\n<meta property=\"og:url\" content=\"https:\/\/redfoxlotto.com\/pl\/wyniki\/lotto-at\/\" \/>\n<meta property=\"og:site_name\" content=\"Get Tickets for the World\u2019s largest jackpots\" \/>\n<meta property=\"article:modified_time\" content=\"2023-05-24T17:27:31+00:00\" \/>\n<meta name=\"twitter:card\" content=\"summary_large_image\" \/>\n<meta name=\"twitter:label1\" content=\"Szacowany czas czytania\" \/>\n\t<meta name=\"twitter:data1\" content=\"1 minuta\" \/>\n<script type=\"application\/ld+json\" class=\"yoast-schema-graph\">{\"@context\":\"https:\/\/schema.org\",\"@graph\":[{\"@type\":\"WebPage\",\"@id\":\"https:\/\/redfoxlotto.com\/pl\/wyniki\/lotto-at\/\",\"url\":\"https:\/\/redfoxlotto.com\/pl\/wyniki\/lotto-at\/\",\"name\":\"Zwyci\u0119skie numery i wyniki austriackiej loterii\",\"isPartOf\":{\"@id\":\"https:\/\/redfoxlotto.com\/pl\/#website\"},\"datePublished\":\"2020-08-18T09:14:14+00:00\",\"dateModified\":\"2023-05-24T17:27:31+00:00\",\"description\":\"Cotygodniowe wyniki nowego i przesz\u0142ego losowania dla austriackiej loterii\",\"breadcrumb\":{\"@id\":\"https:\/\/redfoxlotto.com\/pl\/wyniki\/lotto-at\/#breadcrumb\"},\"inLanguage\":\"pl-PL\",\"potentialAction\":[{\"@type\":\"ReadAction\",\"target\":[\"https:\/\/redfoxlotto.com\/pl\/wyniki\/lotto-at\/\"]}]},{\"@type\":\"BreadcrumbList\",\"@id\":\"https:\/\/redfoxlotto.com\/pl\/wyniki\/lotto-at\/#breadcrumb\",\"itemListElement\":[{\"@type\":\"ListItem\",\"position\":1,\"name\":\"Home\",\"item\":\"https:\/\/redfoxlotto.com\/pl\/\"},{\"@type\":\"ListItem\",\"position\":2,\"name\":\"Wyniki mi\u0119dzynarodowej loterii\",\"item\":\"https:\/\/redfoxlotto.com\/pl\/wyniki\/\"},{\"@type\":\"ListItem\",\"position\":3,\"name\":\"Lotto Austria Wyniki\"}]},{\"@type\":\"WebSite\",\"@id\":\"https:\/\/redfoxlotto.com\/pl\/#website\",\"url\":\"https:\/\/redfoxlotto.com\/pl\/\",\"name\":\"Get Tickets for the World\u2019s largest jackpots\",\"description\":\"Participate in worldwide lottery jackpots from any country\",\"publisher\":{\"@id\":\"https:\/\/redfoxlotto.com\/pl\/#organization\"},\"potentialAction\":[{\"@type\":\"SearchAction\",\"target\":{\"@type\":\"EntryPoint\",\"urlTemplate\":\"https:\/\/redfoxlotto.com\/pl\/?s={search_term_string}\"},\"query-input\":{\"@type\":\"PropertyValueSpecification\",\"valueRequired\":true,\"valueName\":\"search_term_string\"}}],\"inLanguage\":\"pl-PL\"},{\"@type\":\"Organization\",\"@id\":\"https:\/\/redfoxlotto.com\/pl\/#organization\",\"name\":\"Get Tickets for the World\u2019s largest jackpots\",\"url\":\"https:\/\/redfoxlotto.com\/pl\/\",\"logo\":{\"@type\":\"ImageObject\",\"inLanguage\":\"pl-PL\",\"@id\":\"https:\/\/redfoxlotto.com\/pl\/#\/schema\/logo\/image\/\",\"url\":\"https:\/\/redfoxlotto.com\/wp-content\/uploads\/2023\/04\/logo.png\",\"contentUrl\":\"https:\/\/redfoxlotto.com\/wp-content\/uploads\/2023\/04\/logo.png\",\"width\":269,\"height\":53,\"caption\":\"Get Tickets for the World\u2019s largest jackpots\"},\"image\":{\"@id\":\"https:\/\/redfoxlotto.com\/pl\/#\/schema\/logo\/image\/\"}}]}<\/script>\n<!-- \/ Yoast SEO plugin. -->","yoast_head_json":{"title":"Zwyci\u0119skie numery i wyniki austriackiej loterii","description":"Cotygodniowe wyniki nowego i przesz\u0142ego losowania dla austriackiej loterii","robots":{"index":"index","follow":"follow","max-snippet":"max-snippet:-1","max-image-preview":"max-image-preview:large","max-video-preview":"max-video-preview:-1"},"canonical":"https:\/\/redfoxlotto.com\/pl\/wyniki\/lotto-at\/","og_locale":"pl_PL","og_type":"article","og_title":"Zwyci\u0119skie numery i wyniki austriackiej loterii","og_description":"Cotygodniowe wyniki nowego i przesz\u0142ego losowania dla austriackiej loterii","og_url":"https:\/\/redfoxlotto.com\/pl\/wyniki\/lotto-at\/","og_site_name":"Get Tickets for the World\u2019s largest jackpots","article_modified_time":"2023-05-24T17:27:31+00:00","twitter_card":"summary_large_image","twitter_misc":{"Szacowany czas czytania":"1 minuta"},"schema":{"@context":"https:\/\/schema.org","@graph":[{"@type":"WebPage","@id":"https:\/\/redfoxlotto.com\/pl\/wyniki\/lotto-at\/","url":"https:\/\/redfoxlotto.com\/pl\/wyniki\/lotto-at\/","name":"Zwyci\u0119skie numery i wyniki austriackiej loterii","isPartOf":{"@id":"https:\/\/redfoxlotto.com\/pl\/#website"},"datePublished":"2020-08-18T09:14:14+00:00","dateModified":"2023-05-24T17:27:31+00:00","description":"Cotygodniowe wyniki nowego i przesz\u0142ego losowania dla austriackiej loterii","breadcrumb":{"@id":"https:\/\/redfoxlotto.com\/pl\/wyniki\/lotto-at\/#breadcrumb"},"inLanguage":"pl-PL","potentialAction":[{"@type":"ReadAction","target":["https:\/\/redfoxlotto.com\/pl\/wyniki\/lotto-at\/"]}]},{"@type":"BreadcrumbList","@id":"https:\/\/redfoxlotto.com\/pl\/wyniki\/lotto-at\/#breadcrumb","itemListElement":[{"@type":"ListItem","position":1,"name":"Home","item":"https:\/\/redfoxlotto.com\/pl\/"},{"@type":"ListItem","position":2,"name":"Wyniki mi\u0119dzynarodowej loterii","item":"https:\/\/redfoxlotto.com\/pl\/wyniki\/"},{"@type":"ListItem","position":3,"name":"Lotto Austria Wyniki"}]},{"@type":"WebSite","@id":"https:\/\/redfoxlotto.com\/pl\/#website","url":"https:\/\/redfoxlotto.com\/pl\/","name":"Get Tickets for the World\u2019s largest jackpots","description":"Participate in worldwide lottery jackpots from any country","publisher":{"@id":"https:\/\/redfoxlotto.com\/pl\/#organization"},"potentialAction":[{"@type":"SearchAction","target":{"@type":"EntryPoint","urlTemplate":"https:\/\/redfoxlotto.com\/pl\/?s={search_term_string}"},"query-input":{"@type":"PropertyValueSpecification","valueRequired":true,"valueName":"search_term_string"}}],"inLanguage":"pl-PL"},{"@type":"Organization","@id":"https:\/\/redfoxlotto.com\/pl\/#organization","name":"Get Tickets for the World\u2019s largest jackpots","url":"https:\/\/redfoxlotto.com\/pl\/","logo":{"@type":"ImageObject","inLanguage":"pl-PL","@id":"https:\/\/redfoxlotto.com\/pl\/#\/schema\/logo\/image\/","url":"https:\/\/redfoxlotto.com\/wp-content\/uploads\/2023\/04\/logo.png","contentUrl":"https:\/\/redfoxlotto.com\/wp-content\/uploads\/2023\/04\/logo.png","width":269,"height":53,"caption":"Get Tickets for the World\u2019s largest jackpots"},"image":{"@id":"https:\/\/redfoxlotto.com\/pl\/#\/schema\/logo\/image\/"}}]}},"_links":{"self":[{"href":"https:\/\/redfoxlotto.com\/pl\/wp-json\/wp\/v2\/pages\/13471","targetHints":{"allow":["GET"]}}],"collection":[{"href":"https:\/\/redfoxlotto.com\/pl\/wp-json\/wp\/v2\/pages"}],"about":[{"href":"https:\/\/redfoxlotto.com\/pl\/wp-json\/wp\/v2\/types\/page"}],"author":[{"embeddable":true,"href":"https:\/\/redfoxlotto.com\/pl\/wp-json\/wp\/v2\/users\/1"}],"replies":[{"embeddable":true,"href":"https:\/\/redfoxlotto.com\/pl\/wp-json\/wp\/v2\/comments?post=13471"}],"version-history":[{"count":0,"href":"https:\/\/redfoxlotto.com\/pl\/wp-json\/wp\/v2\/pages\/13471\/revisions"}],"up":[{"embeddable":true,"href":"https:\/\/redfoxlotto.com\/pl\/wp-json\/wp\/v2\/pages\/5695"}],"wp:attachment":[{"href":"https:\/\/redfoxlotto.com\/pl\/wp-json\/wp\/v2\/media?parent=13471"}],"curies":[{"name":"wp","href":"https:\/\/api.w.org\/{rel}","templated":true}]}}