{"id":13437,"date":"2020-08-18T09:11:18","date_gmt":"2020-08-18T09:11:18","guid":{"rendered":"https:\/\/redfoxlotto.com\/?page_id=13437"},"modified":"2023-05-24T17:24:31","modified_gmt":"2023-05-24T17:24:31","slug":"lotto-america","status":"publish","type":"page","link":"https:\/\/redfoxlotto.com\/pl\/wyniki\/lotto-america\/","title":{"rendered":"Wyniki Lotto America"},"content":{"rendered":"<p>Jeste\u015b fanem loterii online? Je\u015bli jeste\u015b wtedy prawdopodobnie ju\u017c kupi\u0107 bilety na wszystkie swoje ulubione gry, ale czy znasz wszystkie z r\u00f3\u017cnych gier, kt\u00f3re s\u0105 tam? Czy wiesz, jak wiele r\u00f3\u017cnych gier mo\u017cesz gra\u0107? C\u00f3\u017c, zdecydowanie powiniene\u015b. I powiniene\u015b wiedzie\u0107 szczeg\u00f3lnie o Lotto America. To w\u0142a\u015bnie tam dostaniesz wspania\u0142e nagrody i b\u0119dziesz si\u0119 dobrze bawi\u0107.<\/p><h2 class=\"wp-block-heading\">Gramy w Lotto America<\/h2><p><img loading=\"lazy\" decoding=\"async\" class=\" wp-image alignright\" src=\"https:\/\/content.redfoxlotto.com\/uploads\/sites\/9\/1_draw_results_lotto.jpg\" alt=\"losowanie wynik\u00f3w lotto ameryka\" width=\"278\" height=\"196\" \/><\/p><p>Kiedy jeste\u015b gotowy do gry Lotto America wszystko, co musisz zrobi\u0107, to sprawdzi\u0107 RedFoxLotto, poniewa\u017c gra jest dost\u0119pna tam wraz z wieloma innymi grami online. Mo\u017cesz gra\u0107 w r\u00f3\u017cne gry loteryjne z ca\u0142ego \u015bwiata. I to w\u0142a\u015bnie w tym jest prawdziwa zabawa. Ale je\u015bli jeste\u015b zainteresowany Lotto America, musisz wiedzie\u0107, jak gra\u0107.<\/p><p>Na szcz\u0119\u015bcie, gra w t\u0119 gr\u0119 jest prosta. Wszystko, co musisz zrobi\u0107, to wybra\u0107 sze\u015b\u0107 liczb, kt\u00f3re wed\u0142ug ciebie pojawi\u0105 si\u0119 na rysunku. Pi\u0119\u0107 z nich to bia\u0142e kulki do standardowych numer\u00f3w. Jedna z nich to czerwona kulka dla numeru bonusowego. Je\u015bli dopasujesz wszystkie liczby, otrzymasz jackpota. Je\u015bli dopasujesz ni\u017csze liczby, i tak wygrasz nagrod\u0119!<\/p><h2 class=\"wp-block-heading\">Wygra\u0142e\u015b Lotto Ameryk\u0119?<\/h2><p><img decoding=\"async\" class=\"size-full wp-image alignright\" src=\"https:\/\/content.redfoxlotto.com\/uploads\/sites\/9\/1_winner_lottery1.jpg\" alt=\"Zwyci\u0119zca loterii w Ameryce\"><\/p><p>Ale jak ju\u017c wybierzesz swoje numery i kupisz bilet, sk\u0105d b\u0119dziesz wiedzia\u0142, czy rzeczywi\u015bcie wygra\u0142e\u015b? To ca\u0142kiem proste. Wszystko co musisz zrobi\u0107, to sprawdzi\u0107 RedFoxLotto. Je\u015bli nie kupi\u0142e\u015b biletu, nadal b\u0119dziesz m\u00f3g\u0142 zobaczy\u0107 zwyci\u0119skie numery we wszystkich najnowszych grach, co oznacza, \u017ce mo\u017cesz dowiedzie\u0107 si\u0119, gdzie s\u0105 najlepsze dla Ciebie kursy. Je\u015bli gra\u0142e\u015b, mo\u017cesz zalogowa\u0107 si\u0119 bezpo\u015brednio na swoje konto, aby zobaczy\u0107 zwyci\u0119skie liczby i por\u00f3wna\u0107 swoje losy. B\u0119dziesz m\u00f3g\u0142 zobaczy\u0107 wszystkie pasuj\u0105ce liczby, kt\u00f3re mo\u017cesz mie\u0107, aby zobaczy\u0107, jakie wygrane Ci si\u0119 nale\u017c\u0105. Nie musisz si\u0119 o to martwi\u0107, poniewa\u017c RedFoxLotto zajmuje si\u0119 r\u00f3wnie\u017c t\u0105 cz\u0119\u015bci\u0105 dla Ciebie.<\/p><h2 class=\"wp-block-heading\">Wygrywaj\u0105c Lotto Ameryk\u0119<\/h2><p>Je\u015bli wygrasz Lotto America lub jak\u0105kolwiek inn\u0105 gr\u0119 na loterii online, to jest pod opiek\u0105 dla Ciebie. Drobne nagrody b\u0119d\u0105 natychmiast, jak tylko wyniki przyjd\u0105 i bilety s\u0105 dopasowane. Nie musisz robi\u0107 nic, aby domaga\u0107 si\u0119 tych nagr\u00f3d. Zostan\u0105 one dodane bezpo\u015brednio do Twojego konta, aby\u015b m\u00f3g\u0142 wyp\u0142aci\u0107 pieni\u0105dze lub kupi\u0107 inny los. Je\u015bli wygrasz wi\u0119ksze nagrody, w grze na loterii pojawi\u0105 si\u0119 wymagania. Je\u015bli tak jest, wszystko jest dla Ciebie jak najbardziej uproszczone, aby\u015b mia\u0142 pewno\u015b\u0107, \u017ce mo\u017cesz otrzyma\u0107 swoje wygrane przy mniejszym wysi\u0142ku. W ten spos\u00f3b mo\u017cesz od razu wr\u00f3ci\u0107 do gry lub zrobi\u0107 z pieni\u0119dzmi co tylko chcesz.<\/p><p>W celu otrzymania nagrody g\u0142\u00f3wnej musisz wype\u0142ni\u0107 dokumenty lub wys\u0142a\u0107 jak\u0105\u015b form\u0119 weryfikacji. W takim przypadku RedFoxLotto sprawi, \u017ce b\u0119dzie to dla Ciebie jak najprostsze, aby\u015b wiedzia\u0142 co i jak zrobi\u0107. I to dzia\u0142a w przypadku ka\u017cdej gry loteryjnej, kt\u00f3r\u0105 mo\u017cesz wygra\u0107 z Lotto America do ka\u017cdej innej dost\u0119pnej na stronie.<\/p><h2 class=\"wp-block-heading\">Znowu gra<\/h2><p>Kiedy jeste\u015b gotowy, mo\u017cesz wzi\u0105\u0107 swoje wygrane (lub wp\u0142aci\u0107 wi\u0119cej pieni\u0119dzy) i zacz\u0105\u0107 kupowa\u0107 bilety na nast\u0119pn\u0105 rund\u0119 gier, w kt\u00f3re chcesz zagra\u0107. Mo\u017cesz by\u0107 nawet zaskoczony, jak wiele jest r\u00f3\u017cnych gier i jak wiele mo\u017cesz potencjalnie wygra\u0107. Ale nie b\u0119dziesz zaskoczony, jak wiele rado\u015bci sprawia Ci granie w te wszystkie r\u00f3\u017cne gry dla siebie. Wszystko, co musisz zrobi\u0107, to zdecydowa\u0107, gdzie chcesz zacz\u0105\u0107 i w kt\u00f3r\u0105 gr\u0119 zagra\u0107 najpierw.<\/p>","protected":false},"excerpt":{"rendered":"<p>Jeste\u015b fanem loterii online? Je\u015bli jeste\u015b wtedy prawdopodobnie ju\u017c kupi\u0107 bilety na wszystkie swoje ulubione gry, ale czy znasz wszystkie z r\u00f3\u017cnych gier, kt\u00f3re s\u0105 tam? Czy wiesz, jak wiele r\u00f3\u017cnych gier mo\u017cesz gra\u0107? C\u00f3\u017c, zdecydowanie powiniene\u015b. I powiniene\u015b wiedzie\u0107 szczeg\u00f3lnie o Lotto America. To w\u0142a\u015bnie tam dostaniesz wspania\u0142e nagrody i b\u0119dziesz si\u0119 dobrze bawi\u0107. [&hellip;]<\/p>\n","protected":false},"author":1,"featured_media":0,"parent":5695,"menu_order":12,"comment_status":"closed","ping_status":"closed","template":"lotto-america-results.php","meta":{"_et_pb_use_builder":"","_et_pb_old_content":"","_et_gb_content_width":"","exclude_from_search":false,"footnotes":""},"class_list":["post-13437","page","type-page","status-publish","hentry"],"yoast_head":"<!-- This site is optimized with the Yoast SEO plugin v23.8 - https:\/\/yoast.com\/wordpress\/plugins\/seo\/ -->\n<title>Wyniki losowania Lotto America, zwyci\u0119skie liczby<\/title>\n<meta name=\"description\" content=\"W tym tygodniu zwyci\u0119skie numery Lotto America, jak r\u00f3wnie\u017c archiwum wynik\u00f3w\" \/>\n<meta name=\"robots\" content=\"index, follow, max-snippet:-1, max-image-preview:large, max-video-preview:-1\" \/>\n<link rel=\"canonical\" href=\"https:\/\/redfoxlotto.com\/pl\/wyniki\/lotto-america\/\" \/>\n<meta property=\"og:locale\" content=\"pl_PL\" \/>\n<meta property=\"og:type\" content=\"article\" \/>\n<meta property=\"og:title\" content=\"Wyniki losowania Lotto America, zwyci\u0119skie liczby\" \/>\n<meta property=\"og:description\" content=\"W tym tygodniu zwyci\u0119skie numery Lotto America, jak r\u00f3wnie\u017c archiwum wynik\u00f3w\" \/>\n<meta property=\"og:url\" content=\"https:\/\/redfoxlotto.com\/pl\/wyniki\/lotto-america\/\" \/>\n<meta property=\"og:site_name\" content=\"Get Tickets for the World\u2019s largest jackpots\" \/>\n<meta property=\"article:modified_time\" content=\"2023-05-24T17:24:31+00:00\" \/>\n<meta property=\"og:image\" content=\"https:\/\/content.redfoxlotto.com\/uploads\/sites\/9\/1_draw_results_lotto.jpg\" \/>\n<meta name=\"twitter:card\" content=\"summary_large_image\" \/>\n<meta name=\"twitter:label1\" content=\"Szacowany czas czytania\" \/>\n\t<meta name=\"twitter:data1\" content=\"3 minuty\" \/>\n<script type=\"application\/ld+json\" class=\"yoast-schema-graph\">{\"@context\":\"https:\/\/schema.org\",\"@graph\":[{\"@type\":\"WebPage\",\"@id\":\"https:\/\/redfoxlotto.com\/pl\/wyniki\/lotto-america\/\",\"url\":\"https:\/\/redfoxlotto.com\/pl\/wyniki\/lotto-america\/\",\"name\":\"Wyniki losowania Lotto America, zwyci\u0119skie liczby\",\"isPartOf\":{\"@id\":\"https:\/\/redfoxlotto.com\/pl\/#website\"},\"primaryImageOfPage\":{\"@id\":\"https:\/\/redfoxlotto.com\/pl\/wyniki\/lotto-america\/#primaryimage\"},\"image\":{\"@id\":\"https:\/\/redfoxlotto.com\/pl\/wyniki\/lotto-america\/#primaryimage\"},\"thumbnailUrl\":\"https:\/\/content.redfoxlotto.com\/uploads\/sites\/9\/1_draw_results_lotto.jpg\",\"datePublished\":\"2020-08-18T09:11:18+00:00\",\"dateModified\":\"2023-05-24T17:24:31+00:00\",\"description\":\"W tym tygodniu zwyci\u0119skie numery Lotto America, jak r\u00f3wnie\u017c archiwum wynik\u00f3w\",\"breadcrumb\":{\"@id\":\"https:\/\/redfoxlotto.com\/pl\/wyniki\/lotto-america\/#breadcrumb\"},\"inLanguage\":\"pl-PL\",\"potentialAction\":[{\"@type\":\"ReadAction\",\"target\":[\"https:\/\/redfoxlotto.com\/pl\/wyniki\/lotto-america\/\"]}]},{\"@type\":\"ImageObject\",\"inLanguage\":\"pl-PL\",\"@id\":\"https:\/\/redfoxlotto.com\/pl\/wyniki\/lotto-america\/#primaryimage\",\"url\":\"https:\/\/content.redfoxlotto.com\/uploads\/sites\/9\/1_draw_results_lotto.jpg\",\"contentUrl\":\"https:\/\/content.redfoxlotto.com\/uploads\/sites\/9\/1_draw_results_lotto.jpg\"},{\"@type\":\"BreadcrumbList\",\"@id\":\"https:\/\/redfoxlotto.com\/pl\/wyniki\/lotto-america\/#breadcrumb\",\"itemListElement\":[{\"@type\":\"ListItem\",\"position\":1,\"name\":\"Home\",\"item\":\"https:\/\/redfoxlotto.com\/pl\/\"},{\"@type\":\"ListItem\",\"position\":2,\"name\":\"Wyniki mi\u0119dzynarodowej loterii\",\"item\":\"https:\/\/redfoxlotto.com\/pl\/wyniki\/\"},{\"@type\":\"ListItem\",\"position\":3,\"name\":\"Wyniki Lotto America\"}]},{\"@type\":\"WebSite\",\"@id\":\"https:\/\/redfoxlotto.com\/pl\/#website\",\"url\":\"https:\/\/redfoxlotto.com\/pl\/\",\"name\":\"Get Tickets for the World\u2019s largest jackpots\",\"description\":\"Participate in worldwide lottery jackpots from any country\",\"publisher\":{\"@id\":\"https:\/\/redfoxlotto.com\/pl\/#organization\"},\"potentialAction\":[{\"@type\":\"SearchAction\",\"target\":{\"@type\":\"EntryPoint\",\"urlTemplate\":\"https:\/\/redfoxlotto.com\/pl\/?s={search_term_string}\"},\"query-input\":{\"@type\":\"PropertyValueSpecification\",\"valueRequired\":true,\"valueName\":\"search_term_string\"}}],\"inLanguage\":\"pl-PL\"},{\"@type\":\"Organization\",\"@id\":\"https:\/\/redfoxlotto.com\/pl\/#organization\",\"name\":\"Get Tickets for the World\u2019s largest jackpots\",\"url\":\"https:\/\/redfoxlotto.com\/pl\/\",\"logo\":{\"@type\":\"ImageObject\",\"inLanguage\":\"pl-PL\",\"@id\":\"https:\/\/redfoxlotto.com\/pl\/#\/schema\/logo\/image\/\",\"url\":\"https:\/\/redfoxlotto.com\/wp-content\/uploads\/2023\/04\/logo.png\",\"contentUrl\":\"https:\/\/redfoxlotto.com\/wp-content\/uploads\/2023\/04\/logo.png\",\"width\":269,\"height\":53,\"caption\":\"Get Tickets for the World\u2019s largest jackpots\"},\"image\":{\"@id\":\"https:\/\/redfoxlotto.com\/pl\/#\/schema\/logo\/image\/\"}}]}<\/script>\n<!-- \/ Yoast SEO plugin. -->","yoast_head_json":{"title":"Wyniki losowania Lotto America, zwyci\u0119skie liczby","description":"W tym tygodniu zwyci\u0119skie numery Lotto America, jak r\u00f3wnie\u017c archiwum wynik\u00f3w","robots":{"index":"index","follow":"follow","max-snippet":"max-snippet:-1","max-image-preview":"max-image-preview:large","max-video-preview":"max-video-preview:-1"},"canonical":"https:\/\/redfoxlotto.com\/pl\/wyniki\/lotto-america\/","og_locale":"pl_PL","og_type":"article","og_title":"Wyniki losowania Lotto America, zwyci\u0119skie liczby","og_description":"W tym tygodniu zwyci\u0119skie numery Lotto America, jak r\u00f3wnie\u017c archiwum wynik\u00f3w","og_url":"https:\/\/redfoxlotto.com\/pl\/wyniki\/lotto-america\/","og_site_name":"Get Tickets for the World\u2019s largest jackpots","article_modified_time":"2023-05-24T17:24:31+00:00","og_image":[{"url":"https:\/\/content.redfoxlotto.com\/uploads\/sites\/9\/1_draw_results_lotto.jpg"}],"twitter_card":"summary_large_image","twitter_misc":{"Szacowany czas czytania":"3 minuty"},"schema":{"@context":"https:\/\/schema.org","@graph":[{"@type":"WebPage","@id":"https:\/\/redfoxlotto.com\/pl\/wyniki\/lotto-america\/","url":"https:\/\/redfoxlotto.com\/pl\/wyniki\/lotto-america\/","name":"Wyniki losowania Lotto America, zwyci\u0119skie liczby","isPartOf":{"@id":"https:\/\/redfoxlotto.com\/pl\/#website"},"primaryImageOfPage":{"@id":"https:\/\/redfoxlotto.com\/pl\/wyniki\/lotto-america\/#primaryimage"},"image":{"@id":"https:\/\/redfoxlotto.com\/pl\/wyniki\/lotto-america\/#primaryimage"},"thumbnailUrl":"https:\/\/content.redfoxlotto.com\/uploads\/sites\/9\/1_draw_results_lotto.jpg","datePublished":"2020-08-18T09:11:18+00:00","dateModified":"2023-05-24T17:24:31+00:00","description":"W tym tygodniu zwyci\u0119skie numery Lotto America, jak r\u00f3wnie\u017c archiwum wynik\u00f3w","breadcrumb":{"@id":"https:\/\/redfoxlotto.com\/pl\/wyniki\/lotto-america\/#breadcrumb"},"inLanguage":"pl-PL","potentialAction":[{"@type":"ReadAction","target":["https:\/\/redfoxlotto.com\/pl\/wyniki\/lotto-america\/"]}]},{"@type":"ImageObject","inLanguage":"pl-PL","@id":"https:\/\/redfoxlotto.com\/pl\/wyniki\/lotto-america\/#primaryimage","url":"https:\/\/content.redfoxlotto.com\/uploads\/sites\/9\/1_draw_results_lotto.jpg","contentUrl":"https:\/\/content.redfoxlotto.com\/uploads\/sites\/9\/1_draw_results_lotto.jpg"},{"@type":"BreadcrumbList","@id":"https:\/\/redfoxlotto.com\/pl\/wyniki\/lotto-america\/#breadcrumb","itemListElement":[{"@type":"ListItem","position":1,"name":"Home","item":"https:\/\/redfoxlotto.com\/pl\/"},{"@type":"ListItem","position":2,"name":"Wyniki mi\u0119dzynarodowej loterii","item":"https:\/\/redfoxlotto.com\/pl\/wyniki\/"},{"@type":"ListItem","position":3,"name":"Wyniki Lotto America"}]},{"@type":"WebSite","@id":"https:\/\/redfoxlotto.com\/pl\/#website","url":"https:\/\/redfoxlotto.com\/pl\/","name":"Get Tickets for the World\u2019s largest jackpots","description":"Participate in worldwide lottery jackpots from any country","publisher":{"@id":"https:\/\/redfoxlotto.com\/pl\/#organization"},"potentialAction":[{"@type":"SearchAction","target":{"@type":"EntryPoint","urlTemplate":"https:\/\/redfoxlotto.com\/pl\/?s={search_term_string}"},"query-input":{"@type":"PropertyValueSpecification","valueRequired":true,"valueName":"search_term_string"}}],"inLanguage":"pl-PL"},{"@type":"Organization","@id":"https:\/\/redfoxlotto.com\/pl\/#organization","name":"Get Tickets for the World\u2019s largest jackpots","url":"https:\/\/redfoxlotto.com\/pl\/","logo":{"@type":"ImageObject","inLanguage":"pl-PL","@id":"https:\/\/redfoxlotto.com\/pl\/#\/schema\/logo\/image\/","url":"https:\/\/redfoxlotto.com\/wp-content\/uploads\/2023\/04\/logo.png","contentUrl":"https:\/\/redfoxlotto.com\/wp-content\/uploads\/2023\/04\/logo.png","width":269,"height":53,"caption":"Get Tickets for the World\u2019s largest jackpots"},"image":{"@id":"https:\/\/redfoxlotto.com\/pl\/#\/schema\/logo\/image\/"}}]}},"_links":{"self":[{"href":"https:\/\/redfoxlotto.com\/pl\/wp-json\/wp\/v2\/pages\/13437","targetHints":{"allow":["GET"]}}],"collection":[{"href":"https:\/\/redfoxlotto.com\/pl\/wp-json\/wp\/v2\/pages"}],"about":[{"href":"https:\/\/redfoxlotto.com\/pl\/wp-json\/wp\/v2\/types\/page"}],"author":[{"embeddable":true,"href":"https:\/\/redfoxlotto.com\/pl\/wp-json\/wp\/v2\/users\/1"}],"replies":[{"embeddable":true,"href":"https:\/\/redfoxlotto.com\/pl\/wp-json\/wp\/v2\/comments?post=13437"}],"version-history":[{"count":0,"href":"https:\/\/redfoxlotto.com\/pl\/wp-json\/wp\/v2\/pages\/13437\/revisions"}],"up":[{"embeddable":true,"href":"https:\/\/redfoxlotto.com\/pl\/wp-json\/wp\/v2\/pages\/5695"}],"wp:attachment":[{"href":"https:\/\/redfoxlotto.com\/pl\/wp-json\/wp\/v2\/media?parent=13437"}],"curies":[{"name":"wp","href":"https:\/\/api.w.org\/{rel}","templated":true}]}}