{"id":13371,"date":"2020-08-18T09:23:56","date_gmt":"2020-08-18T09:23:56","guid":{"rendered":"https:\/\/redfoxlotto.com\/?page_id=13371"},"modified":"2023-05-24T17:24:21","modified_gmt":"2023-05-24T17:24:21","slug":"lotto-6aus49","status":"publish","type":"page","link":"https:\/\/redfoxlotto.com\/pl\/wyniki\/lotto-6aus49\/","title":{"rendered":"Niemieckie wyniki Lotto"},"content":{"rendered":"<h2 class=\"wp-block-heading\">Niemieckie Lotto 6aus49 Zwyci\u0119skie numery<\/h2><p><img loading=\"lazy\" decoding=\"async\" class=\" wp-image alignright\" src=\"https:\/\/content.redfoxlotto.com\/uploads\/sites\/9\/1_draw_results_lotto2.jpg\" alt=\"wyniki lotto w Niemczech\" width=\"272\" height=\"129\" \/><\/p><p>Je\u015bli gra\u0142e\u015b w niemieckie lotto, chcesz wiedzie\u0107, czy wygra\u0142e\u015b cokolwiek, a to oznacza, \u017ce musisz zna\u0107 zwyci\u0119skie numery. Albo je\u015bli chcesz zagra\u0107 niekt\u00f3re z tych liczb, kt\u00f3re wygra\u0142y ostatnio lub najcz\u0119\u015bciej musisz wiedzie\u0107, co to s\u0105 za liczby, ale jak sprawdzi\u0107 zwyci\u0119skie numery German Lotto 6aus49?<\/p><h2 class=\"wp-block-heading\">Sprawdzanie ostatnich wynik\u00f3w<\/h2><p>Mo\u017cesz sprawdzi\u0107 najnowsze wyniki tej gry lotto bezpo\u015brednio online i mo\u017cesz to zrobi\u0107 r\u00f3wnie\u017c z RedFoxLotto.com. Wszystko co musisz zrobi\u0107, to odwiedzi\u0107 stron\u0119 internetow\u0105 i b\u0119dziesz m\u00f3g\u0142 zobaczy\u0107 zwyci\u0119skie numery dla wszystkich swoich ulubionych gier.<\/p><p>Je\u015bli rzeczywi\u015bcie gra\u0142e\u015b w t\u0119 gr\u0119 (lub jak\u0105kolwiek inn\u0105), mo\u017cesz zalogowa\u0107 si\u0119 na swoje konto, aby sprawdzi\u0107 tam zwyci\u0119skie numery i w ten spos\u00f3b dowiesz si\u0119, czy co\u015b wygra\u0142e\u015b.<\/p><h2 class=\"wp-block-heading\">Czy wygra\u0142e\u015b?<\/h2><p><img loading=\"lazy\" decoding=\"async\" class=\" wp-image alignright\" src=\"https:\/\/content.redfoxlotto.com\/uploads\/sites\/9\/1_win_lottery_prizes.jpg\" alt=\"wygraj loteri\u0119\" width=\"260\" height=\"173\" \/><\/p><p>Je\u015bli gra\u0142e\u015b w kt\u00f3r\u0105kolwiek z gier lotto na naszej stronie i wygrasz od razu b\u0119dziesz wiedzia\u0142, poniewa\u017c mo\u017cesz zalogowa\u0107 si\u0119 na swoje konto i zobaczy\u0107 zwyci\u0119skie numery w por\u00f3wnaniu do swoich w\u0142asnych. Twoje pasuj\u0105ce numery zostan\u0105 pod\u015bwietlone, aby\u015b m\u00f3g\u0142 je zobaczy\u0107. A Twoje wygrane zostan\u0105 automatycznie przelane na Twoje konto.<\/p><h2 class=\"wp-block-heading\">Sprawdzanie starych numer\u00f3w<\/h2><p>Je\u015bli chcesz pozna\u0107 niekt\u00f3re z niemieckich zwyci\u0119skich liczb Lotto 6aus49 zanim b\u0119dziesz m\u00f3g\u0142 sprawdzi\u0107 w archiwum wynik\u00f3w. Znajdziesz tam stare numery, kt\u00f3re mo\u017cesz wykorzysta\u0107 do czego tylko chcesz.<\/p>","protected":false},"excerpt":{"rendered":"<p>Niemieckie Lotto 6aus49 Zwyci\u0119skie numery Je\u015bli gra\u0142e\u015b w niemieckie lotto, chcesz wiedzie\u0107, czy wygra\u0142e\u015b cokolwiek, a to oznacza, \u017ce musisz zna\u0107 zwyci\u0119skie numery. Albo je\u015bli chcesz zagra\u0107 niekt\u00f3re z tych liczb, kt\u00f3re wygra\u0142y ostatnio lub najcz\u0119\u015bciej musisz wiedzie\u0107, co to s\u0105 za liczby, ale jak sprawdzi\u0107 zwyci\u0119skie numery German Lotto 6aus49? Sprawdzanie ostatnich wynik\u00f3w Mo\u017cesz [&hellip;]<\/p>\n","protected":false},"author":1,"featured_media":0,"parent":5695,"menu_order":15,"comment_status":"closed","ping_status":"closed","template":"lotto-german-results.php","meta":{"_et_pb_use_builder":"","_et_pb_old_content":"","_et_gb_content_width":"","exclude_from_search":false,"footnotes":""},"class_list":["post-13371","page","type-page","status-publish","hentry"],"yoast_head":"<!-- This site is optimized with the Yoast SEO plugin v23.8 - https:\/\/yoast.com\/wordpress\/plugins\/seo\/ -->\n<title>Wyniki niemieckich losowa\u0144 i zwyci\u0119skich kombinacji liczb oraz archiwum<\/title>\n<meta name=\"description\" content=\"Czy wybra\u0142e\u015b zwyci\u0119skie numery dla German Lotto? Sprawd\u017a wyniki losowania na naszej stronie internetowej\" \/>\n<meta name=\"robots\" content=\"index, follow, max-snippet:-1, max-image-preview:large, max-video-preview:-1\" \/>\n<link rel=\"canonical\" href=\"https:\/\/redfoxlotto.com\/pl\/wyniki\/lotto-6aus49\/\" \/>\n<meta property=\"og:locale\" content=\"pl_PL\" \/>\n<meta property=\"og:type\" content=\"article\" \/>\n<meta property=\"og:title\" content=\"Wyniki niemieckich losowa\u0144 i zwyci\u0119skich kombinacji liczb oraz archiwum\" \/>\n<meta property=\"og:description\" content=\"Czy wybra\u0142e\u015b zwyci\u0119skie numery dla German Lotto? Sprawd\u017a wyniki losowania na naszej stronie internetowej\" \/>\n<meta property=\"og:url\" content=\"https:\/\/redfoxlotto.com\/pl\/wyniki\/lotto-6aus49\/\" \/>\n<meta property=\"og:site_name\" content=\"Get Tickets for the World\u2019s largest jackpots\" \/>\n<meta property=\"article:modified_time\" content=\"2023-05-24T17:24:21+00:00\" \/>\n<meta property=\"og:image\" content=\"https:\/\/content.redfoxlotto.com\/uploads\/sites\/9\/1_draw_results_lotto2.jpg\" \/>\n<meta name=\"twitter:card\" content=\"summary_large_image\" \/>\n<meta name=\"twitter:label1\" content=\"Szacowany czas czytania\" \/>\n\t<meta name=\"twitter:data1\" content=\"2 minuty\" \/>\n<script type=\"application\/ld+json\" class=\"yoast-schema-graph\">{\"@context\":\"https:\/\/schema.org\",\"@graph\":[{\"@type\":\"WebPage\",\"@id\":\"https:\/\/redfoxlotto.com\/pl\/wyniki\/lotto-6aus49\/\",\"url\":\"https:\/\/redfoxlotto.com\/pl\/wyniki\/lotto-6aus49\/\",\"name\":\"Wyniki niemieckich losowa\u0144 i zwyci\u0119skich kombinacji liczb oraz archiwum\",\"isPartOf\":{\"@id\":\"https:\/\/redfoxlotto.com\/pl\/#website\"},\"primaryImageOfPage\":{\"@id\":\"https:\/\/redfoxlotto.com\/pl\/wyniki\/lotto-6aus49\/#primaryimage\"},\"image\":{\"@id\":\"https:\/\/redfoxlotto.com\/pl\/wyniki\/lotto-6aus49\/#primaryimage\"},\"thumbnailUrl\":\"https:\/\/content.redfoxlotto.com\/uploads\/sites\/9\/1_draw_results_lotto2.jpg\",\"datePublished\":\"2020-08-18T09:23:56+00:00\",\"dateModified\":\"2023-05-24T17:24:21+00:00\",\"description\":\"Czy wybra\u0142e\u015b zwyci\u0119skie numery dla German Lotto? Sprawd\u017a wyniki losowania na naszej stronie internetowej\",\"breadcrumb\":{\"@id\":\"https:\/\/redfoxlotto.com\/pl\/wyniki\/lotto-6aus49\/#breadcrumb\"},\"inLanguage\":\"pl-PL\",\"potentialAction\":[{\"@type\":\"ReadAction\",\"target\":[\"https:\/\/redfoxlotto.com\/pl\/wyniki\/lotto-6aus49\/\"]}]},{\"@type\":\"ImageObject\",\"inLanguage\":\"pl-PL\",\"@id\":\"https:\/\/redfoxlotto.com\/pl\/wyniki\/lotto-6aus49\/#primaryimage\",\"url\":\"https:\/\/content.redfoxlotto.com\/uploads\/sites\/9\/1_draw_results_lotto2.jpg\",\"contentUrl\":\"https:\/\/content.redfoxlotto.com\/uploads\/sites\/9\/1_draw_results_lotto2.jpg\"},{\"@type\":\"BreadcrumbList\",\"@id\":\"https:\/\/redfoxlotto.com\/pl\/wyniki\/lotto-6aus49\/#breadcrumb\",\"itemListElement\":[{\"@type\":\"ListItem\",\"position\":1,\"name\":\"Home\",\"item\":\"https:\/\/redfoxlotto.com\/pl\/\"},{\"@type\":\"ListItem\",\"position\":2,\"name\":\"Wyniki mi\u0119dzynarodowej loterii\",\"item\":\"https:\/\/redfoxlotto.com\/pl\/wyniki\/\"},{\"@type\":\"ListItem\",\"position\":3,\"name\":\"Niemieckie wyniki Lotto\"}]},{\"@type\":\"WebSite\",\"@id\":\"https:\/\/redfoxlotto.com\/pl\/#website\",\"url\":\"https:\/\/redfoxlotto.com\/pl\/\",\"name\":\"Get Tickets for the World\u2019s largest jackpots\",\"description\":\"Participate in worldwide lottery jackpots from any country\",\"publisher\":{\"@id\":\"https:\/\/redfoxlotto.com\/pl\/#organization\"},\"potentialAction\":[{\"@type\":\"SearchAction\",\"target\":{\"@type\":\"EntryPoint\",\"urlTemplate\":\"https:\/\/redfoxlotto.com\/pl\/?s={search_term_string}\"},\"query-input\":{\"@type\":\"PropertyValueSpecification\",\"valueRequired\":true,\"valueName\":\"search_term_string\"}}],\"inLanguage\":\"pl-PL\"},{\"@type\":\"Organization\",\"@id\":\"https:\/\/redfoxlotto.com\/pl\/#organization\",\"name\":\"Get Tickets for the World\u2019s largest jackpots\",\"url\":\"https:\/\/redfoxlotto.com\/pl\/\",\"logo\":{\"@type\":\"ImageObject\",\"inLanguage\":\"pl-PL\",\"@id\":\"https:\/\/redfoxlotto.com\/pl\/#\/schema\/logo\/image\/\",\"url\":\"https:\/\/redfoxlotto.com\/wp-content\/uploads\/2023\/04\/logo.png\",\"contentUrl\":\"https:\/\/redfoxlotto.com\/wp-content\/uploads\/2023\/04\/logo.png\",\"width\":269,\"height\":53,\"caption\":\"Get Tickets for the World\u2019s largest jackpots\"},\"image\":{\"@id\":\"https:\/\/redfoxlotto.com\/pl\/#\/schema\/logo\/image\/\"}}]}<\/script>\n<!-- \/ Yoast SEO plugin. -->","yoast_head_json":{"title":"Wyniki niemieckich losowa\u0144 i zwyci\u0119skich kombinacji liczb oraz archiwum","description":"Czy wybra\u0142e\u015b zwyci\u0119skie numery dla German Lotto? Sprawd\u017a wyniki losowania na naszej stronie internetowej","robots":{"index":"index","follow":"follow","max-snippet":"max-snippet:-1","max-image-preview":"max-image-preview:large","max-video-preview":"max-video-preview:-1"},"canonical":"https:\/\/redfoxlotto.com\/pl\/wyniki\/lotto-6aus49\/","og_locale":"pl_PL","og_type":"article","og_title":"Wyniki niemieckich losowa\u0144 i zwyci\u0119skich kombinacji liczb oraz archiwum","og_description":"Czy wybra\u0142e\u015b zwyci\u0119skie numery dla German Lotto? Sprawd\u017a wyniki losowania na naszej stronie internetowej","og_url":"https:\/\/redfoxlotto.com\/pl\/wyniki\/lotto-6aus49\/","og_site_name":"Get Tickets for the World\u2019s largest jackpots","article_modified_time":"2023-05-24T17:24:21+00:00","og_image":[{"url":"https:\/\/content.redfoxlotto.com\/uploads\/sites\/9\/1_draw_results_lotto2.jpg"}],"twitter_card":"summary_large_image","twitter_misc":{"Szacowany czas czytania":"2 minuty"},"schema":{"@context":"https:\/\/schema.org","@graph":[{"@type":"WebPage","@id":"https:\/\/redfoxlotto.com\/pl\/wyniki\/lotto-6aus49\/","url":"https:\/\/redfoxlotto.com\/pl\/wyniki\/lotto-6aus49\/","name":"Wyniki niemieckich losowa\u0144 i zwyci\u0119skich kombinacji liczb oraz archiwum","isPartOf":{"@id":"https:\/\/redfoxlotto.com\/pl\/#website"},"primaryImageOfPage":{"@id":"https:\/\/redfoxlotto.com\/pl\/wyniki\/lotto-6aus49\/#primaryimage"},"image":{"@id":"https:\/\/redfoxlotto.com\/pl\/wyniki\/lotto-6aus49\/#primaryimage"},"thumbnailUrl":"https:\/\/content.redfoxlotto.com\/uploads\/sites\/9\/1_draw_results_lotto2.jpg","datePublished":"2020-08-18T09:23:56+00:00","dateModified":"2023-05-24T17:24:21+00:00","description":"Czy wybra\u0142e\u015b zwyci\u0119skie numery dla German Lotto? Sprawd\u017a wyniki losowania na naszej stronie internetowej","breadcrumb":{"@id":"https:\/\/redfoxlotto.com\/pl\/wyniki\/lotto-6aus49\/#breadcrumb"},"inLanguage":"pl-PL","potentialAction":[{"@type":"ReadAction","target":["https:\/\/redfoxlotto.com\/pl\/wyniki\/lotto-6aus49\/"]}]},{"@type":"ImageObject","inLanguage":"pl-PL","@id":"https:\/\/redfoxlotto.com\/pl\/wyniki\/lotto-6aus49\/#primaryimage","url":"https:\/\/content.redfoxlotto.com\/uploads\/sites\/9\/1_draw_results_lotto2.jpg","contentUrl":"https:\/\/content.redfoxlotto.com\/uploads\/sites\/9\/1_draw_results_lotto2.jpg"},{"@type":"BreadcrumbList","@id":"https:\/\/redfoxlotto.com\/pl\/wyniki\/lotto-6aus49\/#breadcrumb","itemListElement":[{"@type":"ListItem","position":1,"name":"Home","item":"https:\/\/redfoxlotto.com\/pl\/"},{"@type":"ListItem","position":2,"name":"Wyniki mi\u0119dzynarodowej loterii","item":"https:\/\/redfoxlotto.com\/pl\/wyniki\/"},{"@type":"ListItem","position":3,"name":"Niemieckie wyniki Lotto"}]},{"@type":"WebSite","@id":"https:\/\/redfoxlotto.com\/pl\/#website","url":"https:\/\/redfoxlotto.com\/pl\/","name":"Get Tickets for the World\u2019s largest jackpots","description":"Participate in worldwide lottery jackpots from any country","publisher":{"@id":"https:\/\/redfoxlotto.com\/pl\/#organization"},"potentialAction":[{"@type":"SearchAction","target":{"@type":"EntryPoint","urlTemplate":"https:\/\/redfoxlotto.com\/pl\/?s={search_term_string}"},"query-input":{"@type":"PropertyValueSpecification","valueRequired":true,"valueName":"search_term_string"}}],"inLanguage":"pl-PL"},{"@type":"Organization","@id":"https:\/\/redfoxlotto.com\/pl\/#organization","name":"Get Tickets for the World\u2019s largest jackpots","url":"https:\/\/redfoxlotto.com\/pl\/","logo":{"@type":"ImageObject","inLanguage":"pl-PL","@id":"https:\/\/redfoxlotto.com\/pl\/#\/schema\/logo\/image\/","url":"https:\/\/redfoxlotto.com\/wp-content\/uploads\/2023\/04\/logo.png","contentUrl":"https:\/\/redfoxlotto.com\/wp-content\/uploads\/2023\/04\/logo.png","width":269,"height":53,"caption":"Get Tickets for the World\u2019s largest jackpots"},"image":{"@id":"https:\/\/redfoxlotto.com\/pl\/#\/schema\/logo\/image\/"}}]}},"_links":{"self":[{"href":"https:\/\/redfoxlotto.com\/pl\/wp-json\/wp\/v2\/pages\/13371","targetHints":{"allow":["GET"]}}],"collection":[{"href":"https:\/\/redfoxlotto.com\/pl\/wp-json\/wp\/v2\/pages"}],"about":[{"href":"https:\/\/redfoxlotto.com\/pl\/wp-json\/wp\/v2\/types\/page"}],"author":[{"embeddable":true,"href":"https:\/\/redfoxlotto.com\/pl\/wp-json\/wp\/v2\/users\/1"}],"replies":[{"embeddable":true,"href":"https:\/\/redfoxlotto.com\/pl\/wp-json\/wp\/v2\/comments?post=13371"}],"version-history":[{"count":0,"href":"https:\/\/redfoxlotto.com\/pl\/wp-json\/wp\/v2\/pages\/13371\/revisions"}],"up":[{"embeddable":true,"href":"https:\/\/redfoxlotto.com\/pl\/wp-json\/wp\/v2\/pages\/5695"}],"wp:attachment":[{"href":"https:\/\/redfoxlotto.com\/pl\/wp-json\/wp\/v2\/media?parent=13371"}],"curies":[{"name":"wp","href":"https:\/\/api.w.org\/{rel}","templated":true}]}}