{"id":13275,"date":"2023-04-24T18:07:24","date_gmt":"2023-04-24T18:07:24","guid":{"rendered":"https:\/\/redfoxlotto.com\/?page_id=13275"},"modified":"2025-12-11T09:35:01","modified_gmt":"2025-12-11T09:35:01","slug":"thunderball","status":"publish","type":"page","link":"https:\/\/redfoxlotto.com\/pl\/graj\/thunderball\/","title":{"rendered":"Zagraj w Thunderball Lotto online"},"content":{"rendered":"<script type=\"application\/ld+json\">\r\n{\r\n  \"@context\": \"https:\/\/schema.org\",\r\n  \"@type\": \"Service\",\r\n  \"name\": \"Thunderball Lotto online\",\r\n  \"url\": \"https:\/\/redfoxlotto.com\/pl\/graj\/thunderball\/\",\r\n  \"description\": \"Kup oficjalne bilety Thunderball Lotto online przez RedFoxLotto. Wybierz swoje liczby i we\u017a udzia\u0142 w kolejnym losowaniu.\",\r\n  \"serviceType\": \"Online lottery ticket purchase\",\r\n\r\n  \"provider\": {\r\n    \"@type\": \"Organization\",\r\n    \"name\": \"RedFoxLotto\",\r\n    \"url\": \"https:\/\/redfoxlotto.com\",\r\n    \"logo\": \"https:\/\/redfoxlotto.com\/wp-content\/uploads\/logo.png\"\r\n  },\r\n\r\n  \"areaServed\": \"Worldwide\",\r\n  \"termsOfService\": \"https:\/\/redfoxlotto.com\/terms-and-conditions\",\r\n\r\n  \"hasOfferCatalog\": {\r\n    \"@type\": \"OfferCatalog\",\r\n    \"name\": \"Thunderball Lotto Offers\",\r\n    \"itemListElement\": [\r\n      {\r\n        \"@type\": \"Offer\",\r\n        \"name\": \"Lotto Thunderball Lotto Ticket\",\r\n        \"url\": \"https:\/\/redfoxlotto.com\/pl\/graj\/thunderball\/\",\r\n        \"description\": \"Jedno wej\u015bcie na kolejne losowanie Thunderball Lotto.\",\r\n        \"price\": \"4.00\",\r\n        \"priceCurrency\": \"EUR\",\r\n        \"availability\": \"https:\/\/schema.org\/InStock\",\r\n\r\n        \"itemOffered\": {\r\n          \"@type\": \"Service\",\r\n          \"name\": \"Thunderball Lotto Lottery Entry\",\r\n          \"description\": \"Udzia\u0142 w kolejnym losowaniu Thunderball Lotto przez RedFoxLotto.\"\r\n        }\r\n      }\r\n    ]\r\n  },\r\n\r\n  \"mainEntityOfPage\": {\r\n    \"@type\": \"WebPage\",\r\n    \"@id\": \"https:\/\/redfoxlotto.com\/pl\/graj\/thunderball\/\"\r\n  }\r\n}\r\n<\/script><p>Je\u015bli chcesz zacz\u0105\u0107 gra\u0107 w zupe\u0142nie now\u0105 gr\u0119, koniecznie musisz przyjrze\u0107 si\u0119 Thunderballowi. Mo\u017cesz by\u0107 nawet zdziwiony, jak wiele rado\u015bci sprawia Ci ta gra i wszystkie opcje, kt\u00f3re masz do wyboru. To dlatego, \u017ce kiedy grasz w Thunderball UK Lotto online, masz nawet mo\u017cliwo\u015b\u0107 wyboru dni, w kt\u00f3re grasz.<\/p><h2 class=\"wp-block-heading\">Jak gra\u0107 w Thunderball UK Lotto Online<\/h2><p><img loading=\"lazy\" decoding=\"async\" class=\" wp-image alignright\" src=\"https:\/\/content.redfoxlotto.com\/uploads\/sites\/9\/1_play_online_lotto.jpg\" alt=\"graj w thunderball online\" width=\"265\" height=\"265\" \/><\/p><p>W tej grze wybierasz pi\u0119\u0107 zwyk\u0142ych numer\u00f3w plus jeden dodatkowy numer. Ka\u017cdy z tych regularnych numer\u00f3w musi zawiera\u0107 si\u0119 w przedziale od 1 do 39. Ka\u017cdy z numer\u00f3w Thunderball musi by\u0107 mi\u0119dzy 1 a 14. Mo\u017cesz te\u017c wybra\u0107 los na Lucky Dip, kt\u00f3ry jest automatycznie generowany dla Ciebie.<\/p><p>Kiedy ju\u017c b\u0119dziesz mia\u0142 swoje numery, mo\u017cesz wybra\u0107, na kt\u00f3re dni i na jak d\u0142ugo chcesz, aby Tw\u00f3j bilet by\u0142 wa\u017cny. W ten spos\u00f3b otrzymujesz tyle rysunk\u00f3w, ile chcesz.<\/p><h2 class=\"wp-block-heading\">Sprawdzanie zwyci\u0119skich numer\u00f3w<\/h2><p>Kiedy ju\u017c kupisz bilety, b\u0119dziesz chcia\u0142 wiedzie\u0107, czy co\u015b wygra\u0142e\u015b, prawda? C\u00f3\u017c, \u0142atwiej jest si\u0119 tego dowiedzie\u0107, ni\u017c ci si\u0119 wydaje. Wszystko co musisz zrobi\u0107, to sprawdzi\u0107 zwyci\u0119skie numery online, w swoim ulubionym miejscu. Jak RedFoxLotto.com.<\/p><p>Je\u015bli gra\u0142e\u015b ju\u017c w t\u0119 gr\u0119 i chcesz si\u0119 dowiedzie\u0107, czy wygra\u0142e\u015b cokolwiek, to jest to jeszcze lepsze miejsce do sprawdzenia, poniewa\u017c mo\u017cesz por\u00f3wna\u0107 swoje w\u0142asne numery, loguj\u0105c si\u0119 na swoje konto. I tak naprawd\u0119, zrobimy dla Ciebie wszystkie por\u00f3wnania, aby\u015b m\u00f3g\u0142 si\u0119 zrelaksowa\u0107.<\/p>","protected":false},"excerpt":{"rendered":"<p>Je\u015bli chcesz zacz\u0105\u0107 gra\u0107 w zupe\u0142nie now\u0105 gr\u0119, koniecznie musisz przyjrze\u0107 si\u0119 Thunderballowi. Mo\u017cesz by\u0107 nawet zdziwiony, jak wiele rado\u015bci sprawia Ci ta gra i wszystkie opcje, kt\u00f3re masz do wyboru. To dlatego, \u017ce kiedy grasz w Thunderball UK Lotto online, masz nawet mo\u017cliwo\u015b\u0107 wyboru dni, w kt\u00f3re grasz. Jak gra\u0107 w Thunderball UK Lotto [&hellip;]<\/p>\n","protected":false},"author":1,"featured_media":0,"parent":5704,"menu_order":11,"comment_status":"closed","ping_status":"closed","template":"thunderball.php","meta":{"_et_pb_use_builder":"","_et_pb_old_content":"","_et_gb_content_width":"","exclude_from_search":false,"footnotes":""},"class_list":["post-13275","page","type-page","status-publish","hentry"],"yoast_head":"<!-- This site is optimized with the Yoast SEO plugin v27.3 - https:\/\/yoast.com\/product\/yoast-seo-wordpress\/ -->\n<title>We\u017a udzia\u0142 w Thunderball Lotto online<\/title>\n<meta name=\"description\" content=\"W brytyjskiej loterii Thunderball mo\u017cna teraz gra\u0107 online z dowolnego kraju\" \/>\n<meta name=\"robots\" content=\"index, follow, max-snippet:-1, max-image-preview:large, max-video-preview:-1\" \/>\n<link rel=\"canonical\" href=\"https:\/\/redfoxlotto.com\/pl\/graj\/thunderball\/\" \/>\n<meta property=\"og:locale\" content=\"pl_PL\" \/>\n<meta property=\"og:type\" content=\"article\" \/>\n<meta property=\"og:title\" content=\"We\u017a udzia\u0142 w Thunderball Lotto online\" \/>\n<meta property=\"og:description\" content=\"W brytyjskiej loterii Thunderball mo\u017cna teraz gra\u0107 online z dowolnego kraju\" \/>\n<meta property=\"og:url\" content=\"https:\/\/redfoxlotto.com\/pl\/graj\/thunderball\/\" \/>\n<meta property=\"og:site_name\" content=\"Get Tickets for the World\u2019s largest jackpots\" \/>\n<meta property=\"article:modified_time\" content=\"2025-12-11T09:35:01+00:00\" \/>\n<meta property=\"og:image\" content=\"https:\/\/content.redfoxlotto.com\/uploads\/sites\/9\/1_play_online_lotto.jpg\" \/>\n<meta name=\"twitter:card\" content=\"summary_large_image\" \/>\n<meta name=\"twitter:label1\" content=\"Szacowany czas czytania\" \/>\n\t<meta name=\"twitter:data1\" content=\"2 minuty\" \/>\n<script type=\"application\/ld+json\" class=\"yoast-schema-graph\">{\"@context\":\"https:\\\/\\\/schema.org\",\"@graph\":[{\"@type\":\"WebPage\",\"@id\":\"https:\\\/\\\/redfoxlotto.com\\\/pl\\\/graj\\\/thunderball\\\/\",\"url\":\"https:\\\/\\\/redfoxlotto.com\\\/pl\\\/graj\\\/thunderball\\\/\",\"name\":\"We\u017a udzia\u0142 w Thunderball Lotto online\",\"isPartOf\":{\"@id\":\"https:\\\/\\\/redfoxlotto.com\\\/pl\\\/#website\"},\"primaryImageOfPage\":{\"@id\":\"https:\\\/\\\/redfoxlotto.com\\\/pl\\\/graj\\\/thunderball\\\/#primaryimage\"},\"image\":{\"@id\":\"https:\\\/\\\/redfoxlotto.com\\\/pl\\\/graj\\\/thunderball\\\/#primaryimage\"},\"thumbnailUrl\":\"https:\\\/\\\/content.redfoxlotto.com\\\/uploads\\\/sites\\\/9\\\/1_play_online_lotto.jpg\",\"datePublished\":\"2023-04-24T18:07:24+00:00\",\"dateModified\":\"2025-12-11T09:35:01+00:00\",\"description\":\"W brytyjskiej loterii Thunderball mo\u017cna teraz gra\u0107 online z dowolnego kraju\",\"breadcrumb\":{\"@id\":\"https:\\\/\\\/redfoxlotto.com\\\/pl\\\/graj\\\/thunderball\\\/#breadcrumb\"},\"inLanguage\":\"pl-PL\",\"potentialAction\":[{\"@type\":\"ReadAction\",\"target\":[\"https:\\\/\\\/redfoxlotto.com\\\/pl\\\/graj\\\/thunderball\\\/\"]}]},{\"@type\":\"ImageObject\",\"inLanguage\":\"pl-PL\",\"@id\":\"https:\\\/\\\/redfoxlotto.com\\\/pl\\\/graj\\\/thunderball\\\/#primaryimage\",\"url\":\"https:\\\/\\\/content.redfoxlotto.com\\\/uploads\\\/sites\\\/9\\\/1_play_online_lotto.jpg\",\"contentUrl\":\"https:\\\/\\\/content.redfoxlotto.com\\\/uploads\\\/sites\\\/9\\\/1_play_online_lotto.jpg\"},{\"@type\":\"BreadcrumbList\",\"@id\":\"https:\\\/\\\/redfoxlotto.com\\\/pl\\\/graj\\\/thunderball\\\/#breadcrumb\",\"itemListElement\":[{\"@type\":\"ListItem\",\"position\":1,\"name\":\"Home\",\"item\":\"https:\\\/\\\/redfoxlotto.com\\\/pl\\\/\"},{\"@type\":\"ListItem\",\"position\":2,\"name\":\"Jak gra\u0107 na loteriach innych kraj\u00f3w?\",\"item\":\"https:\\\/\\\/redfoxlotto.com\\\/pl\\\/graj\\\/\"},{\"@type\":\"ListItem\",\"position\":3,\"name\":\"Zagraj w Thunderball Lotto online\"}]},{\"@type\":\"WebSite\",\"@id\":\"https:\\\/\\\/redfoxlotto.com\\\/pl\\\/#website\",\"url\":\"https:\\\/\\\/redfoxlotto.com\\\/pl\\\/\",\"name\":\"Get Tickets for the World\u2019s largest jackpots\",\"description\":\"Participate in worldwide lottery jackpots from any country\",\"publisher\":{\"@id\":\"https:\\\/\\\/redfoxlotto.com\\\/pl\\\/#organization\"},\"potentialAction\":[{\"@type\":\"SearchAction\",\"target\":{\"@type\":\"EntryPoint\",\"urlTemplate\":\"https:\\\/\\\/redfoxlotto.com\\\/pl\\\/?s={search_term_string}\"},\"query-input\":{\"@type\":\"PropertyValueSpecification\",\"valueRequired\":true,\"valueName\":\"search_term_string\"}}],\"inLanguage\":\"pl-PL\"},{\"@type\":\"Organization\",\"@id\":\"https:\\\/\\\/redfoxlotto.com\\\/pl\\\/#organization\",\"name\":\"Get Tickets for the World\u2019s largest jackpots\",\"url\":\"https:\\\/\\\/redfoxlotto.com\\\/pl\\\/\",\"logo\":{\"@type\":\"ImageObject\",\"inLanguage\":\"pl-PL\",\"@id\":\"https:\\\/\\\/redfoxlotto.com\\\/pl\\\/#\\\/schema\\\/logo\\\/image\\\/\",\"url\":\"https:\\\/\\\/redfoxlotto.com\\\/wp-content\\\/uploads\\\/2023\\\/04\\\/logo.png\",\"contentUrl\":\"https:\\\/\\\/redfoxlotto.com\\\/wp-content\\\/uploads\\\/2023\\\/04\\\/logo.png\",\"width\":269,\"height\":53,\"caption\":\"Get Tickets for the World\u2019s largest jackpots\"},\"image\":{\"@id\":\"https:\\\/\\\/redfoxlotto.com\\\/pl\\\/#\\\/schema\\\/logo\\\/image\\\/\"}}]}<\/script>\n<!-- \/ Yoast SEO plugin. -->","yoast_head_json":{"title":"We\u017a udzia\u0142 w Thunderball Lotto online","description":"W brytyjskiej loterii Thunderball mo\u017cna teraz gra\u0107 online z dowolnego kraju","robots":{"index":"index","follow":"follow","max-snippet":"max-snippet:-1","max-image-preview":"max-image-preview:large","max-video-preview":"max-video-preview:-1"},"canonical":"https:\/\/redfoxlotto.com\/pl\/graj\/thunderball\/","og_locale":"pl_PL","og_type":"article","og_title":"We\u017a udzia\u0142 w Thunderball Lotto online","og_description":"W brytyjskiej loterii Thunderball mo\u017cna teraz gra\u0107 online z dowolnego kraju","og_url":"https:\/\/redfoxlotto.com\/pl\/graj\/thunderball\/","og_site_name":"Get Tickets for the World\u2019s largest jackpots","article_modified_time":"2025-12-11T09:35:01+00:00","og_image":[{"url":"https:\/\/content.redfoxlotto.com\/uploads\/sites\/9\/1_play_online_lotto.jpg","type":"","width":"","height":""}],"twitter_card":"summary_large_image","twitter_misc":{"Szacowany czas czytania":"2 minuty"},"schema":{"@context":"https:\/\/schema.org","@graph":[{"@type":"WebPage","@id":"https:\/\/redfoxlotto.com\/pl\/graj\/thunderball\/","url":"https:\/\/redfoxlotto.com\/pl\/graj\/thunderball\/","name":"We\u017a udzia\u0142 w Thunderball Lotto online","isPartOf":{"@id":"https:\/\/redfoxlotto.com\/pl\/#website"},"primaryImageOfPage":{"@id":"https:\/\/redfoxlotto.com\/pl\/graj\/thunderball\/#primaryimage"},"image":{"@id":"https:\/\/redfoxlotto.com\/pl\/graj\/thunderball\/#primaryimage"},"thumbnailUrl":"https:\/\/content.redfoxlotto.com\/uploads\/sites\/9\/1_play_online_lotto.jpg","datePublished":"2023-04-24T18:07:24+00:00","dateModified":"2025-12-11T09:35:01+00:00","description":"W brytyjskiej loterii Thunderball mo\u017cna teraz gra\u0107 online z dowolnego kraju","breadcrumb":{"@id":"https:\/\/redfoxlotto.com\/pl\/graj\/thunderball\/#breadcrumb"},"inLanguage":"pl-PL","potentialAction":[{"@type":"ReadAction","target":["https:\/\/redfoxlotto.com\/pl\/graj\/thunderball\/"]}]},{"@type":"ImageObject","inLanguage":"pl-PL","@id":"https:\/\/redfoxlotto.com\/pl\/graj\/thunderball\/#primaryimage","url":"https:\/\/content.redfoxlotto.com\/uploads\/sites\/9\/1_play_online_lotto.jpg","contentUrl":"https:\/\/content.redfoxlotto.com\/uploads\/sites\/9\/1_play_online_lotto.jpg"},{"@type":"BreadcrumbList","@id":"https:\/\/redfoxlotto.com\/pl\/graj\/thunderball\/#breadcrumb","itemListElement":[{"@type":"ListItem","position":1,"name":"Home","item":"https:\/\/redfoxlotto.com\/pl\/"},{"@type":"ListItem","position":2,"name":"Jak gra\u0107 na loteriach innych kraj\u00f3w?","item":"https:\/\/redfoxlotto.com\/pl\/graj\/"},{"@type":"ListItem","position":3,"name":"Zagraj w Thunderball Lotto online"}]},{"@type":"WebSite","@id":"https:\/\/redfoxlotto.com\/pl\/#website","url":"https:\/\/redfoxlotto.com\/pl\/","name":"Get Tickets for the World\u2019s largest jackpots","description":"Participate in worldwide lottery jackpots from any country","publisher":{"@id":"https:\/\/redfoxlotto.com\/pl\/#organization"},"potentialAction":[{"@type":"SearchAction","target":{"@type":"EntryPoint","urlTemplate":"https:\/\/redfoxlotto.com\/pl\/?s={search_term_string}"},"query-input":{"@type":"PropertyValueSpecification","valueRequired":true,"valueName":"search_term_string"}}],"inLanguage":"pl-PL"},{"@type":"Organization","@id":"https:\/\/redfoxlotto.com\/pl\/#organization","name":"Get Tickets for the World\u2019s largest jackpots","url":"https:\/\/redfoxlotto.com\/pl\/","logo":{"@type":"ImageObject","inLanguage":"pl-PL","@id":"https:\/\/redfoxlotto.com\/pl\/#\/schema\/logo\/image\/","url":"https:\/\/redfoxlotto.com\/wp-content\/uploads\/2023\/04\/logo.png","contentUrl":"https:\/\/redfoxlotto.com\/wp-content\/uploads\/2023\/04\/logo.png","width":269,"height":53,"caption":"Get Tickets for the World\u2019s largest jackpots"},"image":{"@id":"https:\/\/redfoxlotto.com\/pl\/#\/schema\/logo\/image\/"}}]}},"_links":{"self":[{"href":"https:\/\/redfoxlotto.com\/pl\/wp-json\/wp\/v2\/pages\/13275","targetHints":{"allow":["GET"]}}],"collection":[{"href":"https:\/\/redfoxlotto.com\/pl\/wp-json\/wp\/v2\/pages"}],"about":[{"href":"https:\/\/redfoxlotto.com\/pl\/wp-json\/wp\/v2\/types\/page"}],"author":[{"embeddable":true,"href":"https:\/\/redfoxlotto.com\/pl\/wp-json\/wp\/v2\/users\/1"}],"replies":[{"embeddable":true,"href":"https:\/\/redfoxlotto.com\/pl\/wp-json\/wp\/v2\/comments?post=13275"}],"version-history":[{"count":0,"href":"https:\/\/redfoxlotto.com\/pl\/wp-json\/wp\/v2\/pages\/13275\/revisions"}],"up":[{"embeddable":true,"href":"https:\/\/redfoxlotto.com\/pl\/wp-json\/wp\/v2\/pages\/5704"}],"wp:attachment":[{"href":"https:\/\/redfoxlotto.com\/pl\/wp-json\/wp\/v2\/media?parent=13275"}],"curies":[{"name":"wp","href":"https:\/\/api.w.org\/{rel}","templated":true}]}}