{"id":13138,"date":"2023-04-24T17:59:25","date_gmt":"2023-04-24T17:59:25","guid":{"rendered":"https:\/\/redfoxlotto.com\/?page_id=13138"},"modified":"2023-05-10T18:31:49","modified_gmt":"2023-05-10T18:31:49","slug":"set-for-life-uk","status":"publish","type":"page","link":"https:\/\/redfoxlotto.com\/pl\/graj\/set-for-life-uk\/","title":{"rendered":"We\u017a udzia\u0142 w Set for life lotto online"},"content":{"rendered":"<p><img loading=\"lazy\" decoding=\"async\" class=\" wp-image alignright\" src=\"https:\/\/content.redfoxlotto.com\/uploads\/sites\/9\/1_play_online_jackpot.jpg\" alt=\"do \u017cycia online\" width=\"254\" height=\"254\" \/><\/p><p>Brytyjska loteria &#8222;Set for life&#8221; r\u00f3\u017cni si\u0119 od wi\u0119kszo\u015bci innych loterii. Je\u015bli wygrasz nagrod\u0119 g\u0142\u00f3wn\u0105 lub drugorz\u0119dn\u0105, zamiast sta\u0142ej kwoty, wygrasz miesi\u0119czne p\u0142atno\u015bci.<\/p><!--more--><p>Pierwsza nagroda oznacza, \u017ce dostajesz miesi\u0119czn\u0105 wyp\u0142at\u0119 w wysoko\u015bci 10.000 funt\u00f3w przez nast\u0119pne 30 lat, druga nagroda oznacza, \u017ce dostajesz takie same 10.000 funt\u00f3w co miesi\u0105c przez jeden rok.<\/p><h2 class=\"wp-block-heading\">Jak gra\u0107 w &#8222;Set for life&#8221; online<\/h2><p>Po utworzeniu konta na naszej stronie, wystarczy przej\u015b\u0107 do loterii i wybra\u0107 5 liczb od 1 do 47, a nast\u0119pnie jedn\u0105 &#8222;pi\u0142k\u0119 \u017cycia&#8221; liczb\u0119 od 1 do 10.<\/p><p>Je\u015bli chcesz, mo\u017cesz skorzysta\u0107 z funkcji &#8222;szybkiego wyboru&#8221; i pozwoli\u0107 lub generator liczb wykona\u0107 swoj\u0105 prac\u0119, aby wype\u0142ni\u0107 sw\u00f3j los z liczbami losowymi.<\/p><h2 class=\"wp-block-heading\">Jak mam si\u0119 dowiedzie\u0107, czy wygra\u0142em<\/h2><p>Je\u015bli Tw\u00f3j bilet wygra, wy\u015blemy Ci powiadomienie poczt\u0105 elektroniczn\u0105. Upewnij si\u0119, \u017ce nasze e-maile nie trafi\u0105 do twojej skrzynki spamu. Po losowaniu, mo\u017cesz zalogowa\u0107 si\u0119 na swoje konto i sprawdzi\u0107 sw\u00f3j bilet. Wygrane numery zostan\u0105 oznaczone.<\/p>","protected":false},"excerpt":{"rendered":"<p>Brytyjska loteria &#8222;Set for life&#8221; r\u00f3\u017cni si\u0119 od wi\u0119kszo\u015bci innych loterii. Je\u015bli wygrasz nagrod\u0119 g\u0142\u00f3wn\u0105 lub drugorz\u0119dn\u0105, zamiast sta\u0142ej kwoty, wygrasz miesi\u0119czne p\u0142atno\u015bci.<\/p>\n","protected":false},"author":1,"featured_media":0,"parent":5704,"menu_order":10,"comment_status":"closed","ping_status":"closed","template":"set-for-life.php","meta":{"_et_pb_use_builder":"","_et_pb_old_content":"","_et_gb_content_width":"","exclude_from_search":false,"footnotes":""},"class_list":["post-13138","page","type-page","status-publish","hentry"],"yoast_head":"<!-- This site is optimized with the Yoast SEO plugin v23.8 - https:\/\/yoast.com\/wordpress\/plugins\/seo\/ -->\n<title>Zestaw do gry na ca\u0142e \u017cycie Lotto online<\/title>\n<meta name=\"description\" content=\"Teraz i Ty mo\u017cesz zagra\u0107 w UK&#039;s Set for life lottery online\" \/>\n<meta name=\"robots\" content=\"index, follow, max-snippet:-1, max-image-preview:large, max-video-preview:-1\" \/>\n<link rel=\"canonical\" href=\"https:\/\/redfoxlotto.com\/pl\/graj\/set-for-life-uk\/\" \/>\n<meta property=\"og:locale\" content=\"pl_PL\" \/>\n<meta property=\"og:type\" content=\"article\" \/>\n<meta property=\"og:title\" content=\"Zestaw do gry na ca\u0142e \u017cycie Lotto online\" \/>\n<meta property=\"og:description\" content=\"Teraz i Ty mo\u017cesz zagra\u0107 w UK&#039;s Set for life lottery online\" \/>\n<meta property=\"og:url\" content=\"https:\/\/redfoxlotto.com\/pl\/graj\/set-for-life-uk\/\" \/>\n<meta property=\"og:site_name\" content=\"Get Tickets for the World\u2019s largest jackpots\" \/>\n<meta property=\"article:modified_time\" content=\"2023-05-10T18:31:49+00:00\" \/>\n<meta property=\"og:image\" content=\"https:\/\/content.redfoxlotto.com\/uploads\/sites\/9\/1_play_online_jackpot.jpg\" \/>\n<meta name=\"twitter:card\" content=\"summary_large_image\" \/>\n<meta name=\"twitter:label1\" content=\"Szacowany czas czytania\" \/>\n\t<meta name=\"twitter:data1\" content=\"1 minuta\" \/>\n<script type=\"application\/ld+json\" class=\"yoast-schema-graph\">{\"@context\":\"https:\/\/schema.org\",\"@graph\":[{\"@type\":\"WebPage\",\"@id\":\"https:\/\/redfoxlotto.com\/pl\/graj\/set-for-life-uk\/\",\"url\":\"https:\/\/redfoxlotto.com\/pl\/graj\/set-for-life-uk\/\",\"name\":\"Zestaw do gry na ca\u0142e \u017cycie Lotto online\",\"isPartOf\":{\"@id\":\"https:\/\/redfoxlotto.com\/pl\/#website\"},\"primaryImageOfPage\":{\"@id\":\"https:\/\/redfoxlotto.com\/pl\/graj\/set-for-life-uk\/#primaryimage\"},\"image\":{\"@id\":\"https:\/\/redfoxlotto.com\/pl\/graj\/set-for-life-uk\/#primaryimage\"},\"thumbnailUrl\":\"https:\/\/content.redfoxlotto.com\/uploads\/sites\/9\/1_play_online_jackpot.jpg\",\"datePublished\":\"2023-04-24T17:59:25+00:00\",\"dateModified\":\"2023-05-10T18:31:49+00:00\",\"description\":\"Teraz i Ty mo\u017cesz zagra\u0107 w UK's Set for life lottery online\",\"breadcrumb\":{\"@id\":\"https:\/\/redfoxlotto.com\/pl\/graj\/set-for-life-uk\/#breadcrumb\"},\"inLanguage\":\"pl-PL\",\"potentialAction\":[{\"@type\":\"ReadAction\",\"target\":[\"https:\/\/redfoxlotto.com\/pl\/graj\/set-for-life-uk\/\"]}]},{\"@type\":\"ImageObject\",\"inLanguage\":\"pl-PL\",\"@id\":\"https:\/\/redfoxlotto.com\/pl\/graj\/set-for-life-uk\/#primaryimage\",\"url\":\"https:\/\/content.redfoxlotto.com\/uploads\/sites\/9\/1_play_online_jackpot.jpg\",\"contentUrl\":\"https:\/\/content.redfoxlotto.com\/uploads\/sites\/9\/1_play_online_jackpot.jpg\"},{\"@type\":\"BreadcrumbList\",\"@id\":\"https:\/\/redfoxlotto.com\/pl\/graj\/set-for-life-uk\/#breadcrumb\",\"itemListElement\":[{\"@type\":\"ListItem\",\"position\":1,\"name\":\"Home\",\"item\":\"https:\/\/redfoxlotto.com\/pl\/\"},{\"@type\":\"ListItem\",\"position\":2,\"name\":\"Jak gra\u0107 na loteriach innych kraj\u00f3w?\",\"item\":\"https:\/\/redfoxlotto.com\/pl\/graj\/\"},{\"@type\":\"ListItem\",\"position\":3,\"name\":\"We\u017a udzia\u0142 w Set for life lotto online\"}]},{\"@type\":\"WebSite\",\"@id\":\"https:\/\/redfoxlotto.com\/pl\/#website\",\"url\":\"https:\/\/redfoxlotto.com\/pl\/\",\"name\":\"Get Tickets for the World\u2019s largest jackpots\",\"description\":\"Participate in worldwide lottery jackpots from any country\",\"publisher\":{\"@id\":\"https:\/\/redfoxlotto.com\/pl\/#organization\"},\"potentialAction\":[{\"@type\":\"SearchAction\",\"target\":{\"@type\":\"EntryPoint\",\"urlTemplate\":\"https:\/\/redfoxlotto.com\/pl\/?s={search_term_string}\"},\"query-input\":{\"@type\":\"PropertyValueSpecification\",\"valueRequired\":true,\"valueName\":\"search_term_string\"}}],\"inLanguage\":\"pl-PL\"},{\"@type\":\"Organization\",\"@id\":\"https:\/\/redfoxlotto.com\/pl\/#organization\",\"name\":\"Get Tickets for the World\u2019s largest jackpots\",\"url\":\"https:\/\/redfoxlotto.com\/pl\/\",\"logo\":{\"@type\":\"ImageObject\",\"inLanguage\":\"pl-PL\",\"@id\":\"https:\/\/redfoxlotto.com\/pl\/#\/schema\/logo\/image\/\",\"url\":\"https:\/\/redfoxlotto.com\/wp-content\/uploads\/2023\/04\/logo.png\",\"contentUrl\":\"https:\/\/redfoxlotto.com\/wp-content\/uploads\/2023\/04\/logo.png\",\"width\":269,\"height\":53,\"caption\":\"Get Tickets for the World\u2019s largest jackpots\"},\"image\":{\"@id\":\"https:\/\/redfoxlotto.com\/pl\/#\/schema\/logo\/image\/\"}}]}<\/script>\n<!-- \/ Yoast SEO plugin. -->","yoast_head_json":{"title":"Zestaw do gry na ca\u0142e \u017cycie Lotto online","description":"Teraz i Ty mo\u017cesz zagra\u0107 w UK's Set for life lottery online","robots":{"index":"index","follow":"follow","max-snippet":"max-snippet:-1","max-image-preview":"max-image-preview:large","max-video-preview":"max-video-preview:-1"},"canonical":"https:\/\/redfoxlotto.com\/pl\/graj\/set-for-life-uk\/","og_locale":"pl_PL","og_type":"article","og_title":"Zestaw do gry na ca\u0142e \u017cycie Lotto online","og_description":"Teraz i Ty mo\u017cesz zagra\u0107 w UK's Set for life lottery online","og_url":"https:\/\/redfoxlotto.com\/pl\/graj\/set-for-life-uk\/","og_site_name":"Get Tickets for the World\u2019s largest jackpots","article_modified_time":"2023-05-10T18:31:49+00:00","og_image":[{"url":"https:\/\/content.redfoxlotto.com\/uploads\/sites\/9\/1_play_online_jackpot.jpg"}],"twitter_card":"summary_large_image","twitter_misc":{"Szacowany czas czytania":"1 minuta"},"schema":{"@context":"https:\/\/schema.org","@graph":[{"@type":"WebPage","@id":"https:\/\/redfoxlotto.com\/pl\/graj\/set-for-life-uk\/","url":"https:\/\/redfoxlotto.com\/pl\/graj\/set-for-life-uk\/","name":"Zestaw do gry na ca\u0142e \u017cycie Lotto online","isPartOf":{"@id":"https:\/\/redfoxlotto.com\/pl\/#website"},"primaryImageOfPage":{"@id":"https:\/\/redfoxlotto.com\/pl\/graj\/set-for-life-uk\/#primaryimage"},"image":{"@id":"https:\/\/redfoxlotto.com\/pl\/graj\/set-for-life-uk\/#primaryimage"},"thumbnailUrl":"https:\/\/content.redfoxlotto.com\/uploads\/sites\/9\/1_play_online_jackpot.jpg","datePublished":"2023-04-24T17:59:25+00:00","dateModified":"2023-05-10T18:31:49+00:00","description":"Teraz i Ty mo\u017cesz zagra\u0107 w UK's Set for life lottery online","breadcrumb":{"@id":"https:\/\/redfoxlotto.com\/pl\/graj\/set-for-life-uk\/#breadcrumb"},"inLanguage":"pl-PL","potentialAction":[{"@type":"ReadAction","target":["https:\/\/redfoxlotto.com\/pl\/graj\/set-for-life-uk\/"]}]},{"@type":"ImageObject","inLanguage":"pl-PL","@id":"https:\/\/redfoxlotto.com\/pl\/graj\/set-for-life-uk\/#primaryimage","url":"https:\/\/content.redfoxlotto.com\/uploads\/sites\/9\/1_play_online_jackpot.jpg","contentUrl":"https:\/\/content.redfoxlotto.com\/uploads\/sites\/9\/1_play_online_jackpot.jpg"},{"@type":"BreadcrumbList","@id":"https:\/\/redfoxlotto.com\/pl\/graj\/set-for-life-uk\/#breadcrumb","itemListElement":[{"@type":"ListItem","position":1,"name":"Home","item":"https:\/\/redfoxlotto.com\/pl\/"},{"@type":"ListItem","position":2,"name":"Jak gra\u0107 na loteriach innych kraj\u00f3w?","item":"https:\/\/redfoxlotto.com\/pl\/graj\/"},{"@type":"ListItem","position":3,"name":"We\u017a udzia\u0142 w Set for life lotto online"}]},{"@type":"WebSite","@id":"https:\/\/redfoxlotto.com\/pl\/#website","url":"https:\/\/redfoxlotto.com\/pl\/","name":"Get Tickets for the World\u2019s largest jackpots","description":"Participate in worldwide lottery jackpots from any country","publisher":{"@id":"https:\/\/redfoxlotto.com\/pl\/#organization"},"potentialAction":[{"@type":"SearchAction","target":{"@type":"EntryPoint","urlTemplate":"https:\/\/redfoxlotto.com\/pl\/?s={search_term_string}"},"query-input":{"@type":"PropertyValueSpecification","valueRequired":true,"valueName":"search_term_string"}}],"inLanguage":"pl-PL"},{"@type":"Organization","@id":"https:\/\/redfoxlotto.com\/pl\/#organization","name":"Get Tickets for the World\u2019s largest jackpots","url":"https:\/\/redfoxlotto.com\/pl\/","logo":{"@type":"ImageObject","inLanguage":"pl-PL","@id":"https:\/\/redfoxlotto.com\/pl\/#\/schema\/logo\/image\/","url":"https:\/\/redfoxlotto.com\/wp-content\/uploads\/2023\/04\/logo.png","contentUrl":"https:\/\/redfoxlotto.com\/wp-content\/uploads\/2023\/04\/logo.png","width":269,"height":53,"caption":"Get Tickets for the World\u2019s largest jackpots"},"image":{"@id":"https:\/\/redfoxlotto.com\/pl\/#\/schema\/logo\/image\/"}}]}},"_links":{"self":[{"href":"https:\/\/redfoxlotto.com\/pl\/wp-json\/wp\/v2\/pages\/13138","targetHints":{"allow":["GET"]}}],"collection":[{"href":"https:\/\/redfoxlotto.com\/pl\/wp-json\/wp\/v2\/pages"}],"about":[{"href":"https:\/\/redfoxlotto.com\/pl\/wp-json\/wp\/v2\/types\/page"}],"author":[{"embeddable":true,"href":"https:\/\/redfoxlotto.com\/pl\/wp-json\/wp\/v2\/users\/1"}],"replies":[{"embeddable":true,"href":"https:\/\/redfoxlotto.com\/pl\/wp-json\/wp\/v2\/comments?post=13138"}],"version-history":[{"count":0,"href":"https:\/\/redfoxlotto.com\/pl\/wp-json\/wp\/v2\/pages\/13138\/revisions"}],"up":[{"embeddable":true,"href":"https:\/\/redfoxlotto.com\/pl\/wp-json\/wp\/v2\/pages\/5704"}],"wp:attachment":[{"href":"https:\/\/redfoxlotto.com\/pl\/wp-json\/wp\/v2\/media?parent=13138"}],"curies":[{"name":"wp","href":"https:\/\/api.w.org\/{rel}","templated":true}]}}