{"id":13112,"date":"2023-04-24T18:15:05","date_gmt":"2023-04-24T18:15:05","guid":{"rendered":"https:\/\/redfoxlotto.com\/?page_id=13112"},"modified":"2025-12-11T07:41:42","modified_gmt":"2025-12-11T07:41:42","slug":"lotto-6aus49","status":"publish","type":"page","link":"https:\/\/redfoxlotto.com\/pl\/graj\/lotto-6aus49\/","title":{"rendered":"Zagraj w niemieckie lotto online"},"content":{"rendered":"<script type=\"application\/ld+json\">\r\n{\r\n  \"@context\": \"https:\/\/schema.org\",\r\n  \"@type\": \"Service\",\r\n  \"name\": \"Lotto Germany online\",\r\n  \"url\": \"https:\/\/redfoxlotto.com\/pl\/graj\/lotto-6aus49\/\",\r\n  \"description\": \"Kup oficjalne bilety Lotto Germany online za po\u015brednictwem RedFoxLotto. Wybierz swoje liczby i we\u017a udzia\u0142 w nast\u0119pnym losowaniu.\",\r\n  \"serviceType\": \"Online lottery ticket purchase\",\r\n\r\n  \"provider\": {\r\n    \"@type\": \"Organization\",\r\n    \"name\": \"RedFoxLotto\",\r\n    \"url\": \"https:\/\/redfoxlotto.com\",\r\n    \"logo\": \"https:\/\/redfoxlotto.com\/wp-content\/uploads\/logo.png\"\r\n  },\r\n\r\n  \"areaServed\": \"Worldwide\",\r\n  \"termsOfService\": \"https:\/\/redfoxlotto.com\/terms-and-conditions\",\r\n\r\n  \"hasOfferCatalog\": {\r\n    \"@type\": \"OfferCatalog\",\r\n    \"name\": \"Lotto Germany Offers\",\r\n    \"itemListElement\": [\r\n      {\r\n        \"@type\": \"Offer\",\r\n        \"name\": \"Lotto Lotto Germany Ticket\",\r\n        \"url\": \"https:\/\/redfoxlotto.com\/pl\/graj\/lotto-6aus49\/\",\r\n        \"description\": \"Jedno wej\u015bcie do nast\u0119pnego losowania Lotto Germany.\",\r\n        \"price\": \"3.80\",\r\n        \"priceCurrency\": \"EUR\",\r\n        \"availability\": \"https:\/\/schema.org\/InStock\",\r\n\r\n        \"itemOffered\": {\r\n          \"@type\": \"Service\",\r\n          \"name\": \"Lotto Germany Lottery Entry\",\r\n          \"description\": \"Udzia\u0142 w nast\u0119pnym losowaniu Lotto Germany za po\u015brednictwem RedFoxLotto.\"\r\n        }\r\n      }\r\n    ]\r\n  },\r\n\r\n  \"mainEntityOfPage\": {\r\n    \"@type\": \"WebPage\",\r\n    \"@id\": \"https:\/\/redfoxlotto.com\/pl\/graj\/lotto-6aus49\/\"\r\n  }\r\n}\r\n<\/script><p>Je\u015bli szukasz nowej gry do gry, powiniene\u015b przyjrze\u0107 si\u0119 bli\u017cej jak gra\u0107 online w niemieckie lotto 6aus49. Pokochasz t\u0119 gr\u0119 i jej prostot\u0119, a na pewno spodoba Ci si\u0119 mo\u017cliwo\u015b\u0107 wygrania tego wspania\u0142ego jackpota. W tej grze wybierasz 6 zwyk\u0142ych pi\u0142ek, jak r\u00f3wnie\u017c 1 super pi\u0142k\u0119.<\/p><p><img decoding=\"async\" class=\"pe\u0142ny rozmiar wp-image alignright\" src=\"https:\/\/content.redfoxlotto.com\/uploads\/sites\/9\/1_big_win_lotto.jpg\" alt=\"Lotto Niemcy online\"><\/p><p>Bale zwyk\u0142e s\u0105 ponumerowane od 1-49, a dodatkowy numer od 0-9. Wszystko co musisz zrobi\u0107, aby wygra\u0107, to dopasowa\u0107 co najmniej trzy z tych kulek. Je\u015bli to zrobisz, dostaniesz jak\u0105\u015b nagrod\u0119, cho\u0107 musisz dopasowa\u0107 wszystkie liczby, aby otrzyma\u0107 jackpota.<\/p><h2 class=\"wp-block-heading\">Jak gra\u0107 w niemieckie Lotto 6aus49 Online<\/h2><p>Gotowi do odebrania w\u0142asnych bilet\u00f3w? C\u00f3\u017c, musisz wiedzie\u0107 jak gra\u0107. Wybieranie numer\u00f3w to pierwszy krok, chyba \u017ce chcesz, aby numery by\u0142y automatycznie generowane dla Ciebie. Te \u0142atwe do wybrania bilety jeszcze bardziej u\u0142atwiaj\u0105 przygotowanie si\u0119 do losowania.<\/p><p>Za pomoc\u0105 RedFoxLotto.com mo\u017cesz \u0142atwo kupi\u0107 swoje losy, niezale\u017cnie od tego, czy chcesz wybra\u0107 swoje liczby, czy nie. A potem musisz ju\u017c tylko wprowadzi\u0107 preferowan\u0105 metod\u0119 p\u0142atno\u015bci i poczeka\u0107, a\u017c zobaczysz, czy wygrasz.<\/p><h2 class=\"wp-block-heading\">Sprawdzaj wyniki<\/h2><p>Po zako\u0144czeniu losowania mo\u017cesz sprawdzi\u0107 wyniki gry i zobaczy\u0107, czy wygra\u0142e\u015b lub czy chcesz kupi\u0107 wi\u0119cej bilet\u00f3w na nast\u0119pny mecz. Wszystkie zwyci\u0119skie numery znajd\u0105 si\u0119 w\u0142a\u015bnie tam na RedFoxLotto.com.<\/p>","protected":false},"excerpt":{"rendered":"<p>Je\u015bli szukasz nowej gry do gry, powiniene\u015b przyjrze\u0107 si\u0119 bli\u017cej jak gra\u0107 online w niemieckie lotto 6aus49. Pokochasz t\u0119 gr\u0119 i jej prostot\u0119, a na pewno spodoba Ci si\u0119 mo\u017cliwo\u015b\u0107 wygrania tego wspania\u0142ego jackpota. W tej grze wybierasz 6 zwyk\u0142ych pi\u0142ek, jak r\u00f3wnie\u017c 1 super pi\u0142k\u0119. Bale zwyk\u0142e s\u0105 ponumerowane od 1-49, a dodatkowy numer [&hellip;]<\/p>\n","protected":false},"author":1,"featured_media":0,"parent":5704,"menu_order":15,"comment_status":"closed","ping_status":"closed","template":"lotto-german.php","meta":{"_et_pb_use_builder":"","_et_pb_old_content":"","_et_gb_content_width":"","exclude_from_search":false,"footnotes":""},"class_list":["post-13112","page","type-page","status-publish","hentry"],"yoast_head":"<!-- This site is optimized with the Yoast SEO plugin v27.4 - https:\/\/yoast.com\/product\/yoast-seo-wordpress\/ -->\n<title>Zagraj w niemieckie lotto online<\/title>\n<meta name=\"description\" content=\"Niemieckie Lotto &quot;6 aus 49&quot; jest teraz dost\u0119pne z dowolnego miejsca - zagraj w nie online!\" \/>\n<meta name=\"robots\" content=\"index, follow, max-snippet:-1, max-image-preview:large, max-video-preview:-1\" \/>\n<link rel=\"canonical\" href=\"https:\/\/redfoxlotto.com\/pl\/graj\/lotto-6aus49\/\" \/>\n<meta property=\"og:locale\" content=\"pl_PL\" \/>\n<meta property=\"og:type\" content=\"article\" \/>\n<meta property=\"og:title\" content=\"Zagraj w niemieckie lotto online\" \/>\n<meta property=\"og:description\" content=\"Niemieckie Lotto &quot;6 aus 49&quot; jest teraz dost\u0119pne z dowolnego miejsca - zagraj w nie online!\" \/>\n<meta property=\"og:url\" content=\"https:\/\/redfoxlotto.com\/pl\/graj\/lotto-6aus49\/\" \/>\n<meta property=\"og:site_name\" content=\"Get Tickets for the World\u2019s largest jackpots\" \/>\n<meta property=\"article:modified_time\" content=\"2025-12-11T07:41:42+00:00\" \/>\n<meta property=\"og:image\" content=\"https:\/\/content.redfoxlotto.com\/uploads\/sites\/9\/1_big_win_lotto.jpg\" \/>\n<meta name=\"twitter:card\" content=\"summary_large_image\" \/>\n<meta name=\"twitter:label1\" content=\"Szacowany czas czytania\" \/>\n\t<meta name=\"twitter:data1\" content=\"2 minuty\" \/>\n<script type=\"application\/ld+json\" class=\"yoast-schema-graph\">{\"@context\":\"https:\\\/\\\/schema.org\",\"@graph\":[{\"@type\":\"WebPage\",\"@id\":\"https:\\\/\\\/redfoxlotto.com\\\/pl\\\/graj\\\/lotto-6aus49\\\/\",\"url\":\"https:\\\/\\\/redfoxlotto.com\\\/pl\\\/graj\\\/lotto-6aus49\\\/\",\"name\":\"Zagraj w niemieckie lotto online\",\"isPartOf\":{\"@id\":\"https:\\\/\\\/redfoxlotto.com\\\/pl\\\/#website\"},\"primaryImageOfPage\":{\"@id\":\"https:\\\/\\\/redfoxlotto.com\\\/pl\\\/graj\\\/lotto-6aus49\\\/#primaryimage\"},\"image\":{\"@id\":\"https:\\\/\\\/redfoxlotto.com\\\/pl\\\/graj\\\/lotto-6aus49\\\/#primaryimage\"},\"thumbnailUrl\":\"https:\\\/\\\/content.redfoxlotto.com\\\/uploads\\\/sites\\\/9\\\/1_big_win_lotto.jpg\",\"datePublished\":\"2023-04-24T18:15:05+00:00\",\"dateModified\":\"2025-12-11T07:41:42+00:00\",\"description\":\"Niemieckie Lotto \\\"6 aus 49\\\" jest teraz dost\u0119pne z dowolnego miejsca - zagraj w nie online!\",\"breadcrumb\":{\"@id\":\"https:\\\/\\\/redfoxlotto.com\\\/pl\\\/graj\\\/lotto-6aus49\\\/#breadcrumb\"},\"inLanguage\":\"pl-PL\",\"potentialAction\":[{\"@type\":\"ReadAction\",\"target\":[\"https:\\\/\\\/redfoxlotto.com\\\/pl\\\/graj\\\/lotto-6aus49\\\/\"]}]},{\"@type\":\"ImageObject\",\"inLanguage\":\"pl-PL\",\"@id\":\"https:\\\/\\\/redfoxlotto.com\\\/pl\\\/graj\\\/lotto-6aus49\\\/#primaryimage\",\"url\":\"https:\\\/\\\/content.redfoxlotto.com\\\/uploads\\\/sites\\\/9\\\/1_big_win_lotto.jpg\",\"contentUrl\":\"https:\\\/\\\/content.redfoxlotto.com\\\/uploads\\\/sites\\\/9\\\/1_big_win_lotto.jpg\"},{\"@type\":\"BreadcrumbList\",\"@id\":\"https:\\\/\\\/redfoxlotto.com\\\/pl\\\/graj\\\/lotto-6aus49\\\/#breadcrumb\",\"itemListElement\":[{\"@type\":\"ListItem\",\"position\":1,\"name\":\"Home\",\"item\":\"https:\\\/\\\/redfoxlotto.com\\\/pl\\\/\"},{\"@type\":\"ListItem\",\"position\":2,\"name\":\"Jak gra\u0107 na loteriach innych kraj\u00f3w?\",\"item\":\"https:\\\/\\\/redfoxlotto.com\\\/pl\\\/graj\\\/\"},{\"@type\":\"ListItem\",\"position\":3,\"name\":\"Zagraj w niemieckie lotto online\"}]},{\"@type\":\"WebSite\",\"@id\":\"https:\\\/\\\/redfoxlotto.com\\\/pl\\\/#website\",\"url\":\"https:\\\/\\\/redfoxlotto.com\\\/pl\\\/\",\"name\":\"Get Tickets for the World\u2019s largest jackpots\",\"description\":\"Participate in worldwide lottery jackpots from any country\",\"publisher\":{\"@id\":\"https:\\\/\\\/redfoxlotto.com\\\/pl\\\/#organization\"},\"potentialAction\":[{\"@type\":\"SearchAction\",\"target\":{\"@type\":\"EntryPoint\",\"urlTemplate\":\"https:\\\/\\\/redfoxlotto.com\\\/pl\\\/?s={search_term_string}\"},\"query-input\":{\"@type\":\"PropertyValueSpecification\",\"valueRequired\":true,\"valueName\":\"search_term_string\"}}],\"inLanguage\":\"pl-PL\"},{\"@type\":\"Organization\",\"@id\":\"https:\\\/\\\/redfoxlotto.com\\\/pl\\\/#organization\",\"name\":\"Get Tickets for the World\u2019s largest jackpots\",\"url\":\"https:\\\/\\\/redfoxlotto.com\\\/pl\\\/\",\"logo\":{\"@type\":\"ImageObject\",\"inLanguage\":\"pl-PL\",\"@id\":\"https:\\\/\\\/redfoxlotto.com\\\/pl\\\/#\\\/schema\\\/logo\\\/image\\\/\",\"url\":\"https:\\\/\\\/redfoxlotto.com\\\/wp-content\\\/uploads\\\/2023\\\/04\\\/logo.png\",\"contentUrl\":\"https:\\\/\\\/redfoxlotto.com\\\/wp-content\\\/uploads\\\/2023\\\/04\\\/logo.png\",\"width\":269,\"height\":53,\"caption\":\"Get Tickets for the World\u2019s largest jackpots\"},\"image\":{\"@id\":\"https:\\\/\\\/redfoxlotto.com\\\/pl\\\/#\\\/schema\\\/logo\\\/image\\\/\"}}]}<\/script>\n<!-- \/ Yoast SEO plugin. -->","yoast_head_json":{"title":"Zagraj w niemieckie lotto online","description":"Niemieckie Lotto \"6 aus 49\" jest teraz dost\u0119pne z dowolnego miejsca - zagraj w nie online!","robots":{"index":"index","follow":"follow","max-snippet":"max-snippet:-1","max-image-preview":"max-image-preview:large","max-video-preview":"max-video-preview:-1"},"canonical":"https:\/\/redfoxlotto.com\/pl\/graj\/lotto-6aus49\/","og_locale":"pl_PL","og_type":"article","og_title":"Zagraj w niemieckie lotto online","og_description":"Niemieckie Lotto \"6 aus 49\" jest teraz dost\u0119pne z dowolnego miejsca - zagraj w nie online!","og_url":"https:\/\/redfoxlotto.com\/pl\/graj\/lotto-6aus49\/","og_site_name":"Get Tickets for the World\u2019s largest jackpots","article_modified_time":"2025-12-11T07:41:42+00:00","og_image":[{"url":"https:\/\/content.redfoxlotto.com\/uploads\/sites\/9\/1_big_win_lotto.jpg","type":"","width":"","height":""}],"twitter_card":"summary_large_image","twitter_misc":{"Szacowany czas czytania":"2 minuty"},"schema":{"@context":"https:\/\/schema.org","@graph":[{"@type":"WebPage","@id":"https:\/\/redfoxlotto.com\/pl\/graj\/lotto-6aus49\/","url":"https:\/\/redfoxlotto.com\/pl\/graj\/lotto-6aus49\/","name":"Zagraj w niemieckie lotto online","isPartOf":{"@id":"https:\/\/redfoxlotto.com\/pl\/#website"},"primaryImageOfPage":{"@id":"https:\/\/redfoxlotto.com\/pl\/graj\/lotto-6aus49\/#primaryimage"},"image":{"@id":"https:\/\/redfoxlotto.com\/pl\/graj\/lotto-6aus49\/#primaryimage"},"thumbnailUrl":"https:\/\/content.redfoxlotto.com\/uploads\/sites\/9\/1_big_win_lotto.jpg","datePublished":"2023-04-24T18:15:05+00:00","dateModified":"2025-12-11T07:41:42+00:00","description":"Niemieckie Lotto \"6 aus 49\" jest teraz dost\u0119pne z dowolnego miejsca - zagraj w nie online!","breadcrumb":{"@id":"https:\/\/redfoxlotto.com\/pl\/graj\/lotto-6aus49\/#breadcrumb"},"inLanguage":"pl-PL","potentialAction":[{"@type":"ReadAction","target":["https:\/\/redfoxlotto.com\/pl\/graj\/lotto-6aus49\/"]}]},{"@type":"ImageObject","inLanguage":"pl-PL","@id":"https:\/\/redfoxlotto.com\/pl\/graj\/lotto-6aus49\/#primaryimage","url":"https:\/\/content.redfoxlotto.com\/uploads\/sites\/9\/1_big_win_lotto.jpg","contentUrl":"https:\/\/content.redfoxlotto.com\/uploads\/sites\/9\/1_big_win_lotto.jpg"},{"@type":"BreadcrumbList","@id":"https:\/\/redfoxlotto.com\/pl\/graj\/lotto-6aus49\/#breadcrumb","itemListElement":[{"@type":"ListItem","position":1,"name":"Home","item":"https:\/\/redfoxlotto.com\/pl\/"},{"@type":"ListItem","position":2,"name":"Jak gra\u0107 na loteriach innych kraj\u00f3w?","item":"https:\/\/redfoxlotto.com\/pl\/graj\/"},{"@type":"ListItem","position":3,"name":"Zagraj w niemieckie lotto online"}]},{"@type":"WebSite","@id":"https:\/\/redfoxlotto.com\/pl\/#website","url":"https:\/\/redfoxlotto.com\/pl\/","name":"Get Tickets for the World\u2019s largest jackpots","description":"Participate in worldwide lottery jackpots from any country","publisher":{"@id":"https:\/\/redfoxlotto.com\/pl\/#organization"},"potentialAction":[{"@type":"SearchAction","target":{"@type":"EntryPoint","urlTemplate":"https:\/\/redfoxlotto.com\/pl\/?s={search_term_string}"},"query-input":{"@type":"PropertyValueSpecification","valueRequired":true,"valueName":"search_term_string"}}],"inLanguage":"pl-PL"},{"@type":"Organization","@id":"https:\/\/redfoxlotto.com\/pl\/#organization","name":"Get Tickets for the World\u2019s largest jackpots","url":"https:\/\/redfoxlotto.com\/pl\/","logo":{"@type":"ImageObject","inLanguage":"pl-PL","@id":"https:\/\/redfoxlotto.com\/pl\/#\/schema\/logo\/image\/","url":"https:\/\/redfoxlotto.com\/wp-content\/uploads\/2023\/04\/logo.png","contentUrl":"https:\/\/redfoxlotto.com\/wp-content\/uploads\/2023\/04\/logo.png","width":269,"height":53,"caption":"Get Tickets for the World\u2019s largest jackpots"},"image":{"@id":"https:\/\/redfoxlotto.com\/pl\/#\/schema\/logo\/image\/"}}]}},"_links":{"self":[{"href":"https:\/\/redfoxlotto.com\/pl\/wp-json\/wp\/v2\/pages\/13112","targetHints":{"allow":["GET"]}}],"collection":[{"href":"https:\/\/redfoxlotto.com\/pl\/wp-json\/wp\/v2\/pages"}],"about":[{"href":"https:\/\/redfoxlotto.com\/pl\/wp-json\/wp\/v2\/types\/page"}],"author":[{"embeddable":true,"href":"https:\/\/redfoxlotto.com\/pl\/wp-json\/wp\/v2\/users\/1"}],"replies":[{"embeddable":true,"href":"https:\/\/redfoxlotto.com\/pl\/wp-json\/wp\/v2\/comments?post=13112"}],"version-history":[{"count":0,"href":"https:\/\/redfoxlotto.com\/pl\/wp-json\/wp\/v2\/pages\/13112\/revisions"}],"up":[{"embeddable":true,"href":"https:\/\/redfoxlotto.com\/pl\/wp-json\/wp\/v2\/pages\/5704"}],"wp:attachment":[{"href":"https:\/\/redfoxlotto.com\/pl\/wp-json\/wp\/v2\/media?parent=13112"}],"curies":[{"name":"wp","href":"https:\/\/api.w.org\/{rel}","templated":true}]}}