{"id":13014,"date":"2023-04-24T18:11:14","date_gmt":"2023-04-24T18:11:14","guid":{"rendered":"https:\/\/redfoxlotto.com\/?page_id=13014"},"modified":"2023-05-10T18:31:46","modified_gmt":"2023-05-10T18:31:46","slug":"mega-sena","status":"publish","type":"page","link":"https:\/\/redfoxlotto.com\/pl\/graj\/mega-sena\/","title":{"rendered":"Zagraj w Mega Sena Lotto online"},"content":{"rendered":"<p>Je\u015bli spojrza\u0142e\u015b na gry lotto online, by\u0107 mo\u017ce widzia\u0142e\u015b ju\u017c Mega Sen\u0119. Ta gra jest w\u0142a\u015bciwie najwi\u0119ksz\u0105 loteri\u0105 w Brazylii, a to oznacza, \u017ce jest to gra, kt\u00f3r\u0105 powiniene\u015b koniecznie wypr\u00f3bowa\u0107 dla siebie.<br>Prowadzona przez Caixa Economica Federal Bank, jest ona ju\u017c od d\u0142u\u017cszego czasu i daje Ci wiele mo\u017cliwo\u015bci, je\u015bli chodzi o to, co mo\u017ce by\u0107 Twoj\u0105 now\u0105 ulubion\u0105 gr\u0105. Je\u015bli chcesz gra\u0107 w Mega Sena Brazil online, musisz tylko zna\u0107 zasady.<\/p><h2 class=\"wp-block-heading\">Jak gra\u0107<\/h2><p><img decoding=\"async\" class=\"size-full wp-image alignright\" src=\"https:\/\/content.redfoxlotto.com\/uploads\/sites\/9\/1_win_online.jpg\" alt=\"Mega Sena Brazil\"><\/p><p>Podczas gry w Mega Sena Brazil mo\u017cesz wybra\u0107 6 liczb i nie ma \u017cadnych dodatkowych numer\u00f3w. Je\u015bli chcesz wybra\u0107 swoje w\u0142asne numery, mo\u017cesz to zrobi\u0107 lub mo\u017cesz wybra\u0107 to, co nazywane jest &#8222;Szybkim wyborem&#8221;. W ten spos\u00f3b otrzymujesz losowo wybrane numery.<\/p><h2 class=\"wp-block-heading\">Weryfikacja wynik\u00f3w<\/h2><p>Kiedy ju\u017c masz swoje numery do gry w Mega Sena Brazil online, czas sprawdzi\u0107 wyniki. Z RedFoxLotto.com b\u0119dzie to \u0142atwe, poniewa\u017c wystarczy tylko zalogowa\u0107 si\u0119 na swoje konto, a numery b\u0119d\u0105 tam dost\u0119pne dla Ciebie. B\u0119d\u0105 one nawet por\u00f3wnywane z Twoimi numerami, dzi\u0119ki czemu b\u0119dziesz wiedzia\u0142, czy wygrasz.<\/p>","protected":false},"excerpt":{"rendered":"<p>Je\u015bli spojrza\u0142e\u015b na gry lotto online, by\u0107 mo\u017ce widzia\u0142e\u015b ju\u017c Mega Sen\u0119. Ta gra jest w\u0142a\u015bciwie najwi\u0119ksz\u0105 loteri\u0105 w Brazylii, a to oznacza, \u017ce jest to gra, kt\u00f3r\u0105 powiniene\u015b koniecznie wypr\u00f3bowa\u0107 dla siebie.Prowadzona przez Caixa Economica Federal Bank, jest ona ju\u017c od d\u0142u\u017cszego czasu i daje Ci wiele mo\u017cliwo\u015bci, je\u015bli chodzi o to, co mo\u017ce [&hellip;]<\/p>\n","protected":false},"author":1,"featured_media":0,"parent":5704,"menu_order":13,"comment_status":"closed","ping_status":"closed","template":"megasena.php","meta":{"_et_pb_use_builder":"","_et_pb_old_content":"","_et_gb_content_width":"","exclude_from_search":false,"footnotes":""},"class_list":["post-13014","page","type-page","status-publish","hentry"],"yoast_head":"<!-- This site is optimized with the Yoast SEO plugin v23.8 - https:\/\/yoast.com\/wordpress\/plugins\/seo\/ -->\n<title>We\u017a udzia\u0142 w Mega Sena Lotto online<\/title>\n<meta name=\"description\" content=\"Najwi\u0119ksz\u0105 loteri\u0119 z Brazylii mo\u017cna zagra\u0107 online tutaj\" \/>\n<meta name=\"robots\" content=\"index, follow, max-snippet:-1, max-image-preview:large, max-video-preview:-1\" \/>\n<link rel=\"canonical\" href=\"https:\/\/redfoxlotto.com\/pl\/graj\/mega-sena\/\" \/>\n<meta property=\"og:locale\" content=\"pl_PL\" \/>\n<meta property=\"og:type\" content=\"article\" \/>\n<meta property=\"og:title\" content=\"We\u017a udzia\u0142 w Mega Sena Lotto online\" \/>\n<meta property=\"og:description\" content=\"Najwi\u0119ksz\u0105 loteri\u0119 z Brazylii mo\u017cna zagra\u0107 online tutaj\" \/>\n<meta property=\"og:url\" content=\"https:\/\/redfoxlotto.com\/pl\/graj\/mega-sena\/\" \/>\n<meta property=\"og:site_name\" content=\"Get Tickets for the World\u2019s largest jackpots\" \/>\n<meta property=\"article:modified_time\" content=\"2023-05-10T18:31:46+00:00\" \/>\n<meta property=\"og:image\" content=\"https:\/\/content.redfoxlotto.com\/uploads\/sites\/9\/1_win_online.jpg\" \/>\n<meta name=\"twitter:card\" content=\"summary_large_image\" \/>\n<meta name=\"twitter:label1\" content=\"Szacowany czas czytania\" \/>\n\t<meta name=\"twitter:data1\" content=\"1 minuta\" \/>\n<script type=\"application\/ld+json\" class=\"yoast-schema-graph\">{\"@context\":\"https:\/\/schema.org\",\"@graph\":[{\"@type\":\"WebPage\",\"@id\":\"https:\/\/redfoxlotto.com\/pl\/graj\/mega-sena\/\",\"url\":\"https:\/\/redfoxlotto.com\/pl\/graj\/mega-sena\/\",\"name\":\"We\u017a udzia\u0142 w Mega Sena Lotto online\",\"isPartOf\":{\"@id\":\"https:\/\/redfoxlotto.com\/pl\/#website\"},\"primaryImageOfPage\":{\"@id\":\"https:\/\/redfoxlotto.com\/pl\/graj\/mega-sena\/#primaryimage\"},\"image\":{\"@id\":\"https:\/\/redfoxlotto.com\/pl\/graj\/mega-sena\/#primaryimage\"},\"thumbnailUrl\":\"https:\/\/content.redfoxlotto.com\/uploads\/sites\/9\/1_win_online.jpg\",\"datePublished\":\"2023-04-24T18:11:14+00:00\",\"dateModified\":\"2023-05-10T18:31:46+00:00\",\"description\":\"Najwi\u0119ksz\u0105 loteri\u0119 z Brazylii mo\u017cna zagra\u0107 online tutaj\",\"breadcrumb\":{\"@id\":\"https:\/\/redfoxlotto.com\/pl\/graj\/mega-sena\/#breadcrumb\"},\"inLanguage\":\"pl-PL\",\"potentialAction\":[{\"@type\":\"ReadAction\",\"target\":[\"https:\/\/redfoxlotto.com\/pl\/graj\/mega-sena\/\"]}]},{\"@type\":\"ImageObject\",\"inLanguage\":\"pl-PL\",\"@id\":\"https:\/\/redfoxlotto.com\/pl\/graj\/mega-sena\/#primaryimage\",\"url\":\"https:\/\/content.redfoxlotto.com\/uploads\/sites\/9\/1_win_online.jpg\",\"contentUrl\":\"https:\/\/content.redfoxlotto.com\/uploads\/sites\/9\/1_win_online.jpg\"},{\"@type\":\"BreadcrumbList\",\"@id\":\"https:\/\/redfoxlotto.com\/pl\/graj\/mega-sena\/#breadcrumb\",\"itemListElement\":[{\"@type\":\"ListItem\",\"position\":1,\"name\":\"Home\",\"item\":\"https:\/\/redfoxlotto.com\/pl\/\"},{\"@type\":\"ListItem\",\"position\":2,\"name\":\"Jak gra\u0107 na loteriach innych kraj\u00f3w?\",\"item\":\"https:\/\/redfoxlotto.com\/pl\/graj\/\"},{\"@type\":\"ListItem\",\"position\":3,\"name\":\"Zagraj w Mega Sena Lotto online\"}]},{\"@type\":\"WebSite\",\"@id\":\"https:\/\/redfoxlotto.com\/pl\/#website\",\"url\":\"https:\/\/redfoxlotto.com\/pl\/\",\"name\":\"Get Tickets for the World\u2019s largest jackpots\",\"description\":\"Participate in worldwide lottery jackpots from any country\",\"publisher\":{\"@id\":\"https:\/\/redfoxlotto.com\/pl\/#organization\"},\"potentialAction\":[{\"@type\":\"SearchAction\",\"target\":{\"@type\":\"EntryPoint\",\"urlTemplate\":\"https:\/\/redfoxlotto.com\/pl\/?s={search_term_string}\"},\"query-input\":{\"@type\":\"PropertyValueSpecification\",\"valueRequired\":true,\"valueName\":\"search_term_string\"}}],\"inLanguage\":\"pl-PL\"},{\"@type\":\"Organization\",\"@id\":\"https:\/\/redfoxlotto.com\/pl\/#organization\",\"name\":\"Get Tickets for the World\u2019s largest jackpots\",\"url\":\"https:\/\/redfoxlotto.com\/pl\/\",\"logo\":{\"@type\":\"ImageObject\",\"inLanguage\":\"pl-PL\",\"@id\":\"https:\/\/redfoxlotto.com\/pl\/#\/schema\/logo\/image\/\",\"url\":\"https:\/\/redfoxlotto.com\/wp-content\/uploads\/2023\/04\/logo.png\",\"contentUrl\":\"https:\/\/redfoxlotto.com\/wp-content\/uploads\/2023\/04\/logo.png\",\"width\":269,\"height\":53,\"caption\":\"Get Tickets for the World\u2019s largest jackpots\"},\"image\":{\"@id\":\"https:\/\/redfoxlotto.com\/pl\/#\/schema\/logo\/image\/\"}}]}<\/script>\n<!-- \/ Yoast SEO plugin. -->","yoast_head_json":{"title":"We\u017a udzia\u0142 w Mega Sena Lotto online","description":"Najwi\u0119ksz\u0105 loteri\u0119 z Brazylii mo\u017cna zagra\u0107 online tutaj","robots":{"index":"index","follow":"follow","max-snippet":"max-snippet:-1","max-image-preview":"max-image-preview:large","max-video-preview":"max-video-preview:-1"},"canonical":"https:\/\/redfoxlotto.com\/pl\/graj\/mega-sena\/","og_locale":"pl_PL","og_type":"article","og_title":"We\u017a udzia\u0142 w Mega Sena Lotto online","og_description":"Najwi\u0119ksz\u0105 loteri\u0119 z Brazylii mo\u017cna zagra\u0107 online tutaj","og_url":"https:\/\/redfoxlotto.com\/pl\/graj\/mega-sena\/","og_site_name":"Get Tickets for the World\u2019s largest jackpots","article_modified_time":"2023-05-10T18:31:46+00:00","og_image":[{"url":"https:\/\/content.redfoxlotto.com\/uploads\/sites\/9\/1_win_online.jpg"}],"twitter_card":"summary_large_image","twitter_misc":{"Szacowany czas czytania":"1 minuta"},"schema":{"@context":"https:\/\/schema.org","@graph":[{"@type":"WebPage","@id":"https:\/\/redfoxlotto.com\/pl\/graj\/mega-sena\/","url":"https:\/\/redfoxlotto.com\/pl\/graj\/mega-sena\/","name":"We\u017a udzia\u0142 w Mega Sena Lotto online","isPartOf":{"@id":"https:\/\/redfoxlotto.com\/pl\/#website"},"primaryImageOfPage":{"@id":"https:\/\/redfoxlotto.com\/pl\/graj\/mega-sena\/#primaryimage"},"image":{"@id":"https:\/\/redfoxlotto.com\/pl\/graj\/mega-sena\/#primaryimage"},"thumbnailUrl":"https:\/\/content.redfoxlotto.com\/uploads\/sites\/9\/1_win_online.jpg","datePublished":"2023-04-24T18:11:14+00:00","dateModified":"2023-05-10T18:31:46+00:00","description":"Najwi\u0119ksz\u0105 loteri\u0119 z Brazylii mo\u017cna zagra\u0107 online tutaj","breadcrumb":{"@id":"https:\/\/redfoxlotto.com\/pl\/graj\/mega-sena\/#breadcrumb"},"inLanguage":"pl-PL","potentialAction":[{"@type":"ReadAction","target":["https:\/\/redfoxlotto.com\/pl\/graj\/mega-sena\/"]}]},{"@type":"ImageObject","inLanguage":"pl-PL","@id":"https:\/\/redfoxlotto.com\/pl\/graj\/mega-sena\/#primaryimage","url":"https:\/\/content.redfoxlotto.com\/uploads\/sites\/9\/1_win_online.jpg","contentUrl":"https:\/\/content.redfoxlotto.com\/uploads\/sites\/9\/1_win_online.jpg"},{"@type":"BreadcrumbList","@id":"https:\/\/redfoxlotto.com\/pl\/graj\/mega-sena\/#breadcrumb","itemListElement":[{"@type":"ListItem","position":1,"name":"Home","item":"https:\/\/redfoxlotto.com\/pl\/"},{"@type":"ListItem","position":2,"name":"Jak gra\u0107 na loteriach innych kraj\u00f3w?","item":"https:\/\/redfoxlotto.com\/pl\/graj\/"},{"@type":"ListItem","position":3,"name":"Zagraj w Mega Sena Lotto online"}]},{"@type":"WebSite","@id":"https:\/\/redfoxlotto.com\/pl\/#website","url":"https:\/\/redfoxlotto.com\/pl\/","name":"Get Tickets for the World\u2019s largest jackpots","description":"Participate in worldwide lottery jackpots from any country","publisher":{"@id":"https:\/\/redfoxlotto.com\/pl\/#organization"},"potentialAction":[{"@type":"SearchAction","target":{"@type":"EntryPoint","urlTemplate":"https:\/\/redfoxlotto.com\/pl\/?s={search_term_string}"},"query-input":{"@type":"PropertyValueSpecification","valueRequired":true,"valueName":"search_term_string"}}],"inLanguage":"pl-PL"},{"@type":"Organization","@id":"https:\/\/redfoxlotto.com\/pl\/#organization","name":"Get Tickets for the World\u2019s largest jackpots","url":"https:\/\/redfoxlotto.com\/pl\/","logo":{"@type":"ImageObject","inLanguage":"pl-PL","@id":"https:\/\/redfoxlotto.com\/pl\/#\/schema\/logo\/image\/","url":"https:\/\/redfoxlotto.com\/wp-content\/uploads\/2023\/04\/logo.png","contentUrl":"https:\/\/redfoxlotto.com\/wp-content\/uploads\/2023\/04\/logo.png","width":269,"height":53,"caption":"Get Tickets for the World\u2019s largest jackpots"},"image":{"@id":"https:\/\/redfoxlotto.com\/pl\/#\/schema\/logo\/image\/"}}]}},"_links":{"self":[{"href":"https:\/\/redfoxlotto.com\/pl\/wp-json\/wp\/v2\/pages\/13014","targetHints":{"allow":["GET"]}}],"collection":[{"href":"https:\/\/redfoxlotto.com\/pl\/wp-json\/wp\/v2\/pages"}],"about":[{"href":"https:\/\/redfoxlotto.com\/pl\/wp-json\/wp\/v2\/types\/page"}],"author":[{"embeddable":true,"href":"https:\/\/redfoxlotto.com\/pl\/wp-json\/wp\/v2\/users\/1"}],"replies":[{"embeddable":true,"href":"https:\/\/redfoxlotto.com\/pl\/wp-json\/wp\/v2\/comments?post=13014"}],"version-history":[{"count":0,"href":"https:\/\/redfoxlotto.com\/pl\/wp-json\/wp\/v2\/pages\/13014\/revisions"}],"up":[{"embeddable":true,"href":"https:\/\/redfoxlotto.com\/pl\/wp-json\/wp\/v2\/pages\/5704"}],"wp:attachment":[{"href":"https:\/\/redfoxlotto.com\/pl\/wp-json\/wp\/v2\/media?parent=13014"}],"curies":[{"name":"wp","href":"https:\/\/api.w.org\/{rel}","templated":true}]}}