{"id":12977,"date":"2023-04-24T18:09:15","date_gmt":"2023-04-24T18:09:15","guid":{"rendered":"https:\/\/redfoxlotto.com\/?page_id=12977"},"modified":"2025-12-10T14:15:50","modified_gmt":"2025-12-10T14:15:50","slug":"lotto-america","status":"publish","type":"page","link":"https:\/\/redfoxlotto.com\/pl\/graj\/lotto-america\/","title":{"rendered":"Jak gra\u0107 w Lotto America online"},"content":{"rendered":"<script type=\"application\/ld+json\">\r\n{\r\n\"@context\": \"https:\/\/schema.org\",\r\n\"@type\": \"Service\",\r\n\"name\": \" Lotto America online\",\r\n\"url\": \"https:\/\/redfoxlotto.com\/pl\/graj\/lotto-america\/\",\r\n\"description\": \"Kup oficjalne losy Lotto America online za po\u015brednictwem RedFoxLotto. Wybierz swoje liczby i do\u0142\u0105cz do kolejnego losowania.\",\r\n\"serviceType\": \"Online lottery ticket purchase\",\r\n\r\n\"provider\": {\r\n\"@type\": \"Organization\",\r\n\"name\": \"RedFoxLotto\",\r\n\"url\": \"https:\/\/redfoxlotto.com\",\r\n\"logo\": \"https:\/\/redfoxlotto.com\/wp-content\/uploads\/logo.png\"\r\n},\r\n\r\n\"areaServed\": \"Worldwide\",\r\n\"termsOfService\": \"https:\/\/redfoxlotto.com\/terms-and-conditions\",\r\n\r\n\"hasOfferCatalog\": {\r\n\"@type\": \"OfferCatalog\",\r\n\"name\": \"Lotto America Offers\",\r\n\"itemListElement\": [\r\n{\r\n\"@type\": \"Offer\",\r\n\"name\": \"Lotto America Lottery Ticket\",\r\n\"url\": \"https:\/\/redfoxlotto.com\/pl\/graj\/lotto-america\/\",\r\n\"description\": \"Jeden wpis do kolejnego losowania Lotto America.\",\r\n\"price\": \"2.75\",\r\n\"priceCurrency\": \"EUR\",\r\n\"availability\": \"https:\/\/schema.org\/InStock\",\r\n\r\n\"itemOffered\": {\r\n\"@type\": \"Service\",\r\n\"name\": \"Lotto America Lottery Entry\",\r\n\"description\": \"We\u017a udzia\u0142 w kolejnym losowaniu Lotto America za po\u015brednictwem RedFoxLotto.\"\r\n}\r\n}\r\n]\r\n},\r\n\r\n\"mainEntityOfPage\": {\r\n\"@type\": \"WebPage\",\r\n\"@id\": \"https:\/\/redfoxlotto.com\/pl\/graj\/lotto-america\/\"\r\n}\r\n}\r\n<\/script><p>Gdy chodzi o gr\u0119 w lotto online, mo\u017cesz szuka\u0107 czego\u015b nowego. Po tym wszystkim, to mo\u017ce dosta\u0107 troch\u0119 starego graj\u0105c w te same gry ponad nad nad, prawda? To pewnie dlatego prze\u0142\u0105czy\u0142e\u015b si\u0119 na granie w gry online w pierwszej kolejno\u015bci. C\u00f3\u017c, to jest o wiele wi\u0119cej zabawy, poniewa\u017c nie widzia\u0142e\u015b jeszcze Lotto America.<\/p><h2 class=\"wp-block-heading\">Co to jest Lotto Ameryka?<\/h2><p><img decoding=\"async\" class=\"size-full wp-image alignright\" src=\"https:\/\/content.redfoxlotto.com\/uploads\/sites\/9\/1_play_lottery_online5.jpg\" alt=\"graj w lotto America online\"><\/p><p>Lotto America jest multi-stanow\u0105 gr\u0105 na loterii, kt\u00f3ra daje szans\u0119 na wielki jackpot i daje kilka dobrych szans, aby przej\u015b\u0107 z nim. Nie tylko to, ale bilety s\u0105 niedrogie, a ta gra daje wiele sposob\u00f3w, \u017ce mo\u017cna wygra\u0107 mniejsze nagrody, gdy jeste\u015b na nim. Oznacza to, \u017ce b\u0119dziesz si\u0119 z ni\u0105 dobrze bawi\u0107, nawet je\u015bli nie wygrasz jackpota.<\/p><h2 class=\"wp-block-heading\">Co nale\u017cy wiedzie\u0107 o grze<\/h2><p>Ta gra rysuje dwa razy w tygodniu, w \u015brod\u0119 i sobot\u0119. Rysuje r\u00f3wnie\u017c w sumie sze\u015b\u0107 r\u00f3\u017cnych pi\u0142ek. Pi\u0119\u0107 z nich to zwyk\u0142e, bia\u0142e kulki, kt\u00f3re s\u0105 Twoimi standardowymi numerami. Jedna z nich to czerwona kulka, kt\u00f3ra jest numerem bonusowym.<\/p><h2 class=\"wp-block-heading\">Kto gra?<\/h2><p>Kiedy przychodzi do grania w t\u0119 gr\u0119, pewnie chcesz wiedzie\u0107, w co si\u0119 pakujesz, prawda? C\u00f3\u017c, istnieje w sumie 13 r\u00f3\u017cnych stan\u00f3w, kt\u00f3re obecnie graj\u0105 w t\u0119 gr\u0119, w tym Maine, Idaho, Montana, P\u00f3\u0142nocna i Po\u0142udniowa Dakota, Minnesota, Iowa, Kansas, Nowy Meksyk, Oklahoma, Tennesee, Zachodnia Wirginia i Delaware. Ale nie musisz mieszka\u0107 w jednym z tych stan\u00f3w, ani nawet w Stanach Zjednoczonych, aby gra\u0107 w t\u0119 gr\u0119. Istnieje wiele opcji i sposob\u00f3w, aby zacz\u0105\u0107 gra\u0107 w t\u0119 gr\u0119 z dowolnego miejsca. Musisz tylko wiedzie\u0107, jak gra\u0107.<\/p><h2 class=\"wp-block-heading\">Granie dla siebie<\/h2><p>Gdy jeste\u015b gotowy, aby rozpocz\u0105\u0107 gr\u0119 w Lotto America wszystko, co musisz zrobi\u0107, to utworzy\u0107 konto online z RedFoxLotto. Stamt\u0105d mo\u017cesz sprawdzi\u0107 wszystkie ich r\u00f3\u017cne gry, kt\u00f3re zawieraj\u0105 opcje z ca\u0142ego \u015bwiata. Lotto America jest tylko jedn\u0105 z wielu gier, z kt\u00f3rych mo\u017cesz wybiera\u0107, ale to b\u0119dzie zabawa.<\/p><p>Kiedy wybierzesz gr\u0119, zobaczysz jaki jest jackpot i kiedy losowanie odb\u0119dzie si\u0119 przed zakupem biletu. W ten spos\u00f3b wiesz, czy naprawd\u0119 chcesz go wypr\u00f3bowa\u0107, czy te\u017c chcesz spr\u00f3bowa\u0107 innej gry tym razem wok\u00f3\u0142 (lub je\u015bli chcesz bilety wieloosobowe). Kiedy ju\u017c zdecydujesz si\u0119 kupi\u0107 bilet, po prostu wybierz liczby, kt\u00f3re chcesz. Wszystkie liczby mo\u017cesz wybra\u0107 sam, je\u015bli masz jakie\u015b preferencje lub mo\u017cesz wybra\u0107 tylko kilka liczb, a reszt\u0119 wygenerowa\u0107 losowo. Albo mo\u017cesz mie\u0107 wszystkie liczby wygenerowane losowo. To zale\u017cy wy\u0142\u0105cznie od Ciebie. Nast\u0119pnie, gdy ju\u017c b\u0119dziesz mia\u0142 wszystkie liczby, jedyne co musisz zrobi\u0107, to wybra\u0107 opcj\u0119 All Star Bonus lub nie i sfinansowa\u0107 sw\u00f3j zakup. Wszystko zostanie zrobione w mgnieniu oka, a potem tylko czekanie na losowanie, aby sprawdzi\u0107, czy jeste\u015b zwyci\u0119zc\u0105.<\/p><h2 class=\"wp-block-heading\">Czy wygra\u0142e\u015b?<\/h2><p>Kiedy gra jest rysowana i czekasz, aby zobaczy\u0107, czy twoje numery s\u0105 te, kt\u00f3re przychodz\u0105, to b\u0119dzie jeszcze \u0142atwiejsze, ni\u017c mog\u0142oby si\u0119 wydawa\u0107. Wszystko, co musisz zrobi\u0107, to spojrze\u0107 online. RedFoxLotto oferuje wszystkie zwyci\u0119skie numery, a zw\u0142aszcza przy zakupie biletu, poniewa\u017c b\u0119dziemy dopasowywa\u0107 numery dla Ciebie.<\/p><p>Je\u015bli wygrasz ma\u0142\u0105 nagrod\u0119, zostanie ona automatycznie wp\u0142acona na twoje konto. Je\u015bli wygrasz du\u017c\u0105 nagrod\u0119, pomo\u017cemy Ci i przejdziemy przez proces ubiegania si\u0119 o ni\u0105. Ale bez wzgl\u0119du na to, co wygrasz, b\u0119dziesz wiedzia\u0142 od razu na swoim koncie, poniewa\u017c poka\u017cemy Ci Twoje numery i zwyci\u0119skie numery.<\/p><p>Wi\u0119c, dlaczego nie spr\u00f3bowa\u0107 i sprawdzi\u0107 Lotto America? Mo\u017ce nawet nie zdajesz sobie sprawy, czego ci jeszcze brakuje. Dop\u00f3ki sam tego nie spr\u00f3bujesz.<\/p>","protected":false},"excerpt":{"rendered":"<p>Gdy chodzi o gr\u0119 w lotto online, mo\u017cesz szuka\u0107 czego\u015b nowego. Po tym wszystkim, to mo\u017ce dosta\u0107 troch\u0119 starego graj\u0105c w te same gry ponad nad nad, prawda? To pewnie dlatego prze\u0142\u0105czy\u0142e\u015b si\u0119 na granie w gry online w pierwszej kolejno\u015bci. C\u00f3\u017c, to jest o wiele wi\u0119cej zabawy, poniewa\u017c nie widzia\u0142e\u015b jeszcze Lotto America. Co [&hellip;]<\/p>\n","protected":false},"author":1,"featured_media":0,"parent":5704,"menu_order":12,"comment_status":"closed","ping_status":"closed","template":"lotto-america.php","meta":{"_et_pb_use_builder":"","_et_pb_old_content":"","_et_gb_content_width":"","exclude_from_search":false,"footnotes":""},"class_list":["post-12977","page","type-page","status-publish","hentry"],"yoast_head":"<!-- This site is optimized with the Yoast SEO plugin v23.8 - https:\/\/yoast.com\/wordpress\/plugins\/seo\/ -->\n<title>Zagraj w Lotto America online<\/title>\n<meta name=\"description\" content=\"Gracze z dowolnego kraju mog\u0105 teraz do\u0142\u0105czy\u0107 i zagra\u0107 na tej wielostanowiskowej loterii z USA online.\" \/>\n<meta name=\"robots\" content=\"index, follow, max-snippet:-1, max-image-preview:large, max-video-preview:-1\" \/>\n<link rel=\"canonical\" href=\"https:\/\/redfoxlotto.com\/pl\/graj\/lotto-america\/\" \/>\n<meta property=\"og:locale\" content=\"pl_PL\" \/>\n<meta property=\"og:type\" content=\"article\" \/>\n<meta property=\"og:title\" content=\"Zagraj w Lotto America online\" \/>\n<meta property=\"og:description\" content=\"Gracze z dowolnego kraju mog\u0105 teraz do\u0142\u0105czy\u0107 i zagra\u0107 na tej wielostanowiskowej loterii z USA online.\" \/>\n<meta property=\"og:url\" content=\"https:\/\/redfoxlotto.com\/pl\/graj\/lotto-america\/\" \/>\n<meta property=\"og:site_name\" content=\"Get Tickets for the World\u2019s largest jackpots\" \/>\n<meta property=\"article:modified_time\" content=\"2025-12-10T14:15:50+00:00\" \/>\n<meta property=\"og:image\" content=\"https:\/\/content.redfoxlotto.com\/uploads\/sites\/9\/1_play_lottery_online5.jpg\" \/>\n<meta name=\"twitter:card\" content=\"summary_large_image\" \/>\n<meta name=\"twitter:label1\" content=\"Szacowany czas czytania\" \/>\n\t<meta name=\"twitter:data1\" content=\"3 minuty\" \/>\n<script type=\"application\/ld+json\" class=\"yoast-schema-graph\">{\"@context\":\"https:\/\/schema.org\",\"@graph\":[{\"@type\":\"WebPage\",\"@id\":\"https:\/\/redfoxlotto.com\/pl\/graj\/lotto-america\/\",\"url\":\"https:\/\/redfoxlotto.com\/pl\/graj\/lotto-america\/\",\"name\":\"Zagraj w Lotto America online\",\"isPartOf\":{\"@id\":\"https:\/\/redfoxlotto.com\/pl\/#website\"},\"primaryImageOfPage\":{\"@id\":\"https:\/\/redfoxlotto.com\/pl\/graj\/lotto-america\/#primaryimage\"},\"image\":{\"@id\":\"https:\/\/redfoxlotto.com\/pl\/graj\/lotto-america\/#primaryimage\"},\"thumbnailUrl\":\"https:\/\/content.redfoxlotto.com\/uploads\/sites\/9\/1_play_lottery_online5.jpg\",\"datePublished\":\"2023-04-24T18:09:15+00:00\",\"dateModified\":\"2025-12-10T14:15:50+00:00\",\"description\":\"Gracze z dowolnego kraju mog\u0105 teraz do\u0142\u0105czy\u0107 i zagra\u0107 na tej wielostanowiskowej loterii z USA online.\",\"breadcrumb\":{\"@id\":\"https:\/\/redfoxlotto.com\/pl\/graj\/lotto-america\/#breadcrumb\"},\"inLanguage\":\"pl-PL\",\"potentialAction\":[{\"@type\":\"ReadAction\",\"target\":[\"https:\/\/redfoxlotto.com\/pl\/graj\/lotto-america\/\"]}]},{\"@type\":\"ImageObject\",\"inLanguage\":\"pl-PL\",\"@id\":\"https:\/\/redfoxlotto.com\/pl\/graj\/lotto-america\/#primaryimage\",\"url\":\"https:\/\/content.redfoxlotto.com\/uploads\/sites\/9\/1_play_lottery_online5.jpg\",\"contentUrl\":\"https:\/\/content.redfoxlotto.com\/uploads\/sites\/9\/1_play_lottery_online5.jpg\"},{\"@type\":\"BreadcrumbList\",\"@id\":\"https:\/\/redfoxlotto.com\/pl\/graj\/lotto-america\/#breadcrumb\",\"itemListElement\":[{\"@type\":\"ListItem\",\"position\":1,\"name\":\"Home\",\"item\":\"https:\/\/redfoxlotto.com\/pl\/\"},{\"@type\":\"ListItem\",\"position\":2,\"name\":\"Jak gra\u0107 na loteriach innych kraj\u00f3w?\",\"item\":\"https:\/\/redfoxlotto.com\/pl\/graj\/\"},{\"@type\":\"ListItem\",\"position\":3,\"name\":\"Jak gra\u0107 w Lotto America online\"}]},{\"@type\":\"WebSite\",\"@id\":\"https:\/\/redfoxlotto.com\/pl\/#website\",\"url\":\"https:\/\/redfoxlotto.com\/pl\/\",\"name\":\"Get Tickets for the World\u2019s largest jackpots\",\"description\":\"Participate in worldwide lottery jackpots from any country\",\"publisher\":{\"@id\":\"https:\/\/redfoxlotto.com\/pl\/#organization\"},\"potentialAction\":[{\"@type\":\"SearchAction\",\"target\":{\"@type\":\"EntryPoint\",\"urlTemplate\":\"https:\/\/redfoxlotto.com\/pl\/?s={search_term_string}\"},\"query-input\":{\"@type\":\"PropertyValueSpecification\",\"valueRequired\":true,\"valueName\":\"search_term_string\"}}],\"inLanguage\":\"pl-PL\"},{\"@type\":\"Organization\",\"@id\":\"https:\/\/redfoxlotto.com\/pl\/#organization\",\"name\":\"Get Tickets for the World\u2019s largest jackpots\",\"url\":\"https:\/\/redfoxlotto.com\/pl\/\",\"logo\":{\"@type\":\"ImageObject\",\"inLanguage\":\"pl-PL\",\"@id\":\"https:\/\/redfoxlotto.com\/pl\/#\/schema\/logo\/image\/\",\"url\":\"https:\/\/redfoxlotto.com\/wp-content\/uploads\/2023\/04\/logo.png\",\"contentUrl\":\"https:\/\/redfoxlotto.com\/wp-content\/uploads\/2023\/04\/logo.png\",\"width\":269,\"height\":53,\"caption\":\"Get Tickets for the World\u2019s largest jackpots\"},\"image\":{\"@id\":\"https:\/\/redfoxlotto.com\/pl\/#\/schema\/logo\/image\/\"}}]}<\/script>\n<!-- \/ Yoast SEO plugin. -->","yoast_head_json":{"title":"Zagraj w Lotto America online","description":"Gracze z dowolnego kraju mog\u0105 teraz do\u0142\u0105czy\u0107 i zagra\u0107 na tej wielostanowiskowej loterii z USA online.","robots":{"index":"index","follow":"follow","max-snippet":"max-snippet:-1","max-image-preview":"max-image-preview:large","max-video-preview":"max-video-preview:-1"},"canonical":"https:\/\/redfoxlotto.com\/pl\/graj\/lotto-america\/","og_locale":"pl_PL","og_type":"article","og_title":"Zagraj w Lotto America online","og_description":"Gracze z dowolnego kraju mog\u0105 teraz do\u0142\u0105czy\u0107 i zagra\u0107 na tej wielostanowiskowej loterii z USA online.","og_url":"https:\/\/redfoxlotto.com\/pl\/graj\/lotto-america\/","og_site_name":"Get Tickets for the World\u2019s largest jackpots","article_modified_time":"2025-12-10T14:15:50+00:00","og_image":[{"url":"https:\/\/content.redfoxlotto.com\/uploads\/sites\/9\/1_play_lottery_online5.jpg"}],"twitter_card":"summary_large_image","twitter_misc":{"Szacowany czas czytania":"3 minuty"},"schema":{"@context":"https:\/\/schema.org","@graph":[{"@type":"WebPage","@id":"https:\/\/redfoxlotto.com\/pl\/graj\/lotto-america\/","url":"https:\/\/redfoxlotto.com\/pl\/graj\/lotto-america\/","name":"Zagraj w Lotto America online","isPartOf":{"@id":"https:\/\/redfoxlotto.com\/pl\/#website"},"primaryImageOfPage":{"@id":"https:\/\/redfoxlotto.com\/pl\/graj\/lotto-america\/#primaryimage"},"image":{"@id":"https:\/\/redfoxlotto.com\/pl\/graj\/lotto-america\/#primaryimage"},"thumbnailUrl":"https:\/\/content.redfoxlotto.com\/uploads\/sites\/9\/1_play_lottery_online5.jpg","datePublished":"2023-04-24T18:09:15+00:00","dateModified":"2025-12-10T14:15:50+00:00","description":"Gracze z dowolnego kraju mog\u0105 teraz do\u0142\u0105czy\u0107 i zagra\u0107 na tej wielostanowiskowej loterii z USA online.","breadcrumb":{"@id":"https:\/\/redfoxlotto.com\/pl\/graj\/lotto-america\/#breadcrumb"},"inLanguage":"pl-PL","potentialAction":[{"@type":"ReadAction","target":["https:\/\/redfoxlotto.com\/pl\/graj\/lotto-america\/"]}]},{"@type":"ImageObject","inLanguage":"pl-PL","@id":"https:\/\/redfoxlotto.com\/pl\/graj\/lotto-america\/#primaryimage","url":"https:\/\/content.redfoxlotto.com\/uploads\/sites\/9\/1_play_lottery_online5.jpg","contentUrl":"https:\/\/content.redfoxlotto.com\/uploads\/sites\/9\/1_play_lottery_online5.jpg"},{"@type":"BreadcrumbList","@id":"https:\/\/redfoxlotto.com\/pl\/graj\/lotto-america\/#breadcrumb","itemListElement":[{"@type":"ListItem","position":1,"name":"Home","item":"https:\/\/redfoxlotto.com\/pl\/"},{"@type":"ListItem","position":2,"name":"Jak gra\u0107 na loteriach innych kraj\u00f3w?","item":"https:\/\/redfoxlotto.com\/pl\/graj\/"},{"@type":"ListItem","position":3,"name":"Jak gra\u0107 w Lotto America online"}]},{"@type":"WebSite","@id":"https:\/\/redfoxlotto.com\/pl\/#website","url":"https:\/\/redfoxlotto.com\/pl\/","name":"Get Tickets for the World\u2019s largest jackpots","description":"Participate in worldwide lottery jackpots from any country","publisher":{"@id":"https:\/\/redfoxlotto.com\/pl\/#organization"},"potentialAction":[{"@type":"SearchAction","target":{"@type":"EntryPoint","urlTemplate":"https:\/\/redfoxlotto.com\/pl\/?s={search_term_string}"},"query-input":{"@type":"PropertyValueSpecification","valueRequired":true,"valueName":"search_term_string"}}],"inLanguage":"pl-PL"},{"@type":"Organization","@id":"https:\/\/redfoxlotto.com\/pl\/#organization","name":"Get Tickets for the World\u2019s largest jackpots","url":"https:\/\/redfoxlotto.com\/pl\/","logo":{"@type":"ImageObject","inLanguage":"pl-PL","@id":"https:\/\/redfoxlotto.com\/pl\/#\/schema\/logo\/image\/","url":"https:\/\/redfoxlotto.com\/wp-content\/uploads\/2023\/04\/logo.png","contentUrl":"https:\/\/redfoxlotto.com\/wp-content\/uploads\/2023\/04\/logo.png","width":269,"height":53,"caption":"Get Tickets for the World\u2019s largest jackpots"},"image":{"@id":"https:\/\/redfoxlotto.com\/pl\/#\/schema\/logo\/image\/"}}]}},"_links":{"self":[{"href":"https:\/\/redfoxlotto.com\/pl\/wp-json\/wp\/v2\/pages\/12977","targetHints":{"allow":["GET"]}}],"collection":[{"href":"https:\/\/redfoxlotto.com\/pl\/wp-json\/wp\/v2\/pages"}],"about":[{"href":"https:\/\/redfoxlotto.com\/pl\/wp-json\/wp\/v2\/types\/page"}],"author":[{"embeddable":true,"href":"https:\/\/redfoxlotto.com\/pl\/wp-json\/wp\/v2\/users\/1"}],"replies":[{"embeddable":true,"href":"https:\/\/redfoxlotto.com\/pl\/wp-json\/wp\/v2\/comments?post=12977"}],"version-history":[{"count":0,"href":"https:\/\/redfoxlotto.com\/pl\/wp-json\/wp\/v2\/pages\/12977\/revisions"}],"up":[{"embeddable":true,"href":"https:\/\/redfoxlotto.com\/pl\/wp-json\/wp\/v2\/pages\/5704"}],"wp:attachment":[{"href":"https:\/\/redfoxlotto.com\/pl\/wp-json\/wp\/v2\/media?parent=12977"}],"curies":[{"name":"wp","href":"https:\/\/api.w.org\/{rel}","templated":true}]}}