{"id":102353,"date":"2025-02-12T11:20:21","date_gmt":"2025-02-12T11:20:21","guid":{"rendered":"https:\/\/redfoxlotto.com\/?page_id=102353"},"modified":"2026-01-12T10:24:54","modified_gmt":"2026-01-12T10:24:54","slug":"zwycieskie-liczby-w-gold-keno","status":"publish","type":"page","link":"https:\/\/redfoxlotto.com\/pl\/keno\/zwycieskie-liczby-w-gold-keno\/","title":{"rendered":"Zwyci\u0119skie liczby w Gold Keno"},"content":{"rendered":"<h2>W Gold Keno czeka na Ciebie jackpot w wysoko\u015bci 2 milion\u00f3w euro.<\/h2>\n<p><img loading=\"lazy\" decoding=\"async\" class=\"size-medium wp-image-93652 alignright\" src=\"https:\/\/redfoxlotto.com\/wp-content\/uploads\/2025\/09\/gold-keno-win-2-300x300.jpg\" alt=\"gold keno\" width=\"300\" height=\"300\" \/><br \/>\nGold Keno to internetowa loteria, kt\u00f3ra zapewnia naprawd\u0119 \u015bwietn\u0105 rozrywk\u0119. Ka\u017cdy, kto gra w t\u0119 gr\u0119, mo\u017ce wygra\u0107 niesamowit\u0105 g\u0142\u00f3wn\u0105 nagrod\u0119 w wysoko\u015bci 2 milion\u00f3w euro. \u0141atwo zrozumie\u0107, dlaczego Gold Keno jest tak popularne: ka\u017cde losowanie daje Ci realn\u0105 szans\u0119 na wygranie du\u017cej sumy pieni\u0119dzy, kt\u00f3ra mo\u017ce zmieni\u0107 Twoje \u017cycie na lepsze. Zabawa w t\u0119 gr\u0119 wynika z faktu, \u017ce losowania s\u0105 szybkie, gra jest uczciwa, a szansa na wygranie jackpota w wysoko\u015bci dw\u00f3ch milion\u00f3w euro jest realna. Jest to prawd\u0105 niezale\u017cnie od tego, czy grasz dla zabawy, czy chcesz zarobi\u0107 du\u017co pieni\u0119dzy.<\/p>\n<h2>Przewodnik po szansach na wygran\u0105 w Gold Keno<\/h2>\n<p>W Gold Keno losowo wybiera si\u0119 20 liczb z puli osiemdziesi\u0119ciu. Gracze wybieraj\u0105 w\u0142asne liczby, a wysoko\u015b\u0107 nagrody zale\u017cy od tego, ile razy ich wybory pokrywaj\u0105 si\u0119 z wynikami losowania. Dodanie mno\u017cnika zwi\u0119ksza mo\u017cliw\u0105 wyp\u0142at\u0119. Oznacza to, \u017ce kupony, kt\u00f3re kosztuj\u0105 wi\u0119cej, zapewniaj\u0105 wi\u0119ksze wygrane.<\/p>\n<p>Im wi\u0119cej masz opcji, tym wi\u0119ksza szansa na uzyskanie wi\u0119kszej wyp\u0142aty, ale im mniej opcji, tym wi\u0119ksza szansa na uzyskanie mniejszej wyp\u0142aty. Szanse na wygran\u0105 w keno opieraj\u0105 si\u0119 na tej r\u00f3wnowadze: wi\u0119cej typ\u00f3w oznacza wi\u0119ksze nagrody, ale trudniejsze szanse, podczas gdy mniej typ\u00f3w sprawia, \u017ce wygrana jest prostsza. Je\u015bli zastosujesz mno\u017cnik, mo\u017cesz wygra\u0107 g\u0142\u00f3wn\u0105 nagrod\u0119 w wysoko\u015bci dw\u00f3ch milion\u00f3w euro.<\/p>\n<h2>Kluczem do wygrania wi\u0119kszej kwoty jest u\u017cycie mno\u017cnik\u00f3w.<\/h2>\n<p>Dzi\u0119ki funkcji mno\u017cnika mo\u017cesz wygra\u0107 g\u0142\u00f3wn\u0105 nagrod\u0119 w wysoko\u015bci 2 milion\u00f3w euro w Gold Keno. Na przyk\u0142ad:<\/p>\n<p>Je\u015bli najwy\u017cszy mno\u017cnik jest ustawiony na 5x, kupon z mno\u017cnikiem 1x zapewni Ci 20% najwi\u0119kszej nagrody. Je\u015bli gracze obstawiaj\u0105 z najwi\u0119kszym mno\u017cnikiem, mog\u0105 uzyska\u0107 pe\u0142ny dost\u0119p do puli nagr\u00f3d, kt\u00f3rej warto\u015b\u0107 przekracza 2 miliony euro.<\/p>\n<p>Technika ta oferuje graczom kolejny spos\u00f3b na zmian\u0119 szans na wygran\u0105 w keno. Zapewnia ona zar\u00f3wno ostro\u017cnym graczom, jak i ryzykantom uczciwy spos\u00f3b gry.<\/p>\n<h2>Do transakcji wykorzystuje si\u0119 got\u00f3wk\u0119 i depozyty.<\/h2>\n<p>Aby gra\u0107 w Gold Keno, musisz wp\u0142aci\u0107 pieni\u0105dze na swoje konto i kupi\u0107 kupony online. Transakcje s\u0105 szybkie, bezpieczne i \u0142atwe do zrozumienia, wi\u0119c mo\u017cesz wzi\u0105\u0107 udzia\u0142 w dowolnym losowaniu ju\u017c teraz.<\/p>\n<h2>Odbywa si\u0119 wiele losowa\u0144 Gold Keno<\/h2>\n<p>Nie musisz czeka\u0107, aby zagra\u0107 w Gold Keno, tak jak w przypadku innych loterii. Co kilka minut odbywaj\u0105 si\u0119 nowe losowania, co sprawia, \u017ce wy\u015bcig o g\u0142\u00f3wn\u0105 nagrod\u0119 w wysoko\u015bci 2 milion\u00f3w euro jest zabawn\u0105 i nieko\u0144cz\u0105c\u0105 si\u0119 przygod\u0105. Poniewa\u017c odbywa si\u0119 tak wiele losowa\u0144, szanse na wygran\u0105 w keno s\u0105 wielokrotnie sprawdzane, co sprawia, \u017ce gra jest interesuj\u0105ca.<\/p>\n<h2>Generator liczb losowych (RNG) zapewniaj\u0105cy uczciw\u0105 gr\u0119<\/h2>\n<p>Aby zapewni\u0107 uczciwo\u015b\u0107 ka\u017cdego losowania Gold Keno, u\u017cywamy sprawdzonego generatora liczb losowych (RNG). Poniewa\u017c ka\u017cdy wynik jest ca\u0142kowicie losowy, szansa na wygranie nagrody w wysoko\u015bci 2 milion\u00f3w euro nie opiera si\u0119 na domys\u0142ach, ale na przypadku. Dzi\u0119ki temu ka\u017cdy ma takie same szanse na wygran\u0105 w keno.<\/p>\n<h2>Sprawdzanie wygranych i zabieranie ich ze sob\u0105<\/h2>\n<p>Gracze mog\u0105 od razu zobaczy\u0107 wyniki w sekcji \u201eMoje kupony\u201d. Mniejsze wygrane trafiaj\u0105 natychmiast na konto, a wi\u0119ksze, kt\u00f3re mog\u0105 wynosi\u0107 do 2500 euro, s\u0105 r\u00f3wnie\u017c przekazywane od razu. Ubezpieczenie gwarantuje g\u0142\u00f3wn\u0105 nagrod\u0119 w wysoko\u015bci 2 milion\u00f3w euro i inne du\u017ce nagrody, a rz\u0105d sprawdza, czy zosta\u0142y one wyp\u0142acone.<\/p>\n<h2>Wszyscy zwyci\u0119zcy maj\u0105 prawo do zwrotu pieni\u0119dzy<\/h2>\n<p>W przeciwie\u0144stwie do wi\u0119kszo\u015bci loterii, Gold Keno wyp\u0142aca wygrane niezale\u017cnie od liczby sprzedanych kupon\u00f3w. Gra jest nie tylko bezpieczna, ale tak\u017ce op\u0142acalna, poniewa\u017c wszystkie nagrody, w tym jackpot loterii w wysoko\u015bci 2 milion\u00f3w euro, s\u0105 w pe\u0142ni bezpieczne.<\/p>\n<h2>Nie ma papierowych kupon\u00f3w, poniewa\u017c wszystko odbywa si\u0119 online.<\/h2>\n<p>Nie potrzebujesz papierowych kupon\u00f3w, poniewa\u017c Gold Keno jest ca\u0142kowicie cyfrowe. System ten \u015bledzi wszystkie zg\u0142oszenia, dzi\u0119ki czemu nic nie mo\u017ce zosta\u0107 zgubione ani skradzione.<\/p>\n<h2>Ostatnie przemy\u015blenia: Czym Gold Keno r\u00f3\u017cni si\u0119 od innych gier Keno<\/h2>\n<p>Gold Keno nadal jest jedn\u0105 z najbardziej ekscytuj\u0105cych gier loteryjnych online, poniewa\u017c losowania odbywaj\u0105 si\u0119 co kilka minut, generator liczb losowych jest uczciwy, nagrody s\u0105 gwarantowane, a szansa na wygranie jackpota w wysoko\u015bci 2 milion\u00f3w euro jest realna. Dla os\u00f3b, kt\u00f3re zastanawiaj\u0105 si\u0119 nad szansami na wygran\u0105 w keno, ta gra jest zar\u00f3wno ekscytuj\u0105ca, jak i uspokajaj\u0105ca, poniewa\u017c ka\u017cdy kupon mo\u017ce zmieni\u0107 przebieg gry dla graczy maj\u0105cych du\u017ce cele.<\/p>\n","protected":false},"excerpt":{"rendered":"<p>W Gold Keno czeka na Ciebie jackpot w wysoko\u015bci 2 milion\u00f3w euro. Gold Keno to internetowa loteria, kt\u00f3ra zapewnia naprawd\u0119 \u015bwietn\u0105 rozrywk\u0119. Ka\u017cdy, kto gra w t\u0119 gr\u0119, mo\u017ce wygra\u0107 niesamowit\u0105 g\u0142\u00f3wn\u0105 nagrod\u0119 w wysoko\u015bci 2 milion\u00f3w euro. \u0141atwo zrozumie\u0107, dlaczego Gold Keno jest tak popularne: ka\u017cde losowanie daje Ci realn\u0105 szans\u0119 na wygranie du\u017cej [&hellip;]<\/p>\n","protected":false},"author":8,"featured_media":0,"parent":84425,"menu_order":42,"comment_status":"closed","ping_status":"closed","template":"","meta":{"_et_pb_use_builder":"","_et_pb_old_content":"","_et_gb_content_width":"","exclude_from_search":false,"footnotes":""},"class_list":["post-102353","page","type-page","status-publish","hentry"],"yoast_head":"<!-- This site is optimized with the Yoast SEO plugin v23.8 - https:\/\/yoast.com\/wordpress\/plugins\/seo\/ -->\n<title>Szanse na wygran\u0105 w Keno | Nasze gry Keno oferuj\u0105 \u015bwietne szanse i nagrody<\/title>\n<meta name=\"description\" content=\"Kiedy grasz w Keno online, sprawd\u017a szanse w znalezionych grach. Nasze Gold Keno oferuje najwy\u017csz\u0105 wygran\u0105 w wysoko\u015bci 2 milion\u00f3w euro w po\u0142\u0105czeniu z najlepszymi szansami, jakie mo\u017cna znale\u017a\u0107 w Internecie.\" \/>\n<meta name=\"robots\" content=\"index, follow, max-snippet:-1, max-image-preview:large, max-video-preview:-1\" \/>\n<link rel=\"canonical\" href=\"https:\/\/redfoxlotto.com\/pl\/keno\/zwycieskie-liczby-w-gold-keno\/\" \/>\n<meta property=\"og:locale\" content=\"pl_PL\" \/>\n<meta property=\"og:type\" content=\"article\" \/>\n<meta property=\"og:title\" content=\"Szanse na wygran\u0105 w Keno | Nasze gry Keno oferuj\u0105 \u015bwietne szanse i nagrody\" \/>\n<meta property=\"og:description\" content=\"Kiedy grasz w Keno online, sprawd\u017a szanse w znalezionych grach. Nasze Gold Keno oferuje najwy\u017csz\u0105 wygran\u0105 w wysoko\u015bci 2 milion\u00f3w euro w po\u0142\u0105czeniu z najlepszymi szansami, jakie mo\u017cna znale\u017a\u0107 w Internecie.\" \/>\n<meta property=\"og:url\" content=\"https:\/\/redfoxlotto.com\/pl\/keno\/zwycieskie-liczby-w-gold-keno\/\" \/>\n<meta property=\"og:site_name\" content=\"Get Tickets for the World\u2019s largest jackpots\" \/>\n<meta property=\"article:modified_time\" content=\"2026-01-12T10:24:54+00:00\" \/>\n<meta property=\"og:image\" content=\"https:\/\/redfoxlotto.com\/wp-content\/uploads\/2025\/09\/gold-keno-win-2-300x300.jpg\" \/>\n<meta name=\"twitter:card\" content=\"summary_large_image\" \/>\n<meta name=\"twitter:label1\" content=\"Szacowany czas czytania\" \/>\n\t<meta name=\"twitter:data1\" content=\"4 minuty\" \/>\n<script type=\"application\/ld+json\" class=\"yoast-schema-graph\">{\"@context\":\"https:\/\/schema.org\",\"@graph\":[{\"@type\":\"WebPage\",\"@id\":\"https:\/\/redfoxlotto.com\/pl\/keno\/zwycieskie-liczby-w-gold-keno\/\",\"url\":\"https:\/\/redfoxlotto.com\/pl\/keno\/zwycieskie-liczby-w-gold-keno\/\",\"name\":\"Szanse na wygran\u0105 w Keno | Nasze gry Keno oferuj\u0105 \u015bwietne szanse i nagrody\",\"isPartOf\":{\"@id\":\"https:\/\/redfoxlotto.com\/pl\/#website\"},\"primaryImageOfPage\":{\"@id\":\"https:\/\/redfoxlotto.com\/pl\/keno\/zwycieskie-liczby-w-gold-keno\/#primaryimage\"},\"image\":{\"@id\":\"https:\/\/redfoxlotto.com\/pl\/keno\/zwycieskie-liczby-w-gold-keno\/#primaryimage\"},\"thumbnailUrl\":\"https:\/\/redfoxlotto.com\/wp-content\/uploads\/2025\/09\/gold-keno-win-2-300x300.jpg\",\"datePublished\":\"2025-02-12T11:20:21+00:00\",\"dateModified\":\"2026-01-12T10:24:54+00:00\",\"description\":\"Kiedy grasz w Keno online, sprawd\u017a szanse w znalezionych grach. Nasze Gold Keno oferuje najwy\u017csz\u0105 wygran\u0105 w wysoko\u015bci 2 milion\u00f3w euro w po\u0142\u0105czeniu z najlepszymi szansami, jakie mo\u017cna znale\u017a\u0107 w Internecie.\",\"breadcrumb\":{\"@id\":\"https:\/\/redfoxlotto.com\/pl\/keno\/zwycieskie-liczby-w-gold-keno\/#breadcrumb\"},\"inLanguage\":\"pl-PL\",\"potentialAction\":[{\"@type\":\"ReadAction\",\"target\":[\"https:\/\/redfoxlotto.com\/pl\/keno\/zwycieskie-liczby-w-gold-keno\/\"]}]},{\"@type\":\"ImageObject\",\"inLanguage\":\"pl-PL\",\"@id\":\"https:\/\/redfoxlotto.com\/pl\/keno\/zwycieskie-liczby-w-gold-keno\/#primaryimage\",\"url\":\"https:\/\/redfoxlotto.com\/wp-content\/uploads\/2025\/09\/gold-keno-win-2-300x300.jpg\",\"contentUrl\":\"https:\/\/redfoxlotto.com\/wp-content\/uploads\/2025\/09\/gold-keno-win-2-300x300.jpg\"},{\"@type\":\"BreadcrumbList\",\"@id\":\"https:\/\/redfoxlotto.com\/pl\/keno\/zwycieskie-liczby-w-gold-keno\/#breadcrumb\",\"itemListElement\":[{\"@type\":\"ListItem\",\"position\":1,\"name\":\"Home\",\"item\":\"https:\/\/redfoxlotto.com\/pl\/\"},{\"@type\":\"ListItem\",\"position\":2,\"name\":\"Keno\",\"item\":\"https:\/\/redfoxlotto.com\/pl\/keno\/\"},{\"@type\":\"ListItem\",\"position\":3,\"name\":\"Zwyci\u0119skie liczby w Gold Keno\"}]},{\"@type\":\"WebSite\",\"@id\":\"https:\/\/redfoxlotto.com\/pl\/#website\",\"url\":\"https:\/\/redfoxlotto.com\/pl\/\",\"name\":\"Get Tickets for the World\u2019s largest jackpots\",\"description\":\"Participate in worldwide lottery jackpots from any country\",\"publisher\":{\"@id\":\"https:\/\/redfoxlotto.com\/pl\/#organization\"},\"potentialAction\":[{\"@type\":\"SearchAction\",\"target\":{\"@type\":\"EntryPoint\",\"urlTemplate\":\"https:\/\/redfoxlotto.com\/pl\/?s={search_term_string}\"},\"query-input\":{\"@type\":\"PropertyValueSpecification\",\"valueRequired\":true,\"valueName\":\"search_term_string\"}}],\"inLanguage\":\"pl-PL\"},{\"@type\":\"Organization\",\"@id\":\"https:\/\/redfoxlotto.com\/pl\/#organization\",\"name\":\"Get Tickets for the World\u2019s largest jackpots\",\"url\":\"https:\/\/redfoxlotto.com\/pl\/\",\"logo\":{\"@type\":\"ImageObject\",\"inLanguage\":\"pl-PL\",\"@id\":\"https:\/\/redfoxlotto.com\/pl\/#\/schema\/logo\/image\/\",\"url\":\"https:\/\/redfoxlotto.com\/wp-content\/uploads\/2023\/04\/logo.png\",\"contentUrl\":\"https:\/\/redfoxlotto.com\/wp-content\/uploads\/2023\/04\/logo.png\",\"width\":269,\"height\":53,\"caption\":\"Get Tickets for the World\u2019s largest jackpots\"},\"image\":{\"@id\":\"https:\/\/redfoxlotto.com\/pl\/#\/schema\/logo\/image\/\"}}]}<\/script>\n<!-- \/ Yoast SEO plugin. -->","yoast_head_json":{"title":"Szanse na wygran\u0105 w Keno | Nasze gry Keno oferuj\u0105 \u015bwietne szanse i nagrody","description":"Kiedy grasz w Keno online, sprawd\u017a szanse w znalezionych grach. Nasze Gold Keno oferuje najwy\u017csz\u0105 wygran\u0105 w wysoko\u015bci 2 milion\u00f3w euro w po\u0142\u0105czeniu z najlepszymi szansami, jakie mo\u017cna znale\u017a\u0107 w Internecie.","robots":{"index":"index","follow":"follow","max-snippet":"max-snippet:-1","max-image-preview":"max-image-preview:large","max-video-preview":"max-video-preview:-1"},"canonical":"https:\/\/redfoxlotto.com\/pl\/keno\/zwycieskie-liczby-w-gold-keno\/","og_locale":"pl_PL","og_type":"article","og_title":"Szanse na wygran\u0105 w Keno | Nasze gry Keno oferuj\u0105 \u015bwietne szanse i nagrody","og_description":"Kiedy grasz w Keno online, sprawd\u017a szanse w znalezionych grach. Nasze Gold Keno oferuje najwy\u017csz\u0105 wygran\u0105 w wysoko\u015bci 2 milion\u00f3w euro w po\u0142\u0105czeniu z najlepszymi szansami, jakie mo\u017cna znale\u017a\u0107 w Internecie.","og_url":"https:\/\/redfoxlotto.com\/pl\/keno\/zwycieskie-liczby-w-gold-keno\/","og_site_name":"Get Tickets for the World\u2019s largest jackpots","article_modified_time":"2026-01-12T10:24:54+00:00","og_image":[{"url":"https:\/\/redfoxlotto.com\/wp-content\/uploads\/2025\/09\/gold-keno-win-2-300x300.jpg"}],"twitter_card":"summary_large_image","twitter_misc":{"Szacowany czas czytania":"4 minuty"},"schema":{"@context":"https:\/\/schema.org","@graph":[{"@type":"WebPage","@id":"https:\/\/redfoxlotto.com\/pl\/keno\/zwycieskie-liczby-w-gold-keno\/","url":"https:\/\/redfoxlotto.com\/pl\/keno\/zwycieskie-liczby-w-gold-keno\/","name":"Szanse na wygran\u0105 w Keno | Nasze gry Keno oferuj\u0105 \u015bwietne szanse i nagrody","isPartOf":{"@id":"https:\/\/redfoxlotto.com\/pl\/#website"},"primaryImageOfPage":{"@id":"https:\/\/redfoxlotto.com\/pl\/keno\/zwycieskie-liczby-w-gold-keno\/#primaryimage"},"image":{"@id":"https:\/\/redfoxlotto.com\/pl\/keno\/zwycieskie-liczby-w-gold-keno\/#primaryimage"},"thumbnailUrl":"https:\/\/redfoxlotto.com\/wp-content\/uploads\/2025\/09\/gold-keno-win-2-300x300.jpg","datePublished":"2025-02-12T11:20:21+00:00","dateModified":"2026-01-12T10:24:54+00:00","description":"Kiedy grasz w Keno online, sprawd\u017a szanse w znalezionych grach. Nasze Gold Keno oferuje najwy\u017csz\u0105 wygran\u0105 w wysoko\u015bci 2 milion\u00f3w euro w po\u0142\u0105czeniu z najlepszymi szansami, jakie mo\u017cna znale\u017a\u0107 w Internecie.","breadcrumb":{"@id":"https:\/\/redfoxlotto.com\/pl\/keno\/zwycieskie-liczby-w-gold-keno\/#breadcrumb"},"inLanguage":"pl-PL","potentialAction":[{"@type":"ReadAction","target":["https:\/\/redfoxlotto.com\/pl\/keno\/zwycieskie-liczby-w-gold-keno\/"]}]},{"@type":"ImageObject","inLanguage":"pl-PL","@id":"https:\/\/redfoxlotto.com\/pl\/keno\/zwycieskie-liczby-w-gold-keno\/#primaryimage","url":"https:\/\/redfoxlotto.com\/wp-content\/uploads\/2025\/09\/gold-keno-win-2-300x300.jpg","contentUrl":"https:\/\/redfoxlotto.com\/wp-content\/uploads\/2025\/09\/gold-keno-win-2-300x300.jpg"},{"@type":"BreadcrumbList","@id":"https:\/\/redfoxlotto.com\/pl\/keno\/zwycieskie-liczby-w-gold-keno\/#breadcrumb","itemListElement":[{"@type":"ListItem","position":1,"name":"Home","item":"https:\/\/redfoxlotto.com\/pl\/"},{"@type":"ListItem","position":2,"name":"Keno","item":"https:\/\/redfoxlotto.com\/pl\/keno\/"},{"@type":"ListItem","position":3,"name":"Zwyci\u0119skie liczby w Gold Keno"}]},{"@type":"WebSite","@id":"https:\/\/redfoxlotto.com\/pl\/#website","url":"https:\/\/redfoxlotto.com\/pl\/","name":"Get Tickets for the World\u2019s largest jackpots","description":"Participate in worldwide lottery jackpots from any country","publisher":{"@id":"https:\/\/redfoxlotto.com\/pl\/#organization"},"potentialAction":[{"@type":"SearchAction","target":{"@type":"EntryPoint","urlTemplate":"https:\/\/redfoxlotto.com\/pl\/?s={search_term_string}"},"query-input":{"@type":"PropertyValueSpecification","valueRequired":true,"valueName":"search_term_string"}}],"inLanguage":"pl-PL"},{"@type":"Organization","@id":"https:\/\/redfoxlotto.com\/pl\/#organization","name":"Get Tickets for the World\u2019s largest jackpots","url":"https:\/\/redfoxlotto.com\/pl\/","logo":{"@type":"ImageObject","inLanguage":"pl-PL","@id":"https:\/\/redfoxlotto.com\/pl\/#\/schema\/logo\/image\/","url":"https:\/\/redfoxlotto.com\/wp-content\/uploads\/2023\/04\/logo.png","contentUrl":"https:\/\/redfoxlotto.com\/wp-content\/uploads\/2023\/04\/logo.png","width":269,"height":53,"caption":"Get Tickets for the World\u2019s largest jackpots"},"image":{"@id":"https:\/\/redfoxlotto.com\/pl\/#\/schema\/logo\/image\/"}}]}},"_links":{"self":[{"href":"https:\/\/redfoxlotto.com\/pl\/wp-json\/wp\/v2\/pages\/102353","targetHints":{"allow":["GET"]}}],"collection":[{"href":"https:\/\/redfoxlotto.com\/pl\/wp-json\/wp\/v2\/pages"}],"about":[{"href":"https:\/\/redfoxlotto.com\/pl\/wp-json\/wp\/v2\/types\/page"}],"author":[{"embeddable":true,"href":"https:\/\/redfoxlotto.com\/pl\/wp-json\/wp\/v2\/users\/8"}],"replies":[{"embeddable":true,"href":"https:\/\/redfoxlotto.com\/pl\/wp-json\/wp\/v2\/comments?post=102353"}],"version-history":[{"count":0,"href":"https:\/\/redfoxlotto.com\/pl\/wp-json\/wp\/v2\/pages\/102353\/revisions"}],"up":[{"embeddable":true,"href":"https:\/\/redfoxlotto.com\/pl\/wp-json\/wp\/v2\/pages\/84425"}],"wp:attachment":[{"href":"https:\/\/redfoxlotto.com\/pl\/wp-json\/wp\/v2\/media?parent=102353"}],"curies":[{"name":"wp","href":"https:\/\/api.w.org\/{rel}","templated":true}]}}