{"id":102084,"date":"2025-05-22T08:53:38","date_gmt":"2025-05-22T08:53:38","guid":{"rendered":"https:\/\/redfoxlotto.com\/?page_id=102084"},"modified":"2026-01-10T07:31:03","modified_gmt":"2026-01-10T07:31:03","slug":"zwycieskie-liczby-w-platinum-keno","status":"publish","type":"page","link":"https:\/\/redfoxlotto.com\/pl\/keno\/zwycieskie-liczby-w-platinum-keno\/","title":{"rendered":"Zwyci\u0119skie liczby w Platinum Keno"},"content":{"rendered":"<h2>Jak wybierane s\u0105 kursy i gdzie znale\u017a\u0107 wyniki w Platinum Keno<\/h2>\n<p><img loading=\"lazy\" decoding=\"async\" class=\"size-medium wp-image-83635 alignright\" src=\"https:\/\/redfoxlotto.com\/wp-content\/uploads\/2025\/03\/keno_card-300x300.jpg\" alt=\"platnum keno\" width=\"300\" height=\"300\" srcset=\"https:\/\/redfoxlotto.com\/wp-content\/uploads\/2025\/03\/keno_card-300x300.jpg 300w, https:\/\/redfoxlotto.com\/wp-content\/uploads\/2025\/03\/keno_card-150x150.jpg 150w, https:\/\/redfoxlotto.com\/wp-content\/uploads\/2025\/03\/keno_card-100x100.jpg 100w, https:\/\/redfoxlotto.com\/wp-content\/uploads\/2025\/03\/keno_card.jpg 307w\" sizes=\"auto, (max-width: 300px) 100vw, 300px\" \/><br \/>\nPlatinum Keno wkr\u00f3tce stanie si\u0119 jedn\u0105 z najpopularniejszych gier loteryjnych. Wkr\u00f3tce gracze b\u0119d\u0105 mogli cieszy\u0107 si\u0119 wszystkimi atrakcjami tradycyjnego Keno w zaciszu w\u0142asnych ekran\u00f3w, dzi\u0119ki szybkim losowaniom, jasnym zasadom i \u0142atwo\u015bci gry online. Nie ma jeszcze wynik\u00f3w na \u017cywo, ale oto, co musisz wiedzie\u0107 o tym, jak wybierane s\u0105 liczby, gdzie je znale\u017a\u0107 i jak sprawdzi\u0107, czy wygra\u0142e\u015b, gdy rozpocznie si\u0119 gra.<\/p>\n<h2>Kroki stosowane przy wyborze liczb w Platinum Keno<\/h2>\n<p>Platinum Keno opiera si\u0119 na idei, \u017ce wszystko powinno by\u0107 uczciwe. Liczby wybiera sprawdzony generator liczb losowych (RNG). Ma to na celu zapewnienie ca\u0142kowitej losowo\u015bci ka\u017cdego losowania. RNG zapewnia, \u017ce ka\u017cda liczba w puli ma r\u00f3wne szanse na wylosowanie, tak jak w przypadku losowania numerowanych kul z maszyny.<\/p>\n<ul>\n<li>Gracze wybieraj\u0105 liczby z puli od 1 do 80.<\/li>\n<li>Wielko\u015b\u0107 losowania: W ka\u017cdej rundzie losowo wybieranych jest 20 liczb.<\/li>\n<li>R\u00f3wne szanse: Nie ma ulubionych liczb, wszystko zale\u017cy od szcz\u0119\u015bcia.<\/li>\n<li>Dzi\u0119ki tej metodzie ka\u017cde losowanie jest przejrzyste, mo\u017cna je sprawdzi\u0107 i opiera si\u0119 na zaufaniu.<\/li>\n<\/ul>\n<h2>Jak gra\u0107 w t\u0119 gr\u0119.<\/h2>\n<p>Platinum Keno jest przeznaczone zar\u00f3wno dla regularnych graczy, jak i os\u00f3b, kt\u00f3re chc\u0105 wygra\u0107 du\u017ce jackpoty. Wybierz liczby z puli 80, z kt\u00f3rych 20 jest wybieranych losowo. Tak wygl\u0105da ta gra. Chcesz, aby jak najwi\u0119cej Twoich wybor\u00f3w si\u0119 zgadza\u0142o.<\/p>\n<h2>Wybieranie liczb.<\/h2>\n<p>Wybierasz liczb\u0119 \u201ep\u00f3l\u201d (liczb), kt\u00f3re chcesz zagra\u0107. R\u00f3\u017cne osoby wybieraj\u0105 r\u00f3\u017cn\u0105 liczb\u0119 kart. Liczba wybranych p\u00f3l ma bezpo\u015bredni wp\u0142yw na Twoje szanse i kwot\u0119, kt\u00f3r\u0105 mo\u017cesz wygra\u0107.<\/p>\n<h2>Wybieranie wsp\u00f3\u0142czynnika.<\/h2>\n<p>Platinum Keno ma mno\u017cnik, kt\u00f3ry zmienia nagrody. W tym przypadku, je\u015bli najwy\u017cszy mno\u017cnik wynosi 5, gra z mno\u017cnikiem 1x da Ci 20% nagrody 5x. Je\u015bli dziesi\u0119\u0107 jest najwy\u017csz\u0105 warto\u015bci\u0105. Je\u015bli najwy\u017csza nagroda wynosi 10, bilet 1x zapewni 10% wyp\u0142aty 10x. Wi\u0119kszy mno\u017cnik zwi\u0119ksza zar\u00f3wno cen\u0119 biletu, jak i szans\u0119 na wygran\u0105.<\/p>\n<h2>Korzystanie z listy wyp\u0142at<\/h2>\n<p>Informuje ona dok\u0142adnie, ile mo\u017cna wygra\u0107 na podstawie wybranych liczb i bonusu. Potraktuj j\u0105 jako map\u0119 nagr\u00f3d; informuje ona o stawce jeszcze przed losowaniem.<\/p>\n<h2>Jak wybory wp\u0142ywaj\u0105 na wynik<\/h2>\n<p>Je\u015bli wybierzesz wi\u0119cej liczb, najwi\u0119ksza nagroda, jak\u0105 mo\u017cesz wygra\u0107, wzrasta, ale Twoje szanse na trafienie wszystkich liczb malej\u0105. Z drugiej strony, wy\u017cszy mno\u017cnik zwi\u0119ksza wyp\u0142at\u0119 w przypadku wygranej, ale na pocz\u0105tku musisz postawi\u0107 wi\u0119cej pieni\u0119dzy. Platinum Keno jest zar\u00f3wno ekscytuj\u0105ce, jak i ryzykowne, poniewa\u017c musisz zr\u00f3wnowa\u017cy\u0107 ryzyko i zysk.<\/p>\n<h2>Najlepsze miejsca, aby znale\u017a\u0107 wyniki Platinum Keno<\/h2>\n<p>Gdy tylko rozpocznie si\u0119 Platinum Keno, najbardziej aktualne wyniki b\u0119d\u0105 dost\u0119pne na stronie wynik\u00f3w RedFoxLotto. W ten spos\u00f3b nie musisz opuszcza\u0107 aplikacji, aby \u015bledzi\u0107 poprzednie i bie\u017c\u0105ce losowania.<\/p>\n<p>Mo\u017cesz wykona\u0107 nast\u0119puj\u0105ce czynno\u015bci:<\/p>\n<ul>\n<li>Sprawd\u017a pe\u0142n\u0105 list\u0119 liczb wybranych dla ka\u017cdej gry.<\/li>\n<li>Przejrzyj poprzednie losowania, aby pozna\u0107 motywy i trendy.<\/li>\n<li>B\u0105d\u017a na bie\u017c\u0105co z wiadomo\u015bciami bez konieczno\u015bci szukania ich gdzie indziej.<\/li>\n<\/ul>\n<h2>Jak sprawdzi\u0107, czy wygra\u0142e\u015b<\/h2>\n<p>Nie ma ju\u017c papierowych kupon\u00f3w \u2014 Platinum Keno to gra wy\u0142\u0105cznie komputerowa. Twoje numery s\u0105 zapisywane na koncie RedFoxLotto natychmiast po ka\u017cdej grze. Wyniki mo\u017cna sprawdzi\u0107 zaraz po ka\u017cdym losowaniu:<\/p>\n<p>Kliknij \u201eMoje kupony\u201d \u2014 w tej sekcji znajduje si\u0119 lista wszystkich kupionych kupon\u00f3w.<\/p>\n<p>Por\u00f3wnaj swoje numery z wynikami: je\u015bli Twoje numery s\u0105 takie same jak te wylosowane w zwyci\u0119skim losowaniu, system natychmiast wy\u015bwietli Ci te dopasowania.<\/p>\n<p>Gdy tylko wygrasz, wy\u015bwietli si\u0119 kwota nagrody, kt\u00f3r\u0105 otrzymasz. Nagrody o mniejszej warto\u015bci s\u0105 wp\u0142acane bezpo\u015brednio na Twoje konto, natomiast nagrody o wi\u0119kszej warto\u015bci mog\u0105 podlega\u0107 weryfikacji przed przelaniem.<\/p>\n<h2>Wp\u0142aty i gra<\/h2>\n<p>Aby gra\u0107 w Platinum Keno, musisz mie\u0107 pieni\u0105dze na koncie RedFoxLotto. Wp\u0142ata jest \u0142atwa i bezpieczna, a po dodaniu kwoty mo\u017cesz od razu wykorzysta\u0107 j\u0105 do zakupu los\u00f3w.<\/p>\n<h2>Dlaczego mo\u017cesz ufa\u0107 wynikom<\/h2>\n<p>Ka\u017cda nagroda w Platinum Keno jest obj\u0119ta ubezpieczeniem, wi\u0119c otrzymasz swoje pieni\u0105dze niezale\u017cnie od tego, czy wygrasz 5 euro, czy 500 000 euro. RedFoxLotto dba o to, aby\u015b otrzyma\u0142 wyp\u0142at\u0119, a generator liczb losowych (RNG) zapewnia uczciwo\u015b\u0107 gry.<\/p>\n<h2>Podsumowanie<\/h2>\n<p>To po\u0142\u0105czenie tradycyjnego losowania liczb i \u0142atwo\u015bci grania w gry komputerowe. Mimo \u017ce ostateczne wyniki nie s\u0105 jeszcze znane, gracze mog\u0105 liczy\u0107 na:<\/p>\n<ul>\n<li>Uczciwe losowania weryfikowane przez generator liczb losowych (RNG).<\/li>\n<li>Gra toczy si\u0119 szybko, a wyniki s\u0105 dost\u0119pne co kilka minut.<\/li>\n<li>RedFoxLotto u\u0142atwia sprawdzenie wynik\u00f3w.<\/li>\n<li>Twoje konto automatycznie \u015bledzi wygrane.<\/li>\n<li>Po rozpocz\u0119ciu gry wystarczy wr\u00f3ci\u0107 po losowaniu, aby sprawdzi\u0107, czy wygra\u0142e\u015b.<\/li>\n<\/ul>\n","protected":false},"excerpt":{"rendered":"<p>Jak wybierane s\u0105 kursy i gdzie znale\u017a\u0107 wyniki w Platinum Keno Platinum Keno wkr\u00f3tce stanie si\u0119 jedn\u0105 z najpopularniejszych gier loteryjnych. Wkr\u00f3tce gracze b\u0119d\u0105 mogli cieszy\u0107 si\u0119 wszystkimi atrakcjami tradycyjnego Keno w zaciszu w\u0142asnych ekran\u00f3w, dzi\u0119ki szybkim losowaniom, jasnym zasadom i \u0142atwo\u015bci gry online. Nie ma jeszcze wynik\u00f3w na \u017cywo, ale oto, co musisz wiedzie\u0107 [&hellip;]<\/p>\n","protected":false},"author":8,"featured_media":0,"parent":84425,"menu_order":41,"comment_status":"closed","ping_status":"closed","template":"","meta":{"_et_pb_use_builder":"","_et_pb_old_content":"","_et_gb_content_width":"","exclude_from_search":false,"footnotes":""},"class_list":["post-102084","page","type-page","status-publish","hentry"],"yoast_head":"<!-- This site is optimized with the Yoast SEO plugin v23.8 - https:\/\/yoast.com\/wordpress\/plugins\/seo\/ -->\n<title>Wyniki loterii keno dla codziennego losowania online o warto\u015bci 5 milion\u00f3w euro.<\/title>\n<meta name=\"description\" content=\"Ta loteria keno losuje codziennie g\u0142\u00f3wn\u0105 nagrod\u0119 w wysoko\u015bci 5 milion\u00f3w euro \u2014 wyniki naszych losowa\u0144 keno mo\u017cna znale\u017a\u0107 tutaj. Mamy gr\u0119 keno o warto\u015bci 5 milion\u00f3w euro i 10 milion\u00f3w euro.\" \/>\n<meta name=\"robots\" content=\"index, follow, max-snippet:-1, max-image-preview:large, max-video-preview:-1\" \/>\n<link rel=\"canonical\" href=\"https:\/\/redfoxlotto.com\/pl\/keno\/zwycieskie-liczby-w-platinum-keno\/\" \/>\n<meta property=\"og:locale\" content=\"pl_PL\" \/>\n<meta property=\"og:type\" content=\"article\" \/>\n<meta property=\"og:title\" content=\"Wyniki loterii keno dla codziennego losowania online o warto\u015bci 5 milion\u00f3w euro.\" \/>\n<meta property=\"og:description\" content=\"Ta loteria keno losuje codziennie g\u0142\u00f3wn\u0105 nagrod\u0119 w wysoko\u015bci 5 milion\u00f3w euro \u2014 wyniki naszych losowa\u0144 keno mo\u017cna znale\u017a\u0107 tutaj. Mamy gr\u0119 keno o warto\u015bci 5 milion\u00f3w euro i 10 milion\u00f3w euro.\" \/>\n<meta property=\"og:url\" content=\"https:\/\/redfoxlotto.com\/pl\/keno\/zwycieskie-liczby-w-platinum-keno\/\" \/>\n<meta property=\"og:site_name\" content=\"Get Tickets for the World\u2019s largest jackpots\" \/>\n<meta property=\"article:modified_time\" content=\"2026-01-10T07:31:03+00:00\" \/>\n<meta property=\"og:image\" content=\"https:\/\/redfoxlotto.com\/wp-content\/uploads\/2025\/03\/keno_card-300x300.jpg\" \/>\n<meta name=\"twitter:card\" content=\"summary_large_image\" \/>\n<meta name=\"twitter:label1\" content=\"Szacowany czas czytania\" \/>\n\t<meta name=\"twitter:data1\" content=\"4 minuty\" \/>\n<script type=\"application\/ld+json\" class=\"yoast-schema-graph\">{\"@context\":\"https:\/\/schema.org\",\"@graph\":[{\"@type\":\"WebPage\",\"@id\":\"https:\/\/redfoxlotto.com\/pl\/keno\/zwycieskie-liczby-w-platinum-keno\/\",\"url\":\"https:\/\/redfoxlotto.com\/pl\/keno\/zwycieskie-liczby-w-platinum-keno\/\",\"name\":\"Wyniki loterii keno dla codziennego losowania online o warto\u015bci 5 milion\u00f3w euro.\",\"isPartOf\":{\"@id\":\"https:\/\/redfoxlotto.com\/pl\/#website\"},\"primaryImageOfPage\":{\"@id\":\"https:\/\/redfoxlotto.com\/pl\/keno\/zwycieskie-liczby-w-platinum-keno\/#primaryimage\"},\"image\":{\"@id\":\"https:\/\/redfoxlotto.com\/pl\/keno\/zwycieskie-liczby-w-platinum-keno\/#primaryimage\"},\"thumbnailUrl\":\"https:\/\/redfoxlotto.com\/wp-content\/uploads\/2025\/03\/keno_card-300x300.jpg\",\"datePublished\":\"2025-05-22T08:53:38+00:00\",\"dateModified\":\"2026-01-10T07:31:03+00:00\",\"description\":\"Ta loteria keno losuje codziennie g\u0142\u00f3wn\u0105 nagrod\u0119 w wysoko\u015bci 5 milion\u00f3w euro \u2014 wyniki naszych losowa\u0144 keno mo\u017cna znale\u017a\u0107 tutaj. Mamy gr\u0119 keno o warto\u015bci 5 milion\u00f3w euro i 10 milion\u00f3w euro.\",\"breadcrumb\":{\"@id\":\"https:\/\/redfoxlotto.com\/pl\/keno\/zwycieskie-liczby-w-platinum-keno\/#breadcrumb\"},\"inLanguage\":\"pl-PL\",\"potentialAction\":[{\"@type\":\"ReadAction\",\"target\":[\"https:\/\/redfoxlotto.com\/pl\/keno\/zwycieskie-liczby-w-platinum-keno\/\"]}]},{\"@type\":\"ImageObject\",\"inLanguage\":\"pl-PL\",\"@id\":\"https:\/\/redfoxlotto.com\/pl\/keno\/zwycieskie-liczby-w-platinum-keno\/#primaryimage\",\"url\":\"https:\/\/redfoxlotto.com\/wp-content\/uploads\/2025\/03\/keno_card-300x300.jpg\",\"contentUrl\":\"https:\/\/redfoxlotto.com\/wp-content\/uploads\/2025\/03\/keno_card-300x300.jpg\"},{\"@type\":\"BreadcrumbList\",\"@id\":\"https:\/\/redfoxlotto.com\/pl\/keno\/zwycieskie-liczby-w-platinum-keno\/#breadcrumb\",\"itemListElement\":[{\"@type\":\"ListItem\",\"position\":1,\"name\":\"Home\",\"item\":\"https:\/\/redfoxlotto.com\/pl\/\"},{\"@type\":\"ListItem\",\"position\":2,\"name\":\"Keno\",\"item\":\"https:\/\/redfoxlotto.com\/pl\/keno\/\"},{\"@type\":\"ListItem\",\"position\":3,\"name\":\"Zwyci\u0119skie liczby w Platinum Keno\"}]},{\"@type\":\"WebSite\",\"@id\":\"https:\/\/redfoxlotto.com\/pl\/#website\",\"url\":\"https:\/\/redfoxlotto.com\/pl\/\",\"name\":\"Get Tickets for the World\u2019s largest jackpots\",\"description\":\"Participate in worldwide lottery jackpots from any country\",\"publisher\":{\"@id\":\"https:\/\/redfoxlotto.com\/pl\/#organization\"},\"potentialAction\":[{\"@type\":\"SearchAction\",\"target\":{\"@type\":\"EntryPoint\",\"urlTemplate\":\"https:\/\/redfoxlotto.com\/pl\/?s={search_term_string}\"},\"query-input\":{\"@type\":\"PropertyValueSpecification\",\"valueRequired\":true,\"valueName\":\"search_term_string\"}}],\"inLanguage\":\"pl-PL\"},{\"@type\":\"Organization\",\"@id\":\"https:\/\/redfoxlotto.com\/pl\/#organization\",\"name\":\"Get Tickets for the World\u2019s largest jackpots\",\"url\":\"https:\/\/redfoxlotto.com\/pl\/\",\"logo\":{\"@type\":\"ImageObject\",\"inLanguage\":\"pl-PL\",\"@id\":\"https:\/\/redfoxlotto.com\/pl\/#\/schema\/logo\/image\/\",\"url\":\"https:\/\/redfoxlotto.com\/wp-content\/uploads\/2023\/04\/logo.png\",\"contentUrl\":\"https:\/\/redfoxlotto.com\/wp-content\/uploads\/2023\/04\/logo.png\",\"width\":269,\"height\":53,\"caption\":\"Get Tickets for the World\u2019s largest jackpots\"},\"image\":{\"@id\":\"https:\/\/redfoxlotto.com\/pl\/#\/schema\/logo\/image\/\"}}]}<\/script>\n<!-- \/ Yoast SEO plugin. -->","yoast_head_json":{"title":"Wyniki loterii keno dla codziennego losowania online o warto\u015bci 5 milion\u00f3w euro.","description":"Ta loteria keno losuje codziennie g\u0142\u00f3wn\u0105 nagrod\u0119 w wysoko\u015bci 5 milion\u00f3w euro \u2014 wyniki naszych losowa\u0144 keno mo\u017cna znale\u017a\u0107 tutaj. Mamy gr\u0119 keno o warto\u015bci 5 milion\u00f3w euro i 10 milion\u00f3w euro.","robots":{"index":"index","follow":"follow","max-snippet":"max-snippet:-1","max-image-preview":"max-image-preview:large","max-video-preview":"max-video-preview:-1"},"canonical":"https:\/\/redfoxlotto.com\/pl\/keno\/zwycieskie-liczby-w-platinum-keno\/","og_locale":"pl_PL","og_type":"article","og_title":"Wyniki loterii keno dla codziennego losowania online o warto\u015bci 5 milion\u00f3w euro.","og_description":"Ta loteria keno losuje codziennie g\u0142\u00f3wn\u0105 nagrod\u0119 w wysoko\u015bci 5 milion\u00f3w euro \u2014 wyniki naszych losowa\u0144 keno mo\u017cna znale\u017a\u0107 tutaj. Mamy gr\u0119 keno o warto\u015bci 5 milion\u00f3w euro i 10 milion\u00f3w euro.","og_url":"https:\/\/redfoxlotto.com\/pl\/keno\/zwycieskie-liczby-w-platinum-keno\/","og_site_name":"Get Tickets for the World\u2019s largest jackpots","article_modified_time":"2026-01-10T07:31:03+00:00","og_image":[{"url":"https:\/\/redfoxlotto.com\/wp-content\/uploads\/2025\/03\/keno_card-300x300.jpg"}],"twitter_card":"summary_large_image","twitter_misc":{"Szacowany czas czytania":"4 minuty"},"schema":{"@context":"https:\/\/schema.org","@graph":[{"@type":"WebPage","@id":"https:\/\/redfoxlotto.com\/pl\/keno\/zwycieskie-liczby-w-platinum-keno\/","url":"https:\/\/redfoxlotto.com\/pl\/keno\/zwycieskie-liczby-w-platinum-keno\/","name":"Wyniki loterii keno dla codziennego losowania online o warto\u015bci 5 milion\u00f3w euro.","isPartOf":{"@id":"https:\/\/redfoxlotto.com\/pl\/#website"},"primaryImageOfPage":{"@id":"https:\/\/redfoxlotto.com\/pl\/keno\/zwycieskie-liczby-w-platinum-keno\/#primaryimage"},"image":{"@id":"https:\/\/redfoxlotto.com\/pl\/keno\/zwycieskie-liczby-w-platinum-keno\/#primaryimage"},"thumbnailUrl":"https:\/\/redfoxlotto.com\/wp-content\/uploads\/2025\/03\/keno_card-300x300.jpg","datePublished":"2025-05-22T08:53:38+00:00","dateModified":"2026-01-10T07:31:03+00:00","description":"Ta loteria keno losuje codziennie g\u0142\u00f3wn\u0105 nagrod\u0119 w wysoko\u015bci 5 milion\u00f3w euro \u2014 wyniki naszych losowa\u0144 keno mo\u017cna znale\u017a\u0107 tutaj. Mamy gr\u0119 keno o warto\u015bci 5 milion\u00f3w euro i 10 milion\u00f3w euro.","breadcrumb":{"@id":"https:\/\/redfoxlotto.com\/pl\/keno\/zwycieskie-liczby-w-platinum-keno\/#breadcrumb"},"inLanguage":"pl-PL","potentialAction":[{"@type":"ReadAction","target":["https:\/\/redfoxlotto.com\/pl\/keno\/zwycieskie-liczby-w-platinum-keno\/"]}]},{"@type":"ImageObject","inLanguage":"pl-PL","@id":"https:\/\/redfoxlotto.com\/pl\/keno\/zwycieskie-liczby-w-platinum-keno\/#primaryimage","url":"https:\/\/redfoxlotto.com\/wp-content\/uploads\/2025\/03\/keno_card-300x300.jpg","contentUrl":"https:\/\/redfoxlotto.com\/wp-content\/uploads\/2025\/03\/keno_card-300x300.jpg"},{"@type":"BreadcrumbList","@id":"https:\/\/redfoxlotto.com\/pl\/keno\/zwycieskie-liczby-w-platinum-keno\/#breadcrumb","itemListElement":[{"@type":"ListItem","position":1,"name":"Home","item":"https:\/\/redfoxlotto.com\/pl\/"},{"@type":"ListItem","position":2,"name":"Keno","item":"https:\/\/redfoxlotto.com\/pl\/keno\/"},{"@type":"ListItem","position":3,"name":"Zwyci\u0119skie liczby w Platinum Keno"}]},{"@type":"WebSite","@id":"https:\/\/redfoxlotto.com\/pl\/#website","url":"https:\/\/redfoxlotto.com\/pl\/","name":"Get Tickets for the World\u2019s largest jackpots","description":"Participate in worldwide lottery jackpots from any country","publisher":{"@id":"https:\/\/redfoxlotto.com\/pl\/#organization"},"potentialAction":[{"@type":"SearchAction","target":{"@type":"EntryPoint","urlTemplate":"https:\/\/redfoxlotto.com\/pl\/?s={search_term_string}"},"query-input":{"@type":"PropertyValueSpecification","valueRequired":true,"valueName":"search_term_string"}}],"inLanguage":"pl-PL"},{"@type":"Organization","@id":"https:\/\/redfoxlotto.com\/pl\/#organization","name":"Get Tickets for the World\u2019s largest jackpots","url":"https:\/\/redfoxlotto.com\/pl\/","logo":{"@type":"ImageObject","inLanguage":"pl-PL","@id":"https:\/\/redfoxlotto.com\/pl\/#\/schema\/logo\/image\/","url":"https:\/\/redfoxlotto.com\/wp-content\/uploads\/2023\/04\/logo.png","contentUrl":"https:\/\/redfoxlotto.com\/wp-content\/uploads\/2023\/04\/logo.png","width":269,"height":53,"caption":"Get Tickets for the World\u2019s largest jackpots"},"image":{"@id":"https:\/\/redfoxlotto.com\/pl\/#\/schema\/logo\/image\/"}}]}},"_links":{"self":[{"href":"https:\/\/redfoxlotto.com\/pl\/wp-json\/wp\/v2\/pages\/102084","targetHints":{"allow":["GET"]}}],"collection":[{"href":"https:\/\/redfoxlotto.com\/pl\/wp-json\/wp\/v2\/pages"}],"about":[{"href":"https:\/\/redfoxlotto.com\/pl\/wp-json\/wp\/v2\/types\/page"}],"author":[{"embeddable":true,"href":"https:\/\/redfoxlotto.com\/pl\/wp-json\/wp\/v2\/users\/8"}],"replies":[{"embeddable":true,"href":"https:\/\/redfoxlotto.com\/pl\/wp-json\/wp\/v2\/comments?post=102084"}],"version-history":[{"count":0,"href":"https:\/\/redfoxlotto.com\/pl\/wp-json\/wp\/v2\/pages\/102084\/revisions"}],"up":[{"embeddable":true,"href":"https:\/\/redfoxlotto.com\/pl\/wp-json\/wp\/v2\/pages\/84425"}],"wp:attachment":[{"href":"https:\/\/redfoxlotto.com\/pl\/wp-json\/wp\/v2\/media?parent=102084"}],"curies":[{"name":"wp","href":"https:\/\/api.w.org\/{rel}","templated":true}]}}