{"id":87665,"date":"2025-05-19T09:08:38","date_gmt":"2025-05-19T09:08:38","guid":{"rendered":"https:\/\/redfoxlotto.com\/?page_id=87665"},"modified":"2025-05-28T07:00:05","modified_gmt":"2025-05-28T07:00:05","slug":"euromillions-eu","status":"publish","type":"page","link":"https:\/\/redfoxlotto.com\/no\/lotterier\/euromillions-eu\/","title":{"rendered":"Om Euromillions EU"},"content":{"rendered":"<p data-start=\"76\" data-end=\"617\">EuroMillions EU er et av Europas st\u00f8rste og mest popul\u00e6re lotterier, og tiltrekker seg millioner av deltakere hver uke med muligheten til \u00e5 vinne livsendrende jackpotter. Lotteriet, offisielt kjent som EU-versjonen av EuroMillions, er sv\u00e6rt popul\u00e6rt i flere europeiske land \u2013 nemlig Frankrike, Spania, \u00d8sterrike, Belgia, Irland, Luxembourg, Portugal og Sveits. Det ble f\u00f8rst lansert 13. februar 2004 med kun Frankrike, Spania og Storbritannia som deltakere, f\u00f8r det raskt ble utvidet til flere europeiske nasjoner innen oktober samme \u00e5r.<\/p>\n<p><img loading=\"lazy\" decoding=\"async\" class=\"size-full wp-image-48546 alignright\" src=\"https:\/\/redfoxlotto.com\/wp-content\/uploads\/2023\/04\/powerball-draw-youtube1-300x300-1.jpg\" alt=\"euromillions\" width=\"300\" height=\"300\" srcset=\"https:\/\/redfoxlotto.com\/wp-content\/uploads\/2023\/04\/powerball-draw-youtube1-300x300-1.jpg 300w, https:\/\/redfoxlotto.com\/wp-content\/uploads\/2023\/04\/powerball-draw-youtube1-300x300-1-100x100.jpg 100w, https:\/\/redfoxlotto.com\/wp-content\/uploads\/2023\/04\/powerball-draw-youtube1-300x300-1-150x150.jpg 150w\" sizes=\"auto, (max-width: 300px) 100vw, 300px\" \/><\/p>\n<p data-start=\"619\" data-end=\"940\">Hver deltakende nasjon har sitt eget nasjonale lotteriorgan, som er ansvarlig for billettsalg, premieutbetaling og kundeservice. Til tross for denne desentraliseringen, f\u00f8lger alle land de samme standardiserte reglene, premieinndelingene og trekningstidspunktene, noe som sikrer rettferdighet og likhet for alle spillere.<\/p>\n<p data-start=\"942\" data-end=\"1347\">Trekningene for EuroMillions EU gjennomf\u00f8res to ganger i uken \u2013 p\u00e5 tirsdag og fredag kveld. Lotteriet benytter seg av et dobbeltmatriseformat der spillerne velger fem hovedtall fra 1 til 50 og to \u00abLykkestjerner\u00bb fra 1 til 12. For \u00e5 vinne jackpotten m\u00e5 man treffe alle syv tallene. Det finnes ogs\u00e5 mange sekund\u00e6re premieniv\u00e5er, som gir spillerne mulighet til \u00e5 vinne mindre, men fortsatt betydelige summer.<\/p>\n<p data-start=\"1349\" data-end=\"1763\">En viktig forskjell mellom EU- og UK-versjonen av EuroMillions er et unikt tilleggs-spill som kun finnes i Storbritannia, kalt <strong data-start=\"1476\" data-end=\"1497\">Millionaire Maker<\/strong>. Dette garanterer at minst \u00e9n britisk spiller blir million\u00e6r i hver trekning. P\u00e5 grunn av dette tillegget er billettene i Storbritannia betydelig dyrere enn i resten av Europa. De som er interessert i den britiske versjonen kan finne mer informasjon p\u00e5 RedFoxLotto.<\/p>\n<p data-start=\"1765\" data-end=\"2130\">For spillere som befinner seg utenfor EU eller i ikke-deltakende land, kan det virke umulig \u00e5 delta i EuroMillions EU. Men takket v\u00e6re internasjonale lottotjenester er det n\u00e5 enkelt \u00e5 kj\u00f8pe billetter. Billetter for utenlandske spillere kj\u00f8pes hovedsakelig i \u00d8sterrike, hvor en godt organisert lotteri-infrastruktur gj\u00f8r det mulig \u00e5 delta lovlig uansett bostedsland.<\/p>\n<p data-start=\"2132\" data-end=\"2477\">N\u00e5r det gjelder jackpottene, har EuroMillions EU imponerende minimums- og maksimumsbel\u00f8p for \u00e5 holde interessen og spenningen h\u00f8y. <strong data-start=\"2263\" data-end=\"2302\">Minimum jackpot er p\u00e5 \u20ac17 millioner<\/strong>, som alene er nok til \u00e5 forandre en persons liv. Over tid har maksimumsbel\u00f8pet blitt \u00f8kt for \u00e5 matche lotteriets voksende popularitet, og det ligger n\u00e5 p\u00e5 <strong data-start=\"2458\" data-end=\"2476\">\u20ac250 millioner<\/strong>.<\/p>\n<p data-start=\"2479\" data-end=\"2765\">N\u00e5r jackpotten n\u00e5r <strong data-start=\"2498\" data-end=\"2516\">\u20ac200 millioner<\/strong>, trer spesielle regler i kraft. Den kan kun forbli p\u00e5 dette niv\u00e5et i opptil fire trekninger. Hvis ingen vinner i l\u00f8pet av disse trekningene, rulles hele premiepotten ned til neste premieniv\u00e5, noe som gir flere spillere sjansen til \u00e5 dele gevinsten.<\/p>\n<p data-start=\"2767\" data-end=\"2973\">Hvis jackpotten n\u00e5r <strong data-start=\"2787\" data-end=\"2805\">\u20ac250 millioner<\/strong>, gjelder de samme reglene. Etter fire trekninger uten vinner, rulles hele jackpotten ned p\u00e5 den femte trekningen, og skaper ofte mange million\u00e6rer i \u00e9n og samme runde.<\/p>\n<p data-start=\"2975\" data-end=\"3265\">Disse s\u00e5kalte \u00abjackpot roll-down\u00bb-reglene gir spillet ekstra strategi og drama. N\u00e5r jackpotten n\u00e6rmer seg maksimalgrensen, \u00f8ker billettsalget dramatisk ettersom spillere blir mer h\u00e5pefulle. De store summene f\u00e5r ogs\u00e5 mye medieoppmerksomhet, som ytterligere bidrar til lotteriets popularitet.<\/p>\n<p data-start=\"3267\" data-end=\"3422\">Historisk sett har EuroMillions produsert et stort antall h\u00f8yt profilerte vinnere over hele Europa, og \u00d8sterrike er blant landene med s\u00e6rlig mange vinnere.<\/p>\n<p data-start=\"3424\" data-end=\"3772\">Kombinasjonen av global tilgjengelighet, en \u00e5pen og spennende trekningstruktur og store premiepenger gj\u00f8r EuroMillions EU til et sv\u00e6rt attraktivt lotteri for spillere over hele verden. Det faktum at s\u00e5 mange europeiske land deltar, gir lotteriet en kulturelt mangfoldig spillerbase, mens de enorme premiepottene tiltrekker seg global oppmerksomhet.<\/p>\n<p data-start=\"3774\" data-end=\"4057\">Spillere utenfor Europa kan enkelt delta gjennom velrenommerte lotteriformidlere som kj\u00f8per fysiske billetter i \u00d8sterrike, skanner dem, laster opp informasjonen til spillerens konto og betaler ut gevinster direkte. Det gj\u00f8r det enkelt og trygt \u00e5 delta, uansett hvor man befinner seg.<\/p>\n<p data-start=\"4059\" data-end=\"4445\">Oppsummert: EuroMillions EU har en solid struktur, klare regler og store vinnersjanser \u2013 noe som gj\u00f8r det til et vinnende alternativ for lottospillere over hele verden. Den garanterte jackpotten p\u00e5 <strong data-start=\"4257\" data-end=\"4274\">\u20ac17 millioner<\/strong> og den maksimale grensen p\u00e5 <strong data-start=\"4303\" data-end=\"4321\">\u20ac250 millioner<\/strong>, sammen med roll-down-mekanismene, gir spenning, forventning og livsendrende premier til deltakere i hele Europa og utover.<\/p>\n","protected":false},"excerpt":{"rendered":"<p>EuroMillions EU er et av Europas st\u00f8rste og mest popul\u00e6re lotterier, og tiltrekker seg millioner av deltakere hver uke med muligheten til \u00e5 vinne livsendrende jackpotter. Lotteriet, offisielt kjent som EU-versjonen av EuroMillions, er sv\u00e6rt popul\u00e6rt i flere europeiske land \u2013 nemlig Frankrike, Spania, \u00d8sterrike, Belgia, Irland, Luxembourg, Portugal og Sveits. Det ble f\u00f8rst lansert [&hellip;]<\/p>\n","protected":false},"author":8,"featured_media":0,"parent":60261,"menu_order":4,"comment_status":"closed","ping_status":"closed","template":"euromillions-at-info.php","meta":{"_et_pb_use_builder":"","_et_pb_old_content":"","_et_gb_content_width":"","exclude_from_search":false,"footnotes":""},"class_list":["post-87665","page","type-page","status-publish","hentry"],"yoast_head":"<!-- This site is optimized with the Yoast SEO plugin v27.3 - https:\/\/yoast.com\/product\/yoast-seo-wordpress\/ -->\n<title>Kj\u00f8p Euromillions-billetter p\u00e5 nettet fra land utenfor EU<\/title>\n<meta name=\"description\" content=\"Slik kj\u00f8per du Euromillions-lodd p\u00e5 nettet, for Storbritannia og EU-versjonen av Euromillions. Kj\u00f8p lodd hvor som helst, ogs\u00e5 fra land utenfor EU.\" \/>\n<meta name=\"robots\" content=\"index, follow, max-snippet:-1, max-image-preview:large, max-video-preview:-1\" \/>\n<link rel=\"canonical\" href=\"https:\/\/redfoxlotto.com\/no\/lotterier\/euromillions-eu\/\" \/>\n<meta property=\"og:locale\" content=\"nb_NO\" \/>\n<meta property=\"og:type\" content=\"article\" \/>\n<meta property=\"og:title\" content=\"Kj\u00f8p Euromillions-billetter p\u00e5 nettet fra land utenfor EU\" \/>\n<meta property=\"og:description\" content=\"Slik kj\u00f8per du Euromillions-lodd p\u00e5 nettet, for Storbritannia og EU-versjonen av Euromillions. Kj\u00f8p lodd hvor som helst, ogs\u00e5 fra land utenfor EU.\" \/>\n<meta property=\"og:url\" content=\"https:\/\/redfoxlotto.com\/no\/lotterier\/euromillions-eu\/\" \/>\n<meta property=\"og:site_name\" content=\"Get Tickets for the World\u2019s largest jackpots\" \/>\n<meta property=\"article:modified_time\" content=\"2025-05-28T07:00:05+00:00\" \/>\n<meta property=\"og:image\" content=\"https:\/\/redfoxlotto.com\/wp-content\/uploads\/2023\/04\/powerball-draw-youtube1-300x300-1.jpg\" \/>\n<meta name=\"twitter:card\" content=\"summary_large_image\" \/>\n<meta name=\"twitter:label1\" content=\"Ansl. lesetid\" \/>\n\t<meta name=\"twitter:data1\" content=\"3 minutter\" \/>\n<script type=\"application\/ld+json\" class=\"yoast-schema-graph\">{\"@context\":\"https:\\\/\\\/schema.org\",\"@graph\":[{\"@type\":\"WebPage\",\"@id\":\"https:\\\/\\\/redfoxlotto.com\\\/no\\\/lotterier\\\/euromillions-eu\\\/\",\"url\":\"https:\\\/\\\/redfoxlotto.com\\\/no\\\/lotterier\\\/euromillions-eu\\\/\",\"name\":\"Kj\u00f8p Euromillions-billetter p\u00e5 nettet fra land utenfor EU\",\"isPartOf\":{\"@id\":\"https:\\\/\\\/redfoxlotto.com\\\/no\\\/#website\"},\"primaryImageOfPage\":{\"@id\":\"https:\\\/\\\/redfoxlotto.com\\\/no\\\/lotterier\\\/euromillions-eu\\\/#primaryimage\"},\"image\":{\"@id\":\"https:\\\/\\\/redfoxlotto.com\\\/no\\\/lotterier\\\/euromillions-eu\\\/#primaryimage\"},\"thumbnailUrl\":\"https:\\\/\\\/redfoxlotto.com\\\/wp-content\\\/uploads\\\/2023\\\/04\\\/powerball-draw-youtube1-300x300-1.jpg\",\"datePublished\":\"2025-05-19T09:08:38+00:00\",\"dateModified\":\"2025-05-28T07:00:05+00:00\",\"description\":\"Slik kj\u00f8per du Euromillions-lodd p\u00e5 nettet, for Storbritannia og EU-versjonen av Euromillions. Kj\u00f8p lodd hvor som helst, ogs\u00e5 fra land utenfor EU.\",\"breadcrumb\":{\"@id\":\"https:\\\/\\\/redfoxlotto.com\\\/no\\\/lotterier\\\/euromillions-eu\\\/#breadcrumb\"},\"inLanguage\":\"nb-NO\",\"potentialAction\":[{\"@type\":\"ReadAction\",\"target\":[\"https:\\\/\\\/redfoxlotto.com\\\/no\\\/lotterier\\\/euromillions-eu\\\/\"]}]},{\"@type\":\"ImageObject\",\"inLanguage\":\"nb-NO\",\"@id\":\"https:\\\/\\\/redfoxlotto.com\\\/no\\\/lotterier\\\/euromillions-eu\\\/#primaryimage\",\"url\":\"https:\\\/\\\/redfoxlotto.com\\\/wp-content\\\/uploads\\\/2023\\\/04\\\/powerball-draw-youtube1-300x300-1.jpg\",\"contentUrl\":\"https:\\\/\\\/redfoxlotto.com\\\/wp-content\\\/uploads\\\/2023\\\/04\\\/powerball-draw-youtube1-300x300-1.jpg\"},{\"@type\":\"BreadcrumbList\",\"@id\":\"https:\\\/\\\/redfoxlotto.com\\\/no\\\/lotterier\\\/euromillions-eu\\\/#breadcrumb\",\"itemListElement\":[{\"@type\":\"ListItem\",\"position\":1,\"name\":\"Home\",\"item\":\"https:\\\/\\\/redfoxlotto.com\\\/no\\\/\"},{\"@type\":\"ListItem\",\"position\":2,\"name\":\"Hvordan kj\u00f8pe lodd p\u00e5 nettet &#8211; kj\u00f8psprosessen\",\"item\":\"https:\\\/\\\/redfoxlotto.com\\\/no\\\/lotterier\\\/\"},{\"@type\":\"ListItem\",\"position\":3,\"name\":\"Om Euromillions EU\"}]},{\"@type\":\"WebSite\",\"@id\":\"https:\\\/\\\/redfoxlotto.com\\\/no\\\/#website\",\"url\":\"https:\\\/\\\/redfoxlotto.com\\\/no\\\/\",\"name\":\"Get Tickets for the World\u2019s largest jackpots\",\"description\":\"Participate in worldwide lottery jackpots from any country\",\"publisher\":{\"@id\":\"https:\\\/\\\/redfoxlotto.com\\\/no\\\/#organization\"},\"potentialAction\":[{\"@type\":\"SearchAction\",\"target\":{\"@type\":\"EntryPoint\",\"urlTemplate\":\"https:\\\/\\\/redfoxlotto.com\\\/no\\\/?s={search_term_string}\"},\"query-input\":{\"@type\":\"PropertyValueSpecification\",\"valueRequired\":true,\"valueName\":\"search_term_string\"}}],\"inLanguage\":\"nb-NO\"},{\"@type\":\"Organization\",\"@id\":\"https:\\\/\\\/redfoxlotto.com\\\/no\\\/#organization\",\"name\":\"Get Tickets for the World\u2019s largest jackpots\",\"url\":\"https:\\\/\\\/redfoxlotto.com\\\/no\\\/\",\"logo\":{\"@type\":\"ImageObject\",\"inLanguage\":\"nb-NO\",\"@id\":\"https:\\\/\\\/redfoxlotto.com\\\/no\\\/#\\\/schema\\\/logo\\\/image\\\/\",\"url\":\"https:\\\/\\\/redfoxlotto.com\\\/wp-content\\\/uploads\\\/2023\\\/04\\\/logo.png\",\"contentUrl\":\"https:\\\/\\\/redfoxlotto.com\\\/wp-content\\\/uploads\\\/2023\\\/04\\\/logo.png\",\"width\":269,\"height\":53,\"caption\":\"Get Tickets for the World\u2019s largest jackpots\"},\"image\":{\"@id\":\"https:\\\/\\\/redfoxlotto.com\\\/no\\\/#\\\/schema\\\/logo\\\/image\\\/\"}}]}<\/script>\n<!-- \/ Yoast SEO plugin. -->","yoast_head_json":{"title":"Kj\u00f8p Euromillions-billetter p\u00e5 nettet fra land utenfor EU","description":"Slik kj\u00f8per du Euromillions-lodd p\u00e5 nettet, for Storbritannia og EU-versjonen av Euromillions. Kj\u00f8p lodd hvor som helst, ogs\u00e5 fra land utenfor EU.","robots":{"index":"index","follow":"follow","max-snippet":"max-snippet:-1","max-image-preview":"max-image-preview:large","max-video-preview":"max-video-preview:-1"},"canonical":"https:\/\/redfoxlotto.com\/no\/lotterier\/euromillions-eu\/","og_locale":"nb_NO","og_type":"article","og_title":"Kj\u00f8p Euromillions-billetter p\u00e5 nettet fra land utenfor EU","og_description":"Slik kj\u00f8per du Euromillions-lodd p\u00e5 nettet, for Storbritannia og EU-versjonen av Euromillions. Kj\u00f8p lodd hvor som helst, ogs\u00e5 fra land utenfor EU.","og_url":"https:\/\/redfoxlotto.com\/no\/lotterier\/euromillions-eu\/","og_site_name":"Get Tickets for the World\u2019s largest jackpots","article_modified_time":"2025-05-28T07:00:05+00:00","og_image":[{"url":"https:\/\/redfoxlotto.com\/wp-content\/uploads\/2023\/04\/powerball-draw-youtube1-300x300-1.jpg","type":"","width":"","height":""}],"twitter_card":"summary_large_image","twitter_misc":{"Ansl. lesetid":"3 minutter"},"schema":{"@context":"https:\/\/schema.org","@graph":[{"@type":"WebPage","@id":"https:\/\/redfoxlotto.com\/no\/lotterier\/euromillions-eu\/","url":"https:\/\/redfoxlotto.com\/no\/lotterier\/euromillions-eu\/","name":"Kj\u00f8p Euromillions-billetter p\u00e5 nettet fra land utenfor EU","isPartOf":{"@id":"https:\/\/redfoxlotto.com\/no\/#website"},"primaryImageOfPage":{"@id":"https:\/\/redfoxlotto.com\/no\/lotterier\/euromillions-eu\/#primaryimage"},"image":{"@id":"https:\/\/redfoxlotto.com\/no\/lotterier\/euromillions-eu\/#primaryimage"},"thumbnailUrl":"https:\/\/redfoxlotto.com\/wp-content\/uploads\/2023\/04\/powerball-draw-youtube1-300x300-1.jpg","datePublished":"2025-05-19T09:08:38+00:00","dateModified":"2025-05-28T07:00:05+00:00","description":"Slik kj\u00f8per du Euromillions-lodd p\u00e5 nettet, for Storbritannia og EU-versjonen av Euromillions. Kj\u00f8p lodd hvor som helst, ogs\u00e5 fra land utenfor EU.","breadcrumb":{"@id":"https:\/\/redfoxlotto.com\/no\/lotterier\/euromillions-eu\/#breadcrumb"},"inLanguage":"nb-NO","potentialAction":[{"@type":"ReadAction","target":["https:\/\/redfoxlotto.com\/no\/lotterier\/euromillions-eu\/"]}]},{"@type":"ImageObject","inLanguage":"nb-NO","@id":"https:\/\/redfoxlotto.com\/no\/lotterier\/euromillions-eu\/#primaryimage","url":"https:\/\/redfoxlotto.com\/wp-content\/uploads\/2023\/04\/powerball-draw-youtube1-300x300-1.jpg","contentUrl":"https:\/\/redfoxlotto.com\/wp-content\/uploads\/2023\/04\/powerball-draw-youtube1-300x300-1.jpg"},{"@type":"BreadcrumbList","@id":"https:\/\/redfoxlotto.com\/no\/lotterier\/euromillions-eu\/#breadcrumb","itemListElement":[{"@type":"ListItem","position":1,"name":"Home","item":"https:\/\/redfoxlotto.com\/no\/"},{"@type":"ListItem","position":2,"name":"Hvordan kj\u00f8pe lodd p\u00e5 nettet &#8211; kj\u00f8psprosessen","item":"https:\/\/redfoxlotto.com\/no\/lotterier\/"},{"@type":"ListItem","position":3,"name":"Om Euromillions EU"}]},{"@type":"WebSite","@id":"https:\/\/redfoxlotto.com\/no\/#website","url":"https:\/\/redfoxlotto.com\/no\/","name":"Get Tickets for the World\u2019s largest jackpots","description":"Participate in worldwide lottery jackpots from any country","publisher":{"@id":"https:\/\/redfoxlotto.com\/no\/#organization"},"potentialAction":[{"@type":"SearchAction","target":{"@type":"EntryPoint","urlTemplate":"https:\/\/redfoxlotto.com\/no\/?s={search_term_string}"},"query-input":{"@type":"PropertyValueSpecification","valueRequired":true,"valueName":"search_term_string"}}],"inLanguage":"nb-NO"},{"@type":"Organization","@id":"https:\/\/redfoxlotto.com\/no\/#organization","name":"Get Tickets for the World\u2019s largest jackpots","url":"https:\/\/redfoxlotto.com\/no\/","logo":{"@type":"ImageObject","inLanguage":"nb-NO","@id":"https:\/\/redfoxlotto.com\/no\/#\/schema\/logo\/image\/","url":"https:\/\/redfoxlotto.com\/wp-content\/uploads\/2023\/04\/logo.png","contentUrl":"https:\/\/redfoxlotto.com\/wp-content\/uploads\/2023\/04\/logo.png","width":269,"height":53,"caption":"Get Tickets for the World\u2019s largest jackpots"},"image":{"@id":"https:\/\/redfoxlotto.com\/no\/#\/schema\/logo\/image\/"}}]}},"_links":{"self":[{"href":"https:\/\/redfoxlotto.com\/no\/wp-json\/wp\/v2\/pages\/87665","targetHints":{"allow":["GET"]}}],"collection":[{"href":"https:\/\/redfoxlotto.com\/no\/wp-json\/wp\/v2\/pages"}],"about":[{"href":"https:\/\/redfoxlotto.com\/no\/wp-json\/wp\/v2\/types\/page"}],"author":[{"embeddable":true,"href":"https:\/\/redfoxlotto.com\/no\/wp-json\/wp\/v2\/users\/8"}],"replies":[{"embeddable":true,"href":"https:\/\/redfoxlotto.com\/no\/wp-json\/wp\/v2\/comments?post=87665"}],"version-history":[{"count":0,"href":"https:\/\/redfoxlotto.com\/no\/wp-json\/wp\/v2\/pages\/87665\/revisions"}],"up":[{"embeddable":true,"href":"https:\/\/redfoxlotto.com\/no\/wp-json\/wp\/v2\/pages\/60261"}],"wp:attachment":[{"href":"https:\/\/redfoxlotto.com\/no\/wp-json\/wp\/v2\/media?parent=87665"}],"curies":[{"name":"wp","href":"https:\/\/api.w.org\/{rel}","templated":true}]}}