{"id":87602,"date":"2025-05-19T09:07:38","date_gmt":"2025-05-19T09:07:38","guid":{"rendered":"https:\/\/redfoxlotto.com\/?page_id=87602"},"modified":"2025-12-17T06:54:00","modified_gmt":"2025-12-17T06:54:00","slug":"euromillions-eu","status":"publish","type":"page","link":"https:\/\/redfoxlotto.com\/no\/spille\/euromillions-eu\/","title":{"rendered":"Spill Euromillions EU"},"content":{"rendered":"<p><script type=\"application\/ld+json\">\n{\n  \"@context\": \"https:\/\/schema.org\",\n  \"@type\": \"Service\",\n  \"name\": \"Spill Euromillions Online\",\n  \"url\": \"https:\/\/redfoxlotto.com\/no\/spille\/euromillions\/\",\n  \"description\": \"Spill Euromillions-lotteriet p\u00e5 nettet fra hvilket som helst land. Bes\u00f8k RedFoxLotto, velg dine tall og skaff deg billettene dine.\",\n  \"serviceType\": \"Online lottery ticket messenger service\",\n  \"provider\": {\n    \"@type\": \"Organization\",\n    \"name\": \"RedFoxLotto\",\n    \"url\": \"https:\/\/redfoxlotto.com\/no\/\",\n    \"image\": \"https:\/\/redfoxlotto.com\/wp-content\/uploads\/2025\/12\/ticket_scans.jpg\",\n    \"sameAs\": []\n  },\n  \"areaServed\": \"Worldwide\",\n  \"termsOfService\": \"https:\/\/redfoxlotto.com\/terms-and-conditions\",\n  \"additionalProperty\": {\n    \"@type\": \"PropertyValue\",\n    \"name\": \"FAQ\",\n    \"value\": \"https:\/\/redfoxlotto.com\/no\/faq\/\"\n  },\n  \"hasOfferCatalog\": {\n    \"@type\": \"OfferCatalog\",\n    \"name\": \"Euromillions Lottobilletter\",\n    \"itemListElement\": [\n      {\n        \"@type\": \"Offer\",\n        \"name\": \"Euromillions Billetter\",\n        \"url\": \"https:\/\/redfoxlotto.com\/no\/spille\/euromillions\/\",\n        \"description\": \"Klikk her for \u00e5 velge tallene dine for neste Euromillions-trekning \u2013 bestill billettene dine p\u00e5 nett.\",\n        \"price\": \"7.00\",\n        \"priceCurrency\": \"EUR\",\n        \"availability\": \"https:\/\/schema.org\/InStock\",\n        \"itemOffered\": {\n          \"@type\": \"Service\",\n          \"name\": \"Euromillions Lottobilletter\",\n          \"description\": \"Spill i neste Euromillions-trekning via RedFoxLotto.\"\n        }\n      }\n    ]\n  },\n  \"mainEntityOfPage\": {\n    \"@type\": \"WebPage\",\n    \"@id\": \"https:\/\/redfoxlotto.com\/no\/spille\/euromillions\/\"\n  }\n}\n<\/script><\/p>\n<p><img loading=\"lazy\" decoding=\"async\" class=\" wp-image-67116 alignleft\" src=\"https:\/\/redfoxlotto.com\/wp-content\/uploads\/2024\/03\/Balls-300x300.png\" alt=\"euromillions \u00d8sterrike\" width=\"244\" height=\"244\" \/><\/p>\n<h2 data-start=\"47\" data-end=\"98\">Innledning: Hva er EuroMillions EU (\u00d8sterrike)?<\/h2>\n<p data-start=\"100\" data-end=\"340\">EuroMillions EU (\u00d8sterrike) er et av Europas mest popul\u00e6re og mest lukrative lotterier. Det ble lansert i 2004 og spilles offisielt i ni europeiske land: Frankrike, Spania, \u00d8sterrike, Belgia, Irland, Luxembourg, Portugal, Sveits og Andorra.<\/p>\n<p data-start=\"342\" data-end=\"615\">Men hva om du ikke bor i Europa, eller i et land som deltar i EuroMillions? Kan du fortsatt delta og f\u00e5 muligheten til \u00e5 vinne en livsendrende jackpot? Svaret er ja \u2013 du kan kj\u00f8pe EuroMillions EU (\u00d8sterrike)-billetter online fra hvor som helst i verden via RedFoxLotto.com.<\/p>\n<h2 data-start=\"617\" data-end=\"666\">Hvordan spille EuroMillions online utenfor EU<\/h2>\n<p data-start=\"668\" data-end=\"845\">Dersom landet ditt ikke er et deltakerland, kan du ikke kj\u00f8pe lodd i butikken. Heldigvis gj\u00f8r en p\u00e5litelig tjeneste som RedFoxLotto det mulig \u00e5 delta uansett. Slik fungerer det:<\/p>\n<ol data-start=\"847\" data-end=\"1136\">\n<li data-start=\"847\" data-end=\"878\">\n<p data-start=\"850\" data-end=\"878\">G\u00e5 til <a class=\"\" href=\"http:\/\/www.RedFoxLotto.com\" target=\"_new\" rel=\"noopener\" data-start=\"857\" data-end=\"876\">www.RedFoxLotto.com<\/a><\/p>\n<\/li>\n<li data-start=\"879\" data-end=\"927\">\n<p data-start=\"882\" data-end=\"927\">Velg EuroMillions EU (\u00d8sterrike)-trekningen<\/p>\n<\/li>\n<li data-start=\"928\" data-end=\"975\">\n<p data-start=\"931\" data-end=\"975\">Velg tallene dine, eller bruk \u00abQuick Pick\u00bb<\/p>\n<\/li>\n<li data-start=\"976\" data-end=\"1063\">\n<p data-start=\"979\" data-end=\"1063\">Fullf\u00f8r bestillingen \u2013 en lokal agent i \u00d8sterrike kj\u00f8per en fysisk billett for deg<\/p>\n<\/li>\n<li data-start=\"1064\" data-end=\"1136\">\n<p data-start=\"1067\" data-end=\"1136\">En skannet kopi av billetten blir lagt til kontoen din som kj\u00f8psbevis<\/p>\n<\/li>\n<\/ol>\n<p data-start=\"1138\" data-end=\"1305\">Det er 100 % lovlig og en garantert m\u00e5te \u00e5 delta i den offisielle EU-versjonen av EuroMillions (\u00d8sterrike) \u2013 uansett om du bor i Asia, Afrika, Amerika eller Australia.<\/p>\n<h2 data-start=\"1307\" data-end=\"1383\">Forskjeller mellom EuroMillions EU (\u00d8sterrike) og den britiske versjonen<\/h2>\n<p data-start=\"1385\" data-end=\"1506\">Det finnes to forskjellige spill: EuroMillions EU og EuroMillions UK. Begge tilh\u00f8rer samme familie, men har ulike regler.<\/p>\n<p data-start=\"1508\" data-end=\"1667\">Britiske lodd er dyrere, hovedsakelig p\u00e5 grunn av det ekstra spillet \u00abMillionaire Maker\u00bb, som garanterer at \u00e9n britisk spiller vinner \u00a31 million hver trekning.<\/p>\n<p data-start=\"1669\" data-end=\"1786\">Den britiske versjonen har ogs\u00e5 en annen utbetalingsstruktur, og p\u00e5virkes av regulatoriske kostnader og valutakurser.<\/p>\n<p data-start=\"1788\" data-end=\"1977\">Dersom du spiller gjennom RedFoxLotto, deltar du i EU-versjonen (\u00d8sterrike), ikke den britiske. Denne versjonen har ikke Millionaire Maker, noe som gir lavere billettpris og enklere regler.<\/p>\n<h2 data-start=\"1979\" data-end=\"2006\">Hvor kj\u00f8pes billettene?<\/h2>\n<p data-start=\"2008\" data-end=\"2150\">Alle EuroMillions EU-billetter bestilt via RedFoxLotto kj\u00f8pes fysisk i \u00d8sterrike \u2013 et offisielt deltakerland med sentral beliggenhet i Europa.<\/p>\n<h2 data-start=\"2152\" data-end=\"2174\">Hvorfor \u00d8sterrike?<\/h2>\n<p data-start=\"2176\" data-end=\"2312\">\u00d8sterrike er medlem av EU og gir tilgang til den originale EuroMillions EU-trekningen. Billettene reguleres strengt og med full \u00e5penhet.<\/p>\n<p data-start=\"2314\" data-end=\"2517\">I tillegg er lotterigevinster for \u00f8yeblikket skattefrie i \u00d8sterrike \u2013 en stor fordel for internasjonale spillere. N\u00e5r billetten er kj\u00f8pt, lastes en skannet kopi opp til kontoen din som bevis p\u00e5 eierskap.<\/p>\n<h2 data-start=\"2519\" data-end=\"2562\">Jackpotinformasjon: Minimum og maksimum<\/h2>\n<p data-start=\"2564\" data-end=\"2678\">En av hovedgrunnene til at spillere over hele verden \u00f8nsker \u00e5 spille EuroMillions online, er de enorme jackpotene.<\/p>\n<p data-start=\"2680\" data-end=\"2698\">Slik fungerer det:<\/p>\n<ul data-start=\"2700\" data-end=\"2777\">\n<li data-start=\"2700\" data-end=\"2734\">\n<p data-start=\"2702\" data-end=\"2734\">Minimum jackpot: \u20ac17 millioner<\/p>\n<\/li>\n<li data-start=\"2735\" data-end=\"2777\">\n<p data-start=\"2737\" data-end=\"2777\">Maksimum jackpot (tak): \u20ac250 millioner<\/p>\n<\/li>\n<\/ul>\n<p data-start=\"2779\" data-end=\"2868\">Dersom det ikke er noen vinner, rulles premien videre til neste trekning og vokser raskt.<\/p>\n<h2 data-start=\"2870\" data-end=\"2917\">Hva skjer n\u00e5r jackpoten n\u00e5r \u20ac200 millioner?<\/h2>\n<p data-start=\"2919\" data-end=\"2955\">N\u00e5r premiepotten n\u00e5r \u20ac200 millioner:<\/p>\n<ul data-start=\"2957\" data-end=\"3060\">\n<li data-start=\"2957\" data-end=\"3003\">\n<p data-start=\"2959\" data-end=\"3003\">Jackpoten \u00f8ker med \u20ac10 millioner av gangen<\/p>\n<\/li>\n<li data-start=\"3004\" data-end=\"3060\">\n<p data-start=\"3006\" data-end=\"3060\">Dette fortsetter til taket p\u00e5 \u20ac250 millioner er n\u00e5dd<\/p>\n<\/li>\n<\/ul>\n<h2 data-start=\"3062\" data-end=\"3095\">Hva skjer ved \u20ac250 millioner?<\/h2>\n<p data-start=\"3097\" data-end=\"3241\">N\u00e5r taket er n\u00e5dd, kan jackpoten forbli p\u00e5 dette niv\u00e5et i opptil fire trekninger. Hvis ingen vinner, fordeles hele premien til neste vinnerniv\u00e5.<\/p>\n<p data-start=\"3243\" data-end=\"3353\">Disse reglene gj\u00f8r EuroMillions EU (\u00d8sterrike) til et av verdens mest spennende og spiller-vennlige lotterier.<\/p>\n<h2 data-start=\"3355\" data-end=\"3408\">Hvorfor spille EuroMillions EU (\u00d8sterrike) online<\/h2>\n<p data-start=\"3410\" data-end=\"3473\">Spesielt for spillere utenfor EU finnes det mange gode grunner:<\/p>\n<ul data-start=\"3475\" data-end=\"3708\">\n<li data-start=\"3475\" data-end=\"3530\">\n<p data-start=\"3477\" data-end=\"3530\">Global tilgang: Alle kan delta, uansett hvor de bor<\/p>\n<\/li>\n<li data-start=\"3531\" data-end=\"3584\">\n<p data-start=\"3533\" data-end=\"3584\">Praktisk: Kj\u00f8p lodd n\u00e5r som helst, hvor som helst<\/p>\n<\/li>\n<li data-start=\"3585\" data-end=\"3608\">\n<p data-start=\"3587\" data-end=\"3608\">Digitalt kj\u00f8psbevis<\/p>\n<\/li>\n<li data-start=\"3609\" data-end=\"3664\">\n<p data-start=\"3611\" data-end=\"3664\">Skattefordeler: I \u00d8sterrike er gevinster skattefrie<\/p>\n<\/li>\n<li data-start=\"3665\" data-end=\"3708\">\n<p data-start=\"3667\" data-end=\"3708\">Enorme jackpoter: opptil \u20ac250 millioner<\/p>\n<\/li>\n<\/ul>\n<h2 data-start=\"3710\" data-end=\"3732\">Avsluttende tanker<\/h2>\n<p data-start=\"3734\" data-end=\"3940\">Du trenger ikke bo i Frankrike, Spania eller Portugal for \u00e5 delta i EuroMillions EU (\u00d8sterrike). I dagens internettalder kan du spille selv fra land utenfor EU og ha sjansen til \u00e5 vinne rekordstore premier.<\/p>\n<p data-start=\"3942\" data-end=\"4151\">Enten du dr\u00f8mmer om \u00e5 bli Europas neste million\u00e6r, eller bare elsker spenningen \u2013 det er enkelt \u00e5 bli med via RedFoxLotto.com. Velg dine lykketall og spill online i dag \u2013 den neste store vinneren kan v\u00e6re deg!<\/p>\n","protected":false},"excerpt":{"rendered":"<p>Innledning: Hva er EuroMillions EU (\u00d8sterrike)? EuroMillions EU (\u00d8sterrike) er et av Europas mest popul\u00e6re og mest lukrative lotterier. Det ble lansert i 2004 og spilles offisielt i ni europeiske land: Frankrike, Spania, \u00d8sterrike, Belgia, Irland, Luxembourg, Portugal, Sveits og Andorra. Men hva om du ikke bor i Europa, eller i et land som deltar [&hellip;]<\/p>\n","protected":false},"author":8,"featured_media":0,"parent":60108,"menu_order":4,"comment_status":"closed","ping_status":"closed","template":"euromillions-at.php","meta":{"_et_pb_use_builder":"","_et_pb_old_content":"","_et_gb_content_width":"","exclude_from_search":false,"footnotes":""},"class_list":["post-87602","page","type-page","status-publish","hentry"],"yoast_head":"<!-- This site is optimized with the Yoast SEO plugin v27.4 - https:\/\/yoast.com\/product\/yoast-seo-wordpress\/ -->\n<title>Spill Euromillions online fra land utenfor EU<\/title>\n<meta name=\"description\" content=\"Slik spiller du Euromillions online fra utenfor EU, eller hvis landet ditt ikke deltar i Euromillions\" \/>\n<meta name=\"robots\" content=\"index, follow, max-snippet:-1, max-image-preview:large, max-video-preview:-1\" \/>\n<link rel=\"canonical\" href=\"https:\/\/redfoxlotto.com\/no\/spille\/euromillions-eu\/\" \/>\n<meta property=\"og:locale\" content=\"nb_NO\" \/>\n<meta property=\"og:type\" content=\"article\" \/>\n<meta property=\"og:title\" content=\"Spill Euromillions online fra land utenfor EU\" \/>\n<meta property=\"og:description\" content=\"Slik spiller du Euromillions online fra utenfor EU, eller hvis landet ditt ikke deltar i Euromillions\" \/>\n<meta property=\"og:url\" content=\"https:\/\/redfoxlotto.com\/no\/spille\/euromillions-eu\/\" \/>\n<meta property=\"og:site_name\" content=\"Get Tickets for the World\u2019s largest jackpots\" \/>\n<meta property=\"article:modified_time\" content=\"2025-12-17T06:54:00+00:00\" \/>\n<meta property=\"og:image\" content=\"https:\/\/redfoxlotto.com\/wp-content\/uploads\/2024\/03\/Balls-300x300.png\" \/>\n<meta name=\"twitter:card\" content=\"summary_large_image\" \/>\n<meta name=\"twitter:label1\" content=\"Ansl. lesetid\" \/>\n\t<meta name=\"twitter:data1\" content=\"3 minutter\" \/>\n<script type=\"application\/ld+json\" class=\"yoast-schema-graph\">{\"@context\":\"https:\\\/\\\/schema.org\",\"@graph\":[{\"@type\":\"WebPage\",\"@id\":\"https:\\\/\\\/redfoxlotto.com\\\/no\\\/spille\\\/euromillions-eu\\\/\",\"url\":\"https:\\\/\\\/redfoxlotto.com\\\/no\\\/spille\\\/euromillions-eu\\\/\",\"name\":\"Spill Euromillions online fra land utenfor EU\",\"isPartOf\":{\"@id\":\"https:\\\/\\\/redfoxlotto.com\\\/no\\\/#website\"},\"primaryImageOfPage\":{\"@id\":\"https:\\\/\\\/redfoxlotto.com\\\/no\\\/spille\\\/euromillions-eu\\\/#primaryimage\"},\"image\":{\"@id\":\"https:\\\/\\\/redfoxlotto.com\\\/no\\\/spille\\\/euromillions-eu\\\/#primaryimage\"},\"thumbnailUrl\":\"https:\\\/\\\/redfoxlotto.com\\\/wp-content\\\/uploads\\\/2024\\\/03\\\/Balls-300x300.png\",\"datePublished\":\"2025-05-19T09:07:38+00:00\",\"dateModified\":\"2025-12-17T06:54:00+00:00\",\"description\":\"Slik spiller du Euromillions online fra utenfor EU, eller hvis landet ditt ikke deltar i Euromillions\",\"breadcrumb\":{\"@id\":\"https:\\\/\\\/redfoxlotto.com\\\/no\\\/spille\\\/euromillions-eu\\\/#breadcrumb\"},\"inLanguage\":\"nb-NO\",\"potentialAction\":[{\"@type\":\"ReadAction\",\"target\":[\"https:\\\/\\\/redfoxlotto.com\\\/no\\\/spille\\\/euromillions-eu\\\/\"]}]},{\"@type\":\"ImageObject\",\"inLanguage\":\"nb-NO\",\"@id\":\"https:\\\/\\\/redfoxlotto.com\\\/no\\\/spille\\\/euromillions-eu\\\/#primaryimage\",\"url\":\"https:\\\/\\\/redfoxlotto.com\\\/wp-content\\\/uploads\\\/2024\\\/03\\\/Balls-300x300.png\",\"contentUrl\":\"https:\\\/\\\/redfoxlotto.com\\\/wp-content\\\/uploads\\\/2024\\\/03\\\/Balls-300x300.png\"},{\"@type\":\"BreadcrumbList\",\"@id\":\"https:\\\/\\\/redfoxlotto.com\\\/no\\\/spille\\\/euromillions-eu\\\/#breadcrumb\",\"itemListElement\":[{\"@type\":\"ListItem\",\"position\":1,\"name\":\"Home\",\"item\":\"https:\\\/\\\/redfoxlotto.com\\\/no\\\/\"},{\"@type\":\"ListItem\",\"position\":2,\"name\":\"Hvordan spille lotterier i andre land\",\"item\":\"https:\\\/\\\/redfoxlotto.com\\\/no\\\/spille\\\/\"},{\"@type\":\"ListItem\",\"position\":3,\"name\":\"Spill Euromillions EU\"}]},{\"@type\":\"WebSite\",\"@id\":\"https:\\\/\\\/redfoxlotto.com\\\/no\\\/#website\",\"url\":\"https:\\\/\\\/redfoxlotto.com\\\/no\\\/\",\"name\":\"Get Tickets for the World\u2019s largest jackpots\",\"description\":\"Participate in worldwide lottery jackpots from any country\",\"publisher\":{\"@id\":\"https:\\\/\\\/redfoxlotto.com\\\/no\\\/#organization\"},\"potentialAction\":[{\"@type\":\"SearchAction\",\"target\":{\"@type\":\"EntryPoint\",\"urlTemplate\":\"https:\\\/\\\/redfoxlotto.com\\\/no\\\/?s={search_term_string}\"},\"query-input\":{\"@type\":\"PropertyValueSpecification\",\"valueRequired\":true,\"valueName\":\"search_term_string\"}}],\"inLanguage\":\"nb-NO\"},{\"@type\":\"Organization\",\"@id\":\"https:\\\/\\\/redfoxlotto.com\\\/no\\\/#organization\",\"name\":\"Get Tickets for the World\u2019s largest jackpots\",\"url\":\"https:\\\/\\\/redfoxlotto.com\\\/no\\\/\",\"logo\":{\"@type\":\"ImageObject\",\"inLanguage\":\"nb-NO\",\"@id\":\"https:\\\/\\\/redfoxlotto.com\\\/no\\\/#\\\/schema\\\/logo\\\/image\\\/\",\"url\":\"https:\\\/\\\/redfoxlotto.com\\\/wp-content\\\/uploads\\\/2023\\\/04\\\/logo.png\",\"contentUrl\":\"https:\\\/\\\/redfoxlotto.com\\\/wp-content\\\/uploads\\\/2023\\\/04\\\/logo.png\",\"width\":269,\"height\":53,\"caption\":\"Get Tickets for the World\u2019s largest jackpots\"},\"image\":{\"@id\":\"https:\\\/\\\/redfoxlotto.com\\\/no\\\/#\\\/schema\\\/logo\\\/image\\\/\"}}]}<\/script>\n<!-- \/ Yoast SEO plugin. -->","yoast_head_json":{"title":"Spill Euromillions online fra land utenfor EU","description":"Slik spiller du Euromillions online fra utenfor EU, eller hvis landet ditt ikke deltar i Euromillions","robots":{"index":"index","follow":"follow","max-snippet":"max-snippet:-1","max-image-preview":"max-image-preview:large","max-video-preview":"max-video-preview:-1"},"canonical":"https:\/\/redfoxlotto.com\/no\/spille\/euromillions-eu\/","og_locale":"nb_NO","og_type":"article","og_title":"Spill Euromillions online fra land utenfor EU","og_description":"Slik spiller du Euromillions online fra utenfor EU, eller hvis landet ditt ikke deltar i Euromillions","og_url":"https:\/\/redfoxlotto.com\/no\/spille\/euromillions-eu\/","og_site_name":"Get Tickets for the World\u2019s largest jackpots","article_modified_time":"2025-12-17T06:54:00+00:00","og_image":[{"url":"https:\/\/redfoxlotto.com\/wp-content\/uploads\/2024\/03\/Balls-300x300.png","type":"","width":"","height":""}],"twitter_card":"summary_large_image","twitter_misc":{"Ansl. lesetid":"3 minutter"},"schema":{"@context":"https:\/\/schema.org","@graph":[{"@type":"WebPage","@id":"https:\/\/redfoxlotto.com\/no\/spille\/euromillions-eu\/","url":"https:\/\/redfoxlotto.com\/no\/spille\/euromillions-eu\/","name":"Spill Euromillions online fra land utenfor EU","isPartOf":{"@id":"https:\/\/redfoxlotto.com\/no\/#website"},"primaryImageOfPage":{"@id":"https:\/\/redfoxlotto.com\/no\/spille\/euromillions-eu\/#primaryimage"},"image":{"@id":"https:\/\/redfoxlotto.com\/no\/spille\/euromillions-eu\/#primaryimage"},"thumbnailUrl":"https:\/\/redfoxlotto.com\/wp-content\/uploads\/2024\/03\/Balls-300x300.png","datePublished":"2025-05-19T09:07:38+00:00","dateModified":"2025-12-17T06:54:00+00:00","description":"Slik spiller du Euromillions online fra utenfor EU, eller hvis landet ditt ikke deltar i Euromillions","breadcrumb":{"@id":"https:\/\/redfoxlotto.com\/no\/spille\/euromillions-eu\/#breadcrumb"},"inLanguage":"nb-NO","potentialAction":[{"@type":"ReadAction","target":["https:\/\/redfoxlotto.com\/no\/spille\/euromillions-eu\/"]}]},{"@type":"ImageObject","inLanguage":"nb-NO","@id":"https:\/\/redfoxlotto.com\/no\/spille\/euromillions-eu\/#primaryimage","url":"https:\/\/redfoxlotto.com\/wp-content\/uploads\/2024\/03\/Balls-300x300.png","contentUrl":"https:\/\/redfoxlotto.com\/wp-content\/uploads\/2024\/03\/Balls-300x300.png"},{"@type":"BreadcrumbList","@id":"https:\/\/redfoxlotto.com\/no\/spille\/euromillions-eu\/#breadcrumb","itemListElement":[{"@type":"ListItem","position":1,"name":"Home","item":"https:\/\/redfoxlotto.com\/no\/"},{"@type":"ListItem","position":2,"name":"Hvordan spille lotterier i andre land","item":"https:\/\/redfoxlotto.com\/no\/spille\/"},{"@type":"ListItem","position":3,"name":"Spill Euromillions EU"}]},{"@type":"WebSite","@id":"https:\/\/redfoxlotto.com\/no\/#website","url":"https:\/\/redfoxlotto.com\/no\/","name":"Get Tickets for the World\u2019s largest jackpots","description":"Participate in worldwide lottery jackpots from any country","publisher":{"@id":"https:\/\/redfoxlotto.com\/no\/#organization"},"potentialAction":[{"@type":"SearchAction","target":{"@type":"EntryPoint","urlTemplate":"https:\/\/redfoxlotto.com\/no\/?s={search_term_string}"},"query-input":{"@type":"PropertyValueSpecification","valueRequired":true,"valueName":"search_term_string"}}],"inLanguage":"nb-NO"},{"@type":"Organization","@id":"https:\/\/redfoxlotto.com\/no\/#organization","name":"Get Tickets for the World\u2019s largest jackpots","url":"https:\/\/redfoxlotto.com\/no\/","logo":{"@type":"ImageObject","inLanguage":"nb-NO","@id":"https:\/\/redfoxlotto.com\/no\/#\/schema\/logo\/image\/","url":"https:\/\/redfoxlotto.com\/wp-content\/uploads\/2023\/04\/logo.png","contentUrl":"https:\/\/redfoxlotto.com\/wp-content\/uploads\/2023\/04\/logo.png","width":269,"height":53,"caption":"Get Tickets for the World\u2019s largest jackpots"},"image":{"@id":"https:\/\/redfoxlotto.com\/no\/#\/schema\/logo\/image\/"}}]}},"_links":{"self":[{"href":"https:\/\/redfoxlotto.com\/no\/wp-json\/wp\/v2\/pages\/87602","targetHints":{"allow":["GET"]}}],"collection":[{"href":"https:\/\/redfoxlotto.com\/no\/wp-json\/wp\/v2\/pages"}],"about":[{"href":"https:\/\/redfoxlotto.com\/no\/wp-json\/wp\/v2\/types\/page"}],"author":[{"embeddable":true,"href":"https:\/\/redfoxlotto.com\/no\/wp-json\/wp\/v2\/users\/8"}],"replies":[{"embeddable":true,"href":"https:\/\/redfoxlotto.com\/no\/wp-json\/wp\/v2\/comments?post=87602"}],"version-history":[{"count":0,"href":"https:\/\/redfoxlotto.com\/no\/wp-json\/wp\/v2\/pages\/87602\/revisions"}],"up":[{"embeddable":true,"href":"https:\/\/redfoxlotto.com\/no\/wp-json\/wp\/v2\/pages\/60108"}],"wp:attachment":[{"href":"https:\/\/redfoxlotto.com\/no\/wp-json\/wp\/v2\/media?parent=87602"}],"curies":[{"name":"wp","href":"https:\/\/api.w.org\/{rel}","templated":true}]}}