{"id":85561,"date":"2025-02-25T17:29:04","date_gmt":"2025-02-25T17:29:04","guid":{"rendered":"https:\/\/redfoxlotto.com\/?page_id=85561"},"modified":"2025-04-21T07:52:44","modified_gmt":"2025-04-21T07:52:44","slug":"new-york-lottery-resultater","status":"publish","type":"page","link":"https:\/\/redfoxlotto.com\/no\/resultater\/new-york-lottery-resultater\/","title":{"rendered":"New York Lottery Resultater"},"content":{"rendered":"<h2>\ud83d\uddfdDe siste resultatene fra New York Lottery-tegningen.<\/h2>\n<p><img loading=\"lazy\" decoding=\"async\" class=\"size-full wp-image-48546 alignright\" src=\"https:\/\/redfoxlotto.com\/wp-content\/uploads\/2023\/04\/powerball-draw-youtube1-300x300-1.jpg\" alt=\"newyork lotto \" width=\"300\" height=\"300\" srcset=\"https:\/\/redfoxlotto.com\/wp-content\/uploads\/2023\/04\/powerball-draw-youtube1-300x300-1.jpg 300w, https:\/\/redfoxlotto.com\/wp-content\/uploads\/2023\/04\/powerball-draw-youtube1-300x300-1-100x100.jpg 100w, https:\/\/redfoxlotto.com\/wp-content\/uploads\/2023\/04\/powerball-draw-youtube1-300x300-1-150x150.jpg 150w\" sizes=\"auto, (max-width: 300px) 100vw, 300px\" \/><br \/>\nLotterispillere som er interessert i de nyeste resultatene fra New York Lottery kan dra nytte av RedFoxLottos plattform, som ikke bare er omfattende, men ogs\u00e5 enkel \u00e5 bruke. For \u00e5 sikre at du alltid er oppdatert med den nyeste informasjonen, gir RedFoxLotto deg den nyeste informasjonen, uavhengig av om du ser p\u00e5 den siste trekningen eller p\u00e5 tallkombinasjoner som har vunnet tidligere.<\/p>\n<h2>\ud83d\udd0dGj\u00f8r det mulig \u00e5 f\u00e5 tilgang til de nyeste funnene<\/h2>\n<p>Nettstedet RedFoxLotto er ansvarlig for \u00e5 vedlikeholde en side som utelukkende er viet til resultatene av New York Lottery. Brukerne vil kunne bruke denne siden til \u00e5 hente vinnertallene fra de siste trekningene som er gjennomf\u00f8rt. Dette sikrer at spillerne har tilgang til all relevant informasjon ved \u00e5 gi dem grundig informasjon om en rekke spill ved \u00e5 gi dem denne informasjonen.<\/p>\n<h2>Produktets egenskaper og fordeler<\/h2>\n<h3>Komplette samlinger av arkiver:<\/h3>\n<p>Brukere av RedFoxLotto f\u00e5r tilgang til et arkiv med tidligere vinnertall, i tillegg til de nyeste resultatene av lotteriet. Brukerne kan unders\u00f8ke m\u00f8nstre eller sjekke utfallet av tidligere vinnertall ved hjelp av dette arkivet.<\/p>\n<p>Spillere fra hele verden kan delta i New York Lottery ved \u00e5 benytte seg av plattformen som RedFoxLotto.com tilbyr. Denne tilgjengeligheten gj\u00f8r det mulig for spillere fra hele verden \u00e5 delta. Med dette er det mye enklere for personer fra andre nasjoner \u00e5 delta i lotterier som avholdes i USA.<\/p>\n<p>RedFoxLottos sikre transaksjoner s\u00f8rger for trygghet og sikkerhet for alle finansielle transaksjoner, slik at brukerne kan kj\u00f8pe lodd p\u00e5 nettet uten noen som helst bekymringer. Dette har gjort det mulig for brukere \u00e5 kj\u00f8pe lodd p\u00e5 nettet.<\/p>\n<h3>Varsler som genereres automatisk:<\/h3>\n<p>I tilfelle en bruker lykkes, vil de bli varslet umiddelbart, noe som reduserer kravet til at en person manuelt m\u00e5 verifisere resultatene.<\/p>\n<h2>\u00c5 starte opp: En trinn-for-trinn-guide<\/h2>\n<p>Forutsatt at du bes\u00f8ker nettstedet, ta deg til New York Lottery-siden p\u00e5 RedFoxLotto ved \u00e5 f\u00f8lge lenken som er gitt. https:\/\/redfoxlotto.com\/results\/new-york-lottery\/<\/p>\n<p>For \u00e5 opprette en brukerkonto, ved \u00e5 registrere deg, vil du kunne f\u00e5 tilgang til alle tjenestene, inkludert mulighetene til \u00e5 kj\u00f8pe billetter og motta varsler om resultatene.<\/p>\n<p>For \u00e5 kj\u00f8pe billetter til kommende trekninger, du kan enten velge dine foretrukne tall eller bruke hurtigvalgalternativet. I tillegg, du har muligheten til \u00e5 velge hurtigvalgalternativet.<\/p>\n<p>Etter at trekningen er gjennomf\u00f8rt, b\u00f8r du g\u00e5 tilbake til nettstedet for \u00e5 bekrefte de nyeste vinnertallene og avgj\u00f8re om du er en vinner eller ikke.<\/p>\n<p>RedFoxLotto tilbyr en p\u00e5litelig og effektiv m\u00e5te \u00e5 holde oversikt over de siste resultatene og administrere dine handlinger i forbindelse med lotteriet, noe som gj\u00f8r det enklere \u00e5 delta i New York Lottery.<\/p>\n","protected":false},"excerpt":{"rendered":"<p>\ud83d\uddfdDe siste resultatene fra New York Lottery-tegningen. Lotterispillere som er interessert i de nyeste resultatene fra New York Lottery kan dra nytte av RedFoxLottos plattform, som ikke bare er omfattende, men ogs\u00e5 enkel \u00e5 bruke. For \u00e5 sikre at du alltid er oppdatert med den nyeste informasjonen, gir RedFoxLotto deg den nyeste informasjonen, uavhengig av [&hellip;]<\/p>\n","protected":false},"author":8,"featured_media":0,"parent":60582,"menu_order":18,"comment_status":"closed","ping_status":"closed","template":"newyork-results.php","meta":{"_et_pb_use_builder":"","_et_pb_old_content":"","_et_gb_content_width":"","exclude_from_search":false,"footnotes":""},"class_list":["post-85561","page","type-page","status-publish","hentry"],"yoast_head":"<!-- This site is optimized with the Yoast SEO plugin v23.8 - https:\/\/yoast.com\/wordpress\/plugins\/seo\/ -->\n<title>New York Lottery vinnertall | G\u00e5rsdagens New York Lottery-resultater<\/title>\n<meta name=\"description\" content=\"Hvis du leter etter g\u00e5rsdagens New York Lottery-vinnertall, eller eldre resultater, finner du dem alle p\u00e5 nettstedet v\u00e5rt\" \/>\n<meta name=\"robots\" content=\"index, follow, max-snippet:-1, max-image-preview:large, max-video-preview:-1\" \/>\n<link rel=\"canonical\" href=\"https:\/\/redfoxlotto.com\/no\/resultater\/new-york-lottery-resultater\/\" \/>\n<meta property=\"og:locale\" content=\"nb_NO\" \/>\n<meta property=\"og:type\" content=\"article\" \/>\n<meta property=\"og:title\" content=\"New York Lottery vinnertall | G\u00e5rsdagens New York Lottery-resultater\" \/>\n<meta property=\"og:description\" content=\"Hvis du leter etter g\u00e5rsdagens New York Lottery-vinnertall, eller eldre resultater, finner du dem alle p\u00e5 nettstedet v\u00e5rt\" \/>\n<meta property=\"og:url\" content=\"https:\/\/redfoxlotto.com\/no\/resultater\/new-york-lottery-resultater\/\" \/>\n<meta property=\"og:site_name\" content=\"Get Tickets for the World\u2019s largest jackpots\" \/>\n<meta property=\"article:modified_time\" content=\"2025-04-21T07:52:44+00:00\" \/>\n<meta property=\"og:image\" content=\"https:\/\/redfoxlotto.com\/wp-content\/uploads\/2023\/04\/powerball-draw-youtube1-300x300-1.jpg\" \/>\n<meta name=\"twitter:card\" content=\"summary_large_image\" \/>\n<meta name=\"twitter:label1\" content=\"Ansl. lesetid\" \/>\n\t<meta name=\"twitter:data1\" content=\"3 minutter\" \/>\n<script type=\"application\/ld+json\" class=\"yoast-schema-graph\">{\"@context\":\"https:\/\/schema.org\",\"@graph\":[{\"@type\":\"WebPage\",\"@id\":\"https:\/\/redfoxlotto.com\/no\/resultater\/new-york-lottery-resultater\/\",\"url\":\"https:\/\/redfoxlotto.com\/no\/resultater\/new-york-lottery-resultater\/\",\"name\":\"New York Lottery vinnertall | G\u00e5rsdagens New York Lottery-resultater\",\"isPartOf\":{\"@id\":\"https:\/\/redfoxlotto.com\/no\/#website\"},\"primaryImageOfPage\":{\"@id\":\"https:\/\/redfoxlotto.com\/no\/resultater\/new-york-lottery-resultater\/#primaryimage\"},\"image\":{\"@id\":\"https:\/\/redfoxlotto.com\/no\/resultater\/new-york-lottery-resultater\/#primaryimage\"},\"thumbnailUrl\":\"https:\/\/redfoxlotto.com\/wp-content\/uploads\/2023\/04\/powerball-draw-youtube1-300x300-1.jpg\",\"datePublished\":\"2025-02-25T17:29:04+00:00\",\"dateModified\":\"2025-04-21T07:52:44+00:00\",\"description\":\"Hvis du leter etter g\u00e5rsdagens New York Lottery-vinnertall, eller eldre resultater, finner du dem alle p\u00e5 nettstedet v\u00e5rt\",\"breadcrumb\":{\"@id\":\"https:\/\/redfoxlotto.com\/no\/resultater\/new-york-lottery-resultater\/#breadcrumb\"},\"inLanguage\":\"nb-NO\",\"potentialAction\":[{\"@type\":\"ReadAction\",\"target\":[\"https:\/\/redfoxlotto.com\/no\/resultater\/new-york-lottery-resultater\/\"]}]},{\"@type\":\"ImageObject\",\"inLanguage\":\"nb-NO\",\"@id\":\"https:\/\/redfoxlotto.com\/no\/resultater\/new-york-lottery-resultater\/#primaryimage\",\"url\":\"https:\/\/redfoxlotto.com\/wp-content\/uploads\/2023\/04\/powerball-draw-youtube1-300x300-1.jpg\",\"contentUrl\":\"https:\/\/redfoxlotto.com\/wp-content\/uploads\/2023\/04\/powerball-draw-youtube1-300x300-1.jpg\"},{\"@type\":\"BreadcrumbList\",\"@id\":\"https:\/\/redfoxlotto.com\/no\/resultater\/new-york-lottery-resultater\/#breadcrumb\",\"itemListElement\":[{\"@type\":\"ListItem\",\"position\":1,\"name\":\"Home\",\"item\":\"https:\/\/redfoxlotto.com\/no\/\"},{\"@type\":\"ListItem\",\"position\":2,\"name\":\"Internasjonale lotteriresultater\",\"item\":\"https:\/\/redfoxlotto.com\/no\/resultater\/\"},{\"@type\":\"ListItem\",\"position\":3,\"name\":\"New York Lottery Resultater\"}]},{\"@type\":\"WebSite\",\"@id\":\"https:\/\/redfoxlotto.com\/no\/#website\",\"url\":\"https:\/\/redfoxlotto.com\/no\/\",\"name\":\"Get Tickets for the World\u2019s largest jackpots\",\"description\":\"Participate in worldwide lottery jackpots from any country\",\"publisher\":{\"@id\":\"https:\/\/redfoxlotto.com\/no\/#organization\"},\"potentialAction\":[{\"@type\":\"SearchAction\",\"target\":{\"@type\":\"EntryPoint\",\"urlTemplate\":\"https:\/\/redfoxlotto.com\/no\/?s={search_term_string}\"},\"query-input\":{\"@type\":\"PropertyValueSpecification\",\"valueRequired\":true,\"valueName\":\"search_term_string\"}}],\"inLanguage\":\"nb-NO\"},{\"@type\":\"Organization\",\"@id\":\"https:\/\/redfoxlotto.com\/no\/#organization\",\"name\":\"Get Tickets for the World\u2019s largest jackpots\",\"url\":\"https:\/\/redfoxlotto.com\/no\/\",\"logo\":{\"@type\":\"ImageObject\",\"inLanguage\":\"nb-NO\",\"@id\":\"https:\/\/redfoxlotto.com\/no\/#\/schema\/logo\/image\/\",\"url\":\"https:\/\/redfoxlotto.com\/wp-content\/uploads\/2023\/04\/logo.png\",\"contentUrl\":\"https:\/\/redfoxlotto.com\/wp-content\/uploads\/2023\/04\/logo.png\",\"width\":269,\"height\":53,\"caption\":\"Get Tickets for the World\u2019s largest jackpots\"},\"image\":{\"@id\":\"https:\/\/redfoxlotto.com\/no\/#\/schema\/logo\/image\/\"}}]}<\/script>\n<!-- \/ Yoast SEO plugin. -->","yoast_head_json":{"title":"New York Lottery vinnertall | G\u00e5rsdagens New York Lottery-resultater","description":"Hvis du leter etter g\u00e5rsdagens New York Lottery-vinnertall, eller eldre resultater, finner du dem alle p\u00e5 nettstedet v\u00e5rt","robots":{"index":"index","follow":"follow","max-snippet":"max-snippet:-1","max-image-preview":"max-image-preview:large","max-video-preview":"max-video-preview:-1"},"canonical":"https:\/\/redfoxlotto.com\/no\/resultater\/new-york-lottery-resultater\/","og_locale":"nb_NO","og_type":"article","og_title":"New York Lottery vinnertall | G\u00e5rsdagens New York Lottery-resultater","og_description":"Hvis du leter etter g\u00e5rsdagens New York Lottery-vinnertall, eller eldre resultater, finner du dem alle p\u00e5 nettstedet v\u00e5rt","og_url":"https:\/\/redfoxlotto.com\/no\/resultater\/new-york-lottery-resultater\/","og_site_name":"Get Tickets for the World\u2019s largest jackpots","article_modified_time":"2025-04-21T07:52:44+00:00","og_image":[{"url":"https:\/\/redfoxlotto.com\/wp-content\/uploads\/2023\/04\/powerball-draw-youtube1-300x300-1.jpg"}],"twitter_card":"summary_large_image","twitter_misc":{"Ansl. lesetid":"3 minutter"},"schema":{"@context":"https:\/\/schema.org","@graph":[{"@type":"WebPage","@id":"https:\/\/redfoxlotto.com\/no\/resultater\/new-york-lottery-resultater\/","url":"https:\/\/redfoxlotto.com\/no\/resultater\/new-york-lottery-resultater\/","name":"New York Lottery vinnertall | G\u00e5rsdagens New York Lottery-resultater","isPartOf":{"@id":"https:\/\/redfoxlotto.com\/no\/#website"},"primaryImageOfPage":{"@id":"https:\/\/redfoxlotto.com\/no\/resultater\/new-york-lottery-resultater\/#primaryimage"},"image":{"@id":"https:\/\/redfoxlotto.com\/no\/resultater\/new-york-lottery-resultater\/#primaryimage"},"thumbnailUrl":"https:\/\/redfoxlotto.com\/wp-content\/uploads\/2023\/04\/powerball-draw-youtube1-300x300-1.jpg","datePublished":"2025-02-25T17:29:04+00:00","dateModified":"2025-04-21T07:52:44+00:00","description":"Hvis du leter etter g\u00e5rsdagens New York Lottery-vinnertall, eller eldre resultater, finner du dem alle p\u00e5 nettstedet v\u00e5rt","breadcrumb":{"@id":"https:\/\/redfoxlotto.com\/no\/resultater\/new-york-lottery-resultater\/#breadcrumb"},"inLanguage":"nb-NO","potentialAction":[{"@type":"ReadAction","target":["https:\/\/redfoxlotto.com\/no\/resultater\/new-york-lottery-resultater\/"]}]},{"@type":"ImageObject","inLanguage":"nb-NO","@id":"https:\/\/redfoxlotto.com\/no\/resultater\/new-york-lottery-resultater\/#primaryimage","url":"https:\/\/redfoxlotto.com\/wp-content\/uploads\/2023\/04\/powerball-draw-youtube1-300x300-1.jpg","contentUrl":"https:\/\/redfoxlotto.com\/wp-content\/uploads\/2023\/04\/powerball-draw-youtube1-300x300-1.jpg"},{"@type":"BreadcrumbList","@id":"https:\/\/redfoxlotto.com\/no\/resultater\/new-york-lottery-resultater\/#breadcrumb","itemListElement":[{"@type":"ListItem","position":1,"name":"Home","item":"https:\/\/redfoxlotto.com\/no\/"},{"@type":"ListItem","position":2,"name":"Internasjonale lotteriresultater","item":"https:\/\/redfoxlotto.com\/no\/resultater\/"},{"@type":"ListItem","position":3,"name":"New York Lottery Resultater"}]},{"@type":"WebSite","@id":"https:\/\/redfoxlotto.com\/no\/#website","url":"https:\/\/redfoxlotto.com\/no\/","name":"Get Tickets for the World\u2019s largest jackpots","description":"Participate in worldwide lottery jackpots from any country","publisher":{"@id":"https:\/\/redfoxlotto.com\/no\/#organization"},"potentialAction":[{"@type":"SearchAction","target":{"@type":"EntryPoint","urlTemplate":"https:\/\/redfoxlotto.com\/no\/?s={search_term_string}"},"query-input":{"@type":"PropertyValueSpecification","valueRequired":true,"valueName":"search_term_string"}}],"inLanguage":"nb-NO"},{"@type":"Organization","@id":"https:\/\/redfoxlotto.com\/no\/#organization","name":"Get Tickets for the World\u2019s largest jackpots","url":"https:\/\/redfoxlotto.com\/no\/","logo":{"@type":"ImageObject","inLanguage":"nb-NO","@id":"https:\/\/redfoxlotto.com\/no\/#\/schema\/logo\/image\/","url":"https:\/\/redfoxlotto.com\/wp-content\/uploads\/2023\/04\/logo.png","contentUrl":"https:\/\/redfoxlotto.com\/wp-content\/uploads\/2023\/04\/logo.png","width":269,"height":53,"caption":"Get Tickets for the World\u2019s largest jackpots"},"image":{"@id":"https:\/\/redfoxlotto.com\/no\/#\/schema\/logo\/image\/"}}]}},"_links":{"self":[{"href":"https:\/\/redfoxlotto.com\/no\/wp-json\/wp\/v2\/pages\/85561","targetHints":{"allow":["GET"]}}],"collection":[{"href":"https:\/\/redfoxlotto.com\/no\/wp-json\/wp\/v2\/pages"}],"about":[{"href":"https:\/\/redfoxlotto.com\/no\/wp-json\/wp\/v2\/types\/page"}],"author":[{"embeddable":true,"href":"https:\/\/redfoxlotto.com\/no\/wp-json\/wp\/v2\/users\/8"}],"replies":[{"embeddable":true,"href":"https:\/\/redfoxlotto.com\/no\/wp-json\/wp\/v2\/comments?post=85561"}],"version-history":[{"count":0,"href":"https:\/\/redfoxlotto.com\/no\/wp-json\/wp\/v2\/pages\/85561\/revisions"}],"up":[{"embeddable":true,"href":"https:\/\/redfoxlotto.com\/no\/wp-json\/wp\/v2\/pages\/60582"}],"wp:attachment":[{"href":"https:\/\/redfoxlotto.com\/no\/wp-json\/wp\/v2\/media?parent=85561"}],"curies":[{"name":"wp","href":"https:\/\/api.w.org\/{rel}","templated":true}]}}