{"id":85497,"date":"2025-02-25T17:25:31","date_gmt":"2025-02-25T17:25:31","guid":{"rendered":"https:\/\/redfoxlotto.com\/?page_id=85497"},"modified":"2025-04-21T06:52:41","modified_gmt":"2025-04-21T06:52:41","slug":"om-new-york-lottery","status":"publish","type":"page","link":"https:\/\/redfoxlotto.com\/no\/lotterier\/om-new-york-lottery\/","title":{"rendered":"Om New York Lottery"},"content":{"rendered":"<h2>Hvordan kj\u00f8pe lodd til New York Lottery<\/h2>\n<p>En guide til kj\u00f8p av lodd til New York Lottery p\u00e5 RedFoxLotto:<\/p>\n<p>N\u00e5r du spiller New York Lottery, har du noen gang fantasert om \u00e5 vinne en jackpot som kan forandre livet ditt fullstendig? Det har aldri v\u00e6rt enklere \u00e5 delta i internasjonale lotterier, som New York Lotto, enn det er med RedFoxLotto, selv om du befinner deg utenfor USA.<\/p>\n<p>I l\u00f8pet av dette innlegget vil vi veilede deg gjennom prosessen med \u00e5 kj\u00f8pe New York Lottery-lodd fra RedFoxLotto i noen f\u00e5 enkle trinn.<\/p>\n<h2>RedFoxLotto: Hva er det?<\/h2>\n<p>Du kan delta i store internasjonale lotterier med RedFoxLotto, som er en anerkjent online lotteritjeneste. Disse lotteriene inkluderer Powerball, Mega Millions, EuroMillions, og selvf\u00f8lgelig New York Lotto. De fungerer som en billettbudtjeneste, noe som betyr at de kj\u00f8per en ekte kupong p\u00e5 dine vegne og deretter skanner den inn p\u00e5 din angitte nettkonto.<\/p>\n<h3>RedFoxLotto: En trinnvis guide til kj\u00f8p av kuponger til New York Lottery-programmet<\/h3>\n<p>1. Registrer deg. G\u00e5 til RedFoxLotto.com for \u00e5 komme i gang med registreringsprosessen. Skriv inn grunnleggende informasjon, som navn, e-postadresse og hvilket land du bor i, ved \u00e5 klikke p\u00e5 \u00abRegistrer deg\u00bb-knappen.<\/p>\n<p>2. Bekreft at kontoen din er legitim.<\/p>\n<p>Du finner en bekreftelseslenke i innboksen din n\u00e5r du har fullf\u00f8rt registreringsprosessen. Du kan bekrefte kontoen din ved \u00e5 klikke p\u00e5 den. Til tross for at dette er et enkelt steg, er det viktig for b\u00e5de sikkerhet og potensielle fremtidige gevinster.<\/p>\n<p>3. Unders\u00f8k lotteriene<\/p>\n<p>Etter at du har registrert deg, kan du navigere til hjemmesiden og s\u00f8ke etter New York Lotto blant listen over tilgjengelige lotterier. Ved \u00e5 klikke p\u00e5 den kan du finne ut mer om neste trekning, st\u00f8rrelsen p\u00e5 jackpotten og hva loddene koster.<\/p>\n<p>4. Gj\u00f8r tallvalgene dine<\/p>\n<p>Din oppgave blir \u00e5 velge seks tall fra ett til seksti-ni. Du kan velge dem manuelt, eller du kan bruke Quick Pick-alternativet for \u00e5 f\u00e5 RedFoxLotto til \u00e5 generere tilfeldige tall fra bunnen av for deg.<\/p>\n<h2>Legg i handlekurven og fortsett \u00e5 betale<\/h2>\n<p>S\u00e5 snart du har valgt tallene dine, legger du kupongen din i handlekurven. Deretter g\u00e5r du inn i kassen. Flere betalingsalternativer st\u00f8ttes av RedFoxLotto, inkludert f\u00f8lgende:<\/p>\n<ul>\n<li>Kort for kreditt og debet<\/li>\n<li>Bankoverf\u00f8ring<\/li>\n<li>Elektroniske lommeb\u00f8ker som Skrill<\/li>\n<li>I noen omr\u00e5der er kryptovaluta mye brukt.<\/li>\n<\/ul>\n<h2>Bekreftelse og billettskanner<\/h2>\n<p>Umiddelbart etter at pengene dine er behandlet, vil RedFoxLotto sende en av sine lokale agenter i USA for \u00e5 kj\u00f8pe en ekte New York Lotto-kupong med tallene du har valgt. For \u00e5 bevise kj\u00f8pet, vil en skanning av kupongen din bli lagt ut p\u00e5 kontoen din.<\/p>\n<h2>Hva skjer hvis du vinner?<\/h2>\n<h3>Hvis tallene du skrev inn vinner en premie:<\/h3>\n<p>RedFoxLotto-kontoen din vil umiddelbart bli kreditert med eventuelle vinnere som er mindre til moderate i st\u00f8rrelse. N\u00e5r du har vunnet en stor jackpot, vil RedFoxLotto-teamet veilede deg gjennom trinnene som er n\u00f8dvendige for \u00e5 kreve premien din. Det kan v\u00e6re n\u00f8dvendig \u00e5 reise til USA, avhengig av bel\u00f8pet og reglene i den aktuelle staten.<\/p>\n<h2>Hva er loven?<\/h2>\n<p>Ja, det er det. RedFoxLotto er ikke en lotterileverand\u00f8r, men administrerer distribusjonen av lodd. Du kj\u00f8per et ekte fysisk lodd gjennom en autorisert agent, noe som sikrer at alt er lovlig og gjennomsiktig, selv om du spiller fra en annen nasjon.<\/p>\n<h2>Avsluttende bemerkninger<\/h2>\n<p>Det er ikke lenger en \u00f8nskedr\u00f8m \u00e5 kunne kj\u00f8pe lodd til New York Lottery fra hvor som helst i verden. Det er gjort enkelt, sikkert og tilgjengelig gjennom bruk av RedFoxLotto. Du kan v\u00e6re med i kampen om millioner av dollar med bare noen f\u00e5 klikk, og du trenger ikke engang \u00e5 g\u00e5 ut av bilen for \u00e5 dra til New York.<\/p>\n<p>Hvorfor skal vi da vente? Registrer deg med en gang, velg lykketallene dine, og gj\u00f8r deg klar til \u00e5 g\u00e5 etter jackpotten!<\/p>\n","protected":false},"excerpt":{"rendered":"<p>Hvordan kj\u00f8pe lodd til New York Lottery En guide til kj\u00f8p av lodd til New York Lottery p\u00e5 RedFoxLotto: N\u00e5r du spiller New York Lottery, har du noen gang fantasert om \u00e5 vinne en jackpot som kan forandre livet ditt fullstendig? Det har aldri v\u00e6rt enklere \u00e5 delta i internasjonale lotterier, som New York Lotto, [&hellip;]<\/p>\n","protected":false},"author":8,"featured_media":0,"parent":60261,"menu_order":18,"comment_status":"closed","ping_status":"closed","template":"newyork-info.php","meta":{"_et_pb_use_builder":"","_et_pb_old_content":"","_et_gb_content_width":"","exclude_from_search":false,"footnotes":""},"class_list":["post-85497","page","type-page","status-publish","hentry"],"yoast_head":"<!-- This site is optimized with the Yoast SEO plugin v23.8 - https:\/\/yoast.com\/wordpress\/plugins\/seo\/ -->\n<title>Hvordan kj\u00f8pe New York Lottery-lodd p\u00e5 nettet fra Norge<\/title>\n<meta name=\"description\" content=\"Kj\u00f8p lodd til New York Lottery her - selv fra Storbritannia kan du delta i New York Lotto p\u00e5 nettet og f\u00e5 et skannet lodd i l\u00f8pet av f\u00e5 minutter.\" \/>\n<meta name=\"robots\" content=\"index, follow, max-snippet:-1, max-image-preview:large, max-video-preview:-1\" \/>\n<link rel=\"canonical\" href=\"https:\/\/redfoxlotto.com\/no\/lotterier\/om-new-york-lottery\/\" \/>\n<meta property=\"og:locale\" content=\"nb_NO\" \/>\n<meta property=\"og:type\" content=\"article\" \/>\n<meta property=\"og:title\" content=\"Hvordan kj\u00f8pe New York Lottery-lodd p\u00e5 nettet fra Norge\" \/>\n<meta property=\"og:description\" content=\"Kj\u00f8p lodd til New York Lottery her - selv fra Storbritannia kan du delta i New York Lotto p\u00e5 nettet og f\u00e5 et skannet lodd i l\u00f8pet av f\u00e5 minutter.\" \/>\n<meta property=\"og:url\" content=\"https:\/\/redfoxlotto.com\/no\/lotterier\/om-new-york-lottery\/\" \/>\n<meta property=\"og:site_name\" content=\"Get Tickets for the World\u2019s largest jackpots\" \/>\n<meta property=\"article:modified_time\" content=\"2025-04-21T06:52:41+00:00\" \/>\n<meta name=\"twitter:card\" content=\"summary_large_image\" \/>\n<meta name=\"twitter:label1\" content=\"Ansl. lesetid\" \/>\n\t<meta name=\"twitter:data1\" content=\"3 minutter\" \/>\n<script type=\"application\/ld+json\" class=\"yoast-schema-graph\">{\"@context\":\"https:\/\/schema.org\",\"@graph\":[{\"@type\":\"WebPage\",\"@id\":\"https:\/\/redfoxlotto.com\/no\/lotterier\/om-new-york-lottery\/\",\"url\":\"https:\/\/redfoxlotto.com\/no\/lotterier\/om-new-york-lottery\/\",\"name\":\"Hvordan kj\u00f8pe New York Lottery-lodd p\u00e5 nettet fra Norge\",\"isPartOf\":{\"@id\":\"https:\/\/redfoxlotto.com\/no\/#website\"},\"datePublished\":\"2025-02-25T17:25:31+00:00\",\"dateModified\":\"2025-04-21T06:52:41+00:00\",\"description\":\"Kj\u00f8p lodd til New York Lottery her - selv fra Storbritannia kan du delta i New York Lotto p\u00e5 nettet og f\u00e5 et skannet lodd i l\u00f8pet av f\u00e5 minutter.\",\"breadcrumb\":{\"@id\":\"https:\/\/redfoxlotto.com\/no\/lotterier\/om-new-york-lottery\/#breadcrumb\"},\"inLanguage\":\"nb-NO\",\"potentialAction\":[{\"@type\":\"ReadAction\",\"target\":[\"https:\/\/redfoxlotto.com\/no\/lotterier\/om-new-york-lottery\/\"]}]},{\"@type\":\"BreadcrumbList\",\"@id\":\"https:\/\/redfoxlotto.com\/no\/lotterier\/om-new-york-lottery\/#breadcrumb\",\"itemListElement\":[{\"@type\":\"ListItem\",\"position\":1,\"name\":\"Home\",\"item\":\"https:\/\/redfoxlotto.com\/no\/\"},{\"@type\":\"ListItem\",\"position\":2,\"name\":\"Hvordan kj\u00f8pe lodd p\u00e5 nettet &#8211; kj\u00f8psprosessen\",\"item\":\"https:\/\/redfoxlotto.com\/no\/lotterier\/\"},{\"@type\":\"ListItem\",\"position\":3,\"name\":\"Om New York Lottery\"}]},{\"@type\":\"WebSite\",\"@id\":\"https:\/\/redfoxlotto.com\/no\/#website\",\"url\":\"https:\/\/redfoxlotto.com\/no\/\",\"name\":\"Get Tickets for the World\u2019s largest jackpots\",\"description\":\"Participate in worldwide lottery jackpots from any country\",\"publisher\":{\"@id\":\"https:\/\/redfoxlotto.com\/no\/#organization\"},\"potentialAction\":[{\"@type\":\"SearchAction\",\"target\":{\"@type\":\"EntryPoint\",\"urlTemplate\":\"https:\/\/redfoxlotto.com\/no\/?s={search_term_string}\"},\"query-input\":{\"@type\":\"PropertyValueSpecification\",\"valueRequired\":true,\"valueName\":\"search_term_string\"}}],\"inLanguage\":\"nb-NO\"},{\"@type\":\"Organization\",\"@id\":\"https:\/\/redfoxlotto.com\/no\/#organization\",\"name\":\"Get Tickets for the World\u2019s largest jackpots\",\"url\":\"https:\/\/redfoxlotto.com\/no\/\",\"logo\":{\"@type\":\"ImageObject\",\"inLanguage\":\"nb-NO\",\"@id\":\"https:\/\/redfoxlotto.com\/no\/#\/schema\/logo\/image\/\",\"url\":\"https:\/\/redfoxlotto.com\/wp-content\/uploads\/2023\/04\/logo.png\",\"contentUrl\":\"https:\/\/redfoxlotto.com\/wp-content\/uploads\/2023\/04\/logo.png\",\"width\":269,\"height\":53,\"caption\":\"Get Tickets for the World\u2019s largest jackpots\"},\"image\":{\"@id\":\"https:\/\/redfoxlotto.com\/no\/#\/schema\/logo\/image\/\"}}]}<\/script>\n<!-- \/ Yoast SEO plugin. -->","yoast_head_json":{"title":"Hvordan kj\u00f8pe New York Lottery-lodd p\u00e5 nettet fra Norge","description":"Kj\u00f8p lodd til New York Lottery her - selv fra Storbritannia kan du delta i New York Lotto p\u00e5 nettet og f\u00e5 et skannet lodd i l\u00f8pet av f\u00e5 minutter.","robots":{"index":"index","follow":"follow","max-snippet":"max-snippet:-1","max-image-preview":"max-image-preview:large","max-video-preview":"max-video-preview:-1"},"canonical":"https:\/\/redfoxlotto.com\/no\/lotterier\/om-new-york-lottery\/","og_locale":"nb_NO","og_type":"article","og_title":"Hvordan kj\u00f8pe New York Lottery-lodd p\u00e5 nettet fra Norge","og_description":"Kj\u00f8p lodd til New York Lottery her - selv fra Storbritannia kan du delta i New York Lotto p\u00e5 nettet og f\u00e5 et skannet lodd i l\u00f8pet av f\u00e5 minutter.","og_url":"https:\/\/redfoxlotto.com\/no\/lotterier\/om-new-york-lottery\/","og_site_name":"Get Tickets for the World\u2019s largest jackpots","article_modified_time":"2025-04-21T06:52:41+00:00","twitter_card":"summary_large_image","twitter_misc":{"Ansl. lesetid":"3 minutter"},"schema":{"@context":"https:\/\/schema.org","@graph":[{"@type":"WebPage","@id":"https:\/\/redfoxlotto.com\/no\/lotterier\/om-new-york-lottery\/","url":"https:\/\/redfoxlotto.com\/no\/lotterier\/om-new-york-lottery\/","name":"Hvordan kj\u00f8pe New York Lottery-lodd p\u00e5 nettet fra Norge","isPartOf":{"@id":"https:\/\/redfoxlotto.com\/no\/#website"},"datePublished":"2025-02-25T17:25:31+00:00","dateModified":"2025-04-21T06:52:41+00:00","description":"Kj\u00f8p lodd til New York Lottery her - selv fra Storbritannia kan du delta i New York Lotto p\u00e5 nettet og f\u00e5 et skannet lodd i l\u00f8pet av f\u00e5 minutter.","breadcrumb":{"@id":"https:\/\/redfoxlotto.com\/no\/lotterier\/om-new-york-lottery\/#breadcrumb"},"inLanguage":"nb-NO","potentialAction":[{"@type":"ReadAction","target":["https:\/\/redfoxlotto.com\/no\/lotterier\/om-new-york-lottery\/"]}]},{"@type":"BreadcrumbList","@id":"https:\/\/redfoxlotto.com\/no\/lotterier\/om-new-york-lottery\/#breadcrumb","itemListElement":[{"@type":"ListItem","position":1,"name":"Home","item":"https:\/\/redfoxlotto.com\/no\/"},{"@type":"ListItem","position":2,"name":"Hvordan kj\u00f8pe lodd p\u00e5 nettet &#8211; kj\u00f8psprosessen","item":"https:\/\/redfoxlotto.com\/no\/lotterier\/"},{"@type":"ListItem","position":3,"name":"Om New York Lottery"}]},{"@type":"WebSite","@id":"https:\/\/redfoxlotto.com\/no\/#website","url":"https:\/\/redfoxlotto.com\/no\/","name":"Get Tickets for the World\u2019s largest jackpots","description":"Participate in worldwide lottery jackpots from any country","publisher":{"@id":"https:\/\/redfoxlotto.com\/no\/#organization"},"potentialAction":[{"@type":"SearchAction","target":{"@type":"EntryPoint","urlTemplate":"https:\/\/redfoxlotto.com\/no\/?s={search_term_string}"},"query-input":{"@type":"PropertyValueSpecification","valueRequired":true,"valueName":"search_term_string"}}],"inLanguage":"nb-NO"},{"@type":"Organization","@id":"https:\/\/redfoxlotto.com\/no\/#organization","name":"Get Tickets for the World\u2019s largest jackpots","url":"https:\/\/redfoxlotto.com\/no\/","logo":{"@type":"ImageObject","inLanguage":"nb-NO","@id":"https:\/\/redfoxlotto.com\/no\/#\/schema\/logo\/image\/","url":"https:\/\/redfoxlotto.com\/wp-content\/uploads\/2023\/04\/logo.png","contentUrl":"https:\/\/redfoxlotto.com\/wp-content\/uploads\/2023\/04\/logo.png","width":269,"height":53,"caption":"Get Tickets for the World\u2019s largest jackpots"},"image":{"@id":"https:\/\/redfoxlotto.com\/no\/#\/schema\/logo\/image\/"}}]}},"_links":{"self":[{"href":"https:\/\/redfoxlotto.com\/no\/wp-json\/wp\/v2\/pages\/85497","targetHints":{"allow":["GET"]}}],"collection":[{"href":"https:\/\/redfoxlotto.com\/no\/wp-json\/wp\/v2\/pages"}],"about":[{"href":"https:\/\/redfoxlotto.com\/no\/wp-json\/wp\/v2\/types\/page"}],"author":[{"embeddable":true,"href":"https:\/\/redfoxlotto.com\/no\/wp-json\/wp\/v2\/users\/8"}],"replies":[{"embeddable":true,"href":"https:\/\/redfoxlotto.com\/no\/wp-json\/wp\/v2\/comments?post=85497"}],"version-history":[{"count":0,"href":"https:\/\/redfoxlotto.com\/no\/wp-json\/wp\/v2\/pages\/85497\/revisions"}],"up":[{"embeddable":true,"href":"https:\/\/redfoxlotto.com\/no\/wp-json\/wp\/v2\/pages\/60261"}],"wp:attachment":[{"href":"https:\/\/redfoxlotto.com\/no\/wp-json\/wp\/v2\/media?parent=85497"}],"curies":[{"name":"wp","href":"https:\/\/api.w.org\/{rel}","templated":true}]}}