{"id":85293,"date":"2025-03-30T12:21:27","date_gmt":"2025-03-30T12:21:27","guid":{"rendered":"https:\/\/redfoxlotto.com\/?page_id=85293"},"modified":"2025-12-10T16:54:33","modified_gmt":"2025-12-10T16:54:33","slug":"hvordan-spille-new-york-lottery-i-storbritannia","status":"publish","type":"page","link":"https:\/\/redfoxlotto.com\/no\/spille\/hvordan-spille-new-york-lottery-i-storbritannia\/","title":{"rendered":"Hvordan spille New York Lottery i Storbritannia."},"content":{"rendered":"<p><script type=\"application\/ld+json\">\n{\n\"@context\": \"https:\/\/schema.org\",\n\"@type\": \"Service\",\n\"name\": \"Play New York Lottery\",\n\"url\": \"https:\/\/redfoxlotto.com\/no\/spille\/hvordan-spille-new-york-lottery-i-storbritannia\/\",\n\"description\": \"Kj\u00f8p offisielle New York Lottery-kuponger p\u00e5 nett gjennom RedFoxLotto. Velg tallene dine og bli med i neste trekning.\",\n\"serviceType\": \"Online lottery ticket purchase\",<\/p>\n<p>\"provider\": {\n\"@type\": \"Organization\",\n\"name\": \"RedFoxLotto\",\n\"url\": \"https:\/\/redfoxlotto.com\",\n\"logo\": \"https:\/\/redfoxlotto.com\/wp-content\/uploads\/logo.png\"\n},<\/p>\n<p>\"areaServed\": \"Worldwide\",\n\"termsOfService\": \"https:\/\/redfoxlotto.com\/terms-and-conditions\",<\/p>\n<p>\"hasOfferCatalog\": {\n\"@type\": \"OfferCatalog\",\n\"name\": \"New York Lottery Offers\",\n\"itemListElement\": [\n{\n\"@type\": \"Offer\",\n\"name\": \"New York Lottery Ticket\",\n\"url\": \"https:\/\/redfoxlotto.com\/no\/spille\/hvordan-spille-new-york-lottery-i-storbritannia\/\",\n\"description\": \"\u00c9n lodd til neste trekning i New York-lotteriet.\",\n\"price\": \"1.40\",\n\"priceCurrency\": \"EUR\",\n\"availability\": \"https:\/\/schema.org\/InStock\",<\/p>\n<p>\"itemOffered\": {\n\"@type\": \"Service\",\n\"name\": \"New York Lottery Entry\",\n\"description\": \"P\u00e5melding til neste New York Lottery-trekning gjennom RedFoxLotto.\"\n}\n}\n]\n},<\/p>\n<p>\"mainEntityOfPage\": {\n\"@type\": \"WebPage\",\n\"@id\": \"https:\/\/redfoxlotto.com\/no\/spille\/hvordan-spille-new-york-lottery-i-storbritannia\/\"\n}\n}\n<\/script><\/p>\n<h2>Hvordan delta i New York Lottery med RedFoxLotto.com i Storbritannia<\/h2>\n<p><img loading=\"lazy\" decoding=\"async\" class=\" wp-image-48802 alignright\" src=\"https:\/\/redfoxlotto.com\/wp-content\/uploads\/2023\/04\/raffle-tickets-online-495x330-1-300x200.jpg\" alt=\"New York Lottery\" width=\"321\" height=\"214\" srcset=\"https:\/\/redfoxlotto.com\/wp-content\/uploads\/2023\/04\/raffle-tickets-online-495x330-1-300x200.jpg 300w, https:\/\/redfoxlotto.com\/wp-content\/uploads\/2023\/04\/raffle-tickets-online-495x330-1.jpg 495w\" sizes=\"auto, (max-width: 321px) 100vw, 321px\" \/><br \/>\nTa for eksempel scenariet der du v\u00e5kner opp i Storbritannia, lager deg morgente og deretter sjekker telefonen din for \u00e5 oppdage at du nettopp har vunnet i New York Lottery. H\u00f8res det usannsynlig ut? Du kan ombestemme deg! Med RedFoxLotto.com er det mulig \u00e5 spille p\u00e5 et av de mest spennende lotteriene i USA fra ditt eget hjem i Storbritannia.<\/p>\n<h2>The New York Lottery: Hvorfor b\u00f8r du spille?<\/h2>\n<p>New York Lottery er kjent for sine enorme jackpoter, spennende spill og gevinster som kan forandre en persons liv fullstendig. Det faktum at det er mange trekninger hver uke, betyr at du har utallige muligheter til \u00e5 gj\u00f8re dr\u00f8mmene dine til virkelighet. Det er en mulighet for at du kan vinne en livsforvandlende sum penger hvis du spiller enten Mega Millions eller Powerball-lotteriet.<\/p>\n<h2>Instruksjoner om hvordan du spiller p\u00e5 RedFoxLotto.com i trinn-for-trinn-format<\/h2>\n<p>1. G\u00e5 til nettstedet RedFoxLotto.com. Du b\u00f8r starte nettleseren du \u00f8nsker og navigere til det offisielle RedFoxLotto-nettstedet.<\/p>\n<p>2. Opprett en konto &#8211; For \u00e5 kunne registrere deg, m\u00e5 du oppgi en konto. I tillegg til \u00e5 v\u00e6re rask og trygg, er det n\u00f8dvendig for \u00e5 spille.<\/p>\n<p>3. Velg New York Lottery &#8211; Etter \u00e5 ha sett gjennom de forskjellige lotteriene som tilbys, velger du New York Lottery eller en hvilken som helst annen amerikansk premie som fanger interessen din gjennom hele s\u00f8ket.<\/p>\n<p>4. Velg tallene dine Du kan velge \u00e5 velge lykketallene dine manuelt eller bruke hurtigvalg-alternativet, som lar systemet finne dem for deg automatisk.<\/p>\n<p>5. Kj\u00f8p billetten din &#8211; G\u00e5 videre til kassen og betal for billetten din p\u00e5 en trygg og sikker m\u00e5te ved hjelp av et av de mange tilgjengelige betalingsalternativene.<\/p>\n<p>6. Mens du venter p\u00e5 trekningen, kan du sette deg ned og slappe av. I tilfelle du er vinneren, vil du bli varslet!<\/p>\n<h2>Fordeler med \u00e5 delta i spill p\u00e5 RedFoxLotto.com<\/h2>\n<p>Dette eliminerer kravet om \u00e5 reise til USA for \u00e5 kj\u00f8pe en kupong.<\/p>\n<p>&#8211; Trygge og sikre transaksjoner &#8211; Spill med full trygghet, vel vitende om at pengene dine og kj\u00f8psinformasjonen din er beskyttet.<\/p>\n<p>&#8211; Varsler som sendes automatisk &#8211; G\u00e5 aldri glipp av en gevinst! Hvis du er den heldige vinneren av jackpotten, vil du bli varslet med en gang.<\/p>\n<p>Du kan f\u00e5 tilgang til globale lotterier i tillegg til New York Lottery, noe som gir deg enda flere muligheter til \u00e5 vinne en betydelig sum penger.<\/p>\n<h2>Avsluttende bemerkninger<\/h2>\n<p>Ved \u00e5 bruke RedFoxLotto.com f\u00e5r du tilgang til hele verden av lotteriunderholdning. Det spiller ingen rolle hvor du befinner deg i Storbritannia; du har muligheten til \u00e5 forf\u00f8lge den amerikanske dr\u00f8mmen og muligens bli den neste million\u00e6ren i New York Lottery. Derfor, hvorfor skal vi vente? Bes\u00f8k nettstedet RedFoxLotto.com med en gang for \u00e5 skaffe deg kupongen din; du vet aldri n\u00e5r lykken vil komme din vei.<\/p>\n","protected":false},"excerpt":{"rendered":"<p>Hvordan delta i New York Lottery med RedFoxLotto.com i Storbritannia Ta for eksempel scenariet der du v\u00e5kner opp i Storbritannia, lager deg morgente og deretter sjekker telefonen din for \u00e5 oppdage at du nettopp har vunnet i New York Lottery. H\u00f8res det usannsynlig ut? Du kan ombestemme deg! Med RedFoxLotto.com er det mulig \u00e5 spille [&hellip;]<\/p>\n","protected":false},"author":8,"featured_media":0,"parent":60108,"menu_order":18,"comment_status":"closed","ping_status":"closed","template":"newyork.php","meta":{"_et_pb_use_builder":"","_et_pb_old_content":"","_et_gb_content_width":"","exclude_from_search":false,"footnotes":""},"class_list":["post-85293","page","type-page","status-publish","hentry"],"yoast_head":"<!-- This site is optimized with the Yoast SEO plugin v23.8 - https:\/\/yoast.com\/wordpress\/plugins\/seo\/ -->\n<title>Hvordan delta i New York Lottery i Storbritannia<\/title>\n<meta name=\"description\" content=\"Oppdag hvordan du spiller New York Lottery fra Storbritannia p\u00e5 RedFoxLotto.com og f\u00e5 tips for \u00e5 maksimere vinnersjansene dine.\" \/>\n<meta name=\"robots\" content=\"index, follow, max-snippet:-1, max-image-preview:large, max-video-preview:-1\" \/>\n<link rel=\"canonical\" href=\"https:\/\/redfoxlotto.com\/no\/spille\/hvordan-spille-new-york-lottery-i-storbritannia\/\" \/>\n<meta property=\"og:locale\" content=\"nb_NO\" \/>\n<meta property=\"og:type\" content=\"article\" \/>\n<meta property=\"og:title\" content=\"Hvordan delta i New York Lottery i Storbritannia\" \/>\n<meta property=\"og:description\" content=\"Oppdag hvordan du spiller New York Lottery fra Storbritannia p\u00e5 RedFoxLotto.com og f\u00e5 tips for \u00e5 maksimere vinnersjansene dine.\" \/>\n<meta property=\"og:url\" content=\"https:\/\/redfoxlotto.com\/no\/spille\/hvordan-spille-new-york-lottery-i-storbritannia\/\" \/>\n<meta property=\"og:site_name\" content=\"Get Tickets for the World\u2019s largest jackpots\" \/>\n<meta property=\"article:modified_time\" content=\"2025-12-10T16:54:33+00:00\" \/>\n<meta property=\"og:image\" content=\"https:\/\/redfoxlotto.com\/wp-content\/uploads\/2023\/04\/raffle-tickets-online-495x330-1-300x200.jpg\" \/>\n<meta name=\"twitter:card\" content=\"summary_large_image\" \/>\n<meta name=\"twitter:label1\" content=\"Ansl. lesetid\" \/>\n\t<meta name=\"twitter:data1\" content=\"3 minutter\" \/>\n<script type=\"application\/ld+json\" class=\"yoast-schema-graph\">{\"@context\":\"https:\/\/schema.org\",\"@graph\":[{\"@type\":\"WebPage\",\"@id\":\"https:\/\/redfoxlotto.com\/no\/spille\/hvordan-spille-new-york-lottery-i-storbritannia\/\",\"url\":\"https:\/\/redfoxlotto.com\/no\/spille\/hvordan-spille-new-york-lottery-i-storbritannia\/\",\"name\":\"Hvordan delta i New York Lottery i Storbritannia\",\"isPartOf\":{\"@id\":\"https:\/\/redfoxlotto.com\/no\/#website\"},\"primaryImageOfPage\":{\"@id\":\"https:\/\/redfoxlotto.com\/no\/spille\/hvordan-spille-new-york-lottery-i-storbritannia\/#primaryimage\"},\"image\":{\"@id\":\"https:\/\/redfoxlotto.com\/no\/spille\/hvordan-spille-new-york-lottery-i-storbritannia\/#primaryimage\"},\"thumbnailUrl\":\"https:\/\/redfoxlotto.com\/wp-content\/uploads\/2023\/04\/raffle-tickets-online-495x330-1-300x200.jpg\",\"datePublished\":\"2025-03-30T12:21:27+00:00\",\"dateModified\":\"2025-12-10T16:54:33+00:00\",\"description\":\"Oppdag hvordan du spiller New York Lottery fra Storbritannia p\u00e5 RedFoxLotto.com og f\u00e5 tips for \u00e5 maksimere vinnersjansene dine.\",\"breadcrumb\":{\"@id\":\"https:\/\/redfoxlotto.com\/no\/spille\/hvordan-spille-new-york-lottery-i-storbritannia\/#breadcrumb\"},\"inLanguage\":\"nb-NO\",\"potentialAction\":[{\"@type\":\"ReadAction\",\"target\":[\"https:\/\/redfoxlotto.com\/no\/spille\/hvordan-spille-new-york-lottery-i-storbritannia\/\"]}]},{\"@type\":\"ImageObject\",\"inLanguage\":\"nb-NO\",\"@id\":\"https:\/\/redfoxlotto.com\/no\/spille\/hvordan-spille-new-york-lottery-i-storbritannia\/#primaryimage\",\"url\":\"https:\/\/redfoxlotto.com\/wp-content\/uploads\/2023\/04\/raffle-tickets-online-495x330-1-300x200.jpg\",\"contentUrl\":\"https:\/\/redfoxlotto.com\/wp-content\/uploads\/2023\/04\/raffle-tickets-online-495x330-1-300x200.jpg\"},{\"@type\":\"BreadcrumbList\",\"@id\":\"https:\/\/redfoxlotto.com\/no\/spille\/hvordan-spille-new-york-lottery-i-storbritannia\/#breadcrumb\",\"itemListElement\":[{\"@type\":\"ListItem\",\"position\":1,\"name\":\"Home\",\"item\":\"https:\/\/redfoxlotto.com\/no\/\"},{\"@type\":\"ListItem\",\"position\":2,\"name\":\"Hvordan spille lotterier i andre land\",\"item\":\"https:\/\/redfoxlotto.com\/no\/spille\/\"},{\"@type\":\"ListItem\",\"position\":3,\"name\":\"Hvordan spille New York Lottery i Storbritannia.\"}]},{\"@type\":\"WebSite\",\"@id\":\"https:\/\/redfoxlotto.com\/no\/#website\",\"url\":\"https:\/\/redfoxlotto.com\/no\/\",\"name\":\"Get Tickets for the World\u2019s largest jackpots\",\"description\":\"Participate in worldwide lottery jackpots from any country\",\"publisher\":{\"@id\":\"https:\/\/redfoxlotto.com\/no\/#organization\"},\"potentialAction\":[{\"@type\":\"SearchAction\",\"target\":{\"@type\":\"EntryPoint\",\"urlTemplate\":\"https:\/\/redfoxlotto.com\/no\/?s={search_term_string}\"},\"query-input\":{\"@type\":\"PropertyValueSpecification\",\"valueRequired\":true,\"valueName\":\"search_term_string\"}}],\"inLanguage\":\"nb-NO\"},{\"@type\":\"Organization\",\"@id\":\"https:\/\/redfoxlotto.com\/no\/#organization\",\"name\":\"Get Tickets for the World\u2019s largest jackpots\",\"url\":\"https:\/\/redfoxlotto.com\/no\/\",\"logo\":{\"@type\":\"ImageObject\",\"inLanguage\":\"nb-NO\",\"@id\":\"https:\/\/redfoxlotto.com\/no\/#\/schema\/logo\/image\/\",\"url\":\"https:\/\/redfoxlotto.com\/wp-content\/uploads\/2023\/04\/logo.png\",\"contentUrl\":\"https:\/\/redfoxlotto.com\/wp-content\/uploads\/2023\/04\/logo.png\",\"width\":269,\"height\":53,\"caption\":\"Get Tickets for the World\u2019s largest jackpots\"},\"image\":{\"@id\":\"https:\/\/redfoxlotto.com\/no\/#\/schema\/logo\/image\/\"}}]}<\/script>\n<!-- \/ Yoast SEO plugin. -->","yoast_head_json":{"title":"Hvordan delta i New York Lottery i Storbritannia","description":"Oppdag hvordan du spiller New York Lottery fra Storbritannia p\u00e5 RedFoxLotto.com og f\u00e5 tips for \u00e5 maksimere vinnersjansene dine.","robots":{"index":"index","follow":"follow","max-snippet":"max-snippet:-1","max-image-preview":"max-image-preview:large","max-video-preview":"max-video-preview:-1"},"canonical":"https:\/\/redfoxlotto.com\/no\/spille\/hvordan-spille-new-york-lottery-i-storbritannia\/","og_locale":"nb_NO","og_type":"article","og_title":"Hvordan delta i New York Lottery i Storbritannia","og_description":"Oppdag hvordan du spiller New York Lottery fra Storbritannia p\u00e5 RedFoxLotto.com og f\u00e5 tips for \u00e5 maksimere vinnersjansene dine.","og_url":"https:\/\/redfoxlotto.com\/no\/spille\/hvordan-spille-new-york-lottery-i-storbritannia\/","og_site_name":"Get Tickets for the World\u2019s largest jackpots","article_modified_time":"2025-12-10T16:54:33+00:00","og_image":[{"url":"https:\/\/redfoxlotto.com\/wp-content\/uploads\/2023\/04\/raffle-tickets-online-495x330-1-300x200.jpg"}],"twitter_card":"summary_large_image","twitter_misc":{"Ansl. lesetid":"3 minutter"},"schema":{"@context":"https:\/\/schema.org","@graph":[{"@type":"WebPage","@id":"https:\/\/redfoxlotto.com\/no\/spille\/hvordan-spille-new-york-lottery-i-storbritannia\/","url":"https:\/\/redfoxlotto.com\/no\/spille\/hvordan-spille-new-york-lottery-i-storbritannia\/","name":"Hvordan delta i New York Lottery i Storbritannia","isPartOf":{"@id":"https:\/\/redfoxlotto.com\/no\/#website"},"primaryImageOfPage":{"@id":"https:\/\/redfoxlotto.com\/no\/spille\/hvordan-spille-new-york-lottery-i-storbritannia\/#primaryimage"},"image":{"@id":"https:\/\/redfoxlotto.com\/no\/spille\/hvordan-spille-new-york-lottery-i-storbritannia\/#primaryimage"},"thumbnailUrl":"https:\/\/redfoxlotto.com\/wp-content\/uploads\/2023\/04\/raffle-tickets-online-495x330-1-300x200.jpg","datePublished":"2025-03-30T12:21:27+00:00","dateModified":"2025-12-10T16:54:33+00:00","description":"Oppdag hvordan du spiller New York Lottery fra Storbritannia p\u00e5 RedFoxLotto.com og f\u00e5 tips for \u00e5 maksimere vinnersjansene dine.","breadcrumb":{"@id":"https:\/\/redfoxlotto.com\/no\/spille\/hvordan-spille-new-york-lottery-i-storbritannia\/#breadcrumb"},"inLanguage":"nb-NO","potentialAction":[{"@type":"ReadAction","target":["https:\/\/redfoxlotto.com\/no\/spille\/hvordan-spille-new-york-lottery-i-storbritannia\/"]}]},{"@type":"ImageObject","inLanguage":"nb-NO","@id":"https:\/\/redfoxlotto.com\/no\/spille\/hvordan-spille-new-york-lottery-i-storbritannia\/#primaryimage","url":"https:\/\/redfoxlotto.com\/wp-content\/uploads\/2023\/04\/raffle-tickets-online-495x330-1-300x200.jpg","contentUrl":"https:\/\/redfoxlotto.com\/wp-content\/uploads\/2023\/04\/raffle-tickets-online-495x330-1-300x200.jpg"},{"@type":"BreadcrumbList","@id":"https:\/\/redfoxlotto.com\/no\/spille\/hvordan-spille-new-york-lottery-i-storbritannia\/#breadcrumb","itemListElement":[{"@type":"ListItem","position":1,"name":"Home","item":"https:\/\/redfoxlotto.com\/no\/"},{"@type":"ListItem","position":2,"name":"Hvordan spille lotterier i andre land","item":"https:\/\/redfoxlotto.com\/no\/spille\/"},{"@type":"ListItem","position":3,"name":"Hvordan spille New York Lottery i Storbritannia."}]},{"@type":"WebSite","@id":"https:\/\/redfoxlotto.com\/no\/#website","url":"https:\/\/redfoxlotto.com\/no\/","name":"Get Tickets for the World\u2019s largest jackpots","description":"Participate in worldwide lottery jackpots from any country","publisher":{"@id":"https:\/\/redfoxlotto.com\/no\/#organization"},"potentialAction":[{"@type":"SearchAction","target":{"@type":"EntryPoint","urlTemplate":"https:\/\/redfoxlotto.com\/no\/?s={search_term_string}"},"query-input":{"@type":"PropertyValueSpecification","valueRequired":true,"valueName":"search_term_string"}}],"inLanguage":"nb-NO"},{"@type":"Organization","@id":"https:\/\/redfoxlotto.com\/no\/#organization","name":"Get Tickets for the World\u2019s largest jackpots","url":"https:\/\/redfoxlotto.com\/no\/","logo":{"@type":"ImageObject","inLanguage":"nb-NO","@id":"https:\/\/redfoxlotto.com\/no\/#\/schema\/logo\/image\/","url":"https:\/\/redfoxlotto.com\/wp-content\/uploads\/2023\/04\/logo.png","contentUrl":"https:\/\/redfoxlotto.com\/wp-content\/uploads\/2023\/04\/logo.png","width":269,"height":53,"caption":"Get Tickets for the World\u2019s largest jackpots"},"image":{"@id":"https:\/\/redfoxlotto.com\/no\/#\/schema\/logo\/image\/"}}]}},"_links":{"self":[{"href":"https:\/\/redfoxlotto.com\/no\/wp-json\/wp\/v2\/pages\/85293","targetHints":{"allow":["GET"]}}],"collection":[{"href":"https:\/\/redfoxlotto.com\/no\/wp-json\/wp\/v2\/pages"}],"about":[{"href":"https:\/\/redfoxlotto.com\/no\/wp-json\/wp\/v2\/types\/page"}],"author":[{"embeddable":true,"href":"https:\/\/redfoxlotto.com\/no\/wp-json\/wp\/v2\/users\/8"}],"replies":[{"embeddable":true,"href":"https:\/\/redfoxlotto.com\/no\/wp-json\/wp\/v2\/comments?post=85293"}],"version-history":[{"count":0,"href":"https:\/\/redfoxlotto.com\/no\/wp-json\/wp\/v2\/pages\/85293\/revisions"}],"up":[{"embeddable":true,"href":"https:\/\/redfoxlotto.com\/no\/wp-json\/wp\/v2\/pages\/60108"}],"wp:attachment":[{"href":"https:\/\/redfoxlotto.com\/no\/wp-json\/wp\/v2\/media?parent=85293"}],"curies":[{"name":"wp","href":"https:\/\/api.w.org\/{rel}","templated":true}]}}