{"id":84511,"date":"2025-03-17T09:46:32","date_gmt":"2025-03-17T09:46:32","guid":{"rendered":"https:\/\/redfoxlotto.com\/?page_id=84511"},"modified":"2025-06-17T08:48:05","modified_gmt":"2025-06-17T08:48:05","slug":"scratchcards","status":"publish","type":"page","link":"https:\/\/redfoxlotto.com\/no\/scratchcards\/","title":{"rendered":"Skrapelodd"},"content":{"rendered":"<p>Hvis du er en lotterifan, er vi sikre p\u00e5 at du ogs\u00e5 vil<strong>elske \u00e5 spille v\u00e5re skrapelodd p\u00e5 nett!<\/strong><\/p>\n<p>Skrapelodd har alltid v\u00e6rt et popul\u00e6rt tillegg til et loddkj\u00f8p. Nesten alle lottobutikker i verden selger dem, og det er det en god grunn til. Mens du nesten alltid m\u00e5 vente litt p\u00e5 resultatet n\u00e5r du spiller lotto, gir skrapelodd deg et \u00f8yeblikkelig resultat.<\/p>\n<p>Og med v\u00e5re skrapelodd p\u00e5 nett trenger du ikke engang \u00e5 finne en lotteributikk for \u00e5 kj\u00f8pe dem &#8211; du kan bare spille skrapeloddene v\u00e5re p\u00e5 nett og ha det g\u00f8y og spennende med \u00e5 skrape.<\/p>\n<h2><strong>Online skrapelodd kommer snart p\u00e5 RedFoxLotto<\/strong><\/h2>\n<p><img loading=\"lazy\" decoding=\"async\" class=\" wp-image-83601 alignright\" src=\"https:\/\/redfoxlotto.com\/wp-content\/uploads\/2025\/03\/scratch_card_player-300x300.jpg\" alt=\"play scratch cards\" width=\"183\" height=\"183\" srcset=\"https:\/\/redfoxlotto.com\/wp-content\/uploads\/2025\/03\/scratch_card_player-300x300.jpg 300w, https:\/\/redfoxlotto.com\/wp-content\/uploads\/2025\/03\/scratch_card_player-150x150.jpg 150w, https:\/\/redfoxlotto.com\/wp-content\/uploads\/2025\/03\/scratch_card_player-100x100.jpg 100w, https:\/\/redfoxlotto.com\/wp-content\/uploads\/2025\/03\/scratch_card_player.jpg 307w\" sizes=\"auto, (max-width: 183px) 100vw, 183px\" \/><\/p>\n<ul>\n<li>Skrapeloddene vil bli lansert i begynnelsen av april 2025.<\/li>\n<li>Ikke g\u00e5 glipp av lanseringen!<\/li>\n<li>S\u00f8rg for at du f\u00e5r v\u00e5re salgsfremmende e-poster &#8211; sjekk spam-mappen din og merk RedFoxLotto som en p\u00e5litelig e-postavsender.<\/li>\n<\/ul>\n<p>Betaling er ogs\u00e5 veldig praktisk &#8211; spesielt hvis du allerede har en kontosaldo p\u00e5 nettstedet v\u00e5rt. Det betyr at hvis du planlegger \u00e5 kj\u00f8pe flere skrapelodd, b\u00f8r du gj\u00f8re et innskudd i lommeboken din f\u00f8r du begynner \u00e5 spille skrapelodd.<\/p>\n<p>Bare velg det skrapeloddet du liker best, og klikk for \u00e5 kj\u00f8pe. Vi har flere kule layouter, og det finnes skrapelodd med forskjellige priser og premieomr\u00e5der.<\/p>\n<h2>Det er ganske enkelt \u00e5 spille v\u00e5re skrapeloddspill<\/h2>\n<p>Deretter kan du enten skrape det \u00f8verste laget av kortet manuelt ved hjelp av musen, eller du kan klikke p\u00e5 \u00abhurtigskrap\u00bb-knappen for \u00e5 avdekke all informasjonen som er skjult i kortet.<\/p>\n<p>Gevinstene dine avhenger av bel\u00f8pene som vises etter at du har skrapet det \u00f8verste laget av kortet. Hvis du har tre matchende bel\u00f8p p\u00e5 skrapeloddet ditt, er det dette bel\u00f8pet du vinner.<\/p>\n<h2>Hva skjer etter en skrapeloddgevinst?<\/h2>\n<p>Alle gevinster blir satt inn p\u00e5 kontoen din umiddelbart. Hvis du vinner p\u00e5 et skrapelodd, har du to alternativer:<\/p>\n<ol>\n<li>Du kan bli v\u00e6rende p\u00e5 skrapeloddsiden og fortsette \u00e5 bruke gevinsten din til \u00e5 kj\u00f8pe flere skrapelodd p\u00e5 nettet<\/li>\n<li>Lukk skrapeloddsiden, og gevinstene dine vil bli overf\u00f8rt til din RedFoxLotto-spillersaldo.<\/li>\n<\/ol>\n<p>Etter at du har lagt til skrapeloddgevinster p\u00e5 spillersaldoen din, kan du bruke dem som du vil &#8211; kj\u00f8pe vanlige lodd, spille Keno, kj\u00f8pe flere skrapelodd p\u00e5 nettet senere eller ta ut gevinsten din.<\/p>\n<p>Skrapelodd p\u00e5 nett er noe mange av kundene v\u00e5re har etterspurt, og vi er sikre p\u00e5 at du ogs\u00e5 kommer til \u00e5 like denne opplevelsen!<\/p>\n","protected":false},"excerpt":{"rendered":"<p>Hvis du er en lotterifan, er vi sikre p\u00e5 at du ogs\u00e5 vilelske \u00e5 spille v\u00e5re skrapelodd p\u00e5 nett! Skrapelodd har alltid v\u00e6rt et popul\u00e6rt tillegg til et loddkj\u00f8p. Nesten alle lottobutikker i verden selger dem, og det er det en god grunn til. Mens du nesten alltid m\u00e5 vente litt p\u00e5 resultatet n\u00e5r du [&hellip;]<\/p>\n","protected":false},"author":8,"featured_media":0,"parent":0,"menu_order":7,"comment_status":"closed","ping_status":"closed","template":"","meta":{"_et_pb_use_builder":"","_et_pb_old_content":"","_et_gb_content_width":"","exclude_from_search":false,"footnotes":""},"class_list":["post-84511","page","type-page","status-publish","hentry"],"yoast_head":"<!-- This site is optimized with the Yoast SEO plugin v23.8 - https:\/\/yoast.com\/wordpress\/plugins\/seo\/ -->\n<title>Spill skrapelodd p\u00e5 nett | Beste skrapelodd med \u00f8yeblikkelig gevinst<\/title>\n<meta name=\"description\" content=\"Spill de beste skrapeloddene p\u00e5 nett her - attraktive skrapelodd og flotte premier som kan vinnes umiddelbart\" \/>\n<meta name=\"robots\" content=\"index, follow, max-snippet:-1, max-image-preview:large, max-video-preview:-1\" \/>\n<link rel=\"canonical\" href=\"https:\/\/redfoxlotto.com\/no\/scratchcards\/\" \/>\n<meta property=\"og:locale\" content=\"nb_NO\" \/>\n<meta property=\"og:type\" content=\"article\" \/>\n<meta property=\"og:title\" content=\"Spill skrapelodd p\u00e5 nett | Beste skrapelodd med \u00f8yeblikkelig gevinst\" \/>\n<meta property=\"og:description\" content=\"Spill de beste skrapeloddene p\u00e5 nett her - attraktive skrapelodd og flotte premier som kan vinnes umiddelbart\" \/>\n<meta property=\"og:url\" content=\"https:\/\/redfoxlotto.com\/no\/scratchcards\/\" \/>\n<meta property=\"og:site_name\" content=\"Get Tickets for the World\u2019s largest jackpots\" \/>\n<meta property=\"article:modified_time\" content=\"2025-06-17T08:48:05+00:00\" \/>\n<meta property=\"og:image\" content=\"https:\/\/redfoxlotto.com\/wp-content\/uploads\/2025\/03\/scratch_card_player-300x300.jpg\" \/>\n<meta name=\"twitter:card\" content=\"summary_large_image\" \/>\n<meta name=\"twitter:label1\" content=\"Ansl. lesetid\" \/>\n\t<meta name=\"twitter:data1\" content=\"2 minutter\" \/>\n<script type=\"application\/ld+json\" class=\"yoast-schema-graph\">{\"@context\":\"https:\/\/schema.org\",\"@graph\":[{\"@type\":\"WebPage\",\"@id\":\"https:\/\/redfoxlotto.com\/no\/scratchcards\/\",\"url\":\"https:\/\/redfoxlotto.com\/no\/scratchcards\/\",\"name\":\"Spill skrapelodd p\u00e5 nett | Beste skrapelodd med \u00f8yeblikkelig gevinst\",\"isPartOf\":{\"@id\":\"https:\/\/redfoxlotto.com\/no\/#website\"},\"primaryImageOfPage\":{\"@id\":\"https:\/\/redfoxlotto.com\/no\/scratchcards\/#primaryimage\"},\"image\":{\"@id\":\"https:\/\/redfoxlotto.com\/no\/scratchcards\/#primaryimage\"},\"thumbnailUrl\":\"https:\/\/redfoxlotto.com\/wp-content\/uploads\/2025\/03\/scratch_card_player-300x300.jpg\",\"datePublished\":\"2025-03-17T09:46:32+00:00\",\"dateModified\":\"2025-06-17T08:48:05+00:00\",\"description\":\"Spill de beste skrapeloddene p\u00e5 nett her - attraktive skrapelodd og flotte premier som kan vinnes umiddelbart\",\"breadcrumb\":{\"@id\":\"https:\/\/redfoxlotto.com\/no\/scratchcards\/#breadcrumb\"},\"inLanguage\":\"nb-NO\",\"potentialAction\":[{\"@type\":\"ReadAction\",\"target\":[\"https:\/\/redfoxlotto.com\/no\/scratchcards\/\"]}]},{\"@type\":\"ImageObject\",\"inLanguage\":\"nb-NO\",\"@id\":\"https:\/\/redfoxlotto.com\/no\/scratchcards\/#primaryimage\",\"url\":\"https:\/\/redfoxlotto.com\/wp-content\/uploads\/2025\/03\/scratch_card_player-300x300.jpg\",\"contentUrl\":\"https:\/\/redfoxlotto.com\/wp-content\/uploads\/2025\/03\/scratch_card_player-300x300.jpg\"},{\"@type\":\"BreadcrumbList\",\"@id\":\"https:\/\/redfoxlotto.com\/no\/scratchcards\/#breadcrumb\",\"itemListElement\":[{\"@type\":\"ListItem\",\"position\":1,\"name\":\"Home\",\"item\":\"https:\/\/redfoxlotto.com\/no\/\"},{\"@type\":\"ListItem\",\"position\":2,\"name\":\"Skrapelodd\"}]},{\"@type\":\"WebSite\",\"@id\":\"https:\/\/redfoxlotto.com\/no\/#website\",\"url\":\"https:\/\/redfoxlotto.com\/no\/\",\"name\":\"Get Tickets for the World\u2019s largest jackpots\",\"description\":\"Participate in worldwide lottery jackpots from any country\",\"publisher\":{\"@id\":\"https:\/\/redfoxlotto.com\/no\/#organization\"},\"potentialAction\":[{\"@type\":\"SearchAction\",\"target\":{\"@type\":\"EntryPoint\",\"urlTemplate\":\"https:\/\/redfoxlotto.com\/no\/?s={search_term_string}\"},\"query-input\":{\"@type\":\"PropertyValueSpecification\",\"valueRequired\":true,\"valueName\":\"search_term_string\"}}],\"inLanguage\":\"nb-NO\"},{\"@type\":\"Organization\",\"@id\":\"https:\/\/redfoxlotto.com\/no\/#organization\",\"name\":\"Get Tickets for the World\u2019s largest jackpots\",\"url\":\"https:\/\/redfoxlotto.com\/no\/\",\"logo\":{\"@type\":\"ImageObject\",\"inLanguage\":\"nb-NO\",\"@id\":\"https:\/\/redfoxlotto.com\/no\/#\/schema\/logo\/image\/\",\"url\":\"https:\/\/redfoxlotto.com\/wp-content\/uploads\/2023\/04\/logo.png\",\"contentUrl\":\"https:\/\/redfoxlotto.com\/wp-content\/uploads\/2023\/04\/logo.png\",\"width\":269,\"height\":53,\"caption\":\"Get Tickets for the World\u2019s largest jackpots\"},\"image\":{\"@id\":\"https:\/\/redfoxlotto.com\/no\/#\/schema\/logo\/image\/\"}}]}<\/script>\n<!-- \/ Yoast SEO plugin. -->","yoast_head_json":{"title":"Spill skrapelodd p\u00e5 nett | Beste skrapelodd med \u00f8yeblikkelig gevinst","description":"Spill de beste skrapeloddene p\u00e5 nett her - attraktive skrapelodd og flotte premier som kan vinnes umiddelbart","robots":{"index":"index","follow":"follow","max-snippet":"max-snippet:-1","max-image-preview":"max-image-preview:large","max-video-preview":"max-video-preview:-1"},"canonical":"https:\/\/redfoxlotto.com\/no\/scratchcards\/","og_locale":"nb_NO","og_type":"article","og_title":"Spill skrapelodd p\u00e5 nett | Beste skrapelodd med \u00f8yeblikkelig gevinst","og_description":"Spill de beste skrapeloddene p\u00e5 nett her - attraktive skrapelodd og flotte premier som kan vinnes umiddelbart","og_url":"https:\/\/redfoxlotto.com\/no\/scratchcards\/","og_site_name":"Get Tickets for the World\u2019s largest jackpots","article_modified_time":"2025-06-17T08:48:05+00:00","og_image":[{"url":"https:\/\/redfoxlotto.com\/wp-content\/uploads\/2025\/03\/scratch_card_player-300x300.jpg"}],"twitter_card":"summary_large_image","twitter_misc":{"Ansl. lesetid":"2 minutter"},"schema":{"@context":"https:\/\/schema.org","@graph":[{"@type":"WebPage","@id":"https:\/\/redfoxlotto.com\/no\/scratchcards\/","url":"https:\/\/redfoxlotto.com\/no\/scratchcards\/","name":"Spill skrapelodd p\u00e5 nett | Beste skrapelodd med \u00f8yeblikkelig gevinst","isPartOf":{"@id":"https:\/\/redfoxlotto.com\/no\/#website"},"primaryImageOfPage":{"@id":"https:\/\/redfoxlotto.com\/no\/scratchcards\/#primaryimage"},"image":{"@id":"https:\/\/redfoxlotto.com\/no\/scratchcards\/#primaryimage"},"thumbnailUrl":"https:\/\/redfoxlotto.com\/wp-content\/uploads\/2025\/03\/scratch_card_player-300x300.jpg","datePublished":"2025-03-17T09:46:32+00:00","dateModified":"2025-06-17T08:48:05+00:00","description":"Spill de beste skrapeloddene p\u00e5 nett her - attraktive skrapelodd og flotte premier som kan vinnes umiddelbart","breadcrumb":{"@id":"https:\/\/redfoxlotto.com\/no\/scratchcards\/#breadcrumb"},"inLanguage":"nb-NO","potentialAction":[{"@type":"ReadAction","target":["https:\/\/redfoxlotto.com\/no\/scratchcards\/"]}]},{"@type":"ImageObject","inLanguage":"nb-NO","@id":"https:\/\/redfoxlotto.com\/no\/scratchcards\/#primaryimage","url":"https:\/\/redfoxlotto.com\/wp-content\/uploads\/2025\/03\/scratch_card_player-300x300.jpg","contentUrl":"https:\/\/redfoxlotto.com\/wp-content\/uploads\/2025\/03\/scratch_card_player-300x300.jpg"},{"@type":"BreadcrumbList","@id":"https:\/\/redfoxlotto.com\/no\/scratchcards\/#breadcrumb","itemListElement":[{"@type":"ListItem","position":1,"name":"Home","item":"https:\/\/redfoxlotto.com\/no\/"},{"@type":"ListItem","position":2,"name":"Skrapelodd"}]},{"@type":"WebSite","@id":"https:\/\/redfoxlotto.com\/no\/#website","url":"https:\/\/redfoxlotto.com\/no\/","name":"Get Tickets for the World\u2019s largest jackpots","description":"Participate in worldwide lottery jackpots from any country","publisher":{"@id":"https:\/\/redfoxlotto.com\/no\/#organization"},"potentialAction":[{"@type":"SearchAction","target":{"@type":"EntryPoint","urlTemplate":"https:\/\/redfoxlotto.com\/no\/?s={search_term_string}"},"query-input":{"@type":"PropertyValueSpecification","valueRequired":true,"valueName":"search_term_string"}}],"inLanguage":"nb-NO"},{"@type":"Organization","@id":"https:\/\/redfoxlotto.com\/no\/#organization","name":"Get Tickets for the World\u2019s largest jackpots","url":"https:\/\/redfoxlotto.com\/no\/","logo":{"@type":"ImageObject","inLanguage":"nb-NO","@id":"https:\/\/redfoxlotto.com\/no\/#\/schema\/logo\/image\/","url":"https:\/\/redfoxlotto.com\/wp-content\/uploads\/2023\/04\/logo.png","contentUrl":"https:\/\/redfoxlotto.com\/wp-content\/uploads\/2023\/04\/logo.png","width":269,"height":53,"caption":"Get Tickets for the World\u2019s largest jackpots"},"image":{"@id":"https:\/\/redfoxlotto.com\/no\/#\/schema\/logo\/image\/"}}]}},"_links":{"self":[{"href":"https:\/\/redfoxlotto.com\/no\/wp-json\/wp\/v2\/pages\/84511","targetHints":{"allow":["GET"]}}],"collection":[{"href":"https:\/\/redfoxlotto.com\/no\/wp-json\/wp\/v2\/pages"}],"about":[{"href":"https:\/\/redfoxlotto.com\/no\/wp-json\/wp\/v2\/types\/page"}],"author":[{"embeddable":true,"href":"https:\/\/redfoxlotto.com\/no\/wp-json\/wp\/v2\/users\/8"}],"replies":[{"embeddable":true,"href":"https:\/\/redfoxlotto.com\/no\/wp-json\/wp\/v2\/comments?post=84511"}],"version-history":[{"count":0,"href":"https:\/\/redfoxlotto.com\/no\/wp-json\/wp\/v2\/pages\/84511\/revisions"}],"wp:attachment":[{"href":"https:\/\/redfoxlotto.com\/no\/wp-json\/wp\/v2\/media?parent=84511"}],"curies":[{"name":"wp","href":"https:\/\/api.w.org\/{rel}","templated":true}]}}