{"id":84422,"date":"2025-02-12T11:12:52","date_gmt":"2025-02-12T11:12:52","guid":{"rendered":"https:\/\/redfoxlotto.com\/?page_id=84422"},"modified":"2025-10-09T14:20:32","modified_gmt":"2025-10-09T14:20:32","slug":"keno","status":"publish","type":"page","link":"https:\/\/redfoxlotto.com\/no\/keno\/","title":{"rendered":"Keno"},"content":{"rendered":"<h2>Vet du ikke hvordan du spiller Keno p\u00e5 nett?<\/h2>\n<p>S\u00e5 du vet hvordan et lotteri fungerer, men har aldri spilt Keno? La meg forklare hvordan du spiller Keno p\u00e5 nett. Det er ikke s\u00e5 vanskelig \u00e5 forst\u00e5, og plattformen v\u00e5r gj\u00f8r det enkelt \u00e5 lage en Keno-kupong.<\/p>\n<div class=\"keno-banner-wrapper\"><img decoding=\"async\" class=\"keno-banner-image\" src=\"https:\/\/redfoxlotto.com\/wp-content\/uploads\/2025\/10\/3-scaled.png\" alt=\"Keno Banner\" \/><br \/>\n<div class=\"keno-banner-overlay\"><div class=\"keno-banner-text\">Hovedpremie: \u20ac10,000,000<br>Trekninger hvert 30. minutt<\/div><a href=\"https:\/\/keno.redfoxlotto.com\/play\/diamond-keno\" class=\"keno-banner-button\">Spill Diamant Keno n\u00e5<\/a><\/div><\/div>\n<div class=\"keno-banner-wrapper\"><img decoding=\"async\" class=\"keno-banner-image\" src=\"https:\/\/redfoxlotto.com\/wp-content\/uploads\/2025\/10\/1-scaled.png\" alt=\"Keno Banner\" \/><br \/>\n<div class=\"keno-banner-overlay\"><div class=\"keno-banner-text\">Hovedpremie: \u20ac5,000,000<br>Trekninger hvert 8. minutt<\/div><a href=\"https:\/\/keno.redfoxlotto.com\/play\/platinum-keno\" class=\"keno-banner-button\">Spill Platinum Keno n\u00e5<\/a><\/div><\/div>\n<div class=\"keno-banner-wrapper\"><img decoding=\"async\" class=\"keno-banner-image\" src=\"https:\/\/redfoxlotto.com\/wp-content\/uploads\/2025\/10\/2-scaled.png\" alt=\"Keno Banner\" \/><br \/>\n<div class=\"keno-banner-overlay\"><div class=\"keno-banner-text\">Hovedpremie: \u20ac2,000,000<br>Trekninger hvert 6. minutt<\/div><a href=\"https:\/\/keno.redfoxlotto.com\/play\/gold-keno\" class=\"keno-banner-button\">Spill  Gold Keno n\u00e5<\/a><\/div><\/div>\n<p><img loading=\"lazy\" decoding=\"async\" class=\"alignright size-medium wp-image-83635\" src=\"https:\/\/redfoxlotto.com\/wp-content\/uploads\/2025\/03\/keno_card-300x300.jpg\" alt=\"play keno online\" width=\"300\" height=\"300\" srcset=\"https:\/\/redfoxlotto.com\/wp-content\/uploads\/2025\/03\/keno_card-300x300.jpg 300w, https:\/\/redfoxlotto.com\/wp-content\/uploads\/2025\/03\/keno_card-150x150.jpg 150w, https:\/\/redfoxlotto.com\/wp-content\/uploads\/2025\/03\/keno_card-100x100.jpg 100w, https:\/\/redfoxlotto.com\/wp-content\/uploads\/2025\/03\/keno_card.jpg 307w\" sizes=\"auto, (max-width: 300px) 100vw, 300px\" \/><\/p>\n<h2>Forskjeller mellom et vanlig lotteri og Keno<\/h2>\n<p>N\u00e5r du spiller Keno, har du mer kontroll over hvor mye du vil bruke p\u00e5 en kupong, og du bestemmer ogs\u00e5 hvor mange tall du velger.<\/p>\n<ul>\n<li><strong>Multiplikatoren<\/strong> &#8211; Hver Keno-kupong har en grunnpris (det minste du m\u00e5 betale for en kupong), men det finnes ogs\u00e5 en multiplikatorfunksjon. La oss si at grunnprisen er kr 1,00. Ved \u00e5 velge en multiplikator p\u00e5 5, vil kupongen din n\u00e5 koste deg kr 5,00. Men samtidig vil bel\u00f8pet du kan vinne \u00f8ke med minst en faktor p\u00e5 5. For \u00e5 vinne den maksimale premien i hvert utbetalingsniv\u00e5, m\u00e5 du velge den maksimale multiplikatoren. Multiplikatoren kan variere mellom 1 og 5, eller mellom 1 og 10. For \u00e5 se den faktiske utbetalingen klikker du p\u00e5 \u00abInfo\u00bb-fanen ovenfor, og du vil se en utbetalingstabell.<\/li>\n<li>Klikk p\u00e5 multiplikatoren du \u00f8nsker \u00e5 velge, s\u00e5 vises utbetalingene for den multiplikatoren.<\/li>\n<li><strong>Spill flere eller<\/strong> f\u00e6rre tall &#8211; Du kan velge om du vil velge flere eller f\u00e6rre tall for kupongen din. Igjen, hvis du vil vinne toppremien, m\u00e5 du alltid velge det maksimale, nemlig 10 tall. Men hvis du bestemmer deg for \u00e5 spille bare 8 tall, vil du vinne mer penger hvis alle eller noen av dem samsvarer med de trukkede tallene. Igjen, tabellen p\u00e5 \u00abInfo\u00bb-siden vil vise deg utbetalingene.<\/li>\n<li><strong>Flere tall trekkes fra tallutvalget<\/strong> &#8211; mens et vanlig lotteri trekker 5 eller 6 tall fra en tallpool p\u00e5 49 eller 60, er dette annerledes n\u00e5r du spiller Keno. For det f\u00f8rste trekker de fleste Keno-spill 20 tall, men utvalget av mulige tall er ogs\u00e5 st\u00f8rre (vanligvis et sted mellom 70 og 90 tall). Men med 20 vinnertall trenger du bare \u00e5 matche 10 av dem for \u00e5 vinne en stor premie. Det betyr at de samlede oddsene n\u00e5r du spiller Keno p\u00e5 nettet er bedre sammenlignet med de fleste vanlige lotterier.<\/li>\n<\/ul>\n<h2>S\u00e5 hvordan spiller jeg Keno p\u00e5 nett?<\/h2>\n<p><strong>Alt du trenger \u00e5 gj\u00f8re for \u00e5 spille Keno p\u00e5 nett er \u00e5 f\u00f8lge trinnene nedenfor:<\/strong><\/p>\n<ul>\n<li>Klikk p\u00e5 en av Keno-bannerne p\u00e5 denne siden<\/li>\n<li>Velg hvor mange tall du \u00f8nsker \u00e5 spille<\/li>\n<li>Velg Multiplikator og sjekk prisen for billetten (juster multiplikatoren om n\u00f8dvendig)<\/li>\n<li>Velg tallene dine (eller bruk Quick Pick-funksjonen for \u00e5 generere tilfeldige tall)<\/li>\n<li>Legg til flere lodd for samme Keno-trekning hvis du \u00f8nsker det<\/li>\n<li>Bestem om du vil at loddet eller loddene dine skal delta i \u00e9n trekning eller flere trekninger<\/li>\n<li>Betal for loddene dine (du m\u00e5 opprette en ny konto p\u00e5 nettstedet v\u00e5rt hvis du enn\u00e5 ikke har en, eller logge inn p\u00e5 din eksisterende konto)<\/li>\n<\/ul>\n<h2>Bare noen f\u00e5 minutter f\u00f8r neste trekning kommer opp<\/h2>\n<p>De fleste Keno-lotterier har trekning med et par minutters mellomrom, s\u00e5 du trenger ikke vente lenge p\u00e5 \u00e5 finne ut om du har vunnet. Hver gang en Keno-trekning n\u00e6rmer seg mens du er p\u00e5 nettsiden v\u00e5r, vil et popup-vindu dukke opp, og kort tid etter det vil du se en video med en animasjon av trekningen. N\u00e5r popup-vinduet vises, b\u00f8r du fortsatt kunne kj\u00f8pe et lodd for \u00e5 spille i den kommende trekningen. Men selv om du g\u00e5r glipp av neste trekning, kan du alltid opprette et lodd til neste trekning, som bare er noen minutter unna!<\/p>\n<p>Keno-trekningene er virtuelle trekninger, der tallene genereres av en sertifisert Random Numbers Generator. P\u00e5 den m\u00e5ten kan du v\u00e6re sikker p\u00e5 at spillet alltid er rettferdig n\u00e5r du spiller Keno p\u00e5 nettet p\u00e5 v\u00e5r nettside.<\/p>\n<p>Dette er forresten ikke et offentlig lotteri, der du kan kj\u00f8pe lodd et sted p\u00e5 et<\/p>\n<p>lotterisalgssted. Derfor vil du ikke motta noen skannet kupong for Keno-spillene, i stedet mottar du bare en bekreftelse p\u00e5 spillerkontoen din.<\/p>\n","protected":false},"excerpt":{"rendered":"<p>Vet du ikke hvordan du spiller Keno p\u00e5 nett? S\u00e5 du vet hvordan et lotteri fungerer, men har aldri spilt Keno? La meg forklare hvordan du spiller Keno p\u00e5 nett. Det er ikke s\u00e5 vanskelig \u00e5 forst\u00e5, og plattformen v\u00e5r gj\u00f8r det enkelt \u00e5 lage en Keno-kupong. Forskjeller mellom et vanlig lotteri og Keno N\u00e5r [&hellip;]<\/p>\n","protected":false},"author":8,"featured_media":0,"parent":0,"menu_order":5,"comment_status":"closed","ping_status":"closed","template":"","meta":{"_et_pb_use_builder":"","_et_pb_old_content":"","_et_gb_content_width":"","exclude_from_search":false,"footnotes":""},"class_list":["post-84422","page","type-page","status-publish","hentry"],"yoast_head":"<!-- This site is optimized with the Yoast SEO plugin v23.8 - https:\/\/yoast.com\/wordpress\/plugins\/seo\/ -->\n<title>Hvordan spille Keno online | Regler og strategi for Keno online<\/title>\n<meta name=\"description\" content=\"Vil du vinne stort p\u00e5 Keno? Slik spiller du Keno p\u00e5 nett og vinner toppremier p\u00e5 opptil 10 millioner euro, med trekninger som aldri er mer enn noen f\u00e5 minutter unna\" \/>\n<meta name=\"robots\" content=\"index, follow, max-snippet:-1, max-image-preview:large, max-video-preview:-1\" \/>\n<link rel=\"canonical\" href=\"https:\/\/redfoxlotto.com\/no\/keno\/\" \/>\n<meta property=\"og:locale\" content=\"nb_NO\" \/>\n<meta property=\"og:type\" content=\"article\" \/>\n<meta property=\"og:title\" content=\"Hvordan spille Keno online | Regler og strategi for Keno online\" \/>\n<meta property=\"og:description\" content=\"Vil du vinne stort p\u00e5 Keno? Slik spiller du Keno p\u00e5 nett og vinner toppremier p\u00e5 opptil 10 millioner euro, med trekninger som aldri er mer enn noen f\u00e5 minutter unna\" \/>\n<meta property=\"og:url\" content=\"https:\/\/redfoxlotto.com\/no\/keno\/\" \/>\n<meta property=\"og:site_name\" content=\"Get Tickets for the World\u2019s largest jackpots\" \/>\n<meta property=\"article:modified_time\" content=\"2025-10-09T14:20:32+00:00\" \/>\n<meta property=\"og:image\" content=\"https:\/\/redfoxlotto.com\/wp-content\/uploads\/2025\/10\/3-scaled.png\" \/>\n<meta name=\"twitter:card\" content=\"summary_large_image\" \/>\n<meta name=\"twitter:label1\" content=\"Ansl. lesetid\" \/>\n\t<meta name=\"twitter:data1\" content=\"4 minutter\" \/>\n<script type=\"application\/ld+json\" class=\"yoast-schema-graph\">{\"@context\":\"https:\/\/schema.org\",\"@graph\":[{\"@type\":\"WebPage\",\"@id\":\"https:\/\/redfoxlotto.com\/no\/keno\/\",\"url\":\"https:\/\/redfoxlotto.com\/no\/keno\/\",\"name\":\"Hvordan spille Keno online | Regler og strategi for Keno online\",\"isPartOf\":{\"@id\":\"https:\/\/redfoxlotto.com\/no\/#website\"},\"primaryImageOfPage\":{\"@id\":\"https:\/\/redfoxlotto.com\/no\/keno\/#primaryimage\"},\"image\":{\"@id\":\"https:\/\/redfoxlotto.com\/no\/keno\/#primaryimage\"},\"thumbnailUrl\":\"https:\/\/redfoxlotto.com\/wp-content\/uploads\/2025\/10\/3-scaled.png\",\"datePublished\":\"2025-02-12T11:12:52+00:00\",\"dateModified\":\"2025-10-09T14:20:32+00:00\",\"description\":\"Vil du vinne stort p\u00e5 Keno? Slik spiller du Keno p\u00e5 nett og vinner toppremier p\u00e5 opptil 10 millioner euro, med trekninger som aldri er mer enn noen f\u00e5 minutter unna\",\"breadcrumb\":{\"@id\":\"https:\/\/redfoxlotto.com\/no\/keno\/#breadcrumb\"},\"inLanguage\":\"nb-NO\",\"potentialAction\":[{\"@type\":\"ReadAction\",\"target\":[\"https:\/\/redfoxlotto.com\/no\/keno\/\"]}]},{\"@type\":\"ImageObject\",\"inLanguage\":\"nb-NO\",\"@id\":\"https:\/\/redfoxlotto.com\/no\/keno\/#primaryimage\",\"url\":\"https:\/\/redfoxlotto.com\/wp-content\/uploads\/2025\/10\/3-scaled.png\",\"contentUrl\":\"https:\/\/redfoxlotto.com\/wp-content\/uploads\/2025\/10\/3-scaled.png\"},{\"@type\":\"BreadcrumbList\",\"@id\":\"https:\/\/redfoxlotto.com\/no\/keno\/#breadcrumb\",\"itemListElement\":[{\"@type\":\"ListItem\",\"position\":1,\"name\":\"Home\",\"item\":\"https:\/\/redfoxlotto.com\/no\/\"},{\"@type\":\"ListItem\",\"position\":2,\"name\":\"Keno\"}]},{\"@type\":\"WebSite\",\"@id\":\"https:\/\/redfoxlotto.com\/no\/#website\",\"url\":\"https:\/\/redfoxlotto.com\/no\/\",\"name\":\"Get Tickets for the World\u2019s largest jackpots\",\"description\":\"Participate in worldwide lottery jackpots from any country\",\"publisher\":{\"@id\":\"https:\/\/redfoxlotto.com\/no\/#organization\"},\"potentialAction\":[{\"@type\":\"SearchAction\",\"target\":{\"@type\":\"EntryPoint\",\"urlTemplate\":\"https:\/\/redfoxlotto.com\/no\/?s={search_term_string}\"},\"query-input\":{\"@type\":\"PropertyValueSpecification\",\"valueRequired\":true,\"valueName\":\"search_term_string\"}}],\"inLanguage\":\"nb-NO\"},{\"@type\":\"Organization\",\"@id\":\"https:\/\/redfoxlotto.com\/no\/#organization\",\"name\":\"Get Tickets for the World\u2019s largest jackpots\",\"url\":\"https:\/\/redfoxlotto.com\/no\/\",\"logo\":{\"@type\":\"ImageObject\",\"inLanguage\":\"nb-NO\",\"@id\":\"https:\/\/redfoxlotto.com\/no\/#\/schema\/logo\/image\/\",\"url\":\"https:\/\/redfoxlotto.com\/wp-content\/uploads\/2023\/04\/logo.png\",\"contentUrl\":\"https:\/\/redfoxlotto.com\/wp-content\/uploads\/2023\/04\/logo.png\",\"width\":269,\"height\":53,\"caption\":\"Get Tickets for the World\u2019s largest jackpots\"},\"image\":{\"@id\":\"https:\/\/redfoxlotto.com\/no\/#\/schema\/logo\/image\/\"}}]}<\/script>\n<!-- \/ Yoast SEO plugin. -->","yoast_head_json":{"title":"Hvordan spille Keno online | Regler og strategi for Keno online","description":"Vil du vinne stort p\u00e5 Keno? Slik spiller du Keno p\u00e5 nett og vinner toppremier p\u00e5 opptil 10 millioner euro, med trekninger som aldri er mer enn noen f\u00e5 minutter unna","robots":{"index":"index","follow":"follow","max-snippet":"max-snippet:-1","max-image-preview":"max-image-preview:large","max-video-preview":"max-video-preview:-1"},"canonical":"https:\/\/redfoxlotto.com\/no\/keno\/","og_locale":"nb_NO","og_type":"article","og_title":"Hvordan spille Keno online | Regler og strategi for Keno online","og_description":"Vil du vinne stort p\u00e5 Keno? Slik spiller du Keno p\u00e5 nett og vinner toppremier p\u00e5 opptil 10 millioner euro, med trekninger som aldri er mer enn noen f\u00e5 minutter unna","og_url":"https:\/\/redfoxlotto.com\/no\/keno\/","og_site_name":"Get Tickets for the World\u2019s largest jackpots","article_modified_time":"2025-10-09T14:20:32+00:00","og_image":[{"url":"https:\/\/redfoxlotto.com\/wp-content\/uploads\/2025\/10\/3-scaled.png"}],"twitter_card":"summary_large_image","twitter_misc":{"Ansl. lesetid":"4 minutter"},"schema":{"@context":"https:\/\/schema.org","@graph":[{"@type":"WebPage","@id":"https:\/\/redfoxlotto.com\/no\/keno\/","url":"https:\/\/redfoxlotto.com\/no\/keno\/","name":"Hvordan spille Keno online | Regler og strategi for Keno online","isPartOf":{"@id":"https:\/\/redfoxlotto.com\/no\/#website"},"primaryImageOfPage":{"@id":"https:\/\/redfoxlotto.com\/no\/keno\/#primaryimage"},"image":{"@id":"https:\/\/redfoxlotto.com\/no\/keno\/#primaryimage"},"thumbnailUrl":"https:\/\/redfoxlotto.com\/wp-content\/uploads\/2025\/10\/3-scaled.png","datePublished":"2025-02-12T11:12:52+00:00","dateModified":"2025-10-09T14:20:32+00:00","description":"Vil du vinne stort p\u00e5 Keno? Slik spiller du Keno p\u00e5 nett og vinner toppremier p\u00e5 opptil 10 millioner euro, med trekninger som aldri er mer enn noen f\u00e5 minutter unna","breadcrumb":{"@id":"https:\/\/redfoxlotto.com\/no\/keno\/#breadcrumb"},"inLanguage":"nb-NO","potentialAction":[{"@type":"ReadAction","target":["https:\/\/redfoxlotto.com\/no\/keno\/"]}]},{"@type":"ImageObject","inLanguage":"nb-NO","@id":"https:\/\/redfoxlotto.com\/no\/keno\/#primaryimage","url":"https:\/\/redfoxlotto.com\/wp-content\/uploads\/2025\/10\/3-scaled.png","contentUrl":"https:\/\/redfoxlotto.com\/wp-content\/uploads\/2025\/10\/3-scaled.png"},{"@type":"BreadcrumbList","@id":"https:\/\/redfoxlotto.com\/no\/keno\/#breadcrumb","itemListElement":[{"@type":"ListItem","position":1,"name":"Home","item":"https:\/\/redfoxlotto.com\/no\/"},{"@type":"ListItem","position":2,"name":"Keno"}]},{"@type":"WebSite","@id":"https:\/\/redfoxlotto.com\/no\/#website","url":"https:\/\/redfoxlotto.com\/no\/","name":"Get Tickets for the World\u2019s largest jackpots","description":"Participate in worldwide lottery jackpots from any country","publisher":{"@id":"https:\/\/redfoxlotto.com\/no\/#organization"},"potentialAction":[{"@type":"SearchAction","target":{"@type":"EntryPoint","urlTemplate":"https:\/\/redfoxlotto.com\/no\/?s={search_term_string}"},"query-input":{"@type":"PropertyValueSpecification","valueRequired":true,"valueName":"search_term_string"}}],"inLanguage":"nb-NO"},{"@type":"Organization","@id":"https:\/\/redfoxlotto.com\/no\/#organization","name":"Get Tickets for the World\u2019s largest jackpots","url":"https:\/\/redfoxlotto.com\/no\/","logo":{"@type":"ImageObject","inLanguage":"nb-NO","@id":"https:\/\/redfoxlotto.com\/no\/#\/schema\/logo\/image\/","url":"https:\/\/redfoxlotto.com\/wp-content\/uploads\/2023\/04\/logo.png","contentUrl":"https:\/\/redfoxlotto.com\/wp-content\/uploads\/2023\/04\/logo.png","width":269,"height":53,"caption":"Get Tickets for the World\u2019s largest jackpots"},"image":{"@id":"https:\/\/redfoxlotto.com\/no\/#\/schema\/logo\/image\/"}}]}},"_links":{"self":[{"href":"https:\/\/redfoxlotto.com\/no\/wp-json\/wp\/v2\/pages\/84422","targetHints":{"allow":["GET"]}}],"collection":[{"href":"https:\/\/redfoxlotto.com\/no\/wp-json\/wp\/v2\/pages"}],"about":[{"href":"https:\/\/redfoxlotto.com\/no\/wp-json\/wp\/v2\/types\/page"}],"author":[{"embeddable":true,"href":"https:\/\/redfoxlotto.com\/no\/wp-json\/wp\/v2\/users\/8"}],"replies":[{"embeddable":true,"href":"https:\/\/redfoxlotto.com\/no\/wp-json\/wp\/v2\/comments?post=84422"}],"version-history":[{"count":0,"href":"https:\/\/redfoxlotto.com\/no\/wp-json\/wp\/v2\/pages\/84422\/revisions"}],"wp:attachment":[{"href":"https:\/\/redfoxlotto.com\/no\/wp-json\/wp\/v2\/media?parent=84422"}],"curies":[{"name":"wp","href":"https:\/\/api.w.org\/{rel}","templated":true}]}}