{"id":73519,"date":"2023-04-24T17:52:16","date_gmt":"2023-04-24T17:52:16","guid":{"rendered":"https:\/\/redfoxlotto.org\/?page_id=73519"},"modified":"2024-10-04T02:01:33","modified_gmt":"2024-10-04T02:01:33","slug":"la-primitiva","status":"publish","type":"page","link":"https:\/\/redfoxlotto.com\/no\/spille\/la-primitiva\/","title":{"rendered":"Hvordan delta i La Primitiva"},"content":{"rendered":"<h2 class=\"wp-block-heading\">Spanias ukentlige lotteri La Primitiva<\/h2><p>La Primitiva er et spansk lotteri som ofte forveksles med El Gordo. De holdes begge av samme selskap. La Primitiva er det ukentlige spanske lotteriet med trekning hver torsdag og l\u00f8rdag. Du m\u00e5 velge 6 tall av 49 for \u00e5 fullf\u00f8re kupongen din.<\/p><p>\u00abReintegro&raquo;-nummeret gir deg en ny kupong til neste trekning. Det avgj\u00f8r ogs\u00e5 om du har vunnet f\u00f8rstepremien, som du trenger de 6 hovedtallene og \u00abReintegro\u00bb-nummeret for.<\/p><p>Det tallet velges automatisk n\u00e5r du kj\u00f8per en ny kupong. Hvis du skulle kj\u00f8pe et lodd p\u00e5 nettet (noe du bare kan gj\u00f8re fra Norge!), kan du velge R-nummeret ditt selv, men siden vi kj\u00f8per loddene v\u00e5re gjennom en lokal lotteriagent, kan ikke \u00abR\u00bb-nummeret velges manuelt p\u00e5 nettstedet v\u00e5rt. R-nummeret ditt vil imidlertid st\u00e5 p\u00e5 kupongen din.<\/p><p>\u00abC&raquo;-nummeret er et ekstra nummer som trekkes ut, for prisen p\u00e5 tredje niv\u00e5. Bare hvis du har 5 tall riktig, kommer \u00abC\u00bb -nummeret i spill. Hvis ditt 6. nummer samsvarer med \u00abC\u00bb -nummeret, du vinner en h\u00f8yere premie.<\/p><p>El Gordo, p\u00e5 den andre siden, er juleversjonen av det samme lotteriet. Dette lotteriet fungerer p\u00e5 en helt annen m\u00e5te, og det er bare \u00e9n trekning per \u00e5r.<\/p><p>Hvis du \u00f8nsker \u00e5 kj\u00f8pe en kupong til La Primitiva fra Norge, kan du gj\u00f8re det her p\u00e5 siden v\u00e5r. Bruk v\u00e5r generator for tilfeldige tall, eller velg tallene dine selv.<\/p><p>Etter at du har fullf\u00f8rt loddbestillingen din (du kan gjerne legge til lodd for andre lotterier ogs\u00e5), m\u00e5 du opprette en kundekonto hos oss og betale online. Ikke glem \u00e5 sjekke innboksen din for meldingen som inneholder en lenke for \u00e5 bekrefte registreringen din. Noter deg innloggingsdetaljene dine. Med disse innloggingsopplysningene kan du n\u00e5r som helst sjekke gevinstene dine.<\/p><p>Du kan selvf\u00f8lgelig alltid komme tilbake og spille flere lotterier. Vi foresl\u00e5r at du kommer tilbake med jevne mellomrom og tar en titt p\u00e5 de aktuelle jackpotst\u00f8rrelsene.<\/p>","protected":false},"excerpt":{"rendered":"<p>Spanias ukentlige lotteri La Primitiva La Primitiva er et spansk lotteri som ofte forveksles med El Gordo. De holdes begge av samme selskap. La Primitiva er det ukentlige spanske lotteriet med trekning hver torsdag og l\u00f8rdag. Du m\u00e5 velge 6 tall av 49 for \u00e5 fullf\u00f8re kupongen din. \u00abReintegro&raquo;-nummeret gir deg en ny kupong til [&hellip;]<\/p>\n","protected":false},"author":1,"featured_media":0,"parent":60108,"menu_order":7,"comment_status":"closed","ping_status":"closed","template":"la-primitiva.php","meta":{"_et_pb_use_builder":"","_et_pb_old_content":"","_et_gb_content_width":"","exclude_from_search":false,"footnotes":""},"class_list":["post-73519","page","type-page","status-publish","hentry"],"yoast_head":"<!-- This site is optimized with the Yoast SEO plugin v23.8 - https:\/\/yoast.com\/wordpress\/plugins\/seo\/ -->\n<title>Spill La Primitiva fra Norge<\/title>\n<meta name=\"description\" content=\"La oss vise deg hvordan du kan spille La Primitiva Lottery Spain fra Norge\" \/>\n<meta name=\"robots\" content=\"index, follow, max-snippet:-1, max-image-preview:large, max-video-preview:-1\" \/>\n<link rel=\"canonical\" href=\"https:\/\/redfoxlotto.com\/no\/spille\/la-primitiva\/\" \/>\n<meta property=\"og:locale\" content=\"nb_NO\" \/>\n<meta property=\"og:type\" content=\"article\" \/>\n<meta property=\"og:title\" content=\"Spill La Primitiva fra Norge\" \/>\n<meta property=\"og:description\" content=\"La oss vise deg hvordan du kan spille La Primitiva Lottery Spain fra Norge\" \/>\n<meta property=\"og:url\" content=\"https:\/\/redfoxlotto.com\/no\/spille\/la-primitiva\/\" \/>\n<meta property=\"og:site_name\" content=\"Get Tickets for the World\u2019s largest jackpots\" \/>\n<meta property=\"article:modified_time\" content=\"2024-10-04T02:01:33+00:00\" \/>\n<meta name=\"twitter:card\" content=\"summary_large_image\" \/>\n<meta name=\"twitter:label1\" content=\"Ansl. lesetid\" \/>\n\t<meta name=\"twitter:data1\" content=\"2 minutter\" \/>\n<script type=\"application\/ld+json\" class=\"yoast-schema-graph\">{\"@context\":\"https:\/\/schema.org\",\"@graph\":[{\"@type\":\"WebPage\",\"@id\":\"https:\/\/redfoxlotto.com\/no\/spille\/la-primitiva\/\",\"url\":\"https:\/\/redfoxlotto.com\/no\/spille\/la-primitiva\/\",\"name\":\"Spill La Primitiva fra Norge\",\"isPartOf\":{\"@id\":\"https:\/\/redfoxlotto.com\/no\/#website\"},\"datePublished\":\"2023-04-24T17:52:16+00:00\",\"dateModified\":\"2024-10-04T02:01:33+00:00\",\"description\":\"La oss vise deg hvordan du kan spille La Primitiva Lottery Spain fra Norge\",\"breadcrumb\":{\"@id\":\"https:\/\/redfoxlotto.com\/no\/spille\/la-primitiva\/#breadcrumb\"},\"inLanguage\":\"nb-NO\",\"potentialAction\":[{\"@type\":\"ReadAction\",\"target\":[\"https:\/\/redfoxlotto.com\/no\/spille\/la-primitiva\/\"]}]},{\"@type\":\"BreadcrumbList\",\"@id\":\"https:\/\/redfoxlotto.com\/no\/spille\/la-primitiva\/#breadcrumb\",\"itemListElement\":[{\"@type\":\"ListItem\",\"position\":1,\"name\":\"Home\",\"item\":\"https:\/\/redfoxlotto.com\/no\/\"},{\"@type\":\"ListItem\",\"position\":2,\"name\":\"Hvordan spille lotterier i andre land\",\"item\":\"https:\/\/redfoxlotto.com\/no\/spille\/\"},{\"@type\":\"ListItem\",\"position\":3,\"name\":\"Hvordan delta i La Primitiva\"}]},{\"@type\":\"WebSite\",\"@id\":\"https:\/\/redfoxlotto.com\/no\/#website\",\"url\":\"https:\/\/redfoxlotto.com\/no\/\",\"name\":\"Get Tickets for the World\u2019s largest jackpots\",\"description\":\"Participate in worldwide lottery jackpots from any country\",\"publisher\":{\"@id\":\"https:\/\/redfoxlotto.com\/no\/#organization\"},\"potentialAction\":[{\"@type\":\"SearchAction\",\"target\":{\"@type\":\"EntryPoint\",\"urlTemplate\":\"https:\/\/redfoxlotto.com\/no\/?s={search_term_string}\"},\"query-input\":{\"@type\":\"PropertyValueSpecification\",\"valueRequired\":true,\"valueName\":\"search_term_string\"}}],\"inLanguage\":\"nb-NO\"},{\"@type\":\"Organization\",\"@id\":\"https:\/\/redfoxlotto.com\/no\/#organization\",\"name\":\"Get Tickets for the World\u2019s largest jackpots\",\"url\":\"https:\/\/redfoxlotto.com\/no\/\",\"logo\":{\"@type\":\"ImageObject\",\"inLanguage\":\"nb-NO\",\"@id\":\"https:\/\/redfoxlotto.com\/no\/#\/schema\/logo\/image\/\",\"url\":\"https:\/\/redfoxlotto.com\/wp-content\/uploads\/2023\/04\/logo.png\",\"contentUrl\":\"https:\/\/redfoxlotto.com\/wp-content\/uploads\/2023\/04\/logo.png\",\"width\":269,\"height\":53,\"caption\":\"Get Tickets for the World\u2019s largest jackpots\"},\"image\":{\"@id\":\"https:\/\/redfoxlotto.com\/no\/#\/schema\/logo\/image\/\"}}]}<\/script>\n<!-- \/ Yoast SEO plugin. -->","yoast_head_json":{"title":"Spill La Primitiva fra Norge","description":"La oss vise deg hvordan du kan spille La Primitiva Lottery Spain fra Norge","robots":{"index":"index","follow":"follow","max-snippet":"max-snippet:-1","max-image-preview":"max-image-preview:large","max-video-preview":"max-video-preview:-1"},"canonical":"https:\/\/redfoxlotto.com\/no\/spille\/la-primitiva\/","og_locale":"nb_NO","og_type":"article","og_title":"Spill La Primitiva fra Norge","og_description":"La oss vise deg hvordan du kan spille La Primitiva Lottery Spain fra Norge","og_url":"https:\/\/redfoxlotto.com\/no\/spille\/la-primitiva\/","og_site_name":"Get Tickets for the World\u2019s largest jackpots","article_modified_time":"2024-10-04T02:01:33+00:00","twitter_card":"summary_large_image","twitter_misc":{"Ansl. lesetid":"2 minutter"},"schema":{"@context":"https:\/\/schema.org","@graph":[{"@type":"WebPage","@id":"https:\/\/redfoxlotto.com\/no\/spille\/la-primitiva\/","url":"https:\/\/redfoxlotto.com\/no\/spille\/la-primitiva\/","name":"Spill La Primitiva fra Norge","isPartOf":{"@id":"https:\/\/redfoxlotto.com\/no\/#website"},"datePublished":"2023-04-24T17:52:16+00:00","dateModified":"2024-10-04T02:01:33+00:00","description":"La oss vise deg hvordan du kan spille La Primitiva Lottery Spain fra Norge","breadcrumb":{"@id":"https:\/\/redfoxlotto.com\/no\/spille\/la-primitiva\/#breadcrumb"},"inLanguage":"nb-NO","potentialAction":[{"@type":"ReadAction","target":["https:\/\/redfoxlotto.com\/no\/spille\/la-primitiva\/"]}]},{"@type":"BreadcrumbList","@id":"https:\/\/redfoxlotto.com\/no\/spille\/la-primitiva\/#breadcrumb","itemListElement":[{"@type":"ListItem","position":1,"name":"Home","item":"https:\/\/redfoxlotto.com\/no\/"},{"@type":"ListItem","position":2,"name":"Hvordan spille lotterier i andre land","item":"https:\/\/redfoxlotto.com\/no\/spille\/"},{"@type":"ListItem","position":3,"name":"Hvordan delta i La Primitiva"}]},{"@type":"WebSite","@id":"https:\/\/redfoxlotto.com\/no\/#website","url":"https:\/\/redfoxlotto.com\/no\/","name":"Get Tickets for the World\u2019s largest jackpots","description":"Participate in worldwide lottery jackpots from any country","publisher":{"@id":"https:\/\/redfoxlotto.com\/no\/#organization"},"potentialAction":[{"@type":"SearchAction","target":{"@type":"EntryPoint","urlTemplate":"https:\/\/redfoxlotto.com\/no\/?s={search_term_string}"},"query-input":{"@type":"PropertyValueSpecification","valueRequired":true,"valueName":"search_term_string"}}],"inLanguage":"nb-NO"},{"@type":"Organization","@id":"https:\/\/redfoxlotto.com\/no\/#organization","name":"Get Tickets for the World\u2019s largest jackpots","url":"https:\/\/redfoxlotto.com\/no\/","logo":{"@type":"ImageObject","inLanguage":"nb-NO","@id":"https:\/\/redfoxlotto.com\/no\/#\/schema\/logo\/image\/","url":"https:\/\/redfoxlotto.com\/wp-content\/uploads\/2023\/04\/logo.png","contentUrl":"https:\/\/redfoxlotto.com\/wp-content\/uploads\/2023\/04\/logo.png","width":269,"height":53,"caption":"Get Tickets for the World\u2019s largest jackpots"},"image":{"@id":"https:\/\/redfoxlotto.com\/no\/#\/schema\/logo\/image\/"}}]}},"_links":{"self":[{"href":"https:\/\/redfoxlotto.com\/no\/wp-json\/wp\/v2\/pages\/73519","targetHints":{"allow":["GET"]}}],"collection":[{"href":"https:\/\/redfoxlotto.com\/no\/wp-json\/wp\/v2\/pages"}],"about":[{"href":"https:\/\/redfoxlotto.com\/no\/wp-json\/wp\/v2\/types\/page"}],"author":[{"embeddable":true,"href":"https:\/\/redfoxlotto.com\/no\/wp-json\/wp\/v2\/users\/1"}],"replies":[{"embeddable":true,"href":"https:\/\/redfoxlotto.com\/no\/wp-json\/wp\/v2\/comments?post=73519"}],"version-history":[{"count":0,"href":"https:\/\/redfoxlotto.com\/no\/wp-json\/wp\/v2\/pages\/73519\/revisions"}],"up":[{"embeddable":true,"href":"https:\/\/redfoxlotto.com\/no\/wp-json\/wp\/v2\/pages\/60108"}],"wp:attachment":[{"href":"https:\/\/redfoxlotto.com\/no\/wp-json\/wp\/v2\/media?parent=73519"}],"curies":[{"name":"wp","href":"https:\/\/api.w.org\/{rel}","templated":true}]}}