{"id":68317,"date":"2024-04-25T08:02:02","date_gmt":"2024-04-25T08:02:02","guid":{"rendered":"https:\/\/redfoxlotto.org\/?page_id=68317"},"modified":"2024-11-24T17:40:20","modified_gmt":"2024-11-24T17:40:20","slug":"purchase-success","status":"publish","type":"page","link":"https:\/\/redfoxlotto.com\/no\/purchase-success\/","title":{"rendered":"Suksess ved kj\u00f8p"},"content":{"rendered":"<p>Du har kj\u00f8pt loddet eller loddene dine!<\/p><p>Du kan se detaljene i bestillingen din p\u00e5 spillerkontoen din. Logg f\u00f8rst inn og klikk p\u00e5 \u00abMine lodd\u00bb.<\/p><p>V\u00e6r oppmerksom p\u00e5 at skanning og opplasting av loddet med tallene dine p\u00e5 kan ta litt tid. Skannede billetter blir lastet opp til spillerkontoen din, men ikke sendt til deg via e-post.<\/p><p>N\u00e5 er det bare \u00e5 vente p\u00e5 trekningen &#8211; vi krysser fingrene og h\u00e5per at du vinner.<\/p><p>Hvis loddet ditt vinner, vil du alltid f\u00e5 en e-postvarsling. Pass p\u00e5 at e-postene v\u00e5re ikke havner i \u00abSpam\u00bb- eller \u00abUkjent\u00bb-mappen din!\u00bb<\/p>","protected":false},"excerpt":{"rendered":"<p>Du har kj\u00f8pt loddet eller loddene dine! Du kan se detaljene i bestillingen din p\u00e5 spillerkontoen din. Logg f\u00f8rst inn og klikk p\u00e5 \u00abMine lodd\u00bb. V\u00e6r oppmerksom p\u00e5 at skanning og opplasting av loddet med tallene dine p\u00e5 kan ta litt tid. Skannede billetter blir lastet opp til spillerkontoen din, men ikke sendt til deg [&hellip;]<\/p>\n","protected":false},"author":1,"featured_media":0,"parent":0,"menu_order":19,"comment_status":"closed","ping_status":"closed","template":"wc_ThankYou.php","meta":{"_et_pb_use_builder":"","_et_pb_old_content":"","_et_gb_content_width":"","exclude_from_search":false,"footnotes":""},"class_list":["post-68317","page","type-page","status-publish","hentry"],"yoast_head":"<!-- This site is optimized with the Yoast SEO plugin v23.8 - https:\/\/yoast.com\/wordpress\/plugins\/seo\/ -->\n<title>Suksess ved kj\u00f8p<\/title>\n<meta name=\"robots\" content=\"index, follow, max-snippet:-1, max-image-preview:large, max-video-preview:-1\" \/>\n<link rel=\"canonical\" href=\"https:\/\/redfoxlotto.com\/no\/purchase-success\/\" \/>\n<meta property=\"og:locale\" content=\"nb_NO\" \/>\n<meta property=\"og:type\" content=\"article\" \/>\n<meta property=\"og:title\" content=\"Suksess ved kj\u00f8p\" \/>\n<meta property=\"og:description\" content=\"Du har kj\u00f8pt loddet eller loddene dine! Du kan se detaljene i bestillingen din p\u00e5 spillerkontoen din. Logg f\u00f8rst inn og klikk p\u00e5 \u00abMine lodd\u00bb. V\u00e6r oppmerksom p\u00e5 at skanning og opplasting av loddet med tallene dine p\u00e5 kan ta litt tid. Skannede billetter blir lastet opp til spillerkontoen din, men ikke sendt til deg [&hellip;]\" \/>\n<meta property=\"og:url\" content=\"https:\/\/redfoxlotto.com\/no\/purchase-success\/\" \/>\n<meta property=\"og:site_name\" content=\"Get Tickets for the World\u2019s largest jackpots\" \/>\n<meta property=\"article:modified_time\" content=\"2024-11-24T17:40:20+00:00\" \/>\n<meta name=\"twitter:card\" content=\"summary_large_image\" \/>\n<meta name=\"twitter:label1\" content=\"Ansl. lesetid\" \/>\n\t<meta name=\"twitter:data1\" content=\"1 minutt\" \/>\n<script type=\"application\/ld+json\" class=\"yoast-schema-graph\">{\"@context\":\"https:\/\/schema.org\",\"@graph\":[{\"@type\":\"WebPage\",\"@id\":\"https:\/\/redfoxlotto.com\/no\/purchase-success\/\",\"url\":\"https:\/\/redfoxlotto.com\/no\/purchase-success\/\",\"name\":\"Suksess ved kj\u00f8p\",\"isPartOf\":{\"@id\":\"https:\/\/redfoxlotto.com\/no\/#website\"},\"datePublished\":\"2024-04-25T08:02:02+00:00\",\"dateModified\":\"2024-11-24T17:40:20+00:00\",\"breadcrumb\":{\"@id\":\"https:\/\/redfoxlotto.com\/no\/purchase-success\/#breadcrumb\"},\"inLanguage\":\"nb-NO\",\"potentialAction\":[{\"@type\":\"ReadAction\",\"target\":[\"https:\/\/redfoxlotto.com\/no\/purchase-success\/\"]}]},{\"@type\":\"BreadcrumbList\",\"@id\":\"https:\/\/redfoxlotto.com\/no\/purchase-success\/#breadcrumb\",\"itemListElement\":[{\"@type\":\"ListItem\",\"position\":1,\"name\":\"Home\",\"item\":\"https:\/\/redfoxlotto.com\/no\/\"},{\"@type\":\"ListItem\",\"position\":2,\"name\":\"Suksess ved kj\u00f8p\"}]},{\"@type\":\"WebSite\",\"@id\":\"https:\/\/redfoxlotto.com\/no\/#website\",\"url\":\"https:\/\/redfoxlotto.com\/no\/\",\"name\":\"Get Tickets for the World\u2019s largest jackpots\",\"description\":\"Participate in worldwide lottery jackpots from any country\",\"publisher\":{\"@id\":\"https:\/\/redfoxlotto.com\/no\/#organization\"},\"potentialAction\":[{\"@type\":\"SearchAction\",\"target\":{\"@type\":\"EntryPoint\",\"urlTemplate\":\"https:\/\/redfoxlotto.com\/no\/?s={search_term_string}\"},\"query-input\":{\"@type\":\"PropertyValueSpecification\",\"valueRequired\":true,\"valueName\":\"search_term_string\"}}],\"inLanguage\":\"nb-NO\"},{\"@type\":\"Organization\",\"@id\":\"https:\/\/redfoxlotto.com\/no\/#organization\",\"name\":\"Get Tickets for the World\u2019s largest jackpots\",\"url\":\"https:\/\/redfoxlotto.com\/no\/\",\"logo\":{\"@type\":\"ImageObject\",\"inLanguage\":\"nb-NO\",\"@id\":\"https:\/\/redfoxlotto.com\/no\/#\/schema\/logo\/image\/\",\"url\":\"https:\/\/redfoxlotto.com\/wp-content\/uploads\/2023\/04\/logo.png\",\"contentUrl\":\"https:\/\/redfoxlotto.com\/wp-content\/uploads\/2023\/04\/logo.png\",\"width\":269,\"height\":53,\"caption\":\"Get Tickets for the World\u2019s largest jackpots\"},\"image\":{\"@id\":\"https:\/\/redfoxlotto.com\/no\/#\/schema\/logo\/image\/\"}}]}<\/script>\n<!-- \/ Yoast SEO plugin. -->","yoast_head_json":{"title":"Suksess ved kj\u00f8p","robots":{"index":"index","follow":"follow","max-snippet":"max-snippet:-1","max-image-preview":"max-image-preview:large","max-video-preview":"max-video-preview:-1"},"canonical":"https:\/\/redfoxlotto.com\/no\/purchase-success\/","og_locale":"nb_NO","og_type":"article","og_title":"Suksess ved kj\u00f8p","og_description":"Du har kj\u00f8pt loddet eller loddene dine! Du kan se detaljene i bestillingen din p\u00e5 spillerkontoen din. Logg f\u00f8rst inn og klikk p\u00e5 \u00abMine lodd\u00bb. V\u00e6r oppmerksom p\u00e5 at skanning og opplasting av loddet med tallene dine p\u00e5 kan ta litt tid. Skannede billetter blir lastet opp til spillerkontoen din, men ikke sendt til deg [&hellip;]","og_url":"https:\/\/redfoxlotto.com\/no\/purchase-success\/","og_site_name":"Get Tickets for the World\u2019s largest jackpots","article_modified_time":"2024-11-24T17:40:20+00:00","twitter_card":"summary_large_image","twitter_misc":{"Ansl. lesetid":"1 minutt"},"schema":{"@context":"https:\/\/schema.org","@graph":[{"@type":"WebPage","@id":"https:\/\/redfoxlotto.com\/no\/purchase-success\/","url":"https:\/\/redfoxlotto.com\/no\/purchase-success\/","name":"Suksess ved kj\u00f8p","isPartOf":{"@id":"https:\/\/redfoxlotto.com\/no\/#website"},"datePublished":"2024-04-25T08:02:02+00:00","dateModified":"2024-11-24T17:40:20+00:00","breadcrumb":{"@id":"https:\/\/redfoxlotto.com\/no\/purchase-success\/#breadcrumb"},"inLanguage":"nb-NO","potentialAction":[{"@type":"ReadAction","target":["https:\/\/redfoxlotto.com\/no\/purchase-success\/"]}]},{"@type":"BreadcrumbList","@id":"https:\/\/redfoxlotto.com\/no\/purchase-success\/#breadcrumb","itemListElement":[{"@type":"ListItem","position":1,"name":"Home","item":"https:\/\/redfoxlotto.com\/no\/"},{"@type":"ListItem","position":2,"name":"Suksess ved kj\u00f8p"}]},{"@type":"WebSite","@id":"https:\/\/redfoxlotto.com\/no\/#website","url":"https:\/\/redfoxlotto.com\/no\/","name":"Get Tickets for the World\u2019s largest jackpots","description":"Participate in worldwide lottery jackpots from any country","publisher":{"@id":"https:\/\/redfoxlotto.com\/no\/#organization"},"potentialAction":[{"@type":"SearchAction","target":{"@type":"EntryPoint","urlTemplate":"https:\/\/redfoxlotto.com\/no\/?s={search_term_string}"},"query-input":{"@type":"PropertyValueSpecification","valueRequired":true,"valueName":"search_term_string"}}],"inLanguage":"nb-NO"},{"@type":"Organization","@id":"https:\/\/redfoxlotto.com\/no\/#organization","name":"Get Tickets for the World\u2019s largest jackpots","url":"https:\/\/redfoxlotto.com\/no\/","logo":{"@type":"ImageObject","inLanguage":"nb-NO","@id":"https:\/\/redfoxlotto.com\/no\/#\/schema\/logo\/image\/","url":"https:\/\/redfoxlotto.com\/wp-content\/uploads\/2023\/04\/logo.png","contentUrl":"https:\/\/redfoxlotto.com\/wp-content\/uploads\/2023\/04\/logo.png","width":269,"height":53,"caption":"Get Tickets for the World\u2019s largest jackpots"},"image":{"@id":"https:\/\/redfoxlotto.com\/no\/#\/schema\/logo\/image\/"}}]}},"_links":{"self":[{"href":"https:\/\/redfoxlotto.com\/no\/wp-json\/wp\/v2\/pages\/68317","targetHints":{"allow":["GET"]}}],"collection":[{"href":"https:\/\/redfoxlotto.com\/no\/wp-json\/wp\/v2\/pages"}],"about":[{"href":"https:\/\/redfoxlotto.com\/no\/wp-json\/wp\/v2\/types\/page"}],"author":[{"embeddable":true,"href":"https:\/\/redfoxlotto.com\/no\/wp-json\/wp\/v2\/users\/1"}],"replies":[{"embeddable":true,"href":"https:\/\/redfoxlotto.com\/no\/wp-json\/wp\/v2\/comments?post=68317"}],"version-history":[{"count":0,"href":"https:\/\/redfoxlotto.com\/no\/wp-json\/wp\/v2\/pages\/68317\/revisions"}],"wp:attachment":[{"href":"https:\/\/redfoxlotto.com\/no\/wp-json\/wp\/v2\/media?parent=68317"}],"curies":[{"name":"wp","href":"https:\/\/api.w.org\/{rel}","templated":true}]}}