{"id":60983,"date":"2018-11-18T08:54:25","date_gmt":"2018-11-18T08:54:25","guid":{"rendered":"https:\/\/redfoxlotto.eu\/?page_id=60983"},"modified":"2024-10-04T01:47:14","modified_gmt":"2024-10-04T01:47:14","slug":"lotto-uk","status":"publish","type":"page","link":"https:\/\/redfoxlotto.com\/no\/resultater\/lotto-uk\/","title":{"rendered":"UK Lottery Resultater"},"content":{"rendered":"<p>Her er de n\u00e5v\u00e6rende resultatene av UK Lotto. I arkivet med trekningsresultater fra det britiske lotteriet kan du se de siste ukene og deres resultater.<\/p><p>Er du klar til \u00e5 spille det britiske lotteriet? Hvis du er det, vil du bli glad for \u00e5 vite at jackpotene kan v\u00e6re p\u00e5 flere millioner euro, og du kan ha en ganske god sjanse til \u00e5 vinne den jackpotten. Alt du trenger \u00e5 gj\u00f8re er \u00e5 bruke litt penger p\u00e5 \u00e5 kj\u00f8pe en kupong, og s\u00e5 har du sjansen. Du trenger ikke \u00e5 bo i Storbritannia eller i n\u00e6rheten for \u00e5 ha en sjanse. Du trenger bare \u00e5 sjekke ut en av de nettbaserte loddsidene for \u00e5 finne ut mer.<\/p><h2 class=\"wp-block-heading\">Alt om det britiske lotteriet<\/h2><p>N\u00e5r det gjelder det britiske lotteriet, skal du faktisk velge 6 forskjellige tall mellom 1 og 59. Du kan velge alle tallene, eller du kan velge et hurtigvalg hvis du \u00f8nsker at noen andre skal velge tallene for deg. En datamaskin vil nemlig velge tallene tilfeldig, og du kan bare lene deg tilbake og vente p\u00e5 \u00e5 se om tallene dine kommer opp. Hvis du bare matcher et par tall, er du p\u00e5 rask vei til \u00e5 vinne en premie. For \u00e5 vinne jackpotten m\u00e5 du imidlertid matche alle tallene.<\/p><p>Denne jackpotten har faktisk rimelig gode vinnersjanser, sammenlignet med andre spill du kanskje \u00f8nsker \u00e5 spille. Du har ogs\u00e5 muligheten til \u00e5 vinne flere forskjellige premier. Du kan vinne store premier, sm\u00e5 premier og en rekke av dem innimellom. Dette gj\u00f8r det enda mer sannsynlig at du vinner noe. Du kan ogs\u00e5 enkelt se hva vinnertallene er hvis du kj\u00f8per kupongen din via en online plattform. Alternativer som RedFoxLotto.com gj\u00f8r det superenkelt for deg.<\/p><h2 class=\"wp-block-heading\">Kj\u00f8pe p\u00e5 nettet<\/h2><p>Hvis du leter etter den mest praktiske m\u00e5ten \u00e5 kj\u00f8pe lodd p\u00e5, b\u00f8r du definitivt lete p\u00e5 nettet. Det er fordi online-tjenester kommer til \u00e5 gi deg alle de samme fordelene ved \u00e5 kj\u00f8pe direkte i en butikk, men uten \u00e5 m\u00e5tte forlate hjemmet ditt. For de som bor i regionen som selger disse loddene, er det bare morsommere og mer praktisk \u00e5 kj\u00f8pe p\u00e5 denne m\u00e5ten. Hvem vil vel forlate hjemmet sitt n\u00e5r de ikke trenger det? Men for de som ikke bor i det rette omr\u00e5det, er det enda st\u00f8rre grunner til \u00e5 kj\u00f8pe p\u00e5 nettet.<\/p><p>De som ikke bor i Storbritannia, kan kj\u00f8pe billetter helt og holdent p\u00e5 nettet uten \u00e5 m\u00e5tte bes\u00f8ke Storbritannia. Dette gj\u00f8r det enda enklere for deg \u00e5 spille. Du kunne jo tross alt ikke spille i det britiske lotteriet f\u00f8r det var tilgjengelig p\u00e5 nettet, ikke sant? Men n\u00e5r du tar en titt p\u00e5 alternativene n\u00e5, vil du kunne se hvor du kan kj\u00f8pe kupongen din, og du vil kunne v\u00e6re med i kampen om jackpotten. Det gir deg enda flere vinnersjanser enn du ville hatt hvis du bare gikk gjennom de vanlige alternativene.<\/p><h2 class=\"wp-block-heading\">Sjekke de britiske lotteriresultatene<\/h2><p>S\u00e5, hva gj\u00f8r du n\u00e5r det er p\u00e5 tide \u00e5 sjekke ut resultatene fra det britiske lotteriet? Du b\u00f8r ta en titt p\u00e5 en av de mange forskjellige nettstedene og tjenestene som gir deg resultatene. En av disse er avisen i ditt lokale omr\u00e5de. Dette fungerer selvf\u00f8lgelig bare hvis du bor i et omr\u00e5de der disse loddene vanligvis selges. Internasjonale lotteritall kommer ikke til \u00e5 bli lagt ut i avisene i andre land. Du kan ogs\u00e5 ta en titt p\u00e5 direktetrekninger hvis du bor i et omr\u00e5de der trekningene skjer p\u00e5 nettet eller p\u00e5 TV-en din, helt live.<\/p><p>Til slutt kan du ta en n\u00e6rmere titt p\u00e5 forskjellige nettbaserte tjenester som tilbyr lottotallene enten umiddelbart etter trekningen eller i det minste innen noen timer etter trekningen. Et av disse stedene er RedFoxLotto, som ogs\u00e5 er et sted hvor du kan kj\u00f8pe kuponger til de spillene du \u00f8nsker \u00e5 spille. Det som er veldig bra er at du vil kunne se vinnertallene dine sammenlignet med de faktiske vinnertallene, slik at du kan kreve premien din enda raskere.<\/p><p>Hvis du \u00f8nsker \u00e5 spille et lotteri p\u00e5 nett, kan du definitivt sjekke ut det britiske lotteriet, men du kan ogs\u00e5 sjekke ut et av de mange andre lotterispillene som er tilgjengelige over hele verden. Det er ingen grunn til at du skal m\u00e5tte lene deg tilbake og bare spille spillene som finnes i ditt land, n\u00e5r det finnes s\u00e5 mye der ute.<\/p>","protected":false},"excerpt":{"rendered":"<p>Her er de n\u00e5v\u00e6rende resultatene av UK Lotto. I arkivet med trekningsresultater fra det britiske lotteriet kan du se de siste ukene og deres resultater. Er du klar til \u00e5 spille det britiske lotteriet? Hvis du er det, vil du bli glad for \u00e5 vite at jackpotene kan v\u00e6re p\u00e5 flere millioner euro, og du [&hellip;]<\/p>\n","protected":false},"author":1,"featured_media":0,"parent":60582,"menu_order":9,"comment_status":"closed","ping_status":"closed","template":"lotto-uk-results.php","meta":{"_et_pb_use_builder":"","_et_pb_old_content":"","_et_gb_content_width":"","exclude_from_search":false,"footnotes":""},"class_list":["post-60983","page","type-page","status-publish","hentry"],"yoast_head":"<!-- This site is optimized with the Yoast SEO plugin v23.8 - https:\/\/yoast.com\/wordpress\/plugins\/seo\/ -->\n<title>Vinnertall og resultater for UK Lottery<\/title>\n<meta name=\"description\" content=\"Vi gir deg resultatene av UK Lottery, og et arkiv med tidligere vinnertall\" \/>\n<meta name=\"robots\" content=\"index, follow, max-snippet:-1, max-image-preview:large, max-video-preview:-1\" \/>\n<link rel=\"canonical\" href=\"https:\/\/redfoxlotto.com\/no\/resultater\/lotto-uk\/\" \/>\n<meta property=\"og:locale\" content=\"nb_NO\" \/>\n<meta property=\"og:type\" content=\"article\" \/>\n<meta property=\"og:title\" content=\"Vinnertall og resultater for UK Lottery\" \/>\n<meta property=\"og:description\" content=\"Vi gir deg resultatene av UK Lottery, og et arkiv med tidligere vinnertall\" \/>\n<meta property=\"og:url\" content=\"https:\/\/redfoxlotto.com\/no\/resultater\/lotto-uk\/\" \/>\n<meta property=\"og:site_name\" content=\"Get Tickets for the World\u2019s largest jackpots\" \/>\n<meta property=\"article:modified_time\" content=\"2024-10-04T01:47:14+00:00\" \/>\n<meta name=\"twitter:card\" content=\"summary_large_image\" \/>\n<meta name=\"twitter:label1\" content=\"Ansl. lesetid\" \/>\n\t<meta name=\"twitter:data1\" content=\"4 minutter\" \/>\n<script type=\"application\/ld+json\" class=\"yoast-schema-graph\">{\"@context\":\"https:\/\/schema.org\",\"@graph\":[{\"@type\":\"WebPage\",\"@id\":\"https:\/\/redfoxlotto.com\/no\/resultater\/lotto-uk\/\",\"url\":\"https:\/\/redfoxlotto.com\/no\/resultater\/lotto-uk\/\",\"name\":\"Vinnertall og resultater for UK Lottery\",\"isPartOf\":{\"@id\":\"https:\/\/redfoxlotto.com\/no\/#website\"},\"datePublished\":\"2018-11-18T08:54:25+00:00\",\"dateModified\":\"2024-10-04T01:47:14+00:00\",\"description\":\"Vi gir deg resultatene av UK Lottery, og et arkiv med tidligere vinnertall\",\"breadcrumb\":{\"@id\":\"https:\/\/redfoxlotto.com\/no\/resultater\/lotto-uk\/#breadcrumb\"},\"inLanguage\":\"nb-NO\",\"potentialAction\":[{\"@type\":\"ReadAction\",\"target\":[\"https:\/\/redfoxlotto.com\/no\/resultater\/lotto-uk\/\"]}]},{\"@type\":\"BreadcrumbList\",\"@id\":\"https:\/\/redfoxlotto.com\/no\/resultater\/lotto-uk\/#breadcrumb\",\"itemListElement\":[{\"@type\":\"ListItem\",\"position\":1,\"name\":\"Home\",\"item\":\"https:\/\/redfoxlotto.com\/no\/\"},{\"@type\":\"ListItem\",\"position\":2,\"name\":\"Internasjonale lotteriresultater\",\"item\":\"https:\/\/redfoxlotto.com\/no\/resultater\/\"},{\"@type\":\"ListItem\",\"position\":3,\"name\":\"UK Lottery Resultater\"}]},{\"@type\":\"WebSite\",\"@id\":\"https:\/\/redfoxlotto.com\/no\/#website\",\"url\":\"https:\/\/redfoxlotto.com\/no\/\",\"name\":\"Get Tickets for the World\u2019s largest jackpots\",\"description\":\"Participate in worldwide lottery jackpots from any country\",\"publisher\":{\"@id\":\"https:\/\/redfoxlotto.com\/no\/#organization\"},\"potentialAction\":[{\"@type\":\"SearchAction\",\"target\":{\"@type\":\"EntryPoint\",\"urlTemplate\":\"https:\/\/redfoxlotto.com\/no\/?s={search_term_string}\"},\"query-input\":{\"@type\":\"PropertyValueSpecification\",\"valueRequired\":true,\"valueName\":\"search_term_string\"}}],\"inLanguage\":\"nb-NO\"},{\"@type\":\"Organization\",\"@id\":\"https:\/\/redfoxlotto.com\/no\/#organization\",\"name\":\"Get Tickets for the World\u2019s largest jackpots\",\"url\":\"https:\/\/redfoxlotto.com\/no\/\",\"logo\":{\"@type\":\"ImageObject\",\"inLanguage\":\"nb-NO\",\"@id\":\"https:\/\/redfoxlotto.com\/no\/#\/schema\/logo\/image\/\",\"url\":\"https:\/\/redfoxlotto.com\/wp-content\/uploads\/2023\/04\/logo.png\",\"contentUrl\":\"https:\/\/redfoxlotto.com\/wp-content\/uploads\/2023\/04\/logo.png\",\"width\":269,\"height\":53,\"caption\":\"Get Tickets for the World\u2019s largest jackpots\"},\"image\":{\"@id\":\"https:\/\/redfoxlotto.com\/no\/#\/schema\/logo\/image\/\"}}]}<\/script>\n<!-- \/ Yoast SEO plugin. -->","yoast_head_json":{"title":"Vinnertall og resultater for UK Lottery","description":"Vi gir deg resultatene av UK Lottery, og et arkiv med tidligere vinnertall","robots":{"index":"index","follow":"follow","max-snippet":"max-snippet:-1","max-image-preview":"max-image-preview:large","max-video-preview":"max-video-preview:-1"},"canonical":"https:\/\/redfoxlotto.com\/no\/resultater\/lotto-uk\/","og_locale":"nb_NO","og_type":"article","og_title":"Vinnertall og resultater for UK Lottery","og_description":"Vi gir deg resultatene av UK Lottery, og et arkiv med tidligere vinnertall","og_url":"https:\/\/redfoxlotto.com\/no\/resultater\/lotto-uk\/","og_site_name":"Get Tickets for the World\u2019s largest jackpots","article_modified_time":"2024-10-04T01:47:14+00:00","twitter_card":"summary_large_image","twitter_misc":{"Ansl. lesetid":"4 minutter"},"schema":{"@context":"https:\/\/schema.org","@graph":[{"@type":"WebPage","@id":"https:\/\/redfoxlotto.com\/no\/resultater\/lotto-uk\/","url":"https:\/\/redfoxlotto.com\/no\/resultater\/lotto-uk\/","name":"Vinnertall og resultater for UK Lottery","isPartOf":{"@id":"https:\/\/redfoxlotto.com\/no\/#website"},"datePublished":"2018-11-18T08:54:25+00:00","dateModified":"2024-10-04T01:47:14+00:00","description":"Vi gir deg resultatene av UK Lottery, og et arkiv med tidligere vinnertall","breadcrumb":{"@id":"https:\/\/redfoxlotto.com\/no\/resultater\/lotto-uk\/#breadcrumb"},"inLanguage":"nb-NO","potentialAction":[{"@type":"ReadAction","target":["https:\/\/redfoxlotto.com\/no\/resultater\/lotto-uk\/"]}]},{"@type":"BreadcrumbList","@id":"https:\/\/redfoxlotto.com\/no\/resultater\/lotto-uk\/#breadcrumb","itemListElement":[{"@type":"ListItem","position":1,"name":"Home","item":"https:\/\/redfoxlotto.com\/no\/"},{"@type":"ListItem","position":2,"name":"Internasjonale lotteriresultater","item":"https:\/\/redfoxlotto.com\/no\/resultater\/"},{"@type":"ListItem","position":3,"name":"UK Lottery Resultater"}]},{"@type":"WebSite","@id":"https:\/\/redfoxlotto.com\/no\/#website","url":"https:\/\/redfoxlotto.com\/no\/","name":"Get Tickets for the World\u2019s largest jackpots","description":"Participate in worldwide lottery jackpots from any country","publisher":{"@id":"https:\/\/redfoxlotto.com\/no\/#organization"},"potentialAction":[{"@type":"SearchAction","target":{"@type":"EntryPoint","urlTemplate":"https:\/\/redfoxlotto.com\/no\/?s={search_term_string}"},"query-input":{"@type":"PropertyValueSpecification","valueRequired":true,"valueName":"search_term_string"}}],"inLanguage":"nb-NO"},{"@type":"Organization","@id":"https:\/\/redfoxlotto.com\/no\/#organization","name":"Get Tickets for the World\u2019s largest jackpots","url":"https:\/\/redfoxlotto.com\/no\/","logo":{"@type":"ImageObject","inLanguage":"nb-NO","@id":"https:\/\/redfoxlotto.com\/no\/#\/schema\/logo\/image\/","url":"https:\/\/redfoxlotto.com\/wp-content\/uploads\/2023\/04\/logo.png","contentUrl":"https:\/\/redfoxlotto.com\/wp-content\/uploads\/2023\/04\/logo.png","width":269,"height":53,"caption":"Get Tickets for the World\u2019s largest jackpots"},"image":{"@id":"https:\/\/redfoxlotto.com\/no\/#\/schema\/logo\/image\/"}}]}},"_links":{"self":[{"href":"https:\/\/redfoxlotto.com\/no\/wp-json\/wp\/v2\/pages\/60983","targetHints":{"allow":["GET"]}}],"collection":[{"href":"https:\/\/redfoxlotto.com\/no\/wp-json\/wp\/v2\/pages"}],"about":[{"href":"https:\/\/redfoxlotto.com\/no\/wp-json\/wp\/v2\/types\/page"}],"author":[{"embeddable":true,"href":"https:\/\/redfoxlotto.com\/no\/wp-json\/wp\/v2\/users\/1"}],"replies":[{"embeddable":true,"href":"https:\/\/redfoxlotto.com\/no\/wp-json\/wp\/v2\/comments?post=60983"}],"version-history":[{"count":0,"href":"https:\/\/redfoxlotto.com\/no\/wp-json\/wp\/v2\/pages\/60983\/revisions"}],"up":[{"embeddable":true,"href":"https:\/\/redfoxlotto.com\/no\/wp-json\/wp\/v2\/pages\/60582"}],"wp:attachment":[{"href":"https:\/\/redfoxlotto.com\/no\/wp-json\/wp\/v2\/media?parent=60983"}],"curies":[{"name":"wp","href":"https:\/\/api.w.org\/{rel}","templated":true}]}}