{"id":60881,"date":"2020-04-16T13:14:59","date_gmt":"2020-04-16T13:14:59","guid":{"rendered":"https:\/\/redfoxlotto.eu\/?page_id=60881"},"modified":"2023-06-01T08:22:01","modified_gmt":"2023-06-01T08:22:01","slug":"lotto-fr","status":"publish","type":"page","link":"https:\/\/redfoxlotto.com\/no\/resultater\/lotto-fr\/","title":{"rendered":"Resultater fra det franske lotteriet"},"content":{"rendered":"<p>Har du begynt \u00e5 spille lotto p\u00e5 nettet, og n\u00e5 vil du v\u00e6re sikker p\u00e5 at du f\u00e5r vinnertallene s\u00e5 enkelt som mulig? Vi skal ta en titt p\u00e5 de franske lotteriresultatene og hva de kan bety for deg.<\/p>\n<p><img loading=\"lazy\" decoding=\"async\" class=\" wp-image alignright\" src=\"https:\/\/content.redfoxlotto.com\/uploads\/sites\/9\/1_winning_online_lottery.jpg\" alt=\"Lotto Frankrike\" width=\"160\" height=\"160\" \/><\/p>\n<p>N\u00e5r alt kommer til alt, hvis du spiller disse lottospillene, vil du s\u00f8rge for at du f\u00e5r vite resultatene s\u00e5 snart de er tilgjengelige, ikke sant? Vel, det er enklere enn noensinne for deg \u00e5 gj\u00f8re nettopp det.<\/p>\n<h2>Finne de franske lotteriresultatene<\/h2>\n<p>Det f\u00f8rste du trenger \u00e5 vite n\u00e5r du leter etter lotteriresultater p\u00e5 nettet, er hvor du finner de offisielle resultatene. Det er alle slags nettsteder du kan ta en titt p\u00e5 for \u00e5 finne ut mer informasjon, men det beste stedet \u00e5 g\u00e5 er der du kj\u00f8pte billetten eller det offisielle nettstedet til lotteriet du spiller. For det franske lotteriet kommer du til \u00e5 finne en rekke forskjellige alternativer og steder, s\u00e5 s\u00f8rg for at du leter i ett av disse to omr\u00e5dene, eller at du dobbeltsjekker tallene p\u00e5 forskjellige steder.<\/p>\n<h2>Forst\u00e5 premieniv\u00e5ene<\/h2>\n<p>N\u00e5r du har funnet vinnertallene, er det lurt \u00e5 se n\u00e6rmere p\u00e5 ting som listen over premieniv\u00e5er og hvilke tall du faktisk har f\u00e5tt riktig. Tross alt ligner den franske lotto p\u00e5 en rekke andre lotterispill over hele verden. Du m\u00e5 f\u00e5 alle tallene, som i dette tilfellet er fem baller pluss bonusen, samtidig. Det kommer til \u00e5 bli vanskelig, men det kommer definitivt ikke til \u00e5 bli umulig (folk vinner i lotto hele tiden, ikke sant?). Hvis du treffer riktig p\u00e5 alle tallene og velger bonuskulen riktig, vinner du jackpotten, som stadig \u00f8ker.<\/p>\n<p>Hvis du bare f\u00e5r noen f\u00e5 tall riktig (s\u00e5 f\u00e5 som ett hvis du f\u00e5r bonusen), vinner du faktisk en premie. Du vinner ikke mye hvis du bare f\u00e5r bonusen, eller til og med hvis du f\u00e5r \u00e9n eller to av kulene. Men hvis du klarer \u00e5 f\u00e5 fire av dem, f\u00e5r du ganske mye, og hvis du klarer \u00e5 f\u00e5 minst fire med bonuskulen, kommer du virkelig til \u00e5 gj\u00f8re det bra. Hvis du bare f\u00e5r fire av kulene riktig med bonusen, vil du faktisk f\u00e5 en h\u00f8yere utbetaling enn hvis du f\u00e5r fem riktige uten bonusen.<\/p>\n<h2>Spille favorittspillene dine<\/h2>\n<p>Hvis du \u00f8nsker \u00e5 finne de franske lotteriresultatene, er det viktigste \u00e5 lete p\u00e5 de riktige stedene. Resultatene trekkes hver mandag, onsdag og l\u00f8rdag, noe som betyr at du kommer til<\/p>\n<p><img decoding=\"async\" class=\" wp-image alignright\" src=\"https:\/\/content.redfoxlotto.com\/uploads\/sites\/9\/1_lotto_money_win.jpg\" alt=\"resultater\" \/><\/p>\n<p>\u00e5 ha mange muligheter til \u00e5 vinne, og jackpotten fortsetter \u00e5 vokse hver eneste dag, s\u00e5 hvis du ikke vinner den i dag, kan du v\u00e6re en stor vinner om bare noen f\u00e5 dager!<\/p>\n","protected":false},"excerpt":{"rendered":"<p>Har du begynt \u00e5 spille lotto p\u00e5 nettet, og n\u00e5 vil du v\u00e6re sikker p\u00e5 at du f\u00e5r vinnertallene s\u00e5 enkelt som mulig? Vi skal ta en titt p\u00e5 de franske lotteriresultatene og hva de kan bety for deg. N\u00e5r alt kommer til alt, hvis du spiller disse lottospillene, vil du s\u00f8rge for at du [&hellip;]<\/p>\n","protected":false},"author":1,"featured_media":0,"parent":60582,"menu_order":32,"comment_status":"closed","ping_status":"closed","template":"lotto-fr-results.php","meta":{"_et_pb_use_builder":"","_et_pb_old_content":"","_et_gb_content_width":"","exclude_from_search":false,"footnotes":""},"class_list":["post-60881","page","type-page","status-publish","hentry"],"yoast_head":"<!-- This site is optimized with the Yoast SEO plugin v23.8 - https:\/\/yoast.com\/wordpress\/plugins\/seo\/ -->\n<title>Finne dine franske lotteriresultater<\/title>\n<meta name=\"description\" content=\"Det er enkelt og greit \u00e5 finne de franske lotteriresultatene fordi alt du trenger \u00e5 gj\u00f8re er \u00e5 sjekke dem ut her\" \/>\n<meta name=\"robots\" content=\"index, follow, max-snippet:-1, max-image-preview:large, max-video-preview:-1\" \/>\n<link rel=\"canonical\" href=\"https:\/\/redfoxlotto.com\/no\/resultater\/lotto-fr\/\" \/>\n<meta property=\"og:locale\" content=\"nb_NO\" \/>\n<meta property=\"og:type\" content=\"article\" \/>\n<meta property=\"og:title\" content=\"Finne dine franske lotteriresultater\" \/>\n<meta property=\"og:description\" content=\"Det er enkelt og greit \u00e5 finne de franske lotteriresultatene fordi alt du trenger \u00e5 gj\u00f8re er \u00e5 sjekke dem ut her\" \/>\n<meta property=\"og:url\" content=\"https:\/\/redfoxlotto.com\/no\/resultater\/lotto-fr\/\" \/>\n<meta property=\"og:site_name\" content=\"Get Tickets for the World\u2019s largest jackpots\" \/>\n<meta property=\"article:modified_time\" content=\"2023-06-01T08:22:01+00:00\" \/>\n<meta property=\"og:image\" content=\"https:\/\/content.redfoxlotto.com\/uploads\/sites\/9\/1_winning_online_lottery.jpg\" \/>\n<meta name=\"twitter:card\" content=\"summary_large_image\" \/>\n<meta name=\"twitter:label1\" content=\"Ansl. lesetid\" \/>\n\t<meta name=\"twitter:data1\" content=\"3 minutter\" \/>\n<script type=\"application\/ld+json\" class=\"yoast-schema-graph\">{\"@context\":\"https:\/\/schema.org\",\"@graph\":[{\"@type\":\"WebPage\",\"@id\":\"https:\/\/redfoxlotto.com\/no\/resultater\/lotto-fr\/\",\"url\":\"https:\/\/redfoxlotto.com\/no\/resultater\/lotto-fr\/\",\"name\":\"Finne dine franske lotteriresultater\",\"isPartOf\":{\"@id\":\"https:\/\/redfoxlotto.com\/no\/#website\"},\"primaryImageOfPage\":{\"@id\":\"https:\/\/redfoxlotto.com\/no\/resultater\/lotto-fr\/#primaryimage\"},\"image\":{\"@id\":\"https:\/\/redfoxlotto.com\/no\/resultater\/lotto-fr\/#primaryimage\"},\"thumbnailUrl\":\"https:\/\/content.redfoxlotto.com\/uploads\/sites\/9\/1_winning_online_lottery.jpg\",\"datePublished\":\"2020-04-16T13:14:59+00:00\",\"dateModified\":\"2023-06-01T08:22:01+00:00\",\"description\":\"Det er enkelt og greit \u00e5 finne de franske lotteriresultatene fordi alt du trenger \u00e5 gj\u00f8re er \u00e5 sjekke dem ut her\",\"breadcrumb\":{\"@id\":\"https:\/\/redfoxlotto.com\/no\/resultater\/lotto-fr\/#breadcrumb\"},\"inLanguage\":\"nb-NO\",\"potentialAction\":[{\"@type\":\"ReadAction\",\"target\":[\"https:\/\/redfoxlotto.com\/no\/resultater\/lotto-fr\/\"]}]},{\"@type\":\"ImageObject\",\"inLanguage\":\"nb-NO\",\"@id\":\"https:\/\/redfoxlotto.com\/no\/resultater\/lotto-fr\/#primaryimage\",\"url\":\"https:\/\/content.redfoxlotto.com\/uploads\/sites\/9\/1_winning_online_lottery.jpg\",\"contentUrl\":\"https:\/\/content.redfoxlotto.com\/uploads\/sites\/9\/1_winning_online_lottery.jpg\"},{\"@type\":\"BreadcrumbList\",\"@id\":\"https:\/\/redfoxlotto.com\/no\/resultater\/lotto-fr\/#breadcrumb\",\"itemListElement\":[{\"@type\":\"ListItem\",\"position\":1,\"name\":\"Home\",\"item\":\"https:\/\/redfoxlotto.com\/no\/\"},{\"@type\":\"ListItem\",\"position\":2,\"name\":\"Internasjonale lotteriresultater\",\"item\":\"https:\/\/redfoxlotto.com\/no\/resultater\/\"},{\"@type\":\"ListItem\",\"position\":3,\"name\":\"Resultater fra det franske lotteriet\"}]},{\"@type\":\"WebSite\",\"@id\":\"https:\/\/redfoxlotto.com\/no\/#website\",\"url\":\"https:\/\/redfoxlotto.com\/no\/\",\"name\":\"Get Tickets for the World\u2019s largest jackpots\",\"description\":\"Participate in worldwide lottery jackpots from any country\",\"publisher\":{\"@id\":\"https:\/\/redfoxlotto.com\/no\/#organization\"},\"potentialAction\":[{\"@type\":\"SearchAction\",\"target\":{\"@type\":\"EntryPoint\",\"urlTemplate\":\"https:\/\/redfoxlotto.com\/no\/?s={search_term_string}\"},\"query-input\":{\"@type\":\"PropertyValueSpecification\",\"valueRequired\":true,\"valueName\":\"search_term_string\"}}],\"inLanguage\":\"nb-NO\"},{\"@type\":\"Organization\",\"@id\":\"https:\/\/redfoxlotto.com\/no\/#organization\",\"name\":\"Get Tickets for the World\u2019s largest jackpots\",\"url\":\"https:\/\/redfoxlotto.com\/no\/\",\"logo\":{\"@type\":\"ImageObject\",\"inLanguage\":\"nb-NO\",\"@id\":\"https:\/\/redfoxlotto.com\/no\/#\/schema\/logo\/image\/\",\"url\":\"https:\/\/redfoxlotto.com\/wp-content\/uploads\/2023\/04\/logo.png\",\"contentUrl\":\"https:\/\/redfoxlotto.com\/wp-content\/uploads\/2023\/04\/logo.png\",\"width\":269,\"height\":53,\"caption\":\"Get Tickets for the World\u2019s largest jackpots\"},\"image\":{\"@id\":\"https:\/\/redfoxlotto.com\/no\/#\/schema\/logo\/image\/\"}}]}<\/script>\n<!-- \/ Yoast SEO plugin. -->","yoast_head_json":{"title":"Finne dine franske lotteriresultater","description":"Det er enkelt og greit \u00e5 finne de franske lotteriresultatene fordi alt du trenger \u00e5 gj\u00f8re er \u00e5 sjekke dem ut her","robots":{"index":"index","follow":"follow","max-snippet":"max-snippet:-1","max-image-preview":"max-image-preview:large","max-video-preview":"max-video-preview:-1"},"canonical":"https:\/\/redfoxlotto.com\/no\/resultater\/lotto-fr\/","og_locale":"nb_NO","og_type":"article","og_title":"Finne dine franske lotteriresultater","og_description":"Det er enkelt og greit \u00e5 finne de franske lotteriresultatene fordi alt du trenger \u00e5 gj\u00f8re er \u00e5 sjekke dem ut her","og_url":"https:\/\/redfoxlotto.com\/no\/resultater\/lotto-fr\/","og_site_name":"Get Tickets for the World\u2019s largest jackpots","article_modified_time":"2023-06-01T08:22:01+00:00","og_image":[{"url":"https:\/\/content.redfoxlotto.com\/uploads\/sites\/9\/1_winning_online_lottery.jpg"}],"twitter_card":"summary_large_image","twitter_misc":{"Ansl. lesetid":"3 minutter"},"schema":{"@context":"https:\/\/schema.org","@graph":[{"@type":"WebPage","@id":"https:\/\/redfoxlotto.com\/no\/resultater\/lotto-fr\/","url":"https:\/\/redfoxlotto.com\/no\/resultater\/lotto-fr\/","name":"Finne dine franske lotteriresultater","isPartOf":{"@id":"https:\/\/redfoxlotto.com\/no\/#website"},"primaryImageOfPage":{"@id":"https:\/\/redfoxlotto.com\/no\/resultater\/lotto-fr\/#primaryimage"},"image":{"@id":"https:\/\/redfoxlotto.com\/no\/resultater\/lotto-fr\/#primaryimage"},"thumbnailUrl":"https:\/\/content.redfoxlotto.com\/uploads\/sites\/9\/1_winning_online_lottery.jpg","datePublished":"2020-04-16T13:14:59+00:00","dateModified":"2023-06-01T08:22:01+00:00","description":"Det er enkelt og greit \u00e5 finne de franske lotteriresultatene fordi alt du trenger \u00e5 gj\u00f8re er \u00e5 sjekke dem ut her","breadcrumb":{"@id":"https:\/\/redfoxlotto.com\/no\/resultater\/lotto-fr\/#breadcrumb"},"inLanguage":"nb-NO","potentialAction":[{"@type":"ReadAction","target":["https:\/\/redfoxlotto.com\/no\/resultater\/lotto-fr\/"]}]},{"@type":"ImageObject","inLanguage":"nb-NO","@id":"https:\/\/redfoxlotto.com\/no\/resultater\/lotto-fr\/#primaryimage","url":"https:\/\/content.redfoxlotto.com\/uploads\/sites\/9\/1_winning_online_lottery.jpg","contentUrl":"https:\/\/content.redfoxlotto.com\/uploads\/sites\/9\/1_winning_online_lottery.jpg"},{"@type":"BreadcrumbList","@id":"https:\/\/redfoxlotto.com\/no\/resultater\/lotto-fr\/#breadcrumb","itemListElement":[{"@type":"ListItem","position":1,"name":"Home","item":"https:\/\/redfoxlotto.com\/no\/"},{"@type":"ListItem","position":2,"name":"Internasjonale lotteriresultater","item":"https:\/\/redfoxlotto.com\/no\/resultater\/"},{"@type":"ListItem","position":3,"name":"Resultater fra det franske lotteriet"}]},{"@type":"WebSite","@id":"https:\/\/redfoxlotto.com\/no\/#website","url":"https:\/\/redfoxlotto.com\/no\/","name":"Get Tickets for the World\u2019s largest jackpots","description":"Participate in worldwide lottery jackpots from any country","publisher":{"@id":"https:\/\/redfoxlotto.com\/no\/#organization"},"potentialAction":[{"@type":"SearchAction","target":{"@type":"EntryPoint","urlTemplate":"https:\/\/redfoxlotto.com\/no\/?s={search_term_string}"},"query-input":{"@type":"PropertyValueSpecification","valueRequired":true,"valueName":"search_term_string"}}],"inLanguage":"nb-NO"},{"@type":"Organization","@id":"https:\/\/redfoxlotto.com\/no\/#organization","name":"Get Tickets for the World\u2019s largest jackpots","url":"https:\/\/redfoxlotto.com\/no\/","logo":{"@type":"ImageObject","inLanguage":"nb-NO","@id":"https:\/\/redfoxlotto.com\/no\/#\/schema\/logo\/image\/","url":"https:\/\/redfoxlotto.com\/wp-content\/uploads\/2023\/04\/logo.png","contentUrl":"https:\/\/redfoxlotto.com\/wp-content\/uploads\/2023\/04\/logo.png","width":269,"height":53,"caption":"Get Tickets for the World\u2019s largest jackpots"},"image":{"@id":"https:\/\/redfoxlotto.com\/no\/#\/schema\/logo\/image\/"}}]}},"_links":{"self":[{"href":"https:\/\/redfoxlotto.com\/no\/wp-json\/wp\/v2\/pages\/60881","targetHints":{"allow":["GET"]}}],"collection":[{"href":"https:\/\/redfoxlotto.com\/no\/wp-json\/wp\/v2\/pages"}],"about":[{"href":"https:\/\/redfoxlotto.com\/no\/wp-json\/wp\/v2\/types\/page"}],"author":[{"embeddable":true,"href":"https:\/\/redfoxlotto.com\/no\/wp-json\/wp\/v2\/users\/1"}],"replies":[{"embeddable":true,"href":"https:\/\/redfoxlotto.com\/no\/wp-json\/wp\/v2\/comments?post=60881"}],"version-history":[{"count":0,"href":"https:\/\/redfoxlotto.com\/no\/wp-json\/wp\/v2\/pages\/60881\/revisions"}],"up":[{"embeddable":true,"href":"https:\/\/redfoxlotto.com\/no\/wp-json\/wp\/v2\/pages\/60582"}],"wp:attachment":[{"href":"https:\/\/redfoxlotto.com\/no\/wp-json\/wp\/v2\/media?parent=60881"}],"curies":[{"name":"wp","href":"https:\/\/api.w.org\/{rel}","templated":true}]}}